{"id":190508,"date":"2025-01-17T13:31:03","date_gmt":"2025-01-17T12:31:03","guid":{"rendered":"https:\/\/www.eliassen.nl\/product\/metallwindmuehle-blume-klein-und-gross-205cm\/"},"modified":"2026-01-16T15:39:04","modified_gmt":"2026-01-16T14:39:04","slug":"metallwindmuehle-blume-klein-und-gross-205cm","status":"publish","type":"product","link":"https:\/\/www.eliassen.nl\/de\/metallwindmuehle-blume-klein-und-gross-205cm\/","title":{"rendered":"Metallwindm\u00fchle Blume klein und gro\u00df 205cm"},"content":{"rendered":"<p>W\u00fcnschen Sie sich mehr Bewegung und Fr\u00f6hlichkeit in Ihrem Garten? Dann bringen Sie Ihren Au\u00dfenbereich auf die n\u00e4chste Stufe und entscheiden Sie sich f\u00fcr einen fr\u00f6hlichen und farbenfrohen drehbaren Gartenhocker in Ihrem Garten!<br \/>\nSie stechen einfach einen Gartenpfahl in den Boden Ihres Rasens oder zwischen Ihre Pflanzen im Garten. Sogar auf Ihrem Balkon oder auf einer Terrasse sehen unsere Gartenpf\u00e4hle toll aus. Wir haben f\u00fcr jeden Gartentyp ein passendes Modell!<\/p>\n<p>Es gibt station\u00e4re Gartenstecker, Windm\u00fchlen auf einem Stecker, aber auch Gartenstecker in einem ausgewogenen Design. Ein Windm\u00fchlen-Gartenstecker bedeutet, dass der Stift eine oder mehrere Windm\u00fchlen enth\u00e4lt. Diese M\u00fchlen drehen sich, wenn es Wind gibt. So entsteht ein ruhiges, bewegtes Motiv mit fr\u00f6hlichen Farben in Ihrem Garten. Das Drehen der Windm\u00fchle sorgt sowohl f\u00fcr Bewegung als auch f\u00fcr Gem\u00fctlichkeit in Ihrem Garten.<\/p>\n<p><strong>Warum w\u00e4hlen Sie Gartenmarker Windm\u00fchle Blume klein und gro\u00df ?<\/strong><\/p>\n<p>Diese Windm\u00fchle ist von absoluter Spitzenqualit\u00e4t! Es ist handgefertigt und enth\u00e4lt daher viele Details. Die robuste Metallkonstruktion sorgt daf\u00fcr, dass die Windm\u00fchle jahrelang sch\u00f6n bleibt. Dieses Modell ist in den Farben Rot, Gelb und Braun gehalten. Diese Modellwindm\u00fchle hat einen ruhigen, abstrakten Look, bietet aber dennoch ein farbenfrohes und lebendiges Gebilde. Ideal f\u00fcr einen Garten, der auf einfache Weise etwas mehr Lebendigkeit vertragen k\u00f6nnte!<\/p>\n<p><strong>Wir haben fast alles aus dieser Serie auf Lager, kommen Sie und schauen Sie sich um!<\/strong><\/p>\n<ul>\n<li>Gr\u00f6\u00dfe: 205x20x65cm.<\/li>\n<li>Farben: rot, gelb und braun.<\/li>\n<li>Schnelle Lieferung.<\/li>\n<li>Kein Spielzeug.<\/li>\n<li>100% handgefertigt.<\/li>\n<li>Die Farben k\u00f6nnen variieren.<\/li>\n<li>1 Jahr Garantie.<\/li>\n<li>Nicht f\u00fcr die Platzierung bei starkem Wind geeignet<\/li>\n<\/ul>\n","protected":false},"excerpt":{"rendered":"<p>Handgemacht. 205x20x65cm.<\/p>\n","protected":false},"featured_media":170618,"template":"","meta":{"_acf_changed":false,"_genesis_title":"","_genesis_description":""},"product_brand":[7505],"product_cat":[836,845],"product_tag":[],"class_list":{"0":"post-190508","1":"product","2":"type-product","3":"status-publish","4":"has-post-thumbnail","6":"product_brand-sonstige","7":"product_cat-gartenstecker","8":"product_cat-windmuehlen","10":"first","11":"instock","12":"taxable","13":"shipping-taxable","14":"purchasable","15":"product-type-simple"},"acf":[],"meta_all":{"total_sales":"1","cor_restricted_countries":[]},"meta_all_flat":{"total_sales":"1"},"yoast_head":"<!-- This site is optimized with the Yoast SEO Premium plugin v26.2 (Yoast SEO v27.2) - https:\/\/yoast.com\/product\/yoast-seo-premium-wordpress\/ -->\n<title>Sonstige Metallwindm\u00fchle Blume klein und gro\u00df 205cm - Eliassen.nl<\/title>\n<meta name=\"description\" content=\"Ein lustiger, sich drehender D\u00fcnenstock mit einer roten und gelben Blume. Ein hoher Gartenhocker, der Gem\u00fctlichkeit in Ihren Garten bringt. Schnelle Lieferung.\" \/>\n<meta name=\"robots\" content=\"index, follow, max-snippet:-1, max-image-preview:large, max-video-preview:-1\" \/>\n<link rel=\"canonical\" href=\"https:\/\/www.eliassen.nl\/de\/metallwindmuehle-blume-klein-und-gross-205cm\/\" \/>\n<meta property=\"og:locale\" content=\"de_DE\" \/>\n<meta property=\"og:type\" content=\"article\" \/>\n<meta property=\"og:title\" content=\"Sonstige Metallwindm\u00fchle Blume klein und gro\u00df 205cm - Eliassen.nl\" \/>\n<meta property=\"og:description\" content=\"Ein lustiger, sich drehender D\u00fcnenstock mit einer roten und gelben Blume. Ein hoher Gartenhocker, der Gem\u00fctlichkeit in Ihren Garten bringt. Schnelle Lieferung.\" \/>\n<meta property=\"og:url\" content=\"https:\/\/www.eliassen.nl\/de\/metallwindmuehle-blume-klein-und-gross-205cm\/\" \/>\n<meta property=\"og:site_name\" content=\"Eliassen.nl\" \/>\n<meta property=\"article:publisher\" content=\"https:\/\/www.facebook.com\/TuincentrumEliassenAmmerzoden\" \/>\n<meta property=\"article:modified_time\" content=\"2026-01-16T14:39:04+00:00\" \/>\n<meta property=\"og:image\" content=\"https:\/\/www.eliassen.nl\/wp-content\/uploads\/2025\/01\/metalen-windmolen-klein-en-groot-Eliassen.nl_-2.jpg\" \/>\n\t<meta property=\"og:image:width\" content=\"1000\" \/>\n\t<meta property=\"og:image:height\" content=\"750\" \/>\n\t<meta property=\"og:image:type\" content=\"image\/jpeg\" \/>\n<meta name=\"twitter:card\" content=\"summary_large_image\" \/>\n<script type=\"application\/ld+json\" class=\"yoast-schema-graph\">{\"@context\":\"https:\/\/schema.org\",\"@graph\":[{\"@type\":\"WebPage\",\"@id\":\"https:\/\/www.eliassen.nl\/de\/metallwindmuehle-blume-klein-und-gross-205cm\/\",\"url\":\"https:\/\/www.eliassen.nl\/de\/metallwindmuehle-blume-klein-und-gross-205cm\/\",\"name\":\"Sonstige Metallwindm\u00fchle Blume klein und gro\u00df 205cm - Eliassen.nl\",\"isPartOf\":{\"@id\":\"https:\/\/www.eliassen.nl\/de\/#website\"},\"primaryImageOfPage\":{\"@id\":\"https:\/\/www.eliassen.nl\/de\/metallwindmuehle-blume-klein-und-gross-205cm\/#primaryimage\"},\"image\":{\"@id\":\"https:\/\/www.eliassen.nl\/de\/metallwindmuehle-blume-klein-und-gross-205cm\/#primaryimage\"},\"thumbnailUrl\":\"https:\/\/www.eliassen.nl\/wp-content\/uploads\/2025\/01\/metalen-windmolen-klein-en-groot-Eliassen.nl_-2.jpg\",\"datePublished\":\"2025-01-17T12:31:03+00:00\",\"dateModified\":\"2026-01-16T14:39:04+00:00\",\"description\":\"Ein lustiger, sich drehender D\u00fcnenstock mit einer roten und gelben Blume. Ein hoher Gartenhocker, der Gem\u00fctlichkeit in Ihren Garten bringt. Schnelle Lieferung.\",\"breadcrumb\":{\"@id\":\"https:\/\/www.eliassen.nl\/de\/metallwindmuehle-blume-klein-und-gross-205cm\/#breadcrumb\"},\"inLanguage\":\"de\",\"potentialAction\":[{\"@type\":\"ReadAction\",\"target\":[\"https:\/\/www.eliassen.nl\/de\/metallwindmuehle-blume-klein-und-gross-205cm\/\"]}]},{\"@type\":\"ImageObject\",\"inLanguage\":\"de\",\"@id\":\"https:\/\/www.eliassen.nl\/de\/metallwindmuehle-blume-klein-und-gross-205cm\/#primaryimage\",\"url\":\"https:\/\/www.eliassen.nl\/wp-content\/uploads\/2025\/01\/metalen-windmolen-klein-en-groot-Eliassen.nl_-2.jpg\",\"contentUrl\":\"https:\/\/www.eliassen.nl\/wp-content\/uploads\/2025\/01\/metalen-windmolen-klein-en-groot-Eliassen.nl_-2.jpg\",\"width\":1000,\"height\":750},{\"@type\":\"BreadcrumbList\",\"@id\":\"https:\/\/www.eliassen.nl\/de\/metallwindmuehle-blume-klein-und-gross-205cm\/#breadcrumb\",\"itemListElement\":[{\"@type\":\"ListItem\",\"position\":1,\"name\":\"Home\",\"item\":\"https:\/\/www.eliassen.nl\/de\/\"},{\"@type\":\"ListItem\",\"position\":2,\"name\":\"Shop\",\"item\":\"https:\/\/www.eliassen.nl\/de\/shop\/\"},{\"@type\":\"ListItem\",\"position\":3,\"name\":\"Gartenstecker\",\"item\":\"https:\/\/www.eliassen.nl\/de\/gartenstecker\/\"},{\"@type\":\"ListItem\",\"position\":4,\"name\":\"Metallwindm\u00fchle Blume klein und gro\u00df 205cm\"}]},{\"@type\":\"WebSite\",\"@id\":\"https:\/\/www.eliassen.nl\/de\/#website\",\"url\":\"https:\/\/www.eliassen.nl\/de\/\",\"name\":\"Eliassen Home & Garden Pleasure\",\"description\":\"\",\"publisher\":{\"@id\":\"https:\/\/www.eliassen.nl\/de\/#organization\"},\"alternateName\":\"Eliassen.nl\",\"potentialAction\":[{\"@type\":\"SearchAction\",\"target\":{\"@type\":\"EntryPoint\",\"urlTemplate\":\"https:\/\/www.eliassen.nl\/de\/?s={search_term_string}\"},\"query-input\":{\"@type\":\"PropertyValueSpecification\",\"valueRequired\":true,\"valueName\":\"search_term_string\"}}],\"inLanguage\":\"de\"},{\"@type\":[\"Organization\",\"Place\"],\"@id\":\"https:\/\/www.eliassen.nl\/de\/#organization\",\"name\":\"Eliassen Home & Garden Pleasure\",\"url\":\"https:\/\/www.eliassen.nl\/de\/\",\"logo\":{\"@id\":\"https:\/\/www.eliassen.nl\/de\/metallwindmuehle-blume-klein-und-gross-205cm\/#local-main-organization-logo\"},\"image\":{\"@id\":\"https:\/\/www.eliassen.nl\/de\/metallwindmuehle-blume-klein-und-gross-205cm\/#local-main-organization-logo\"},\"sameAs\":[\"https:\/\/www.facebook.com\/TuincentrumEliassenAmmerzoden\",\"https:\/\/www.instagram.com\/eliassenhomeandgarden\/\",\"https:\/\/nl.pinterest.com\/eliassenhomeandgarden\/\",\"https:\/\/www.youtube.com\/@eliassenhomegardenpleasure4558\"],\"telephone\":[],\"openingHoursSpecification\":[{\"@type\":\"OpeningHoursSpecification\",\"dayOfWeek\":[\"Monday\",\"Tuesday\",\"Wednesday\",\"Thursday\",\"Friday\",\"Saturday\",\"Sunday\"],\"opens\":\"09:00\",\"closes\":\"17:00\"}]},{\"@type\":\"ImageObject\",\"inLanguage\":\"de\",\"@id\":\"https:\/\/www.eliassen.nl\/de\/metallwindmuehle-blume-klein-und-gross-205cm\/#local-main-organization-logo\",\"url\":\"https:\/\/www.eliassen.nl\/wp-content\/uploads\/2024\/01\/logo_4nd.jpg\",\"contentUrl\":\"https:\/\/www.eliassen.nl\/wp-content\/uploads\/2024\/01\/logo_4nd.jpg\",\"width\":500,\"height\":500,\"caption\":\"Eliassen Home & Garden Pleasure\"}]}<\/script>\n<meta property=\"product:price:amount\" content=\"74.95\" \/>\n<meta property=\"product:price:currency\" content=\"EUR\" \/>\n<meta property=\"og:availability\" content=\"instock\" \/>\n<meta property=\"product:availability\" content=\"instock\" \/>\n<meta property=\"product:retailer_item_id\" content=\"Md16070\" \/>\n<meta property=\"product:condition\" content=\"new\" \/>\n<!-- \/ Yoast SEO Premium plugin. -->","yoast_head_json":{"title":"Sonstige Metallwindm\u00fchle Blume klein und gro\u00df 205cm - Eliassen.nl","description":"Ein lustiger, sich drehender D\u00fcnenstock mit einer roten und gelben Blume. Ein hoher Gartenhocker, der Gem\u00fctlichkeit in Ihren Garten bringt. Schnelle Lieferung.","robots":{"index":"index","follow":"follow","max-snippet":"max-snippet:-1","max-image-preview":"max-image-preview:large","max-video-preview":"max-video-preview:-1"},"canonical":"https:\/\/www.eliassen.nl\/de\/metallwindmuehle-blume-klein-und-gross-205cm\/","og_locale":"de_DE","og_type":"article","og_title":"Sonstige Metallwindm\u00fchle Blume klein und gro\u00df 205cm - Eliassen.nl","og_description":"Ein lustiger, sich drehender D\u00fcnenstock mit einer roten und gelben Blume. Ein hoher Gartenhocker, der Gem\u00fctlichkeit in Ihren Garten bringt. Schnelle Lieferung.","og_url":"https:\/\/www.eliassen.nl\/de\/metallwindmuehle-blume-klein-und-gross-205cm\/","og_site_name":"Eliassen.nl","article_publisher":"https:\/\/www.facebook.com\/TuincentrumEliassenAmmerzoden","article_modified_time":"2026-01-16T14:39:04+00:00","og_image":[{"width":1000,"height":750,"url":"https:\/\/www.eliassen.nl\/wp-content\/uploads\/2025\/01\/metalen-windmolen-klein-en-groot-Eliassen.nl_-2.jpg","type":"image\/jpeg"}],"twitter_card":"summary_large_image","schema":{"@context":"https:\/\/schema.org","@graph":[{"@type":"WebPage","@id":"https:\/\/www.eliassen.nl\/de\/metallwindmuehle-blume-klein-und-gross-205cm\/","url":"https:\/\/www.eliassen.nl\/de\/metallwindmuehle-blume-klein-und-gross-205cm\/","name":"Sonstige Metallwindm\u00fchle Blume klein und gro\u00df 205cm - Eliassen.nl","isPartOf":{"@id":"https:\/\/www.eliassen.nl\/de\/#website"},"primaryImageOfPage":{"@id":"https:\/\/www.eliassen.nl\/de\/metallwindmuehle-blume-klein-und-gross-205cm\/#primaryimage"},"image":{"@id":"https:\/\/www.eliassen.nl\/de\/metallwindmuehle-blume-klein-und-gross-205cm\/#primaryimage"},"thumbnailUrl":"https:\/\/www.eliassen.nl\/wp-content\/uploads\/2025\/01\/metalen-windmolen-klein-en-groot-Eliassen.nl_-2.jpg","datePublished":"2025-01-17T12:31:03+00:00","dateModified":"2026-01-16T14:39:04+00:00","description":"Ein lustiger, sich drehender D\u00fcnenstock mit einer roten und gelben Blume. Ein hoher Gartenhocker, der Gem\u00fctlichkeit in Ihren Garten bringt. Schnelle Lieferung.","breadcrumb":{"@id":"https:\/\/www.eliassen.nl\/de\/metallwindmuehle-blume-klein-und-gross-205cm\/#breadcrumb"},"inLanguage":"de","potentialAction":[{"@type":"ReadAction","target":["https:\/\/www.eliassen.nl\/de\/metallwindmuehle-blume-klein-und-gross-205cm\/"]}]},{"@type":"ImageObject","inLanguage":"de","@id":"https:\/\/www.eliassen.nl\/de\/metallwindmuehle-blume-klein-und-gross-205cm\/#primaryimage","url":"https:\/\/www.eliassen.nl\/wp-content\/uploads\/2025\/01\/metalen-windmolen-klein-en-groot-Eliassen.nl_-2.jpg","contentUrl":"https:\/\/www.eliassen.nl\/wp-content\/uploads\/2025\/01\/metalen-windmolen-klein-en-groot-Eliassen.nl_-2.jpg","width":1000,"height":750},{"@type":"BreadcrumbList","@id":"https:\/\/www.eliassen.nl\/de\/metallwindmuehle-blume-klein-und-gross-205cm\/#breadcrumb","itemListElement":[{"@type":"ListItem","position":1,"name":"Home","item":"https:\/\/www.eliassen.nl\/de\/"},{"@type":"ListItem","position":2,"name":"Shop","item":"https:\/\/www.eliassen.nl\/de\/shop\/"},{"@type":"ListItem","position":3,"name":"Gartenstecker","item":"https:\/\/www.eliassen.nl\/de\/gartenstecker\/"},{"@type":"ListItem","position":4,"name":"Metallwindm\u00fchle Blume klein und gro\u00df 205cm"}]},{"@type":"WebSite","@id":"https:\/\/www.eliassen.nl\/de\/#website","url":"https:\/\/www.eliassen.nl\/de\/","name":"Eliassen Home & Garden Pleasure","description":"","publisher":{"@id":"https:\/\/www.eliassen.nl\/de\/#organization"},"alternateName":"Eliassen.nl","potentialAction":[{"@type":"SearchAction","target":{"@type":"EntryPoint","urlTemplate":"https:\/\/www.eliassen.nl\/de\/?s={search_term_string}"},"query-input":{"@type":"PropertyValueSpecification","valueRequired":true,"valueName":"search_term_string"}}],"inLanguage":"de"},{"@type":["Organization","Place"],"@id":"https:\/\/www.eliassen.nl\/de\/#organization","name":"Eliassen Home & Garden Pleasure","url":"https:\/\/www.eliassen.nl\/de\/","logo":{"@id":"https:\/\/www.eliassen.nl\/de\/metallwindmuehle-blume-klein-und-gross-205cm\/#local-main-organization-logo"},"image":{"@id":"https:\/\/www.eliassen.nl\/de\/metallwindmuehle-blume-klein-und-gross-205cm\/#local-main-organization-logo"},"sameAs":["https:\/\/www.facebook.com\/TuincentrumEliassenAmmerzoden","https:\/\/www.instagram.com\/eliassenhomeandgarden\/","https:\/\/nl.pinterest.com\/eliassenhomeandgarden\/","https:\/\/www.youtube.com\/@eliassenhomegardenpleasure4558"],"telephone":[],"openingHoursSpecification":[{"@type":"OpeningHoursSpecification","dayOfWeek":["Monday","Tuesday","Wednesday","Thursday","Friday","Saturday","Sunday"],"opens":"09:00","closes":"17:00"}]},{"@type":"ImageObject","inLanguage":"de","@id":"https:\/\/www.eliassen.nl\/de\/metallwindmuehle-blume-klein-und-gross-205cm\/#local-main-organization-logo","url":"https:\/\/www.eliassen.nl\/wp-content\/uploads\/2024\/01\/logo_4nd.jpg","contentUrl":"https:\/\/www.eliassen.nl\/wp-content\/uploads\/2024\/01\/logo_4nd.jpg","width":500,"height":500,"caption":"Eliassen Home & Garden Pleasure"}]},"product_price_amount":"74.95","product_price_currency":"EUR","og_availability":"instock","product_availability":"instock","product_retailer_item_id":"Md16070","product_condition":"new"},"df_price":74.95,"df_sale_price":"","df_regular_price":74.95,"df_image_link":"https:\/\/www.eliassen.nl\/wp-content\/uploads\/2025\/01\/metalen-windmolen-klein-en-groot-Eliassen.nl_-2-300x225.jpg","image":"https:\/\/www.eliassen.nl\/wp-content\/uploads\/2025\/01\/metalen-windmolen-klein-en-groot-Eliassen.nl_-2-150x150.jpg","price_search":"<span class=\"woocommerce-Price-amount amount\"><bdi><span class=\"woocommerce-Price-currencySymbol\">&euro;<\/span>&nbsp;74,95<\/bdi><\/span>","category":"Gartenstecker","global_unique_id":"5410807160701","_links":{"self":[{"href":"https:\/\/www.eliassen.nl\/de\/wp-json\/wp\/v2\/product\/190508","targetHints":{"allow":["GET"]}}],"collection":[{"href":"https:\/\/www.eliassen.nl\/de\/wp-json\/wp\/v2\/product"}],"about":[{"href":"https:\/\/www.eliassen.nl\/de\/wp-json\/wp\/v2\/types\/product"}],"wp:featuredmedia":[{"embeddable":true,"href":"https:\/\/www.eliassen.nl\/de\/wp-json\/wp\/v2\/media\/170618"}],"wp:attachment":[{"href":"https:\/\/www.eliassen.nl\/de\/wp-json\/wp\/v2\/media?parent=190508"}],"wp:term":[{"taxonomy":"product_brand","embeddable":true,"href":"https:\/\/www.eliassen.nl\/de\/wp-json\/wp\/v2\/product_brand?post=190508"},{"taxonomy":"product_cat","embeddable":true,"href":"https:\/\/www.eliassen.nl\/de\/wp-json\/wp\/v2\/product_cat?post=190508"},{"taxonomy":"product_tag","embeddable":true,"href":"https:\/\/www.eliassen.nl\/de\/wp-json\/wp\/v2\/product_tag?post=190508"}],"curies":[{"name":"wp","href":"https:\/\/api.w.org\/{rel}","templated":true}]}}