{"id":189700,"date":"2025-09-01T12:06:12","date_gmt":"2025-09-01T10:06:12","guid":{"rendered":"https:\/\/www.eliassen.nl\/product\/wasserkugel-rustikal-75cm\/"},"modified":"2026-02-21T15:23:45","modified_gmt":"2026-02-21T14:23:45","slug":"wasserkugel-rustikal-75cm","status":"publish","type":"product","link":"https:\/\/www.eliassen.nl\/de\/wasserkugel-rustikal-75cm\/","title":{"rendered":"Wasserkugel rustikal 75cm"},"content":{"rendered":"<p><strong>Es handelt sich um ein loses Ornament. Erkundigen Sie sich nach den anderen ben\u00f6tigten Teilen.<\/strong><\/p>\n<p>Diese Wasserkugel hat eine braune\/kleine rostige Farbe und ist eine echte Zierde in Ihrem Garten oder in Ihrem Gesch\u00e4ft. Das Wasser flie\u00dft auf subtile Weise \u00fcber die Birne, Sie werden kaum ein Wasserger\u00e4usch h\u00f6ren. Dieser Sprudler garantiert einen starken Wasserfluss.<\/p>\n<p>Wenn die Birne nass wird, wird die Farbe noch dunkler. Auch ein sch\u00f6nes Objekt, wenn die Pumpe ausgeschaltet ist. Die Farbe dieser Gl\u00fchbirnen kann vom Foto abweichen, da diese Gl\u00fchbirnen handgefertigt sind und daher keine zwei Gl\u00fchbirnen die gleiche Farbe haben. F\u00fcr Beh\u00e4lter, Pumpen, etc. gehen Sie zu &#8222;Ersatzteile f\u00fcr Wasserornamente&#8220;.<\/p>\n<p><strong>Vergessen Sie nicht, unser Ausstellungsgel\u00e4nde mit sehr vielen Modellen zu besuchen!<\/strong><\/p>\n<ul>\n<li>Gr\u00f6\u00dfe: 75cm Durchmesser<\/li>\n<li>Kunststein, innen hohl<\/li>\n<li>Einzigartiges Design, nur bei uns erh\u00e4ltlich<\/li>\n<li>Gewicht: Ca. 125 kg<\/li>\n<li>Haben Sie Fragen zu diesem Artikel oder ben\u00f6tigen Sie Ratschl\u00e4ge, um dieses Modell mit allen anderen wesentlichen Bestandteilen zu vervollst\u00e4ndigen? Wenn ja, k\u00f6nnen Sie uns gerne kontaktieren.<\/li>\n<\/ul>\n","protected":false},"excerpt":{"rendered":"<p>Hochdekorative Wasserkugel \u2713 Bitte fragen Sie nach dem Lieferumfang \u2713 Hochwertiger Kunststein<\/p>\n","protected":false},"featured_media":190171,"template":"","meta":{"_acf_changed":false,"_genesis_title":"","_genesis_description":""},"product_brand":[7505],"product_cat":[539,569,536],"product_tag":[],"class_list":{"0":"post-189700","1":"product","2":"type-product","3":"status-publish","4":"has-post-thumbnail","6":"product_brand-sonstige","7":"product_cat-einzigartige-eigene-modelle-von-losen-wasserspiele","8":"product_cat-wasserbaelle","9":"product_cat-wassereigenschaften","11":"first","12":"instock","13":"taxable","14":"shipping-taxable","15":"purchasable","16":"product-type-simple"},"acf":[],"meta_all":{"total_sales":"0","cor_restricted_countries":[]},"meta_all_flat":{"total_sales":"0"},"yoast_head":"<!-- This site is optimized with the Yoast SEO Premium plugin v26.2 (Yoast SEO v27.2) - https:\/\/yoast.com\/product\/yoast-seo-premium-wordpress\/ -->\n<title>Sonstige Wasserkugel rustikal 75cm - Eliassen.nl<\/title>\n<meta name=\"description\" content=\"Eine \u00e4u\u00dferst dekorative Wasserkugel f\u00fcr den Garten. Ein beruhigendes Ornament aus hochwertigem Kunststein. Bitte erkundigen Sie sich nach dem Angebot. Schnelle Lieferung.\" \/>\n<meta name=\"robots\" content=\"index, follow, max-snippet:-1, max-image-preview:large, max-video-preview:-1\" \/>\n<link rel=\"canonical\" href=\"https:\/\/www.eliassen.nl\/de\/wasserkugel-rustikal-75cm\/\" \/>\n<meta property=\"og:locale\" content=\"de_DE\" \/>\n<meta property=\"og:type\" content=\"article\" \/>\n<meta property=\"og:title\" content=\"Sonstige Wasserkugel rustikal 75cm - Eliassen.nl\" \/>\n<meta property=\"og:description\" content=\"Eine \u00e4u\u00dferst dekorative Wasserkugel f\u00fcr den Garten. Ein beruhigendes Ornament aus hochwertigem Kunststein. Bitte erkundigen Sie sich nach dem Angebot. Schnelle Lieferung.\" \/>\n<meta property=\"og:url\" content=\"https:\/\/www.eliassen.nl\/de\/wasserkugel-rustikal-75cm\/\" \/>\n<meta property=\"og:site_name\" content=\"Eliassen.nl\" \/>\n<meta property=\"article:publisher\" content=\"https:\/\/www.facebook.com\/TuincentrumEliassenAmmerzoden\" \/>\n<meta property=\"article:modified_time\" content=\"2026-02-21T14:23:45+00:00\" \/>\n<meta property=\"og:image\" content=\"https:\/\/www.eliassen.nl\/wp-content\/uploads\/2025\/09\/waterbol-rustiek-75cm-Eliassen.nl_.jpeg\" \/>\n\t<meta property=\"og:image:width\" content=\"2160\" \/>\n\t<meta property=\"og:image:height\" content=\"2117\" \/>\n\t<meta property=\"og:image:type\" content=\"image\/jpeg\" \/>\n<meta name=\"twitter:card\" content=\"summary_large_image\" \/>\n<script type=\"application\/ld+json\" class=\"yoast-schema-graph\">{\"@context\":\"https:\/\/schema.org\",\"@graph\":[{\"@type\":\"WebPage\",\"@id\":\"https:\/\/www.eliassen.nl\/de\/wasserkugel-rustikal-75cm\/\",\"url\":\"https:\/\/www.eliassen.nl\/de\/wasserkugel-rustikal-75cm\/\",\"name\":\"Sonstige Wasserkugel rustikal 75cm - Eliassen.nl\",\"isPartOf\":{\"@id\":\"https:\/\/www.eliassen.nl\/de\/#website\"},\"primaryImageOfPage\":{\"@id\":\"https:\/\/www.eliassen.nl\/de\/wasserkugel-rustikal-75cm\/#primaryimage\"},\"image\":{\"@id\":\"https:\/\/www.eliassen.nl\/de\/wasserkugel-rustikal-75cm\/#primaryimage\"},\"thumbnailUrl\":\"https:\/\/www.eliassen.nl\/wp-content\/uploads\/2025\/09\/waterbol-rustiek-75cm-Eliassen.nl_.jpeg\",\"datePublished\":\"2025-09-01T10:06:12+00:00\",\"dateModified\":\"2026-02-21T14:23:45+00:00\",\"description\":\"Eine \u00e4u\u00dferst dekorative Wasserkugel f\u00fcr den Garten. Ein beruhigendes Ornament aus hochwertigem Kunststein. Bitte erkundigen Sie sich nach dem Angebot. Schnelle Lieferung.\",\"breadcrumb\":{\"@id\":\"https:\/\/www.eliassen.nl\/de\/wasserkugel-rustikal-75cm\/#breadcrumb\"},\"inLanguage\":\"de\",\"potentialAction\":[{\"@type\":\"ReadAction\",\"target\":[\"https:\/\/www.eliassen.nl\/de\/wasserkugel-rustikal-75cm\/\"]}]},{\"@type\":\"ImageObject\",\"inLanguage\":\"de\",\"@id\":\"https:\/\/www.eliassen.nl\/de\/wasserkugel-rustikal-75cm\/#primaryimage\",\"url\":\"https:\/\/www.eliassen.nl\/wp-content\/uploads\/2025\/09\/waterbol-rustiek-75cm-Eliassen.nl_.jpeg\",\"contentUrl\":\"https:\/\/www.eliassen.nl\/wp-content\/uploads\/2025\/09\/waterbol-rustiek-75cm-Eliassen.nl_.jpeg\",\"width\":2160,\"height\":2117},{\"@type\":\"BreadcrumbList\",\"@id\":\"https:\/\/www.eliassen.nl\/de\/wasserkugel-rustikal-75cm\/#breadcrumb\",\"itemListElement\":[{\"@type\":\"ListItem\",\"position\":1,\"name\":\"Home\",\"item\":\"https:\/\/www.eliassen.nl\/de\/\"},{\"@type\":\"ListItem\",\"position\":2,\"name\":\"Shop\",\"item\":\"https:\/\/www.eliassen.nl\/de\/shop\/\"},{\"@type\":\"ListItem\",\"position\":3,\"name\":\"Wasserspiele\",\"item\":\"https:\/\/www.eliassen.nl\/de\/wassereigenschaften\/\"},{\"@type\":\"ListItem\",\"position\":4,\"name\":\"Wasserb\u00e4lle\",\"item\":\"https:\/\/www.eliassen.nl\/de\/wassereigenschaften\/wasserbaelle\/\"},{\"@type\":\"ListItem\",\"position\":5,\"name\":\"Wasserkugel rustikal 75cm\"}]},{\"@type\":\"WebSite\",\"@id\":\"https:\/\/www.eliassen.nl\/de\/#website\",\"url\":\"https:\/\/www.eliassen.nl\/de\/\",\"name\":\"Eliassen Home & Garden Pleasure\",\"description\":\"\",\"publisher\":{\"@id\":\"https:\/\/www.eliassen.nl\/de\/#organization\"},\"alternateName\":\"Eliassen.nl\",\"potentialAction\":[{\"@type\":\"SearchAction\",\"target\":{\"@type\":\"EntryPoint\",\"urlTemplate\":\"https:\/\/www.eliassen.nl\/de\/?s={search_term_string}\"},\"query-input\":{\"@type\":\"PropertyValueSpecification\",\"valueRequired\":true,\"valueName\":\"search_term_string\"}}],\"inLanguage\":\"de\"},{\"@type\":[\"Organization\",\"Place\"],\"@id\":\"https:\/\/www.eliassen.nl\/de\/#organization\",\"name\":\"Eliassen Home & Garden Pleasure\",\"url\":\"https:\/\/www.eliassen.nl\/de\/\",\"logo\":{\"@id\":\"https:\/\/www.eliassen.nl\/de\/wasserkugel-rustikal-75cm\/#local-main-organization-logo\"},\"image\":{\"@id\":\"https:\/\/www.eliassen.nl\/de\/wasserkugel-rustikal-75cm\/#local-main-organization-logo\"},\"sameAs\":[\"https:\/\/www.facebook.com\/TuincentrumEliassenAmmerzoden\",\"https:\/\/www.instagram.com\/eliassenhomeandgarden\/\",\"https:\/\/nl.pinterest.com\/eliassenhomeandgarden\/\",\"https:\/\/www.youtube.com\/@eliassenhomegardenpleasure4558\"],\"telephone\":[],\"openingHoursSpecification\":[{\"@type\":\"OpeningHoursSpecification\",\"dayOfWeek\":[\"Monday\",\"Tuesday\",\"Wednesday\",\"Thursday\",\"Friday\",\"Saturday\",\"Sunday\"],\"opens\":\"09:00\",\"closes\":\"17:00\"}]},{\"@type\":\"ImageObject\",\"inLanguage\":\"de\",\"@id\":\"https:\/\/www.eliassen.nl\/de\/wasserkugel-rustikal-75cm\/#local-main-organization-logo\",\"url\":\"https:\/\/www.eliassen.nl\/wp-content\/uploads\/2024\/01\/logo_4nd.jpg\",\"contentUrl\":\"https:\/\/www.eliassen.nl\/wp-content\/uploads\/2024\/01\/logo_4nd.jpg\",\"width\":500,\"height\":500,\"caption\":\"Eliassen Home & Garden Pleasure\"}]}<\/script>\n<meta property=\"product:price:amount\" content=\"450.00\" \/>\n<meta property=\"product:price:currency\" content=\"EUR\" \/>\n<meta property=\"og:availability\" content=\"instock\" \/>\n<meta property=\"product:availability\" content=\"instock\" \/>\n<meta property=\"product:retailer_item_id\" content=\"brfb75\" \/>\n<meta property=\"product:condition\" content=\"new\" \/>\n<!-- \/ Yoast SEO Premium plugin. -->","yoast_head_json":{"title":"Sonstige Wasserkugel rustikal 75cm - Eliassen.nl","description":"Eine \u00e4u\u00dferst dekorative Wasserkugel f\u00fcr den Garten. Ein beruhigendes Ornament aus hochwertigem Kunststein. Bitte erkundigen Sie sich nach dem Angebot. Schnelle Lieferung.","robots":{"index":"index","follow":"follow","max-snippet":"max-snippet:-1","max-image-preview":"max-image-preview:large","max-video-preview":"max-video-preview:-1"},"canonical":"https:\/\/www.eliassen.nl\/de\/wasserkugel-rustikal-75cm\/","og_locale":"de_DE","og_type":"article","og_title":"Sonstige Wasserkugel rustikal 75cm - Eliassen.nl","og_description":"Eine \u00e4u\u00dferst dekorative Wasserkugel f\u00fcr den Garten. Ein beruhigendes Ornament aus hochwertigem Kunststein. Bitte erkundigen Sie sich nach dem Angebot. Schnelle Lieferung.","og_url":"https:\/\/www.eliassen.nl\/de\/wasserkugel-rustikal-75cm\/","og_site_name":"Eliassen.nl","article_publisher":"https:\/\/www.facebook.com\/TuincentrumEliassenAmmerzoden","article_modified_time":"2026-02-21T14:23:45+00:00","og_image":[{"width":2160,"height":2117,"url":"https:\/\/www.eliassen.nl\/wp-content\/uploads\/2025\/09\/waterbol-rustiek-75cm-Eliassen.nl_.jpeg","type":"image\/jpeg"}],"twitter_card":"summary_large_image","schema":{"@context":"https:\/\/schema.org","@graph":[{"@type":"WebPage","@id":"https:\/\/www.eliassen.nl\/de\/wasserkugel-rustikal-75cm\/","url":"https:\/\/www.eliassen.nl\/de\/wasserkugel-rustikal-75cm\/","name":"Sonstige Wasserkugel rustikal 75cm - Eliassen.nl","isPartOf":{"@id":"https:\/\/www.eliassen.nl\/de\/#website"},"primaryImageOfPage":{"@id":"https:\/\/www.eliassen.nl\/de\/wasserkugel-rustikal-75cm\/#primaryimage"},"image":{"@id":"https:\/\/www.eliassen.nl\/de\/wasserkugel-rustikal-75cm\/#primaryimage"},"thumbnailUrl":"https:\/\/www.eliassen.nl\/wp-content\/uploads\/2025\/09\/waterbol-rustiek-75cm-Eliassen.nl_.jpeg","datePublished":"2025-09-01T10:06:12+00:00","dateModified":"2026-02-21T14:23:45+00:00","description":"Eine \u00e4u\u00dferst dekorative Wasserkugel f\u00fcr den Garten. Ein beruhigendes Ornament aus hochwertigem Kunststein. Bitte erkundigen Sie sich nach dem Angebot. Schnelle Lieferung.","breadcrumb":{"@id":"https:\/\/www.eliassen.nl\/de\/wasserkugel-rustikal-75cm\/#breadcrumb"},"inLanguage":"de","potentialAction":[{"@type":"ReadAction","target":["https:\/\/www.eliassen.nl\/de\/wasserkugel-rustikal-75cm\/"]}]},{"@type":"ImageObject","inLanguage":"de","@id":"https:\/\/www.eliassen.nl\/de\/wasserkugel-rustikal-75cm\/#primaryimage","url":"https:\/\/www.eliassen.nl\/wp-content\/uploads\/2025\/09\/waterbol-rustiek-75cm-Eliassen.nl_.jpeg","contentUrl":"https:\/\/www.eliassen.nl\/wp-content\/uploads\/2025\/09\/waterbol-rustiek-75cm-Eliassen.nl_.jpeg","width":2160,"height":2117},{"@type":"BreadcrumbList","@id":"https:\/\/www.eliassen.nl\/de\/wasserkugel-rustikal-75cm\/#breadcrumb","itemListElement":[{"@type":"ListItem","position":1,"name":"Home","item":"https:\/\/www.eliassen.nl\/de\/"},{"@type":"ListItem","position":2,"name":"Shop","item":"https:\/\/www.eliassen.nl\/de\/shop\/"},{"@type":"ListItem","position":3,"name":"Wasserspiele","item":"https:\/\/www.eliassen.nl\/de\/wassereigenschaften\/"},{"@type":"ListItem","position":4,"name":"Wasserb\u00e4lle","item":"https:\/\/www.eliassen.nl\/de\/wassereigenschaften\/wasserbaelle\/"},{"@type":"ListItem","position":5,"name":"Wasserkugel rustikal 75cm"}]},{"@type":"WebSite","@id":"https:\/\/www.eliassen.nl\/de\/#website","url":"https:\/\/www.eliassen.nl\/de\/","name":"Eliassen Home & Garden Pleasure","description":"","publisher":{"@id":"https:\/\/www.eliassen.nl\/de\/#organization"},"alternateName":"Eliassen.nl","potentialAction":[{"@type":"SearchAction","target":{"@type":"EntryPoint","urlTemplate":"https:\/\/www.eliassen.nl\/de\/?s={search_term_string}"},"query-input":{"@type":"PropertyValueSpecification","valueRequired":true,"valueName":"search_term_string"}}],"inLanguage":"de"},{"@type":["Organization","Place"],"@id":"https:\/\/www.eliassen.nl\/de\/#organization","name":"Eliassen Home & Garden Pleasure","url":"https:\/\/www.eliassen.nl\/de\/","logo":{"@id":"https:\/\/www.eliassen.nl\/de\/wasserkugel-rustikal-75cm\/#local-main-organization-logo"},"image":{"@id":"https:\/\/www.eliassen.nl\/de\/wasserkugel-rustikal-75cm\/#local-main-organization-logo"},"sameAs":["https:\/\/www.facebook.com\/TuincentrumEliassenAmmerzoden","https:\/\/www.instagram.com\/eliassenhomeandgarden\/","https:\/\/nl.pinterest.com\/eliassenhomeandgarden\/","https:\/\/www.youtube.com\/@eliassenhomegardenpleasure4558"],"telephone":[],"openingHoursSpecification":[{"@type":"OpeningHoursSpecification","dayOfWeek":["Monday","Tuesday","Wednesday","Thursday","Friday","Saturday","Sunday"],"opens":"09:00","closes":"17:00"}]},{"@type":"ImageObject","inLanguage":"de","@id":"https:\/\/www.eliassen.nl\/de\/wasserkugel-rustikal-75cm\/#local-main-organization-logo","url":"https:\/\/www.eliassen.nl\/wp-content\/uploads\/2024\/01\/logo_4nd.jpg","contentUrl":"https:\/\/www.eliassen.nl\/wp-content\/uploads\/2024\/01\/logo_4nd.jpg","width":500,"height":500,"caption":"Eliassen Home & Garden Pleasure"}]},"product_price_amount":"450.00","product_price_currency":"EUR","og_availability":"instock","product_availability":"instock","product_retailer_item_id":"brfb75","product_condition":"new"},"df_price":450,"df_sale_price":"","df_regular_price":450,"df_image_link":"https:\/\/www.eliassen.nl\/wp-content\/uploads\/2025\/09\/waterbol-rustiek-75cm-Eliassen.nl_-300x294.jpeg","image":"https:\/\/www.eliassen.nl\/wp-content\/uploads\/2025\/09\/waterbol-rustiek-75cm-Eliassen.nl_-150x150.jpeg","price_search":"<span class=\"woocommerce-Price-amount amount\"><bdi><span class=\"woocommerce-Price-currencySymbol\">&euro;<\/span>&nbsp;450,00<\/bdi><\/span>","category":"Einzigartige eigene Modelle von losen Wasserspielen","global_unique_id":"6096521150113","_links":{"self":[{"href":"https:\/\/www.eliassen.nl\/de\/wp-json\/wp\/v2\/product\/189700","targetHints":{"allow":["GET"]}}],"collection":[{"href":"https:\/\/www.eliassen.nl\/de\/wp-json\/wp\/v2\/product"}],"about":[{"href":"https:\/\/www.eliassen.nl\/de\/wp-json\/wp\/v2\/types\/product"}],"wp:featuredmedia":[{"embeddable":true,"href":"https:\/\/www.eliassen.nl\/de\/wp-json\/wp\/v2\/media\/190171"}],"wp:attachment":[{"href":"https:\/\/www.eliassen.nl\/de\/wp-json\/wp\/v2\/media?parent=189700"}],"wp:term":[{"taxonomy":"product_brand","embeddable":true,"href":"https:\/\/www.eliassen.nl\/de\/wp-json\/wp\/v2\/product_brand?post=189700"},{"taxonomy":"product_cat","embeddable":true,"href":"https:\/\/www.eliassen.nl\/de\/wp-json\/wp\/v2\/product_cat?post=189700"},{"taxonomy":"product_tag","embeddable":true,"href":"https:\/\/www.eliassen.nl\/de\/wp-json\/wp\/v2\/product_tag?post=189700"}],"curies":[{"name":"wp","href":"https:\/\/api.w.org\/{rel}","templated":true}]}}