{"id":189582,"date":"2025-08-29T14:56:18","date_gmt":"2025-08-29T12:56:18","guid":{"rendered":"https:\/\/www.eliassen.nl\/product\/tropfen-kristallglas-spirale-weiss-braun-25cm\/"},"modified":"2026-02-06T14:49:54","modified_gmt":"2026-02-06T13:49:54","slug":"tropfen-kristallglas-spirale-weiss-braun-25cm","status":"publish","type":"product","link":"https:\/\/www.eliassen.nl\/de\/tropfen-kristallglas-spirale-weiss-braun-25cm\/","title":{"rendered":"Tropfen Kristallglas Spirale wei\u00df\/braun 25cm"},"content":{"rendered":"<p data-path-to-node=\"1\">Verleihen Sie Ihrer Einrichtung einen k\u00fcnstlerischen und warmen Touch mit diesem beeindruckenden Glastropfen der Marke Loranto. Dieses Objekt wurde von handwerklichen Glasbl\u00e4sern in B\u00f6hmen mundgeblasen, einer Region, die f\u00fcr ihre jahrhundertealte Glastradition bekannt ist. Die anmutige Tropfenform weist ein dynamisches Spiralmuster in Wei\u00df und Braun auf, das einen stilvollen Kontrast und einen lebendigen Look in dem klaren, massiven Kristallglas erzeugt.<\/p>\n<p data-path-to-node=\"2\">Mit einer H\u00f6he von 25 cm hat dieses Kunstwerk die perfekte Gr\u00f6\u00dfe, um wirklich aufzufallen. Stellen Sie den Tropfen auf ein Sideboard, auf die Fensterbank oder in einen offenen Schrank und lassen Sie das Licht die warmen Braunt\u00f6ne zum Leben erwecken. Da jedes Exemplar komplett handgefertigt ist, gleicht kein Tropfen dem anderen. So halten Sie immer ein einzigartiges und pers\u00f6nliches Kunstobjekt in den H\u00e4nden.<\/p>\n","protected":false},"excerpt":{"rendered":"<p>Dieser 25 cm hohe Tropfen aus massivem Glas ist mit einem stilvollen Spiralmuster in Wei\u00df und Braun verziert. Das Objekt wird von Kunsthandwerkern aus B\u00f6hmen mundgeblasen und ist ein einzigartiger Blickfang in jeder Einrichtung. Jedes St\u00fcck ist aufgrund des handwerklichen Herstellungsprozesses einzigartig.<\/p>\n","protected":false},"featured_media":189536,"template":"","meta":{"_acf_changed":false,"_genesis_title":"","_genesis_description":""},"product_brand":[6958],"product_cat":[830,800,815],"product_tag":[],"class_list":{"0":"post-189582","1":"product","2":"type-product","3":"status-publish","4":"has-post-thumbnail","6":"product_brand-loranto-de","7":"product_cat-briefbeschwerer","8":"product_cat-glaskunst","9":"product_cat-kristallglas","11":"first","12":"instock","13":"taxable","14":"shipping-taxable","15":"purchasable","16":"product-type-simple"},"acf":[],"meta_all":{"total_sales":"0","cor_restricted_countries":[]},"meta_all_flat":{"total_sales":"0"},"yoast_head":"<!-- This site is optimized with the Yoast SEO Premium plugin v26.2 (Yoast SEO v27.2) - https:\/\/yoast.com\/product\/yoast-seo-premium-wordpress\/ -->\n<title>Loranto Tropfen Kristallglas Spirale wei\u00df\/braun 25cm - Eliassen.nl<\/title>\n<meta name=\"description\" content=\"Einzigartiger Glastropfen (25cm) mit wei\u00df-brauner Spirale. Mundgeblasenes, massives Kristallglas von Loranto. Ein stimmungsvoller Blickfang f\u00fcr Ihr Interieur.\" \/>\n<meta name=\"robots\" content=\"index, follow, max-snippet:-1, max-image-preview:large, max-video-preview:-1\" \/>\n<link rel=\"canonical\" href=\"https:\/\/www.eliassen.nl\/de\/tropfen-kristallglas-spirale-weiss-braun-25cm\/\" \/>\n<meta property=\"og:locale\" content=\"de_DE\" \/>\n<meta property=\"og:type\" content=\"article\" \/>\n<meta property=\"og:title\" content=\"Loranto Tropfen Kristallglas Spirale wei\u00df\/braun 25cm - Eliassen.nl\" \/>\n<meta property=\"og:description\" content=\"Einzigartiger Glastropfen (25cm) mit wei\u00df-brauner Spirale. Mundgeblasenes, massives Kristallglas von Loranto. Ein stimmungsvoller Blickfang f\u00fcr Ihr Interieur.\" \/>\n<meta property=\"og:url\" content=\"https:\/\/www.eliassen.nl\/de\/tropfen-kristallglas-spirale-weiss-braun-25cm\/\" \/>\n<meta property=\"og:site_name\" content=\"Eliassen.nl\" \/>\n<meta property=\"article:publisher\" content=\"https:\/\/www.facebook.com\/TuincentrumEliassenAmmerzoden\" \/>\n<meta property=\"article:modified_time\" content=\"2026-02-06T13:49:54+00:00\" \/>\n<meta property=\"og:image\" content=\"https:\/\/www.eliassen.nl\/wp-content\/uploads\/2025\/08\/kristalglas-druppel-spiraal-wit-bruin-Eliassen.nl_.jpg\" \/>\n\t<meta property=\"og:image:width\" content=\"2000\" \/>\n\t<meta property=\"og:image:height\" content=\"1333\" \/>\n\t<meta property=\"og:image:type\" content=\"image\/jpeg\" \/>\n<meta name=\"twitter:card\" content=\"summary_large_image\" \/>\n<script type=\"application\/ld+json\" class=\"yoast-schema-graph\">{\"@context\":\"https:\/\/schema.org\",\"@graph\":[{\"@type\":\"WebPage\",\"@id\":\"https:\/\/www.eliassen.nl\/de\/tropfen-kristallglas-spirale-weiss-braun-25cm\/\",\"url\":\"https:\/\/www.eliassen.nl\/de\/tropfen-kristallglas-spirale-weiss-braun-25cm\/\",\"name\":\"Loranto Tropfen Kristallglas Spirale wei\u00df\/braun 25cm - Eliassen.nl\",\"isPartOf\":{\"@id\":\"https:\/\/www.eliassen.nl\/de\/#website\"},\"primaryImageOfPage\":{\"@id\":\"https:\/\/www.eliassen.nl\/de\/tropfen-kristallglas-spirale-weiss-braun-25cm\/#primaryimage\"},\"image\":{\"@id\":\"https:\/\/www.eliassen.nl\/de\/tropfen-kristallglas-spirale-weiss-braun-25cm\/#primaryimage\"},\"thumbnailUrl\":\"https:\/\/www.eliassen.nl\/wp-content\/uploads\/2025\/08\/kristalglas-druppel-spiraal-wit-bruin-Eliassen.nl_.jpg\",\"datePublished\":\"2025-08-29T12:56:18+00:00\",\"dateModified\":\"2026-02-06T13:49:54+00:00\",\"description\":\"Einzigartiger Glastropfen (25cm) mit wei\u00df-brauner Spirale. Mundgeblasenes, massives Kristallglas von Loranto. Ein stimmungsvoller Blickfang f\u00fcr Ihr Interieur.\",\"breadcrumb\":{\"@id\":\"https:\/\/www.eliassen.nl\/de\/tropfen-kristallglas-spirale-weiss-braun-25cm\/#breadcrumb\"},\"inLanguage\":\"de\",\"potentialAction\":[{\"@type\":\"ReadAction\",\"target\":[\"https:\/\/www.eliassen.nl\/de\/tropfen-kristallglas-spirale-weiss-braun-25cm\/\"]}]},{\"@type\":\"ImageObject\",\"inLanguage\":\"de\",\"@id\":\"https:\/\/www.eliassen.nl\/de\/tropfen-kristallglas-spirale-weiss-braun-25cm\/#primaryimage\",\"url\":\"https:\/\/www.eliassen.nl\/wp-content\/uploads\/2025\/08\/kristalglas-druppel-spiraal-wit-bruin-Eliassen.nl_.jpg\",\"contentUrl\":\"https:\/\/www.eliassen.nl\/wp-content\/uploads\/2025\/08\/kristalglas-druppel-spiraal-wit-bruin-Eliassen.nl_.jpg\",\"width\":2000,\"height\":1333},{\"@type\":\"BreadcrumbList\",\"@id\":\"https:\/\/www.eliassen.nl\/de\/tropfen-kristallglas-spirale-weiss-braun-25cm\/#breadcrumb\",\"itemListElement\":[{\"@type\":\"ListItem\",\"position\":1,\"name\":\"Home\",\"item\":\"https:\/\/www.eliassen.nl\/de\/\"},{\"@type\":\"ListItem\",\"position\":2,\"name\":\"Shop\",\"item\":\"https:\/\/www.eliassen.nl\/de\/shop\/\"},{\"@type\":\"ListItem\",\"position\":3,\"name\":\"Glaskunst\",\"item\":\"https:\/\/www.eliassen.nl\/de\/glaskunst\/\"},{\"@type\":\"ListItem\",\"position\":4,\"name\":\"Tropfen Kristallglas Spirale wei\u00df\/braun 25cm\"}]},{\"@type\":\"WebSite\",\"@id\":\"https:\/\/www.eliassen.nl\/de\/#website\",\"url\":\"https:\/\/www.eliassen.nl\/de\/\",\"name\":\"Eliassen Home & Garden Pleasure\",\"description\":\"\",\"publisher\":{\"@id\":\"https:\/\/www.eliassen.nl\/de\/#organization\"},\"alternateName\":\"Eliassen.nl\",\"potentialAction\":[{\"@type\":\"SearchAction\",\"target\":{\"@type\":\"EntryPoint\",\"urlTemplate\":\"https:\/\/www.eliassen.nl\/de\/?s={search_term_string}\"},\"query-input\":{\"@type\":\"PropertyValueSpecification\",\"valueRequired\":true,\"valueName\":\"search_term_string\"}}],\"inLanguage\":\"de\"},{\"@type\":[\"Organization\",\"Place\"],\"@id\":\"https:\/\/www.eliassen.nl\/de\/#organization\",\"name\":\"Eliassen Home & Garden Pleasure\",\"url\":\"https:\/\/www.eliassen.nl\/de\/\",\"logo\":{\"@id\":\"https:\/\/www.eliassen.nl\/de\/tropfen-kristallglas-spirale-weiss-braun-25cm\/#local-main-organization-logo\"},\"image\":{\"@id\":\"https:\/\/www.eliassen.nl\/de\/tropfen-kristallglas-spirale-weiss-braun-25cm\/#local-main-organization-logo\"},\"sameAs\":[\"https:\/\/www.facebook.com\/TuincentrumEliassenAmmerzoden\",\"https:\/\/www.instagram.com\/eliassenhomeandgarden\/\",\"https:\/\/nl.pinterest.com\/eliassenhomeandgarden\/\",\"https:\/\/www.youtube.com\/@eliassenhomegardenpleasure4558\"],\"telephone\":[],\"openingHoursSpecification\":[{\"@type\":\"OpeningHoursSpecification\",\"dayOfWeek\":[\"Monday\",\"Tuesday\",\"Wednesday\",\"Thursday\",\"Friday\",\"Saturday\",\"Sunday\"],\"opens\":\"09:00\",\"closes\":\"17:00\"}]},{\"@type\":\"ImageObject\",\"inLanguage\":\"de\",\"@id\":\"https:\/\/www.eliassen.nl\/de\/tropfen-kristallglas-spirale-weiss-braun-25cm\/#local-main-organization-logo\",\"url\":\"https:\/\/www.eliassen.nl\/wp-content\/uploads\/2024\/01\/logo_4nd.jpg\",\"contentUrl\":\"https:\/\/www.eliassen.nl\/wp-content\/uploads\/2024\/01\/logo_4nd.jpg\",\"width\":500,\"height\":500,\"caption\":\"Eliassen Home & Garden Pleasure\"}]}<\/script>\n<meta property=\"product:price:amount\" content=\"129.00\" \/>\n<meta property=\"product:price:currency\" content=\"EUR\" \/>\n<meta property=\"og:availability\" content=\"instock\" \/>\n<meta property=\"product:availability\" content=\"instock\" \/>\n<meta property=\"product:retailer_item_id\" content=\"5040.br\" \/>\n<meta property=\"product:condition\" content=\"new\" \/>\n<!-- \/ Yoast SEO Premium plugin. -->","yoast_head_json":{"title":"Loranto Tropfen Kristallglas Spirale wei\u00df\/braun 25cm - Eliassen.nl","description":"Einzigartiger Glastropfen (25cm) mit wei\u00df-brauner Spirale. Mundgeblasenes, massives Kristallglas von Loranto. Ein stimmungsvoller Blickfang f\u00fcr Ihr Interieur.","robots":{"index":"index","follow":"follow","max-snippet":"max-snippet:-1","max-image-preview":"max-image-preview:large","max-video-preview":"max-video-preview:-1"},"canonical":"https:\/\/www.eliassen.nl\/de\/tropfen-kristallglas-spirale-weiss-braun-25cm\/","og_locale":"de_DE","og_type":"article","og_title":"Loranto Tropfen Kristallglas Spirale wei\u00df\/braun 25cm - Eliassen.nl","og_description":"Einzigartiger Glastropfen (25cm) mit wei\u00df-brauner Spirale. Mundgeblasenes, massives Kristallglas von Loranto. Ein stimmungsvoller Blickfang f\u00fcr Ihr Interieur.","og_url":"https:\/\/www.eliassen.nl\/de\/tropfen-kristallglas-spirale-weiss-braun-25cm\/","og_site_name":"Eliassen.nl","article_publisher":"https:\/\/www.facebook.com\/TuincentrumEliassenAmmerzoden","article_modified_time":"2026-02-06T13:49:54+00:00","og_image":[{"width":2000,"height":1333,"url":"https:\/\/www.eliassen.nl\/wp-content\/uploads\/2025\/08\/kristalglas-druppel-spiraal-wit-bruin-Eliassen.nl_.jpg","type":"image\/jpeg"}],"twitter_card":"summary_large_image","schema":{"@context":"https:\/\/schema.org","@graph":[{"@type":"WebPage","@id":"https:\/\/www.eliassen.nl\/de\/tropfen-kristallglas-spirale-weiss-braun-25cm\/","url":"https:\/\/www.eliassen.nl\/de\/tropfen-kristallglas-spirale-weiss-braun-25cm\/","name":"Loranto Tropfen Kristallglas Spirale wei\u00df\/braun 25cm - Eliassen.nl","isPartOf":{"@id":"https:\/\/www.eliassen.nl\/de\/#website"},"primaryImageOfPage":{"@id":"https:\/\/www.eliassen.nl\/de\/tropfen-kristallglas-spirale-weiss-braun-25cm\/#primaryimage"},"image":{"@id":"https:\/\/www.eliassen.nl\/de\/tropfen-kristallglas-spirale-weiss-braun-25cm\/#primaryimage"},"thumbnailUrl":"https:\/\/www.eliassen.nl\/wp-content\/uploads\/2025\/08\/kristalglas-druppel-spiraal-wit-bruin-Eliassen.nl_.jpg","datePublished":"2025-08-29T12:56:18+00:00","dateModified":"2026-02-06T13:49:54+00:00","description":"Einzigartiger Glastropfen (25cm) mit wei\u00df-brauner Spirale. Mundgeblasenes, massives Kristallglas von Loranto. Ein stimmungsvoller Blickfang f\u00fcr Ihr Interieur.","breadcrumb":{"@id":"https:\/\/www.eliassen.nl\/de\/tropfen-kristallglas-spirale-weiss-braun-25cm\/#breadcrumb"},"inLanguage":"de","potentialAction":[{"@type":"ReadAction","target":["https:\/\/www.eliassen.nl\/de\/tropfen-kristallglas-spirale-weiss-braun-25cm\/"]}]},{"@type":"ImageObject","inLanguage":"de","@id":"https:\/\/www.eliassen.nl\/de\/tropfen-kristallglas-spirale-weiss-braun-25cm\/#primaryimage","url":"https:\/\/www.eliassen.nl\/wp-content\/uploads\/2025\/08\/kristalglas-druppel-spiraal-wit-bruin-Eliassen.nl_.jpg","contentUrl":"https:\/\/www.eliassen.nl\/wp-content\/uploads\/2025\/08\/kristalglas-druppel-spiraal-wit-bruin-Eliassen.nl_.jpg","width":2000,"height":1333},{"@type":"BreadcrumbList","@id":"https:\/\/www.eliassen.nl\/de\/tropfen-kristallglas-spirale-weiss-braun-25cm\/#breadcrumb","itemListElement":[{"@type":"ListItem","position":1,"name":"Home","item":"https:\/\/www.eliassen.nl\/de\/"},{"@type":"ListItem","position":2,"name":"Shop","item":"https:\/\/www.eliassen.nl\/de\/shop\/"},{"@type":"ListItem","position":3,"name":"Glaskunst","item":"https:\/\/www.eliassen.nl\/de\/glaskunst\/"},{"@type":"ListItem","position":4,"name":"Tropfen Kristallglas Spirale wei\u00df\/braun 25cm"}]},{"@type":"WebSite","@id":"https:\/\/www.eliassen.nl\/de\/#website","url":"https:\/\/www.eliassen.nl\/de\/","name":"Eliassen Home & Garden Pleasure","description":"","publisher":{"@id":"https:\/\/www.eliassen.nl\/de\/#organization"},"alternateName":"Eliassen.nl","potentialAction":[{"@type":"SearchAction","target":{"@type":"EntryPoint","urlTemplate":"https:\/\/www.eliassen.nl\/de\/?s={search_term_string}"},"query-input":{"@type":"PropertyValueSpecification","valueRequired":true,"valueName":"search_term_string"}}],"inLanguage":"de"},{"@type":["Organization","Place"],"@id":"https:\/\/www.eliassen.nl\/de\/#organization","name":"Eliassen Home & Garden Pleasure","url":"https:\/\/www.eliassen.nl\/de\/","logo":{"@id":"https:\/\/www.eliassen.nl\/de\/tropfen-kristallglas-spirale-weiss-braun-25cm\/#local-main-organization-logo"},"image":{"@id":"https:\/\/www.eliassen.nl\/de\/tropfen-kristallglas-spirale-weiss-braun-25cm\/#local-main-organization-logo"},"sameAs":["https:\/\/www.facebook.com\/TuincentrumEliassenAmmerzoden","https:\/\/www.instagram.com\/eliassenhomeandgarden\/","https:\/\/nl.pinterest.com\/eliassenhomeandgarden\/","https:\/\/www.youtube.com\/@eliassenhomegardenpleasure4558"],"telephone":[],"openingHoursSpecification":[{"@type":"OpeningHoursSpecification","dayOfWeek":["Monday","Tuesday","Wednesday","Thursday","Friday","Saturday","Sunday"],"opens":"09:00","closes":"17:00"}]},{"@type":"ImageObject","inLanguage":"de","@id":"https:\/\/www.eliassen.nl\/de\/tropfen-kristallglas-spirale-weiss-braun-25cm\/#local-main-organization-logo","url":"https:\/\/www.eliassen.nl\/wp-content\/uploads\/2024\/01\/logo_4nd.jpg","contentUrl":"https:\/\/www.eliassen.nl\/wp-content\/uploads\/2024\/01\/logo_4nd.jpg","width":500,"height":500,"caption":"Eliassen Home & Garden Pleasure"}]},"product_price_amount":"129.00","product_price_currency":"EUR","og_availability":"instock","product_availability":"instock","product_retailer_item_id":"5040.br","product_condition":"new"},"df_price":129,"df_sale_price":"","df_regular_price":129,"df_image_link":"https:\/\/www.eliassen.nl\/wp-content\/uploads\/2025\/08\/kristalglas-druppel-spiraal-wit-bruin-Eliassen.nl_-300x200.jpg","image":"https:\/\/www.eliassen.nl\/wp-content\/uploads\/2025\/08\/kristalglas-druppel-spiraal-wit-bruin-Eliassen.nl_-150x150.jpg","price_search":"<span class=\"woocommerce-Price-amount amount\"><bdi><span class=\"woocommerce-Price-currencySymbol\">&euro;<\/span>&nbsp;129,00<\/bdi><\/span>","category":"Briefbeschwerer","global_unique_id":"6096531845887","_links":{"self":[{"href":"https:\/\/www.eliassen.nl\/de\/wp-json\/wp\/v2\/product\/189582","targetHints":{"allow":["GET"]}}],"collection":[{"href":"https:\/\/www.eliassen.nl\/de\/wp-json\/wp\/v2\/product"}],"about":[{"href":"https:\/\/www.eliassen.nl\/de\/wp-json\/wp\/v2\/types\/product"}],"wp:featuredmedia":[{"embeddable":true,"href":"https:\/\/www.eliassen.nl\/de\/wp-json\/wp\/v2\/media\/189536"}],"wp:attachment":[{"href":"https:\/\/www.eliassen.nl\/de\/wp-json\/wp\/v2\/media?parent=189582"}],"wp:term":[{"taxonomy":"product_brand","embeddable":true,"href":"https:\/\/www.eliassen.nl\/de\/wp-json\/wp\/v2\/product_brand?post=189582"},{"taxonomy":"product_cat","embeddable":true,"href":"https:\/\/www.eliassen.nl\/de\/wp-json\/wp\/v2\/product_cat?post=189582"},{"taxonomy":"product_tag","embeddable":true,"href":"https:\/\/www.eliassen.nl\/de\/wp-json\/wp\/v2\/product_tag?post=189582"}],"curies":[{"name":"wp","href":"https:\/\/api.w.org\/{rel}","templated":true}]}}