{"id":189357,"date":"2025-08-26T12:14:35","date_gmt":"2025-08-26T10:14:35","guid":{"rendered":"https:\/\/www.eliassen.nl\/product\/buddha-statue-stehend-mit-wasseranschluss-150cm\/"},"modified":"2026-02-21T15:18:39","modified_gmt":"2026-02-21T14:18:39","slug":"buddha-statue-stehend-mit-wasseranschluss-150cm","status":"publish","type":"product","link":"https:\/\/www.eliassen.nl\/de\/buddha-statue-stehend-mit-wasseranschluss-150cm\/","title":{"rendered":"Buddha-Statue stehend mit Wasseranschluss 150cm"},"content":{"rendered":"<p><strong>Es handelt sich um ein loses Ornament. Erkundigen Sie sich nach den anderen ben\u00f6tigten Teilen.<\/strong><\/p>\n<p>Stehendes Wasser, das Buddha ausspuckt. Aus Kunststein in schwarzer Farbe.<br \/>\nDie Gr\u00f6\u00dfe betr\u00e4gt satte 150 cm. Kann auch als Statue ohne Wasser verwendet werden.<\/p>\n<ul>\n<li>H\u00f6henmessung: 150cm<\/li>\n<li>Opp Gr\u00f6\u00dfe: 35x33cm<\/li>\n<li>Farbe: Schwarz<\/li>\n<li>Hochwertiger Kunststein<\/li>\n<li>Handgemacht<\/li>\n<li>Schnelle Lieferung<\/li>\n<li><strong>Vieles aus dieser Serie ist auch in unserem Gesch\u00e4ft zu sehen<\/strong><\/li>\n<\/ul>\n","protected":false},"excerpt":{"rendered":"<p>Pr\u00e4chtiger Buddha als Statue oder Wasserornament \u2713 Hochwertiger Steinguss<\/p>\n","protected":false},"featured_media":187532,"template":"","meta":{"_acf_changed":false,"_genesis_title":"","_genesis_description":""},"product_brand":[7505],"product_cat":[563,536],"product_tag":[],"class_list":{"0":"post-189357","1":"product","2":"type-product","3":"status-publish","4":"has-post-thumbnail","6":"product_brand-sonstige","7":"product_cat-buddha-brunnen","8":"product_cat-wassereigenschaften","10":"first","11":"instock","12":"taxable","13":"shipping-taxable","14":"purchasable","15":"product-type-simple"},"acf":[],"meta_all":{"total_sales":"0","cor_restricted_countries":[]},"meta_all_flat":{"total_sales":"0"},"yoast_head":"<!-- This site is optimized with the Yoast SEO Premium plugin v26.2 (Yoast SEO v27.2) - https:\/\/yoast.com\/product\/yoast-seo-premium-wordpress\/ -->\n<title>Sonstige Buddha-Statue stehend mit Wasseranschluss 150cm - Eliassen.nl<\/title>\n<meta name=\"description\" content=\"Ein \u00e4u\u00dferst dekorativer Buddha mit der Eigenschaft, dass Sie ihn als Wasserdekoration anschlie\u00dfen k\u00f6nnen. Eine sch\u00f6ne Skulptur in Ihrem Garten. Schnelle Lieferung.\" \/>\n<meta name=\"robots\" content=\"index, follow, max-snippet:-1, max-image-preview:large, max-video-preview:-1\" \/>\n<link rel=\"canonical\" href=\"https:\/\/www.eliassen.nl\/de\/buddha-statue-stehend-mit-wasseranschluss-150cm\/\" \/>\n<meta property=\"og:locale\" content=\"de_DE\" \/>\n<meta property=\"og:type\" content=\"article\" \/>\n<meta property=\"og:title\" content=\"Sonstige Buddha-Statue stehend mit Wasseranschluss 150cm - Eliassen.nl\" \/>\n<meta property=\"og:description\" content=\"Ein \u00e4u\u00dferst dekorativer Buddha mit der Eigenschaft, dass Sie ihn als Wasserdekoration anschlie\u00dfen k\u00f6nnen. Eine sch\u00f6ne Skulptur in Ihrem Garten. Schnelle Lieferung.\" \/>\n<meta property=\"og:url\" content=\"https:\/\/www.eliassen.nl\/de\/buddha-statue-stehend-mit-wasseranschluss-150cm\/\" \/>\n<meta property=\"og:site_name\" content=\"Eliassen.nl\" \/>\n<meta property=\"article:publisher\" content=\"https:\/\/www.facebook.com\/TuincentrumEliassenAmmerzoden\" \/>\n<meta property=\"article:modified_time\" content=\"2026-02-21T14:18:39+00:00\" \/>\n<meta property=\"og:image\" content=\"https:\/\/www.eliassen.nl\/wp-content\/uploads\/2025\/07\/pro-jucmagOo-scaled.jpeg\" \/>\n\t<meta property=\"og:image:width\" content=\"1440\" \/>\n\t<meta property=\"og:image:height\" content=\"2560\" \/>\n\t<meta property=\"og:image:type\" content=\"image\/jpeg\" \/>\n<meta name=\"twitter:card\" content=\"summary_large_image\" \/>\n<script type=\"application\/ld+json\" class=\"yoast-schema-graph\">{\"@context\":\"https:\/\/schema.org\",\"@graph\":[{\"@type\":\"WebPage\",\"@id\":\"https:\/\/www.eliassen.nl\/de\/buddha-statue-stehend-mit-wasseranschluss-150cm\/\",\"url\":\"https:\/\/www.eliassen.nl\/de\/buddha-statue-stehend-mit-wasseranschluss-150cm\/\",\"name\":\"Sonstige Buddha-Statue stehend mit Wasseranschluss 150cm - Eliassen.nl\",\"isPartOf\":{\"@id\":\"https:\/\/www.eliassen.nl\/de\/#website\"},\"primaryImageOfPage\":{\"@id\":\"https:\/\/www.eliassen.nl\/de\/buddha-statue-stehend-mit-wasseranschluss-150cm\/#primaryimage\"},\"image\":{\"@id\":\"https:\/\/www.eliassen.nl\/de\/buddha-statue-stehend-mit-wasseranschluss-150cm\/#primaryimage\"},\"thumbnailUrl\":\"https:\/\/www.eliassen.nl\/wp-content\/uploads\/2025\/07\/pro-jucmagOo-scaled.jpeg\",\"datePublished\":\"2025-08-26T10:14:35+00:00\",\"dateModified\":\"2026-02-21T14:18:39+00:00\",\"description\":\"Ein \u00e4u\u00dferst dekorativer Buddha mit der Eigenschaft, dass Sie ihn als Wasserdekoration anschlie\u00dfen k\u00f6nnen. Eine sch\u00f6ne Skulptur in Ihrem Garten. Schnelle Lieferung.\",\"breadcrumb\":{\"@id\":\"https:\/\/www.eliassen.nl\/de\/buddha-statue-stehend-mit-wasseranschluss-150cm\/#breadcrumb\"},\"inLanguage\":\"de\",\"potentialAction\":[{\"@type\":\"ReadAction\",\"target\":[\"https:\/\/www.eliassen.nl\/de\/buddha-statue-stehend-mit-wasseranschluss-150cm\/\"]}]},{\"@type\":\"ImageObject\",\"inLanguage\":\"de\",\"@id\":\"https:\/\/www.eliassen.nl\/de\/buddha-statue-stehend-mit-wasseranschluss-150cm\/#primaryimage\",\"url\":\"https:\/\/www.eliassen.nl\/wp-content\/uploads\/2025\/07\/pro-jucmagOo-scaled.jpeg\",\"contentUrl\":\"https:\/\/www.eliassen.nl\/wp-content\/uploads\/2025\/07\/pro-jucmagOo-scaled.jpeg\",\"width\":1440,\"height\":2560},{\"@type\":\"BreadcrumbList\",\"@id\":\"https:\/\/www.eliassen.nl\/de\/buddha-statue-stehend-mit-wasseranschluss-150cm\/#breadcrumb\",\"itemListElement\":[{\"@type\":\"ListItem\",\"position\":1,\"name\":\"Home\",\"item\":\"https:\/\/www.eliassen.nl\/de\/\"},{\"@type\":\"ListItem\",\"position\":2,\"name\":\"Shop\",\"item\":\"https:\/\/www.eliassen.nl\/de\/shop\/\"},{\"@type\":\"ListItem\",\"position\":3,\"name\":\"Wasserspiele\",\"item\":\"https:\/\/www.eliassen.nl\/de\/wassereigenschaften\/\"},{\"@type\":\"ListItem\",\"position\":4,\"name\":\"Buddha-Brunnen\",\"item\":\"https:\/\/www.eliassen.nl\/de\/wassereigenschaften\/buddha-brunnen\/\"},{\"@type\":\"ListItem\",\"position\":5,\"name\":\"Buddha-Statue stehend mit Wasseranschluss 150cm\"}]},{\"@type\":\"WebSite\",\"@id\":\"https:\/\/www.eliassen.nl\/de\/#website\",\"url\":\"https:\/\/www.eliassen.nl\/de\/\",\"name\":\"Eliassen Home & Garden Pleasure\",\"description\":\"\",\"publisher\":{\"@id\":\"https:\/\/www.eliassen.nl\/de\/#organization\"},\"alternateName\":\"Eliassen.nl\",\"potentialAction\":[{\"@type\":\"SearchAction\",\"target\":{\"@type\":\"EntryPoint\",\"urlTemplate\":\"https:\/\/www.eliassen.nl\/de\/?s={search_term_string}\"},\"query-input\":{\"@type\":\"PropertyValueSpecification\",\"valueRequired\":true,\"valueName\":\"search_term_string\"}}],\"inLanguage\":\"de\"},{\"@type\":[\"Organization\",\"Place\"],\"@id\":\"https:\/\/www.eliassen.nl\/de\/#organization\",\"name\":\"Eliassen Home & Garden Pleasure\",\"url\":\"https:\/\/www.eliassen.nl\/de\/\",\"logo\":{\"@id\":\"https:\/\/www.eliassen.nl\/de\/buddha-statue-stehend-mit-wasseranschluss-150cm\/#local-main-organization-logo\"},\"image\":{\"@id\":\"https:\/\/www.eliassen.nl\/de\/buddha-statue-stehend-mit-wasseranschluss-150cm\/#local-main-organization-logo\"},\"sameAs\":[\"https:\/\/www.facebook.com\/TuincentrumEliassenAmmerzoden\",\"https:\/\/www.instagram.com\/eliassenhomeandgarden\/\",\"https:\/\/nl.pinterest.com\/eliassenhomeandgarden\/\",\"https:\/\/www.youtube.com\/@eliassenhomegardenpleasure4558\"],\"telephone\":[],\"openingHoursSpecification\":[{\"@type\":\"OpeningHoursSpecification\",\"dayOfWeek\":[\"Monday\",\"Tuesday\",\"Wednesday\",\"Thursday\",\"Friday\",\"Saturday\",\"Sunday\"],\"opens\":\"09:00\",\"closes\":\"17:00\"}]},{\"@type\":\"ImageObject\",\"inLanguage\":\"de\",\"@id\":\"https:\/\/www.eliassen.nl\/de\/buddha-statue-stehend-mit-wasseranschluss-150cm\/#local-main-organization-logo\",\"url\":\"https:\/\/www.eliassen.nl\/wp-content\/uploads\/2024\/01\/logo_4nd.jpg\",\"contentUrl\":\"https:\/\/www.eliassen.nl\/wp-content\/uploads\/2024\/01\/logo_4nd.jpg\",\"width\":500,\"height\":500,\"caption\":\"Eliassen Home & Garden Pleasure\"}]}<\/script>\n<meta property=\"product:price:amount\" content=\"325.00\" \/>\n<meta property=\"product:price:currency\" content=\"EUR\" \/>\n<meta property=\"og:availability\" content=\"instock\" \/>\n<meta property=\"product:availability\" content=\"instock\" \/>\n<meta property=\"product:retailer_item_id\" content=\"brbsf150\" \/>\n<meta property=\"product:condition\" content=\"new\" \/>\n<!-- \/ Yoast SEO Premium plugin. -->","yoast_head_json":{"title":"Sonstige Buddha-Statue stehend mit Wasseranschluss 150cm - Eliassen.nl","description":"Ein \u00e4u\u00dferst dekorativer Buddha mit der Eigenschaft, dass Sie ihn als Wasserdekoration anschlie\u00dfen k\u00f6nnen. Eine sch\u00f6ne Skulptur in Ihrem Garten. Schnelle Lieferung.","robots":{"index":"index","follow":"follow","max-snippet":"max-snippet:-1","max-image-preview":"max-image-preview:large","max-video-preview":"max-video-preview:-1"},"canonical":"https:\/\/www.eliassen.nl\/de\/buddha-statue-stehend-mit-wasseranschluss-150cm\/","og_locale":"de_DE","og_type":"article","og_title":"Sonstige Buddha-Statue stehend mit Wasseranschluss 150cm - Eliassen.nl","og_description":"Ein \u00e4u\u00dferst dekorativer Buddha mit der Eigenschaft, dass Sie ihn als Wasserdekoration anschlie\u00dfen k\u00f6nnen. Eine sch\u00f6ne Skulptur in Ihrem Garten. Schnelle Lieferung.","og_url":"https:\/\/www.eliassen.nl\/de\/buddha-statue-stehend-mit-wasseranschluss-150cm\/","og_site_name":"Eliassen.nl","article_publisher":"https:\/\/www.facebook.com\/TuincentrumEliassenAmmerzoden","article_modified_time":"2026-02-21T14:18:39+00:00","og_image":[{"width":1440,"height":2560,"url":"https:\/\/www.eliassen.nl\/wp-content\/uploads\/2025\/07\/pro-jucmagOo-scaled.jpeg","type":"image\/jpeg"}],"twitter_card":"summary_large_image","schema":{"@context":"https:\/\/schema.org","@graph":[{"@type":"WebPage","@id":"https:\/\/www.eliassen.nl\/de\/buddha-statue-stehend-mit-wasseranschluss-150cm\/","url":"https:\/\/www.eliassen.nl\/de\/buddha-statue-stehend-mit-wasseranschluss-150cm\/","name":"Sonstige Buddha-Statue stehend mit Wasseranschluss 150cm - Eliassen.nl","isPartOf":{"@id":"https:\/\/www.eliassen.nl\/de\/#website"},"primaryImageOfPage":{"@id":"https:\/\/www.eliassen.nl\/de\/buddha-statue-stehend-mit-wasseranschluss-150cm\/#primaryimage"},"image":{"@id":"https:\/\/www.eliassen.nl\/de\/buddha-statue-stehend-mit-wasseranschluss-150cm\/#primaryimage"},"thumbnailUrl":"https:\/\/www.eliassen.nl\/wp-content\/uploads\/2025\/07\/pro-jucmagOo-scaled.jpeg","datePublished":"2025-08-26T10:14:35+00:00","dateModified":"2026-02-21T14:18:39+00:00","description":"Ein \u00e4u\u00dferst dekorativer Buddha mit der Eigenschaft, dass Sie ihn als Wasserdekoration anschlie\u00dfen k\u00f6nnen. Eine sch\u00f6ne Skulptur in Ihrem Garten. Schnelle Lieferung.","breadcrumb":{"@id":"https:\/\/www.eliassen.nl\/de\/buddha-statue-stehend-mit-wasseranschluss-150cm\/#breadcrumb"},"inLanguage":"de","potentialAction":[{"@type":"ReadAction","target":["https:\/\/www.eliassen.nl\/de\/buddha-statue-stehend-mit-wasseranschluss-150cm\/"]}]},{"@type":"ImageObject","inLanguage":"de","@id":"https:\/\/www.eliassen.nl\/de\/buddha-statue-stehend-mit-wasseranschluss-150cm\/#primaryimage","url":"https:\/\/www.eliassen.nl\/wp-content\/uploads\/2025\/07\/pro-jucmagOo-scaled.jpeg","contentUrl":"https:\/\/www.eliassen.nl\/wp-content\/uploads\/2025\/07\/pro-jucmagOo-scaled.jpeg","width":1440,"height":2560},{"@type":"BreadcrumbList","@id":"https:\/\/www.eliassen.nl\/de\/buddha-statue-stehend-mit-wasseranschluss-150cm\/#breadcrumb","itemListElement":[{"@type":"ListItem","position":1,"name":"Home","item":"https:\/\/www.eliassen.nl\/de\/"},{"@type":"ListItem","position":2,"name":"Shop","item":"https:\/\/www.eliassen.nl\/de\/shop\/"},{"@type":"ListItem","position":3,"name":"Wasserspiele","item":"https:\/\/www.eliassen.nl\/de\/wassereigenschaften\/"},{"@type":"ListItem","position":4,"name":"Buddha-Brunnen","item":"https:\/\/www.eliassen.nl\/de\/wassereigenschaften\/buddha-brunnen\/"},{"@type":"ListItem","position":5,"name":"Buddha-Statue stehend mit Wasseranschluss 150cm"}]},{"@type":"WebSite","@id":"https:\/\/www.eliassen.nl\/de\/#website","url":"https:\/\/www.eliassen.nl\/de\/","name":"Eliassen Home & Garden Pleasure","description":"","publisher":{"@id":"https:\/\/www.eliassen.nl\/de\/#organization"},"alternateName":"Eliassen.nl","potentialAction":[{"@type":"SearchAction","target":{"@type":"EntryPoint","urlTemplate":"https:\/\/www.eliassen.nl\/de\/?s={search_term_string}"},"query-input":{"@type":"PropertyValueSpecification","valueRequired":true,"valueName":"search_term_string"}}],"inLanguage":"de"},{"@type":["Organization","Place"],"@id":"https:\/\/www.eliassen.nl\/de\/#organization","name":"Eliassen Home & Garden Pleasure","url":"https:\/\/www.eliassen.nl\/de\/","logo":{"@id":"https:\/\/www.eliassen.nl\/de\/buddha-statue-stehend-mit-wasseranschluss-150cm\/#local-main-organization-logo"},"image":{"@id":"https:\/\/www.eliassen.nl\/de\/buddha-statue-stehend-mit-wasseranschluss-150cm\/#local-main-organization-logo"},"sameAs":["https:\/\/www.facebook.com\/TuincentrumEliassenAmmerzoden","https:\/\/www.instagram.com\/eliassenhomeandgarden\/","https:\/\/nl.pinterest.com\/eliassenhomeandgarden\/","https:\/\/www.youtube.com\/@eliassenhomegardenpleasure4558"],"telephone":[],"openingHoursSpecification":[{"@type":"OpeningHoursSpecification","dayOfWeek":["Monday","Tuesday","Wednesday","Thursday","Friday","Saturday","Sunday"],"opens":"09:00","closes":"17:00"}]},{"@type":"ImageObject","inLanguage":"de","@id":"https:\/\/www.eliassen.nl\/de\/buddha-statue-stehend-mit-wasseranschluss-150cm\/#local-main-organization-logo","url":"https:\/\/www.eliassen.nl\/wp-content\/uploads\/2024\/01\/logo_4nd.jpg","contentUrl":"https:\/\/www.eliassen.nl\/wp-content\/uploads\/2024\/01\/logo_4nd.jpg","width":500,"height":500,"caption":"Eliassen Home & Garden Pleasure"}]},"product_price_amount":"325.00","product_price_currency":"EUR","og_availability":"instock","product_availability":"instock","product_retailer_item_id":"brbsf150","product_condition":"new"},"df_price":325,"df_sale_price":"","df_regular_price":325,"df_image_link":"https:\/\/www.eliassen.nl\/wp-content\/uploads\/2025\/07\/pro-jucmagOo-169x300.jpeg","image":"https:\/\/www.eliassen.nl\/wp-content\/uploads\/2025\/07\/pro-jucmagOo-150x150.jpeg","price_search":"<span class=\"woocommerce-Price-amount amount\"><bdi><span class=\"woocommerce-Price-currencySymbol\">&euro;<\/span>&nbsp;325,00<\/bdi><\/span>","category":"Buddha-Brunnen","global_unique_id":"6096524475480","_links":{"self":[{"href":"https:\/\/www.eliassen.nl\/de\/wp-json\/wp\/v2\/product\/189357","targetHints":{"allow":["GET"]}}],"collection":[{"href":"https:\/\/www.eliassen.nl\/de\/wp-json\/wp\/v2\/product"}],"about":[{"href":"https:\/\/www.eliassen.nl\/de\/wp-json\/wp\/v2\/types\/product"}],"wp:featuredmedia":[{"embeddable":true,"href":"https:\/\/www.eliassen.nl\/de\/wp-json\/wp\/v2\/media\/187532"}],"wp:attachment":[{"href":"https:\/\/www.eliassen.nl\/de\/wp-json\/wp\/v2\/media?parent=189357"}],"wp:term":[{"taxonomy":"product_brand","embeddable":true,"href":"https:\/\/www.eliassen.nl\/de\/wp-json\/wp\/v2\/product_brand?post=189357"},{"taxonomy":"product_cat","embeddable":true,"href":"https:\/\/www.eliassen.nl\/de\/wp-json\/wp\/v2\/product_cat?post=189357"},{"taxonomy":"product_tag","embeddable":true,"href":"https:\/\/www.eliassen.nl\/de\/wp-json\/wp\/v2\/product_tag?post=189357"}],"curies":[{"name":"wp","href":"https:\/\/api.w.org\/{rel}","templated":true}]}}