{"id":189353,"date":"2025-08-26T12:11:27","date_gmt":"2025-08-26T10:11:27","guid":{"rendered":"https:\/\/www.eliassen.nl\/product\/frosch-yoga-staender-meditation-90cm\/"},"modified":"2026-03-27T09:03:48","modified_gmt":"2026-03-27T08:03:48","slug":"frosch-yoga-staender-meditation-90cm","status":"publish","type":"product","link":"https:\/\/www.eliassen.nl\/de\/frosch-yoga-staender-meditation-90cm\/","title":{"rendered":"Frosch Yoga-St\u00e4nder Meditation 90cm"},"content":{"rendered":"<p>Mit unseren Skulpturen k\u00f6nnen Sie eine entspannende Atmosph\u00e4re in Ihrem Garten, Ihrem Gesch\u00e4ft, Ihrer Praxis oder Ihrem Zuhause schaffen.<br \/>\nDiese Statue des gro\u00dfen meditierenden Frosches ist aus hochwertigem Steinguss mit einem sehr hohen Zementanteil gefertigt, wodurch alle diese Statuen allen Witterungsbedingungen m\u00fchelos standhalten k\u00f6nnen. Die Farbe ist schwarz und kann immer leicht vom Foto abweichen, da die gesamte Serie von Hand gefertigt wird. Froschstatuen werden auch oft an Freunde verschenkt, denn Fr\u00f6sche symbolisieren Wohlstand, Freundschaft und \u00dcberfluss.<\/p>\n<ul>\n<li>H\u00f6henmessung: 90cm<\/li>\n<li>Gr\u00f6\u00dfe der Oberfl\u00e4che ca. 54x45cm<\/li>\n<li>Hochwertiger Kunststein<\/li>\n<li>Handgemacht<\/li>\n<li>Schnelle Lieferung<\/li>\n<li><strong>Vieles aus dieser Serie ist auch in unserem Gesch\u00e4ft zu sehen<\/strong><\/li>\n<\/ul>\n","protected":false},"excerpt":{"rendered":"<p>\u00c4u\u00dferst dekorativ \u2713 Hochwertiger Kunststein<\/p>\n","protected":false},"featured_media":189346,"template":"","meta":{"_acf_changed":false,"_genesis_title":"","_genesis_description":""},"product_brand":[7505],"product_cat":[677,698,7239],"product_tag":[],"class_list":{"0":"post-189353","1":"product","2":"type-product","3":"status-publish","4":"has-post-thumbnail","6":"product_brand-sonstige","7":"product_cat-betonstatuen","8":"product_cat-tierbilder","9":"product_cat-bilder","11":"first","12":"outofstock","13":"taxable","14":"shipping-taxable","15":"purchasable","16":"product-type-simple"},"acf":[],"meta_all":{"total_sales":"2","cor_restricted_countries":[]},"meta_all_flat":{"total_sales":"2"},"yoast_head":"<!-- This site is optimized with the Yoast SEO Premium plugin v26.2 (Yoast SEO v27.2) - https:\/\/yoast.com\/product\/yoast-seo-premium-wordpress\/ -->\n<title>Sonstige Frosch Yoga-St\u00e4nder Meditation 90cm - Eliassen.nl<\/title>\n<meta name=\"description\" content=\"Eine wundersch\u00f6ne Skulptur aus hochwertigem Beton in Form eines meditierenden Frosches mit einer stolzen H\u00f6he von 90 cm. Lange Lebensdauer und schnelle Lieferung.\" \/>\n<meta name=\"robots\" content=\"index, follow, max-snippet:-1, max-image-preview:large, max-video-preview:-1\" \/>\n<link rel=\"canonical\" href=\"https:\/\/www.eliassen.nl\/de\/frosch-yoga-staender-meditation-90cm\/\" \/>\n<meta property=\"og:locale\" content=\"de_DE\" \/>\n<meta property=\"og:type\" content=\"article\" \/>\n<meta property=\"og:title\" content=\"Sonstige Frosch Yoga-St\u00e4nder Meditation 90cm - Eliassen.nl\" \/>\n<meta property=\"og:description\" content=\"Eine wundersch\u00f6ne Skulptur aus hochwertigem Beton in Form eines meditierenden Frosches mit einer stolzen H\u00f6he von 90 cm. Lange Lebensdauer und schnelle Lieferung.\" \/>\n<meta property=\"og:url\" content=\"https:\/\/www.eliassen.nl\/de\/frosch-yoga-staender-meditation-90cm\/\" \/>\n<meta property=\"og:site_name\" content=\"Eliassen.nl\" \/>\n<meta property=\"article:publisher\" content=\"https:\/\/www.facebook.com\/TuincentrumEliassenAmmerzoden\" \/>\n<meta property=\"article:modified_time\" content=\"2026-03-27T08:03:48+00:00\" \/>\n<meta property=\"og:image\" content=\"https:\/\/www.eliassen.nl\/wp-content\/uploads\/2025\/08\/Grote-kikker-90cm-Eliassen.nl-BR-MF-90.jpeg\" \/>\n\t<meta property=\"og:image:width\" content=\"1200\" \/>\n\t<meta property=\"og:image:height\" content=\"1600\" \/>\n\t<meta property=\"og:image:type\" content=\"image\/jpeg\" \/>\n<meta name=\"twitter:card\" content=\"summary_large_image\" \/>\n<script type=\"application\/ld+json\" class=\"yoast-schema-graph\">{\"@context\":\"https:\/\/schema.org\",\"@graph\":[{\"@type\":\"WebPage\",\"@id\":\"https:\/\/www.eliassen.nl\/de\/frosch-yoga-staender-meditation-90cm\/\",\"url\":\"https:\/\/www.eliassen.nl\/de\/frosch-yoga-staender-meditation-90cm\/\",\"name\":\"Sonstige Frosch Yoga-St\u00e4nder Meditation 90cm - Eliassen.nl\",\"isPartOf\":{\"@id\":\"https:\/\/www.eliassen.nl\/de\/#website\"},\"primaryImageOfPage\":{\"@id\":\"https:\/\/www.eliassen.nl\/de\/frosch-yoga-staender-meditation-90cm\/#primaryimage\"},\"image\":{\"@id\":\"https:\/\/www.eliassen.nl\/de\/frosch-yoga-staender-meditation-90cm\/#primaryimage\"},\"thumbnailUrl\":\"https:\/\/www.eliassen.nl\/wp-content\/uploads\/2025\/08\/Grote-kikker-90cm-Eliassen.nl-BR-MF-90.jpeg\",\"datePublished\":\"2025-08-26T10:11:27+00:00\",\"dateModified\":\"2026-03-27T08:03:48+00:00\",\"description\":\"Eine wundersch\u00f6ne Skulptur aus hochwertigem Beton in Form eines meditierenden Frosches mit einer stolzen H\u00f6he von 90 cm. Lange Lebensdauer und schnelle Lieferung.\",\"breadcrumb\":{\"@id\":\"https:\/\/www.eliassen.nl\/de\/frosch-yoga-staender-meditation-90cm\/#breadcrumb\"},\"inLanguage\":\"de\",\"potentialAction\":[{\"@type\":\"ReadAction\",\"target\":[\"https:\/\/www.eliassen.nl\/de\/frosch-yoga-staender-meditation-90cm\/\"]}]},{\"@type\":\"ImageObject\",\"inLanguage\":\"de\",\"@id\":\"https:\/\/www.eliassen.nl\/de\/frosch-yoga-staender-meditation-90cm\/#primaryimage\",\"url\":\"https:\/\/www.eliassen.nl\/wp-content\/uploads\/2025\/08\/Grote-kikker-90cm-Eliassen.nl-BR-MF-90.jpeg\",\"contentUrl\":\"https:\/\/www.eliassen.nl\/wp-content\/uploads\/2025\/08\/Grote-kikker-90cm-Eliassen.nl-BR-MF-90.jpeg\",\"width\":1200,\"height\":1600},{\"@type\":\"BreadcrumbList\",\"@id\":\"https:\/\/www.eliassen.nl\/de\/frosch-yoga-staender-meditation-90cm\/#breadcrumb\",\"itemListElement\":[{\"@type\":\"ListItem\",\"position\":1,\"name\":\"Home\",\"item\":\"https:\/\/www.eliassen.nl\/de\/\"},{\"@type\":\"ListItem\",\"position\":2,\"name\":\"Shop\",\"item\":\"https:\/\/www.eliassen.nl\/de\/shop\/\"},{\"@type\":\"ListItem\",\"position\":3,\"name\":\"Bilder\",\"item\":\"https:\/\/www.eliassen.nl\/de\/bilder\/\"},{\"@type\":\"ListItem\",\"position\":4,\"name\":\"Betonstatuen\",\"item\":\"https:\/\/www.eliassen.nl\/de\/bilder\/betonstatuen\/\"},{\"@type\":\"ListItem\",\"position\":5,\"name\":\"Tierstatuen aus Beton\",\"item\":\"https:\/\/www.eliassen.nl\/de\/bilder\/betonstatuen\/tierbilder\/\"},{\"@type\":\"ListItem\",\"position\":6,\"name\":\"Frosch Yoga-St\u00e4nder Meditation 90cm\"}]},{\"@type\":\"WebSite\",\"@id\":\"https:\/\/www.eliassen.nl\/de\/#website\",\"url\":\"https:\/\/www.eliassen.nl\/de\/\",\"name\":\"Eliassen Home & Garden Pleasure\",\"description\":\"\",\"publisher\":{\"@id\":\"https:\/\/www.eliassen.nl\/de\/#organization\"},\"alternateName\":\"Eliassen.nl\",\"potentialAction\":[{\"@type\":\"SearchAction\",\"target\":{\"@type\":\"EntryPoint\",\"urlTemplate\":\"https:\/\/www.eliassen.nl\/de\/?s={search_term_string}\"},\"query-input\":{\"@type\":\"PropertyValueSpecification\",\"valueRequired\":true,\"valueName\":\"search_term_string\"}}],\"inLanguage\":\"de\"},{\"@type\":[\"Organization\",\"Place\"],\"@id\":\"https:\/\/www.eliassen.nl\/de\/#organization\",\"name\":\"Eliassen Home & Garden Pleasure\",\"url\":\"https:\/\/www.eliassen.nl\/de\/\",\"logo\":{\"@id\":\"https:\/\/www.eliassen.nl\/de\/frosch-yoga-staender-meditation-90cm\/#local-main-organization-logo\"},\"image\":{\"@id\":\"https:\/\/www.eliassen.nl\/de\/frosch-yoga-staender-meditation-90cm\/#local-main-organization-logo\"},\"sameAs\":[\"https:\/\/www.facebook.com\/TuincentrumEliassenAmmerzoden\",\"https:\/\/www.instagram.com\/eliassenhomeandgarden\/\",\"https:\/\/nl.pinterest.com\/eliassenhomeandgarden\/\",\"https:\/\/www.youtube.com\/@eliassenhomegardenpleasure4558\"],\"telephone\":[],\"openingHoursSpecification\":[{\"@type\":\"OpeningHoursSpecification\",\"dayOfWeek\":[\"Monday\",\"Tuesday\",\"Wednesday\",\"Thursday\",\"Friday\",\"Saturday\",\"Sunday\"],\"opens\":\"09:00\",\"closes\":\"17:00\"}]},{\"@type\":\"ImageObject\",\"inLanguage\":\"de\",\"@id\":\"https:\/\/www.eliassen.nl\/de\/frosch-yoga-staender-meditation-90cm\/#local-main-organization-logo\",\"url\":\"https:\/\/www.eliassen.nl\/wp-content\/uploads\/2024\/01\/logo_4nd.jpg\",\"contentUrl\":\"https:\/\/www.eliassen.nl\/wp-content\/uploads\/2024\/01\/logo_4nd.jpg\",\"width\":500,\"height\":500,\"caption\":\"Eliassen Home & Garden Pleasure\"}]}<\/script>\n<meta property=\"product:price:amount\" content=\"299.00\" \/>\n<meta property=\"product:price:currency\" content=\"EUR\" \/>\n<meta property=\"og:availability\" content=\"out of stock\" \/>\n<meta property=\"product:availability\" content=\"out of stock\" \/>\n<meta property=\"product:retailer_item_id\" content=\"brmf90\" \/>\n<meta property=\"product:condition\" content=\"new\" \/>\n<!-- \/ Yoast SEO Premium plugin. -->","yoast_head_json":{"title":"Sonstige Frosch Yoga-St\u00e4nder Meditation 90cm - Eliassen.nl","description":"Eine wundersch\u00f6ne Skulptur aus hochwertigem Beton in Form eines meditierenden Frosches mit einer stolzen H\u00f6he von 90 cm. Lange Lebensdauer und schnelle Lieferung.","robots":{"index":"index","follow":"follow","max-snippet":"max-snippet:-1","max-image-preview":"max-image-preview:large","max-video-preview":"max-video-preview:-1"},"canonical":"https:\/\/www.eliassen.nl\/de\/frosch-yoga-staender-meditation-90cm\/","og_locale":"de_DE","og_type":"article","og_title":"Sonstige Frosch Yoga-St\u00e4nder Meditation 90cm - Eliassen.nl","og_description":"Eine wundersch\u00f6ne Skulptur aus hochwertigem Beton in Form eines meditierenden Frosches mit einer stolzen H\u00f6he von 90 cm. Lange Lebensdauer und schnelle Lieferung.","og_url":"https:\/\/www.eliassen.nl\/de\/frosch-yoga-staender-meditation-90cm\/","og_site_name":"Eliassen.nl","article_publisher":"https:\/\/www.facebook.com\/TuincentrumEliassenAmmerzoden","article_modified_time":"2026-03-27T08:03:48+00:00","og_image":[{"width":1200,"height":1600,"url":"https:\/\/www.eliassen.nl\/wp-content\/uploads\/2025\/08\/Grote-kikker-90cm-Eliassen.nl-BR-MF-90.jpeg","type":"image\/jpeg"}],"twitter_card":"summary_large_image","schema":{"@context":"https:\/\/schema.org","@graph":[{"@type":"WebPage","@id":"https:\/\/www.eliassen.nl\/de\/frosch-yoga-staender-meditation-90cm\/","url":"https:\/\/www.eliassen.nl\/de\/frosch-yoga-staender-meditation-90cm\/","name":"Sonstige Frosch Yoga-St\u00e4nder Meditation 90cm - Eliassen.nl","isPartOf":{"@id":"https:\/\/www.eliassen.nl\/de\/#website"},"primaryImageOfPage":{"@id":"https:\/\/www.eliassen.nl\/de\/frosch-yoga-staender-meditation-90cm\/#primaryimage"},"image":{"@id":"https:\/\/www.eliassen.nl\/de\/frosch-yoga-staender-meditation-90cm\/#primaryimage"},"thumbnailUrl":"https:\/\/www.eliassen.nl\/wp-content\/uploads\/2025\/08\/Grote-kikker-90cm-Eliassen.nl-BR-MF-90.jpeg","datePublished":"2025-08-26T10:11:27+00:00","dateModified":"2026-03-27T08:03:48+00:00","description":"Eine wundersch\u00f6ne Skulptur aus hochwertigem Beton in Form eines meditierenden Frosches mit einer stolzen H\u00f6he von 90 cm. Lange Lebensdauer und schnelle Lieferung.","breadcrumb":{"@id":"https:\/\/www.eliassen.nl\/de\/frosch-yoga-staender-meditation-90cm\/#breadcrumb"},"inLanguage":"de","potentialAction":[{"@type":"ReadAction","target":["https:\/\/www.eliassen.nl\/de\/frosch-yoga-staender-meditation-90cm\/"]}]},{"@type":"ImageObject","inLanguage":"de","@id":"https:\/\/www.eliassen.nl\/de\/frosch-yoga-staender-meditation-90cm\/#primaryimage","url":"https:\/\/www.eliassen.nl\/wp-content\/uploads\/2025\/08\/Grote-kikker-90cm-Eliassen.nl-BR-MF-90.jpeg","contentUrl":"https:\/\/www.eliassen.nl\/wp-content\/uploads\/2025\/08\/Grote-kikker-90cm-Eliassen.nl-BR-MF-90.jpeg","width":1200,"height":1600},{"@type":"BreadcrumbList","@id":"https:\/\/www.eliassen.nl\/de\/frosch-yoga-staender-meditation-90cm\/#breadcrumb","itemListElement":[{"@type":"ListItem","position":1,"name":"Home","item":"https:\/\/www.eliassen.nl\/de\/"},{"@type":"ListItem","position":2,"name":"Shop","item":"https:\/\/www.eliassen.nl\/de\/shop\/"},{"@type":"ListItem","position":3,"name":"Bilder","item":"https:\/\/www.eliassen.nl\/de\/bilder\/"},{"@type":"ListItem","position":4,"name":"Betonstatuen","item":"https:\/\/www.eliassen.nl\/de\/bilder\/betonstatuen\/"},{"@type":"ListItem","position":5,"name":"Tierstatuen aus Beton","item":"https:\/\/www.eliassen.nl\/de\/bilder\/betonstatuen\/tierbilder\/"},{"@type":"ListItem","position":6,"name":"Frosch Yoga-St\u00e4nder Meditation 90cm"}]},{"@type":"WebSite","@id":"https:\/\/www.eliassen.nl\/de\/#website","url":"https:\/\/www.eliassen.nl\/de\/","name":"Eliassen Home & Garden Pleasure","description":"","publisher":{"@id":"https:\/\/www.eliassen.nl\/de\/#organization"},"alternateName":"Eliassen.nl","potentialAction":[{"@type":"SearchAction","target":{"@type":"EntryPoint","urlTemplate":"https:\/\/www.eliassen.nl\/de\/?s={search_term_string}"},"query-input":{"@type":"PropertyValueSpecification","valueRequired":true,"valueName":"search_term_string"}}],"inLanguage":"de"},{"@type":["Organization","Place"],"@id":"https:\/\/www.eliassen.nl\/de\/#organization","name":"Eliassen Home & Garden Pleasure","url":"https:\/\/www.eliassen.nl\/de\/","logo":{"@id":"https:\/\/www.eliassen.nl\/de\/frosch-yoga-staender-meditation-90cm\/#local-main-organization-logo"},"image":{"@id":"https:\/\/www.eliassen.nl\/de\/frosch-yoga-staender-meditation-90cm\/#local-main-organization-logo"},"sameAs":["https:\/\/www.facebook.com\/TuincentrumEliassenAmmerzoden","https:\/\/www.instagram.com\/eliassenhomeandgarden\/","https:\/\/nl.pinterest.com\/eliassenhomeandgarden\/","https:\/\/www.youtube.com\/@eliassenhomegardenpleasure4558"],"telephone":[],"openingHoursSpecification":[{"@type":"OpeningHoursSpecification","dayOfWeek":["Monday","Tuesday","Wednesday","Thursday","Friday","Saturday","Sunday"],"opens":"09:00","closes":"17:00"}]},{"@type":"ImageObject","inLanguage":"de","@id":"https:\/\/www.eliassen.nl\/de\/frosch-yoga-staender-meditation-90cm\/#local-main-organization-logo","url":"https:\/\/www.eliassen.nl\/wp-content\/uploads\/2024\/01\/logo_4nd.jpg","contentUrl":"https:\/\/www.eliassen.nl\/wp-content\/uploads\/2024\/01\/logo_4nd.jpg","width":500,"height":500,"caption":"Eliassen Home & Garden Pleasure"}]},"product_price_amount":"299.00","product_price_currency":"EUR","og_availability":"out of stock","product_availability":"out of stock","product_retailer_item_id":"brmf90","product_condition":"new"},"df_price":299,"df_sale_price":"","df_regular_price":299,"df_image_link":"https:\/\/www.eliassen.nl\/wp-content\/uploads\/2025\/08\/Grote-kikker-90cm-Eliassen.nl-BR-MF-90-225x300.jpeg","image":"https:\/\/www.eliassen.nl\/wp-content\/uploads\/2025\/08\/Grote-kikker-90cm-Eliassen.nl-BR-MF-90-150x150.jpeg","price_search":"<span class=\"woocommerce-Price-amount amount\"><bdi><span class=\"woocommerce-Price-currencySymbol\">&euro;<\/span>&nbsp;299,00<\/bdi><\/span>","category":"Betonstatuen","global_unique_id":"6096520763796","_links":{"self":[{"href":"https:\/\/www.eliassen.nl\/de\/wp-json\/wp\/v2\/product\/189353","targetHints":{"allow":["GET"]}}],"collection":[{"href":"https:\/\/www.eliassen.nl\/de\/wp-json\/wp\/v2\/product"}],"about":[{"href":"https:\/\/www.eliassen.nl\/de\/wp-json\/wp\/v2\/types\/product"}],"wp:featuredmedia":[{"embeddable":true,"href":"https:\/\/www.eliassen.nl\/de\/wp-json\/wp\/v2\/media\/189346"}],"wp:attachment":[{"href":"https:\/\/www.eliassen.nl\/de\/wp-json\/wp\/v2\/media?parent=189353"}],"wp:term":[{"taxonomy":"product_brand","embeddable":true,"href":"https:\/\/www.eliassen.nl\/de\/wp-json\/wp\/v2\/product_brand?post=189353"},{"taxonomy":"product_cat","embeddable":true,"href":"https:\/\/www.eliassen.nl\/de\/wp-json\/wp\/v2\/product_cat?post=189353"},{"taxonomy":"product_tag","embeddable":true,"href":"https:\/\/www.eliassen.nl\/de\/wp-json\/wp\/v2\/product_tag?post=189353"}],"curies":[{"name":"wp","href":"https:\/\/api.w.org\/{rel}","templated":true}]}}