{"id":189165,"date":"2025-08-21T21:10:30","date_gmt":"2025-08-21T19:10:30","guid":{"rendered":"https:\/\/www.eliassen.nl\/product\/garten-lounge-sofa-3-sitzer-borneo\/"},"modified":"2026-01-16T16:05:09","modified_gmt":"2026-01-16T15:05:09","slug":"garten-lounge-sofa-3-sitzer-borneo","status":"publish","type":"product","link":"https:\/\/www.eliassen.nl\/de\/garten-lounge-sofa-3-sitzer-borneo\/","title":{"rendered":"Garten Lounge Sofa 3-Sitzer Borneo"},"content":{"rendered":"<p>Auf der Borneo Lounge Gartenbank l\u00e4sst es sich herrlich sitzen. Dieses Sofa bietet dank seiner ausgeh\u00f6hlten Sitzfl\u00e4che und R\u00fcckenlehne ein tolles Sitzvergn\u00fcgen. In Kombination mit dem niedrigen Sitz, der tiefen Sitzfl\u00e4che und dem richtigen Winkel der R\u00fcckenlehne ist das Borneo-Sofa viel bequemer.<\/p>\n<p>Die Gartenbank ist aus neuem Teakholz gefertigt, das von Plantagen in Indonesien bezogen wird. Dieses Holz wird speziell f\u00fcr die Herstellung von M\u00f6beln und Wohndekoration angebaut. Das neue Holz verleiht den Produkten eine feinere Oberfl\u00e4che und ein festeres Aussehen als recyceltes Teakholz. Jedes Produkt sieht aufgrund der unterschiedlichen Maserungsstruktur anders aus, was jedem Produkt ein eigenes Aussehen verleiht. Erfahrene Handwerker in Indonesien stellen alle Teile mit Sorgfalt und Leidenschaft von Hand her. Damit Sie lange Freude an Ihrem Teakholzstuhl haben, empfehlen wir die Verwendung von Teakholz\u00f6l.<\/p>\n<p>58 Sitzbreite<\/p>\n<p>38 Sitzh\u00f6he<\/p>\n<p>48 Sitztiefe<\/p>\n","protected":false},"excerpt":{"rendered":"<p>Auf der Borneo Lounge Gartenbank l\u00e4sst es sich herrlich sitzen. Dieses Sofa bietet dank seiner ausgeh\u00f6hlten Sitzfl\u00e4che und R\u00fcckenlehne ein tolles Sitzvergn\u00fcgen. In Kombination mit dem niedrigen Sitz, der tiefen Sitzfl\u00e4che und dem richtigen Winkel der R\u00fcckenlehne ist das Borneo-Sofa viel bequemer. Die Gartenbank ist aus neuem Teakholz gefertigt, das von Plantagen in Indonesien bezogen &hellip;<\/p>\n","protected":false},"featured_media":186175,"template":"","meta":{"_acf_changed":false,"_genesis_title":"","_genesis_description":""},"product_brand":[7505],"product_cat":[806,761,752],"product_tag":[],"class_list":{"0":"post-189165","1":"product","2":"type-product","3":"status-publish","4":"has-post-thumbnail","6":"product_brand-sonstige","7":"product_cat-gartenbaenke","8":"product_cat-gartenmoebel","9":"product_cat-weitere-artikel","11":"first","12":"instock","13":"taxable","14":"shipping-taxable","15":"purchasable","16":"product-type-simple"},"acf":[],"meta_all":{"total_sales":"0","cor_restricted_countries":[]},"meta_all_flat":{"total_sales":"0"},"yoast_head":"<!-- This site is optimized with the Yoast SEO Premium plugin v26.2 (Yoast SEO v27.2) - https:\/\/yoast.com\/product\/yoast-seo-premium-wordpress\/ -->\n<title>Sonstige Garten Lounge Sofa 3-Sitzer Borneo - Eliassen.nl<\/title>\n<meta name=\"robots\" content=\"index, follow, max-snippet:-1, max-image-preview:large, max-video-preview:-1\" \/>\n<link rel=\"canonical\" href=\"https:\/\/www.eliassen.nl\/de\/garten-lounge-sofa-3-sitzer-borneo\/\" \/>\n<meta property=\"og:locale\" content=\"de_DE\" \/>\n<meta property=\"og:type\" content=\"article\" \/>\n<meta property=\"og:title\" content=\"Sonstige Garten Lounge Sofa 3-Sitzer Borneo - Eliassen.nl\" \/>\n<meta property=\"og:description\" content=\"Auf der Borneo Lounge Gartenbank l\u00e4sst es sich herrlich sitzen. Dieses Sofa bietet dank seiner ausgeh\u00f6hlten Sitzfl\u00e4che und R\u00fcckenlehne ein tolles Sitzvergn\u00fcgen. In Kombination mit dem niedrigen Sitz, der tiefen Sitzfl\u00e4che und dem richtigen Winkel der R\u00fcckenlehne ist das Borneo-Sofa viel bequemer. Die Gartenbank ist aus neuem Teakholz gefertigt, das von Plantagen in Indonesien bezogen &hellip;\" \/>\n<meta property=\"og:url\" content=\"https:\/\/www.eliassen.nl\/de\/garten-lounge-sofa-3-sitzer-borneo\/\" \/>\n<meta property=\"og:site_name\" content=\"Eliassen.nl\" \/>\n<meta property=\"article:publisher\" content=\"https:\/\/www.facebook.com\/TuincentrumEliassenAmmerzoden\" \/>\n<meta property=\"article:modified_time\" content=\"2026-01-16T15:05:09+00:00\" \/>\n<meta property=\"og:image\" content=\"https:\/\/www.eliassen.nl\/wp-content\/uploads\/2025\/06\/tuinbank-3-zits-borneo-Eliassen.nl_.png\" \/>\n\t<meta property=\"og:image:width\" content=\"1200\" \/>\n\t<meta property=\"og:image:height\" content=\"1200\" \/>\n\t<meta property=\"og:image:type\" content=\"image\/png\" \/>\n<meta name=\"twitter:card\" content=\"summary_large_image\" \/>\n<script type=\"application\/ld+json\" class=\"yoast-schema-graph\">{\"@context\":\"https:\/\/schema.org\",\"@graph\":[{\"@type\":\"WebPage\",\"@id\":\"https:\/\/www.eliassen.nl\/de\/garten-lounge-sofa-3-sitzer-borneo\/\",\"url\":\"https:\/\/www.eliassen.nl\/de\/garten-lounge-sofa-3-sitzer-borneo\/\",\"name\":\"Sonstige Garten Lounge Sofa 3-Sitzer Borneo - Eliassen.nl\",\"isPartOf\":{\"@id\":\"https:\/\/www.eliassen.nl\/de\/#website\"},\"primaryImageOfPage\":{\"@id\":\"https:\/\/www.eliassen.nl\/de\/garten-lounge-sofa-3-sitzer-borneo\/#primaryimage\"},\"image\":{\"@id\":\"https:\/\/www.eliassen.nl\/de\/garten-lounge-sofa-3-sitzer-borneo\/#primaryimage\"},\"thumbnailUrl\":\"https:\/\/www.eliassen.nl\/wp-content\/uploads\/2025\/06\/tuinbank-3-zits-borneo-Eliassen.nl_.png\",\"datePublished\":\"2025-08-21T19:10:30+00:00\",\"dateModified\":\"2026-01-16T15:05:09+00:00\",\"breadcrumb\":{\"@id\":\"https:\/\/www.eliassen.nl\/de\/garten-lounge-sofa-3-sitzer-borneo\/#breadcrumb\"},\"inLanguage\":\"de\",\"potentialAction\":[{\"@type\":\"ReadAction\",\"target\":[\"https:\/\/www.eliassen.nl\/de\/garten-lounge-sofa-3-sitzer-borneo\/\"]}]},{\"@type\":\"ImageObject\",\"inLanguage\":\"de\",\"@id\":\"https:\/\/www.eliassen.nl\/de\/garten-lounge-sofa-3-sitzer-borneo\/#primaryimage\",\"url\":\"https:\/\/www.eliassen.nl\/wp-content\/uploads\/2025\/06\/tuinbank-3-zits-borneo-Eliassen.nl_.png\",\"contentUrl\":\"https:\/\/www.eliassen.nl\/wp-content\/uploads\/2025\/06\/tuinbank-3-zits-borneo-Eliassen.nl_.png\",\"width\":1200,\"height\":1200},{\"@type\":\"BreadcrumbList\",\"@id\":\"https:\/\/www.eliassen.nl\/de\/garten-lounge-sofa-3-sitzer-borneo\/#breadcrumb\",\"itemListElement\":[{\"@type\":\"ListItem\",\"position\":1,\"name\":\"Home\",\"item\":\"https:\/\/www.eliassen.nl\/de\/\"},{\"@type\":\"ListItem\",\"position\":2,\"name\":\"Shop\",\"item\":\"https:\/\/www.eliassen.nl\/de\/shop\/\"},{\"@type\":\"ListItem\",\"position\":3,\"name\":\"Weitere Artikel\",\"item\":\"https:\/\/www.eliassen.nl\/de\/weitere-artikel\/\"},{\"@type\":\"ListItem\",\"position\":4,\"name\":\"Garten Lounge Sofa 3-Sitzer Borneo\"}]},{\"@type\":\"WebSite\",\"@id\":\"https:\/\/www.eliassen.nl\/de\/#website\",\"url\":\"https:\/\/www.eliassen.nl\/de\/\",\"name\":\"Eliassen Home & Garden Pleasure\",\"description\":\"\",\"publisher\":{\"@id\":\"https:\/\/www.eliassen.nl\/de\/#organization\"},\"alternateName\":\"Eliassen.nl\",\"potentialAction\":[{\"@type\":\"SearchAction\",\"target\":{\"@type\":\"EntryPoint\",\"urlTemplate\":\"https:\/\/www.eliassen.nl\/de\/?s={search_term_string}\"},\"query-input\":{\"@type\":\"PropertyValueSpecification\",\"valueRequired\":true,\"valueName\":\"search_term_string\"}}],\"inLanguage\":\"de\"},{\"@type\":[\"Organization\",\"Place\"],\"@id\":\"https:\/\/www.eliassen.nl\/de\/#organization\",\"name\":\"Eliassen Home & Garden Pleasure\",\"url\":\"https:\/\/www.eliassen.nl\/de\/\",\"logo\":{\"@id\":\"https:\/\/www.eliassen.nl\/de\/garten-lounge-sofa-3-sitzer-borneo\/#local-main-organization-logo\"},\"image\":{\"@id\":\"https:\/\/www.eliassen.nl\/de\/garten-lounge-sofa-3-sitzer-borneo\/#local-main-organization-logo\"},\"sameAs\":[\"https:\/\/www.facebook.com\/TuincentrumEliassenAmmerzoden\",\"https:\/\/www.instagram.com\/eliassenhomeandgarden\/\",\"https:\/\/nl.pinterest.com\/eliassenhomeandgarden\/\",\"https:\/\/www.youtube.com\/@eliassenhomegardenpleasure4558\"],\"telephone\":[],\"openingHoursSpecification\":[{\"@type\":\"OpeningHoursSpecification\",\"dayOfWeek\":[\"Monday\",\"Tuesday\",\"Wednesday\",\"Thursday\",\"Friday\",\"Saturday\",\"Sunday\"],\"opens\":\"09:00\",\"closes\":\"17:00\"}]},{\"@type\":\"ImageObject\",\"inLanguage\":\"de\",\"@id\":\"https:\/\/www.eliassen.nl\/de\/garten-lounge-sofa-3-sitzer-borneo\/#local-main-organization-logo\",\"url\":\"https:\/\/www.eliassen.nl\/wp-content\/uploads\/2024\/01\/logo_4nd.jpg\",\"contentUrl\":\"https:\/\/www.eliassen.nl\/wp-content\/uploads\/2024\/01\/logo_4nd.jpg\",\"width\":500,\"height\":500,\"caption\":\"Eliassen Home & Garden Pleasure\"}]}<\/script>\n<meta property=\"product:price:amount\" content=\"699.00\" \/>\n<meta property=\"product:price:currency\" content=\"EUR\" \/>\n<meta property=\"og:availability\" content=\"instock\" \/>\n<meta property=\"product:availability\" content=\"instock\" \/>\n<meta property=\"product:retailer_item_id\" content=\"4000144\" \/>\n<meta property=\"product:condition\" content=\"new\" \/>\n<!-- \/ Yoast SEO Premium plugin. -->","yoast_head_json":{"title":"Sonstige Garten Lounge Sofa 3-Sitzer Borneo - Eliassen.nl","robots":{"index":"index","follow":"follow","max-snippet":"max-snippet:-1","max-image-preview":"max-image-preview:large","max-video-preview":"max-video-preview:-1"},"canonical":"https:\/\/www.eliassen.nl\/de\/garten-lounge-sofa-3-sitzer-borneo\/","og_locale":"de_DE","og_type":"article","og_title":"Sonstige Garten Lounge Sofa 3-Sitzer Borneo - Eliassen.nl","og_description":"Auf der Borneo Lounge Gartenbank l\u00e4sst es sich herrlich sitzen. Dieses Sofa bietet dank seiner ausgeh\u00f6hlten Sitzfl\u00e4che und R\u00fcckenlehne ein tolles Sitzvergn\u00fcgen. In Kombination mit dem niedrigen Sitz, der tiefen Sitzfl\u00e4che und dem richtigen Winkel der R\u00fcckenlehne ist das Borneo-Sofa viel bequemer. Die Gartenbank ist aus neuem Teakholz gefertigt, das von Plantagen in Indonesien bezogen &hellip;","og_url":"https:\/\/www.eliassen.nl\/de\/garten-lounge-sofa-3-sitzer-borneo\/","og_site_name":"Eliassen.nl","article_publisher":"https:\/\/www.facebook.com\/TuincentrumEliassenAmmerzoden","article_modified_time":"2026-01-16T15:05:09+00:00","og_image":[{"width":1200,"height":1200,"url":"https:\/\/www.eliassen.nl\/wp-content\/uploads\/2025\/06\/tuinbank-3-zits-borneo-Eliassen.nl_.png","type":"image\/png"}],"twitter_card":"summary_large_image","schema":{"@context":"https:\/\/schema.org","@graph":[{"@type":"WebPage","@id":"https:\/\/www.eliassen.nl\/de\/garten-lounge-sofa-3-sitzer-borneo\/","url":"https:\/\/www.eliassen.nl\/de\/garten-lounge-sofa-3-sitzer-borneo\/","name":"Sonstige Garten Lounge Sofa 3-Sitzer Borneo - Eliassen.nl","isPartOf":{"@id":"https:\/\/www.eliassen.nl\/de\/#website"},"primaryImageOfPage":{"@id":"https:\/\/www.eliassen.nl\/de\/garten-lounge-sofa-3-sitzer-borneo\/#primaryimage"},"image":{"@id":"https:\/\/www.eliassen.nl\/de\/garten-lounge-sofa-3-sitzer-borneo\/#primaryimage"},"thumbnailUrl":"https:\/\/www.eliassen.nl\/wp-content\/uploads\/2025\/06\/tuinbank-3-zits-borneo-Eliassen.nl_.png","datePublished":"2025-08-21T19:10:30+00:00","dateModified":"2026-01-16T15:05:09+00:00","breadcrumb":{"@id":"https:\/\/www.eliassen.nl\/de\/garten-lounge-sofa-3-sitzer-borneo\/#breadcrumb"},"inLanguage":"de","potentialAction":[{"@type":"ReadAction","target":["https:\/\/www.eliassen.nl\/de\/garten-lounge-sofa-3-sitzer-borneo\/"]}]},{"@type":"ImageObject","inLanguage":"de","@id":"https:\/\/www.eliassen.nl\/de\/garten-lounge-sofa-3-sitzer-borneo\/#primaryimage","url":"https:\/\/www.eliassen.nl\/wp-content\/uploads\/2025\/06\/tuinbank-3-zits-borneo-Eliassen.nl_.png","contentUrl":"https:\/\/www.eliassen.nl\/wp-content\/uploads\/2025\/06\/tuinbank-3-zits-borneo-Eliassen.nl_.png","width":1200,"height":1200},{"@type":"BreadcrumbList","@id":"https:\/\/www.eliassen.nl\/de\/garten-lounge-sofa-3-sitzer-borneo\/#breadcrumb","itemListElement":[{"@type":"ListItem","position":1,"name":"Home","item":"https:\/\/www.eliassen.nl\/de\/"},{"@type":"ListItem","position":2,"name":"Shop","item":"https:\/\/www.eliassen.nl\/de\/shop\/"},{"@type":"ListItem","position":3,"name":"Weitere Artikel","item":"https:\/\/www.eliassen.nl\/de\/weitere-artikel\/"},{"@type":"ListItem","position":4,"name":"Garten Lounge Sofa 3-Sitzer Borneo"}]},{"@type":"WebSite","@id":"https:\/\/www.eliassen.nl\/de\/#website","url":"https:\/\/www.eliassen.nl\/de\/","name":"Eliassen Home & Garden Pleasure","description":"","publisher":{"@id":"https:\/\/www.eliassen.nl\/de\/#organization"},"alternateName":"Eliassen.nl","potentialAction":[{"@type":"SearchAction","target":{"@type":"EntryPoint","urlTemplate":"https:\/\/www.eliassen.nl\/de\/?s={search_term_string}"},"query-input":{"@type":"PropertyValueSpecification","valueRequired":true,"valueName":"search_term_string"}}],"inLanguage":"de"},{"@type":["Organization","Place"],"@id":"https:\/\/www.eliassen.nl\/de\/#organization","name":"Eliassen Home & Garden Pleasure","url":"https:\/\/www.eliassen.nl\/de\/","logo":{"@id":"https:\/\/www.eliassen.nl\/de\/garten-lounge-sofa-3-sitzer-borneo\/#local-main-organization-logo"},"image":{"@id":"https:\/\/www.eliassen.nl\/de\/garten-lounge-sofa-3-sitzer-borneo\/#local-main-organization-logo"},"sameAs":["https:\/\/www.facebook.com\/TuincentrumEliassenAmmerzoden","https:\/\/www.instagram.com\/eliassenhomeandgarden\/","https:\/\/nl.pinterest.com\/eliassenhomeandgarden\/","https:\/\/www.youtube.com\/@eliassenhomegardenpleasure4558"],"telephone":[],"openingHoursSpecification":[{"@type":"OpeningHoursSpecification","dayOfWeek":["Monday","Tuesday","Wednesday","Thursday","Friday","Saturday","Sunday"],"opens":"09:00","closes":"17:00"}]},{"@type":"ImageObject","inLanguage":"de","@id":"https:\/\/www.eliassen.nl\/de\/garten-lounge-sofa-3-sitzer-borneo\/#local-main-organization-logo","url":"https:\/\/www.eliassen.nl\/wp-content\/uploads\/2024\/01\/logo_4nd.jpg","contentUrl":"https:\/\/www.eliassen.nl\/wp-content\/uploads\/2024\/01\/logo_4nd.jpg","width":500,"height":500,"caption":"Eliassen Home & Garden Pleasure"}]},"product_price_amount":"699.00","product_price_currency":"EUR","og_availability":"instock","product_availability":"instock","product_retailer_item_id":"4000144","product_condition":"new"},"df_price":699,"df_sale_price":"","df_regular_price":699,"df_image_link":"https:\/\/www.eliassen.nl\/wp-content\/uploads\/2025\/06\/tuinbank-3-zits-borneo-Eliassen.nl_-300x300.png","image":"https:\/\/www.eliassen.nl\/wp-content\/uploads\/2025\/06\/tuinbank-3-zits-borneo-Eliassen.nl_-150x150.png","price_search":"<span class=\"woocommerce-Price-amount amount\"><bdi><span class=\"woocommerce-Price-currencySymbol\">&euro;<\/span>&nbsp;699,00<\/bdi><\/span>","category":"Gartenb\u00e4nke","global_unique_id":"8721154403999","_links":{"self":[{"href":"https:\/\/www.eliassen.nl\/de\/wp-json\/wp\/v2\/product\/189165","targetHints":{"allow":["GET"]}}],"collection":[{"href":"https:\/\/www.eliassen.nl\/de\/wp-json\/wp\/v2\/product"}],"about":[{"href":"https:\/\/www.eliassen.nl\/de\/wp-json\/wp\/v2\/types\/product"}],"wp:featuredmedia":[{"embeddable":true,"href":"https:\/\/www.eliassen.nl\/de\/wp-json\/wp\/v2\/media\/186175"}],"wp:attachment":[{"href":"https:\/\/www.eliassen.nl\/de\/wp-json\/wp\/v2\/media?parent=189165"}],"wp:term":[{"taxonomy":"product_brand","embeddable":true,"href":"https:\/\/www.eliassen.nl\/de\/wp-json\/wp\/v2\/product_brand?post=189165"},{"taxonomy":"product_cat","embeddable":true,"href":"https:\/\/www.eliassen.nl\/de\/wp-json\/wp\/v2\/product_cat?post=189165"},{"taxonomy":"product_tag","embeddable":true,"href":"https:\/\/www.eliassen.nl\/de\/wp-json\/wp\/v2\/product_tag?post=189165"}],"curies":[{"name":"wp","href":"https:\/\/api.w.org\/{rel}","templated":true}]}}