{"id":189159,"date":"2025-08-21T20:46:22","date_gmt":"2025-08-21T18:46:22","guid":{"rendered":"https:\/\/www.eliassen.nl\/product\/fluegelbank-natur-200cm\/"},"modified":"2026-01-16T16:05:15","modified_gmt":"2026-01-16T15:05:15","slug":"fluegelbank-natur-200cm","status":"publish","type":"product","link":"https:\/\/www.eliassen.nl\/de\/fluegelbank-natur-200cm\/","title":{"rendered":"Fl\u00fcgelbank natur 200cm"},"content":{"rendered":"<p>Verleihen Sie Ihrem Garten oder Ihrem Haus einen Hauch von klassischer Eleganz mit dieser Fl\u00fcgelbank aus Teakholz. Diese einzigartige Fl\u00fcgelbank wird aus recyceltem Holz von H\u00e4usern und Schiffen hergestellt, das geschliffen und mit einem raffinierten M\u00f6bel\u00f6l beschichtet wurde. Die detaillierten Schnitzereien und die robuste Konstruktion machen diese Bank zu einem sch\u00f6nen und langlebigen M\u00f6belst\u00fcck f\u00fcr Ihr Haus oder Ihren Garten.<\/p>\n<p>Die breite Sitzfl\u00e4che macht dieses mit Kissen gepolsterte Sofa zu einem idealen Ort zum Faulenzen.<\/p>\n<p>Wir raten davon ab, diese Bank bei Wind und Wetter aufzustellen, da sie dann grau wird und die Sitzfl\u00e4che aufquillt und schrumpft. Drau\u00dfen unter einer Veranda oder drinnen ist kein Problem.<\/p>\n<p>Wichtig zu wissen: Die Gartenbank wird montiert geliefert.<\/p>\n<p><em>Diese M\u00f6bel sind handgefertigt. Daher k\u00f6nnen die Details leicht variieren. W\u00fcrden Sie dieses Produkt lieber erst in natura sehen?  <\/em><strong><em><a href=\"https:\/\/www.jojoliving.nl\/service\/contact\/\">Dann kontaktieren Sie uns.<\/a><\/em><\/strong><\/p>\n<p><strong>Wartung<\/strong><strong><br \/>\n<\/strong>Holz ist ein Naturprodukt und kann anfangen zu wirken. Sie werden es nie ganz verhindern k\u00f6nnen. Um m\u00f6glichst lange Freude an Ihren Teakholzm\u00f6beln zu haben, empfehlen wir Ihnen, sie mit einem hochwertigen Teakholz\u00f6l zu behandeln.<\/p>\n<p>204x90x110cm hoch.<\/p>\n<p>Sitzplatz 155&#215;86<\/p>\n","protected":false},"excerpt":{"rendered":"<p>Eine handgeschnitzte Holzbank mit einer sehr tiefen Sitzfl\u00e4che f\u00fcr stundenlanges Sitzvergn\u00fcgen.<\/p>\n","protected":false},"featured_media":186140,"template":"","meta":{"_acf_changed":false,"_genesis_title":"","_genesis_description":""},"product_brand":[7505],"product_cat":[806,761,752],"product_tag":[],"class_list":{"0":"post-189159","1":"product","2":"type-product","3":"status-publish","4":"has-post-thumbnail","6":"product_brand-sonstige","7":"product_cat-gartenbaenke","8":"product_cat-gartenmoebel","9":"product_cat-weitere-artikel","11":"first","12":"instock","13":"taxable","14":"shipping-taxable","15":"purchasable","16":"product-type-simple"},"acf":[],"meta_all":{"total_sales":"0","cor_restricted_countries":[]},"meta_all_flat":{"total_sales":"0"},"yoast_head":"<!-- This site is optimized with the Yoast SEO Premium plugin v26.2 (Yoast SEO v27.2) - https:\/\/yoast.com\/product\/yoast-seo-premium-wordpress\/ -->\n<title>Sonstige Fl\u00fcgelbank natur 200cm - Eliassen.nl<\/title>\n<meta name=\"description\" content=\"Eine wirklich sch\u00f6ne, einzigartige, handgefertigte Bank aus Holz. Ein Sofa mit einer sehr tiefen Sitzfl\u00e4che, auf der Sie Stunden verbringen k\u00f6nnen. Schnelle Lieferung.\" \/>\n<meta name=\"robots\" content=\"index, follow, max-snippet:-1, max-image-preview:large, max-video-preview:-1\" \/>\n<link rel=\"canonical\" href=\"https:\/\/www.eliassen.nl\/de\/fluegelbank-natur-200cm\/\" \/>\n<meta property=\"og:locale\" content=\"de_DE\" \/>\n<meta property=\"og:type\" content=\"article\" \/>\n<meta property=\"og:title\" content=\"Sonstige Fl\u00fcgelbank natur 200cm - Eliassen.nl\" \/>\n<meta property=\"og:description\" content=\"Eine wirklich sch\u00f6ne, einzigartige, handgefertigte Bank aus Holz. Ein Sofa mit einer sehr tiefen Sitzfl\u00e4che, auf der Sie Stunden verbringen k\u00f6nnen. Schnelle Lieferung.\" \/>\n<meta property=\"og:url\" content=\"https:\/\/www.eliassen.nl\/de\/fluegelbank-natur-200cm\/\" \/>\n<meta property=\"og:site_name\" content=\"Eliassen.nl\" \/>\n<meta property=\"article:publisher\" content=\"https:\/\/www.facebook.com\/TuincentrumEliassenAmmerzoden\" \/>\n<meta property=\"article:modified_time\" content=\"2026-01-16T15:05:15+00:00\" \/>\n<meta property=\"og:image\" content=\"https:\/\/www.eliassen.nl\/wp-content\/uploads\/2025\/06\/vleuegelbank-naturel-200cm-Eliassen.nl_.jpg\" \/>\n\t<meta property=\"og:image:width\" content=\"1200\" \/>\n\t<meta property=\"og:image:height\" content=\"1200\" \/>\n\t<meta property=\"og:image:type\" content=\"image\/jpeg\" \/>\n<meta name=\"twitter:card\" content=\"summary_large_image\" \/>\n<script type=\"application\/ld+json\" class=\"yoast-schema-graph\">{\"@context\":\"https:\/\/schema.org\",\"@graph\":[{\"@type\":\"WebPage\",\"@id\":\"https:\/\/www.eliassen.nl\/de\/fluegelbank-natur-200cm\/\",\"url\":\"https:\/\/www.eliassen.nl\/de\/fluegelbank-natur-200cm\/\",\"name\":\"Sonstige Fl\u00fcgelbank natur 200cm - Eliassen.nl\",\"isPartOf\":{\"@id\":\"https:\/\/www.eliassen.nl\/de\/#website\"},\"primaryImageOfPage\":{\"@id\":\"https:\/\/www.eliassen.nl\/de\/fluegelbank-natur-200cm\/#primaryimage\"},\"image\":{\"@id\":\"https:\/\/www.eliassen.nl\/de\/fluegelbank-natur-200cm\/#primaryimage\"},\"thumbnailUrl\":\"https:\/\/www.eliassen.nl\/wp-content\/uploads\/2025\/06\/vleuegelbank-naturel-200cm-Eliassen.nl_.jpg\",\"datePublished\":\"2025-08-21T18:46:22+00:00\",\"dateModified\":\"2026-01-16T15:05:15+00:00\",\"description\":\"Eine wirklich sch\u00f6ne, einzigartige, handgefertigte Bank aus Holz. Ein Sofa mit einer sehr tiefen Sitzfl\u00e4che, auf der Sie Stunden verbringen k\u00f6nnen. Schnelle Lieferung.\",\"breadcrumb\":{\"@id\":\"https:\/\/www.eliassen.nl\/de\/fluegelbank-natur-200cm\/#breadcrumb\"},\"inLanguage\":\"de\",\"potentialAction\":[{\"@type\":\"ReadAction\",\"target\":[\"https:\/\/www.eliassen.nl\/de\/fluegelbank-natur-200cm\/\"]}]},{\"@type\":\"ImageObject\",\"inLanguage\":\"de\",\"@id\":\"https:\/\/www.eliassen.nl\/de\/fluegelbank-natur-200cm\/#primaryimage\",\"url\":\"https:\/\/www.eliassen.nl\/wp-content\/uploads\/2025\/06\/vleuegelbank-naturel-200cm-Eliassen.nl_.jpg\",\"contentUrl\":\"https:\/\/www.eliassen.nl\/wp-content\/uploads\/2025\/06\/vleuegelbank-naturel-200cm-Eliassen.nl_.jpg\",\"width\":1200,\"height\":1200},{\"@type\":\"BreadcrumbList\",\"@id\":\"https:\/\/www.eliassen.nl\/de\/fluegelbank-natur-200cm\/#breadcrumb\",\"itemListElement\":[{\"@type\":\"ListItem\",\"position\":1,\"name\":\"Home\",\"item\":\"https:\/\/www.eliassen.nl\/de\/\"},{\"@type\":\"ListItem\",\"position\":2,\"name\":\"Shop\",\"item\":\"https:\/\/www.eliassen.nl\/de\/shop\/\"},{\"@type\":\"ListItem\",\"position\":3,\"name\":\"Weitere Artikel\",\"item\":\"https:\/\/www.eliassen.nl\/de\/weitere-artikel\/\"},{\"@type\":\"ListItem\",\"position\":4,\"name\":\"Gartenm\u00f6bel\",\"item\":\"https:\/\/www.eliassen.nl\/de\/garten-andere\/gartenmoebel\/\"},{\"@type\":\"ListItem\",\"position\":5,\"name\":\"Fl\u00fcgelbank natur 200cm\"}]},{\"@type\":\"WebSite\",\"@id\":\"https:\/\/www.eliassen.nl\/de\/#website\",\"url\":\"https:\/\/www.eliassen.nl\/de\/\",\"name\":\"Eliassen Home & Garden Pleasure\",\"description\":\"\",\"publisher\":{\"@id\":\"https:\/\/www.eliassen.nl\/de\/#organization\"},\"alternateName\":\"Eliassen.nl\",\"potentialAction\":[{\"@type\":\"SearchAction\",\"target\":{\"@type\":\"EntryPoint\",\"urlTemplate\":\"https:\/\/www.eliassen.nl\/de\/?s={search_term_string}\"},\"query-input\":{\"@type\":\"PropertyValueSpecification\",\"valueRequired\":true,\"valueName\":\"search_term_string\"}}],\"inLanguage\":\"de\"},{\"@type\":[\"Organization\",\"Place\"],\"@id\":\"https:\/\/www.eliassen.nl\/de\/#organization\",\"name\":\"Eliassen Home & Garden Pleasure\",\"url\":\"https:\/\/www.eliassen.nl\/de\/\",\"logo\":{\"@id\":\"https:\/\/www.eliassen.nl\/de\/fluegelbank-natur-200cm\/#local-main-organization-logo\"},\"image\":{\"@id\":\"https:\/\/www.eliassen.nl\/de\/fluegelbank-natur-200cm\/#local-main-organization-logo\"},\"sameAs\":[\"https:\/\/www.facebook.com\/TuincentrumEliassenAmmerzoden\",\"https:\/\/www.instagram.com\/eliassenhomeandgarden\/\",\"https:\/\/nl.pinterest.com\/eliassenhomeandgarden\/\",\"https:\/\/www.youtube.com\/@eliassenhomegardenpleasure4558\"],\"telephone\":[],\"openingHoursSpecification\":[{\"@type\":\"OpeningHoursSpecification\",\"dayOfWeek\":[\"Monday\",\"Tuesday\",\"Wednesday\",\"Thursday\",\"Friday\",\"Saturday\",\"Sunday\"],\"opens\":\"09:00\",\"closes\":\"17:00\"}]},{\"@type\":\"ImageObject\",\"inLanguage\":\"de\",\"@id\":\"https:\/\/www.eliassen.nl\/de\/fluegelbank-natur-200cm\/#local-main-organization-logo\",\"url\":\"https:\/\/www.eliassen.nl\/wp-content\/uploads\/2024\/01\/logo_4nd.jpg\",\"contentUrl\":\"https:\/\/www.eliassen.nl\/wp-content\/uploads\/2024\/01\/logo_4nd.jpg\",\"width\":500,\"height\":500,\"caption\":\"Eliassen Home & Garden Pleasure\"}]}<\/script>\n<meta property=\"product:price:amount\" content=\"749.00\" \/>\n<meta property=\"product:price:currency\" content=\"EUR\" \/>\n<meta property=\"og:availability\" content=\"instock\" \/>\n<meta property=\"product:availability\" content=\"instock\" \/>\n<meta property=\"product:retailer_item_id\" content=\"4000040\" \/>\n<meta property=\"product:condition\" content=\"new\" \/>\n<!-- \/ Yoast SEO Premium plugin. -->","yoast_head_json":{"title":"Sonstige Fl\u00fcgelbank natur 200cm - Eliassen.nl","description":"Eine wirklich sch\u00f6ne, einzigartige, handgefertigte Bank aus Holz. Ein Sofa mit einer sehr tiefen Sitzfl\u00e4che, auf der Sie Stunden verbringen k\u00f6nnen. Schnelle Lieferung.","robots":{"index":"index","follow":"follow","max-snippet":"max-snippet:-1","max-image-preview":"max-image-preview:large","max-video-preview":"max-video-preview:-1"},"canonical":"https:\/\/www.eliassen.nl\/de\/fluegelbank-natur-200cm\/","og_locale":"de_DE","og_type":"article","og_title":"Sonstige Fl\u00fcgelbank natur 200cm - Eliassen.nl","og_description":"Eine wirklich sch\u00f6ne, einzigartige, handgefertigte Bank aus Holz. Ein Sofa mit einer sehr tiefen Sitzfl\u00e4che, auf der Sie Stunden verbringen k\u00f6nnen. Schnelle Lieferung.","og_url":"https:\/\/www.eliassen.nl\/de\/fluegelbank-natur-200cm\/","og_site_name":"Eliassen.nl","article_publisher":"https:\/\/www.facebook.com\/TuincentrumEliassenAmmerzoden","article_modified_time":"2026-01-16T15:05:15+00:00","og_image":[{"width":1200,"height":1200,"url":"https:\/\/www.eliassen.nl\/wp-content\/uploads\/2025\/06\/vleuegelbank-naturel-200cm-Eliassen.nl_.jpg","type":"image\/jpeg"}],"twitter_card":"summary_large_image","schema":{"@context":"https:\/\/schema.org","@graph":[{"@type":"WebPage","@id":"https:\/\/www.eliassen.nl\/de\/fluegelbank-natur-200cm\/","url":"https:\/\/www.eliassen.nl\/de\/fluegelbank-natur-200cm\/","name":"Sonstige Fl\u00fcgelbank natur 200cm - Eliassen.nl","isPartOf":{"@id":"https:\/\/www.eliassen.nl\/de\/#website"},"primaryImageOfPage":{"@id":"https:\/\/www.eliassen.nl\/de\/fluegelbank-natur-200cm\/#primaryimage"},"image":{"@id":"https:\/\/www.eliassen.nl\/de\/fluegelbank-natur-200cm\/#primaryimage"},"thumbnailUrl":"https:\/\/www.eliassen.nl\/wp-content\/uploads\/2025\/06\/vleuegelbank-naturel-200cm-Eliassen.nl_.jpg","datePublished":"2025-08-21T18:46:22+00:00","dateModified":"2026-01-16T15:05:15+00:00","description":"Eine wirklich sch\u00f6ne, einzigartige, handgefertigte Bank aus Holz. Ein Sofa mit einer sehr tiefen Sitzfl\u00e4che, auf der Sie Stunden verbringen k\u00f6nnen. Schnelle Lieferung.","breadcrumb":{"@id":"https:\/\/www.eliassen.nl\/de\/fluegelbank-natur-200cm\/#breadcrumb"},"inLanguage":"de","potentialAction":[{"@type":"ReadAction","target":["https:\/\/www.eliassen.nl\/de\/fluegelbank-natur-200cm\/"]}]},{"@type":"ImageObject","inLanguage":"de","@id":"https:\/\/www.eliassen.nl\/de\/fluegelbank-natur-200cm\/#primaryimage","url":"https:\/\/www.eliassen.nl\/wp-content\/uploads\/2025\/06\/vleuegelbank-naturel-200cm-Eliassen.nl_.jpg","contentUrl":"https:\/\/www.eliassen.nl\/wp-content\/uploads\/2025\/06\/vleuegelbank-naturel-200cm-Eliassen.nl_.jpg","width":1200,"height":1200},{"@type":"BreadcrumbList","@id":"https:\/\/www.eliassen.nl\/de\/fluegelbank-natur-200cm\/#breadcrumb","itemListElement":[{"@type":"ListItem","position":1,"name":"Home","item":"https:\/\/www.eliassen.nl\/de\/"},{"@type":"ListItem","position":2,"name":"Shop","item":"https:\/\/www.eliassen.nl\/de\/shop\/"},{"@type":"ListItem","position":3,"name":"Weitere Artikel","item":"https:\/\/www.eliassen.nl\/de\/weitere-artikel\/"},{"@type":"ListItem","position":4,"name":"Gartenm\u00f6bel","item":"https:\/\/www.eliassen.nl\/de\/garten-andere\/gartenmoebel\/"},{"@type":"ListItem","position":5,"name":"Fl\u00fcgelbank natur 200cm"}]},{"@type":"WebSite","@id":"https:\/\/www.eliassen.nl\/de\/#website","url":"https:\/\/www.eliassen.nl\/de\/","name":"Eliassen Home & Garden Pleasure","description":"","publisher":{"@id":"https:\/\/www.eliassen.nl\/de\/#organization"},"alternateName":"Eliassen.nl","potentialAction":[{"@type":"SearchAction","target":{"@type":"EntryPoint","urlTemplate":"https:\/\/www.eliassen.nl\/de\/?s={search_term_string}"},"query-input":{"@type":"PropertyValueSpecification","valueRequired":true,"valueName":"search_term_string"}}],"inLanguage":"de"},{"@type":["Organization","Place"],"@id":"https:\/\/www.eliassen.nl\/de\/#organization","name":"Eliassen Home & Garden Pleasure","url":"https:\/\/www.eliassen.nl\/de\/","logo":{"@id":"https:\/\/www.eliassen.nl\/de\/fluegelbank-natur-200cm\/#local-main-organization-logo"},"image":{"@id":"https:\/\/www.eliassen.nl\/de\/fluegelbank-natur-200cm\/#local-main-organization-logo"},"sameAs":["https:\/\/www.facebook.com\/TuincentrumEliassenAmmerzoden","https:\/\/www.instagram.com\/eliassenhomeandgarden\/","https:\/\/nl.pinterest.com\/eliassenhomeandgarden\/","https:\/\/www.youtube.com\/@eliassenhomegardenpleasure4558"],"telephone":[],"openingHoursSpecification":[{"@type":"OpeningHoursSpecification","dayOfWeek":["Monday","Tuesday","Wednesday","Thursday","Friday","Saturday","Sunday"],"opens":"09:00","closes":"17:00"}]},{"@type":"ImageObject","inLanguage":"de","@id":"https:\/\/www.eliassen.nl\/de\/fluegelbank-natur-200cm\/#local-main-organization-logo","url":"https:\/\/www.eliassen.nl\/wp-content\/uploads\/2024\/01\/logo_4nd.jpg","contentUrl":"https:\/\/www.eliassen.nl\/wp-content\/uploads\/2024\/01\/logo_4nd.jpg","width":500,"height":500,"caption":"Eliassen Home & Garden Pleasure"}]},"product_price_amount":"749.00","product_price_currency":"EUR","og_availability":"instock","product_availability":"instock","product_retailer_item_id":"4000040","product_condition":"new"},"df_price":749,"df_sale_price":"","df_regular_price":749,"df_image_link":"https:\/\/www.eliassen.nl\/wp-content\/uploads\/2025\/06\/vleuegelbank-naturel-200cm-Eliassen.nl_-300x300.jpg","image":"https:\/\/www.eliassen.nl\/wp-content\/uploads\/2025\/06\/vleuegelbank-naturel-200cm-Eliassen.nl_-150x150.jpg","price_search":"<span class=\"woocommerce-Price-amount amount\"><bdi><span class=\"woocommerce-Price-currencySymbol\">&euro;<\/span>&nbsp;749,00<\/bdi><\/span>","category":"Gartenb\u00e4nke","global_unique_id":"6096522490492","_links":{"self":[{"href":"https:\/\/www.eliassen.nl\/de\/wp-json\/wp\/v2\/product\/189159","targetHints":{"allow":["GET"]}}],"collection":[{"href":"https:\/\/www.eliassen.nl\/de\/wp-json\/wp\/v2\/product"}],"about":[{"href":"https:\/\/www.eliassen.nl\/de\/wp-json\/wp\/v2\/types\/product"}],"wp:featuredmedia":[{"embeddable":true,"href":"https:\/\/www.eliassen.nl\/de\/wp-json\/wp\/v2\/media\/186140"}],"wp:attachment":[{"href":"https:\/\/www.eliassen.nl\/de\/wp-json\/wp\/v2\/media?parent=189159"}],"wp:term":[{"taxonomy":"product_brand","embeddable":true,"href":"https:\/\/www.eliassen.nl\/de\/wp-json\/wp\/v2\/product_brand?post=189159"},{"taxonomy":"product_cat","embeddable":true,"href":"https:\/\/www.eliassen.nl\/de\/wp-json\/wp\/v2\/product_cat?post=189159"},{"taxonomy":"product_tag","embeddable":true,"href":"https:\/\/www.eliassen.nl\/de\/wp-json\/wp\/v2\/product_tag?post=189159"}],"curies":[{"name":"wp","href":"https:\/\/api.w.org\/{rel}","templated":true}]}}