{"id":189142,"date":"2025-01-17T11:01:25","date_gmt":"2025-01-17T10:01:25","guid":{"rendered":"https:\/\/www.eliassen.nl\/product\/metall-gartenpfahl-balance-eule-135cm\/"},"modified":"2026-01-16T15:40:00","modified_gmt":"2026-01-16T14:40:00","slug":"metall-gartenpfahl-balance-eule-135cm","status":"publish","type":"product","link":"https:\/\/www.eliassen.nl\/de\/metall-gartenpfahl-balance-eule-135cm\/","title":{"rendered":"Metall Gartenpfahl Balance Eule 135cm"},"content":{"rendered":"<p>Sind Sie auf der Suche nach mehr Ausgeglichenheit und Fr\u00f6hlichkeit f\u00fcr Ihren Garten? Dann bringen Sie Ihren Au\u00dfenbereich auf die n\u00e4chste Stufe und entscheiden Sie sich f\u00fcr eine fr\u00f6hliche und bunte Gartenkirsche in Ihrem Garten!<br \/>\nSie stechen einfach einen Gartenpfahl in den Boden Ihres Rasens oder zwischen Ihre Pflanzen im Garten. Sogar auf Ihrem Balkon oder auf einer Terrasse sehen unsere Gartenpf\u00e4hle toll aus. Wir haben f\u00fcr jeden Gartentyp ein passendes Modell!<\/p>\n<p>Es gibt station\u00e4re Gartenstecker, Windm\u00fchlen auf einem Stecker, aber auch Gartenstecker in einem ausgewogenen Design. Ein Unruh-Gartenstecker bedeutet, dass es einen Unruhmechanismus auf dem Stift gibt, der sich gut bewegt. Diese Bewegungen mit dem Wind sind immer abwechslungsreich und verleihen Ihrem Garten einen spielerischen Charakter. So sorgt ein Gleichgewichts-Gartenhefter f\u00fcr mehr Fr\u00f6hlichkeit und Dynamik im Freien!<\/p>\n<p><strong>Warum sollten Sie sich f\u00fcr eine Balance-Garteneule entscheiden?<\/strong><\/p>\n<p>Dieser Balance-Gartenstecher ist von absoluter Spitzenqualit\u00e4t! Es ist handgefertigt und enth\u00e4lt daher viele Details. Die robuste Metallkonstruktion sorgt daf\u00fcr, dass der Gartenhocker jahrelang sch\u00f6n und stabil bleibt. Dieses Modell in der Version mit einer Eule im Gleichgewicht ist farbenfroh und haupts\u00e4chlich in den Farben braun\/grau gehalten. Mit diesen Dekorationen erhalten Sie einen echten Blickfang in Ihrem Garten!<\/p>\n<p><strong>Wir haben fast alles aus dieser Serie auf Lager, kommen Sie und schauen Sie sich um!<\/strong><\/p>\n<ul>\n<li>Gr\u00f6\u00dfe : 135x40x30cm<\/li>\n<li>Farben:Grau\/Braun<\/li>\n<li>Schnelle Lieferung.<\/li>\n<li>Kein Spielzeug.<\/li>\n<li>100% handgefertigt.<\/li>\n<li>Die Farben k\u00f6nnen variieren.<\/li>\n<li>1 Jahr Garantie.<\/li>\n<li>Nicht f\u00fcr die Platzierung bei starkem Wind geeignet<\/li>\n<\/ul>\n","protected":false},"excerpt":{"rendered":"<p>\u2714 dekorativ im Garten \u2714 handgemacht<\/p>\n","protected":false},"featured_media":170800,"template":"","meta":{"_acf_changed":false,"_genesis_title":"","_genesis_description":""},"product_brand":[7505],"product_cat":[848,836],"product_tag":[],"class_list":{"0":"post-189142","1":"product","2":"type-product","3":"status-publish","4":"has-post-thumbnail","6":"product_brand-sonstige","7":"product_cat-balance-garden-pfaehle","8":"product_cat-gartenstecker","10":"first","11":"instock","12":"taxable","13":"shipping-taxable","14":"purchasable","15":"product-type-simple"},"acf":[],"meta_all":{"total_sales":"9","cor_restricted_countries":[]},"meta_all_flat":{"total_sales":"9"},"yoast_head":"<!-- This site is optimized with the Yoast SEO Premium plugin v26.2 (Yoast SEO v27.2) - https:\/\/yoast.com\/product\/yoast-seo-premium-wordpress\/ -->\n<title>Sonstige Metall Gartenpfahl Balance Eule 135cm - Eliassen.nl<\/title>\n<meta name=\"description\" content=\"Gem\u00fctliche Dekoration mit einer Eule im Gleichgewicht. Dieses \u00e4u\u00dferst dekorative Pflanzgef\u00e4\u00df wird Ihren Garten um einiges gem\u00fctlicher machen. Schnelle Lieferung.\" \/>\n<meta name=\"robots\" content=\"index, follow, max-snippet:-1, max-image-preview:large, max-video-preview:-1\" \/>\n<link rel=\"canonical\" href=\"https:\/\/www.eliassen.nl\/de\/metall-gartenpfahl-balance-eule-135cm\/\" \/>\n<meta property=\"og:locale\" content=\"de_DE\" \/>\n<meta property=\"og:type\" content=\"article\" \/>\n<meta property=\"og:title\" content=\"Sonstige Metall Gartenpfahl Balance Eule 135cm - Eliassen.nl\" \/>\n<meta property=\"og:description\" content=\"Gem\u00fctliche Dekoration mit einer Eule im Gleichgewicht. Dieses \u00e4u\u00dferst dekorative Pflanzgef\u00e4\u00df wird Ihren Garten um einiges gem\u00fctlicher machen. Schnelle Lieferung.\" \/>\n<meta property=\"og:url\" content=\"https:\/\/www.eliassen.nl\/de\/metall-gartenpfahl-balance-eule-135cm\/\" \/>\n<meta property=\"og:site_name\" content=\"Eliassen.nl\" \/>\n<meta property=\"article:publisher\" content=\"https:\/\/www.facebook.com\/TuincentrumEliassenAmmerzoden\" \/>\n<meta property=\"article:modified_time\" content=\"2026-01-16T14:40:00+00:00\" \/>\n<meta property=\"og:image\" content=\"https:\/\/www.eliassen.nl\/wp-content\/uploads\/2025\/01\/metalen-tuinsteker-balans-uil-Eliassen.nl_.jpg\" \/>\n\t<meta property=\"og:image:width\" content=\"1200\" \/>\n\t<meta property=\"og:image:height\" content=\"900\" \/>\n\t<meta property=\"og:image:type\" content=\"image\/jpeg\" \/>\n<meta name=\"twitter:card\" content=\"summary_large_image\" \/>\n<script type=\"application\/ld+json\" class=\"yoast-schema-graph\">{\"@context\":\"https:\/\/schema.org\",\"@graph\":[{\"@type\":\"WebPage\",\"@id\":\"https:\/\/www.eliassen.nl\/de\/metall-gartenpfahl-balance-eule-135cm\/\",\"url\":\"https:\/\/www.eliassen.nl\/de\/metall-gartenpfahl-balance-eule-135cm\/\",\"name\":\"Sonstige Metall Gartenpfahl Balance Eule 135cm - Eliassen.nl\",\"isPartOf\":{\"@id\":\"https:\/\/www.eliassen.nl\/de\/#website\"},\"primaryImageOfPage\":{\"@id\":\"https:\/\/www.eliassen.nl\/de\/metall-gartenpfahl-balance-eule-135cm\/#primaryimage\"},\"image\":{\"@id\":\"https:\/\/www.eliassen.nl\/de\/metall-gartenpfahl-balance-eule-135cm\/#primaryimage\"},\"thumbnailUrl\":\"https:\/\/www.eliassen.nl\/wp-content\/uploads\/2025\/01\/metalen-tuinsteker-balans-uil-Eliassen.nl_.jpg\",\"datePublished\":\"2025-01-17T10:01:25+00:00\",\"dateModified\":\"2026-01-16T14:40:00+00:00\",\"description\":\"Gem\u00fctliche Dekoration mit einer Eule im Gleichgewicht. Dieses \u00e4u\u00dferst dekorative Pflanzgef\u00e4\u00df wird Ihren Garten um einiges gem\u00fctlicher machen. Schnelle Lieferung.\",\"breadcrumb\":{\"@id\":\"https:\/\/www.eliassen.nl\/de\/metall-gartenpfahl-balance-eule-135cm\/#breadcrumb\"},\"inLanguage\":\"de\",\"potentialAction\":[{\"@type\":\"ReadAction\",\"target\":[\"https:\/\/www.eliassen.nl\/de\/metall-gartenpfahl-balance-eule-135cm\/\"]}]},{\"@type\":\"ImageObject\",\"inLanguage\":\"de\",\"@id\":\"https:\/\/www.eliassen.nl\/de\/metall-gartenpfahl-balance-eule-135cm\/#primaryimage\",\"url\":\"https:\/\/www.eliassen.nl\/wp-content\/uploads\/2025\/01\/metalen-tuinsteker-balans-uil-Eliassen.nl_.jpg\",\"contentUrl\":\"https:\/\/www.eliassen.nl\/wp-content\/uploads\/2025\/01\/metalen-tuinsteker-balans-uil-Eliassen.nl_.jpg\",\"width\":1200,\"height\":900},{\"@type\":\"BreadcrumbList\",\"@id\":\"https:\/\/www.eliassen.nl\/de\/metall-gartenpfahl-balance-eule-135cm\/#breadcrumb\",\"itemListElement\":[{\"@type\":\"ListItem\",\"position\":1,\"name\":\"Home\",\"item\":\"https:\/\/www.eliassen.nl\/de\/\"},{\"@type\":\"ListItem\",\"position\":2,\"name\":\"Shop\",\"item\":\"https:\/\/www.eliassen.nl\/de\/shop\/\"},{\"@type\":\"ListItem\",\"position\":3,\"name\":\"Gartenstecker\",\"item\":\"https:\/\/www.eliassen.nl\/de\/gartenstecker\/\"},{\"@type\":\"ListItem\",\"position\":4,\"name\":\"Metall Gartenpfahl Balance Eule 135cm\"}]},{\"@type\":\"WebSite\",\"@id\":\"https:\/\/www.eliassen.nl\/de\/#website\",\"url\":\"https:\/\/www.eliassen.nl\/de\/\",\"name\":\"Eliassen Home & Garden Pleasure\",\"description\":\"\",\"publisher\":{\"@id\":\"https:\/\/www.eliassen.nl\/de\/#organization\"},\"alternateName\":\"Eliassen.nl\",\"potentialAction\":[{\"@type\":\"SearchAction\",\"target\":{\"@type\":\"EntryPoint\",\"urlTemplate\":\"https:\/\/www.eliassen.nl\/de\/?s={search_term_string}\"},\"query-input\":{\"@type\":\"PropertyValueSpecification\",\"valueRequired\":true,\"valueName\":\"search_term_string\"}}],\"inLanguage\":\"de\"},{\"@type\":[\"Organization\",\"Place\"],\"@id\":\"https:\/\/www.eliassen.nl\/de\/#organization\",\"name\":\"Eliassen Home & Garden Pleasure\",\"url\":\"https:\/\/www.eliassen.nl\/de\/\",\"logo\":{\"@id\":\"https:\/\/www.eliassen.nl\/de\/metall-gartenpfahl-balance-eule-135cm\/#local-main-organization-logo\"},\"image\":{\"@id\":\"https:\/\/www.eliassen.nl\/de\/metall-gartenpfahl-balance-eule-135cm\/#local-main-organization-logo\"},\"sameAs\":[\"https:\/\/www.facebook.com\/TuincentrumEliassenAmmerzoden\",\"https:\/\/www.instagram.com\/eliassenhomeandgarden\/\",\"https:\/\/nl.pinterest.com\/eliassenhomeandgarden\/\",\"https:\/\/www.youtube.com\/@eliassenhomegardenpleasure4558\"],\"telephone\":[],\"openingHoursSpecification\":[{\"@type\":\"OpeningHoursSpecification\",\"dayOfWeek\":[\"Monday\",\"Tuesday\",\"Wednesday\",\"Thursday\",\"Friday\",\"Saturday\",\"Sunday\"],\"opens\":\"09:00\",\"closes\":\"17:00\"}]},{\"@type\":\"ImageObject\",\"inLanguage\":\"de\",\"@id\":\"https:\/\/www.eliassen.nl\/de\/metall-gartenpfahl-balance-eule-135cm\/#local-main-organization-logo\",\"url\":\"https:\/\/www.eliassen.nl\/wp-content\/uploads\/2024\/01\/logo_4nd.jpg\",\"contentUrl\":\"https:\/\/www.eliassen.nl\/wp-content\/uploads\/2024\/01\/logo_4nd.jpg\",\"width\":500,\"height\":500,\"caption\":\"Eliassen Home & Garden Pleasure\"}]}<\/script>\n<meta property=\"product:price:amount\" content=\"27.95\" \/>\n<meta property=\"product:price:currency\" content=\"EUR\" \/>\n<meta property=\"og:availability\" content=\"instock\" \/>\n<meta property=\"product:availability\" content=\"instock\" \/>\n<meta property=\"product:retailer_item_id\" content=\"Md17012\" \/>\n<meta property=\"product:condition\" content=\"new\" \/>\n<!-- \/ Yoast SEO Premium plugin. -->","yoast_head_json":{"title":"Sonstige Metall Gartenpfahl Balance Eule 135cm - Eliassen.nl","description":"Gem\u00fctliche Dekoration mit einer Eule im Gleichgewicht. Dieses \u00e4u\u00dferst dekorative Pflanzgef\u00e4\u00df wird Ihren Garten um einiges gem\u00fctlicher machen. Schnelle Lieferung.","robots":{"index":"index","follow":"follow","max-snippet":"max-snippet:-1","max-image-preview":"max-image-preview:large","max-video-preview":"max-video-preview:-1"},"canonical":"https:\/\/www.eliassen.nl\/de\/metall-gartenpfahl-balance-eule-135cm\/","og_locale":"de_DE","og_type":"article","og_title":"Sonstige Metall Gartenpfahl Balance Eule 135cm - Eliassen.nl","og_description":"Gem\u00fctliche Dekoration mit einer Eule im Gleichgewicht. Dieses \u00e4u\u00dferst dekorative Pflanzgef\u00e4\u00df wird Ihren Garten um einiges gem\u00fctlicher machen. Schnelle Lieferung.","og_url":"https:\/\/www.eliassen.nl\/de\/metall-gartenpfahl-balance-eule-135cm\/","og_site_name":"Eliassen.nl","article_publisher":"https:\/\/www.facebook.com\/TuincentrumEliassenAmmerzoden","article_modified_time":"2026-01-16T14:40:00+00:00","og_image":[{"width":1200,"height":900,"url":"https:\/\/www.eliassen.nl\/wp-content\/uploads\/2025\/01\/metalen-tuinsteker-balans-uil-Eliassen.nl_.jpg","type":"image\/jpeg"}],"twitter_card":"summary_large_image","schema":{"@context":"https:\/\/schema.org","@graph":[{"@type":"WebPage","@id":"https:\/\/www.eliassen.nl\/de\/metall-gartenpfahl-balance-eule-135cm\/","url":"https:\/\/www.eliassen.nl\/de\/metall-gartenpfahl-balance-eule-135cm\/","name":"Sonstige Metall Gartenpfahl Balance Eule 135cm - Eliassen.nl","isPartOf":{"@id":"https:\/\/www.eliassen.nl\/de\/#website"},"primaryImageOfPage":{"@id":"https:\/\/www.eliassen.nl\/de\/metall-gartenpfahl-balance-eule-135cm\/#primaryimage"},"image":{"@id":"https:\/\/www.eliassen.nl\/de\/metall-gartenpfahl-balance-eule-135cm\/#primaryimage"},"thumbnailUrl":"https:\/\/www.eliassen.nl\/wp-content\/uploads\/2025\/01\/metalen-tuinsteker-balans-uil-Eliassen.nl_.jpg","datePublished":"2025-01-17T10:01:25+00:00","dateModified":"2026-01-16T14:40:00+00:00","description":"Gem\u00fctliche Dekoration mit einer Eule im Gleichgewicht. Dieses \u00e4u\u00dferst dekorative Pflanzgef\u00e4\u00df wird Ihren Garten um einiges gem\u00fctlicher machen. Schnelle Lieferung.","breadcrumb":{"@id":"https:\/\/www.eliassen.nl\/de\/metall-gartenpfahl-balance-eule-135cm\/#breadcrumb"},"inLanguage":"de","potentialAction":[{"@type":"ReadAction","target":["https:\/\/www.eliassen.nl\/de\/metall-gartenpfahl-balance-eule-135cm\/"]}]},{"@type":"ImageObject","inLanguage":"de","@id":"https:\/\/www.eliassen.nl\/de\/metall-gartenpfahl-balance-eule-135cm\/#primaryimage","url":"https:\/\/www.eliassen.nl\/wp-content\/uploads\/2025\/01\/metalen-tuinsteker-balans-uil-Eliassen.nl_.jpg","contentUrl":"https:\/\/www.eliassen.nl\/wp-content\/uploads\/2025\/01\/metalen-tuinsteker-balans-uil-Eliassen.nl_.jpg","width":1200,"height":900},{"@type":"BreadcrumbList","@id":"https:\/\/www.eliassen.nl\/de\/metall-gartenpfahl-balance-eule-135cm\/#breadcrumb","itemListElement":[{"@type":"ListItem","position":1,"name":"Home","item":"https:\/\/www.eliassen.nl\/de\/"},{"@type":"ListItem","position":2,"name":"Shop","item":"https:\/\/www.eliassen.nl\/de\/shop\/"},{"@type":"ListItem","position":3,"name":"Gartenstecker","item":"https:\/\/www.eliassen.nl\/de\/gartenstecker\/"},{"@type":"ListItem","position":4,"name":"Metall Gartenpfahl Balance Eule 135cm"}]},{"@type":"WebSite","@id":"https:\/\/www.eliassen.nl\/de\/#website","url":"https:\/\/www.eliassen.nl\/de\/","name":"Eliassen Home & Garden Pleasure","description":"","publisher":{"@id":"https:\/\/www.eliassen.nl\/de\/#organization"},"alternateName":"Eliassen.nl","potentialAction":[{"@type":"SearchAction","target":{"@type":"EntryPoint","urlTemplate":"https:\/\/www.eliassen.nl\/de\/?s={search_term_string}"},"query-input":{"@type":"PropertyValueSpecification","valueRequired":true,"valueName":"search_term_string"}}],"inLanguage":"de"},{"@type":["Organization","Place"],"@id":"https:\/\/www.eliassen.nl\/de\/#organization","name":"Eliassen Home & Garden Pleasure","url":"https:\/\/www.eliassen.nl\/de\/","logo":{"@id":"https:\/\/www.eliassen.nl\/de\/metall-gartenpfahl-balance-eule-135cm\/#local-main-organization-logo"},"image":{"@id":"https:\/\/www.eliassen.nl\/de\/metall-gartenpfahl-balance-eule-135cm\/#local-main-organization-logo"},"sameAs":["https:\/\/www.facebook.com\/TuincentrumEliassenAmmerzoden","https:\/\/www.instagram.com\/eliassenhomeandgarden\/","https:\/\/nl.pinterest.com\/eliassenhomeandgarden\/","https:\/\/www.youtube.com\/@eliassenhomegardenpleasure4558"],"telephone":[],"openingHoursSpecification":[{"@type":"OpeningHoursSpecification","dayOfWeek":["Monday","Tuesday","Wednesday","Thursday","Friday","Saturday","Sunday"],"opens":"09:00","closes":"17:00"}]},{"@type":"ImageObject","inLanguage":"de","@id":"https:\/\/www.eliassen.nl\/de\/metall-gartenpfahl-balance-eule-135cm\/#local-main-organization-logo","url":"https:\/\/www.eliassen.nl\/wp-content\/uploads\/2024\/01\/logo_4nd.jpg","contentUrl":"https:\/\/www.eliassen.nl\/wp-content\/uploads\/2024\/01\/logo_4nd.jpg","width":500,"height":500,"caption":"Eliassen Home & Garden Pleasure"}]},"product_price_amount":"27.95","product_price_currency":"EUR","og_availability":"instock","product_availability":"instock","product_retailer_item_id":"Md17012","product_condition":"new"},"df_price":27.95,"df_sale_price":"","df_regular_price":27.95,"df_image_link":"https:\/\/www.eliassen.nl\/wp-content\/uploads\/2025\/01\/metalen-tuinsteker-balans-uil-Eliassen.nl_-300x225.jpg","image":"https:\/\/www.eliassen.nl\/wp-content\/uploads\/2025\/01\/metalen-tuinsteker-balans-uil-Eliassen.nl_-150x150.jpg","price_search":"<span class=\"woocommerce-Price-amount amount\"><bdi><span class=\"woocommerce-Price-currencySymbol\">&euro;<\/span>&nbsp;27,95<\/bdi><\/span>","category":"Balance Garden-Pf\u00e4hle","global_unique_id":"5410807170120","_links":{"self":[{"href":"https:\/\/www.eliassen.nl\/de\/wp-json\/wp\/v2\/product\/189142","targetHints":{"allow":["GET"]}}],"collection":[{"href":"https:\/\/www.eliassen.nl\/de\/wp-json\/wp\/v2\/product"}],"about":[{"href":"https:\/\/www.eliassen.nl\/de\/wp-json\/wp\/v2\/types\/product"}],"wp:featuredmedia":[{"embeddable":true,"href":"https:\/\/www.eliassen.nl\/de\/wp-json\/wp\/v2\/media\/170800"}],"wp:attachment":[{"href":"https:\/\/www.eliassen.nl\/de\/wp-json\/wp\/v2\/media?parent=189142"}],"wp:term":[{"taxonomy":"product_brand","embeddable":true,"href":"https:\/\/www.eliassen.nl\/de\/wp-json\/wp\/v2\/product_brand?post=189142"},{"taxonomy":"product_cat","embeddable":true,"href":"https:\/\/www.eliassen.nl\/de\/wp-json\/wp\/v2\/product_cat?post=189142"},{"taxonomy":"product_tag","embeddable":true,"href":"https:\/\/www.eliassen.nl\/de\/wp-json\/wp\/v2\/product_tag?post=189142"}],"curies":[{"name":"wp","href":"https:\/\/api.w.org\/{rel}","templated":true}]}}