{"id":18805,"date":"2019-10-28T19:11:24","date_gmt":"2019-10-28T19:11:24","guid":{"rendered":"https:\/\/www.eliassen.nl\/?product=3d-malerei-metall-vw-bus1-80x120cm"},"modified":"2025-12-10T16:06:14","modified_gmt":"2025-12-10T15:06:14","slug":"3d-gemalde-metall-urlaub-vw-bus-sonnenuntergang-80x120cm","status":"publish","type":"product","link":"https:\/\/www.eliassen.nl\/de\/3d-gemalde-metall-urlaub-vw-bus-sonnenuntergang-80x120cm\/","title":{"rendered":"3d Malerei Metall Urlaub VW Bus Sonnenuntergang 80x120cm"},"content":{"rendered":"<p>Mit dieser Wanddekoration wird Ihr Zuhause oder Ihr Gesch\u00e4ft wundersch\u00f6n. Dieses Modell aus Metall, das einen VW-Bus bei Sonnenuntergang im romantischen Stil zeigt, ist vollst\u00e4ndig handgefertigt. Alles an diesem Wandobjekt ist aus Metall, also sowohl der Hintergrund als auch die Figur. Da es von Hand gemalt und hergestellt wurde, kann die Farbe leicht vom Foto abweichen. 3D-Gem\u00e4lde sind nie genau gleich. Bei diesen etwas groben Gem\u00e4lden kann es immer wieder zu kleineren Abweichungen kommen. Manchmal wurde dies sogar absichtlich gemacht, um eine handgemalte Atmosph\u00e4re zu schaffen.<br \/>\n<strong>Wir haben auch fast die gesamte Kollektion dieser Serie in unserem Gesch\u00e4ft, was in den Niederlanden sehr einzigartig ist<\/strong>. <strong>Nirgendwo sonst finden Sie eine so gro\u00dfe Kollektion und Sie sind herzlich eingeladen, unseren Ausstellungsraum zu besuchen.<\/strong><\/p>\n<p>Dieses 3D-Metallgem\u00e4lde mit einem verliebten Paar neben einem VW-Wohnmobil ist eine gro\u00dfartige Erg\u00e4nzung f\u00fcr Ihre Inneneinrichtung, wenn Sie Ihr Interieur aufhellen und ihm Gem\u00fctlichkeit verleihen m\u00f6chten. Das 3d-Wandobjekt zeichnet sich durch warme Farben und ein subtiles Bild aus. So kommt diese 3D-Wanddekoration in einem Wohnzimmer besonders gut zur Geltung. Er macht sich vor allem in gem\u00fctlichen R\u00e4umen sehr gut, weil er ein angemessen stimmungsvolles Image hat.<\/p>\n<ul>\n<li>Gr\u00f6\u00dfe 80x120cm<\/li>\n<li>Einfach mit 2 Schrauben aufzuh\u00e4ngen<\/li>\n<li>Schnelle Lieferung<\/li>\n<li>Handbemalt<\/li>\n<li>Gr\u00f6\u00dfte Sammlung in den Benelux-L\u00e4ndern, auch f\u00fcr Live-Viewing verf\u00fcgbar<\/li>\n<\/ul>\n","protected":false},"excerpt":{"rendered":"<p>Handgemaltes dreidimensionales Gem\u00e4lde, das ein Paar im Urlaub darstellt.<\/p>\n","protected":false},"featured_media":18799,"template":"","meta":{"_acf_changed":false,"_genesis_title":"","_genesis_description":""},"product_brand":[7505],"product_cat":[419,434,410],"product_tag":[],"class_list":{"0":"post-18805","1":"product","2":"type-product","3":"status-publish","4":"has-post-thumbnail","6":"product_brand-sonstige","7":"product_cat-3d-gemaelde-aus-metall","8":"product_cat-3d-gemaelde-aus-metall-im-format-80x120cm","9":"product_cat-gemaelde","11":"first","12":"instock","13":"taxable","14":"shipping-taxable","15":"purchasable","16":"product-type-simple"},"acf":[],"meta_all":{"total_sales":"9","wcml_sync_hash":{"postmeta_fields":"ed505cbc1a68e0b2efeabaf071bf4892"},"attr_label_translations":[],"cor_restricted_countries":[]},"meta_all_flat":{"total_sales":"9","wcml_sync_hash.postmeta_fields":"ed505cbc1a68e0b2efeabaf071bf4892"},"yoast_head":"<!-- This site is optimized with the Yoast SEO Premium plugin v26.2 (Yoast SEO v27.2) - https:\/\/yoast.com\/product\/yoast-seo-premium-wordpress\/ -->\n<title>3d Malerei Metall Urlaub VW Bus Sonnenuntergang 80x120cm | Eliassen<\/title>\n<meta name=\"description\" content=\"Suchen Sie ein romantisches Gem\u00e4lde? Dieses sch\u00f6ne Modell ist handgefertigt und hat einen authentischen Look. Mit einem Paar, das in einem VW-Bus Urlaub macht.\" \/>\n<meta name=\"robots\" content=\"index, follow, max-snippet:-1, max-image-preview:large, max-video-preview:-1\" \/>\n<link rel=\"canonical\" href=\"https:\/\/www.eliassen.nl\/de\/3d-gemalde-metall-urlaub-vw-bus-sonnenuntergang-80x120cm\/\" \/>\n<meta property=\"og:locale\" content=\"de_DE\" \/>\n<meta property=\"og:type\" content=\"article\" \/>\n<meta property=\"og:title\" content=\"Sonstige 3d Malerei Metall Urlaub VW Bus Sonnenuntergang 80x120cm - Eliassen.nl\" \/>\n<meta property=\"og:description\" content=\"Suchen Sie ein romantisches Gem\u00e4lde? Dieses sch\u00f6ne Modell ist handgefertigt und hat einen authentischen Look. Mit einem Paar, das in einem VW-Bus Urlaub macht.\" \/>\n<meta property=\"og:url\" content=\"https:\/\/www.eliassen.nl\/de\/3d-gemalde-metall-urlaub-vw-bus-sonnenuntergang-80x120cm\/\" \/>\n<meta property=\"og:site_name\" content=\"Eliassen.nl\" \/>\n<meta property=\"article:publisher\" content=\"https:\/\/www.facebook.com\/TuincentrumEliassenAmmerzoden\" \/>\n<meta property=\"article:modified_time\" content=\"2025-12-10T15:06:14+00:00\" \/>\n<meta property=\"og:image\" content=\"https:\/\/www.eliassen.nl\/wp-content\/uploads\/2024\/01\/4103dschilderijmetaalvakantievwbuszonsonder.jpg\" \/>\n\t<meta property=\"og:image:width\" content=\"1000\" \/>\n\t<meta property=\"og:image:height\" content=\"667\" \/>\n\t<meta property=\"og:image:type\" content=\"image\/jpeg\" \/>\n<meta name=\"twitter:card\" content=\"summary_large_image\" \/>\n<script type=\"application\/ld+json\" class=\"yoast-schema-graph\">{\"@context\":\"https:\/\/schema.org\",\"@graph\":[{\"@type\":\"WebPage\",\"@id\":\"https:\/\/www.eliassen.nl\/de\/3d-gemalde-metall-urlaub-vw-bus-sonnenuntergang-80x120cm\/\",\"url\":\"https:\/\/www.eliassen.nl\/de\/3d-gemalde-metall-urlaub-vw-bus-sonnenuntergang-80x120cm\/\",\"name\":\"3d Malerei Metall Urlaub VW Bus Sonnenuntergang 80x120cm | Eliassen\",\"isPartOf\":{\"@id\":\"https:\/\/www.eliassen.nl\/de\/#website\"},\"primaryImageOfPage\":{\"@id\":\"https:\/\/www.eliassen.nl\/de\/3d-gemalde-metall-urlaub-vw-bus-sonnenuntergang-80x120cm\/#primaryimage\"},\"image\":{\"@id\":\"https:\/\/www.eliassen.nl\/de\/3d-gemalde-metall-urlaub-vw-bus-sonnenuntergang-80x120cm\/#primaryimage\"},\"thumbnailUrl\":\"https:\/\/www.eliassen.nl\/wp-content\/uploads\/2024\/01\/4103dschilderijmetaalvakantievwbuszonsonder.jpg\",\"datePublished\":\"2019-10-28T19:11:24+00:00\",\"dateModified\":\"2025-12-10T15:06:14+00:00\",\"description\":\"Suchen Sie ein romantisches Gem\u00e4lde? Dieses sch\u00f6ne Modell ist handgefertigt und hat einen authentischen Look. Mit einem Paar, das in einem VW-Bus Urlaub macht.\",\"breadcrumb\":{\"@id\":\"https:\/\/www.eliassen.nl\/de\/3d-gemalde-metall-urlaub-vw-bus-sonnenuntergang-80x120cm\/#breadcrumb\"},\"inLanguage\":\"de\",\"potentialAction\":[{\"@type\":\"ReadAction\",\"target\":[\"https:\/\/www.eliassen.nl\/de\/3d-gemalde-metall-urlaub-vw-bus-sonnenuntergang-80x120cm\/\"]}]},{\"@type\":\"ImageObject\",\"inLanguage\":\"de\",\"@id\":\"https:\/\/www.eliassen.nl\/de\/3d-gemalde-metall-urlaub-vw-bus-sonnenuntergang-80x120cm\/#primaryimage\",\"url\":\"https:\/\/www.eliassen.nl\/wp-content\/uploads\/2024\/01\/4103dschilderijmetaalvakantievwbuszonsonder.jpg\",\"contentUrl\":\"https:\/\/www.eliassen.nl\/wp-content\/uploads\/2024\/01\/4103dschilderijmetaalvakantievwbuszonsonder.jpg\",\"width\":1000,\"height\":667,\"caption\":\"410 3d painting metal holiday VW bus sunset 80x120cm eliassen.de\"},{\"@type\":\"BreadcrumbList\",\"@id\":\"https:\/\/www.eliassen.nl\/de\/3d-gemalde-metall-urlaub-vw-bus-sonnenuntergang-80x120cm\/#breadcrumb\",\"itemListElement\":[{\"@type\":\"ListItem\",\"position\":1,\"name\":\"Home\",\"item\":\"https:\/\/www.eliassen.nl\/de\/\"},{\"@type\":\"ListItem\",\"position\":2,\"name\":\"Shop\",\"item\":\"https:\/\/www.eliassen.nl\/de\/shop\/\"},{\"@type\":\"ListItem\",\"position\":3,\"name\":\"Gem\u00e4lde\",\"item\":\"https:\/\/www.eliassen.nl\/de\/gemaelde\/\"},{\"@type\":\"ListItem\",\"position\":4,\"name\":\"3D Gem\u00e4lde aus Metall\",\"item\":\"https:\/\/www.eliassen.nl\/de\/gemaelde\/3d-gemaelde-aus-metall\/\"},{\"@type\":\"ListItem\",\"position\":5,\"name\":\"3D Gem\u00e4lde aus Metall 80x120 cm\",\"item\":\"https:\/\/www.eliassen.nl\/de\/gemaelde\/3d-gemaelde-aus-metall\/3d-gemaelde-aus-metall-im-format-80x120cm\/\"},{\"@type\":\"ListItem\",\"position\":6,\"name\":\"3d Malerei Metall Urlaub VW Bus Sonnenuntergang 80x120cm\"}]},{\"@type\":\"WebSite\",\"@id\":\"https:\/\/www.eliassen.nl\/de\/#website\",\"url\":\"https:\/\/www.eliassen.nl\/de\/\",\"name\":\"Eliassen Home & Garden Pleasure\",\"description\":\"\",\"publisher\":{\"@id\":\"https:\/\/www.eliassen.nl\/de\/#organization\"},\"alternateName\":\"Eliassen.nl\",\"potentialAction\":[{\"@type\":\"SearchAction\",\"target\":{\"@type\":\"EntryPoint\",\"urlTemplate\":\"https:\/\/www.eliassen.nl\/de\/?s={search_term_string}\"},\"query-input\":{\"@type\":\"PropertyValueSpecification\",\"valueRequired\":true,\"valueName\":\"search_term_string\"}}],\"inLanguage\":\"de\"},{\"@type\":[\"Organization\",\"Place\"],\"@id\":\"https:\/\/www.eliassen.nl\/de\/#organization\",\"name\":\"Eliassen Home & Garden Pleasure\",\"url\":\"https:\/\/www.eliassen.nl\/de\/\",\"logo\":{\"@id\":\"https:\/\/www.eliassen.nl\/de\/3d-gemalde-metall-urlaub-vw-bus-sonnenuntergang-80x120cm\/#local-main-organization-logo\"},\"image\":{\"@id\":\"https:\/\/www.eliassen.nl\/de\/3d-gemalde-metall-urlaub-vw-bus-sonnenuntergang-80x120cm\/#local-main-organization-logo\"},\"sameAs\":[\"https:\/\/www.facebook.com\/TuincentrumEliassenAmmerzoden\",\"https:\/\/www.instagram.com\/eliassenhomeandgarden\/\",\"https:\/\/nl.pinterest.com\/eliassenhomeandgarden\/\",\"https:\/\/www.youtube.com\/@eliassenhomegardenpleasure4558\"],\"telephone\":[],\"openingHoursSpecification\":[{\"@type\":\"OpeningHoursSpecification\",\"dayOfWeek\":[\"Monday\",\"Tuesday\",\"Wednesday\",\"Thursday\",\"Friday\",\"Saturday\",\"Sunday\"],\"opens\":\"09:00\",\"closes\":\"17:00\"}]},{\"@type\":\"ImageObject\",\"inLanguage\":\"de\",\"@id\":\"https:\/\/www.eliassen.nl\/de\/3d-gemalde-metall-urlaub-vw-bus-sonnenuntergang-80x120cm\/#local-main-organization-logo\",\"url\":\"https:\/\/www.eliassen.nl\/wp-content\/uploads\/2024\/01\/logo_4nd.jpg\",\"contentUrl\":\"https:\/\/www.eliassen.nl\/wp-content\/uploads\/2024\/01\/logo_4nd.jpg\",\"width\":500,\"height\":500,\"caption\":\"Eliassen Home & Garden Pleasure\"}]}<\/script>\n<meta property=\"product:price:amount\" content=\"209.00\" \/>\n<meta property=\"product:price:currency\" content=\"EUR\" \/>\n<meta property=\"og:availability\" content=\"instock\" \/>\n<meta property=\"product:availability\" content=\"instock\" \/>\n<meta property=\"product:retailer_item_id\" content=\"410\" \/>\n<meta property=\"product:condition\" content=\"new\" \/>\n<!-- \/ Yoast SEO Premium plugin. -->","yoast_head_json":{"title":"3d Malerei Metall Urlaub VW Bus Sonnenuntergang 80x120cm | Eliassen","description":"Suchen Sie ein romantisches Gem\u00e4lde? Dieses sch\u00f6ne Modell ist handgefertigt und hat einen authentischen Look. Mit einem Paar, das in einem VW-Bus Urlaub macht.","robots":{"index":"index","follow":"follow","max-snippet":"max-snippet:-1","max-image-preview":"max-image-preview:large","max-video-preview":"max-video-preview:-1"},"canonical":"https:\/\/www.eliassen.nl\/de\/3d-gemalde-metall-urlaub-vw-bus-sonnenuntergang-80x120cm\/","og_locale":"de_DE","og_type":"article","og_title":"Sonstige 3d Malerei Metall Urlaub VW Bus Sonnenuntergang 80x120cm - Eliassen.nl","og_description":"Suchen Sie ein romantisches Gem\u00e4lde? Dieses sch\u00f6ne Modell ist handgefertigt und hat einen authentischen Look. Mit einem Paar, das in einem VW-Bus Urlaub macht.","og_url":"https:\/\/www.eliassen.nl\/de\/3d-gemalde-metall-urlaub-vw-bus-sonnenuntergang-80x120cm\/","og_site_name":"Eliassen.nl","article_publisher":"https:\/\/www.facebook.com\/TuincentrumEliassenAmmerzoden","article_modified_time":"2025-12-10T15:06:14+00:00","og_image":[{"width":1000,"height":667,"url":"https:\/\/www.eliassen.nl\/wp-content\/uploads\/2024\/01\/4103dschilderijmetaalvakantievwbuszonsonder.jpg","type":"image\/jpeg"}],"twitter_card":"summary_large_image","schema":{"@context":"https:\/\/schema.org","@graph":[{"@type":"WebPage","@id":"https:\/\/www.eliassen.nl\/de\/3d-gemalde-metall-urlaub-vw-bus-sonnenuntergang-80x120cm\/","url":"https:\/\/www.eliassen.nl\/de\/3d-gemalde-metall-urlaub-vw-bus-sonnenuntergang-80x120cm\/","name":"3d Malerei Metall Urlaub VW Bus Sonnenuntergang 80x120cm | Eliassen","isPartOf":{"@id":"https:\/\/www.eliassen.nl\/de\/#website"},"primaryImageOfPage":{"@id":"https:\/\/www.eliassen.nl\/de\/3d-gemalde-metall-urlaub-vw-bus-sonnenuntergang-80x120cm\/#primaryimage"},"image":{"@id":"https:\/\/www.eliassen.nl\/de\/3d-gemalde-metall-urlaub-vw-bus-sonnenuntergang-80x120cm\/#primaryimage"},"thumbnailUrl":"https:\/\/www.eliassen.nl\/wp-content\/uploads\/2024\/01\/4103dschilderijmetaalvakantievwbuszonsonder.jpg","datePublished":"2019-10-28T19:11:24+00:00","dateModified":"2025-12-10T15:06:14+00:00","description":"Suchen Sie ein romantisches Gem\u00e4lde? Dieses sch\u00f6ne Modell ist handgefertigt und hat einen authentischen Look. Mit einem Paar, das in einem VW-Bus Urlaub macht.","breadcrumb":{"@id":"https:\/\/www.eliassen.nl\/de\/3d-gemalde-metall-urlaub-vw-bus-sonnenuntergang-80x120cm\/#breadcrumb"},"inLanguage":"de","potentialAction":[{"@type":"ReadAction","target":["https:\/\/www.eliassen.nl\/de\/3d-gemalde-metall-urlaub-vw-bus-sonnenuntergang-80x120cm\/"]}]},{"@type":"ImageObject","inLanguage":"de","@id":"https:\/\/www.eliassen.nl\/de\/3d-gemalde-metall-urlaub-vw-bus-sonnenuntergang-80x120cm\/#primaryimage","url":"https:\/\/www.eliassen.nl\/wp-content\/uploads\/2024\/01\/4103dschilderijmetaalvakantievwbuszonsonder.jpg","contentUrl":"https:\/\/www.eliassen.nl\/wp-content\/uploads\/2024\/01\/4103dschilderijmetaalvakantievwbuszonsonder.jpg","width":1000,"height":667,"caption":"410 3d painting metal holiday VW bus sunset 80x120cm eliassen.de"},{"@type":"BreadcrumbList","@id":"https:\/\/www.eliassen.nl\/de\/3d-gemalde-metall-urlaub-vw-bus-sonnenuntergang-80x120cm\/#breadcrumb","itemListElement":[{"@type":"ListItem","position":1,"name":"Home","item":"https:\/\/www.eliassen.nl\/de\/"},{"@type":"ListItem","position":2,"name":"Shop","item":"https:\/\/www.eliassen.nl\/de\/shop\/"},{"@type":"ListItem","position":3,"name":"Gem\u00e4lde","item":"https:\/\/www.eliassen.nl\/de\/gemaelde\/"},{"@type":"ListItem","position":4,"name":"3D Gem\u00e4lde aus Metall","item":"https:\/\/www.eliassen.nl\/de\/gemaelde\/3d-gemaelde-aus-metall\/"},{"@type":"ListItem","position":5,"name":"3D Gem\u00e4lde aus Metall 80x120 cm","item":"https:\/\/www.eliassen.nl\/de\/gemaelde\/3d-gemaelde-aus-metall\/3d-gemaelde-aus-metall-im-format-80x120cm\/"},{"@type":"ListItem","position":6,"name":"3d Malerei Metall Urlaub VW Bus Sonnenuntergang 80x120cm"}]},{"@type":"WebSite","@id":"https:\/\/www.eliassen.nl\/de\/#website","url":"https:\/\/www.eliassen.nl\/de\/","name":"Eliassen Home & Garden Pleasure","description":"","publisher":{"@id":"https:\/\/www.eliassen.nl\/de\/#organization"},"alternateName":"Eliassen.nl","potentialAction":[{"@type":"SearchAction","target":{"@type":"EntryPoint","urlTemplate":"https:\/\/www.eliassen.nl\/de\/?s={search_term_string}"},"query-input":{"@type":"PropertyValueSpecification","valueRequired":true,"valueName":"search_term_string"}}],"inLanguage":"de"},{"@type":["Organization","Place"],"@id":"https:\/\/www.eliassen.nl\/de\/#organization","name":"Eliassen Home & Garden Pleasure","url":"https:\/\/www.eliassen.nl\/de\/","logo":{"@id":"https:\/\/www.eliassen.nl\/de\/3d-gemalde-metall-urlaub-vw-bus-sonnenuntergang-80x120cm\/#local-main-organization-logo"},"image":{"@id":"https:\/\/www.eliassen.nl\/de\/3d-gemalde-metall-urlaub-vw-bus-sonnenuntergang-80x120cm\/#local-main-organization-logo"},"sameAs":["https:\/\/www.facebook.com\/TuincentrumEliassenAmmerzoden","https:\/\/www.instagram.com\/eliassenhomeandgarden\/","https:\/\/nl.pinterest.com\/eliassenhomeandgarden\/","https:\/\/www.youtube.com\/@eliassenhomegardenpleasure4558"],"telephone":[],"openingHoursSpecification":[{"@type":"OpeningHoursSpecification","dayOfWeek":["Monday","Tuesday","Wednesday","Thursday","Friday","Saturday","Sunday"],"opens":"09:00","closes":"17:00"}]},{"@type":"ImageObject","inLanguage":"de","@id":"https:\/\/www.eliassen.nl\/de\/3d-gemalde-metall-urlaub-vw-bus-sonnenuntergang-80x120cm\/#local-main-organization-logo","url":"https:\/\/www.eliassen.nl\/wp-content\/uploads\/2024\/01\/logo_4nd.jpg","contentUrl":"https:\/\/www.eliassen.nl\/wp-content\/uploads\/2024\/01\/logo_4nd.jpg","width":500,"height":500,"caption":"Eliassen Home & Garden Pleasure"}]},"product_price_amount":"209.00","product_price_currency":"EUR","og_availability":"instock","product_availability":"instock","product_retailer_item_id":"410","product_condition":"new"},"df_price":209,"df_sale_price":"","df_regular_price":209,"df_image_link":"https:\/\/www.eliassen.nl\/wp-content\/uploads\/2024\/01\/4103dschilderijmetaalvakantievwbuszonsonder.jpg","image":"https:\/\/www.eliassen.nl\/wp-content\/uploads\/2024\/01\/4103dschilderijmetaalvakantievwbuszonsonder.jpg","price_search":"<span class=\"woocommerce-Price-amount amount\"><bdi><span class=\"woocommerce-Price-currencySymbol\">&euro;<\/span>&nbsp;209,00<\/bdi><\/span>","category":"3D Gem\u00e4lde aus Metall","global_unique_id":"5410807004661","_links":{"self":[{"href":"https:\/\/www.eliassen.nl\/de\/wp-json\/wp\/v2\/product\/18805","targetHints":{"allow":["GET"]}}],"collection":[{"href":"https:\/\/www.eliassen.nl\/de\/wp-json\/wp\/v2\/product"}],"about":[{"href":"https:\/\/www.eliassen.nl\/de\/wp-json\/wp\/v2\/types\/product"}],"wp:featuredmedia":[{"embeddable":true,"href":"https:\/\/www.eliassen.nl\/de\/wp-json\/wp\/v2\/media\/18799"}],"wp:attachment":[{"href":"https:\/\/www.eliassen.nl\/de\/wp-json\/wp\/v2\/media?parent=18805"}],"wp:term":[{"taxonomy":"product_brand","embeddable":true,"href":"https:\/\/www.eliassen.nl\/de\/wp-json\/wp\/v2\/product_brand?post=18805"},{"taxonomy":"product_cat","embeddable":true,"href":"https:\/\/www.eliassen.nl\/de\/wp-json\/wp\/v2\/product_cat?post=18805"},{"taxonomy":"product_tag","embeddable":true,"href":"https:\/\/www.eliassen.nl\/de\/wp-json\/wp\/v2\/product_tag?post=18805"}],"curies":[{"name":"wp","href":"https:\/\/api.w.org\/{rel}","templated":true}]}}