{"id":187967,"date":"2025-01-24T09:41:07","date_gmt":"2025-01-24T08:41:07","guid":{"rendered":"https:\/\/www.eliassen.nl\/product\/metallblume-sonnenblume-klein-70cm\/"},"modified":"2026-03-09T21:25:39","modified_gmt":"2026-03-09T20:25:39","slug":"metallblume-sonnenblume-klein-70cm","status":"publish","type":"product","link":"https:\/\/www.eliassen.nl\/de\/metallblume-sonnenblume-klein-70cm\/","title":{"rendered":"Metallblume Sonnenblume klein 70cm"},"content":{"rendered":"<p><span style=\"font-weight: 400;\">Sind Sie auf der Suche nach einem einzigartigen Dekorationsst\u00fcck f\u00fcr Ihren Garten oder Ihr Haus?<\/span><\/p>\n<p><span style=\"font-weight: 400;\">Eine Dekofigur aus Metall ist daf\u00fcr eine einfache und unkomplizierte L\u00f6sung. Diese Figuren sind leicht, erschwinglich und au\u00dferdem sehr fr\u00f6hlich und authentisch! Dazu kommt der robuste, farbenfrohe Look und Sie haben das perfekte Dekorationsst\u00fcck f\u00fcr Ihren Garten, Balkon, Ihre Terrasse oder Ihr Haus!<\/span><\/p>\n<p><span style=\"font-weight: 400;\">Unsere Kollektion von Dekorationsfiguren aus Metall besteht aus einer breiten Palette von M\u00f6glichkeiten und Optionen. Denken Sie an Modelle von klein bis gro\u00df in allen m\u00f6glichen Themen und Farben. So gibt es f\u00fcr jede Einrichtung und jeden pers\u00f6nlichen Geschmack ein passendes Modell. Denken Sie zum Beispiel an einen verspielten gr\u00fcnen Frosch, einen bunten Vogel oder eine coole graue Katze.<\/span><\/p>\n<p><span style=\"font-weight: 400;\">Die Metallskulpturen sind alle handgefertigt. Das gibt ein robustes und authentisches Aussehen. Daher k\u00f6nnen die Farben leicht variieren, aber das tr\u00e4gt zu einem einzigartigen und authentischen Aussehen bei. Au\u00dferdem sehen die Bilder dadurch farbenfroh und detailliert aus!<\/span><\/p>\n<p><b>Warum sollten Sie sich f\u00fcr eine stehende Sonnenblume 70cm entscheiden?<\/b><\/p>\n<p><span style=\"font-weight: 400;\">Erg\u00e4nzen Sie Ihre Sammlung um ein einzigartiges Dekorationsst\u00fcck mit dieser stehenden Sonnenblume! Auch zum Verschenken sieht diese Statue nicht unpassend aus! Da jedes Modell handgefertigt ist, entsteht ein klassischer Look, den man nicht \u00fcberall sieht. Die Leute werden den Charme und die Verarbeitung dieser Skulptur bewundern. Da die Skulptur einen zeitlosen Look hat, werden Sie auch lange Freude daran haben.<\/span><\/p>\n<ul>\n<li style=\"font-weight: 400;\"><span style=\"font-weight: 400;\">Ma\u00dfe: 15x6x70cm.<\/span><\/li>\n<li style=\"font-weight: 400;\"><span style=\"font-weight: 400;\">Schnelle Lieferung.<\/span><\/li>\n<li style=\"font-weight: 400;\"><span style=\"font-weight: 400;\">Kein Spielzeug.<\/span><\/li>\n<li style=\"font-weight: 400;\"><span style=\"font-weight: 400;\">100% handgefertigt.<\/span><\/li>\n<li style=\"font-weight: 400;\"><span style=\"font-weight: 400;\">Die Farben k\u00f6nnen variieren.<\/span><\/li>\n<li style=\"font-weight: 400;\"><span style=\"font-weight: 400;\">1 Jahr Garantie.<\/span><\/li>\n<\/ul>\n","protected":false},"excerpt":{"rendered":"<p>\u2714Sehr dekorativ \u2714Sehr gut als Geschenk geeignet.<\/p>\n","protected":false},"featured_media":170762,"template":"","meta":{"_acf_changed":false,"_genesis_title":"","_genesis_description":""},"product_brand":[7505],"product_cat":[665,659,851,836],"product_tag":[],"class_list":{"0":"post-187967","1":"product","2":"type-product","3":"status-publish","4":"has-post-thumbnail","6":"product_brand-sonstige","7":"product_cat-dekofiguren-aus-metall","8":"product_cat-dekoration-aus-metall","9":"product_cat-gartenpfaehle-aus-still","10":"product_cat-gartenstecker","12":"first","13":"instock","14":"taxable","15":"shipping-taxable","16":"purchasable","17":"product-type-simple"},"acf":[],"meta_all":{"total_sales":"6","cor_restricted_countries":[]},"meta_all_flat":{"total_sales":"6"},"yoast_head":"<!-- This site is optimized with the Yoast SEO Premium plugin v26.2 (Yoast SEO v27.2) - https:\/\/yoast.com\/product\/yoast-seo-premium-wordpress\/ -->\n<title>Sonstige Metallblume Sonnenblume klein 70cm - Eliassen.nl<\/title>\n<meta name=\"description\" content=\"Eine sch\u00f6ne, sehr dekorative Sonnenblume aus Metall (70 cm) f\u00fcr den Garten. Eine echte Dekoration und sehr gut als Geschenk geeignet. Schnelle Lieferung.\" \/>\n<meta name=\"robots\" content=\"index, follow, max-snippet:-1, max-image-preview:large, max-video-preview:-1\" \/>\n<link rel=\"canonical\" href=\"https:\/\/www.eliassen.nl\/de\/metallblume-sonnenblume-klein-70cm\/\" \/>\n<meta property=\"og:locale\" content=\"de_DE\" \/>\n<meta property=\"og:type\" content=\"article\" \/>\n<meta property=\"og:title\" content=\"Sonstige Metallblume Sonnenblume klein 70cm - Eliassen.nl\" \/>\n<meta property=\"og:description\" content=\"Eine sch\u00f6ne, sehr dekorative Sonnenblume aus Metall (70 cm) f\u00fcr den Garten. Eine echte Dekoration und sehr gut als Geschenk geeignet. Schnelle Lieferung.\" \/>\n<meta property=\"og:url\" content=\"https:\/\/www.eliassen.nl\/de\/metallblume-sonnenblume-klein-70cm\/\" \/>\n<meta property=\"og:site_name\" content=\"Eliassen.nl\" \/>\n<meta property=\"article:publisher\" content=\"https:\/\/www.facebook.com\/TuincentrumEliassenAmmerzoden\" \/>\n<meta property=\"article:modified_time\" content=\"2026-03-09T20:25:39+00:00\" \/>\n<meta property=\"og:image\" content=\"https:\/\/www.eliassen.nl\/wp-content\/uploads\/2025\/01\/metalen-zonnebloem-klein-Eliassen.nl_.jpg\" \/>\n\t<meta property=\"og:image:width\" content=\"1920\" \/>\n\t<meta property=\"og:image:height\" content=\"1440\" \/>\n\t<meta property=\"og:image:type\" content=\"image\/jpeg\" \/>\n<meta name=\"twitter:card\" content=\"summary_large_image\" \/>\n<script type=\"application\/ld+json\" class=\"yoast-schema-graph\">{\"@context\":\"https:\/\/schema.org\",\"@graph\":[{\"@type\":\"WebPage\",\"@id\":\"https:\/\/www.eliassen.nl\/de\/metallblume-sonnenblume-klein-70cm\/\",\"url\":\"https:\/\/www.eliassen.nl\/de\/metallblume-sonnenblume-klein-70cm\/\",\"name\":\"Sonstige Metallblume Sonnenblume klein 70cm - Eliassen.nl\",\"isPartOf\":{\"@id\":\"https:\/\/www.eliassen.nl\/de\/#website\"},\"primaryImageOfPage\":{\"@id\":\"https:\/\/www.eliassen.nl\/de\/metallblume-sonnenblume-klein-70cm\/#primaryimage\"},\"image\":{\"@id\":\"https:\/\/www.eliassen.nl\/de\/metallblume-sonnenblume-klein-70cm\/#primaryimage\"},\"thumbnailUrl\":\"https:\/\/www.eliassen.nl\/wp-content\/uploads\/2025\/01\/metalen-zonnebloem-klein-Eliassen.nl_.jpg\",\"datePublished\":\"2025-01-24T08:41:07+00:00\",\"dateModified\":\"2026-03-09T20:25:39+00:00\",\"description\":\"Eine sch\u00f6ne, sehr dekorative Sonnenblume aus Metall (70 cm) f\u00fcr den Garten. Eine echte Dekoration und sehr gut als Geschenk geeignet. Schnelle Lieferung.\",\"breadcrumb\":{\"@id\":\"https:\/\/www.eliassen.nl\/de\/metallblume-sonnenblume-klein-70cm\/#breadcrumb\"},\"inLanguage\":\"de\",\"potentialAction\":[{\"@type\":\"ReadAction\",\"target\":[\"https:\/\/www.eliassen.nl\/de\/metallblume-sonnenblume-klein-70cm\/\"]}]},{\"@type\":\"ImageObject\",\"inLanguage\":\"de\",\"@id\":\"https:\/\/www.eliassen.nl\/de\/metallblume-sonnenblume-klein-70cm\/#primaryimage\",\"url\":\"https:\/\/www.eliassen.nl\/wp-content\/uploads\/2025\/01\/metalen-zonnebloem-klein-Eliassen.nl_.jpg\",\"contentUrl\":\"https:\/\/www.eliassen.nl\/wp-content\/uploads\/2025\/01\/metalen-zonnebloem-klein-Eliassen.nl_.jpg\",\"width\":1920,\"height\":1440},{\"@type\":\"BreadcrumbList\",\"@id\":\"https:\/\/www.eliassen.nl\/de\/metallblume-sonnenblume-klein-70cm\/#breadcrumb\",\"itemListElement\":[{\"@type\":\"ListItem\",\"position\":1,\"name\":\"Home\",\"item\":\"https:\/\/www.eliassen.nl\/de\/\"},{\"@type\":\"ListItem\",\"position\":2,\"name\":\"Shop\",\"item\":\"https:\/\/www.eliassen.nl\/de\/shop\/\"},{\"@type\":\"ListItem\",\"position\":3,\"name\":\"Dekoration aus Metall\",\"item\":\"https:\/\/www.eliassen.nl\/de\/dekoration-aus-metall\/\"},{\"@type\":\"ListItem\",\"position\":4,\"name\":\"Metallblume Sonnenblume klein 70cm\"}]},{\"@type\":\"WebSite\",\"@id\":\"https:\/\/www.eliassen.nl\/de\/#website\",\"url\":\"https:\/\/www.eliassen.nl\/de\/\",\"name\":\"Eliassen Home & Garden Pleasure\",\"description\":\"\",\"publisher\":{\"@id\":\"https:\/\/www.eliassen.nl\/de\/#organization\"},\"alternateName\":\"Eliassen.nl\",\"potentialAction\":[{\"@type\":\"SearchAction\",\"target\":{\"@type\":\"EntryPoint\",\"urlTemplate\":\"https:\/\/www.eliassen.nl\/de\/?s={search_term_string}\"},\"query-input\":{\"@type\":\"PropertyValueSpecification\",\"valueRequired\":true,\"valueName\":\"search_term_string\"}}],\"inLanguage\":\"de\"},{\"@type\":[\"Organization\",\"Place\"],\"@id\":\"https:\/\/www.eliassen.nl\/de\/#organization\",\"name\":\"Eliassen Home & Garden Pleasure\",\"url\":\"https:\/\/www.eliassen.nl\/de\/\",\"logo\":{\"@id\":\"https:\/\/www.eliassen.nl\/de\/metallblume-sonnenblume-klein-70cm\/#local-main-organization-logo\"},\"image\":{\"@id\":\"https:\/\/www.eliassen.nl\/de\/metallblume-sonnenblume-klein-70cm\/#local-main-organization-logo\"},\"sameAs\":[\"https:\/\/www.facebook.com\/TuincentrumEliassenAmmerzoden\",\"https:\/\/www.instagram.com\/eliassenhomeandgarden\/\",\"https:\/\/nl.pinterest.com\/eliassenhomeandgarden\/\",\"https:\/\/www.youtube.com\/@eliassenhomegardenpleasure4558\"],\"telephone\":[],\"openingHoursSpecification\":[{\"@type\":\"OpeningHoursSpecification\",\"dayOfWeek\":[\"Monday\",\"Tuesday\",\"Wednesday\",\"Thursday\",\"Friday\",\"Saturday\",\"Sunday\"],\"opens\":\"09:00\",\"closes\":\"17:00\"}]},{\"@type\":\"ImageObject\",\"inLanguage\":\"de\",\"@id\":\"https:\/\/www.eliassen.nl\/de\/metallblume-sonnenblume-klein-70cm\/#local-main-organization-logo\",\"url\":\"https:\/\/www.eliassen.nl\/wp-content\/uploads\/2024\/01\/logo_4nd.jpg\",\"contentUrl\":\"https:\/\/www.eliassen.nl\/wp-content\/uploads\/2024\/01\/logo_4nd.jpg\",\"width\":500,\"height\":500,\"caption\":\"Eliassen Home & Garden Pleasure\"}]}<\/script>\n<meta property=\"product:price:amount\" content=\"25.95\" \/>\n<meta property=\"product:price:currency\" content=\"EUR\" \/>\n<meta property=\"og:availability\" content=\"instock\" \/>\n<meta property=\"product:availability\" content=\"instock\" \/>\n<meta property=\"product:retailer_item_id\" content=\"Md16203\" \/>\n<meta property=\"product:condition\" content=\"new\" \/>\n<!-- \/ Yoast SEO Premium plugin. -->","yoast_head_json":{"title":"Sonstige Metallblume Sonnenblume klein 70cm - Eliassen.nl","description":"Eine sch\u00f6ne, sehr dekorative Sonnenblume aus Metall (70 cm) f\u00fcr den Garten. Eine echte Dekoration und sehr gut als Geschenk geeignet. Schnelle Lieferung.","robots":{"index":"index","follow":"follow","max-snippet":"max-snippet:-1","max-image-preview":"max-image-preview:large","max-video-preview":"max-video-preview:-1"},"canonical":"https:\/\/www.eliassen.nl\/de\/metallblume-sonnenblume-klein-70cm\/","og_locale":"de_DE","og_type":"article","og_title":"Sonstige Metallblume Sonnenblume klein 70cm - Eliassen.nl","og_description":"Eine sch\u00f6ne, sehr dekorative Sonnenblume aus Metall (70 cm) f\u00fcr den Garten. Eine echte Dekoration und sehr gut als Geschenk geeignet. Schnelle Lieferung.","og_url":"https:\/\/www.eliassen.nl\/de\/metallblume-sonnenblume-klein-70cm\/","og_site_name":"Eliassen.nl","article_publisher":"https:\/\/www.facebook.com\/TuincentrumEliassenAmmerzoden","article_modified_time":"2026-03-09T20:25:39+00:00","og_image":[{"width":1920,"height":1440,"url":"https:\/\/www.eliassen.nl\/wp-content\/uploads\/2025\/01\/metalen-zonnebloem-klein-Eliassen.nl_.jpg","type":"image\/jpeg"}],"twitter_card":"summary_large_image","schema":{"@context":"https:\/\/schema.org","@graph":[{"@type":"WebPage","@id":"https:\/\/www.eliassen.nl\/de\/metallblume-sonnenblume-klein-70cm\/","url":"https:\/\/www.eliassen.nl\/de\/metallblume-sonnenblume-klein-70cm\/","name":"Sonstige Metallblume Sonnenblume klein 70cm - Eliassen.nl","isPartOf":{"@id":"https:\/\/www.eliassen.nl\/de\/#website"},"primaryImageOfPage":{"@id":"https:\/\/www.eliassen.nl\/de\/metallblume-sonnenblume-klein-70cm\/#primaryimage"},"image":{"@id":"https:\/\/www.eliassen.nl\/de\/metallblume-sonnenblume-klein-70cm\/#primaryimage"},"thumbnailUrl":"https:\/\/www.eliassen.nl\/wp-content\/uploads\/2025\/01\/metalen-zonnebloem-klein-Eliassen.nl_.jpg","datePublished":"2025-01-24T08:41:07+00:00","dateModified":"2026-03-09T20:25:39+00:00","description":"Eine sch\u00f6ne, sehr dekorative Sonnenblume aus Metall (70 cm) f\u00fcr den Garten. Eine echte Dekoration und sehr gut als Geschenk geeignet. Schnelle Lieferung.","breadcrumb":{"@id":"https:\/\/www.eliassen.nl\/de\/metallblume-sonnenblume-klein-70cm\/#breadcrumb"},"inLanguage":"de","potentialAction":[{"@type":"ReadAction","target":["https:\/\/www.eliassen.nl\/de\/metallblume-sonnenblume-klein-70cm\/"]}]},{"@type":"ImageObject","inLanguage":"de","@id":"https:\/\/www.eliassen.nl\/de\/metallblume-sonnenblume-klein-70cm\/#primaryimage","url":"https:\/\/www.eliassen.nl\/wp-content\/uploads\/2025\/01\/metalen-zonnebloem-klein-Eliassen.nl_.jpg","contentUrl":"https:\/\/www.eliassen.nl\/wp-content\/uploads\/2025\/01\/metalen-zonnebloem-klein-Eliassen.nl_.jpg","width":1920,"height":1440},{"@type":"BreadcrumbList","@id":"https:\/\/www.eliassen.nl\/de\/metallblume-sonnenblume-klein-70cm\/#breadcrumb","itemListElement":[{"@type":"ListItem","position":1,"name":"Home","item":"https:\/\/www.eliassen.nl\/de\/"},{"@type":"ListItem","position":2,"name":"Shop","item":"https:\/\/www.eliassen.nl\/de\/shop\/"},{"@type":"ListItem","position":3,"name":"Dekoration aus Metall","item":"https:\/\/www.eliassen.nl\/de\/dekoration-aus-metall\/"},{"@type":"ListItem","position":4,"name":"Metallblume Sonnenblume klein 70cm"}]},{"@type":"WebSite","@id":"https:\/\/www.eliassen.nl\/de\/#website","url":"https:\/\/www.eliassen.nl\/de\/","name":"Eliassen Home & Garden Pleasure","description":"","publisher":{"@id":"https:\/\/www.eliassen.nl\/de\/#organization"},"alternateName":"Eliassen.nl","potentialAction":[{"@type":"SearchAction","target":{"@type":"EntryPoint","urlTemplate":"https:\/\/www.eliassen.nl\/de\/?s={search_term_string}"},"query-input":{"@type":"PropertyValueSpecification","valueRequired":true,"valueName":"search_term_string"}}],"inLanguage":"de"},{"@type":["Organization","Place"],"@id":"https:\/\/www.eliassen.nl\/de\/#organization","name":"Eliassen Home & Garden Pleasure","url":"https:\/\/www.eliassen.nl\/de\/","logo":{"@id":"https:\/\/www.eliassen.nl\/de\/metallblume-sonnenblume-klein-70cm\/#local-main-organization-logo"},"image":{"@id":"https:\/\/www.eliassen.nl\/de\/metallblume-sonnenblume-klein-70cm\/#local-main-organization-logo"},"sameAs":["https:\/\/www.facebook.com\/TuincentrumEliassenAmmerzoden","https:\/\/www.instagram.com\/eliassenhomeandgarden\/","https:\/\/nl.pinterest.com\/eliassenhomeandgarden\/","https:\/\/www.youtube.com\/@eliassenhomegardenpleasure4558"],"telephone":[],"openingHoursSpecification":[{"@type":"OpeningHoursSpecification","dayOfWeek":["Monday","Tuesday","Wednesday","Thursday","Friday","Saturday","Sunday"],"opens":"09:00","closes":"17:00"}]},{"@type":"ImageObject","inLanguage":"de","@id":"https:\/\/www.eliassen.nl\/de\/metallblume-sonnenblume-klein-70cm\/#local-main-organization-logo","url":"https:\/\/www.eliassen.nl\/wp-content\/uploads\/2024\/01\/logo_4nd.jpg","contentUrl":"https:\/\/www.eliassen.nl\/wp-content\/uploads\/2024\/01\/logo_4nd.jpg","width":500,"height":500,"caption":"Eliassen Home & Garden Pleasure"}]},"product_price_amount":"25.95","product_price_currency":"EUR","og_availability":"instock","product_availability":"instock","product_retailer_item_id":"Md16203","product_condition":"new"},"df_price":25.95,"df_sale_price":"","df_regular_price":25.95,"df_image_link":"https:\/\/www.eliassen.nl\/wp-content\/uploads\/2025\/01\/metalen-zonnebloem-klein-Eliassen.nl_-300x225.jpg","image":"https:\/\/www.eliassen.nl\/wp-content\/uploads\/2025\/01\/metalen-zonnebloem-klein-Eliassen.nl_-150x150.jpg","price_search":"<span class=\"woocommerce-Price-amount amount\"><bdi><span class=\"woocommerce-Price-currencySymbol\">&euro;<\/span>&nbsp;25,95<\/bdi><\/span>","category":"Dekofiguren aus Metall","global_unique_id":"5410807162033","_links":{"self":[{"href":"https:\/\/www.eliassen.nl\/de\/wp-json\/wp\/v2\/product\/187967","targetHints":{"allow":["GET"]}}],"collection":[{"href":"https:\/\/www.eliassen.nl\/de\/wp-json\/wp\/v2\/product"}],"about":[{"href":"https:\/\/www.eliassen.nl\/de\/wp-json\/wp\/v2\/types\/product"}],"wp:featuredmedia":[{"embeddable":true,"href":"https:\/\/www.eliassen.nl\/de\/wp-json\/wp\/v2\/media\/170762"}],"wp:attachment":[{"href":"https:\/\/www.eliassen.nl\/de\/wp-json\/wp\/v2\/media?parent=187967"}],"wp:term":[{"taxonomy":"product_brand","embeddable":true,"href":"https:\/\/www.eliassen.nl\/de\/wp-json\/wp\/v2\/product_brand?post=187967"},{"taxonomy":"product_cat","embeddable":true,"href":"https:\/\/www.eliassen.nl\/de\/wp-json\/wp\/v2\/product_cat?post=187967"},{"taxonomy":"product_tag","embeddable":true,"href":"https:\/\/www.eliassen.nl\/de\/wp-json\/wp\/v2\/product_tag?post=187967"}],"curies":[{"name":"wp","href":"https:\/\/api.w.org\/{rel}","templated":true}]}}