{"id":18709,"date":"2019-10-28T19:10:50","date_gmt":"2019-10-28T19:10:50","guid":{"rendered":"https:\/\/www.eliassen.nl\/?product=dibond-gemaelde-148-x-98-cm-neuschnee"},"modified":"2026-01-07T13:20:42","modified_gmt":"2026-01-07T12:20:42","slug":"dibond-gemalde-148x98-cm-frisch","status":"publish","type":"product","link":"https:\/\/www.eliassen.nl\/de\/dibond-gemalde-148x98-cm-frisch\/","title":{"rendered":"Dibond Gem\u00e4lde 148&#215;98 cm Frisch"},"content":{"rendered":"<p>M\u00f6gen Sie ein modernes Fotogem\u00e4lde, aber nicht die Blendung, wie sie bei Glasgem\u00e4lden der Fall ist? Dann ist dieses hochmoderne Gem\u00e4lde, das eine Stadtstra\u00dfe am Abend zeigt und gestochen scharf auf Dibond-Aluminiumblech gedruckt wurde, vielleicht etwas f\u00fcr Sie. Dibond ist ein 3 mm dickes, geb\u00fcrstetes Aluminiumblech mit einem Kunststoffkern. Darauf wird ein Bild gedruckt, das ein mattes und manchmal rostfreies Aussehen hat und au\u00dferdem UV-best\u00e4ndig ist. So kann diese Wanddekoration aus Aluminium sicher in Winterg\u00e4rten, unter einer Veranda oder sogar an einer Gartenmauer oder einem Zaun aufgeh\u00e4ngt werden, ohne sich zu verf\u00e4rben (seien Sie nur vorsichtig bei Wind). Unsere dibond-Serien sind also keine Aufklebermodelle!!!<\/p>\n<p>Sie k\u00f6nnen sich dieses Gem\u00e4lde auch in unserem Gesch\u00e4ft ansehen. Wir haben fast die gesamte Serie dieser Gem\u00e4lde in unserem Gesch\u00e4ft ausgestellt!<\/p>\n<p><em>Technische Daten:<\/em><\/p>\n<ul>\n<li>Garantie: 2 Jahre<\/li>\n<li>Gr\u00f6\u00dfe: 148 x 98 cm<\/li>\n<li>Material: Dibond 3 mm geb\u00fcrstet<\/li>\n<li>Einfaches Aufh\u00e4ngen mit 1 Schraube (mitgeliefert)<\/li>\n<li>Verpackt in einem stabilen Karton.<\/li>\n<li>Gro\u00dfe Farbtiefe dank modernster Fotodrucktechnologie<\/li>\n<li>Schnelle Lieferung<\/li>\n<\/ul>\n","protected":false},"excerpt":{"rendered":"<p>M\u00f6gen Sie ein modernes Fotogem\u00e4lde, aber nicht die Blendung, wie sie bei Glasgem\u00e4lden der Fall ist? Dann ist dieses hochmoderne Gem\u00e4lde, das eine Stadtstra\u00dfe am Abend zeigt und gestochen scharf auf Dibond-Aluminiumblech gedruckt wurde, vielleicht etwas f\u00fcr Sie. Dibond ist ein 3 mm dickes, geb\u00fcrstetes Aluminiumblech mit einem Kunststoffkern. Darauf wird ein Bild gedruckt, das &hellip;<\/p>\n","protected":false},"featured_media":18706,"template":"","meta":{"_acf_changed":false,"_genesis_title":"","_genesis_description":""},"product_brand":[7505],"product_cat":[479,410,413],"product_tag":[],"class_list":{"0":"post-18709","1":"product","2":"type-product","3":"status-publish","4":"has-post-thumbnail","6":"product_brand-sonstige","7":"product_cat-dibond-gemaelde-aus-aluminium","8":"product_cat-gemaelde","9":"product_cat-gemaelde-outlet","11":"first","12":"instock","13":"sale","14":"taxable","15":"shipping-taxable","16":"purchasable","17":"product-type-simple"},"acf":[],"meta_all":{"total_sales":"0","wcml_sync_hash":{"postmeta_fields":"88854699e161cee35cca0d5840a6e28a"},"attr_label_translations":[]},"meta_all_flat":{"total_sales":"0","wcml_sync_hash.postmeta_fields":"88854699e161cee35cca0d5840a6e28a"},"yoast_head":"<!-- This site is optimized with the Yoast SEO Premium plugin v26.2 (Yoast SEO v27.2) - https:\/\/yoast.com\/product\/yoast-seo-premium-wordpress\/ -->\n<title>Dibond Gem\u00e4lde 148 x 98 cm Frisch | Eliassen<\/title>\n<meta name=\"description\" content=\"Kaufen Sie bei Eliassen das Gem\u00e4lde Dibond 148 x 98 cm Fresh online oder sehen Sie es sich live im Ausstellungsraum an. Bestellen Sie direkt online.\" \/>\n<meta name=\"robots\" content=\"index, follow, max-snippet:-1, max-image-preview:large, max-video-preview:-1\" \/>\n<link rel=\"canonical\" href=\"https:\/\/www.eliassen.nl\/de\/dibond-gemalde-148x98-cm-frisch\/\" \/>\n<meta property=\"og:locale\" content=\"de_DE\" \/>\n<meta property=\"og:type\" content=\"article\" \/>\n<meta property=\"og:title\" content=\"Sonstige Dibond Gem\u00e4lde 148x98 cm Frisch - Eliassen.nl\" \/>\n<meta property=\"og:description\" content=\"Kaufen Sie bei Eliassen das Gem\u00e4lde Dibond 148 x 98 cm Fresh online oder sehen Sie es sich live im Ausstellungsraum an. Bestellen Sie direkt online.\" \/>\n<meta property=\"og:url\" content=\"https:\/\/www.eliassen.nl\/de\/dibond-gemalde-148x98-cm-frisch\/\" \/>\n<meta property=\"og:site_name\" content=\"Eliassen.nl\" \/>\n<meta property=\"article:publisher\" content=\"https:\/\/www.facebook.com\/TuincentrumEliassenAmmerzoden\" \/>\n<meta property=\"article:modified_time\" content=\"2026-01-07T12:20:42+00:00\" \/>\n<meta property=\"og:image\" content=\"https:\/\/www.eliassen.nl\/wp-content\/uploads\/2024\/01\/rvs022148x98cm.jpg\" \/>\n\t<meta property=\"og:image:width\" content=\"1024\" \/>\n\t<meta property=\"og:image:height\" content=\"679\" \/>\n\t<meta property=\"og:image:type\" content=\"image\/jpeg\" \/>\n<meta name=\"twitter:card\" content=\"summary_large_image\" \/>\n<script type=\"application\/ld+json\" class=\"yoast-schema-graph\">{\"@context\":\"https:\/\/schema.org\",\"@graph\":[{\"@type\":\"WebPage\",\"@id\":\"https:\/\/www.eliassen.nl\/de\/dibond-gemalde-148x98-cm-frisch\/\",\"url\":\"https:\/\/www.eliassen.nl\/de\/dibond-gemalde-148x98-cm-frisch\/\",\"name\":\"Dibond Gem\u00e4lde 148 x 98 cm Frisch | Eliassen\",\"isPartOf\":{\"@id\":\"https:\/\/www.eliassen.nl\/de\/#website\"},\"primaryImageOfPage\":{\"@id\":\"https:\/\/www.eliassen.nl\/de\/dibond-gemalde-148x98-cm-frisch\/#primaryimage\"},\"image\":{\"@id\":\"https:\/\/www.eliassen.nl\/de\/dibond-gemalde-148x98-cm-frisch\/#primaryimage\"},\"thumbnailUrl\":\"https:\/\/www.eliassen.nl\/wp-content\/uploads\/2024\/01\/rvs022148x98cm.jpg\",\"datePublished\":\"2019-10-28T19:10:50+00:00\",\"dateModified\":\"2026-01-07T12:20:42+00:00\",\"description\":\"Kaufen Sie bei Eliassen das Gem\u00e4lde Dibond 148 x 98 cm Fresh online oder sehen Sie es sich live im Ausstellungsraum an. Bestellen Sie direkt online.\",\"breadcrumb\":{\"@id\":\"https:\/\/www.eliassen.nl\/de\/dibond-gemalde-148x98-cm-frisch\/#breadcrumb\"},\"inLanguage\":\"de\",\"potentialAction\":[{\"@type\":\"ReadAction\",\"target\":[\"https:\/\/www.eliassen.nl\/de\/dibond-gemalde-148x98-cm-frisch\/\"]}]},{\"@type\":\"ImageObject\",\"inLanguage\":\"de\",\"@id\":\"https:\/\/www.eliassen.nl\/de\/dibond-gemalde-148x98-cm-frisch\/#primaryimage\",\"url\":\"https:\/\/www.eliassen.nl\/wp-content\/uploads\/2024\/01\/rvs022148x98cm.jpg\",\"contentUrl\":\"https:\/\/www.eliassen.nl\/wp-content\/uploads\/2024\/01\/rvs022148x98cm.jpg\",\"width\":1024,\"height\":679,\"caption\":\"Edelstahl022-148x98cm\"},{\"@type\":\"BreadcrumbList\",\"@id\":\"https:\/\/www.eliassen.nl\/de\/dibond-gemalde-148x98-cm-frisch\/#breadcrumb\",\"itemListElement\":[{\"@type\":\"ListItem\",\"position\":1,\"name\":\"Home\",\"item\":\"https:\/\/www.eliassen.nl\/de\/\"},{\"@type\":\"ListItem\",\"position\":2,\"name\":\"Shop\",\"item\":\"https:\/\/www.eliassen.nl\/de\/shop\/\"},{\"@type\":\"ListItem\",\"position\":3,\"name\":\"Gem\u00e4lde\",\"item\":\"https:\/\/www.eliassen.nl\/de\/gemaelde\/\"},{\"@type\":\"ListItem\",\"position\":4,\"name\":\"Dibond-Gem\u00e4lde aus Aluminium\",\"item\":\"https:\/\/www.eliassen.nl\/de\/gemaelde\/dibond-gemaelde-aus-aluminium\/\"},{\"@type\":\"ListItem\",\"position\":5,\"name\":\"Dibond Gem\u00e4lde 148&#215;98 cm Frisch\"}]},{\"@type\":\"WebSite\",\"@id\":\"https:\/\/www.eliassen.nl\/de\/#website\",\"url\":\"https:\/\/www.eliassen.nl\/de\/\",\"name\":\"Eliassen Home & Garden Pleasure\",\"description\":\"\",\"publisher\":{\"@id\":\"https:\/\/www.eliassen.nl\/de\/#organization\"},\"alternateName\":\"Eliassen.nl\",\"potentialAction\":[{\"@type\":\"SearchAction\",\"target\":{\"@type\":\"EntryPoint\",\"urlTemplate\":\"https:\/\/www.eliassen.nl\/de\/?s={search_term_string}\"},\"query-input\":{\"@type\":\"PropertyValueSpecification\",\"valueRequired\":true,\"valueName\":\"search_term_string\"}}],\"inLanguage\":\"de\"},{\"@type\":[\"Organization\",\"Place\"],\"@id\":\"https:\/\/www.eliassen.nl\/de\/#organization\",\"name\":\"Eliassen Home & Garden Pleasure\",\"url\":\"https:\/\/www.eliassen.nl\/de\/\",\"logo\":{\"@id\":\"https:\/\/www.eliassen.nl\/de\/dibond-gemalde-148x98-cm-frisch\/#local-main-organization-logo\"},\"image\":{\"@id\":\"https:\/\/www.eliassen.nl\/de\/dibond-gemalde-148x98-cm-frisch\/#local-main-organization-logo\"},\"sameAs\":[\"https:\/\/www.facebook.com\/TuincentrumEliassenAmmerzoden\",\"https:\/\/www.instagram.com\/eliassenhomeandgarden\/\",\"https:\/\/nl.pinterest.com\/eliassenhomeandgarden\/\",\"https:\/\/www.youtube.com\/@eliassenhomegardenpleasure4558\"],\"telephone\":[],\"openingHoursSpecification\":[{\"@type\":\"OpeningHoursSpecification\",\"dayOfWeek\":[\"Monday\",\"Tuesday\",\"Wednesday\",\"Thursday\",\"Friday\",\"Saturday\",\"Sunday\"],\"opens\":\"09:00\",\"closes\":\"17:00\"}]},{\"@type\":\"ImageObject\",\"inLanguage\":\"de\",\"@id\":\"https:\/\/www.eliassen.nl\/de\/dibond-gemalde-148x98-cm-frisch\/#local-main-organization-logo\",\"url\":\"https:\/\/www.eliassen.nl\/wp-content\/uploads\/2024\/01\/logo_4nd.jpg\",\"contentUrl\":\"https:\/\/www.eliassen.nl\/wp-content\/uploads\/2024\/01\/logo_4nd.jpg\",\"width\":500,\"height\":500,\"caption\":\"Eliassen Home & Garden Pleasure\"}]}<\/script>\n<meta property=\"product:price:amount\" content=\"99.60\" \/>\n<meta property=\"product:price:currency\" content=\"EUR\" \/>\n<meta property=\"og:availability\" content=\"instock\" \/>\n<meta property=\"product:availability\" content=\"instock\" \/>\n<meta property=\"product:retailer_item_id\" content=\"Rvs022\" \/>\n<meta property=\"product:condition\" content=\"new\" \/>\n<!-- \/ Yoast SEO Premium plugin. -->","yoast_head_json":{"title":"Dibond Gem\u00e4lde 148 x 98 cm Frisch | Eliassen","description":"Kaufen Sie bei Eliassen das Gem\u00e4lde Dibond 148 x 98 cm Fresh online oder sehen Sie es sich live im Ausstellungsraum an. Bestellen Sie direkt online.","robots":{"index":"index","follow":"follow","max-snippet":"max-snippet:-1","max-image-preview":"max-image-preview:large","max-video-preview":"max-video-preview:-1"},"canonical":"https:\/\/www.eliassen.nl\/de\/dibond-gemalde-148x98-cm-frisch\/","og_locale":"de_DE","og_type":"article","og_title":"Sonstige Dibond Gem\u00e4lde 148x98 cm Frisch - Eliassen.nl","og_description":"Kaufen Sie bei Eliassen das Gem\u00e4lde Dibond 148 x 98 cm Fresh online oder sehen Sie es sich live im Ausstellungsraum an. Bestellen Sie direkt online.","og_url":"https:\/\/www.eliassen.nl\/de\/dibond-gemalde-148x98-cm-frisch\/","og_site_name":"Eliassen.nl","article_publisher":"https:\/\/www.facebook.com\/TuincentrumEliassenAmmerzoden","article_modified_time":"2026-01-07T12:20:42+00:00","og_image":[{"width":1024,"height":679,"url":"https:\/\/www.eliassen.nl\/wp-content\/uploads\/2024\/01\/rvs022148x98cm.jpg","type":"image\/jpeg"}],"twitter_card":"summary_large_image","schema":{"@context":"https:\/\/schema.org","@graph":[{"@type":"WebPage","@id":"https:\/\/www.eliassen.nl\/de\/dibond-gemalde-148x98-cm-frisch\/","url":"https:\/\/www.eliassen.nl\/de\/dibond-gemalde-148x98-cm-frisch\/","name":"Dibond Gem\u00e4lde 148 x 98 cm Frisch | Eliassen","isPartOf":{"@id":"https:\/\/www.eliassen.nl\/de\/#website"},"primaryImageOfPage":{"@id":"https:\/\/www.eliassen.nl\/de\/dibond-gemalde-148x98-cm-frisch\/#primaryimage"},"image":{"@id":"https:\/\/www.eliassen.nl\/de\/dibond-gemalde-148x98-cm-frisch\/#primaryimage"},"thumbnailUrl":"https:\/\/www.eliassen.nl\/wp-content\/uploads\/2024\/01\/rvs022148x98cm.jpg","datePublished":"2019-10-28T19:10:50+00:00","dateModified":"2026-01-07T12:20:42+00:00","description":"Kaufen Sie bei Eliassen das Gem\u00e4lde Dibond 148 x 98 cm Fresh online oder sehen Sie es sich live im Ausstellungsraum an. Bestellen Sie direkt online.","breadcrumb":{"@id":"https:\/\/www.eliassen.nl\/de\/dibond-gemalde-148x98-cm-frisch\/#breadcrumb"},"inLanguage":"de","potentialAction":[{"@type":"ReadAction","target":["https:\/\/www.eliassen.nl\/de\/dibond-gemalde-148x98-cm-frisch\/"]}]},{"@type":"ImageObject","inLanguage":"de","@id":"https:\/\/www.eliassen.nl\/de\/dibond-gemalde-148x98-cm-frisch\/#primaryimage","url":"https:\/\/www.eliassen.nl\/wp-content\/uploads\/2024\/01\/rvs022148x98cm.jpg","contentUrl":"https:\/\/www.eliassen.nl\/wp-content\/uploads\/2024\/01\/rvs022148x98cm.jpg","width":1024,"height":679,"caption":"Edelstahl022-148x98cm"},{"@type":"BreadcrumbList","@id":"https:\/\/www.eliassen.nl\/de\/dibond-gemalde-148x98-cm-frisch\/#breadcrumb","itemListElement":[{"@type":"ListItem","position":1,"name":"Home","item":"https:\/\/www.eliassen.nl\/de\/"},{"@type":"ListItem","position":2,"name":"Shop","item":"https:\/\/www.eliassen.nl\/de\/shop\/"},{"@type":"ListItem","position":3,"name":"Gem\u00e4lde","item":"https:\/\/www.eliassen.nl\/de\/gemaelde\/"},{"@type":"ListItem","position":4,"name":"Dibond-Gem\u00e4lde aus Aluminium","item":"https:\/\/www.eliassen.nl\/de\/gemaelde\/dibond-gemaelde-aus-aluminium\/"},{"@type":"ListItem","position":5,"name":"Dibond Gem\u00e4lde 148&#215;98 cm Frisch"}]},{"@type":"WebSite","@id":"https:\/\/www.eliassen.nl\/de\/#website","url":"https:\/\/www.eliassen.nl\/de\/","name":"Eliassen Home & Garden Pleasure","description":"","publisher":{"@id":"https:\/\/www.eliassen.nl\/de\/#organization"},"alternateName":"Eliassen.nl","potentialAction":[{"@type":"SearchAction","target":{"@type":"EntryPoint","urlTemplate":"https:\/\/www.eliassen.nl\/de\/?s={search_term_string}"},"query-input":{"@type":"PropertyValueSpecification","valueRequired":true,"valueName":"search_term_string"}}],"inLanguage":"de"},{"@type":["Organization","Place"],"@id":"https:\/\/www.eliassen.nl\/de\/#organization","name":"Eliassen Home & Garden Pleasure","url":"https:\/\/www.eliassen.nl\/de\/","logo":{"@id":"https:\/\/www.eliassen.nl\/de\/dibond-gemalde-148x98-cm-frisch\/#local-main-organization-logo"},"image":{"@id":"https:\/\/www.eliassen.nl\/de\/dibond-gemalde-148x98-cm-frisch\/#local-main-organization-logo"},"sameAs":["https:\/\/www.facebook.com\/TuincentrumEliassenAmmerzoden","https:\/\/www.instagram.com\/eliassenhomeandgarden\/","https:\/\/nl.pinterest.com\/eliassenhomeandgarden\/","https:\/\/www.youtube.com\/@eliassenhomegardenpleasure4558"],"telephone":[],"openingHoursSpecification":[{"@type":"OpeningHoursSpecification","dayOfWeek":["Monday","Tuesday","Wednesday","Thursday","Friday","Saturday","Sunday"],"opens":"09:00","closes":"17:00"}]},{"@type":"ImageObject","inLanguage":"de","@id":"https:\/\/www.eliassen.nl\/de\/dibond-gemalde-148x98-cm-frisch\/#local-main-organization-logo","url":"https:\/\/www.eliassen.nl\/wp-content\/uploads\/2024\/01\/logo_4nd.jpg","contentUrl":"https:\/\/www.eliassen.nl\/wp-content\/uploads\/2024\/01\/logo_4nd.jpg","width":500,"height":500,"caption":"Eliassen Home & Garden Pleasure"}]},"product_price_amount":"99.60","product_price_currency":"EUR","og_availability":"instock","product_availability":"instock","product_retailer_item_id":"Rvs022","product_condition":"new"},"df_price":99.6,"df_sale_price":99.6,"df_regular_price":249,"df_image_link":"https:\/\/www.eliassen.nl\/wp-content\/uploads\/2024\/01\/rvs022148x98cm.jpg","image":"https:\/\/www.eliassen.nl\/wp-content\/uploads\/2024\/01\/rvs022148x98cm.jpg","price_search":"<span class=\"woocommerce-Price-amount amount\"><bdi><span class=\"woocommerce-Price-currencySymbol\">&euro;<\/span>&nbsp;99,60<\/bdi><\/span>","category":"Dibond-Gem\u00e4lde aus Aluminium","global_unique_id":"7438245821839","_links":{"self":[{"href":"https:\/\/www.eliassen.nl\/de\/wp-json\/wp\/v2\/product\/18709","targetHints":{"allow":["GET"]}}],"collection":[{"href":"https:\/\/www.eliassen.nl\/de\/wp-json\/wp\/v2\/product"}],"about":[{"href":"https:\/\/www.eliassen.nl\/de\/wp-json\/wp\/v2\/types\/product"}],"wp:featuredmedia":[{"embeddable":true,"href":"https:\/\/www.eliassen.nl\/de\/wp-json\/wp\/v2\/media\/18706"}],"wp:attachment":[{"href":"https:\/\/www.eliassen.nl\/de\/wp-json\/wp\/v2\/media?parent=18709"}],"wp:term":[{"taxonomy":"product_brand","embeddable":true,"href":"https:\/\/www.eliassen.nl\/de\/wp-json\/wp\/v2\/product_brand?post=18709"},{"taxonomy":"product_cat","embeddable":true,"href":"https:\/\/www.eliassen.nl\/de\/wp-json\/wp\/v2\/product_cat?post=18709"},{"taxonomy":"product_tag","embeddable":true,"href":"https:\/\/www.eliassen.nl\/de\/wp-json\/wp\/v2\/product_tag?post=18709"}],"curies":[{"name":"wp","href":"https:\/\/api.w.org\/{rel}","templated":true}]}}