{"id":186914,"date":"2025-03-07T12:20:54","date_gmt":"2025-03-07T11:20:54","guid":{"rendered":"https:\/\/www.eliassen.nl\/product\/glasvase-hoch-gerade-gesichter-44cm\/"},"modified":"2026-02-07T13:58:17","modified_gmt":"2026-02-07T12:58:17","slug":"glasvase-hoch-gerade-gesichter-44cm","status":"publish","type":"product","link":"https:\/\/www.eliassen.nl\/de\/glasvase-hoch-gerade-gesichter-44cm\/","title":{"rendered":"Glasvase hoch gerade Gesichter 44cm"},"content":{"rendered":"<p><span style=\"font-weight: 400;\">Dieses abstrakte Modell<\/span><span style=\"font-weight: 400;\"> <\/span><span style=\"font-weight: 400;\">aus der Serie New Age Glasvasen in vielen Farben und mit einem abstrakten Thema schm\u00fccken Ihr Zuhause auf k\u00fcnstlerische und vielseitige Weise. Die sch\u00f6nen Farbverl\u00e4ufe schaffen ein dynamisches Spektakel und eine Augenweide.<\/span><\/p>\n<p><span style=\"font-weight: 400;\">Diese hochgl\u00e4nzende Vase auf <\/span><span style=\"font-weight: 400;\">Metallhalterung<\/span><span style=\"font-weight: 400;\">  ist mundgeblasen und handbemalt. So entsteht ein authentischer Look f\u00fcr mehr Stil und Klasse in Ihrem Zuhause. Die Vase h\u00e4ngt in der Metallhalterung und besteht aus 2 Teilen, die miteinander verbunden sind.  <\/span><\/p>\n<p><span style=\"font-weight: 400;\">Dieses Modell <\/span><span style=\"font-weight: 400;\">Glasvase<\/span><span style=\"font-weight: 400;\">  auf Metallhalterung ist ein geeignetes Modell, wenn Sie nach einer farbenfrohen und spritzigen Erg\u00e4nzung f\u00fcr Ihr Zuhause mit modernem Stil und Klasse suchen. Auch f\u00fcr das B\u00fcro ist dieses Produkt ein echter Blickfang, denn diese Glasvase ist einzigartig in ihrer Art und ihren Farben im New Age-Stil<\/span><span style=\"font-weight: 400;\">.  <\/span><\/p>\n<p><span style=\"font-weight: 400;\">Tipp: Versuchen Sie, 2 unterschiedlich gro\u00dfe Exemplare diagonal voreinander auf Ihre Fensterbank zu stellen, es gibt kein besseres Bild.<\/span><span style=\"font-weight: 400;\"><br \/>\n<\/span><span style=\"font-weight: 400;\">Noch mehr Atmosph\u00e4re erhalten Sie, wenn Sie sie mit Seidenblumen kombinieren.<\/span><\/p>\n<ul>\n<li style=\"font-weight: 400;\"><span style=\"font-weight: 400;\">Gr\u00f6\u00dfe: ca. 23x10x44cm<\/span><\/li>\n<li style=\"font-weight: 400;\"><span style=\"font-weight: 400;\">Identisch auf beiden Seiten<\/span><\/li>\n<li style=\"font-weight: 400;\"><span style=\"font-weight: 400;\">Material Metall\/Glas<\/span><\/li>\n<\/ul>\n<ul>\n<li style=\"font-weight: 400;\"><span style=\"font-weight: 400;\">Schnelle Lieferung<\/span><\/li>\n<li style=\"font-weight: 400;\"><span style=\"font-weight: 400;\">Gro\u00dfe eigene Aktien<\/span><\/li>\n<li style=\"font-weight: 400;\"><span style=\"font-weight: 400;\">Nur f\u00fcr die Verwendung in Innenr\u00e4umen geeignet<\/span><\/li>\n<li style=\"font-weight: 400;\"><span style=\"font-weight: 400;\">Garantie 2 Jahre<\/span><\/li>\n<\/ul>\n","protected":false},"excerpt":{"rendered":"<p>Diese mundgeblasene Glasvase aus der Serie Giulia besticht durch ihr abstraktes &#8218;Gesichter&#8216;-Motiv und ihre stilvolle, hohe Form. Die 44 cm gro\u00dfe Vase h\u00e4ngt in einer stabilen Metallhalterung und ist auf beiden Seiten in leuchtenden Farben handbemalt. Ein k\u00fcnstlerischer Blickfang, der sofort Atmosph\u00e4re und Farbe in Ihr Interieur bringt.<\/p>\n","protected":false},"featured_media":175300,"template":"","meta":{"_acf_changed":false,"_genesis_title":"","_genesis_description":""},"product_brand":[7396],"product_cat":[812,800,7241],"product_tag":[],"class_list":{"0":"post-186914","1":"product","2":"type-product","3":"status-publish","4":"has-post-thumbnail","6":"product_brand-giulia-de","7":"product_cat-farbige-glasvasen","8":"product_cat-glaskunst","9":"product_cat-new-age-glas-giulia-de","11":"first","12":"instock","13":"taxable","14":"shipping-taxable","15":"purchasable","16":"product-type-simple"},"acf":[],"meta_all":{"total_sales":"1","cor_restricted_countries":[]},"meta_all_flat":{"total_sales":"1"},"yoast_head":"<!-- This site is optimized with the Yoast SEO Premium plugin v26.2 (Yoast SEO v27.2) - https:\/\/yoast.com\/product\/yoast-seo-premium-wordpress\/ -->\n<title>Giulia Glasvase hoch gerade Gesichter 44cm - Eliassen.nl<\/title>\n<meta name=\"description\" content=\"Mundgeblasene Glasvase Faces (44 cm) in Metallhalterung. Ein handbemaltes, farbenfrohes Kunstobjekt mit abstraktem Thema und hoher Form f\u00fcr Ihr Interieur.\" \/>\n<meta name=\"robots\" content=\"index, follow, max-snippet:-1, max-image-preview:large, max-video-preview:-1\" \/>\n<link rel=\"canonical\" href=\"https:\/\/www.eliassen.nl\/de\/glasvase-hoch-gerade-gesichter-44cm\/\" \/>\n<meta property=\"og:locale\" content=\"de_DE\" \/>\n<meta property=\"og:type\" content=\"article\" \/>\n<meta property=\"og:title\" content=\"Giulia Glasvase hoch gerade Gesichter 44cm - Eliassen.nl\" \/>\n<meta property=\"og:description\" content=\"Mundgeblasene Glasvase Faces (44 cm) in Metallhalterung. Ein handbemaltes, farbenfrohes Kunstobjekt mit abstraktem Thema und hoher Form f\u00fcr Ihr Interieur.\" \/>\n<meta property=\"og:url\" content=\"https:\/\/www.eliassen.nl\/de\/glasvase-hoch-gerade-gesichter-44cm\/\" \/>\n<meta property=\"og:site_name\" content=\"Eliassen.nl\" \/>\n<meta property=\"article:publisher\" content=\"https:\/\/www.facebook.com\/TuincentrumEliassenAmmerzoden\" \/>\n<meta property=\"article:modified_time\" content=\"2026-02-07T12:58:17+00:00\" \/>\n<meta property=\"og:image\" content=\"https:\/\/www.eliassen.nl\/wp-content\/uploads\/2025\/02\/Glasvaas-hoog-recht-Faces-Eliassen.nl-2025.1.7.jpg\" \/>\n\t<meta property=\"og:image:width\" content=\"1280\" \/>\n\t<meta property=\"og:image:height\" content=\"1894\" \/>\n\t<meta property=\"og:image:type\" content=\"image\/jpeg\" \/>\n<meta name=\"twitter:card\" content=\"summary_large_image\" \/>\n<script type=\"application\/ld+json\" class=\"yoast-schema-graph\">{\"@context\":\"https:\/\/schema.org\",\"@graph\":[{\"@type\":\"WebPage\",\"@id\":\"https:\/\/www.eliassen.nl\/de\/glasvase-hoch-gerade-gesichter-44cm\/\",\"url\":\"https:\/\/www.eliassen.nl\/de\/glasvase-hoch-gerade-gesichter-44cm\/\",\"name\":\"Giulia Glasvase hoch gerade Gesichter 44cm - Eliassen.nl\",\"isPartOf\":{\"@id\":\"https:\/\/www.eliassen.nl\/de\/#website\"},\"primaryImageOfPage\":{\"@id\":\"https:\/\/www.eliassen.nl\/de\/glasvase-hoch-gerade-gesichter-44cm\/#primaryimage\"},\"image\":{\"@id\":\"https:\/\/www.eliassen.nl\/de\/glasvase-hoch-gerade-gesichter-44cm\/#primaryimage\"},\"thumbnailUrl\":\"https:\/\/www.eliassen.nl\/wp-content\/uploads\/2025\/02\/Glasvaas-hoog-recht-Faces-Eliassen.nl-2025.1.7.jpg\",\"datePublished\":\"2025-03-07T11:20:54+00:00\",\"dateModified\":\"2026-02-07T12:58:17+00:00\",\"description\":\"Mundgeblasene Glasvase Faces (44 cm) in Metallhalterung. Ein handbemaltes, farbenfrohes Kunstobjekt mit abstraktem Thema und hoher Form f\u00fcr Ihr Interieur.\",\"breadcrumb\":{\"@id\":\"https:\/\/www.eliassen.nl\/de\/glasvase-hoch-gerade-gesichter-44cm\/#breadcrumb\"},\"inLanguage\":\"de\",\"potentialAction\":[{\"@type\":\"ReadAction\",\"target\":[\"https:\/\/www.eliassen.nl\/de\/glasvase-hoch-gerade-gesichter-44cm\/\"]}]},{\"@type\":\"ImageObject\",\"inLanguage\":\"de\",\"@id\":\"https:\/\/www.eliassen.nl\/de\/glasvase-hoch-gerade-gesichter-44cm\/#primaryimage\",\"url\":\"https:\/\/www.eliassen.nl\/wp-content\/uploads\/2025\/02\/Glasvaas-hoog-recht-Faces-Eliassen.nl-2025.1.7.jpg\",\"contentUrl\":\"https:\/\/www.eliassen.nl\/wp-content\/uploads\/2025\/02\/Glasvaas-hoog-recht-Faces-Eliassen.nl-2025.1.7.jpg\",\"width\":1280,\"height\":1894},{\"@type\":\"BreadcrumbList\",\"@id\":\"https:\/\/www.eliassen.nl\/de\/glasvase-hoch-gerade-gesichter-44cm\/#breadcrumb\",\"itemListElement\":[{\"@type\":\"ListItem\",\"position\":1,\"name\":\"Home\",\"item\":\"https:\/\/www.eliassen.nl\/de\/\"},{\"@type\":\"ListItem\",\"position\":2,\"name\":\"Shop\",\"item\":\"https:\/\/www.eliassen.nl\/de\/shop\/\"},{\"@type\":\"ListItem\",\"position\":3,\"name\":\"Glaskunst\",\"item\":\"https:\/\/www.eliassen.nl\/de\/glaskunst\/\"},{\"@type\":\"ListItem\",\"position\":4,\"name\":\"New Age glas Giulia\",\"item\":\"https:\/\/www.eliassen.nl\/de\/glaskunst\/new-age-glas-de\/\"},{\"@type\":\"ListItem\",\"position\":5,\"name\":\"Glasvase hoch gerade Gesichter 44cm\"}]},{\"@type\":\"WebSite\",\"@id\":\"https:\/\/www.eliassen.nl\/de\/#website\",\"url\":\"https:\/\/www.eliassen.nl\/de\/\",\"name\":\"Eliassen Home & Garden Pleasure\",\"description\":\"\",\"publisher\":{\"@id\":\"https:\/\/www.eliassen.nl\/de\/#organization\"},\"alternateName\":\"Eliassen.nl\",\"potentialAction\":[{\"@type\":\"SearchAction\",\"target\":{\"@type\":\"EntryPoint\",\"urlTemplate\":\"https:\/\/www.eliassen.nl\/de\/?s={search_term_string}\"},\"query-input\":{\"@type\":\"PropertyValueSpecification\",\"valueRequired\":true,\"valueName\":\"search_term_string\"}}],\"inLanguage\":\"de\"},{\"@type\":[\"Organization\",\"Place\"],\"@id\":\"https:\/\/www.eliassen.nl\/de\/#organization\",\"name\":\"Eliassen Home & Garden Pleasure\",\"url\":\"https:\/\/www.eliassen.nl\/de\/\",\"logo\":{\"@id\":\"https:\/\/www.eliassen.nl\/de\/glasvase-hoch-gerade-gesichter-44cm\/#local-main-organization-logo\"},\"image\":{\"@id\":\"https:\/\/www.eliassen.nl\/de\/glasvase-hoch-gerade-gesichter-44cm\/#local-main-organization-logo\"},\"sameAs\":[\"https:\/\/www.facebook.com\/TuincentrumEliassenAmmerzoden\",\"https:\/\/www.instagram.com\/eliassenhomeandgarden\/\",\"https:\/\/nl.pinterest.com\/eliassenhomeandgarden\/\",\"https:\/\/www.youtube.com\/@eliassenhomegardenpleasure4558\"],\"telephone\":[],\"openingHoursSpecification\":[{\"@type\":\"OpeningHoursSpecification\",\"dayOfWeek\":[\"Monday\",\"Tuesday\",\"Wednesday\",\"Thursday\",\"Friday\",\"Saturday\",\"Sunday\"],\"opens\":\"09:00\",\"closes\":\"17:00\"}]},{\"@type\":\"ImageObject\",\"inLanguage\":\"de\",\"@id\":\"https:\/\/www.eliassen.nl\/de\/glasvase-hoch-gerade-gesichter-44cm\/#local-main-organization-logo\",\"url\":\"https:\/\/www.eliassen.nl\/wp-content\/uploads\/2024\/01\/logo_4nd.jpg\",\"contentUrl\":\"https:\/\/www.eliassen.nl\/wp-content\/uploads\/2024\/01\/logo_4nd.jpg\",\"width\":500,\"height\":500,\"caption\":\"Eliassen Home & Garden Pleasure\"}]}<\/script>\n<meta property=\"product:price:amount\" content=\"119.00\" \/>\n<meta property=\"product:price:currency\" content=\"EUR\" \/>\n<meta property=\"og:availability\" content=\"instock\" \/>\n<meta property=\"product:availability\" content=\"instock\" \/>\n<meta property=\"product:retailer_item_id\" content=\"2025.1.7\" \/>\n<meta property=\"product:condition\" content=\"new\" \/>\n<!-- \/ Yoast SEO Premium plugin. -->","yoast_head_json":{"title":"Giulia Glasvase hoch gerade Gesichter 44cm - Eliassen.nl","description":"Mundgeblasene Glasvase Faces (44 cm) in Metallhalterung. Ein handbemaltes, farbenfrohes Kunstobjekt mit abstraktem Thema und hoher Form f\u00fcr Ihr Interieur.","robots":{"index":"index","follow":"follow","max-snippet":"max-snippet:-1","max-image-preview":"max-image-preview:large","max-video-preview":"max-video-preview:-1"},"canonical":"https:\/\/www.eliassen.nl\/de\/glasvase-hoch-gerade-gesichter-44cm\/","og_locale":"de_DE","og_type":"article","og_title":"Giulia Glasvase hoch gerade Gesichter 44cm - Eliassen.nl","og_description":"Mundgeblasene Glasvase Faces (44 cm) in Metallhalterung. Ein handbemaltes, farbenfrohes Kunstobjekt mit abstraktem Thema und hoher Form f\u00fcr Ihr Interieur.","og_url":"https:\/\/www.eliassen.nl\/de\/glasvase-hoch-gerade-gesichter-44cm\/","og_site_name":"Eliassen.nl","article_publisher":"https:\/\/www.facebook.com\/TuincentrumEliassenAmmerzoden","article_modified_time":"2026-02-07T12:58:17+00:00","og_image":[{"width":1280,"height":1894,"url":"https:\/\/www.eliassen.nl\/wp-content\/uploads\/2025\/02\/Glasvaas-hoog-recht-Faces-Eliassen.nl-2025.1.7.jpg","type":"image\/jpeg"}],"twitter_card":"summary_large_image","schema":{"@context":"https:\/\/schema.org","@graph":[{"@type":"WebPage","@id":"https:\/\/www.eliassen.nl\/de\/glasvase-hoch-gerade-gesichter-44cm\/","url":"https:\/\/www.eliassen.nl\/de\/glasvase-hoch-gerade-gesichter-44cm\/","name":"Giulia Glasvase hoch gerade Gesichter 44cm - Eliassen.nl","isPartOf":{"@id":"https:\/\/www.eliassen.nl\/de\/#website"},"primaryImageOfPage":{"@id":"https:\/\/www.eliassen.nl\/de\/glasvase-hoch-gerade-gesichter-44cm\/#primaryimage"},"image":{"@id":"https:\/\/www.eliassen.nl\/de\/glasvase-hoch-gerade-gesichter-44cm\/#primaryimage"},"thumbnailUrl":"https:\/\/www.eliassen.nl\/wp-content\/uploads\/2025\/02\/Glasvaas-hoog-recht-Faces-Eliassen.nl-2025.1.7.jpg","datePublished":"2025-03-07T11:20:54+00:00","dateModified":"2026-02-07T12:58:17+00:00","description":"Mundgeblasene Glasvase Faces (44 cm) in Metallhalterung. Ein handbemaltes, farbenfrohes Kunstobjekt mit abstraktem Thema und hoher Form f\u00fcr Ihr Interieur.","breadcrumb":{"@id":"https:\/\/www.eliassen.nl\/de\/glasvase-hoch-gerade-gesichter-44cm\/#breadcrumb"},"inLanguage":"de","potentialAction":[{"@type":"ReadAction","target":["https:\/\/www.eliassen.nl\/de\/glasvase-hoch-gerade-gesichter-44cm\/"]}]},{"@type":"ImageObject","inLanguage":"de","@id":"https:\/\/www.eliassen.nl\/de\/glasvase-hoch-gerade-gesichter-44cm\/#primaryimage","url":"https:\/\/www.eliassen.nl\/wp-content\/uploads\/2025\/02\/Glasvaas-hoog-recht-Faces-Eliassen.nl-2025.1.7.jpg","contentUrl":"https:\/\/www.eliassen.nl\/wp-content\/uploads\/2025\/02\/Glasvaas-hoog-recht-Faces-Eliassen.nl-2025.1.7.jpg","width":1280,"height":1894},{"@type":"BreadcrumbList","@id":"https:\/\/www.eliassen.nl\/de\/glasvase-hoch-gerade-gesichter-44cm\/#breadcrumb","itemListElement":[{"@type":"ListItem","position":1,"name":"Home","item":"https:\/\/www.eliassen.nl\/de\/"},{"@type":"ListItem","position":2,"name":"Shop","item":"https:\/\/www.eliassen.nl\/de\/shop\/"},{"@type":"ListItem","position":3,"name":"Glaskunst","item":"https:\/\/www.eliassen.nl\/de\/glaskunst\/"},{"@type":"ListItem","position":4,"name":"New Age glas Giulia","item":"https:\/\/www.eliassen.nl\/de\/glaskunst\/new-age-glas-de\/"},{"@type":"ListItem","position":5,"name":"Glasvase hoch gerade Gesichter 44cm"}]},{"@type":"WebSite","@id":"https:\/\/www.eliassen.nl\/de\/#website","url":"https:\/\/www.eliassen.nl\/de\/","name":"Eliassen Home & Garden Pleasure","description":"","publisher":{"@id":"https:\/\/www.eliassen.nl\/de\/#organization"},"alternateName":"Eliassen.nl","potentialAction":[{"@type":"SearchAction","target":{"@type":"EntryPoint","urlTemplate":"https:\/\/www.eliassen.nl\/de\/?s={search_term_string}"},"query-input":{"@type":"PropertyValueSpecification","valueRequired":true,"valueName":"search_term_string"}}],"inLanguage":"de"},{"@type":["Organization","Place"],"@id":"https:\/\/www.eliassen.nl\/de\/#organization","name":"Eliassen Home & Garden Pleasure","url":"https:\/\/www.eliassen.nl\/de\/","logo":{"@id":"https:\/\/www.eliassen.nl\/de\/glasvase-hoch-gerade-gesichter-44cm\/#local-main-organization-logo"},"image":{"@id":"https:\/\/www.eliassen.nl\/de\/glasvase-hoch-gerade-gesichter-44cm\/#local-main-organization-logo"},"sameAs":["https:\/\/www.facebook.com\/TuincentrumEliassenAmmerzoden","https:\/\/www.instagram.com\/eliassenhomeandgarden\/","https:\/\/nl.pinterest.com\/eliassenhomeandgarden\/","https:\/\/www.youtube.com\/@eliassenhomegardenpleasure4558"],"telephone":[],"openingHoursSpecification":[{"@type":"OpeningHoursSpecification","dayOfWeek":["Monday","Tuesday","Wednesday","Thursday","Friday","Saturday","Sunday"],"opens":"09:00","closes":"17:00"}]},{"@type":"ImageObject","inLanguage":"de","@id":"https:\/\/www.eliassen.nl\/de\/glasvase-hoch-gerade-gesichter-44cm\/#local-main-organization-logo","url":"https:\/\/www.eliassen.nl\/wp-content\/uploads\/2024\/01\/logo_4nd.jpg","contentUrl":"https:\/\/www.eliassen.nl\/wp-content\/uploads\/2024\/01\/logo_4nd.jpg","width":500,"height":500,"caption":"Eliassen Home & Garden Pleasure"}]},"product_price_amount":"119.00","product_price_currency":"EUR","og_availability":"instock","product_availability":"instock","product_retailer_item_id":"2025.1.7","product_condition":"new"},"df_price":119,"df_sale_price":"","df_regular_price":119,"df_image_link":"https:\/\/www.eliassen.nl\/wp-content\/uploads\/2025\/02\/Glasvaas-hoog-recht-Faces-Eliassen.nl-2025.1.7-203x300.jpg","image":"https:\/\/www.eliassen.nl\/wp-content\/uploads\/2025\/02\/Glasvaas-hoog-recht-Faces-Eliassen.nl-2025.1.7-150x150.jpg","price_search":"<span class=\"woocommerce-Price-amount amount\"><bdi><span class=\"woocommerce-Price-currencySymbol\">&euro;<\/span>&nbsp;119,00<\/bdi><\/span>","category":"Farbige Glasvasen","global_unique_id":"6096544864820","_links":{"self":[{"href":"https:\/\/www.eliassen.nl\/de\/wp-json\/wp\/v2\/product\/186914","targetHints":{"allow":["GET"]}}],"collection":[{"href":"https:\/\/www.eliassen.nl\/de\/wp-json\/wp\/v2\/product"}],"about":[{"href":"https:\/\/www.eliassen.nl\/de\/wp-json\/wp\/v2\/types\/product"}],"wp:featuredmedia":[{"embeddable":true,"href":"https:\/\/www.eliassen.nl\/de\/wp-json\/wp\/v2\/media\/175300"}],"wp:attachment":[{"href":"https:\/\/www.eliassen.nl\/de\/wp-json\/wp\/v2\/media?parent=186914"}],"wp:term":[{"taxonomy":"product_brand","embeddable":true,"href":"https:\/\/www.eliassen.nl\/de\/wp-json\/wp\/v2\/product_brand?post=186914"},{"taxonomy":"product_cat","embeddable":true,"href":"https:\/\/www.eliassen.nl\/de\/wp-json\/wp\/v2\/product_cat?post=186914"},{"taxonomy":"product_tag","embeddable":true,"href":"https:\/\/www.eliassen.nl\/de\/wp-json\/wp\/v2\/product_tag?post=186914"}],"curies":[{"name":"wp","href":"https:\/\/api.w.org\/{rel}","templated":true}]}}