{"id":186773,"date":"2025-03-28T15:53:30","date_gmt":"2025-03-28T14:53:30","guid":{"rendered":"https:\/\/www.eliassen.nl\/product\/sockel-massiv-blaustein-gefranst-verviers-hellgrau-20x20x60cm-verschiedene-groessen\/"},"modified":"2026-04-03T13:16:51","modified_gmt":"2026-04-03T11:16:51","slug":"sockel-massiv-blaustein-gefranst-verviers-hellgrau-20x20x60cm-verschiedene-groessen","status":"publish","type":"product","link":"https:\/\/www.eliassen.nl\/de\/sockel-massiv-blaustein-gefranst-verviers-hellgrau-20x20x60cm-verschiedene-groessen\/","title":{"rendered":"Sockel massiv Blaustein gefranst Verviers hellgrau 20x20x60cm verschiedene Gr\u00f6\u00dfen"},"content":{"rendered":"<p>Sind Sie auf der Suche nach einem hochwertigen, einzigartigen Sockel aus belgischer Vermittlung?<br \/>\nDieses einzigartige Modell eines Sockels aus belgischem Arduin-Blaustein ist geeignet, wenn Sie einen Modellsockel suchen, der zu Ihrem Garten spricht und ihm einen besonderen Charakter verleiht. Selbst f\u00fcr den Innenbereich ist dieser Sockel sch\u00f6n und bleibt gusseisern.<\/p>\n<p><span style=\"letter-spacing: 0.015em\">Mit einer Dicke von 30 mm ist das Material von guter Qualit\u00e4t. Wir sind von der Qualit\u00e4t und Langlebigkeit dieses Produkts so \u00fcberzeugt, dass wir eine 10-j\u00e4hrige Garantie auf diesen Sockel gew\u00e4hren.<\/span><\/p>\n<p>Dieses Modell hat die Ma\u00dfe 20x20x60cm H\u00f6he, aber andere Gr\u00f6\u00dfen sind auf Anfrage nat\u00fcrlich auch m\u00f6glich. So bieten wir immer die richtige Gr\u00f6\u00dfe f\u00fcr Ihren Garten oder Ihr Interieur.<br \/>\nDie Abholung dieses Sockels ist m\u00f6glich, aber nur nach Vereinbarung!<\/p>\n<ul>\n<li>Auf Anfrage auch in anderen Gr\u00f6\u00dfen erh\u00e4ltlich!<\/li>\n<li>10 Jahre Garantie<\/li>\n<li>Belgischer Arduin<\/li>\n<\/ul>\n","protected":false},"excerpt":{"rendered":"<div class=\"woocommerce-product-details__short-description\">\n<p>Hochwertiges belgisches Arduin \u2713 Auch in anderen Gr\u00f6\u00dfen auf Anfrage<\/p>\n<\/div>\n","protected":false},"featured_media":175099,"template":"","meta":{"_acf_changed":false,"_genesis_title":"","_genesis_description":""},"product_brand":[7505],"product_cat":[782,785],"product_tag":[],"class_list":{"0":"post-186773","1":"product","2":"type-product","3":"status-publish","4":"has-post-thumbnail","6":"product_brand-sonstige","7":"product_cat-sockel","8":"product_cat-sockel-aus-naturstein","10":"first","11":"instock","12":"sale","13":"taxable","14":"shipping-taxable","15":"purchasable","16":"product-type-simple"},"acf":[],"meta_all":{"total_sales":"0","cor_restricted_countries":[]},"meta_all_flat":{"total_sales":"0"},"yoast_head":"<!-- This site is optimized with the Yoast SEO Premium plugin v26.2 (Yoast SEO v27.2) - https:\/\/yoast.com\/product\/yoast-seo-premium-wordpress\/ -->\n<title>Sonstige Sockel massiv Blaustein gefranst Verviers hellgrau 20x20x60cm verschiedene Gr\u00f6\u00dfen - Eliassen.nl<\/title>\n<meta name=\"description\" content=\"Sind Sie auf der Suche nach einem einzigartigen und hochwertigen Sockel nach Ma\u00df? Entscheiden Sie sich f\u00fcr ein sch\u00f6n gestaltetes Modell aus belgischem Arduin-Blaustein!\" \/>\n<meta name=\"robots\" content=\"index, follow, max-snippet:-1, max-image-preview:large, max-video-preview:-1\" \/>\n<link rel=\"canonical\" href=\"https:\/\/www.eliassen.nl\/de\/sockel-massiv-blaustein-gefranst-verviers-hellgrau-20x20x60cm-verschiedene-groessen\/\" \/>\n<meta property=\"og:locale\" content=\"de_DE\" \/>\n<meta property=\"og:type\" content=\"article\" \/>\n<meta property=\"og:title\" content=\"Sonstige Sockel massiv Blaustein gefranst Verviers hellgrau 20x20x60cm verschiedene Gr\u00f6\u00dfen - Eliassen.nl\" \/>\n<meta property=\"og:description\" content=\"Sind Sie auf der Suche nach einem einzigartigen und hochwertigen Sockel nach Ma\u00df? Entscheiden Sie sich f\u00fcr ein sch\u00f6n gestaltetes Modell aus belgischem Arduin-Blaustein!\" \/>\n<meta property=\"og:url\" content=\"https:\/\/www.eliassen.nl\/de\/sockel-massiv-blaustein-gefranst-verviers-hellgrau-20x20x60cm-verschiedene-groessen\/\" \/>\n<meta property=\"og:site_name\" content=\"Eliassen.nl\" \/>\n<meta property=\"article:publisher\" content=\"https:\/\/www.facebook.com\/TuincentrumEliassenAmmerzoden\" \/>\n<meta property=\"article:modified_time\" content=\"2026-04-03T11:16:51+00:00\" \/>\n<meta property=\"og:image\" content=\"https:\/\/www.eliassen.nl\/wp-content\/uploads\/2025\/02\/Sokkel-arduin-Verviers-20x20x60cm-Eliassen.nl_-scaled.jpeg\" \/>\n\t<meta property=\"og:image:width\" content=\"1752\" \/>\n\t<meta property=\"og:image:height\" content=\"2560\" \/>\n\t<meta property=\"og:image:type\" content=\"image\/jpeg\" \/>\n<meta name=\"twitter:card\" content=\"summary_large_image\" \/>\n<script type=\"application\/ld+json\" class=\"yoast-schema-graph\">{\"@context\":\"https:\/\/schema.org\",\"@graph\":[{\"@type\":\"WebPage\",\"@id\":\"https:\/\/www.eliassen.nl\/de\/sockel-massiv-blaustein-gefranst-verviers-hellgrau-20x20x60cm-verschiedene-groessen\/\",\"url\":\"https:\/\/www.eliassen.nl\/de\/sockel-massiv-blaustein-gefranst-verviers-hellgrau-20x20x60cm-verschiedene-groessen\/\",\"name\":\"Sonstige Sockel massiv Blaustein gefranst Verviers hellgrau 20x20x60cm verschiedene Gr\u00f6\u00dfen - Eliassen.nl\",\"isPartOf\":{\"@id\":\"https:\/\/www.eliassen.nl\/de\/#website\"},\"primaryImageOfPage\":{\"@id\":\"https:\/\/www.eliassen.nl\/de\/sockel-massiv-blaustein-gefranst-verviers-hellgrau-20x20x60cm-verschiedene-groessen\/#primaryimage\"},\"image\":{\"@id\":\"https:\/\/www.eliassen.nl\/de\/sockel-massiv-blaustein-gefranst-verviers-hellgrau-20x20x60cm-verschiedene-groessen\/#primaryimage\"},\"thumbnailUrl\":\"https:\/\/www.eliassen.nl\/wp-content\/uploads\/2025\/02\/Sokkel-arduin-Verviers-20x20x60cm-Eliassen.nl_-scaled.jpeg\",\"datePublished\":\"2025-03-28T14:53:30+00:00\",\"dateModified\":\"2026-04-03T11:16:51+00:00\",\"description\":\"Sind Sie auf der Suche nach einem einzigartigen und hochwertigen Sockel nach Ma\u00df? Entscheiden Sie sich f\u00fcr ein sch\u00f6n gestaltetes Modell aus belgischem Arduin-Blaustein!\",\"breadcrumb\":{\"@id\":\"https:\/\/www.eliassen.nl\/de\/sockel-massiv-blaustein-gefranst-verviers-hellgrau-20x20x60cm-verschiedene-groessen\/#breadcrumb\"},\"inLanguage\":\"de\",\"potentialAction\":[{\"@type\":\"ReadAction\",\"target\":[\"https:\/\/www.eliassen.nl\/de\/sockel-massiv-blaustein-gefranst-verviers-hellgrau-20x20x60cm-verschiedene-groessen\/\"]}]},{\"@type\":\"ImageObject\",\"inLanguage\":\"de\",\"@id\":\"https:\/\/www.eliassen.nl\/de\/sockel-massiv-blaustein-gefranst-verviers-hellgrau-20x20x60cm-verschiedene-groessen\/#primaryimage\",\"url\":\"https:\/\/www.eliassen.nl\/wp-content\/uploads\/2025\/02\/Sokkel-arduin-Verviers-20x20x60cm-Eliassen.nl_-scaled.jpeg\",\"contentUrl\":\"https:\/\/www.eliassen.nl\/wp-content\/uploads\/2025\/02\/Sokkel-arduin-Verviers-20x20x60cm-Eliassen.nl_-scaled.jpeg\",\"width\":1752,\"height\":2560},{\"@type\":\"BreadcrumbList\",\"@id\":\"https:\/\/www.eliassen.nl\/de\/sockel-massiv-blaustein-gefranst-verviers-hellgrau-20x20x60cm-verschiedene-groessen\/#breadcrumb\",\"itemListElement\":[{\"@type\":\"ListItem\",\"position\":1,\"name\":\"Home\",\"item\":\"https:\/\/www.eliassen.nl\/de\/\"},{\"@type\":\"ListItem\",\"position\":2,\"name\":\"Shop\",\"item\":\"https:\/\/www.eliassen.nl\/de\/shop\/\"},{\"@type\":\"ListItem\",\"position\":3,\"name\":\"Sockel\",\"item\":\"https:\/\/www.eliassen.nl\/de\/sockel\/\"},{\"@type\":\"ListItem\",\"position\":4,\"name\":\"Sockel aus Naturstein\",\"item\":\"https:\/\/www.eliassen.nl\/de\/sockel\/sockel-aus-naturstein\/\"},{\"@type\":\"ListItem\",\"position\":5,\"name\":\"Sockel massiv Blaustein gefranst Verviers hellgrau 20x20x60cm verschiedene Gr\u00f6\u00dfen\"}]},{\"@type\":\"WebSite\",\"@id\":\"https:\/\/www.eliassen.nl\/de\/#website\",\"url\":\"https:\/\/www.eliassen.nl\/de\/\",\"name\":\"Eliassen Home & Garden Pleasure\",\"description\":\"\",\"publisher\":{\"@id\":\"https:\/\/www.eliassen.nl\/de\/#organization\"},\"alternateName\":\"Eliassen.nl\",\"potentialAction\":[{\"@type\":\"SearchAction\",\"target\":{\"@type\":\"EntryPoint\",\"urlTemplate\":\"https:\/\/www.eliassen.nl\/de\/?s={search_term_string}\"},\"query-input\":{\"@type\":\"PropertyValueSpecification\",\"valueRequired\":true,\"valueName\":\"search_term_string\"}}],\"inLanguage\":\"de\"},{\"@type\":[\"Organization\",\"Place\"],\"@id\":\"https:\/\/www.eliassen.nl\/de\/#organization\",\"name\":\"Eliassen Home & Garden Pleasure\",\"url\":\"https:\/\/www.eliassen.nl\/de\/\",\"logo\":{\"@id\":\"https:\/\/www.eliassen.nl\/de\/sockel-massiv-blaustein-gefranst-verviers-hellgrau-20x20x60cm-verschiedene-groessen\/#local-main-organization-logo\"},\"image\":{\"@id\":\"https:\/\/www.eliassen.nl\/de\/sockel-massiv-blaustein-gefranst-verviers-hellgrau-20x20x60cm-verschiedene-groessen\/#local-main-organization-logo\"},\"sameAs\":[\"https:\/\/www.facebook.com\/TuincentrumEliassenAmmerzoden\",\"https:\/\/www.instagram.com\/eliassenhomeandgarden\/\",\"https:\/\/nl.pinterest.com\/eliassenhomeandgarden\/\",\"https:\/\/www.youtube.com\/@eliassenhomegardenpleasure4558\"],\"telephone\":[],\"openingHoursSpecification\":[{\"@type\":\"OpeningHoursSpecification\",\"dayOfWeek\":[\"Monday\",\"Tuesday\",\"Wednesday\",\"Thursday\",\"Friday\",\"Saturday\",\"Sunday\"],\"opens\":\"09:00\",\"closes\":\"17:00\"}]},{\"@type\":\"ImageObject\",\"inLanguage\":\"de\",\"@id\":\"https:\/\/www.eliassen.nl\/de\/sockel-massiv-blaustein-gefranst-verviers-hellgrau-20x20x60cm-verschiedene-groessen\/#local-main-organization-logo\",\"url\":\"https:\/\/www.eliassen.nl\/wp-content\/uploads\/2024\/01\/logo_4nd.jpg\",\"contentUrl\":\"https:\/\/www.eliassen.nl\/wp-content\/uploads\/2024\/01\/logo_4nd.jpg\",\"width\":500,\"height\":500,\"caption\":\"Eliassen Home & Garden Pleasure\"}]}<\/script>\n<meta property=\"product:price:amount\" content=\"295.00\" \/>\n<meta property=\"product:price:currency\" content=\"EUR\" \/>\n<meta property=\"og:availability\" content=\"instock\" \/>\n<meta property=\"product:availability\" content=\"instock\" \/>\n<meta property=\"product:retailer_item_id\" content=\"verviersmass202060\" \/>\n<meta property=\"product:condition\" content=\"new\" \/>\n<!-- \/ Yoast SEO Premium plugin. -->","yoast_head_json":{"title":"Sonstige Sockel massiv Blaustein gefranst Verviers hellgrau 20x20x60cm verschiedene Gr\u00f6\u00dfen - Eliassen.nl","description":"Sind Sie auf der Suche nach einem einzigartigen und hochwertigen Sockel nach Ma\u00df? Entscheiden Sie sich f\u00fcr ein sch\u00f6n gestaltetes Modell aus belgischem Arduin-Blaustein!","robots":{"index":"index","follow":"follow","max-snippet":"max-snippet:-1","max-image-preview":"max-image-preview:large","max-video-preview":"max-video-preview:-1"},"canonical":"https:\/\/www.eliassen.nl\/de\/sockel-massiv-blaustein-gefranst-verviers-hellgrau-20x20x60cm-verschiedene-groessen\/","og_locale":"de_DE","og_type":"article","og_title":"Sonstige Sockel massiv Blaustein gefranst Verviers hellgrau 20x20x60cm verschiedene Gr\u00f6\u00dfen - Eliassen.nl","og_description":"Sind Sie auf der Suche nach einem einzigartigen und hochwertigen Sockel nach Ma\u00df? Entscheiden Sie sich f\u00fcr ein sch\u00f6n gestaltetes Modell aus belgischem Arduin-Blaustein!","og_url":"https:\/\/www.eliassen.nl\/de\/sockel-massiv-blaustein-gefranst-verviers-hellgrau-20x20x60cm-verschiedene-groessen\/","og_site_name":"Eliassen.nl","article_publisher":"https:\/\/www.facebook.com\/TuincentrumEliassenAmmerzoden","article_modified_time":"2026-04-03T11:16:51+00:00","og_image":[{"width":1752,"height":2560,"url":"https:\/\/www.eliassen.nl\/wp-content\/uploads\/2025\/02\/Sokkel-arduin-Verviers-20x20x60cm-Eliassen.nl_-scaled.jpeg","type":"image\/jpeg"}],"twitter_card":"summary_large_image","schema":{"@context":"https:\/\/schema.org","@graph":[{"@type":"WebPage","@id":"https:\/\/www.eliassen.nl\/de\/sockel-massiv-blaustein-gefranst-verviers-hellgrau-20x20x60cm-verschiedene-groessen\/","url":"https:\/\/www.eliassen.nl\/de\/sockel-massiv-blaustein-gefranst-verviers-hellgrau-20x20x60cm-verschiedene-groessen\/","name":"Sonstige Sockel massiv Blaustein gefranst Verviers hellgrau 20x20x60cm verschiedene Gr\u00f6\u00dfen - Eliassen.nl","isPartOf":{"@id":"https:\/\/www.eliassen.nl\/de\/#website"},"primaryImageOfPage":{"@id":"https:\/\/www.eliassen.nl\/de\/sockel-massiv-blaustein-gefranst-verviers-hellgrau-20x20x60cm-verschiedene-groessen\/#primaryimage"},"image":{"@id":"https:\/\/www.eliassen.nl\/de\/sockel-massiv-blaustein-gefranst-verviers-hellgrau-20x20x60cm-verschiedene-groessen\/#primaryimage"},"thumbnailUrl":"https:\/\/www.eliassen.nl\/wp-content\/uploads\/2025\/02\/Sokkel-arduin-Verviers-20x20x60cm-Eliassen.nl_-scaled.jpeg","datePublished":"2025-03-28T14:53:30+00:00","dateModified":"2026-04-03T11:16:51+00:00","description":"Sind Sie auf der Suche nach einem einzigartigen und hochwertigen Sockel nach Ma\u00df? Entscheiden Sie sich f\u00fcr ein sch\u00f6n gestaltetes Modell aus belgischem Arduin-Blaustein!","breadcrumb":{"@id":"https:\/\/www.eliassen.nl\/de\/sockel-massiv-blaustein-gefranst-verviers-hellgrau-20x20x60cm-verschiedene-groessen\/#breadcrumb"},"inLanguage":"de","potentialAction":[{"@type":"ReadAction","target":["https:\/\/www.eliassen.nl\/de\/sockel-massiv-blaustein-gefranst-verviers-hellgrau-20x20x60cm-verschiedene-groessen\/"]}]},{"@type":"ImageObject","inLanguage":"de","@id":"https:\/\/www.eliassen.nl\/de\/sockel-massiv-blaustein-gefranst-verviers-hellgrau-20x20x60cm-verschiedene-groessen\/#primaryimage","url":"https:\/\/www.eliassen.nl\/wp-content\/uploads\/2025\/02\/Sokkel-arduin-Verviers-20x20x60cm-Eliassen.nl_-scaled.jpeg","contentUrl":"https:\/\/www.eliassen.nl\/wp-content\/uploads\/2025\/02\/Sokkel-arduin-Verviers-20x20x60cm-Eliassen.nl_-scaled.jpeg","width":1752,"height":2560},{"@type":"BreadcrumbList","@id":"https:\/\/www.eliassen.nl\/de\/sockel-massiv-blaustein-gefranst-verviers-hellgrau-20x20x60cm-verschiedene-groessen\/#breadcrumb","itemListElement":[{"@type":"ListItem","position":1,"name":"Home","item":"https:\/\/www.eliassen.nl\/de\/"},{"@type":"ListItem","position":2,"name":"Shop","item":"https:\/\/www.eliassen.nl\/de\/shop\/"},{"@type":"ListItem","position":3,"name":"Sockel","item":"https:\/\/www.eliassen.nl\/de\/sockel\/"},{"@type":"ListItem","position":4,"name":"Sockel aus Naturstein","item":"https:\/\/www.eliassen.nl\/de\/sockel\/sockel-aus-naturstein\/"},{"@type":"ListItem","position":5,"name":"Sockel massiv Blaustein gefranst Verviers hellgrau 20x20x60cm verschiedene Gr\u00f6\u00dfen"}]},{"@type":"WebSite","@id":"https:\/\/www.eliassen.nl\/de\/#website","url":"https:\/\/www.eliassen.nl\/de\/","name":"Eliassen Home & Garden Pleasure","description":"","publisher":{"@id":"https:\/\/www.eliassen.nl\/de\/#organization"},"alternateName":"Eliassen.nl","potentialAction":[{"@type":"SearchAction","target":{"@type":"EntryPoint","urlTemplate":"https:\/\/www.eliassen.nl\/de\/?s={search_term_string}"},"query-input":{"@type":"PropertyValueSpecification","valueRequired":true,"valueName":"search_term_string"}}],"inLanguage":"de"},{"@type":["Organization","Place"],"@id":"https:\/\/www.eliassen.nl\/de\/#organization","name":"Eliassen Home & Garden Pleasure","url":"https:\/\/www.eliassen.nl\/de\/","logo":{"@id":"https:\/\/www.eliassen.nl\/de\/sockel-massiv-blaustein-gefranst-verviers-hellgrau-20x20x60cm-verschiedene-groessen\/#local-main-organization-logo"},"image":{"@id":"https:\/\/www.eliassen.nl\/de\/sockel-massiv-blaustein-gefranst-verviers-hellgrau-20x20x60cm-verschiedene-groessen\/#local-main-organization-logo"},"sameAs":["https:\/\/www.facebook.com\/TuincentrumEliassenAmmerzoden","https:\/\/www.instagram.com\/eliassenhomeandgarden\/","https:\/\/nl.pinterest.com\/eliassenhomeandgarden\/","https:\/\/www.youtube.com\/@eliassenhomegardenpleasure4558"],"telephone":[],"openingHoursSpecification":[{"@type":"OpeningHoursSpecification","dayOfWeek":["Monday","Tuesday","Wednesday","Thursday","Friday","Saturday","Sunday"],"opens":"09:00","closes":"17:00"}]},{"@type":"ImageObject","inLanguage":"de","@id":"https:\/\/www.eliassen.nl\/de\/sockel-massiv-blaustein-gefranst-verviers-hellgrau-20x20x60cm-verschiedene-groessen\/#local-main-organization-logo","url":"https:\/\/www.eliassen.nl\/wp-content\/uploads\/2024\/01\/logo_4nd.jpg","contentUrl":"https:\/\/www.eliassen.nl\/wp-content\/uploads\/2024\/01\/logo_4nd.jpg","width":500,"height":500,"caption":"Eliassen Home & Garden Pleasure"}]},"product_price_amount":"295.00","product_price_currency":"EUR","og_availability":"instock","product_availability":"instock","product_retailer_item_id":"verviersmass202060","product_condition":"new"},"df_price":295,"df_sale_price":295,"df_regular_price":325,"df_image_link":"https:\/\/www.eliassen.nl\/wp-content\/uploads\/2025\/02\/Sokkel-arduin-Verviers-20x20x60cm-Eliassen.nl_-205x300.jpeg","image":"https:\/\/www.eliassen.nl\/wp-content\/uploads\/2025\/02\/Sokkel-arduin-Verviers-20x20x60cm-Eliassen.nl_-150x150.jpeg","price_search":"<span class=\"woocommerce-Price-amount amount\"><bdi><span class=\"woocommerce-Price-currencySymbol\">&euro;<\/span>&nbsp;295,00<\/bdi><\/span>","category":"Sockel","global_unique_id":"6096528822891","_links":{"self":[{"href":"https:\/\/www.eliassen.nl\/de\/wp-json\/wp\/v2\/product\/186773","targetHints":{"allow":["GET"]}}],"collection":[{"href":"https:\/\/www.eliassen.nl\/de\/wp-json\/wp\/v2\/product"}],"about":[{"href":"https:\/\/www.eliassen.nl\/de\/wp-json\/wp\/v2\/types\/product"}],"wp:featuredmedia":[{"embeddable":true,"href":"https:\/\/www.eliassen.nl\/de\/wp-json\/wp\/v2\/media\/175099"}],"wp:attachment":[{"href":"https:\/\/www.eliassen.nl\/de\/wp-json\/wp\/v2\/media?parent=186773"}],"wp:term":[{"taxonomy":"product_brand","embeddable":true,"href":"https:\/\/www.eliassen.nl\/de\/wp-json\/wp\/v2\/product_brand?post=186773"},{"taxonomy":"product_cat","embeddable":true,"href":"https:\/\/www.eliassen.nl\/de\/wp-json\/wp\/v2\/product_cat?post=186773"},{"taxonomy":"product_tag","embeddable":true,"href":"https:\/\/www.eliassen.nl\/de\/wp-json\/wp\/v2\/product_tag?post=186773"}],"curies":[{"name":"wp","href":"https:\/\/api.w.org\/{rel}","templated":true}]}}