{"id":186640,"date":"2025-07-04T16:43:30","date_gmt":"2025-07-04T14:43:30","guid":{"rendered":"https:\/\/www.eliassen.nl\/product\/holztisch-auf-staender-110cm\/"},"modified":"2026-03-03T23:16:36","modified_gmt":"2026-03-03T22:16:36","slug":"holztisch-auf-staender-110cm","status":"publish","type":"product","link":"https:\/\/www.eliassen.nl\/de\/holztisch-auf-staender-110cm\/","title":{"rendered":"Pflanzentisch Holz-Eisen Borneo 110cm"},"content":{"rendered":"<p>Neu in unserem Sortiment ist dieser sch\u00f6ne Suar-Holztisch auf einem Gestell mit einer Gesamth\u00f6he von 110 cm.<\/p>\n<p>Diese Tische sind au\u00dfen rau und auf der Oberseite sauber geschliffen und ge\u00f6lt.<br \/>\nDer Beinabstand des St\u00e4nders betr\u00e4gt ca. 43 cm.<\/p>\n<p>Diese charaktervollen Tische sind aus Suarholz gefertigt und weisen eine attraktive, sch\u00f6ne Maserung auf, die sie sehr gut als M\u00f6bel geeignet macht.<br \/>\nJeder Suarholz-Tisch ist einzigartig in Form und Farbe. Wenn Sie selbst eine Farbe\/ein Modell ausw\u00e4hlen m\u00f6chten, empfehlen wir Ihnen, in unser Gesch\u00e4ft zu kommen oder vorab ein Foto per E-Mail anzufordern.<br \/>\nSie k\u00f6nnen diese Tische leicht mit einem weichen Tuch und eventuell einem milden Holz\u00f6l reinigen.<\/p>\n<p>Suar-Holz ist ein haltbares Hartholz mit einer sehr langen Lebensdauer.<\/p>\n<ul>\n<li>Gr\u00f6\u00dfe: 110cm hoch<\/li>\n<li>Kann Schrumpfungsrisse entwickeln<\/li>\n<li>Kann im Innen- und Au\u00dfenbereich verwendet werden (im Au\u00dfenbereich sind Verf\u00e4rbungen und die &#8222;Bearbeitung&#8220; des Holzes zu ber\u00fccksichtigen).<\/li>\n<li>Erh\u00e4ltlich aus unserem eigenen Bestand.<\/li>\n<\/ul>\n","protected":false},"excerpt":{"rendered":"<p>Wenn Sie den Sockel im Freien aufstellen, wird er sich verf\u00e4rben und &#8222;arbeiten&#8220;, was zu Rissen f\u00fchren kann.<\/p>\n","protected":false},"featured_media":186618,"template":"","meta":{"_acf_changed":false,"_genesis_title":"","_genesis_description":""},"product_brand":[7505],"product_cat":[794,1244,782],"product_tag":[],"class_list":{"0":"post-186640","1":"product","2":"type-product","3":"status-publish","4":"has-post-thumbnail","6":"product_brand-sonstige","7":"product_cat-holzsockel","8":"product_cat-pflanzentische-11304174","9":"product_cat-sockel","11":"first","12":"instock","13":"taxable","14":"shipping-taxable","15":"purchasable","16":"product-type-simple"},"acf":[],"meta_all":{"total_sales":"3","cor_restricted_countries":[]},"meta_all_flat":{"total_sales":"3"},"yoast_head":"<!-- This site is optimized with the Yoast SEO Premium plugin v26.2 (Yoast SEO v27.2) - https:\/\/yoast.com\/product\/yoast-seo-premium-wordpress\/ -->\n<title>Sonstige Pflanzentisch Holz-Eisen Borneo 110cm - Eliassen.nl<\/title>\n<meta name=\"description\" content=\"Sind Sie auf der Suche nach einem einzigartigen Holztisch f\u00fcr Ihre Vase oder Skulptur? Dieses sch\u00f6ne 110 cm hohe Modell ist aus strapazierf\u00e4higem Suarholz gefertigt und wird Ihnen sicher gefallen.\" \/>\n<meta name=\"robots\" content=\"index, follow, max-snippet:-1, max-image-preview:large, max-video-preview:-1\" \/>\n<link rel=\"canonical\" href=\"https:\/\/www.eliassen.nl\/de\/holztisch-auf-staender-110cm\/\" \/>\n<meta property=\"og:locale\" content=\"de_DE\" \/>\n<meta property=\"og:type\" content=\"article\" \/>\n<meta property=\"og:title\" content=\"Sonstige Pflanzentisch Holz-Eisen Borneo 110cm - Eliassen.nl\" \/>\n<meta property=\"og:description\" content=\"Sind Sie auf der Suche nach einem einzigartigen Holztisch f\u00fcr Ihre Vase oder Skulptur? Dieses sch\u00f6ne 110 cm hohe Modell ist aus strapazierf\u00e4higem Suarholz gefertigt und wird Ihnen sicher gefallen.\" \/>\n<meta property=\"og:url\" content=\"https:\/\/www.eliassen.nl\/de\/holztisch-auf-staender-110cm\/\" \/>\n<meta property=\"og:site_name\" content=\"Eliassen.nl\" \/>\n<meta property=\"article:publisher\" content=\"https:\/\/www.facebook.com\/TuincentrumEliassenAmmerzoden\" \/>\n<meta property=\"article:modified_time\" content=\"2026-03-03T22:16:36+00:00\" \/>\n<meta property=\"og:image\" content=\"https:\/\/www.eliassen.nl\/wp-content\/uploads\/2025\/07\/houten-tafel-110cm-Eliassen.nl_-scaled.jpeg\" \/>\n\t<meta property=\"og:image:width\" content=\"1068\" \/>\n\t<meta property=\"og:image:height\" content=\"2560\" \/>\n\t<meta property=\"og:image:type\" content=\"image\/jpeg\" \/>\n<meta name=\"twitter:card\" content=\"summary_large_image\" \/>\n<script type=\"application\/ld+json\" class=\"yoast-schema-graph\">{\"@context\":\"https:\/\/schema.org\",\"@graph\":[{\"@type\":\"WebPage\",\"@id\":\"https:\/\/www.eliassen.nl\/de\/holztisch-auf-staender-110cm\/\",\"url\":\"https:\/\/www.eliassen.nl\/de\/holztisch-auf-staender-110cm\/\",\"name\":\"Sonstige Pflanzentisch Holz-Eisen Borneo 110cm - Eliassen.nl\",\"isPartOf\":{\"@id\":\"https:\/\/www.eliassen.nl\/de\/#website\"},\"primaryImageOfPage\":{\"@id\":\"https:\/\/www.eliassen.nl\/de\/holztisch-auf-staender-110cm\/#primaryimage\"},\"image\":{\"@id\":\"https:\/\/www.eliassen.nl\/de\/holztisch-auf-staender-110cm\/#primaryimage\"},\"thumbnailUrl\":\"https:\/\/www.eliassen.nl\/wp-content\/uploads\/2025\/07\/houten-tafel-110cm-Eliassen.nl_-scaled.jpeg\",\"datePublished\":\"2025-07-04T14:43:30+00:00\",\"dateModified\":\"2026-03-03T22:16:36+00:00\",\"description\":\"Sind Sie auf der Suche nach einem einzigartigen Holztisch f\u00fcr Ihre Vase oder Skulptur? Dieses sch\u00f6ne 110 cm hohe Modell ist aus strapazierf\u00e4higem Suarholz gefertigt und wird Ihnen sicher gefallen.\",\"breadcrumb\":{\"@id\":\"https:\/\/www.eliassen.nl\/de\/holztisch-auf-staender-110cm\/#breadcrumb\"},\"inLanguage\":\"de\",\"potentialAction\":[{\"@type\":\"ReadAction\",\"target\":[\"https:\/\/www.eliassen.nl\/de\/holztisch-auf-staender-110cm\/\"]}]},{\"@type\":\"ImageObject\",\"inLanguage\":\"de\",\"@id\":\"https:\/\/www.eliassen.nl\/de\/holztisch-auf-staender-110cm\/#primaryimage\",\"url\":\"https:\/\/www.eliassen.nl\/wp-content\/uploads\/2025\/07\/houten-tafel-110cm-Eliassen.nl_-scaled.jpeg\",\"contentUrl\":\"https:\/\/www.eliassen.nl\/wp-content\/uploads\/2025\/07\/houten-tafel-110cm-Eliassen.nl_-scaled.jpeg\",\"width\":1068,\"height\":2560},{\"@type\":\"BreadcrumbList\",\"@id\":\"https:\/\/www.eliassen.nl\/de\/holztisch-auf-staender-110cm\/#breadcrumb\",\"itemListElement\":[{\"@type\":\"ListItem\",\"position\":1,\"name\":\"Home\",\"item\":\"https:\/\/www.eliassen.nl\/de\/\"},{\"@type\":\"ListItem\",\"position\":2,\"name\":\"Shop\",\"item\":\"https:\/\/www.eliassen.nl\/de\/shop\/\"},{\"@type\":\"ListItem\",\"position\":3,\"name\":\"Sockel\",\"item\":\"https:\/\/www.eliassen.nl\/de\/sockel\/\"},{\"@type\":\"ListItem\",\"position\":4,\"name\":\"Pflanzentisch Holz-Eisen Borneo 110cm\"}]},{\"@type\":\"WebSite\",\"@id\":\"https:\/\/www.eliassen.nl\/de\/#website\",\"url\":\"https:\/\/www.eliassen.nl\/de\/\",\"name\":\"Eliassen Home & Garden Pleasure\",\"description\":\"\",\"publisher\":{\"@id\":\"https:\/\/www.eliassen.nl\/de\/#organization\"},\"alternateName\":\"Eliassen.nl\",\"potentialAction\":[{\"@type\":\"SearchAction\",\"target\":{\"@type\":\"EntryPoint\",\"urlTemplate\":\"https:\/\/www.eliassen.nl\/de\/?s={search_term_string}\"},\"query-input\":{\"@type\":\"PropertyValueSpecification\",\"valueRequired\":true,\"valueName\":\"search_term_string\"}}],\"inLanguage\":\"de\"},{\"@type\":[\"Organization\",\"Place\"],\"@id\":\"https:\/\/www.eliassen.nl\/de\/#organization\",\"name\":\"Eliassen Home & Garden Pleasure\",\"url\":\"https:\/\/www.eliassen.nl\/de\/\",\"logo\":{\"@id\":\"https:\/\/www.eliassen.nl\/de\/holztisch-auf-staender-110cm\/#local-main-organization-logo\"},\"image\":{\"@id\":\"https:\/\/www.eliassen.nl\/de\/holztisch-auf-staender-110cm\/#local-main-organization-logo\"},\"sameAs\":[\"https:\/\/www.facebook.com\/TuincentrumEliassenAmmerzoden\",\"https:\/\/www.instagram.com\/eliassenhomeandgarden\/\",\"https:\/\/nl.pinterest.com\/eliassenhomeandgarden\/\",\"https:\/\/www.youtube.com\/@eliassenhomegardenpleasure4558\"],\"telephone\":[],\"openingHoursSpecification\":[{\"@type\":\"OpeningHoursSpecification\",\"dayOfWeek\":[\"Monday\",\"Tuesday\",\"Wednesday\",\"Thursday\",\"Friday\",\"Saturday\",\"Sunday\"],\"opens\":\"09:00\",\"closes\":\"17:00\"}]},{\"@type\":\"ImageObject\",\"inLanguage\":\"de\",\"@id\":\"https:\/\/www.eliassen.nl\/de\/holztisch-auf-staender-110cm\/#local-main-organization-logo\",\"url\":\"https:\/\/www.eliassen.nl\/wp-content\/uploads\/2024\/01\/logo_4nd.jpg\",\"contentUrl\":\"https:\/\/www.eliassen.nl\/wp-content\/uploads\/2024\/01\/logo_4nd.jpg\",\"width\":500,\"height\":500,\"caption\":\"Eliassen Home & Garden Pleasure\"}]}<\/script>\n<meta property=\"product:price:amount\" content=\"97.50\" \/>\n<meta property=\"product:price:currency\" content=\"EUR\" \/>\n<meta property=\"og:availability\" content=\"instock\" \/>\n<meta property=\"product:availability\" content=\"instock\" \/>\n<meta property=\"product:retailer_item_id\" content=\"8000084 110cm\" \/>\n<meta property=\"product:condition\" content=\"new\" \/>\n<!-- \/ Yoast SEO Premium plugin. -->","yoast_head_json":{"title":"Sonstige Pflanzentisch Holz-Eisen Borneo 110cm - Eliassen.nl","description":"Sind Sie auf der Suche nach einem einzigartigen Holztisch f\u00fcr Ihre Vase oder Skulptur? Dieses sch\u00f6ne 110 cm hohe Modell ist aus strapazierf\u00e4higem Suarholz gefertigt und wird Ihnen sicher gefallen.","robots":{"index":"index","follow":"follow","max-snippet":"max-snippet:-1","max-image-preview":"max-image-preview:large","max-video-preview":"max-video-preview:-1"},"canonical":"https:\/\/www.eliassen.nl\/de\/holztisch-auf-staender-110cm\/","og_locale":"de_DE","og_type":"article","og_title":"Sonstige Pflanzentisch Holz-Eisen Borneo 110cm - Eliassen.nl","og_description":"Sind Sie auf der Suche nach einem einzigartigen Holztisch f\u00fcr Ihre Vase oder Skulptur? Dieses sch\u00f6ne 110 cm hohe Modell ist aus strapazierf\u00e4higem Suarholz gefertigt und wird Ihnen sicher gefallen.","og_url":"https:\/\/www.eliassen.nl\/de\/holztisch-auf-staender-110cm\/","og_site_name":"Eliassen.nl","article_publisher":"https:\/\/www.facebook.com\/TuincentrumEliassenAmmerzoden","article_modified_time":"2026-03-03T22:16:36+00:00","og_image":[{"width":1068,"height":2560,"url":"https:\/\/www.eliassen.nl\/wp-content\/uploads\/2025\/07\/houten-tafel-110cm-Eliassen.nl_-scaled.jpeg","type":"image\/jpeg"}],"twitter_card":"summary_large_image","schema":{"@context":"https:\/\/schema.org","@graph":[{"@type":"WebPage","@id":"https:\/\/www.eliassen.nl\/de\/holztisch-auf-staender-110cm\/","url":"https:\/\/www.eliassen.nl\/de\/holztisch-auf-staender-110cm\/","name":"Sonstige Pflanzentisch Holz-Eisen Borneo 110cm - Eliassen.nl","isPartOf":{"@id":"https:\/\/www.eliassen.nl\/de\/#website"},"primaryImageOfPage":{"@id":"https:\/\/www.eliassen.nl\/de\/holztisch-auf-staender-110cm\/#primaryimage"},"image":{"@id":"https:\/\/www.eliassen.nl\/de\/holztisch-auf-staender-110cm\/#primaryimage"},"thumbnailUrl":"https:\/\/www.eliassen.nl\/wp-content\/uploads\/2025\/07\/houten-tafel-110cm-Eliassen.nl_-scaled.jpeg","datePublished":"2025-07-04T14:43:30+00:00","dateModified":"2026-03-03T22:16:36+00:00","description":"Sind Sie auf der Suche nach einem einzigartigen Holztisch f\u00fcr Ihre Vase oder Skulptur? Dieses sch\u00f6ne 110 cm hohe Modell ist aus strapazierf\u00e4higem Suarholz gefertigt und wird Ihnen sicher gefallen.","breadcrumb":{"@id":"https:\/\/www.eliassen.nl\/de\/holztisch-auf-staender-110cm\/#breadcrumb"},"inLanguage":"de","potentialAction":[{"@type":"ReadAction","target":["https:\/\/www.eliassen.nl\/de\/holztisch-auf-staender-110cm\/"]}]},{"@type":"ImageObject","inLanguage":"de","@id":"https:\/\/www.eliassen.nl\/de\/holztisch-auf-staender-110cm\/#primaryimage","url":"https:\/\/www.eliassen.nl\/wp-content\/uploads\/2025\/07\/houten-tafel-110cm-Eliassen.nl_-scaled.jpeg","contentUrl":"https:\/\/www.eliassen.nl\/wp-content\/uploads\/2025\/07\/houten-tafel-110cm-Eliassen.nl_-scaled.jpeg","width":1068,"height":2560},{"@type":"BreadcrumbList","@id":"https:\/\/www.eliassen.nl\/de\/holztisch-auf-staender-110cm\/#breadcrumb","itemListElement":[{"@type":"ListItem","position":1,"name":"Home","item":"https:\/\/www.eliassen.nl\/de\/"},{"@type":"ListItem","position":2,"name":"Shop","item":"https:\/\/www.eliassen.nl\/de\/shop\/"},{"@type":"ListItem","position":3,"name":"Sockel","item":"https:\/\/www.eliassen.nl\/de\/sockel\/"},{"@type":"ListItem","position":4,"name":"Pflanzentisch Holz-Eisen Borneo 110cm"}]},{"@type":"WebSite","@id":"https:\/\/www.eliassen.nl\/de\/#website","url":"https:\/\/www.eliassen.nl\/de\/","name":"Eliassen Home & Garden Pleasure","description":"","publisher":{"@id":"https:\/\/www.eliassen.nl\/de\/#organization"},"alternateName":"Eliassen.nl","potentialAction":[{"@type":"SearchAction","target":{"@type":"EntryPoint","urlTemplate":"https:\/\/www.eliassen.nl\/de\/?s={search_term_string}"},"query-input":{"@type":"PropertyValueSpecification","valueRequired":true,"valueName":"search_term_string"}}],"inLanguage":"de"},{"@type":["Organization","Place"],"@id":"https:\/\/www.eliassen.nl\/de\/#organization","name":"Eliassen Home & Garden Pleasure","url":"https:\/\/www.eliassen.nl\/de\/","logo":{"@id":"https:\/\/www.eliassen.nl\/de\/holztisch-auf-staender-110cm\/#local-main-organization-logo"},"image":{"@id":"https:\/\/www.eliassen.nl\/de\/holztisch-auf-staender-110cm\/#local-main-organization-logo"},"sameAs":["https:\/\/www.facebook.com\/TuincentrumEliassenAmmerzoden","https:\/\/www.instagram.com\/eliassenhomeandgarden\/","https:\/\/nl.pinterest.com\/eliassenhomeandgarden\/","https:\/\/www.youtube.com\/@eliassenhomegardenpleasure4558"],"telephone":[],"openingHoursSpecification":[{"@type":"OpeningHoursSpecification","dayOfWeek":["Monday","Tuesday","Wednesday","Thursday","Friday","Saturday","Sunday"],"opens":"09:00","closes":"17:00"}]},{"@type":"ImageObject","inLanguage":"de","@id":"https:\/\/www.eliassen.nl\/de\/holztisch-auf-staender-110cm\/#local-main-organization-logo","url":"https:\/\/www.eliassen.nl\/wp-content\/uploads\/2024\/01\/logo_4nd.jpg","contentUrl":"https:\/\/www.eliassen.nl\/wp-content\/uploads\/2024\/01\/logo_4nd.jpg","width":500,"height":500,"caption":"Eliassen Home & Garden Pleasure"}]},"product_price_amount":"97.50","product_price_currency":"EUR","og_availability":"instock","product_availability":"instock","product_retailer_item_id":"8000084 110cm","product_condition":"new"},"df_price":97.5,"df_sale_price":"","df_regular_price":97.5,"df_image_link":"https:\/\/www.eliassen.nl\/wp-content\/uploads\/2025\/07\/houten-tafel-110cm-Eliassen.nl_-125x300.jpeg","image":"https:\/\/www.eliassen.nl\/wp-content\/uploads\/2025\/07\/houten-tafel-110cm-Eliassen.nl_-150x150.jpeg","price_search":"<span class=\"woocommerce-Price-amount amount\"><bdi><span class=\"woocommerce-Price-currencySymbol\">&euro;<\/span>&nbsp;97,50<\/bdi><\/span>","category":"Holzsockel","global_unique_id":"6096516835889","_links":{"self":[{"href":"https:\/\/www.eliassen.nl\/de\/wp-json\/wp\/v2\/product\/186640","targetHints":{"allow":["GET"]}}],"collection":[{"href":"https:\/\/www.eliassen.nl\/de\/wp-json\/wp\/v2\/product"}],"about":[{"href":"https:\/\/www.eliassen.nl\/de\/wp-json\/wp\/v2\/types\/product"}],"wp:featuredmedia":[{"embeddable":true,"href":"https:\/\/www.eliassen.nl\/de\/wp-json\/wp\/v2\/media\/186618"}],"wp:attachment":[{"href":"https:\/\/www.eliassen.nl\/de\/wp-json\/wp\/v2\/media?parent=186640"}],"wp:term":[{"taxonomy":"product_brand","embeddable":true,"href":"https:\/\/www.eliassen.nl\/de\/wp-json\/wp\/v2\/product_brand?post=186640"},{"taxonomy":"product_cat","embeddable":true,"href":"https:\/\/www.eliassen.nl\/de\/wp-json\/wp\/v2\/product_cat?post=186640"},{"taxonomy":"product_tag","embeddable":true,"href":"https:\/\/www.eliassen.nl\/de\/wp-json\/wp\/v2\/product_tag?post=186640"}],"curies":[{"name":"wp","href":"https:\/\/api.w.org\/{rel}","templated":true}]}}