{"id":186561,"date":"2025-07-04T12:31:02","date_gmt":"2025-07-04T10:31:02","guid":{"rendered":"https:\/\/www.eliassen.nl\/product\/holz-wandpaneel-elefant-190cm\/"},"modified":"2026-01-16T16:05:07","modified_gmt":"2026-01-16T15:05:07","slug":"holz-wandpaneel-elefant-190cm","status":"publish","type":"product","link":"https:\/\/www.eliassen.nl\/de\/holz-wandpaneel-elefant-190cm\/","title":{"rendered":"Holz Wandpaneel Elefant 190cm"},"content":{"rendered":"<p>Sch\u00f6nes Wandpaneel aus Holz, handgefertigt aus massivem Suar-Holz. Viele Stunden Schnitzarbeit stecken in dieser Holztafel. Alles, was Sie sehen, jede Form und jedes Bild, alles ist von Menschenhand gemacht.<\/p>\n<p>Suar-Holz hat die Eigenschaft, dass es kontrastreiche Farben aufweist. Helles Holz kann direkt neben dunklem Holz stehen. Es ist normal, dass diese Farbunterschiede auch auf dem Panel sichtbar sind, das leider nicht beanstandet werden kann.<\/p>\n<p>Im Buddhismus symbolisiert ein Elefant St\u00e4rke, Weisheit, Treue, Geduld und ein langes Leben.<br \/>\n<mark class=\"QVRyCf\"><br \/>\n<\/mark><\/p>\n<ul>\n<li>Gr\u00f6\u00dfe: 99&#215;190 cm hoch und 28mm dick mit 28x28mm Rippen auf der R\u00fcckseite.<\/li>\n<li>Material: Massivholz Suar, leicht ge\u00f6lt<\/li>\n<li>Ausgenommen<\/li>\n<li>Original Schnitzereien<\/li>\n<li>Eigene Aktie<\/li>\n<li>Das Aufh\u00e4ngen im Freien ist erlaubt, aber das Holz wird grau und es k\u00f6nnen Risse entstehen.<\/li>\n<\/ul>\n","protected":false},"excerpt":{"rendered":"<p>Bei der Montage im Freien verf\u00e4rbt sich diese Wandplatte und &#8222;arbeitet&#8220;, was zu Rissen f\u00fchren kann.<\/p>\n","protected":false},"featured_media":186250,"template":"","meta":{"_acf_changed":false,"_genesis_title":"","_genesis_description":""},"product_brand":[7505],"product_cat":[509,527],"product_tag":[],"class_list":{"0":"post-186561","1":"product","2":"type-product","3":"status-publish","4":"has-post-thumbnail","6":"product_brand-sonstige","7":"product_cat-wanddekoration","8":"product_cat-wandpaneele-aus-holz","10":"first","11":"instock","12":"taxable","13":"shipping-taxable","14":"purchasable","15":"product-type-simple"},"acf":[],"meta_all":{"total_sales":"0","cor_restricted_countries":[]},"meta_all_flat":{"total_sales":"0"},"yoast_head":"<!-- This site is optimized with the Yoast SEO Premium plugin v26.2 (Yoast SEO v27.2) - https:\/\/yoast.com\/product\/yoast-seo-premium-wordpress\/ -->\n<title>Sonstige Holz Wandpaneel Elefant 190cm - Eliassen.nl<\/title>\n<meta name=\"description\" content=\"Eine sch\u00f6ne Wandtafel aus Holz, die von Hand geschnitzt und bemalt ist. Eine sehr sch\u00f6ne Wanddekoration mit den Ma\u00dfen 100x190cm.\" \/>\n<meta name=\"robots\" content=\"index, follow, max-snippet:-1, max-image-preview:large, max-video-preview:-1\" \/>\n<link rel=\"canonical\" href=\"https:\/\/www.eliassen.nl\/de\/holz-wandpaneel-elefant-190cm\/\" \/>\n<meta property=\"og:locale\" content=\"de_DE\" \/>\n<meta property=\"og:type\" content=\"article\" \/>\n<meta property=\"og:title\" content=\"Sonstige Holz Wandpaneel Elefant 190cm - Eliassen.nl\" \/>\n<meta property=\"og:description\" content=\"Eine sch\u00f6ne Wandtafel aus Holz, die von Hand geschnitzt und bemalt ist. Eine sehr sch\u00f6ne Wanddekoration mit den Ma\u00dfen 100x190cm.\" \/>\n<meta property=\"og:url\" content=\"https:\/\/www.eliassen.nl\/de\/holz-wandpaneel-elefant-190cm\/\" \/>\n<meta property=\"og:site_name\" content=\"Eliassen.nl\" \/>\n<meta property=\"article:publisher\" content=\"https:\/\/www.facebook.com\/TuincentrumEliassenAmmerzoden\" \/>\n<meta property=\"article:modified_time\" content=\"2026-01-16T15:05:07+00:00\" \/>\n<meta property=\"og:image\" content=\"https:\/\/www.eliassen.nl\/wp-content\/uploads\/2025\/06\/houten-wandpaneel-olifant-Eliassen.nl_.png\" \/>\n\t<meta property=\"og:image:width\" content=\"1080\" \/>\n\t<meta property=\"og:image:height\" content=\"1080\" \/>\n\t<meta property=\"og:image:type\" content=\"image\/png\" \/>\n<meta name=\"twitter:card\" content=\"summary_large_image\" \/>\n<script type=\"application\/ld+json\" class=\"yoast-schema-graph\">{\"@context\":\"https:\/\/schema.org\",\"@graph\":[{\"@type\":\"WebPage\",\"@id\":\"https:\/\/www.eliassen.nl\/de\/holz-wandpaneel-elefant-190cm\/\",\"url\":\"https:\/\/www.eliassen.nl\/de\/holz-wandpaneel-elefant-190cm\/\",\"name\":\"Sonstige Holz Wandpaneel Elefant 190cm - Eliassen.nl\",\"isPartOf\":{\"@id\":\"https:\/\/www.eliassen.nl\/de\/#website\"},\"primaryImageOfPage\":{\"@id\":\"https:\/\/www.eliassen.nl\/de\/holz-wandpaneel-elefant-190cm\/#primaryimage\"},\"image\":{\"@id\":\"https:\/\/www.eliassen.nl\/de\/holz-wandpaneel-elefant-190cm\/#primaryimage\"},\"thumbnailUrl\":\"https:\/\/www.eliassen.nl\/wp-content\/uploads\/2025\/06\/houten-wandpaneel-olifant-Eliassen.nl_.png\",\"datePublished\":\"2025-07-04T10:31:02+00:00\",\"dateModified\":\"2026-01-16T15:05:07+00:00\",\"description\":\"Eine sch\u00f6ne Wandtafel aus Holz, die von Hand geschnitzt und bemalt ist. Eine sehr sch\u00f6ne Wanddekoration mit den Ma\u00dfen 100x190cm.\",\"breadcrumb\":{\"@id\":\"https:\/\/www.eliassen.nl\/de\/holz-wandpaneel-elefant-190cm\/#breadcrumb\"},\"inLanguage\":\"de\",\"potentialAction\":[{\"@type\":\"ReadAction\",\"target\":[\"https:\/\/www.eliassen.nl\/de\/holz-wandpaneel-elefant-190cm\/\"]}]},{\"@type\":\"ImageObject\",\"inLanguage\":\"de\",\"@id\":\"https:\/\/www.eliassen.nl\/de\/holz-wandpaneel-elefant-190cm\/#primaryimage\",\"url\":\"https:\/\/www.eliassen.nl\/wp-content\/uploads\/2025\/06\/houten-wandpaneel-olifant-Eliassen.nl_.png\",\"contentUrl\":\"https:\/\/www.eliassen.nl\/wp-content\/uploads\/2025\/06\/houten-wandpaneel-olifant-Eliassen.nl_.png\",\"width\":1080,\"height\":1080},{\"@type\":\"BreadcrumbList\",\"@id\":\"https:\/\/www.eliassen.nl\/de\/holz-wandpaneel-elefant-190cm\/#breadcrumb\",\"itemListElement\":[{\"@type\":\"ListItem\",\"position\":1,\"name\":\"Home\",\"item\":\"https:\/\/www.eliassen.nl\/de\/\"},{\"@type\":\"ListItem\",\"position\":2,\"name\":\"Shop\",\"item\":\"https:\/\/www.eliassen.nl\/de\/shop\/\"},{\"@type\":\"ListItem\",\"position\":3,\"name\":\"Wanddekoration\",\"item\":\"https:\/\/www.eliassen.nl\/de\/wanddekoration\/\"},{\"@type\":\"ListItem\",\"position\":4,\"name\":\"Holz Wandpaneel Elefant 190cm\"}]},{\"@type\":\"WebSite\",\"@id\":\"https:\/\/www.eliassen.nl\/de\/#website\",\"url\":\"https:\/\/www.eliassen.nl\/de\/\",\"name\":\"Eliassen Home & Garden Pleasure\",\"description\":\"\",\"publisher\":{\"@id\":\"https:\/\/www.eliassen.nl\/de\/#organization\"},\"alternateName\":\"Eliassen.nl\",\"potentialAction\":[{\"@type\":\"SearchAction\",\"target\":{\"@type\":\"EntryPoint\",\"urlTemplate\":\"https:\/\/www.eliassen.nl\/de\/?s={search_term_string}\"},\"query-input\":{\"@type\":\"PropertyValueSpecification\",\"valueRequired\":true,\"valueName\":\"search_term_string\"}}],\"inLanguage\":\"de\"},{\"@type\":[\"Organization\",\"Place\"],\"@id\":\"https:\/\/www.eliassen.nl\/de\/#organization\",\"name\":\"Eliassen Home & Garden Pleasure\",\"url\":\"https:\/\/www.eliassen.nl\/de\/\",\"logo\":{\"@id\":\"https:\/\/www.eliassen.nl\/de\/holz-wandpaneel-elefant-190cm\/#local-main-organization-logo\"},\"image\":{\"@id\":\"https:\/\/www.eliassen.nl\/de\/holz-wandpaneel-elefant-190cm\/#local-main-organization-logo\"},\"sameAs\":[\"https:\/\/www.facebook.com\/TuincentrumEliassenAmmerzoden\",\"https:\/\/www.instagram.com\/eliassenhomeandgarden\/\",\"https:\/\/nl.pinterest.com\/eliassenhomeandgarden\/\",\"https:\/\/www.youtube.com\/@eliassenhomegardenpleasure4558\"],\"telephone\":[],\"openingHoursSpecification\":[{\"@type\":\"OpeningHoursSpecification\",\"dayOfWeek\":[\"Monday\",\"Tuesday\",\"Wednesday\",\"Thursday\",\"Friday\",\"Saturday\",\"Sunday\"],\"opens\":\"09:00\",\"closes\":\"17:00\"}]},{\"@type\":\"ImageObject\",\"inLanguage\":\"de\",\"@id\":\"https:\/\/www.eliassen.nl\/de\/holz-wandpaneel-elefant-190cm\/#local-main-organization-logo\",\"url\":\"https:\/\/www.eliassen.nl\/wp-content\/uploads\/2024\/01\/logo_4nd.jpg\",\"contentUrl\":\"https:\/\/www.eliassen.nl\/wp-content\/uploads\/2024\/01\/logo_4nd.jpg\",\"width\":500,\"height\":500,\"caption\":\"Eliassen Home & Garden Pleasure\"}]}<\/script>\n<meta property=\"product:price:amount\" content=\"299.00\" \/>\n<meta property=\"product:price:currency\" content=\"EUR\" \/>\n<meta property=\"og:availability\" content=\"instock\" \/>\n<meta property=\"product:availability\" content=\"instock\" \/>\n<meta property=\"product:retailer_item_id\" content=\"17000053\" \/>\n<meta property=\"product:condition\" content=\"new\" \/>\n<!-- \/ Yoast SEO Premium plugin. -->","yoast_head_json":{"title":"Sonstige Holz Wandpaneel Elefant 190cm - Eliassen.nl","description":"Eine sch\u00f6ne Wandtafel aus Holz, die von Hand geschnitzt und bemalt ist. Eine sehr sch\u00f6ne Wanddekoration mit den Ma\u00dfen 100x190cm.","robots":{"index":"index","follow":"follow","max-snippet":"max-snippet:-1","max-image-preview":"max-image-preview:large","max-video-preview":"max-video-preview:-1"},"canonical":"https:\/\/www.eliassen.nl\/de\/holz-wandpaneel-elefant-190cm\/","og_locale":"de_DE","og_type":"article","og_title":"Sonstige Holz Wandpaneel Elefant 190cm - Eliassen.nl","og_description":"Eine sch\u00f6ne Wandtafel aus Holz, die von Hand geschnitzt und bemalt ist. Eine sehr sch\u00f6ne Wanddekoration mit den Ma\u00dfen 100x190cm.","og_url":"https:\/\/www.eliassen.nl\/de\/holz-wandpaneel-elefant-190cm\/","og_site_name":"Eliassen.nl","article_publisher":"https:\/\/www.facebook.com\/TuincentrumEliassenAmmerzoden","article_modified_time":"2026-01-16T15:05:07+00:00","og_image":[{"width":1080,"height":1080,"url":"https:\/\/www.eliassen.nl\/wp-content\/uploads\/2025\/06\/houten-wandpaneel-olifant-Eliassen.nl_.png","type":"image\/png"}],"twitter_card":"summary_large_image","schema":{"@context":"https:\/\/schema.org","@graph":[{"@type":"WebPage","@id":"https:\/\/www.eliassen.nl\/de\/holz-wandpaneel-elefant-190cm\/","url":"https:\/\/www.eliassen.nl\/de\/holz-wandpaneel-elefant-190cm\/","name":"Sonstige Holz Wandpaneel Elefant 190cm - Eliassen.nl","isPartOf":{"@id":"https:\/\/www.eliassen.nl\/de\/#website"},"primaryImageOfPage":{"@id":"https:\/\/www.eliassen.nl\/de\/holz-wandpaneel-elefant-190cm\/#primaryimage"},"image":{"@id":"https:\/\/www.eliassen.nl\/de\/holz-wandpaneel-elefant-190cm\/#primaryimage"},"thumbnailUrl":"https:\/\/www.eliassen.nl\/wp-content\/uploads\/2025\/06\/houten-wandpaneel-olifant-Eliassen.nl_.png","datePublished":"2025-07-04T10:31:02+00:00","dateModified":"2026-01-16T15:05:07+00:00","description":"Eine sch\u00f6ne Wandtafel aus Holz, die von Hand geschnitzt und bemalt ist. Eine sehr sch\u00f6ne Wanddekoration mit den Ma\u00dfen 100x190cm.","breadcrumb":{"@id":"https:\/\/www.eliassen.nl\/de\/holz-wandpaneel-elefant-190cm\/#breadcrumb"},"inLanguage":"de","potentialAction":[{"@type":"ReadAction","target":["https:\/\/www.eliassen.nl\/de\/holz-wandpaneel-elefant-190cm\/"]}]},{"@type":"ImageObject","inLanguage":"de","@id":"https:\/\/www.eliassen.nl\/de\/holz-wandpaneel-elefant-190cm\/#primaryimage","url":"https:\/\/www.eliassen.nl\/wp-content\/uploads\/2025\/06\/houten-wandpaneel-olifant-Eliassen.nl_.png","contentUrl":"https:\/\/www.eliassen.nl\/wp-content\/uploads\/2025\/06\/houten-wandpaneel-olifant-Eliassen.nl_.png","width":1080,"height":1080},{"@type":"BreadcrumbList","@id":"https:\/\/www.eliassen.nl\/de\/holz-wandpaneel-elefant-190cm\/#breadcrumb","itemListElement":[{"@type":"ListItem","position":1,"name":"Home","item":"https:\/\/www.eliassen.nl\/de\/"},{"@type":"ListItem","position":2,"name":"Shop","item":"https:\/\/www.eliassen.nl\/de\/shop\/"},{"@type":"ListItem","position":3,"name":"Wanddekoration","item":"https:\/\/www.eliassen.nl\/de\/wanddekoration\/"},{"@type":"ListItem","position":4,"name":"Holz Wandpaneel Elefant 190cm"}]},{"@type":"WebSite","@id":"https:\/\/www.eliassen.nl\/de\/#website","url":"https:\/\/www.eliassen.nl\/de\/","name":"Eliassen Home & Garden Pleasure","description":"","publisher":{"@id":"https:\/\/www.eliassen.nl\/de\/#organization"},"alternateName":"Eliassen.nl","potentialAction":[{"@type":"SearchAction","target":{"@type":"EntryPoint","urlTemplate":"https:\/\/www.eliassen.nl\/de\/?s={search_term_string}"},"query-input":{"@type":"PropertyValueSpecification","valueRequired":true,"valueName":"search_term_string"}}],"inLanguage":"de"},{"@type":["Organization","Place"],"@id":"https:\/\/www.eliassen.nl\/de\/#organization","name":"Eliassen Home & Garden Pleasure","url":"https:\/\/www.eliassen.nl\/de\/","logo":{"@id":"https:\/\/www.eliassen.nl\/de\/holz-wandpaneel-elefant-190cm\/#local-main-organization-logo"},"image":{"@id":"https:\/\/www.eliassen.nl\/de\/holz-wandpaneel-elefant-190cm\/#local-main-organization-logo"},"sameAs":["https:\/\/www.facebook.com\/TuincentrumEliassenAmmerzoden","https:\/\/www.instagram.com\/eliassenhomeandgarden\/","https:\/\/nl.pinterest.com\/eliassenhomeandgarden\/","https:\/\/www.youtube.com\/@eliassenhomegardenpleasure4558"],"telephone":[],"openingHoursSpecification":[{"@type":"OpeningHoursSpecification","dayOfWeek":["Monday","Tuesday","Wednesday","Thursday","Friday","Saturday","Sunday"],"opens":"09:00","closes":"17:00"}]},{"@type":"ImageObject","inLanguage":"de","@id":"https:\/\/www.eliassen.nl\/de\/holz-wandpaneel-elefant-190cm\/#local-main-organization-logo","url":"https:\/\/www.eliassen.nl\/wp-content\/uploads\/2024\/01\/logo_4nd.jpg","contentUrl":"https:\/\/www.eliassen.nl\/wp-content\/uploads\/2024\/01\/logo_4nd.jpg","width":500,"height":500,"caption":"Eliassen Home & Garden Pleasure"}]},"product_price_amount":"299.00","product_price_currency":"EUR","og_availability":"instock","product_availability":"instock","product_retailer_item_id":"17000053","product_condition":"new"},"df_price":299,"df_sale_price":"","df_regular_price":299,"df_image_link":"https:\/\/www.eliassen.nl\/wp-content\/uploads\/2025\/06\/houten-wandpaneel-olifant-Eliassen.nl_-300x300.png","image":"https:\/\/www.eliassen.nl\/wp-content\/uploads\/2025\/06\/houten-wandpaneel-olifant-Eliassen.nl_-150x150.png","price_search":"<span class=\"woocommerce-Price-amount amount\"><bdi><span class=\"woocommerce-Price-currencySymbol\">&euro;<\/span>&nbsp;299,00<\/bdi><\/span>","category":"Wanddekoration","global_unique_id":"6096521072095","_links":{"self":[{"href":"https:\/\/www.eliassen.nl\/de\/wp-json\/wp\/v2\/product\/186561","targetHints":{"allow":["GET"]}}],"collection":[{"href":"https:\/\/www.eliassen.nl\/de\/wp-json\/wp\/v2\/product"}],"about":[{"href":"https:\/\/www.eliassen.nl\/de\/wp-json\/wp\/v2\/types\/product"}],"wp:featuredmedia":[{"embeddable":true,"href":"https:\/\/www.eliassen.nl\/de\/wp-json\/wp\/v2\/media\/186250"}],"wp:attachment":[{"href":"https:\/\/www.eliassen.nl\/de\/wp-json\/wp\/v2\/media?parent=186561"}],"wp:term":[{"taxonomy":"product_brand","embeddable":true,"href":"https:\/\/www.eliassen.nl\/de\/wp-json\/wp\/v2\/product_brand?post=186561"},{"taxonomy":"product_cat","embeddable":true,"href":"https:\/\/www.eliassen.nl\/de\/wp-json\/wp\/v2\/product_cat?post=186561"},{"taxonomy":"product_tag","embeddable":true,"href":"https:\/\/www.eliassen.nl\/de\/wp-json\/wp\/v2\/product_tag?post=186561"}],"curies":[{"name":"wp","href":"https:\/\/api.w.org\/{rel}","templated":true}]}}