{"id":186468,"date":"2025-07-02T15:19:25","date_gmt":"2025-07-02T13:19:25","guid":{"rendered":"https:\/\/www.eliassen.nl\/product\/wandpaneel-gross-quadratisch-teak-150x150cm\/"},"modified":"2025-11-27T16:20:04","modified_gmt":"2025-11-27T15:20:04","slug":"wandpaneel-gross-quadratisch-teak-150x150cm","status":"publish","type":"product","link":"https:\/\/www.eliassen.nl\/de\/wandpaneel-gross-quadratisch-teak-150x150cm\/","title":{"rendered":"Wandpaneel gro\u00df Quadratisch Teak 150x150cm"},"content":{"rendered":"<p><span style=\"color: #000000; letter-spacing: 0.015em;\">Wandtafel aus Holz mit einer abstrakten Figur. Handgefertigt aus Teakholz. Abgebildet ist eine sch\u00f6ne abstrakte Zeichnung in einem gro\u00dfen quadratischen Rahmen. Viele Stunden Schnitzarbeit stecken in dieser Holztafel. Alles, was Sie sehen, jede Locke, jeder sch\u00f6ne Zweig, alles ist von Menschenhand gemacht.<\/span><\/p>\n<div id=\"tab-description\" class=\"tabs__panel\">\n<ul>\n<li>Gr\u00f6\u00dfe: 150x150cm<\/li>\n<li>2cm dickes Teakholz<\/li>\n<li>Ausgenommen<\/li>\n<li>schwerer Rahmen<\/li>\n<li>Original Schnitzereien<\/li>\n<li>Eigene Aktie<\/li>\n<\/ul>\n<\/div>\n<div id=\"tab-additional_information\" class=\"tabs__panel\"><\/div>\n<p>&nbsp;<\/p>\n","protected":false},"excerpt":{"rendered":"<p>Handgeschnitzt mit sch\u00f6nen Details.<br \/>\nDie Verwendung im Freien wird nicht empfohlen.<\/p>\n","protected":false},"featured_media":186072,"template":"","meta":{"_acf_changed":false,"_genesis_title":"","_genesis_description":""},"product_brand":[7505],"product_cat":[509,527],"product_tag":[],"class_list":{"0":"post-186468","1":"product","2":"type-product","3":"status-publish","4":"has-post-thumbnail","6":"product_brand-sonstige","7":"product_cat-wanddekoration","8":"product_cat-wandpaneele-aus-holz","10":"first","11":"instock","12":"taxable","13":"shipping-taxable","14":"purchasable","15":"product-type-simple"},"acf":[],"meta_all":{"total_sales":"0"},"meta_all_flat":{"total_sales":"0"},"yoast_head":"<!-- This site is optimized with the Yoast SEO Premium plugin v26.2 (Yoast SEO v27.2) - https:\/\/yoast.com\/product\/yoast-seo-premium-wordpress\/ -->\n<title>Sonstige Wandpaneel gro\u00df Quadratisch Teak 150x150cm - Eliassen.nl<\/title>\n<meta name=\"description\" content=\"Sind Sie auf der Suche nach einer sch\u00f6nen abstrakten Wanddekoration f\u00fcr Ihre gro\u00dfe Wand? Dieses abstrakte und dennoch detaillierte Modell ist riesig in Teakholz.\" \/>\n<meta name=\"robots\" content=\"index, follow, max-snippet:-1, max-image-preview:large, max-video-preview:-1\" \/>\n<link rel=\"canonical\" href=\"https:\/\/www.eliassen.nl\/de\/wandpaneel-gross-quadratisch-teak-150x150cm\/\" \/>\n<meta property=\"og:locale\" content=\"de_DE\" \/>\n<meta property=\"og:type\" content=\"article\" \/>\n<meta property=\"og:title\" content=\"Sonstige Wandpaneel gro\u00df Quadratisch Teak 150x150cm - Eliassen.nl\" \/>\n<meta property=\"og:description\" content=\"Sind Sie auf der Suche nach einer sch\u00f6nen abstrakten Wanddekoration f\u00fcr Ihre gro\u00dfe Wand? Dieses abstrakte und dennoch detaillierte Modell ist riesig in Teakholz.\" \/>\n<meta property=\"og:url\" content=\"https:\/\/www.eliassen.nl\/de\/wandpaneel-gross-quadratisch-teak-150x150cm\/\" \/>\n<meta property=\"og:site_name\" content=\"Eliassen.nl\" \/>\n<meta property=\"article:publisher\" content=\"https:\/\/www.facebook.com\/TuincentrumEliassenAmmerzoden\" \/>\n<meta property=\"article:modified_time\" content=\"2025-11-27T15:20:04+00:00\" \/>\n<meta property=\"og:image\" content=\"https:\/\/www.eliassen.nl\/wp-content\/uploads\/2025\/06\/Teakhouten-wandpaneel-150x150cm-Eliassen.nl-.jpg\" \/>\n\t<meta property=\"og:image:width\" content=\"1367\" \/>\n\t<meta property=\"og:image:height\" content=\"1553\" \/>\n\t<meta property=\"og:image:type\" content=\"image\/jpeg\" \/>\n<meta name=\"twitter:card\" content=\"summary_large_image\" \/>\n<script type=\"application\/ld+json\" class=\"yoast-schema-graph\">{\"@context\":\"https:\/\/schema.org\",\"@graph\":[{\"@type\":\"WebPage\",\"@id\":\"https:\/\/www.eliassen.nl\/de\/wandpaneel-gross-quadratisch-teak-150x150cm\/\",\"url\":\"https:\/\/www.eliassen.nl\/de\/wandpaneel-gross-quadratisch-teak-150x150cm\/\",\"name\":\"Sonstige Wandpaneel gro\u00df Quadratisch Teak 150x150cm - Eliassen.nl\",\"isPartOf\":{\"@id\":\"https:\/\/www.eliassen.nl\/de\/#website\"},\"primaryImageOfPage\":{\"@id\":\"https:\/\/www.eliassen.nl\/de\/wandpaneel-gross-quadratisch-teak-150x150cm\/#primaryimage\"},\"image\":{\"@id\":\"https:\/\/www.eliassen.nl\/de\/wandpaneel-gross-quadratisch-teak-150x150cm\/#primaryimage\"},\"thumbnailUrl\":\"https:\/\/www.eliassen.nl\/wp-content\/uploads\/2025\/06\/Teakhouten-wandpaneel-150x150cm-Eliassen.nl-.jpg\",\"datePublished\":\"2025-07-02T13:19:25+00:00\",\"dateModified\":\"2025-11-27T15:20:04+00:00\",\"description\":\"Sind Sie auf der Suche nach einer sch\u00f6nen abstrakten Wanddekoration f\u00fcr Ihre gro\u00dfe Wand? Dieses abstrakte und dennoch detaillierte Modell ist riesig in Teakholz.\",\"breadcrumb\":{\"@id\":\"https:\/\/www.eliassen.nl\/de\/wandpaneel-gross-quadratisch-teak-150x150cm\/#breadcrumb\"},\"inLanguage\":\"de\",\"potentialAction\":[{\"@type\":\"ReadAction\",\"target\":[\"https:\/\/www.eliassen.nl\/de\/wandpaneel-gross-quadratisch-teak-150x150cm\/\"]}]},{\"@type\":\"ImageObject\",\"inLanguage\":\"de\",\"@id\":\"https:\/\/www.eliassen.nl\/de\/wandpaneel-gross-quadratisch-teak-150x150cm\/#primaryimage\",\"url\":\"https:\/\/www.eliassen.nl\/wp-content\/uploads\/2025\/06\/Teakhouten-wandpaneel-150x150cm-Eliassen.nl-.jpg\",\"contentUrl\":\"https:\/\/www.eliassen.nl\/wp-content\/uploads\/2025\/06\/Teakhouten-wandpaneel-150x150cm-Eliassen.nl-.jpg\",\"width\":1367,\"height\":1553},{\"@type\":\"BreadcrumbList\",\"@id\":\"https:\/\/www.eliassen.nl\/de\/wandpaneel-gross-quadratisch-teak-150x150cm\/#breadcrumb\",\"itemListElement\":[{\"@type\":\"ListItem\",\"position\":1,\"name\":\"Home\",\"item\":\"https:\/\/www.eliassen.nl\/de\/\"},{\"@type\":\"ListItem\",\"position\":2,\"name\":\"Shop\",\"item\":\"https:\/\/www.eliassen.nl\/de\/shop\/\"},{\"@type\":\"ListItem\",\"position\":3,\"name\":\"Wanddekoration\",\"item\":\"https:\/\/www.eliassen.nl\/de\/wanddekoration\/\"},{\"@type\":\"ListItem\",\"position\":4,\"name\":\"Wandpaneele aus Holz\",\"item\":\"https:\/\/www.eliassen.nl\/de\/wanddekoration\/wandpaneele-aus-holz\/\"},{\"@type\":\"ListItem\",\"position\":5,\"name\":\"Wandpaneel gro\u00df Quadratisch Teak 150x150cm\"}]},{\"@type\":\"WebSite\",\"@id\":\"https:\/\/www.eliassen.nl\/de\/#website\",\"url\":\"https:\/\/www.eliassen.nl\/de\/\",\"name\":\"Eliassen Home & Garden Pleasure\",\"description\":\"\",\"publisher\":{\"@id\":\"https:\/\/www.eliassen.nl\/de\/#organization\"},\"alternateName\":\"Eliassen.nl\",\"potentialAction\":[{\"@type\":\"SearchAction\",\"target\":{\"@type\":\"EntryPoint\",\"urlTemplate\":\"https:\/\/www.eliassen.nl\/de\/?s={search_term_string}\"},\"query-input\":{\"@type\":\"PropertyValueSpecification\",\"valueRequired\":true,\"valueName\":\"search_term_string\"}}],\"inLanguage\":\"de\"},{\"@type\":[\"Organization\",\"Place\"],\"@id\":\"https:\/\/www.eliassen.nl\/de\/#organization\",\"name\":\"Eliassen Home & Garden Pleasure\",\"url\":\"https:\/\/www.eliassen.nl\/de\/\",\"logo\":{\"@id\":\"https:\/\/www.eliassen.nl\/de\/wandpaneel-gross-quadratisch-teak-150x150cm\/#local-main-organization-logo\"},\"image\":{\"@id\":\"https:\/\/www.eliassen.nl\/de\/wandpaneel-gross-quadratisch-teak-150x150cm\/#local-main-organization-logo\"},\"sameAs\":[\"https:\/\/www.facebook.com\/TuincentrumEliassenAmmerzoden\",\"https:\/\/www.instagram.com\/eliassenhomeandgarden\/\",\"https:\/\/nl.pinterest.com\/eliassenhomeandgarden\/\",\"https:\/\/www.youtube.com\/@eliassenhomegardenpleasure4558\"],\"telephone\":[],\"openingHoursSpecification\":[{\"@type\":\"OpeningHoursSpecification\",\"dayOfWeek\":[\"Monday\",\"Tuesday\",\"Wednesday\",\"Thursday\",\"Friday\",\"Saturday\",\"Sunday\"],\"opens\":\"09:00\",\"closes\":\"17:00\"}]},{\"@type\":\"ImageObject\",\"inLanguage\":\"de\",\"@id\":\"https:\/\/www.eliassen.nl\/de\/wandpaneel-gross-quadratisch-teak-150x150cm\/#local-main-organization-logo\",\"url\":\"https:\/\/www.eliassen.nl\/wp-content\/uploads\/2024\/01\/logo_4nd.jpg\",\"contentUrl\":\"https:\/\/www.eliassen.nl\/wp-content\/uploads\/2024\/01\/logo_4nd.jpg\",\"width\":500,\"height\":500,\"caption\":\"Eliassen Home & Garden Pleasure\"}]}<\/script>\n<meta property=\"product:price:amount\" content=\"1499.00\" \/>\n<meta property=\"product:price:currency\" content=\"EUR\" \/>\n<meta property=\"og:availability\" content=\"instock\" \/>\n<meta property=\"product:availability\" content=\"instock\" \/>\n<meta property=\"product:retailer_item_id\" content=\"258963\" \/>\n<meta property=\"product:condition\" content=\"new\" \/>\n<!-- \/ Yoast SEO Premium plugin. -->","yoast_head_json":{"title":"Sonstige Wandpaneel gro\u00df Quadratisch Teak 150x150cm - Eliassen.nl","description":"Sind Sie auf der Suche nach einer sch\u00f6nen abstrakten Wanddekoration f\u00fcr Ihre gro\u00dfe Wand? Dieses abstrakte und dennoch detaillierte Modell ist riesig in Teakholz.","robots":{"index":"index","follow":"follow","max-snippet":"max-snippet:-1","max-image-preview":"max-image-preview:large","max-video-preview":"max-video-preview:-1"},"canonical":"https:\/\/www.eliassen.nl\/de\/wandpaneel-gross-quadratisch-teak-150x150cm\/","og_locale":"de_DE","og_type":"article","og_title":"Sonstige Wandpaneel gro\u00df Quadratisch Teak 150x150cm - Eliassen.nl","og_description":"Sind Sie auf der Suche nach einer sch\u00f6nen abstrakten Wanddekoration f\u00fcr Ihre gro\u00dfe Wand? Dieses abstrakte und dennoch detaillierte Modell ist riesig in Teakholz.","og_url":"https:\/\/www.eliassen.nl\/de\/wandpaneel-gross-quadratisch-teak-150x150cm\/","og_site_name":"Eliassen.nl","article_publisher":"https:\/\/www.facebook.com\/TuincentrumEliassenAmmerzoden","article_modified_time":"2025-11-27T15:20:04+00:00","og_image":[{"width":1367,"height":1553,"url":"https:\/\/www.eliassen.nl\/wp-content\/uploads\/2025\/06\/Teakhouten-wandpaneel-150x150cm-Eliassen.nl-.jpg","type":"image\/jpeg"}],"twitter_card":"summary_large_image","schema":{"@context":"https:\/\/schema.org","@graph":[{"@type":"WebPage","@id":"https:\/\/www.eliassen.nl\/de\/wandpaneel-gross-quadratisch-teak-150x150cm\/","url":"https:\/\/www.eliassen.nl\/de\/wandpaneel-gross-quadratisch-teak-150x150cm\/","name":"Sonstige Wandpaneel gro\u00df Quadratisch Teak 150x150cm - Eliassen.nl","isPartOf":{"@id":"https:\/\/www.eliassen.nl\/de\/#website"},"primaryImageOfPage":{"@id":"https:\/\/www.eliassen.nl\/de\/wandpaneel-gross-quadratisch-teak-150x150cm\/#primaryimage"},"image":{"@id":"https:\/\/www.eliassen.nl\/de\/wandpaneel-gross-quadratisch-teak-150x150cm\/#primaryimage"},"thumbnailUrl":"https:\/\/www.eliassen.nl\/wp-content\/uploads\/2025\/06\/Teakhouten-wandpaneel-150x150cm-Eliassen.nl-.jpg","datePublished":"2025-07-02T13:19:25+00:00","dateModified":"2025-11-27T15:20:04+00:00","description":"Sind Sie auf der Suche nach einer sch\u00f6nen abstrakten Wanddekoration f\u00fcr Ihre gro\u00dfe Wand? Dieses abstrakte und dennoch detaillierte Modell ist riesig in Teakholz.","breadcrumb":{"@id":"https:\/\/www.eliassen.nl\/de\/wandpaneel-gross-quadratisch-teak-150x150cm\/#breadcrumb"},"inLanguage":"de","potentialAction":[{"@type":"ReadAction","target":["https:\/\/www.eliassen.nl\/de\/wandpaneel-gross-quadratisch-teak-150x150cm\/"]}]},{"@type":"ImageObject","inLanguage":"de","@id":"https:\/\/www.eliassen.nl\/de\/wandpaneel-gross-quadratisch-teak-150x150cm\/#primaryimage","url":"https:\/\/www.eliassen.nl\/wp-content\/uploads\/2025\/06\/Teakhouten-wandpaneel-150x150cm-Eliassen.nl-.jpg","contentUrl":"https:\/\/www.eliassen.nl\/wp-content\/uploads\/2025\/06\/Teakhouten-wandpaneel-150x150cm-Eliassen.nl-.jpg","width":1367,"height":1553},{"@type":"BreadcrumbList","@id":"https:\/\/www.eliassen.nl\/de\/wandpaneel-gross-quadratisch-teak-150x150cm\/#breadcrumb","itemListElement":[{"@type":"ListItem","position":1,"name":"Home","item":"https:\/\/www.eliassen.nl\/de\/"},{"@type":"ListItem","position":2,"name":"Shop","item":"https:\/\/www.eliassen.nl\/de\/shop\/"},{"@type":"ListItem","position":3,"name":"Wanddekoration","item":"https:\/\/www.eliassen.nl\/de\/wanddekoration\/"},{"@type":"ListItem","position":4,"name":"Wandpaneele aus Holz","item":"https:\/\/www.eliassen.nl\/de\/wanddekoration\/wandpaneele-aus-holz\/"},{"@type":"ListItem","position":5,"name":"Wandpaneel gro\u00df Quadratisch Teak 150x150cm"}]},{"@type":"WebSite","@id":"https:\/\/www.eliassen.nl\/de\/#website","url":"https:\/\/www.eliassen.nl\/de\/","name":"Eliassen Home & Garden Pleasure","description":"","publisher":{"@id":"https:\/\/www.eliassen.nl\/de\/#organization"},"alternateName":"Eliassen.nl","potentialAction":[{"@type":"SearchAction","target":{"@type":"EntryPoint","urlTemplate":"https:\/\/www.eliassen.nl\/de\/?s={search_term_string}"},"query-input":{"@type":"PropertyValueSpecification","valueRequired":true,"valueName":"search_term_string"}}],"inLanguage":"de"},{"@type":["Organization","Place"],"@id":"https:\/\/www.eliassen.nl\/de\/#organization","name":"Eliassen Home & Garden Pleasure","url":"https:\/\/www.eliassen.nl\/de\/","logo":{"@id":"https:\/\/www.eliassen.nl\/de\/wandpaneel-gross-quadratisch-teak-150x150cm\/#local-main-organization-logo"},"image":{"@id":"https:\/\/www.eliassen.nl\/de\/wandpaneel-gross-quadratisch-teak-150x150cm\/#local-main-organization-logo"},"sameAs":["https:\/\/www.facebook.com\/TuincentrumEliassenAmmerzoden","https:\/\/www.instagram.com\/eliassenhomeandgarden\/","https:\/\/nl.pinterest.com\/eliassenhomeandgarden\/","https:\/\/www.youtube.com\/@eliassenhomegardenpleasure4558"],"telephone":[],"openingHoursSpecification":[{"@type":"OpeningHoursSpecification","dayOfWeek":["Monday","Tuesday","Wednesday","Thursday","Friday","Saturday","Sunday"],"opens":"09:00","closes":"17:00"}]},{"@type":"ImageObject","inLanguage":"de","@id":"https:\/\/www.eliassen.nl\/de\/wandpaneel-gross-quadratisch-teak-150x150cm\/#local-main-organization-logo","url":"https:\/\/www.eliassen.nl\/wp-content\/uploads\/2024\/01\/logo_4nd.jpg","contentUrl":"https:\/\/www.eliassen.nl\/wp-content\/uploads\/2024\/01\/logo_4nd.jpg","width":500,"height":500,"caption":"Eliassen Home & Garden Pleasure"}]},"product_price_amount":"1499.00","product_price_currency":"EUR","og_availability":"instock","product_availability":"instock","product_retailer_item_id":"258963","product_condition":"new"},"df_price":1499,"df_sale_price":"","df_regular_price":1499,"df_image_link":"https:\/\/www.eliassen.nl\/wp-content\/uploads\/2025\/06\/Teakhouten-wandpaneel-150x150cm-Eliassen.nl--264x300.jpg","image":"https:\/\/www.eliassen.nl\/wp-content\/uploads\/2025\/06\/Teakhouten-wandpaneel-150x150cm-Eliassen.nl--150x150.jpg","price_search":"<span class=\"woocommerce-Price-amount amount\"><bdi><span class=\"woocommerce-Price-currencySymbol\">&euro;<\/span>&nbsp;1.499,00<\/bdi><\/span>","category":"Wanddekoration","global_unique_id":"6096539143169","_links":{"self":[{"href":"https:\/\/www.eliassen.nl\/de\/wp-json\/wp\/v2\/product\/186468","targetHints":{"allow":["GET"]}}],"collection":[{"href":"https:\/\/www.eliassen.nl\/de\/wp-json\/wp\/v2\/product"}],"about":[{"href":"https:\/\/www.eliassen.nl\/de\/wp-json\/wp\/v2\/types\/product"}],"wp:featuredmedia":[{"embeddable":true,"href":"https:\/\/www.eliassen.nl\/de\/wp-json\/wp\/v2\/media\/186072"}],"wp:attachment":[{"href":"https:\/\/www.eliassen.nl\/de\/wp-json\/wp\/v2\/media?parent=186468"}],"wp:term":[{"taxonomy":"product_brand","embeddable":true,"href":"https:\/\/www.eliassen.nl\/de\/wp-json\/wp\/v2\/product_brand?post=186468"},{"taxonomy":"product_cat","embeddable":true,"href":"https:\/\/www.eliassen.nl\/de\/wp-json\/wp\/v2\/product_cat?post=186468"},{"taxonomy":"product_tag","embeddable":true,"href":"https:\/\/www.eliassen.nl\/de\/wp-json\/wp\/v2\/product_tag?post=186468"}],"curies":[{"name":"wp","href":"https:\/\/api.w.org\/{rel}","templated":true}]}}