{"id":186012,"date":"2025-06-27T14:02:56","date_gmt":"2025-06-27T12:02:56","guid":{"rendered":"https:\/\/www.eliassen.nl\/product\/wasserplattform-basalt-15cm-dick-70cm\/"},"modified":"2026-01-16T16:05:23","modified_gmt":"2026-01-16T15:05:23","slug":"wasserplattform-basalt-15cm-dick-70cm","status":"publish","type":"product","link":"https:\/\/www.eliassen.nl\/de\/wasserplattform-basalt-15cm-dick-70cm\/","title":{"rendered":"Wasserplattform Basalt 15cm dick 70cm"},"content":{"rendered":"<p><strong>Es handelt sich um ein loses Ornament. Erkundigen Sie sich nach den anderen ben\u00f6tigten Teilen.<\/strong><\/p>\n<p>Wasserplattform aus Basaltstein, mit polierter und ausgeh\u00f6hlter Oberseite. Eine LED-Leuchte kann in diesen niedrigen Wassertisch gestellt werden, aber er wird noch sch\u00f6ner, wenn er mit einem Strahler beleuchtet wird. Diese Basaltsteine kommen wie in der Natur vor und k\u00f6nnen daher in Form und Farbe variieren. Wahrlich ein Set f\u00fcr Liebhaber des nat\u00fcrlichen Looks. Wenn das Plateau nass arbeitet, dunkelt es ein wenig nach (siehe Foto).<\/p>\n<p>Die Ma\u00dfe dieses Tabletts sind ca. 70 cm und ca. 15 cm hoch.<em>  Gibt es nur bei uns zu kaufen.<\/em><\/p>\n<p>Diese Wasserplattform bietet das Beste aus beiden Welten. An der Oberseite poliert und an den Seiten im Originalzustand erhalten. Sind Sie auf der Suche nach einem nat\u00fcrlichen Wasserornament oder Springbrunnen? Bei diesem Ornament handelt es sich um ein echtes Naturprodukt aus Basaltstein, bei dem die Sch\u00f6nheit des Steintyps unber\u00fchrt geblieben ist.<\/p>\n<ul>\n<li>Exklusives Naturprodukt<\/li>\n<li>Dicke ca. 15cm<\/li>\n<li>Durchmesser ca. 70cm<\/li>\n<li>Ab Lager verf\u00fcgbar<\/li>\n<li>Dies ist ein loses Ornament, bitte erkundigen Sie sich nach weiteren Lieferungen.<\/li>\n<\/ul>\n","protected":false},"excerpt":{"rendered":"<p>Es handelt sich um ein loses Ornament. Erkundigen Sie sich nach den anderen ben\u00f6tigten Teilen.<\/p>\n","protected":false},"featured_media":185698,"template":"","meta":{"_acf_changed":false,"_genesis_title":"","_genesis_description":""},"product_brand":[7505],"product_cat":[539,551,536],"product_tag":[],"class_list":{"0":"post-186012","1":"product","2":"type-product","3":"status-publish","4":"has-post-thumbnail","6":"product_brand-sonstige","7":"product_cat-einzigartige-eigene-modelle-von-losen-wasserspiele","8":"product_cat-lose-wasserspiele","9":"product_cat-wassereigenschaften","11":"first","12":"instock","13":"taxable","14":"shipping-taxable","15":"purchasable","16":"product-type-simple"},"acf":[],"meta_all":{"total_sales":"0","cor_restricted_countries":[]},"meta_all_flat":{"total_sales":"0"},"yoast_head":"<!-- This site is optimized with the Yoast SEO Premium plugin v26.2 (Yoast SEO v27.2) - https:\/\/yoast.com\/product\/yoast-seo-premium-wordpress\/ -->\n<title>Sonstige Wasserplattform Basalt 15cm dick 70cm - Eliassen.nl<\/title>\n<meta name=\"description\" content=\"Ein sch\u00f6nes, raues St\u00fcck Basaltstein, das sich wunderbar als Wasserplattform eignet. Schauen Sie sich die verschiedenen Modelle an und informieren Sie sich.\" \/>\n<meta name=\"robots\" content=\"index, follow, max-snippet:-1, max-image-preview:large, max-video-preview:-1\" \/>\n<link rel=\"canonical\" href=\"https:\/\/www.eliassen.nl\/de\/wasserplattform-basalt-15cm-dick-70cm\/\" \/>\n<meta property=\"og:locale\" content=\"de_DE\" \/>\n<meta property=\"og:type\" content=\"article\" \/>\n<meta property=\"og:title\" content=\"Sonstige Wasserplattform Basalt 15cm dick 70cm - Eliassen.nl\" \/>\n<meta property=\"og:description\" content=\"Ein sch\u00f6nes, raues St\u00fcck Basaltstein, das sich wunderbar als Wasserplattform eignet. Schauen Sie sich die verschiedenen Modelle an und informieren Sie sich.\" \/>\n<meta property=\"og:url\" content=\"https:\/\/www.eliassen.nl\/de\/wasserplattform-basalt-15cm-dick-70cm\/\" \/>\n<meta property=\"og:site_name\" content=\"Eliassen.nl\" \/>\n<meta property=\"article:publisher\" content=\"https:\/\/www.facebook.com\/TuincentrumEliassenAmmerzoden\" \/>\n<meta property=\"article:modified_time\" content=\"2026-01-16T15:05:23+00:00\" \/>\n<meta property=\"og:image\" content=\"https:\/\/www.eliassen.nl\/wp-content\/uploads\/2025\/06\/waterplateau-basalt-Eliassen.nl_.jpeg\" \/>\n\t<meta property=\"og:image:width\" content=\"1573\" \/>\n\t<meta property=\"og:image:height\" content=\"1853\" \/>\n\t<meta property=\"og:image:type\" content=\"image\/jpeg\" \/>\n<meta name=\"twitter:card\" content=\"summary_large_image\" \/>\n<script type=\"application\/ld+json\" class=\"yoast-schema-graph\">{\"@context\":\"https:\/\/schema.org\",\"@graph\":[{\"@type\":\"WebPage\",\"@id\":\"https:\/\/www.eliassen.nl\/de\/wasserplattform-basalt-15cm-dick-70cm\/\",\"url\":\"https:\/\/www.eliassen.nl\/de\/wasserplattform-basalt-15cm-dick-70cm\/\",\"name\":\"Sonstige Wasserplattform Basalt 15cm dick 70cm - Eliassen.nl\",\"isPartOf\":{\"@id\":\"https:\/\/www.eliassen.nl\/de\/#website\"},\"primaryImageOfPage\":{\"@id\":\"https:\/\/www.eliassen.nl\/de\/wasserplattform-basalt-15cm-dick-70cm\/#primaryimage\"},\"image\":{\"@id\":\"https:\/\/www.eliassen.nl\/de\/wasserplattform-basalt-15cm-dick-70cm\/#primaryimage\"},\"thumbnailUrl\":\"https:\/\/www.eliassen.nl\/wp-content\/uploads\/2025\/06\/waterplateau-basalt-Eliassen.nl_.jpeg\",\"datePublished\":\"2025-06-27T12:02:56+00:00\",\"dateModified\":\"2026-01-16T15:05:23+00:00\",\"description\":\"Ein sch\u00f6nes, raues St\u00fcck Basaltstein, das sich wunderbar als Wasserplattform eignet. Schauen Sie sich die verschiedenen Modelle an und informieren Sie sich.\",\"breadcrumb\":{\"@id\":\"https:\/\/www.eliassen.nl\/de\/wasserplattform-basalt-15cm-dick-70cm\/#breadcrumb\"},\"inLanguage\":\"de\",\"potentialAction\":[{\"@type\":\"ReadAction\",\"target\":[\"https:\/\/www.eliassen.nl\/de\/wasserplattform-basalt-15cm-dick-70cm\/\"]}]},{\"@type\":\"ImageObject\",\"inLanguage\":\"de\",\"@id\":\"https:\/\/www.eliassen.nl\/de\/wasserplattform-basalt-15cm-dick-70cm\/#primaryimage\",\"url\":\"https:\/\/www.eliassen.nl\/wp-content\/uploads\/2025\/06\/waterplateau-basalt-Eliassen.nl_.jpeg\",\"contentUrl\":\"https:\/\/www.eliassen.nl\/wp-content\/uploads\/2025\/06\/waterplateau-basalt-Eliassen.nl_.jpeg\",\"width\":1573,\"height\":1853},{\"@type\":\"BreadcrumbList\",\"@id\":\"https:\/\/www.eliassen.nl\/de\/wasserplattform-basalt-15cm-dick-70cm\/#breadcrumb\",\"itemListElement\":[{\"@type\":\"ListItem\",\"position\":1,\"name\":\"Home\",\"item\":\"https:\/\/www.eliassen.nl\/de\/\"},{\"@type\":\"ListItem\",\"position\":2,\"name\":\"Shop\",\"item\":\"https:\/\/www.eliassen.nl\/de\/shop\/\"},{\"@type\":\"ListItem\",\"position\":3,\"name\":\"Wasserspiele\",\"item\":\"https:\/\/www.eliassen.nl\/de\/wassereigenschaften\/\"},{\"@type\":\"ListItem\",\"position\":4,\"name\":\"Wasserplattform Basalt 15cm dick 70cm\"}]},{\"@type\":\"WebSite\",\"@id\":\"https:\/\/www.eliassen.nl\/de\/#website\",\"url\":\"https:\/\/www.eliassen.nl\/de\/\",\"name\":\"Eliassen Home & Garden Pleasure\",\"description\":\"\",\"publisher\":{\"@id\":\"https:\/\/www.eliassen.nl\/de\/#organization\"},\"alternateName\":\"Eliassen.nl\",\"potentialAction\":[{\"@type\":\"SearchAction\",\"target\":{\"@type\":\"EntryPoint\",\"urlTemplate\":\"https:\/\/www.eliassen.nl\/de\/?s={search_term_string}\"},\"query-input\":{\"@type\":\"PropertyValueSpecification\",\"valueRequired\":true,\"valueName\":\"search_term_string\"}}],\"inLanguage\":\"de\"},{\"@type\":[\"Organization\",\"Place\"],\"@id\":\"https:\/\/www.eliassen.nl\/de\/#organization\",\"name\":\"Eliassen Home & Garden Pleasure\",\"url\":\"https:\/\/www.eliassen.nl\/de\/\",\"logo\":{\"@id\":\"https:\/\/www.eliassen.nl\/de\/wasserplattform-basalt-15cm-dick-70cm\/#local-main-organization-logo\"},\"image\":{\"@id\":\"https:\/\/www.eliassen.nl\/de\/wasserplattform-basalt-15cm-dick-70cm\/#local-main-organization-logo\"},\"sameAs\":[\"https:\/\/www.facebook.com\/TuincentrumEliassenAmmerzoden\",\"https:\/\/www.instagram.com\/eliassenhomeandgarden\/\",\"https:\/\/nl.pinterest.com\/eliassenhomeandgarden\/\",\"https:\/\/www.youtube.com\/@eliassenhomegardenpleasure4558\"],\"telephone\":[],\"openingHoursSpecification\":[{\"@type\":\"OpeningHoursSpecification\",\"dayOfWeek\":[\"Monday\",\"Tuesday\",\"Wednesday\",\"Thursday\",\"Friday\",\"Saturday\",\"Sunday\"],\"opens\":\"09:00\",\"closes\":\"17:00\"}]},{\"@type\":\"ImageObject\",\"inLanguage\":\"de\",\"@id\":\"https:\/\/www.eliassen.nl\/de\/wasserplattform-basalt-15cm-dick-70cm\/#local-main-organization-logo\",\"url\":\"https:\/\/www.eliassen.nl\/wp-content\/uploads\/2024\/01\/logo_4nd.jpg\",\"contentUrl\":\"https:\/\/www.eliassen.nl\/wp-content\/uploads\/2024\/01\/logo_4nd.jpg\",\"width\":500,\"height\":500,\"caption\":\"Eliassen Home & Garden Pleasure\"}]}<\/script>\n<meta property=\"product:price:amount\" content=\"475.00\" \/>\n<meta property=\"product:price:currency\" content=\"EUR\" \/>\n<meta property=\"og:availability\" content=\"instock\" \/>\n<meta property=\"product:availability\" content=\"instock\" \/>\n<meta property=\"product:retailer_item_id\" content=\"33287\" \/>\n<meta property=\"product:condition\" content=\"new\" \/>\n<!-- \/ Yoast SEO Premium plugin. -->","yoast_head_json":{"title":"Sonstige Wasserplattform Basalt 15cm dick 70cm - Eliassen.nl","description":"Ein sch\u00f6nes, raues St\u00fcck Basaltstein, das sich wunderbar als Wasserplattform eignet. Schauen Sie sich die verschiedenen Modelle an und informieren Sie sich.","robots":{"index":"index","follow":"follow","max-snippet":"max-snippet:-1","max-image-preview":"max-image-preview:large","max-video-preview":"max-video-preview:-1"},"canonical":"https:\/\/www.eliassen.nl\/de\/wasserplattform-basalt-15cm-dick-70cm\/","og_locale":"de_DE","og_type":"article","og_title":"Sonstige Wasserplattform Basalt 15cm dick 70cm - Eliassen.nl","og_description":"Ein sch\u00f6nes, raues St\u00fcck Basaltstein, das sich wunderbar als Wasserplattform eignet. Schauen Sie sich die verschiedenen Modelle an und informieren Sie sich.","og_url":"https:\/\/www.eliassen.nl\/de\/wasserplattform-basalt-15cm-dick-70cm\/","og_site_name":"Eliassen.nl","article_publisher":"https:\/\/www.facebook.com\/TuincentrumEliassenAmmerzoden","article_modified_time":"2026-01-16T15:05:23+00:00","og_image":[{"width":1573,"height":1853,"url":"https:\/\/www.eliassen.nl\/wp-content\/uploads\/2025\/06\/waterplateau-basalt-Eliassen.nl_.jpeg","type":"image\/jpeg"}],"twitter_card":"summary_large_image","schema":{"@context":"https:\/\/schema.org","@graph":[{"@type":"WebPage","@id":"https:\/\/www.eliassen.nl\/de\/wasserplattform-basalt-15cm-dick-70cm\/","url":"https:\/\/www.eliassen.nl\/de\/wasserplattform-basalt-15cm-dick-70cm\/","name":"Sonstige Wasserplattform Basalt 15cm dick 70cm - Eliassen.nl","isPartOf":{"@id":"https:\/\/www.eliassen.nl\/de\/#website"},"primaryImageOfPage":{"@id":"https:\/\/www.eliassen.nl\/de\/wasserplattform-basalt-15cm-dick-70cm\/#primaryimage"},"image":{"@id":"https:\/\/www.eliassen.nl\/de\/wasserplattform-basalt-15cm-dick-70cm\/#primaryimage"},"thumbnailUrl":"https:\/\/www.eliassen.nl\/wp-content\/uploads\/2025\/06\/waterplateau-basalt-Eliassen.nl_.jpeg","datePublished":"2025-06-27T12:02:56+00:00","dateModified":"2026-01-16T15:05:23+00:00","description":"Ein sch\u00f6nes, raues St\u00fcck Basaltstein, das sich wunderbar als Wasserplattform eignet. Schauen Sie sich die verschiedenen Modelle an und informieren Sie sich.","breadcrumb":{"@id":"https:\/\/www.eliassen.nl\/de\/wasserplattform-basalt-15cm-dick-70cm\/#breadcrumb"},"inLanguage":"de","potentialAction":[{"@type":"ReadAction","target":["https:\/\/www.eliassen.nl\/de\/wasserplattform-basalt-15cm-dick-70cm\/"]}]},{"@type":"ImageObject","inLanguage":"de","@id":"https:\/\/www.eliassen.nl\/de\/wasserplattform-basalt-15cm-dick-70cm\/#primaryimage","url":"https:\/\/www.eliassen.nl\/wp-content\/uploads\/2025\/06\/waterplateau-basalt-Eliassen.nl_.jpeg","contentUrl":"https:\/\/www.eliassen.nl\/wp-content\/uploads\/2025\/06\/waterplateau-basalt-Eliassen.nl_.jpeg","width":1573,"height":1853},{"@type":"BreadcrumbList","@id":"https:\/\/www.eliassen.nl\/de\/wasserplattform-basalt-15cm-dick-70cm\/#breadcrumb","itemListElement":[{"@type":"ListItem","position":1,"name":"Home","item":"https:\/\/www.eliassen.nl\/de\/"},{"@type":"ListItem","position":2,"name":"Shop","item":"https:\/\/www.eliassen.nl\/de\/shop\/"},{"@type":"ListItem","position":3,"name":"Wasserspiele","item":"https:\/\/www.eliassen.nl\/de\/wassereigenschaften\/"},{"@type":"ListItem","position":4,"name":"Wasserplattform Basalt 15cm dick 70cm"}]},{"@type":"WebSite","@id":"https:\/\/www.eliassen.nl\/de\/#website","url":"https:\/\/www.eliassen.nl\/de\/","name":"Eliassen Home & Garden Pleasure","description":"","publisher":{"@id":"https:\/\/www.eliassen.nl\/de\/#organization"},"alternateName":"Eliassen.nl","potentialAction":[{"@type":"SearchAction","target":{"@type":"EntryPoint","urlTemplate":"https:\/\/www.eliassen.nl\/de\/?s={search_term_string}"},"query-input":{"@type":"PropertyValueSpecification","valueRequired":true,"valueName":"search_term_string"}}],"inLanguage":"de"},{"@type":["Organization","Place"],"@id":"https:\/\/www.eliassen.nl\/de\/#organization","name":"Eliassen Home & Garden Pleasure","url":"https:\/\/www.eliassen.nl\/de\/","logo":{"@id":"https:\/\/www.eliassen.nl\/de\/wasserplattform-basalt-15cm-dick-70cm\/#local-main-organization-logo"},"image":{"@id":"https:\/\/www.eliassen.nl\/de\/wasserplattform-basalt-15cm-dick-70cm\/#local-main-organization-logo"},"sameAs":["https:\/\/www.facebook.com\/TuincentrumEliassenAmmerzoden","https:\/\/www.instagram.com\/eliassenhomeandgarden\/","https:\/\/nl.pinterest.com\/eliassenhomeandgarden\/","https:\/\/www.youtube.com\/@eliassenhomegardenpleasure4558"],"telephone":[],"openingHoursSpecification":[{"@type":"OpeningHoursSpecification","dayOfWeek":["Monday","Tuesday","Wednesday","Thursday","Friday","Saturday","Sunday"],"opens":"09:00","closes":"17:00"}]},{"@type":"ImageObject","inLanguage":"de","@id":"https:\/\/www.eliassen.nl\/de\/wasserplattform-basalt-15cm-dick-70cm\/#local-main-organization-logo","url":"https:\/\/www.eliassen.nl\/wp-content\/uploads\/2024\/01\/logo_4nd.jpg","contentUrl":"https:\/\/www.eliassen.nl\/wp-content\/uploads\/2024\/01\/logo_4nd.jpg","width":500,"height":500,"caption":"Eliassen Home & Garden Pleasure"}]},"product_price_amount":"475.00","product_price_currency":"EUR","og_availability":"instock","product_availability":"instock","product_retailer_item_id":"33287","product_condition":"new"},"df_price":475,"df_sale_price":"","df_regular_price":475,"df_image_link":"https:\/\/www.eliassen.nl\/wp-content\/uploads\/2025\/06\/waterplateau-basalt-Eliassen.nl_-255x300.jpeg","image":"https:\/\/www.eliassen.nl\/wp-content\/uploads\/2025\/06\/waterplateau-basalt-Eliassen.nl_-150x150.jpeg","price_search":"<span class=\"woocommerce-Price-amount amount\"><bdi><span class=\"woocommerce-Price-currencySymbol\">&euro;<\/span>&nbsp;475,00<\/bdi><\/span>","category":"Einzigartige eigene Modelle von losen Wasserspielen","global_unique_id":"6096537984993","_links":{"self":[{"href":"https:\/\/www.eliassen.nl\/de\/wp-json\/wp\/v2\/product\/186012","targetHints":{"allow":["GET"]}}],"collection":[{"href":"https:\/\/www.eliassen.nl\/de\/wp-json\/wp\/v2\/product"}],"about":[{"href":"https:\/\/www.eliassen.nl\/de\/wp-json\/wp\/v2\/types\/product"}],"wp:featuredmedia":[{"embeddable":true,"href":"https:\/\/www.eliassen.nl\/de\/wp-json\/wp\/v2\/media\/185698"}],"wp:attachment":[{"href":"https:\/\/www.eliassen.nl\/de\/wp-json\/wp\/v2\/media?parent=186012"}],"wp:term":[{"taxonomy":"product_brand","embeddable":true,"href":"https:\/\/www.eliassen.nl\/de\/wp-json\/wp\/v2\/product_brand?post=186012"},{"taxonomy":"product_cat","embeddable":true,"href":"https:\/\/www.eliassen.nl\/de\/wp-json\/wp\/v2\/product_cat?post=186012"},{"taxonomy":"product_tag","embeddable":true,"href":"https:\/\/www.eliassen.nl\/de\/wp-json\/wp\/v2\/product_tag?post=186012"}],"curies":[{"name":"wp","href":"https:\/\/api.w.org\/{rel}","templated":true}]}}