{"id":185691,"date":"2025-06-04T14:45:21","date_gmt":"2025-06-04T12:45:21","guid":{"rendered":"https:\/\/www.eliassen.nl\/product\/gartenbank-basalt-danny-150cm\/"},"modified":"2026-01-16T16:08:19","modified_gmt":"2026-01-16T15:08:19","slug":"gartenbank-basalt-danny-150cm","status":"publish","type":"product","link":"https:\/\/www.eliassen.nl\/de\/gartenbank-basalt-danny-150cm\/","title":{"rendered":"Gartenbank Basalt Danny 150cm"},"content":{"rendered":"<p>Wenn Sie sich ein Gartenm\u00f6bel oder eine Gartenbank w\u00fcnschen, die ein Leben lang h\u00e4lt und eine schlichte Form hat, dann ist dieses Modell einer Gartenbank aus massivem Basaltstein genau das Richtige f\u00fcr Sie.<br \/>\nDieses Gartenm\u00f6belst\u00fcck ist bei normalem Gebrauch unverw\u00fcstlich und sieht in G\u00e4rten mit vielen Pflanzen gro\u00dfartig aus. Diese Bank hat eine einzigartige Form, da sie aus einem gro\u00dfen St\u00fcck Basaltstein gefertigt wurde. Dieses Modell hat einen eleganten\/modernen Charakter und Look.<\/p>\n<p>Da es sich um ein Naturprodukt handelt, kann das Foto in der Farbe variieren. Diese Bank f\u00fcgt sich perfekt in den Rest Ihres gr\u00fcnen Gartens ein.<\/p>\n<p>Diese Gartenbank wird als Set geliefert, das aus mehreren Teilen besteht.<\/p>\n<p><strong>Kann live angesehen werden<\/strong><\/p>\n<p>&nbsp;<\/p>\n<ul>\n<li>Gr\u00f6\u00dfe: ca. 150cm breit, 45cm tief und 70cm hoch<\/li>\n<li>Die Sitzfl\u00e4che der Bank und der \u201eTisch\u201c sind poliert<\/li>\n<li>Dicke der Oberseite ca. 4,5 cm<\/li>\n<li>Verpackt in einer Holzkiste.<\/li>\n<li>Nirgendwo sonst zu verkaufen.<\/li>\n<\/ul>\n","protected":false},"excerpt":{"rendered":"<p>\u2714 Sehr lange Lebensdauer \u2714 Sehr hohe Qualit\u00e4t<\/p>\n","protected":false},"featured_media":180158,"template":"","meta":{"_acf_changed":false,"_genesis_title":"","_genesis_description":""},"product_brand":[6916],"product_cat":[806,761,752],"product_tag":[],"class_list":{"0":"post-185691","1":"product","2":"type-product","3":"status-publish","4":"has-post-thumbnail","6":"product_brand-eliassen-de","7":"product_cat-gartenbaenke","8":"product_cat-gartenmoebel","9":"product_cat-weitere-artikel","11":"first","12":"instock","13":"taxable","14":"shipping-taxable","15":"purchasable","16":"product-type-simple"},"acf":[],"meta_all":{"total_sales":"1","cor_restricted_countries":[]},"meta_all_flat":{"total_sales":"1"},"yoast_head":"<!-- This site is optimized with the Yoast SEO Premium plugin v26.2 (Yoast SEO v27.2) - https:\/\/yoast.com\/product\/yoast-seo-premium-wordpress\/ -->\n<title>Eliassen Gartenbank Basalt Danny 150cm - Eliassen.nl<\/title>\n<meta name=\"description\" content=\"Suchen Sie eine Gartenbank mit einem einzigartigen Design? Diese Gartenbank aus Basaltstein mit sehr langer Lebensdauer wird in Ihrem Garten wundersch\u00f6n aussehen. Hohe Qualit\u00e4t und schnelle Lieferung.\" \/>\n<meta name=\"robots\" content=\"index, follow, max-snippet:-1, max-image-preview:large, max-video-preview:-1\" \/>\n<link rel=\"canonical\" href=\"https:\/\/www.eliassen.nl\/de\/gartenbank-basalt-danny-150cm\/\" \/>\n<meta property=\"og:locale\" content=\"de_DE\" \/>\n<meta property=\"og:type\" content=\"article\" \/>\n<meta property=\"og:title\" content=\"Eliassen Gartenbank Basalt Danny 150cm - Eliassen.nl\" \/>\n<meta property=\"og:description\" content=\"Suchen Sie eine Gartenbank mit einem einzigartigen Design? Diese Gartenbank aus Basaltstein mit sehr langer Lebensdauer wird in Ihrem Garten wundersch\u00f6n aussehen. Hohe Qualit\u00e4t und schnelle Lieferung.\" \/>\n<meta property=\"og:url\" content=\"https:\/\/www.eliassen.nl\/de\/gartenbank-basalt-danny-150cm\/\" \/>\n<meta property=\"og:site_name\" content=\"Eliassen.nl\" \/>\n<meta property=\"article:publisher\" content=\"https:\/\/www.facebook.com\/TuincentrumEliassenAmmerzoden\" \/>\n<meta property=\"article:modified_time\" content=\"2026-01-16T15:08:19+00:00\" \/>\n<meta property=\"og:image\" content=\"https:\/\/www.eliassen.nl\/wp-content\/uploads\/2025\/04\/Tuinbank-Danny-Eliassen.nl-basalt.jpg\" \/>\n\t<meta property=\"og:image:width\" content=\"1575\" \/>\n\t<meta property=\"og:image:height\" content=\"1169\" \/>\n\t<meta property=\"og:image:type\" content=\"image\/jpeg\" \/>\n<meta name=\"twitter:card\" content=\"summary_large_image\" \/>\n<script type=\"application\/ld+json\" class=\"yoast-schema-graph\">{\"@context\":\"https:\/\/schema.org\",\"@graph\":[{\"@type\":\"WebPage\",\"@id\":\"https:\/\/www.eliassen.nl\/de\/gartenbank-basalt-danny-150cm\/\",\"url\":\"https:\/\/www.eliassen.nl\/de\/gartenbank-basalt-danny-150cm\/\",\"name\":\"Eliassen Gartenbank Basalt Danny 150cm - Eliassen.nl\",\"isPartOf\":{\"@id\":\"https:\/\/www.eliassen.nl\/de\/#website\"},\"primaryImageOfPage\":{\"@id\":\"https:\/\/www.eliassen.nl\/de\/gartenbank-basalt-danny-150cm\/#primaryimage\"},\"image\":{\"@id\":\"https:\/\/www.eliassen.nl\/de\/gartenbank-basalt-danny-150cm\/#primaryimage\"},\"thumbnailUrl\":\"https:\/\/www.eliassen.nl\/wp-content\/uploads\/2025\/04\/Tuinbank-Danny-Eliassen.nl-basalt.jpg\",\"datePublished\":\"2025-06-04T12:45:21+00:00\",\"dateModified\":\"2026-01-16T15:08:19+00:00\",\"description\":\"Suchen Sie eine Gartenbank mit einem einzigartigen Design? Diese Gartenbank aus Basaltstein mit sehr langer Lebensdauer wird in Ihrem Garten wundersch\u00f6n aussehen. Hohe Qualit\u00e4t und schnelle Lieferung.\",\"breadcrumb\":{\"@id\":\"https:\/\/www.eliassen.nl\/de\/gartenbank-basalt-danny-150cm\/#breadcrumb\"},\"inLanguage\":\"de\",\"potentialAction\":[{\"@type\":\"ReadAction\",\"target\":[\"https:\/\/www.eliassen.nl\/de\/gartenbank-basalt-danny-150cm\/\"]}]},{\"@type\":\"ImageObject\",\"inLanguage\":\"de\",\"@id\":\"https:\/\/www.eliassen.nl\/de\/gartenbank-basalt-danny-150cm\/#primaryimage\",\"url\":\"https:\/\/www.eliassen.nl\/wp-content\/uploads\/2025\/04\/Tuinbank-Danny-Eliassen.nl-basalt.jpg\",\"contentUrl\":\"https:\/\/www.eliassen.nl\/wp-content\/uploads\/2025\/04\/Tuinbank-Danny-Eliassen.nl-basalt.jpg\",\"width\":1575,\"height\":1169},{\"@type\":\"BreadcrumbList\",\"@id\":\"https:\/\/www.eliassen.nl\/de\/gartenbank-basalt-danny-150cm\/#breadcrumb\",\"itemListElement\":[{\"@type\":\"ListItem\",\"position\":1,\"name\":\"Home\",\"item\":\"https:\/\/www.eliassen.nl\/de\/\"},{\"@type\":\"ListItem\",\"position\":2,\"name\":\"Shop\",\"item\":\"https:\/\/www.eliassen.nl\/de\/shop\/\"},{\"@type\":\"ListItem\",\"position\":3,\"name\":\"Weitere Artikel\",\"item\":\"https:\/\/www.eliassen.nl\/de\/weitere-artikel\/\"},{\"@type\":\"ListItem\",\"position\":4,\"name\":\"Gartenbank Basalt Danny 150cm\"}]},{\"@type\":\"WebSite\",\"@id\":\"https:\/\/www.eliassen.nl\/de\/#website\",\"url\":\"https:\/\/www.eliassen.nl\/de\/\",\"name\":\"Eliassen Home & Garden Pleasure\",\"description\":\"\",\"publisher\":{\"@id\":\"https:\/\/www.eliassen.nl\/de\/#organization\"},\"alternateName\":\"Eliassen.nl\",\"potentialAction\":[{\"@type\":\"SearchAction\",\"target\":{\"@type\":\"EntryPoint\",\"urlTemplate\":\"https:\/\/www.eliassen.nl\/de\/?s={search_term_string}\"},\"query-input\":{\"@type\":\"PropertyValueSpecification\",\"valueRequired\":true,\"valueName\":\"search_term_string\"}}],\"inLanguage\":\"de\"},{\"@type\":[\"Organization\",\"Place\"],\"@id\":\"https:\/\/www.eliassen.nl\/de\/#organization\",\"name\":\"Eliassen Home & Garden Pleasure\",\"url\":\"https:\/\/www.eliassen.nl\/de\/\",\"logo\":{\"@id\":\"https:\/\/www.eliassen.nl\/de\/gartenbank-basalt-danny-150cm\/#local-main-organization-logo\"},\"image\":{\"@id\":\"https:\/\/www.eliassen.nl\/de\/gartenbank-basalt-danny-150cm\/#local-main-organization-logo\"},\"sameAs\":[\"https:\/\/www.facebook.com\/TuincentrumEliassenAmmerzoden\",\"https:\/\/www.instagram.com\/eliassenhomeandgarden\/\",\"https:\/\/nl.pinterest.com\/eliassenhomeandgarden\/\",\"https:\/\/www.youtube.com\/@eliassenhomegardenpleasure4558\"],\"telephone\":[],\"openingHoursSpecification\":[{\"@type\":\"OpeningHoursSpecification\",\"dayOfWeek\":[\"Monday\",\"Tuesday\",\"Wednesday\",\"Thursday\",\"Friday\",\"Saturday\",\"Sunday\"],\"opens\":\"09:00\",\"closes\":\"17:00\"}]},{\"@type\":\"ImageObject\",\"inLanguage\":\"de\",\"@id\":\"https:\/\/www.eliassen.nl\/de\/gartenbank-basalt-danny-150cm\/#local-main-organization-logo\",\"url\":\"https:\/\/www.eliassen.nl\/wp-content\/uploads\/2024\/01\/logo_4nd.jpg\",\"contentUrl\":\"https:\/\/www.eliassen.nl\/wp-content\/uploads\/2024\/01\/logo_4nd.jpg\",\"width\":500,\"height\":500,\"caption\":\"Eliassen Home & Garden Pleasure\"}]}<\/script>\n<meta property=\"product:price:amount\" content=\"449.00\" \/>\n<meta property=\"product:price:currency\" content=\"EUR\" \/>\n<meta property=\"og:availability\" content=\"instock\" \/>\n<meta property=\"product:availability\" content=\"instock\" \/>\n<meta property=\"product:retailer_item_id\" content=\"3333121\" \/>\n<meta property=\"product:condition\" content=\"new\" \/>\n<!-- \/ Yoast SEO Premium plugin. -->","yoast_head_json":{"title":"Eliassen Gartenbank Basalt Danny 150cm - Eliassen.nl","description":"Suchen Sie eine Gartenbank mit einem einzigartigen Design? Diese Gartenbank aus Basaltstein mit sehr langer Lebensdauer wird in Ihrem Garten wundersch\u00f6n aussehen. Hohe Qualit\u00e4t und schnelle Lieferung.","robots":{"index":"index","follow":"follow","max-snippet":"max-snippet:-1","max-image-preview":"max-image-preview:large","max-video-preview":"max-video-preview:-1"},"canonical":"https:\/\/www.eliassen.nl\/de\/gartenbank-basalt-danny-150cm\/","og_locale":"de_DE","og_type":"article","og_title":"Eliassen Gartenbank Basalt Danny 150cm - Eliassen.nl","og_description":"Suchen Sie eine Gartenbank mit einem einzigartigen Design? Diese Gartenbank aus Basaltstein mit sehr langer Lebensdauer wird in Ihrem Garten wundersch\u00f6n aussehen. Hohe Qualit\u00e4t und schnelle Lieferung.","og_url":"https:\/\/www.eliassen.nl\/de\/gartenbank-basalt-danny-150cm\/","og_site_name":"Eliassen.nl","article_publisher":"https:\/\/www.facebook.com\/TuincentrumEliassenAmmerzoden","article_modified_time":"2026-01-16T15:08:19+00:00","og_image":[{"width":1575,"height":1169,"url":"https:\/\/www.eliassen.nl\/wp-content\/uploads\/2025\/04\/Tuinbank-Danny-Eliassen.nl-basalt.jpg","type":"image\/jpeg"}],"twitter_card":"summary_large_image","schema":{"@context":"https:\/\/schema.org","@graph":[{"@type":"WebPage","@id":"https:\/\/www.eliassen.nl\/de\/gartenbank-basalt-danny-150cm\/","url":"https:\/\/www.eliassen.nl\/de\/gartenbank-basalt-danny-150cm\/","name":"Eliassen Gartenbank Basalt Danny 150cm - Eliassen.nl","isPartOf":{"@id":"https:\/\/www.eliassen.nl\/de\/#website"},"primaryImageOfPage":{"@id":"https:\/\/www.eliassen.nl\/de\/gartenbank-basalt-danny-150cm\/#primaryimage"},"image":{"@id":"https:\/\/www.eliassen.nl\/de\/gartenbank-basalt-danny-150cm\/#primaryimage"},"thumbnailUrl":"https:\/\/www.eliassen.nl\/wp-content\/uploads\/2025\/04\/Tuinbank-Danny-Eliassen.nl-basalt.jpg","datePublished":"2025-06-04T12:45:21+00:00","dateModified":"2026-01-16T15:08:19+00:00","description":"Suchen Sie eine Gartenbank mit einem einzigartigen Design? Diese Gartenbank aus Basaltstein mit sehr langer Lebensdauer wird in Ihrem Garten wundersch\u00f6n aussehen. Hohe Qualit\u00e4t und schnelle Lieferung.","breadcrumb":{"@id":"https:\/\/www.eliassen.nl\/de\/gartenbank-basalt-danny-150cm\/#breadcrumb"},"inLanguage":"de","potentialAction":[{"@type":"ReadAction","target":["https:\/\/www.eliassen.nl\/de\/gartenbank-basalt-danny-150cm\/"]}]},{"@type":"ImageObject","inLanguage":"de","@id":"https:\/\/www.eliassen.nl\/de\/gartenbank-basalt-danny-150cm\/#primaryimage","url":"https:\/\/www.eliassen.nl\/wp-content\/uploads\/2025\/04\/Tuinbank-Danny-Eliassen.nl-basalt.jpg","contentUrl":"https:\/\/www.eliassen.nl\/wp-content\/uploads\/2025\/04\/Tuinbank-Danny-Eliassen.nl-basalt.jpg","width":1575,"height":1169},{"@type":"BreadcrumbList","@id":"https:\/\/www.eliassen.nl\/de\/gartenbank-basalt-danny-150cm\/#breadcrumb","itemListElement":[{"@type":"ListItem","position":1,"name":"Home","item":"https:\/\/www.eliassen.nl\/de\/"},{"@type":"ListItem","position":2,"name":"Shop","item":"https:\/\/www.eliassen.nl\/de\/shop\/"},{"@type":"ListItem","position":3,"name":"Weitere Artikel","item":"https:\/\/www.eliassen.nl\/de\/weitere-artikel\/"},{"@type":"ListItem","position":4,"name":"Gartenbank Basalt Danny 150cm"}]},{"@type":"WebSite","@id":"https:\/\/www.eliassen.nl\/de\/#website","url":"https:\/\/www.eliassen.nl\/de\/","name":"Eliassen Home & Garden Pleasure","description":"","publisher":{"@id":"https:\/\/www.eliassen.nl\/de\/#organization"},"alternateName":"Eliassen.nl","potentialAction":[{"@type":"SearchAction","target":{"@type":"EntryPoint","urlTemplate":"https:\/\/www.eliassen.nl\/de\/?s={search_term_string}"},"query-input":{"@type":"PropertyValueSpecification","valueRequired":true,"valueName":"search_term_string"}}],"inLanguage":"de"},{"@type":["Organization","Place"],"@id":"https:\/\/www.eliassen.nl\/de\/#organization","name":"Eliassen Home & Garden Pleasure","url":"https:\/\/www.eliassen.nl\/de\/","logo":{"@id":"https:\/\/www.eliassen.nl\/de\/gartenbank-basalt-danny-150cm\/#local-main-organization-logo"},"image":{"@id":"https:\/\/www.eliassen.nl\/de\/gartenbank-basalt-danny-150cm\/#local-main-organization-logo"},"sameAs":["https:\/\/www.facebook.com\/TuincentrumEliassenAmmerzoden","https:\/\/www.instagram.com\/eliassenhomeandgarden\/","https:\/\/nl.pinterest.com\/eliassenhomeandgarden\/","https:\/\/www.youtube.com\/@eliassenhomegardenpleasure4558"],"telephone":[],"openingHoursSpecification":[{"@type":"OpeningHoursSpecification","dayOfWeek":["Monday","Tuesday","Wednesday","Thursday","Friday","Saturday","Sunday"],"opens":"09:00","closes":"17:00"}]},{"@type":"ImageObject","inLanguage":"de","@id":"https:\/\/www.eliassen.nl\/de\/gartenbank-basalt-danny-150cm\/#local-main-organization-logo","url":"https:\/\/www.eliassen.nl\/wp-content\/uploads\/2024\/01\/logo_4nd.jpg","contentUrl":"https:\/\/www.eliassen.nl\/wp-content\/uploads\/2024\/01\/logo_4nd.jpg","width":500,"height":500,"caption":"Eliassen Home & Garden Pleasure"}]},"product_price_amount":"449.00","product_price_currency":"EUR","og_availability":"instock","product_availability":"instock","product_retailer_item_id":"3333121","product_condition":"new"},"df_price":449,"df_sale_price":"","df_regular_price":449,"df_image_link":"https:\/\/www.eliassen.nl\/wp-content\/uploads\/2025\/04\/Tuinbank-Danny-Eliassen.nl-basalt-300x223.jpg","image":"https:\/\/www.eliassen.nl\/wp-content\/uploads\/2025\/04\/Tuinbank-Danny-Eliassen.nl-basalt-150x150.jpg","price_search":"<span class=\"woocommerce-Price-amount amount\"><bdi><span class=\"woocommerce-Price-currencySymbol\">&euro;<\/span>&nbsp;449,00<\/bdi><\/span>","category":"Gartenb\u00e4nke","global_unique_id":"6096517944986","_links":{"self":[{"href":"https:\/\/www.eliassen.nl\/de\/wp-json\/wp\/v2\/product\/185691","targetHints":{"allow":["GET"]}}],"collection":[{"href":"https:\/\/www.eliassen.nl\/de\/wp-json\/wp\/v2\/product"}],"about":[{"href":"https:\/\/www.eliassen.nl\/de\/wp-json\/wp\/v2\/types\/product"}],"wp:featuredmedia":[{"embeddable":true,"href":"https:\/\/www.eliassen.nl\/de\/wp-json\/wp\/v2\/media\/180158"}],"wp:attachment":[{"href":"https:\/\/www.eliassen.nl\/de\/wp-json\/wp\/v2\/media?parent=185691"}],"wp:term":[{"taxonomy":"product_brand","embeddable":true,"href":"https:\/\/www.eliassen.nl\/de\/wp-json\/wp\/v2\/product_brand?post=185691"},{"taxonomy":"product_cat","embeddable":true,"href":"https:\/\/www.eliassen.nl\/de\/wp-json\/wp\/v2\/product_cat?post=185691"},{"taxonomy":"product_tag","embeddable":true,"href":"https:\/\/www.eliassen.nl\/de\/wp-json\/wp\/v2\/product_tag?post=185691"}],"curies":[{"name":"wp","href":"https:\/\/api.w.org\/{rel}","templated":true}]}}