{"id":185520,"date":"2025-04-15T13:44:38","date_gmt":"2025-04-15T11:44:38","guid":{"rendered":"https:\/\/www.eliassen.nl\/product\/zahnraduhr-rund-grau-silber-55cm-purmurend\/"},"modified":"2025-10-21T16:22:41","modified_gmt":"2025-10-21T14:22:41","slug":"zahnraduhr-rund-grau-silber-55cm-purmurend","status":"publish","type":"product","link":"https:\/\/www.eliassen.nl\/de\/zahnraduhr-rund-grau-silber-55cm-purmurend\/","title":{"rendered":"Zahnraduhr rund grau\/silber 55cm Purmurend"},"content":{"rendered":"<p>Mit dieser h\u00fcbschen runden, altgrauen Wanduhr mit beweglichen Teilen wird es eine Freude sein, nachzusehen, wie sp\u00e4t es jetzt ist. Diese sehr h\u00fcbsche Uhr hat einen grauen Stahlrahmen mit klaren Ziffern.<\/p>\n<p>Diese Art von Wanduhr passt zu allen Interieurs, sowohl zu l\u00e4ndlichen als auch zu industriellen.<\/p>\n<p>Das Besondere an dieser Uhr ist, dass sich in der Mitte eine Reihe von Zahnr\u00e4dern befindet, die mit 2 AA-Stiftlampen eine sehr lange Zeit laufen.<\/p>\n<p>Die Zahnr\u00e4der werden von einem hochwertigen, neuartigen Elektromotor angetrieben, so dass die Motorger\u00e4usche vernachl\u00e4ssigbar sind.<\/p>\n<ul>\n<li>Gr\u00f6\u00dfe: Durchmesser 55cm cm, Dicke 8cm.<\/li>\n<li>Material: Metall und Glas.<\/li>\n<li>Farbe: Altgrau mit Silber.<\/li>\n<li>Stabiles Eisengeh\u00e4use.<\/li>\n<li>Ausgestattet mit einem Quarzwerk.<\/li>\n<li>Industrieller Look.<\/li>\n<li>Erh\u00e4ltlich aus unserem eigenen Bestand.<\/li>\n<li>1 Jahr Garantie.<\/li>\n<\/ul>\n","protected":false},"excerpt":{"rendered":"<p>\u2714 Industrieller Look \u2714 Radar und H\u00e4nde unabh\u00e4ngig voneinander<\/p>\n","protected":false},"featured_media":179439,"template":"","meta":{"_acf_changed":false,"_genesis_title":"","_genesis_description":""},"product_brand":[7481],"product_cat":[509,521],"product_tag":[],"class_list":{"0":"post-185520","1":"product","2":"type-product","3":"status-publish","4":"has-post-thumbnail","6":"product_brand-waren","7":"product_cat-wanddekoration","8":"product_cat-wanduhren","10":"first","11":"instock","12":"taxable","13":"shipping-taxable","14":"purchasable","15":"product-type-simple"},"acf":[],"meta_all":{"total_sales":"5","cor_restricted_countries":["DIE"],"cor_product_add":"ja"},"meta_all_flat":{"total_sales":"5","cor_restricted_countries.0":"DIE","cor_product_add":"ja"},"yoast_head":"<!-- This site is optimized with the Yoast SEO Premium plugin v26.2 (Yoast SEO v27.2) - https:\/\/yoast.com\/product\/yoast-seo-premium-wordpress\/ -->\n<title>Waren Zahnraduhr rund grau\/silber 55cm Purmurend - Eliassen.nl<\/title>\n<meta name=\"robots\" content=\"index, follow, max-snippet:-1, max-image-preview:large, max-video-preview:-1\" \/>\n<link rel=\"canonical\" href=\"https:\/\/www.eliassen.nl\/de\/zahnraduhr-rund-grau-silber-55cm-purmurend\/\" \/>\n<meta property=\"og:locale\" content=\"de_DE\" \/>\n<meta property=\"og:type\" content=\"article\" \/>\n<meta property=\"og:title\" content=\"Waren Zahnraduhr rund grau\/silber 55cm Purmurend - Eliassen.nl\" \/>\n<meta property=\"og:description\" content=\"\u2714 Industrieller Look \u2714 Radar und H\u00e4nde unabh\u00e4ngig voneinander\" \/>\n<meta property=\"og:url\" content=\"https:\/\/www.eliassen.nl\/de\/zahnraduhr-rund-grau-silber-55cm-purmurend\/\" \/>\n<meta property=\"og:site_name\" content=\"Eliassen.nl\" \/>\n<meta property=\"article:publisher\" content=\"https:\/\/www.facebook.com\/TuincentrumEliassenAmmerzoden\" \/>\n<meta property=\"article:modified_time\" content=\"2025-10-21T14:22:41+00:00\" \/>\n<meta property=\"og:image\" content=\"https:\/\/www.eliassen.nl\/wp-content\/uploads\/2025\/04\/Tandwielklok-Purmerend-Eliassen.nl-G6059951.jpg\" \/>\n\t<meta property=\"og:image:width\" content=\"1152\" \/>\n\t<meta property=\"og:image:height\" content=\"864\" \/>\n\t<meta property=\"og:image:type\" content=\"image\/jpeg\" \/>\n<meta name=\"twitter:card\" content=\"summary_large_image\" \/>\n<script type=\"application\/ld+json\" class=\"yoast-schema-graph\">{\"@context\":\"https:\/\/schema.org\",\"@graph\":[{\"@type\":\"WebPage\",\"@id\":\"https:\/\/www.eliassen.nl\/de\/zahnraduhr-rund-grau-silber-55cm-purmurend\/\",\"url\":\"https:\/\/www.eliassen.nl\/de\/zahnraduhr-rund-grau-silber-55cm-purmurend\/\",\"name\":\"Waren Zahnraduhr rund grau\/silber 55cm Purmurend - Eliassen.nl\",\"isPartOf\":{\"@id\":\"https:\/\/www.eliassen.nl\/de\/#website\"},\"primaryImageOfPage\":{\"@id\":\"https:\/\/www.eliassen.nl\/de\/zahnraduhr-rund-grau-silber-55cm-purmurend\/#primaryimage\"},\"image\":{\"@id\":\"https:\/\/www.eliassen.nl\/de\/zahnraduhr-rund-grau-silber-55cm-purmurend\/#primaryimage\"},\"thumbnailUrl\":\"https:\/\/www.eliassen.nl\/wp-content\/uploads\/2025\/04\/Tandwielklok-Purmerend-Eliassen.nl-G6059951.jpg\",\"datePublished\":\"2025-04-15T11:44:38+00:00\",\"dateModified\":\"2025-10-21T14:22:41+00:00\",\"breadcrumb\":{\"@id\":\"https:\/\/www.eliassen.nl\/de\/zahnraduhr-rund-grau-silber-55cm-purmurend\/#breadcrumb\"},\"inLanguage\":\"de\",\"potentialAction\":[{\"@type\":\"ReadAction\",\"target\":[\"https:\/\/www.eliassen.nl\/de\/zahnraduhr-rund-grau-silber-55cm-purmurend\/\"]}]},{\"@type\":\"ImageObject\",\"inLanguage\":\"de\",\"@id\":\"https:\/\/www.eliassen.nl\/de\/zahnraduhr-rund-grau-silber-55cm-purmurend\/#primaryimage\",\"url\":\"https:\/\/www.eliassen.nl\/wp-content\/uploads\/2025\/04\/Tandwielklok-Purmerend-Eliassen.nl-G6059951.jpg\",\"contentUrl\":\"https:\/\/www.eliassen.nl\/wp-content\/uploads\/2025\/04\/Tandwielklok-Purmerend-Eliassen.nl-G6059951.jpg\",\"width\":1152,\"height\":864},{\"@type\":\"BreadcrumbList\",\"@id\":\"https:\/\/www.eliassen.nl\/de\/zahnraduhr-rund-grau-silber-55cm-purmurend\/#breadcrumb\",\"itemListElement\":[{\"@type\":\"ListItem\",\"position\":1,\"name\":\"Home\",\"item\":\"https:\/\/www.eliassen.nl\/de\/\"},{\"@type\":\"ListItem\",\"position\":2,\"name\":\"Shop\",\"item\":\"https:\/\/www.eliassen.nl\/de\/shop\/\"},{\"@type\":\"ListItem\",\"position\":3,\"name\":\"Wanddekoration\",\"item\":\"https:\/\/www.eliassen.nl\/de\/wanddekoration\/\"},{\"@type\":\"ListItem\",\"position\":4,\"name\":\"Zahnraduhr rund grau\/silber 55cm Purmurend\"}]},{\"@type\":\"WebSite\",\"@id\":\"https:\/\/www.eliassen.nl\/de\/#website\",\"url\":\"https:\/\/www.eliassen.nl\/de\/\",\"name\":\"Eliassen Home & Garden Pleasure\",\"description\":\"\",\"publisher\":{\"@id\":\"https:\/\/www.eliassen.nl\/de\/#organization\"},\"alternateName\":\"Eliassen.nl\",\"potentialAction\":[{\"@type\":\"SearchAction\",\"target\":{\"@type\":\"EntryPoint\",\"urlTemplate\":\"https:\/\/www.eliassen.nl\/de\/?s={search_term_string}\"},\"query-input\":{\"@type\":\"PropertyValueSpecification\",\"valueRequired\":true,\"valueName\":\"search_term_string\"}}],\"inLanguage\":\"de\"},{\"@type\":[\"Organization\",\"Place\"],\"@id\":\"https:\/\/www.eliassen.nl\/de\/#organization\",\"name\":\"Eliassen Home & Garden Pleasure\",\"url\":\"https:\/\/www.eliassen.nl\/de\/\",\"logo\":{\"@id\":\"https:\/\/www.eliassen.nl\/de\/zahnraduhr-rund-grau-silber-55cm-purmurend\/#local-main-organization-logo\"},\"image\":{\"@id\":\"https:\/\/www.eliassen.nl\/de\/zahnraduhr-rund-grau-silber-55cm-purmurend\/#local-main-organization-logo\"},\"sameAs\":[\"https:\/\/www.facebook.com\/TuincentrumEliassenAmmerzoden\",\"https:\/\/www.instagram.com\/eliassenhomeandgarden\/\",\"https:\/\/nl.pinterest.com\/eliassenhomeandgarden\/\",\"https:\/\/www.youtube.com\/@eliassenhomegardenpleasure4558\"],\"telephone\":[],\"openingHoursSpecification\":[{\"@type\":\"OpeningHoursSpecification\",\"dayOfWeek\":[\"Monday\",\"Tuesday\",\"Wednesday\",\"Thursday\",\"Friday\",\"Saturday\",\"Sunday\"],\"opens\":\"09:00\",\"closes\":\"17:00\"}]},{\"@type\":\"ImageObject\",\"inLanguage\":\"de\",\"@id\":\"https:\/\/www.eliassen.nl\/de\/zahnraduhr-rund-grau-silber-55cm-purmurend\/#local-main-organization-logo\",\"url\":\"https:\/\/www.eliassen.nl\/wp-content\/uploads\/2024\/01\/logo_4nd.jpg\",\"contentUrl\":\"https:\/\/www.eliassen.nl\/wp-content\/uploads\/2024\/01\/logo_4nd.jpg\",\"width\":500,\"height\":500,\"caption\":\"Eliassen Home & Garden Pleasure\"}]}<\/script>\n<meta property=\"product:price:amount\" content=\"125.00\" \/>\n<meta property=\"product:price:currency\" content=\"EUR\" \/>\n<meta property=\"og:availability\" content=\"instock\" \/>\n<meta property=\"product:availability\" content=\"instock\" \/>\n<meta property=\"product:retailer_item_id\" content=\"g6059951\" \/>\n<meta property=\"product:condition\" content=\"new\" \/>\n<!-- \/ Yoast SEO Premium plugin. -->","yoast_head_json":{"title":"Waren Zahnraduhr rund grau\/silber 55cm Purmurend - Eliassen.nl","robots":{"index":"index","follow":"follow","max-snippet":"max-snippet:-1","max-image-preview":"max-image-preview:large","max-video-preview":"max-video-preview:-1"},"canonical":"https:\/\/www.eliassen.nl\/de\/zahnraduhr-rund-grau-silber-55cm-purmurend\/","og_locale":"de_DE","og_type":"article","og_title":"Waren Zahnraduhr rund grau\/silber 55cm Purmurend - Eliassen.nl","og_description":"\u2714 Industrieller Look \u2714 Radar und H\u00e4nde unabh\u00e4ngig voneinander","og_url":"https:\/\/www.eliassen.nl\/de\/zahnraduhr-rund-grau-silber-55cm-purmurend\/","og_site_name":"Eliassen.nl","article_publisher":"https:\/\/www.facebook.com\/TuincentrumEliassenAmmerzoden","article_modified_time":"2025-10-21T14:22:41+00:00","og_image":[{"width":1152,"height":864,"url":"https:\/\/www.eliassen.nl\/wp-content\/uploads\/2025\/04\/Tandwielklok-Purmerend-Eliassen.nl-G6059951.jpg","type":"image\/jpeg"}],"twitter_card":"summary_large_image","schema":{"@context":"https:\/\/schema.org","@graph":[{"@type":"WebPage","@id":"https:\/\/www.eliassen.nl\/de\/zahnraduhr-rund-grau-silber-55cm-purmurend\/","url":"https:\/\/www.eliassen.nl\/de\/zahnraduhr-rund-grau-silber-55cm-purmurend\/","name":"Waren Zahnraduhr rund grau\/silber 55cm Purmurend - Eliassen.nl","isPartOf":{"@id":"https:\/\/www.eliassen.nl\/de\/#website"},"primaryImageOfPage":{"@id":"https:\/\/www.eliassen.nl\/de\/zahnraduhr-rund-grau-silber-55cm-purmurend\/#primaryimage"},"image":{"@id":"https:\/\/www.eliassen.nl\/de\/zahnraduhr-rund-grau-silber-55cm-purmurend\/#primaryimage"},"thumbnailUrl":"https:\/\/www.eliassen.nl\/wp-content\/uploads\/2025\/04\/Tandwielklok-Purmerend-Eliassen.nl-G6059951.jpg","datePublished":"2025-04-15T11:44:38+00:00","dateModified":"2025-10-21T14:22:41+00:00","breadcrumb":{"@id":"https:\/\/www.eliassen.nl\/de\/zahnraduhr-rund-grau-silber-55cm-purmurend\/#breadcrumb"},"inLanguage":"de","potentialAction":[{"@type":"ReadAction","target":["https:\/\/www.eliassen.nl\/de\/zahnraduhr-rund-grau-silber-55cm-purmurend\/"]}]},{"@type":"ImageObject","inLanguage":"de","@id":"https:\/\/www.eliassen.nl\/de\/zahnraduhr-rund-grau-silber-55cm-purmurend\/#primaryimage","url":"https:\/\/www.eliassen.nl\/wp-content\/uploads\/2025\/04\/Tandwielklok-Purmerend-Eliassen.nl-G6059951.jpg","contentUrl":"https:\/\/www.eliassen.nl\/wp-content\/uploads\/2025\/04\/Tandwielklok-Purmerend-Eliassen.nl-G6059951.jpg","width":1152,"height":864},{"@type":"BreadcrumbList","@id":"https:\/\/www.eliassen.nl\/de\/zahnraduhr-rund-grau-silber-55cm-purmurend\/#breadcrumb","itemListElement":[{"@type":"ListItem","position":1,"name":"Home","item":"https:\/\/www.eliassen.nl\/de\/"},{"@type":"ListItem","position":2,"name":"Shop","item":"https:\/\/www.eliassen.nl\/de\/shop\/"},{"@type":"ListItem","position":3,"name":"Wanddekoration","item":"https:\/\/www.eliassen.nl\/de\/wanddekoration\/"},{"@type":"ListItem","position":4,"name":"Zahnraduhr rund grau\/silber 55cm Purmurend"}]},{"@type":"WebSite","@id":"https:\/\/www.eliassen.nl\/de\/#website","url":"https:\/\/www.eliassen.nl\/de\/","name":"Eliassen Home & Garden Pleasure","description":"","publisher":{"@id":"https:\/\/www.eliassen.nl\/de\/#organization"},"alternateName":"Eliassen.nl","potentialAction":[{"@type":"SearchAction","target":{"@type":"EntryPoint","urlTemplate":"https:\/\/www.eliassen.nl\/de\/?s={search_term_string}"},"query-input":{"@type":"PropertyValueSpecification","valueRequired":true,"valueName":"search_term_string"}}],"inLanguage":"de"},{"@type":["Organization","Place"],"@id":"https:\/\/www.eliassen.nl\/de\/#organization","name":"Eliassen Home & Garden Pleasure","url":"https:\/\/www.eliassen.nl\/de\/","logo":{"@id":"https:\/\/www.eliassen.nl\/de\/zahnraduhr-rund-grau-silber-55cm-purmurend\/#local-main-organization-logo"},"image":{"@id":"https:\/\/www.eliassen.nl\/de\/zahnraduhr-rund-grau-silber-55cm-purmurend\/#local-main-organization-logo"},"sameAs":["https:\/\/www.facebook.com\/TuincentrumEliassenAmmerzoden","https:\/\/www.instagram.com\/eliassenhomeandgarden\/","https:\/\/nl.pinterest.com\/eliassenhomeandgarden\/","https:\/\/www.youtube.com\/@eliassenhomegardenpleasure4558"],"telephone":[],"openingHoursSpecification":[{"@type":"OpeningHoursSpecification","dayOfWeek":["Monday","Tuesday","Wednesday","Thursday","Friday","Saturday","Sunday"],"opens":"09:00","closes":"17:00"}]},{"@type":"ImageObject","inLanguage":"de","@id":"https:\/\/www.eliassen.nl\/de\/zahnraduhr-rund-grau-silber-55cm-purmurend\/#local-main-organization-logo","url":"https:\/\/www.eliassen.nl\/wp-content\/uploads\/2024\/01\/logo_4nd.jpg","contentUrl":"https:\/\/www.eliassen.nl\/wp-content\/uploads\/2024\/01\/logo_4nd.jpg","width":500,"height":500,"caption":"Eliassen Home & Garden Pleasure"}]},"product_price_amount":"125.00","product_price_currency":"EUR","og_availability":"instock","product_availability":"instock","product_retailer_item_id":"g6059951","product_condition":"new"},"df_price":125,"df_sale_price":"","df_regular_price":125,"df_image_link":"https:\/\/www.eliassen.nl\/wp-content\/uploads\/2025\/04\/Tandwielklok-Purmerend-Eliassen.nl-G6059951-300x225.jpg","image":"https:\/\/www.eliassen.nl\/wp-content\/uploads\/2025\/04\/Tandwielklok-Purmerend-Eliassen.nl-G6059951-150x150.jpg","price_search":"<span class=\"woocommerce-Price-amount amount\"><bdi><span class=\"woocommerce-Price-currencySymbol\">&euro;<\/span>&nbsp;125,00<\/bdi><\/span>","category":"Wanddekoration","global_unique_id":"8719716059951","_links":{"self":[{"href":"https:\/\/www.eliassen.nl\/de\/wp-json\/wp\/v2\/product\/185520","targetHints":{"allow":["GET"]}}],"collection":[{"href":"https:\/\/www.eliassen.nl\/de\/wp-json\/wp\/v2\/product"}],"about":[{"href":"https:\/\/www.eliassen.nl\/de\/wp-json\/wp\/v2\/types\/product"}],"wp:featuredmedia":[{"embeddable":true,"href":"https:\/\/www.eliassen.nl\/de\/wp-json\/wp\/v2\/media\/179439"}],"wp:attachment":[{"href":"https:\/\/www.eliassen.nl\/de\/wp-json\/wp\/v2\/media?parent=185520"}],"wp:term":[{"taxonomy":"product_brand","embeddable":true,"href":"https:\/\/www.eliassen.nl\/de\/wp-json\/wp\/v2\/product_brand?post=185520"},{"taxonomy":"product_cat","embeddable":true,"href":"https:\/\/www.eliassen.nl\/de\/wp-json\/wp\/v2\/product_cat?post=185520"},{"taxonomy":"product_tag","embeddable":true,"href":"https:\/\/www.eliassen.nl\/de\/wp-json\/wp\/v2\/product_tag?post=185520"}],"curies":[{"name":"wp","href":"https:\/\/api.w.org\/{rel}","templated":true}]}}