{"id":185466,"date":"2025-06-20T15:43:35","date_gmt":"2025-06-20T13:43:35","guid":{"rendered":"https:\/\/www.eliassen.nl\/product\/buddha-bronze-sitzend-meditierend-auf-lotos-60cm\/"},"modified":"2026-01-16T16:05:40","modified_gmt":"2026-01-16T15:05:40","slug":"buddha-bronze-sitzend-meditierend-auf-lotos-60cm","status":"publish","type":"product","link":"https:\/\/www.eliassen.nl\/de\/buddha-bronze-sitzend-meditierend-auf-lotos-60cm\/","title":{"rendered":"Buddha Bronze sitzend meditierend auf Lotos 60cm"},"content":{"rendered":"<p><b>Warum eine Bronzeskulptur?<\/b><\/p>\n<p><i><span style=\"font-weight: 400;\">Nachhaltig<\/span><\/i><span style=\"font-weight: 400;\">: Sie sind enorm haltbar und stark. Bronze ist gut gegen Korrosion und Abnutzung gesch\u00fctzt und wird nie gr\u00fcn oder rostet.<\/span><span style=\"font-weight: 400;\"><br \/>\n<\/span> <i><span style=\"font-weight: 400;\">Farbe<\/span><\/i><span style=\"font-weight: 400;\">: Bronze hat von Natur aus eine einzigartige warme Farbe mit einem goldenen Farbton. Einige Bilder wurden mit verschiedenen S\u00e4uren behandelt, die eine gr\u00fcne Farbe ergeben. Dies bietet Vielfalt ohne Qualit\u00e4tsverlust.<\/span><span style=\"font-weight: 400;\"><br \/>\n<\/span> <i><span style=\"font-weight: 400;\">Kunstvolles Bild<\/span><\/i><span style=\"font-weight: 400;\">: Bronzestatuen sind bekannt f\u00fcr hochwertige Statuen und andere hochwertige Dekorationsobjekte. Mit einer Bronzestatue bringen Sie also nicht nur ein dekoratives Bild in Ihren Garten, sondern auch eine Atmosph\u00e4re, die mit Kunst und Kultur verbunden ist, sowie ein Gespr\u00e4chsthema.<\/span><\/p>\n<p><span style=\"font-weight: 400;\">Dies macht eine Bronzestatue zur perfekten Wahl, wenn Sie nach einer k\u00fcnstlerischen und einzigartigen dekorativen Erg\u00e4nzung f\u00fcr Ihren Garten, Ihre Inneneinrichtung oder Ihren Gesch\u00e4ftsraum suchen.<\/span><\/p>\n<p><b>Warum haben Sie sich f\u00fcr diesen meditierenden Buddha im Lotussitz entschieden?<\/b><\/p>\n<p><span style=\"font-weight: 400;\">Diese modellierte Bronzestatue eines meditierenden Buddhas in Lotus-Pose bietet einen einzigartigen Look in Ihrem Garten. Die Bronzefarben wirken authentisch und hochwertig und schaffen ein klassisches, beruhigendes Bild. Das macht diese Skulptur zur idealen Erg\u00e4nzung Ihres Interieurs, wenn Sie auf der Suche nach mehr Ruhe und einem klassischen Look sind.<\/span><\/p>\n<ul>\n<li><span style=\"font-weight: 400;\">         <\/span><span style=\"font-weight: 400;\">Ma\u00dfe: 50x63cm.<\/span><\/li>\n<li><span style=\"font-weight: 400;\">         <\/span><b>Sofort live oder nach nur einer Woche auf Abruf verf\u00fcgbar!<\/b><\/li>\n<\/ul>\n<p><b>Warum eine Bronzeskulptur bei Eliassen?<\/b><\/p>\n<p><span style=\"font-weight: 400;\">Bei Eliassen bieten wir eine gro\u00dfe Auswahl an Skulpturen aus Bronze an!<\/span><\/p>\n<ul>\n<li><span style=\"font-weight: 400;\">         <\/span><span style=\"font-weight: 400;\">Verschiedene Farben und Modelle verf\u00fcgbar. Von klein bis gro\u00df.<\/span><\/li>\n<li><span style=\"font-weight: 400;\">         <\/span><span style=\"font-weight: 400;\">Denken Sie an Personen, Tiere, abstrakte Figuren, moderne Bronzeskulpturen, klassische Bronzeskulpturen, usw.<\/span><\/li>\n<li><span style=\"font-weight: 400;\">         <\/span><span style=\"font-weight: 400;\">Mindestkupfergehalt von 75 Prozent; sehr lange Lebensdauer.<\/span><\/li>\n<li><span style=\"font-weight: 400;\">         <\/span><span style=\"font-weight: 400;\">Nicht weniger als 30 Jahre Garantie.<\/span><\/li>\n<li><span style=\"font-weight: 400;\">         <\/span><span style=\"font-weight: 400;\">Die meisten Statuen haben an der Unterseite ein M8-Gewinde.<\/span><\/li>\n<li><span style=\"font-weight: 400;\">         <\/span><b>Live-Showroom mit +600 verschiedenen Modellen, die Sie sich live ansehen k\u00f6nnen!<\/b><\/li>\n<\/ul>\n<p><span style=\"font-weight: 400;\">&#8211;<\/span><span style=\"font-weight: 400;\">       <\/span><b>Andere Modelle auf Anfrage innerhalb einer Woche lieferbar!<\/b><\/p>\n","protected":false},"excerpt":{"rendered":"<p>\u2713 Handgefertigt \u2713 Hergestellt aus hochwertiger Bronze \u2713 30 Jahre Garantie<\/p>\n","protected":false},"featured_media":184565,"template":"","meta":{"_acf_changed":false,"_genesis_title":"","_genesis_description":""},"product_brand":[7505],"product_cat":[644,613,623],"product_tag":[],"class_list":{"0":"post-185466","1":"product","2":"type-product","3":"status-publish","4":"has-post-thumbnail","6":"product_brand-sonstige","7":"product_cat-andere-bronzestatuen","8":"product_cat-bronzestatuen","9":"product_cat-klassische-bronzestatuen","11":"first","12":"instock","13":"taxable","14":"shipping-taxable","15":"purchasable","16":"product-type-simple"},"acf":[],"meta_all":{"total_sales":"0","cor_restricted_countries":[]},"meta_all_flat":{"total_sales":"0"},"yoast_head":"<!-- This site is optimized with the Yoast SEO Premium plugin v26.2 (Yoast SEO v27.2) - https:\/\/yoast.com\/product\/yoast-seo-premium-wordpress\/ -->\n<title>Sonstige Buddha Bronze sitzend meditierend auf Lotos 60cm - Eliassen.nl<\/title>\n<meta name=\"description\" content=\"Eine sch\u00f6ne Bronzestatue eines meditierenden Buddhas, der in der Lotussitzhaltung sitzt. Hohe Qualit\u00e4t und eine sch\u00f6ne Dekoration f\u00fcr die Umgebung. 60cm hoch.\" \/>\n<meta name=\"robots\" content=\"index, follow, max-snippet:-1, max-image-preview:large, max-video-preview:-1\" \/>\n<link rel=\"canonical\" href=\"https:\/\/www.eliassen.nl\/de\/buddha-bronze-sitzend-meditierend-auf-lotos-60cm\/\" \/>\n<meta property=\"og:locale\" content=\"de_DE\" \/>\n<meta property=\"og:type\" content=\"article\" \/>\n<meta property=\"og:title\" content=\"Sonstige Buddha Bronze sitzend meditierend auf Lotos 60cm - Eliassen.nl\" \/>\n<meta property=\"og:description\" content=\"Eine sch\u00f6ne Bronzestatue eines meditierenden Buddhas, der in der Lotussitzhaltung sitzt. Hohe Qualit\u00e4t und eine sch\u00f6ne Dekoration f\u00fcr die Umgebung. 60cm hoch.\" \/>\n<meta property=\"og:url\" content=\"https:\/\/www.eliassen.nl\/de\/buddha-bronze-sitzend-meditierend-auf-lotos-60cm\/\" \/>\n<meta property=\"og:site_name\" content=\"Eliassen.nl\" \/>\n<meta property=\"article:publisher\" content=\"https:\/\/www.facebook.com\/TuincentrumEliassenAmmerzoden\" \/>\n<meta property=\"article:modified_time\" content=\"2026-01-16T15:05:40+00:00\" \/>\n<meta property=\"og:image\" content=\"https:\/\/www.eliassen.nl\/wp-content\/uploads\/2025\/06\/Beeld-brons-Boeddha-Eliassen.nl_.jpg\" \/>\n\t<meta property=\"og:image:width\" content=\"1200\" \/>\n\t<meta property=\"og:image:height\" content=\"1600\" \/>\n\t<meta property=\"og:image:type\" content=\"image\/jpeg\" \/>\n<meta name=\"twitter:card\" content=\"summary_large_image\" \/>\n<script type=\"application\/ld+json\" class=\"yoast-schema-graph\">{\"@context\":\"https:\/\/schema.org\",\"@graph\":[{\"@type\":\"WebPage\",\"@id\":\"https:\/\/www.eliassen.nl\/de\/buddha-bronze-sitzend-meditierend-auf-lotos-60cm\/\",\"url\":\"https:\/\/www.eliassen.nl\/de\/buddha-bronze-sitzend-meditierend-auf-lotos-60cm\/\",\"name\":\"Sonstige Buddha Bronze sitzend meditierend auf Lotos 60cm - Eliassen.nl\",\"isPartOf\":{\"@id\":\"https:\/\/www.eliassen.nl\/de\/#website\"},\"primaryImageOfPage\":{\"@id\":\"https:\/\/www.eliassen.nl\/de\/buddha-bronze-sitzend-meditierend-auf-lotos-60cm\/#primaryimage\"},\"image\":{\"@id\":\"https:\/\/www.eliassen.nl\/de\/buddha-bronze-sitzend-meditierend-auf-lotos-60cm\/#primaryimage\"},\"thumbnailUrl\":\"https:\/\/www.eliassen.nl\/wp-content\/uploads\/2025\/06\/Beeld-brons-Boeddha-Eliassen.nl_.jpg\",\"datePublished\":\"2025-06-20T13:43:35+00:00\",\"dateModified\":\"2026-01-16T15:05:40+00:00\",\"description\":\"Eine sch\u00f6ne Bronzestatue eines meditierenden Buddhas, der in der Lotussitzhaltung sitzt. Hohe Qualit\u00e4t und eine sch\u00f6ne Dekoration f\u00fcr die Umgebung. 60cm hoch.\",\"breadcrumb\":{\"@id\":\"https:\/\/www.eliassen.nl\/de\/buddha-bronze-sitzend-meditierend-auf-lotos-60cm\/#breadcrumb\"},\"inLanguage\":\"de\",\"potentialAction\":[{\"@type\":\"ReadAction\",\"target\":[\"https:\/\/www.eliassen.nl\/de\/buddha-bronze-sitzend-meditierend-auf-lotos-60cm\/\"]}]},{\"@type\":\"ImageObject\",\"inLanguage\":\"de\",\"@id\":\"https:\/\/www.eliassen.nl\/de\/buddha-bronze-sitzend-meditierend-auf-lotos-60cm\/#primaryimage\",\"url\":\"https:\/\/www.eliassen.nl\/wp-content\/uploads\/2025\/06\/Beeld-brons-Boeddha-Eliassen.nl_.jpg\",\"contentUrl\":\"https:\/\/www.eliassen.nl\/wp-content\/uploads\/2025\/06\/Beeld-brons-Boeddha-Eliassen.nl_.jpg\",\"width\":1200,\"height\":1600},{\"@type\":\"BreadcrumbList\",\"@id\":\"https:\/\/www.eliassen.nl\/de\/buddha-bronze-sitzend-meditierend-auf-lotos-60cm\/#breadcrumb\",\"itemListElement\":[{\"@type\":\"ListItem\",\"position\":1,\"name\":\"Home\",\"item\":\"https:\/\/www.eliassen.nl\/de\/\"},{\"@type\":\"ListItem\",\"position\":2,\"name\":\"Shop\",\"item\":\"https:\/\/www.eliassen.nl\/de\/shop\/\"},{\"@type\":\"ListItem\",\"position\":3,\"name\":\"Bronzestatuen\",\"item\":\"https:\/\/www.eliassen.nl\/de\/bronzestatuen\/\"},{\"@type\":\"ListItem\",\"position\":4,\"name\":\"Buddha Bronze sitzend meditierend auf Lotos 60cm\"}]},{\"@type\":\"WebSite\",\"@id\":\"https:\/\/www.eliassen.nl\/de\/#website\",\"url\":\"https:\/\/www.eliassen.nl\/de\/\",\"name\":\"Eliassen Home & Garden Pleasure\",\"description\":\"\",\"publisher\":{\"@id\":\"https:\/\/www.eliassen.nl\/de\/#organization\"},\"alternateName\":\"Eliassen.nl\",\"potentialAction\":[{\"@type\":\"SearchAction\",\"target\":{\"@type\":\"EntryPoint\",\"urlTemplate\":\"https:\/\/www.eliassen.nl\/de\/?s={search_term_string}\"},\"query-input\":{\"@type\":\"PropertyValueSpecification\",\"valueRequired\":true,\"valueName\":\"search_term_string\"}}],\"inLanguage\":\"de\"},{\"@type\":[\"Organization\",\"Place\"],\"@id\":\"https:\/\/www.eliassen.nl\/de\/#organization\",\"name\":\"Eliassen Home & Garden Pleasure\",\"url\":\"https:\/\/www.eliassen.nl\/de\/\",\"logo\":{\"@id\":\"https:\/\/www.eliassen.nl\/de\/buddha-bronze-sitzend-meditierend-auf-lotos-60cm\/#local-main-organization-logo\"},\"image\":{\"@id\":\"https:\/\/www.eliassen.nl\/de\/buddha-bronze-sitzend-meditierend-auf-lotos-60cm\/#local-main-organization-logo\"},\"sameAs\":[\"https:\/\/www.facebook.com\/TuincentrumEliassenAmmerzoden\",\"https:\/\/www.instagram.com\/eliassenhomeandgarden\/\",\"https:\/\/nl.pinterest.com\/eliassenhomeandgarden\/\",\"https:\/\/www.youtube.com\/@eliassenhomegardenpleasure4558\"],\"telephone\":[],\"openingHoursSpecification\":[{\"@type\":\"OpeningHoursSpecification\",\"dayOfWeek\":[\"Monday\",\"Tuesday\",\"Wednesday\",\"Thursday\",\"Friday\",\"Saturday\",\"Sunday\"],\"opens\":\"09:00\",\"closes\":\"17:00\"}]},{\"@type\":\"ImageObject\",\"inLanguage\":\"de\",\"@id\":\"https:\/\/www.eliassen.nl\/de\/buddha-bronze-sitzend-meditierend-auf-lotos-60cm\/#local-main-organization-logo\",\"url\":\"https:\/\/www.eliassen.nl\/wp-content\/uploads\/2024\/01\/logo_4nd.jpg\",\"contentUrl\":\"https:\/\/www.eliassen.nl\/wp-content\/uploads\/2024\/01\/logo_4nd.jpg\",\"width\":500,\"height\":500,\"caption\":\"Eliassen Home & Garden Pleasure\"}]}<\/script>\n<meta property=\"product:price:amount\" content=\"1499.00\" \/>\n<meta property=\"product:price:currency\" content=\"EUR\" \/>\n<meta property=\"og:availability\" content=\"instock\" \/>\n<meta property=\"product:availability\" content=\"instock\" \/>\n<meta property=\"product:retailer_item_id\" content=\"LV506\" \/>\n<meta property=\"product:condition\" content=\"new\" \/>\n<!-- \/ Yoast SEO Premium plugin. -->","yoast_head_json":{"title":"Sonstige Buddha Bronze sitzend meditierend auf Lotos 60cm - Eliassen.nl","description":"Eine sch\u00f6ne Bronzestatue eines meditierenden Buddhas, der in der Lotussitzhaltung sitzt. Hohe Qualit\u00e4t und eine sch\u00f6ne Dekoration f\u00fcr die Umgebung. 60cm hoch.","robots":{"index":"index","follow":"follow","max-snippet":"max-snippet:-1","max-image-preview":"max-image-preview:large","max-video-preview":"max-video-preview:-1"},"canonical":"https:\/\/www.eliassen.nl\/de\/buddha-bronze-sitzend-meditierend-auf-lotos-60cm\/","og_locale":"de_DE","og_type":"article","og_title":"Sonstige Buddha Bronze sitzend meditierend auf Lotos 60cm - Eliassen.nl","og_description":"Eine sch\u00f6ne Bronzestatue eines meditierenden Buddhas, der in der Lotussitzhaltung sitzt. Hohe Qualit\u00e4t und eine sch\u00f6ne Dekoration f\u00fcr die Umgebung. 60cm hoch.","og_url":"https:\/\/www.eliassen.nl\/de\/buddha-bronze-sitzend-meditierend-auf-lotos-60cm\/","og_site_name":"Eliassen.nl","article_publisher":"https:\/\/www.facebook.com\/TuincentrumEliassenAmmerzoden","article_modified_time":"2026-01-16T15:05:40+00:00","og_image":[{"width":1200,"height":1600,"url":"https:\/\/www.eliassen.nl\/wp-content\/uploads\/2025\/06\/Beeld-brons-Boeddha-Eliassen.nl_.jpg","type":"image\/jpeg"}],"twitter_card":"summary_large_image","schema":{"@context":"https:\/\/schema.org","@graph":[{"@type":"WebPage","@id":"https:\/\/www.eliassen.nl\/de\/buddha-bronze-sitzend-meditierend-auf-lotos-60cm\/","url":"https:\/\/www.eliassen.nl\/de\/buddha-bronze-sitzend-meditierend-auf-lotos-60cm\/","name":"Sonstige Buddha Bronze sitzend meditierend auf Lotos 60cm - Eliassen.nl","isPartOf":{"@id":"https:\/\/www.eliassen.nl\/de\/#website"},"primaryImageOfPage":{"@id":"https:\/\/www.eliassen.nl\/de\/buddha-bronze-sitzend-meditierend-auf-lotos-60cm\/#primaryimage"},"image":{"@id":"https:\/\/www.eliassen.nl\/de\/buddha-bronze-sitzend-meditierend-auf-lotos-60cm\/#primaryimage"},"thumbnailUrl":"https:\/\/www.eliassen.nl\/wp-content\/uploads\/2025\/06\/Beeld-brons-Boeddha-Eliassen.nl_.jpg","datePublished":"2025-06-20T13:43:35+00:00","dateModified":"2026-01-16T15:05:40+00:00","description":"Eine sch\u00f6ne Bronzestatue eines meditierenden Buddhas, der in der Lotussitzhaltung sitzt. Hohe Qualit\u00e4t und eine sch\u00f6ne Dekoration f\u00fcr die Umgebung. 60cm hoch.","breadcrumb":{"@id":"https:\/\/www.eliassen.nl\/de\/buddha-bronze-sitzend-meditierend-auf-lotos-60cm\/#breadcrumb"},"inLanguage":"de","potentialAction":[{"@type":"ReadAction","target":["https:\/\/www.eliassen.nl\/de\/buddha-bronze-sitzend-meditierend-auf-lotos-60cm\/"]}]},{"@type":"ImageObject","inLanguage":"de","@id":"https:\/\/www.eliassen.nl\/de\/buddha-bronze-sitzend-meditierend-auf-lotos-60cm\/#primaryimage","url":"https:\/\/www.eliassen.nl\/wp-content\/uploads\/2025\/06\/Beeld-brons-Boeddha-Eliassen.nl_.jpg","contentUrl":"https:\/\/www.eliassen.nl\/wp-content\/uploads\/2025\/06\/Beeld-brons-Boeddha-Eliassen.nl_.jpg","width":1200,"height":1600},{"@type":"BreadcrumbList","@id":"https:\/\/www.eliassen.nl\/de\/buddha-bronze-sitzend-meditierend-auf-lotos-60cm\/#breadcrumb","itemListElement":[{"@type":"ListItem","position":1,"name":"Home","item":"https:\/\/www.eliassen.nl\/de\/"},{"@type":"ListItem","position":2,"name":"Shop","item":"https:\/\/www.eliassen.nl\/de\/shop\/"},{"@type":"ListItem","position":3,"name":"Bronzestatuen","item":"https:\/\/www.eliassen.nl\/de\/bronzestatuen\/"},{"@type":"ListItem","position":4,"name":"Buddha Bronze sitzend meditierend auf Lotos 60cm"}]},{"@type":"WebSite","@id":"https:\/\/www.eliassen.nl\/de\/#website","url":"https:\/\/www.eliassen.nl\/de\/","name":"Eliassen Home & Garden Pleasure","description":"","publisher":{"@id":"https:\/\/www.eliassen.nl\/de\/#organization"},"alternateName":"Eliassen.nl","potentialAction":[{"@type":"SearchAction","target":{"@type":"EntryPoint","urlTemplate":"https:\/\/www.eliassen.nl\/de\/?s={search_term_string}"},"query-input":{"@type":"PropertyValueSpecification","valueRequired":true,"valueName":"search_term_string"}}],"inLanguage":"de"},{"@type":["Organization","Place"],"@id":"https:\/\/www.eliassen.nl\/de\/#organization","name":"Eliassen Home & Garden Pleasure","url":"https:\/\/www.eliassen.nl\/de\/","logo":{"@id":"https:\/\/www.eliassen.nl\/de\/buddha-bronze-sitzend-meditierend-auf-lotos-60cm\/#local-main-organization-logo"},"image":{"@id":"https:\/\/www.eliassen.nl\/de\/buddha-bronze-sitzend-meditierend-auf-lotos-60cm\/#local-main-organization-logo"},"sameAs":["https:\/\/www.facebook.com\/TuincentrumEliassenAmmerzoden","https:\/\/www.instagram.com\/eliassenhomeandgarden\/","https:\/\/nl.pinterest.com\/eliassenhomeandgarden\/","https:\/\/www.youtube.com\/@eliassenhomegardenpleasure4558"],"telephone":[],"openingHoursSpecification":[{"@type":"OpeningHoursSpecification","dayOfWeek":["Monday","Tuesday","Wednesday","Thursday","Friday","Saturday","Sunday"],"opens":"09:00","closes":"17:00"}]},{"@type":"ImageObject","inLanguage":"de","@id":"https:\/\/www.eliassen.nl\/de\/buddha-bronze-sitzend-meditierend-auf-lotos-60cm\/#local-main-organization-logo","url":"https:\/\/www.eliassen.nl\/wp-content\/uploads\/2024\/01\/logo_4nd.jpg","contentUrl":"https:\/\/www.eliassen.nl\/wp-content\/uploads\/2024\/01\/logo_4nd.jpg","width":500,"height":500,"caption":"Eliassen Home & Garden Pleasure"}]},"product_price_amount":"1499.00","product_price_currency":"EUR","og_availability":"instock","product_availability":"instock","product_retailer_item_id":"LV506","product_condition":"new"},"df_price":1499,"df_sale_price":"","df_regular_price":1499,"df_image_link":"https:\/\/www.eliassen.nl\/wp-content\/uploads\/2025\/06\/Beeld-brons-Boeddha-Eliassen.nl_-225x300.jpg","image":"https:\/\/www.eliassen.nl\/wp-content\/uploads\/2025\/06\/Beeld-brons-Boeddha-Eliassen.nl_-150x150.jpg","price_search":"<span class=\"woocommerce-Price-amount amount\"><bdi><span class=\"woocommerce-Price-currencySymbol\">&euro;<\/span>&nbsp;1.499,00<\/bdi><\/span>","category":"Andere Bronzestatuen","global_unique_id":"6096517510587","_links":{"self":[{"href":"https:\/\/www.eliassen.nl\/de\/wp-json\/wp\/v2\/product\/185466","targetHints":{"allow":["GET"]}}],"collection":[{"href":"https:\/\/www.eliassen.nl\/de\/wp-json\/wp\/v2\/product"}],"about":[{"href":"https:\/\/www.eliassen.nl\/de\/wp-json\/wp\/v2\/types\/product"}],"wp:featuredmedia":[{"embeddable":true,"href":"https:\/\/www.eliassen.nl\/de\/wp-json\/wp\/v2\/media\/184565"}],"wp:attachment":[{"href":"https:\/\/www.eliassen.nl\/de\/wp-json\/wp\/v2\/media?parent=185466"}],"wp:term":[{"taxonomy":"product_brand","embeddable":true,"href":"https:\/\/www.eliassen.nl\/de\/wp-json\/wp\/v2\/product_brand?post=185466"},{"taxonomy":"product_cat","embeddable":true,"href":"https:\/\/www.eliassen.nl\/de\/wp-json\/wp\/v2\/product_cat?post=185466"},{"taxonomy":"product_tag","embeddable":true,"href":"https:\/\/www.eliassen.nl\/de\/wp-json\/wp\/v2\/product_tag?post=185466"}],"curies":[{"name":"wp","href":"https:\/\/api.w.org\/{rel}","templated":true}]}}