{"id":185353,"date":"2025-01-24T10:59:01","date_gmt":"2025-01-24T09:59:01","guid":{"rendered":"https:\/\/www.eliassen.nl\/product\/metall-regenmesser-mit-2-voegeln-130cm\/"},"modified":"2026-03-12T12:06:34","modified_gmt":"2026-03-12T11:06:34","slug":"metall-regenmesser-mit-2-voegeln-130cm","status":"publish","type":"product","link":"https:\/\/www.eliassen.nl\/de\/metall-regenmesser-mit-2-voegeln-130cm\/","title":{"rendered":"Metall-Regenmesser mit 2 V\u00f6geln 130cm"},"content":{"rendered":"<h2><span style=\"font-weight: 400;\">Suchen Sie nach mehr Freude f\u00fcr Ihren Garten? Dann bringen Sie Ihren Au\u00dfenbereich auf die n\u00e4chste Stufe und entscheiden Sie sich f\u00fcr eine fr\u00f6hliche und farbenfrohe Gartenkirsche in Ihrem Garten mit Regenmesserfunktion!<\/span><span style=\"font-weight: 400;\"><br \/>\n<\/span><span style=\"font-weight: 400;\">  Sie stechen einfach einen Gartenpfahl in den Boden Ihres Rasens oder zwischen Ihre Pflanzen im Garten. Sogar auf Ihrem Balkon oder auf einer Terrasse sehen unsere Gartenpf\u00e4hle toll aus. Wir haben f\u00fcr jeden Gartentyp ein passendes Modell!<\/span><\/h2>\n<p><span style=\"font-weight: 400;\">Es gibt Balance-Versionen, Windm\u00fchlen auf einem Stecker, aber auch Gartenstecker, die station\u00e4r sind und eine Regenmesserfunktion haben. Die Regenmesser-Gartenstecker sorgen f\u00fcr einen farbenfrohen Effekt in Ihrem Garten und versch\u00f6nern die Umgebung mit ihrem fr\u00f6hlichen Aussehen.<\/span><\/p>\n<p><b>Warum ein Regenmesser mit 2 V\u00f6geln?<\/b><\/p>\n<p><span style=\"font-weight: 400;\">Diese Gartenkirsche ist von absoluter Spitzenqualit\u00e4t! Es ist handgefertigt und enth\u00e4lt daher viele Details. Die robuste Metallkonstruktion sorgt daf\u00fcr, dass der Regenmesser an Ort und Stelle bleibt und \u00fcber Jahre hinweg sch\u00f6n bleibt. Dieses Modell in der Version mit einem fr\u00f6hlichen Vogel  <\/span><span style=\"font-weight: 400;\">ist farbenfroh und besteht haupts\u00e4chlich aus den Farben Braun, Gelb, Rot und Blau. Mit diesen Dekorationen erhalten Sie einen echten Blickfang in Ihrem Garten!<\/span><\/p>\n<p><b>Wir haben fast alles aus dieser Serie auf Lager, kommen Sie und schauen Sie sich um!<\/b><\/p>\n<ul>\n<li style=\"list-style-type: none;\">\n<ul>\n<li style=\"font-weight: 400;\" aria-level=\"1\"><span style=\"font-weight: 400;\">Gr\u00f6\u00dfe: 130x10x35cm.<\/span><\/li>\n<\/ul>\n<\/li>\n<li style=\"font-weight: 400;\" aria-level=\"1\"><span style=\"font-weight: 400;\">Farben: braun, gelb, rot und blau<\/span><\/li>\n<li style=\"font-weight: 400;\" aria-level=\"1\"><span style=\"font-weight: 400;\">Schnelle Lieferung.<\/span><\/li>\n<li style=\"font-weight: 400;\" aria-level=\"1\"><span style=\"font-weight: 400;\">Kein Spielzeug.<\/span><\/li>\n<li style=\"font-weight: 400;\" aria-level=\"1\"><span style=\"font-weight: 400;\">100% handgefertigt.<\/span><\/li>\n<li style=\"font-weight: 400;\" aria-level=\"1\"><span style=\"font-weight: 400;\">Die Farben k\u00f6nnen variieren.<\/span><\/li>\n<li style=\"font-weight: 400;\" aria-level=\"1\"><span style=\"font-weight: 400;\">1 Jahr Garantie.<\/span><\/li>\n<li style=\"font-weight: 400;\" aria-level=\"1\"><span style=\"font-weight: 400;\">Nicht f\u00fcr die Platzierung bei starkem Wind geeignet<\/span><\/li>\n<\/ul>\n<p><b><i>ACHTUNG: Achten Sie bei Frost darauf, dass der Regenmesser leer bleibt, da er sonst einfriert.<\/i><\/b><\/p>\n","protected":false},"excerpt":{"rendered":"<p>\u2714Sehr dekorativ \u2714Sehr gut als Geschenk geeignet.<\/p>\n","protected":false},"featured_media":170913,"template":"","meta":{"_acf_changed":false,"_genesis_title":"","_genesis_description":""},"product_brand":[7505],"product_cat":[836,842],"product_tag":[],"class_list":{"0":"post-185353","1":"product","2":"type-product","3":"status-publish","4":"has-post-thumbnail","6":"product_brand-sonstige","7":"product_cat-gartenstecker","8":"product_cat-regenmesser-aus-metall","10":"first","11":"instock","12":"taxable","13":"shipping-taxable","14":"purchasable","15":"product-type-simple"},"acf":[],"meta_all":{"total_sales":"12","cor_restricted_countries":[]},"meta_all_flat":{"total_sales":"12"},"yoast_head":"<!-- This site is optimized with the Yoast SEO Premium plugin v26.2 (Yoast SEO v27.2) - https:\/\/yoast.com\/product\/yoast-seo-premium-wordpress\/ -->\n<title>Sonstige Metall-Regenmesser mit 2 V\u00f6geln 130cm - Eliassen.nl<\/title>\n<meta name=\"description\" content=\"Ein sch\u00f6ner, sehr dekorativer Regenmesser aus Metall mit einem Vogelschwarm f\u00fcr den Garten. Eine echte Dekoration und sehr gut als Geschenk geeignet.\" \/>\n<meta name=\"robots\" content=\"index, follow, max-snippet:-1, max-image-preview:large, max-video-preview:-1\" \/>\n<link rel=\"canonical\" href=\"https:\/\/www.eliassen.nl\/de\/metall-regenmesser-mit-2-voegeln-130cm\/\" \/>\n<meta property=\"og:locale\" content=\"de_DE\" \/>\n<meta property=\"og:type\" content=\"article\" \/>\n<meta property=\"og:title\" content=\"Sonstige Metall-Regenmesser mit 2 V\u00f6geln 130cm - Eliassen.nl\" \/>\n<meta property=\"og:description\" content=\"Ein sch\u00f6ner, sehr dekorativer Regenmesser aus Metall mit einem Vogelschwarm f\u00fcr den Garten. Eine echte Dekoration und sehr gut als Geschenk geeignet.\" \/>\n<meta property=\"og:url\" content=\"https:\/\/www.eliassen.nl\/de\/metall-regenmesser-mit-2-voegeln-130cm\/\" \/>\n<meta property=\"og:site_name\" content=\"Eliassen.nl\" \/>\n<meta property=\"article:publisher\" content=\"https:\/\/www.facebook.com\/TuincentrumEliassenAmmerzoden\" \/>\n<meta property=\"article:modified_time\" content=\"2026-03-12T11:06:34+00:00\" \/>\n<meta property=\"og:image\" content=\"https:\/\/www.eliassen.nl\/wp-content\/uploads\/2025\/01\/metalen-regenmeter-vogeltjes-Eliassen.nl_.jpg\" \/>\n\t<meta property=\"og:image:width\" content=\"1920\" \/>\n\t<meta property=\"og:image:height\" content=\"1440\" \/>\n\t<meta property=\"og:image:type\" content=\"image\/jpeg\" \/>\n<meta name=\"twitter:card\" content=\"summary_large_image\" \/>\n<script type=\"application\/ld+json\" class=\"yoast-schema-graph\">{\"@context\":\"https:\/\/schema.org\",\"@graph\":[{\"@type\":\"WebPage\",\"@id\":\"https:\/\/www.eliassen.nl\/de\/metall-regenmesser-mit-2-voegeln-130cm\/\",\"url\":\"https:\/\/www.eliassen.nl\/de\/metall-regenmesser-mit-2-voegeln-130cm\/\",\"name\":\"Sonstige Metall-Regenmesser mit 2 V\u00f6geln 130cm - Eliassen.nl\",\"isPartOf\":{\"@id\":\"https:\/\/www.eliassen.nl\/de\/#website\"},\"primaryImageOfPage\":{\"@id\":\"https:\/\/www.eliassen.nl\/de\/metall-regenmesser-mit-2-voegeln-130cm\/#primaryimage\"},\"image\":{\"@id\":\"https:\/\/www.eliassen.nl\/de\/metall-regenmesser-mit-2-voegeln-130cm\/#primaryimage\"},\"thumbnailUrl\":\"https:\/\/www.eliassen.nl\/wp-content\/uploads\/2025\/01\/metalen-regenmeter-vogeltjes-Eliassen.nl_.jpg\",\"datePublished\":\"2025-01-24T09:59:01+00:00\",\"dateModified\":\"2026-03-12T11:06:34+00:00\",\"description\":\"Ein sch\u00f6ner, sehr dekorativer Regenmesser aus Metall mit einem Vogelschwarm f\u00fcr den Garten. Eine echte Dekoration und sehr gut als Geschenk geeignet.\",\"breadcrumb\":{\"@id\":\"https:\/\/www.eliassen.nl\/de\/metall-regenmesser-mit-2-voegeln-130cm\/#breadcrumb\"},\"inLanguage\":\"de\",\"potentialAction\":[{\"@type\":\"ReadAction\",\"target\":[\"https:\/\/www.eliassen.nl\/de\/metall-regenmesser-mit-2-voegeln-130cm\/\"]}]},{\"@type\":\"ImageObject\",\"inLanguage\":\"de\",\"@id\":\"https:\/\/www.eliassen.nl\/de\/metall-regenmesser-mit-2-voegeln-130cm\/#primaryimage\",\"url\":\"https:\/\/www.eliassen.nl\/wp-content\/uploads\/2025\/01\/metalen-regenmeter-vogeltjes-Eliassen.nl_.jpg\",\"contentUrl\":\"https:\/\/www.eliassen.nl\/wp-content\/uploads\/2025\/01\/metalen-regenmeter-vogeltjes-Eliassen.nl_.jpg\",\"width\":1920,\"height\":1440},{\"@type\":\"BreadcrumbList\",\"@id\":\"https:\/\/www.eliassen.nl\/de\/metall-regenmesser-mit-2-voegeln-130cm\/#breadcrumb\",\"itemListElement\":[{\"@type\":\"ListItem\",\"position\":1,\"name\":\"Home\",\"item\":\"https:\/\/www.eliassen.nl\/de\/\"},{\"@type\":\"ListItem\",\"position\":2,\"name\":\"Shop\",\"item\":\"https:\/\/www.eliassen.nl\/de\/shop\/\"},{\"@type\":\"ListItem\",\"position\":3,\"name\":\"Gartenstecker\",\"item\":\"https:\/\/www.eliassen.nl\/de\/gartenstecker\/\"},{\"@type\":\"ListItem\",\"position\":4,\"name\":\"Regenmesser aus Metall\",\"item\":\"https:\/\/www.eliassen.nl\/de\/gartenstecker\/regenmesser-aus-metall\/\"},{\"@type\":\"ListItem\",\"position\":5,\"name\":\"Metall-Regenmesser mit 2 V\u00f6geln 130cm\"}]},{\"@type\":\"WebSite\",\"@id\":\"https:\/\/www.eliassen.nl\/de\/#website\",\"url\":\"https:\/\/www.eliassen.nl\/de\/\",\"name\":\"Eliassen Home & Garden Pleasure\",\"description\":\"\",\"publisher\":{\"@id\":\"https:\/\/www.eliassen.nl\/de\/#organization\"},\"alternateName\":\"Eliassen.nl\",\"potentialAction\":[{\"@type\":\"SearchAction\",\"target\":{\"@type\":\"EntryPoint\",\"urlTemplate\":\"https:\/\/www.eliassen.nl\/de\/?s={search_term_string}\"},\"query-input\":{\"@type\":\"PropertyValueSpecification\",\"valueRequired\":true,\"valueName\":\"search_term_string\"}}],\"inLanguage\":\"de\"},{\"@type\":[\"Organization\",\"Place\"],\"@id\":\"https:\/\/www.eliassen.nl\/de\/#organization\",\"name\":\"Eliassen Home & Garden Pleasure\",\"url\":\"https:\/\/www.eliassen.nl\/de\/\",\"logo\":{\"@id\":\"https:\/\/www.eliassen.nl\/de\/metall-regenmesser-mit-2-voegeln-130cm\/#local-main-organization-logo\"},\"image\":{\"@id\":\"https:\/\/www.eliassen.nl\/de\/metall-regenmesser-mit-2-voegeln-130cm\/#local-main-organization-logo\"},\"sameAs\":[\"https:\/\/www.facebook.com\/TuincentrumEliassenAmmerzoden\",\"https:\/\/www.instagram.com\/eliassenhomeandgarden\/\",\"https:\/\/nl.pinterest.com\/eliassenhomeandgarden\/\",\"https:\/\/www.youtube.com\/@eliassenhomegardenpleasure4558\"],\"telephone\":[],\"openingHoursSpecification\":[{\"@type\":\"OpeningHoursSpecification\",\"dayOfWeek\":[\"Monday\",\"Tuesday\",\"Wednesday\",\"Thursday\",\"Friday\",\"Saturday\",\"Sunday\"],\"opens\":\"09:00\",\"closes\":\"17:00\"}]},{\"@type\":\"ImageObject\",\"inLanguage\":\"de\",\"@id\":\"https:\/\/www.eliassen.nl\/de\/metall-regenmesser-mit-2-voegeln-130cm\/#local-main-organization-logo\",\"url\":\"https:\/\/www.eliassen.nl\/wp-content\/uploads\/2024\/01\/logo_4nd.jpg\",\"contentUrl\":\"https:\/\/www.eliassen.nl\/wp-content\/uploads\/2024\/01\/logo_4nd.jpg\",\"width\":500,\"height\":500,\"caption\":\"Eliassen Home & Garden Pleasure\"}]}<\/script>\n<meta property=\"product:price:amount\" content=\"44.95\" \/>\n<meta property=\"product:price:currency\" content=\"EUR\" \/>\n<meta property=\"og:availability\" content=\"instock\" \/>\n<meta property=\"product:availability\" content=\"instock\" \/>\n<meta property=\"product:retailer_item_id\" content=\"Md17985\" \/>\n<meta property=\"product:condition\" content=\"new\" \/>\n<!-- \/ Yoast SEO Premium plugin. -->","yoast_head_json":{"title":"Sonstige Metall-Regenmesser mit 2 V\u00f6geln 130cm - Eliassen.nl","description":"Ein sch\u00f6ner, sehr dekorativer Regenmesser aus Metall mit einem Vogelschwarm f\u00fcr den Garten. Eine echte Dekoration und sehr gut als Geschenk geeignet.","robots":{"index":"index","follow":"follow","max-snippet":"max-snippet:-1","max-image-preview":"max-image-preview:large","max-video-preview":"max-video-preview:-1"},"canonical":"https:\/\/www.eliassen.nl\/de\/metall-regenmesser-mit-2-voegeln-130cm\/","og_locale":"de_DE","og_type":"article","og_title":"Sonstige Metall-Regenmesser mit 2 V\u00f6geln 130cm - Eliassen.nl","og_description":"Ein sch\u00f6ner, sehr dekorativer Regenmesser aus Metall mit einem Vogelschwarm f\u00fcr den Garten. Eine echte Dekoration und sehr gut als Geschenk geeignet.","og_url":"https:\/\/www.eliassen.nl\/de\/metall-regenmesser-mit-2-voegeln-130cm\/","og_site_name":"Eliassen.nl","article_publisher":"https:\/\/www.facebook.com\/TuincentrumEliassenAmmerzoden","article_modified_time":"2026-03-12T11:06:34+00:00","og_image":[{"width":1920,"height":1440,"url":"https:\/\/www.eliassen.nl\/wp-content\/uploads\/2025\/01\/metalen-regenmeter-vogeltjes-Eliassen.nl_.jpg","type":"image\/jpeg"}],"twitter_card":"summary_large_image","schema":{"@context":"https:\/\/schema.org","@graph":[{"@type":"WebPage","@id":"https:\/\/www.eliassen.nl\/de\/metall-regenmesser-mit-2-voegeln-130cm\/","url":"https:\/\/www.eliassen.nl\/de\/metall-regenmesser-mit-2-voegeln-130cm\/","name":"Sonstige Metall-Regenmesser mit 2 V\u00f6geln 130cm - Eliassen.nl","isPartOf":{"@id":"https:\/\/www.eliassen.nl\/de\/#website"},"primaryImageOfPage":{"@id":"https:\/\/www.eliassen.nl\/de\/metall-regenmesser-mit-2-voegeln-130cm\/#primaryimage"},"image":{"@id":"https:\/\/www.eliassen.nl\/de\/metall-regenmesser-mit-2-voegeln-130cm\/#primaryimage"},"thumbnailUrl":"https:\/\/www.eliassen.nl\/wp-content\/uploads\/2025\/01\/metalen-regenmeter-vogeltjes-Eliassen.nl_.jpg","datePublished":"2025-01-24T09:59:01+00:00","dateModified":"2026-03-12T11:06:34+00:00","description":"Ein sch\u00f6ner, sehr dekorativer Regenmesser aus Metall mit einem Vogelschwarm f\u00fcr den Garten. Eine echte Dekoration und sehr gut als Geschenk geeignet.","breadcrumb":{"@id":"https:\/\/www.eliassen.nl\/de\/metall-regenmesser-mit-2-voegeln-130cm\/#breadcrumb"},"inLanguage":"de","potentialAction":[{"@type":"ReadAction","target":["https:\/\/www.eliassen.nl\/de\/metall-regenmesser-mit-2-voegeln-130cm\/"]}]},{"@type":"ImageObject","inLanguage":"de","@id":"https:\/\/www.eliassen.nl\/de\/metall-regenmesser-mit-2-voegeln-130cm\/#primaryimage","url":"https:\/\/www.eliassen.nl\/wp-content\/uploads\/2025\/01\/metalen-regenmeter-vogeltjes-Eliassen.nl_.jpg","contentUrl":"https:\/\/www.eliassen.nl\/wp-content\/uploads\/2025\/01\/metalen-regenmeter-vogeltjes-Eliassen.nl_.jpg","width":1920,"height":1440},{"@type":"BreadcrumbList","@id":"https:\/\/www.eliassen.nl\/de\/metall-regenmesser-mit-2-voegeln-130cm\/#breadcrumb","itemListElement":[{"@type":"ListItem","position":1,"name":"Home","item":"https:\/\/www.eliassen.nl\/de\/"},{"@type":"ListItem","position":2,"name":"Shop","item":"https:\/\/www.eliassen.nl\/de\/shop\/"},{"@type":"ListItem","position":3,"name":"Gartenstecker","item":"https:\/\/www.eliassen.nl\/de\/gartenstecker\/"},{"@type":"ListItem","position":4,"name":"Regenmesser aus Metall","item":"https:\/\/www.eliassen.nl\/de\/gartenstecker\/regenmesser-aus-metall\/"},{"@type":"ListItem","position":5,"name":"Metall-Regenmesser mit 2 V\u00f6geln 130cm"}]},{"@type":"WebSite","@id":"https:\/\/www.eliassen.nl\/de\/#website","url":"https:\/\/www.eliassen.nl\/de\/","name":"Eliassen Home & Garden Pleasure","description":"","publisher":{"@id":"https:\/\/www.eliassen.nl\/de\/#organization"},"alternateName":"Eliassen.nl","potentialAction":[{"@type":"SearchAction","target":{"@type":"EntryPoint","urlTemplate":"https:\/\/www.eliassen.nl\/de\/?s={search_term_string}"},"query-input":{"@type":"PropertyValueSpecification","valueRequired":true,"valueName":"search_term_string"}}],"inLanguage":"de"},{"@type":["Organization","Place"],"@id":"https:\/\/www.eliassen.nl\/de\/#organization","name":"Eliassen Home & Garden Pleasure","url":"https:\/\/www.eliassen.nl\/de\/","logo":{"@id":"https:\/\/www.eliassen.nl\/de\/metall-regenmesser-mit-2-voegeln-130cm\/#local-main-organization-logo"},"image":{"@id":"https:\/\/www.eliassen.nl\/de\/metall-regenmesser-mit-2-voegeln-130cm\/#local-main-organization-logo"},"sameAs":["https:\/\/www.facebook.com\/TuincentrumEliassenAmmerzoden","https:\/\/www.instagram.com\/eliassenhomeandgarden\/","https:\/\/nl.pinterest.com\/eliassenhomeandgarden\/","https:\/\/www.youtube.com\/@eliassenhomegardenpleasure4558"],"telephone":[],"openingHoursSpecification":[{"@type":"OpeningHoursSpecification","dayOfWeek":["Monday","Tuesday","Wednesday","Thursday","Friday","Saturday","Sunday"],"opens":"09:00","closes":"17:00"}]},{"@type":"ImageObject","inLanguage":"de","@id":"https:\/\/www.eliassen.nl\/de\/metall-regenmesser-mit-2-voegeln-130cm\/#local-main-organization-logo","url":"https:\/\/www.eliassen.nl\/wp-content\/uploads\/2024\/01\/logo_4nd.jpg","contentUrl":"https:\/\/www.eliassen.nl\/wp-content\/uploads\/2024\/01\/logo_4nd.jpg","width":500,"height":500,"caption":"Eliassen Home & Garden Pleasure"}]},"product_price_amount":"44.95","product_price_currency":"EUR","og_availability":"instock","product_availability":"instock","product_retailer_item_id":"Md17985","product_condition":"new"},"df_price":44.95,"df_sale_price":"","df_regular_price":44.95,"df_image_link":"https:\/\/www.eliassen.nl\/wp-content\/uploads\/2025\/01\/metalen-regenmeter-vogeltjes-Eliassen.nl_-300x225.jpg","image":"https:\/\/www.eliassen.nl\/wp-content\/uploads\/2025\/01\/metalen-regenmeter-vogeltjes-Eliassen.nl_-150x150.jpg","price_search":"<span class=\"woocommerce-Price-amount amount\"><bdi><span class=\"woocommerce-Price-currencySymbol\">&euro;<\/span>&nbsp;44,95<\/bdi><\/span>","category":"Gartenstecker","global_unique_id":"5410807179857","_links":{"self":[{"href":"https:\/\/www.eliassen.nl\/de\/wp-json\/wp\/v2\/product\/185353","targetHints":{"allow":["GET"]}}],"collection":[{"href":"https:\/\/www.eliassen.nl\/de\/wp-json\/wp\/v2\/product"}],"about":[{"href":"https:\/\/www.eliassen.nl\/de\/wp-json\/wp\/v2\/types\/product"}],"wp:featuredmedia":[{"embeddable":true,"href":"https:\/\/www.eliassen.nl\/de\/wp-json\/wp\/v2\/media\/170913"}],"wp:attachment":[{"href":"https:\/\/www.eliassen.nl\/de\/wp-json\/wp\/v2\/media?parent=185353"}],"wp:term":[{"taxonomy":"product_brand","embeddable":true,"href":"https:\/\/www.eliassen.nl\/de\/wp-json\/wp\/v2\/product_brand?post=185353"},{"taxonomy":"product_cat","embeddable":true,"href":"https:\/\/www.eliassen.nl\/de\/wp-json\/wp\/v2\/product_cat?post=185353"},{"taxonomy":"product_tag","embeddable":true,"href":"https:\/\/www.eliassen.nl\/de\/wp-json\/wp\/v2\/product_tag?post=185353"}],"curies":[{"name":"wp","href":"https:\/\/api.w.org\/{rel}","templated":true}]}}