{"id":184965,"date":"2025-04-15T16:31:39","date_gmt":"2025-04-15T14:31:39","guid":{"rendered":"https:\/\/www.eliassen.nl\/product\/wippe-metallgefedert-28cm-in-gelb-oder-orange\/"},"modified":"2026-02-23T09:16:02","modified_gmt":"2026-02-23T08:16:02","slug":"wippe-metallgefedert-28cm-in-gelb-oder-orange","status":"publish","type":"product","link":"https:\/\/www.eliassen.nl\/de\/wippe-metallgefedert-28cm-in-gelb-oder-orange\/","title":{"rendered":"Wippe metallgefedert 28cm in gelb oder orange"},"content":{"rendered":"<div style=\"width: 540px;\" class=\"wp-video\"><video class=\"wp-video-shortcode\" id=\"video-184965-1\" width=\"540\" height=\"540\" preload=\"metadata\" controls=\"controls\"><source type=\"video\/mp4\" src=\"https:\/\/www.eliassen.nl\/wp-content\/uploads\/2025\/04\/Wipkipje-metaal-verend-28cm-in-geel-of-oranje-eliassen.nl_.mp4?_=1\" \/><a href=\"https:\/\/www.eliassen.nl\/wp-content\/uploads\/2025\/04\/Wipkipje-metaal-verend-28cm-in-geel-of-oranje-eliassen.nl_.mp4\">https:\/\/www.eliassen.nl\/wp-content\/uploads\/2025\/04\/Wipkipje-metaal-verend-28cm-in-geel-of-oranje-eliassen.nl_.mp4<\/a><\/video><\/div>\n<p>Huhn aus Metall in fr\u00f6hlichen Farben, steht auf gro\u00dfen Federn, so dass das Huhn fr\u00f6hlich in Ihrem Garten hin und her l\u00e4uft.<\/p>\n<p>Gr\u00f6\u00dfe 25x21x28cm<\/p>\n<p>Bitte geben Sie w\u00e4hrend des Bestellvorgangs im Kommentarfeld an, welche Farbe Sie w\u00fcnschen.<\/p>\n<p>&nbsp;<\/p>\n","protected":false},"excerpt":{"rendered":"<p>\u2714 Fr\u00f6hliche Dekoration \u2714 Sehr gut als Geschenk geeignet<\/p>\n","protected":false},"featured_media":168883,"template":"","meta":{"_acf_changed":false,"_genesis_title":"","_genesis_description":""},"product_brand":[7505],"product_cat":[665,659],"product_tag":[],"class_list":{"0":"post-184965","1":"product","2":"type-product","3":"status-publish","4":"has-post-thumbnail","6":"product_brand-sonstige","7":"product_cat-dekofiguren-aus-metall","8":"product_cat-dekoration-aus-metall","10":"first","11":"instock","12":"taxable","13":"shipping-taxable","14":"purchasable","15":"product-type-variable"},"acf":[],"meta_all":{"total_sales":"15","cor_restricted_countries":[]},"meta_all_flat":{"total_sales":"15"},"yoast_head":"<!-- This site is optimized with the Yoast SEO Premium plugin v26.2 (Yoast SEO v27.2) - https:\/\/yoast.com\/product\/yoast-seo-premium-wordpress\/ -->\n<title>Sonstige Wippe metallgefedert 28cm in gelb oder orange - Eliassen.nl<\/title>\n<meta name=\"description\" content=\"Ein fr\u00f6hlicher, dekorativer Hahn aus Metall f\u00fcr drinnen oder im Garten. Eine fr\u00f6hliche Dekoration, die sich auch gut als Geschenk eignet. Schnelle Lieferung.\" \/>\n<meta name=\"robots\" content=\"index, follow, max-snippet:-1, max-image-preview:large, max-video-preview:-1\" \/>\n<link rel=\"canonical\" href=\"https:\/\/www.eliassen.nl\/de\/wippe-metallgefedert-28cm-in-gelb-oder-orange\/\" \/>\n<meta property=\"og:locale\" content=\"de_DE\" \/>\n<meta property=\"og:type\" content=\"article\" \/>\n<meta property=\"og:title\" content=\"Sonstige Wippe metallgefedert 28cm in gelb oder orange - Eliassen.nl\" \/>\n<meta property=\"og:description\" content=\"Ein fr\u00f6hlicher, dekorativer Hahn aus Metall f\u00fcr drinnen oder im Garten. Eine fr\u00f6hliche Dekoration, die sich auch gut als Geschenk eignet. Schnelle Lieferung.\" \/>\n<meta property=\"og:url\" content=\"https:\/\/www.eliassen.nl\/de\/wippe-metallgefedert-28cm-in-gelb-oder-orange\/\" \/>\n<meta property=\"og:site_name\" content=\"Eliassen.nl\" \/>\n<meta property=\"article:publisher\" content=\"https:\/\/www.facebook.com\/TuincentrumEliassenAmmerzoden\" \/>\n<meta property=\"article:modified_time\" content=\"2026-02-23T08:16:02+00:00\" \/>\n<meta property=\"og:image\" content=\"https:\/\/www.eliassen.nl\/wp-content\/uploads\/2024\/12\/Wip-haantje-Aaike-30cm-Eliassen.nl-247686.jpg\" \/>\n\t<meta property=\"og:image:width\" content=\"1094\" \/>\n\t<meta property=\"og:image:height\" content=\"1353\" \/>\n\t<meta property=\"og:image:type\" content=\"image\/jpeg\" \/>\n<meta name=\"twitter:card\" content=\"summary_large_image\" \/>\n<script type=\"application\/ld+json\" class=\"yoast-schema-graph\">{\"@context\":\"https:\/\/schema.org\",\"@graph\":[{\"@type\":\"WebPage\",\"@id\":\"https:\/\/www.eliassen.nl\/de\/wippe-metallgefedert-28cm-in-gelb-oder-orange\/\",\"url\":\"https:\/\/www.eliassen.nl\/de\/wippe-metallgefedert-28cm-in-gelb-oder-orange\/\",\"name\":\"Sonstige Wippe metallgefedert 28cm in gelb oder orange - Eliassen.nl\",\"isPartOf\":{\"@id\":\"https:\/\/www.eliassen.nl\/de\/#website\"},\"primaryImageOfPage\":{\"@id\":\"https:\/\/www.eliassen.nl\/de\/wippe-metallgefedert-28cm-in-gelb-oder-orange\/#primaryimage\"},\"image\":{\"@id\":\"https:\/\/www.eliassen.nl\/de\/wippe-metallgefedert-28cm-in-gelb-oder-orange\/#primaryimage\"},\"thumbnailUrl\":\"https:\/\/www.eliassen.nl\/wp-content\/uploads\/2024\/12\/Wip-haantje-Aaike-30cm-Eliassen.nl-247686.jpg\",\"datePublished\":\"2025-04-15T14:31:39+00:00\",\"dateModified\":\"2026-02-23T08:16:02+00:00\",\"description\":\"Ein fr\u00f6hlicher, dekorativer Hahn aus Metall f\u00fcr drinnen oder im Garten. Eine fr\u00f6hliche Dekoration, die sich auch gut als Geschenk eignet. Schnelle Lieferung.\",\"breadcrumb\":{\"@id\":\"https:\/\/www.eliassen.nl\/de\/wippe-metallgefedert-28cm-in-gelb-oder-orange\/#breadcrumb\"},\"inLanguage\":\"de\",\"potentialAction\":[{\"@type\":\"ReadAction\",\"target\":[\"https:\/\/www.eliassen.nl\/de\/wippe-metallgefedert-28cm-in-gelb-oder-orange\/\"]}]},{\"@type\":\"ImageObject\",\"inLanguage\":\"de\",\"@id\":\"https:\/\/www.eliassen.nl\/de\/wippe-metallgefedert-28cm-in-gelb-oder-orange\/#primaryimage\",\"url\":\"https:\/\/www.eliassen.nl\/wp-content\/uploads\/2024\/12\/Wip-haantje-Aaike-30cm-Eliassen.nl-247686.jpg\",\"contentUrl\":\"https:\/\/www.eliassen.nl\/wp-content\/uploads\/2024\/12\/Wip-haantje-Aaike-30cm-Eliassen.nl-247686.jpg\",\"width\":1094,\"height\":1353},{\"@type\":\"BreadcrumbList\",\"@id\":\"https:\/\/www.eliassen.nl\/de\/wippe-metallgefedert-28cm-in-gelb-oder-orange\/#breadcrumb\",\"itemListElement\":[{\"@type\":\"ListItem\",\"position\":1,\"name\":\"Home\",\"item\":\"https:\/\/www.eliassen.nl\/de\/\"},{\"@type\":\"ListItem\",\"position\":2,\"name\":\"Shop\",\"item\":\"https:\/\/www.eliassen.nl\/de\/shop\/\"},{\"@type\":\"ListItem\",\"position\":3,\"name\":\"Dekoration aus Metall\",\"item\":\"https:\/\/www.eliassen.nl\/de\/dekoration-aus-metall\/\"},{\"@type\":\"ListItem\",\"position\":4,\"name\":\"Wippe metallgefedert 28cm in gelb oder orange\"}]},{\"@type\":\"WebSite\",\"@id\":\"https:\/\/www.eliassen.nl\/de\/#website\",\"url\":\"https:\/\/www.eliassen.nl\/de\/\",\"name\":\"Eliassen Home & Garden Pleasure\",\"description\":\"\",\"publisher\":{\"@id\":\"https:\/\/www.eliassen.nl\/de\/#organization\"},\"alternateName\":\"Eliassen.nl\",\"potentialAction\":[{\"@type\":\"SearchAction\",\"target\":{\"@type\":\"EntryPoint\",\"urlTemplate\":\"https:\/\/www.eliassen.nl\/de\/?s={search_term_string}\"},\"query-input\":{\"@type\":\"PropertyValueSpecification\",\"valueRequired\":true,\"valueName\":\"search_term_string\"}}],\"inLanguage\":\"de\"},{\"@type\":[\"Organization\",\"Place\"],\"@id\":\"https:\/\/www.eliassen.nl\/de\/#organization\",\"name\":\"Eliassen Home & Garden Pleasure\",\"url\":\"https:\/\/www.eliassen.nl\/de\/\",\"logo\":{\"@id\":\"https:\/\/www.eliassen.nl\/de\/wippe-metallgefedert-28cm-in-gelb-oder-orange\/#local-main-organization-logo\"},\"image\":{\"@id\":\"https:\/\/www.eliassen.nl\/de\/wippe-metallgefedert-28cm-in-gelb-oder-orange\/#local-main-organization-logo\"},\"sameAs\":[\"https:\/\/www.facebook.com\/TuincentrumEliassenAmmerzoden\",\"https:\/\/www.instagram.com\/eliassenhomeandgarden\/\",\"https:\/\/nl.pinterest.com\/eliassenhomeandgarden\/\",\"https:\/\/www.youtube.com\/@eliassenhomegardenpleasure4558\"],\"telephone\":[],\"openingHoursSpecification\":[{\"@type\":\"OpeningHoursSpecification\",\"dayOfWeek\":[\"Monday\",\"Tuesday\",\"Wednesday\",\"Thursday\",\"Friday\",\"Saturday\",\"Sunday\"],\"opens\":\"09:00\",\"closes\":\"17:00\"}]},{\"@type\":\"ImageObject\",\"inLanguage\":\"de\",\"@id\":\"https:\/\/www.eliassen.nl\/de\/wippe-metallgefedert-28cm-in-gelb-oder-orange\/#local-main-organization-logo\",\"url\":\"https:\/\/www.eliassen.nl\/wp-content\/uploads\/2024\/01\/logo_4nd.jpg\",\"contentUrl\":\"https:\/\/www.eliassen.nl\/wp-content\/uploads\/2024\/01\/logo_4nd.jpg\",\"width\":500,\"height\":500,\"caption\":\"Eliassen Home & Garden Pleasure\"}]}<\/script>\n<meta property=\"og:availability\" content=\"instock\" \/>\n<meta property=\"product:availability\" content=\"instock\" \/>\n<meta property=\"product:retailer_item_id\" content=\"557105580\" \/>\n<meta property=\"product:condition\" content=\"new\" \/>\n<!-- \/ Yoast SEO Premium plugin. -->","yoast_head_json":{"title":"Sonstige Wippe metallgefedert 28cm in gelb oder orange - Eliassen.nl","description":"Ein fr\u00f6hlicher, dekorativer Hahn aus Metall f\u00fcr drinnen oder im Garten. Eine fr\u00f6hliche Dekoration, die sich auch gut als Geschenk eignet. Schnelle Lieferung.","robots":{"index":"index","follow":"follow","max-snippet":"max-snippet:-1","max-image-preview":"max-image-preview:large","max-video-preview":"max-video-preview:-1"},"canonical":"https:\/\/www.eliassen.nl\/de\/wippe-metallgefedert-28cm-in-gelb-oder-orange\/","og_locale":"de_DE","og_type":"article","og_title":"Sonstige Wippe metallgefedert 28cm in gelb oder orange - Eliassen.nl","og_description":"Ein fr\u00f6hlicher, dekorativer Hahn aus Metall f\u00fcr drinnen oder im Garten. Eine fr\u00f6hliche Dekoration, die sich auch gut als Geschenk eignet. Schnelle Lieferung.","og_url":"https:\/\/www.eliassen.nl\/de\/wippe-metallgefedert-28cm-in-gelb-oder-orange\/","og_site_name":"Eliassen.nl","article_publisher":"https:\/\/www.facebook.com\/TuincentrumEliassenAmmerzoden","article_modified_time":"2026-02-23T08:16:02+00:00","og_image":[{"width":1094,"height":1353,"url":"https:\/\/www.eliassen.nl\/wp-content\/uploads\/2024\/12\/Wip-haantje-Aaike-30cm-Eliassen.nl-247686.jpg","type":"image\/jpeg"}],"twitter_card":"summary_large_image","schema":{"@context":"https:\/\/schema.org","@graph":[{"@type":"WebPage","@id":"https:\/\/www.eliassen.nl\/de\/wippe-metallgefedert-28cm-in-gelb-oder-orange\/","url":"https:\/\/www.eliassen.nl\/de\/wippe-metallgefedert-28cm-in-gelb-oder-orange\/","name":"Sonstige Wippe metallgefedert 28cm in gelb oder orange - Eliassen.nl","isPartOf":{"@id":"https:\/\/www.eliassen.nl\/de\/#website"},"primaryImageOfPage":{"@id":"https:\/\/www.eliassen.nl\/de\/wippe-metallgefedert-28cm-in-gelb-oder-orange\/#primaryimage"},"image":{"@id":"https:\/\/www.eliassen.nl\/de\/wippe-metallgefedert-28cm-in-gelb-oder-orange\/#primaryimage"},"thumbnailUrl":"https:\/\/www.eliassen.nl\/wp-content\/uploads\/2024\/12\/Wip-haantje-Aaike-30cm-Eliassen.nl-247686.jpg","datePublished":"2025-04-15T14:31:39+00:00","dateModified":"2026-02-23T08:16:02+00:00","description":"Ein fr\u00f6hlicher, dekorativer Hahn aus Metall f\u00fcr drinnen oder im Garten. Eine fr\u00f6hliche Dekoration, die sich auch gut als Geschenk eignet. Schnelle Lieferung.","breadcrumb":{"@id":"https:\/\/www.eliassen.nl\/de\/wippe-metallgefedert-28cm-in-gelb-oder-orange\/#breadcrumb"},"inLanguage":"de","potentialAction":[{"@type":"ReadAction","target":["https:\/\/www.eliassen.nl\/de\/wippe-metallgefedert-28cm-in-gelb-oder-orange\/"]}]},{"@type":"ImageObject","inLanguage":"de","@id":"https:\/\/www.eliassen.nl\/de\/wippe-metallgefedert-28cm-in-gelb-oder-orange\/#primaryimage","url":"https:\/\/www.eliassen.nl\/wp-content\/uploads\/2024\/12\/Wip-haantje-Aaike-30cm-Eliassen.nl-247686.jpg","contentUrl":"https:\/\/www.eliassen.nl\/wp-content\/uploads\/2024\/12\/Wip-haantje-Aaike-30cm-Eliassen.nl-247686.jpg","width":1094,"height":1353},{"@type":"BreadcrumbList","@id":"https:\/\/www.eliassen.nl\/de\/wippe-metallgefedert-28cm-in-gelb-oder-orange\/#breadcrumb","itemListElement":[{"@type":"ListItem","position":1,"name":"Home","item":"https:\/\/www.eliassen.nl\/de\/"},{"@type":"ListItem","position":2,"name":"Shop","item":"https:\/\/www.eliassen.nl\/de\/shop\/"},{"@type":"ListItem","position":3,"name":"Dekoration aus Metall","item":"https:\/\/www.eliassen.nl\/de\/dekoration-aus-metall\/"},{"@type":"ListItem","position":4,"name":"Wippe metallgefedert 28cm in gelb oder orange"}]},{"@type":"WebSite","@id":"https:\/\/www.eliassen.nl\/de\/#website","url":"https:\/\/www.eliassen.nl\/de\/","name":"Eliassen Home & Garden Pleasure","description":"","publisher":{"@id":"https:\/\/www.eliassen.nl\/de\/#organization"},"alternateName":"Eliassen.nl","potentialAction":[{"@type":"SearchAction","target":{"@type":"EntryPoint","urlTemplate":"https:\/\/www.eliassen.nl\/de\/?s={search_term_string}"},"query-input":{"@type":"PropertyValueSpecification","valueRequired":true,"valueName":"search_term_string"}}],"inLanguage":"de"},{"@type":["Organization","Place"],"@id":"https:\/\/www.eliassen.nl\/de\/#organization","name":"Eliassen Home & Garden Pleasure","url":"https:\/\/www.eliassen.nl\/de\/","logo":{"@id":"https:\/\/www.eliassen.nl\/de\/wippe-metallgefedert-28cm-in-gelb-oder-orange\/#local-main-organization-logo"},"image":{"@id":"https:\/\/www.eliassen.nl\/de\/wippe-metallgefedert-28cm-in-gelb-oder-orange\/#local-main-organization-logo"},"sameAs":["https:\/\/www.facebook.com\/TuincentrumEliassenAmmerzoden","https:\/\/www.instagram.com\/eliassenhomeandgarden\/","https:\/\/nl.pinterest.com\/eliassenhomeandgarden\/","https:\/\/www.youtube.com\/@eliassenhomegardenpleasure4558"],"telephone":[],"openingHoursSpecification":[{"@type":"OpeningHoursSpecification","dayOfWeek":["Monday","Tuesday","Wednesday","Thursday","Friday","Saturday","Sunday"],"opens":"09:00","closes":"17:00"}]},{"@type":"ImageObject","inLanguage":"de","@id":"https:\/\/www.eliassen.nl\/de\/wippe-metallgefedert-28cm-in-gelb-oder-orange\/#local-main-organization-logo","url":"https:\/\/www.eliassen.nl\/wp-content\/uploads\/2024\/01\/logo_4nd.jpg","contentUrl":"https:\/\/www.eliassen.nl\/wp-content\/uploads\/2024\/01\/logo_4nd.jpg","width":500,"height":500,"caption":"Eliassen Home & Garden Pleasure"}]},"og_availability":"instock","product_availability":"instock","product_retailer_item_id":"557105580","product_condition":"new"},"df_price":17.5,"df_sale_price":"","df_regular_price":17.5,"df_image_link":"https:\/\/www.eliassen.nl\/wp-content\/uploads\/2024\/12\/Wip-haantje-Aaike-30cm-Eliassen.nl-247686-243x300.jpg","image":"https:\/\/www.eliassen.nl\/wp-content\/uploads\/2024\/12\/Wip-haantje-Aaike-30cm-Eliassen.nl-247686-150x150.jpg","price_search":"<span class=\"woocommerce-Price-amount amount\"><bdi><span class=\"woocommerce-Price-currencySymbol\">&euro;<\/span>&nbsp;17,50<\/bdi><\/span>","category":"Dekofiguren aus Metall","global_unique_id":"8721037359566","_links":{"self":[{"href":"https:\/\/www.eliassen.nl\/de\/wp-json\/wp\/v2\/product\/184965","targetHints":{"allow":["GET"]}}],"collection":[{"href":"https:\/\/www.eliassen.nl\/de\/wp-json\/wp\/v2\/product"}],"about":[{"href":"https:\/\/www.eliassen.nl\/de\/wp-json\/wp\/v2\/types\/product"}],"wp:featuredmedia":[{"embeddable":true,"href":"https:\/\/www.eliassen.nl\/de\/wp-json\/wp\/v2\/media\/168883"}],"wp:attachment":[{"href":"https:\/\/www.eliassen.nl\/de\/wp-json\/wp\/v2\/media?parent=184965"}],"wp:term":[{"taxonomy":"product_brand","embeddable":true,"href":"https:\/\/www.eliassen.nl\/de\/wp-json\/wp\/v2\/product_brand?post=184965"},{"taxonomy":"product_cat","embeddable":true,"href":"https:\/\/www.eliassen.nl\/de\/wp-json\/wp\/v2\/product_cat?post=184965"},{"taxonomy":"product_tag","embeddable":true,"href":"https:\/\/www.eliassen.nl\/de\/wp-json\/wp\/v2\/product_tag?post=184965"}],"curies":[{"name":"wp","href":"https:\/\/api.w.org\/{rel}","templated":true}]}}