{"id":18475,"date":"2019-10-28T19:07:06","date_gmt":"2019-10-28T19:07:06","guid":{"rendered":"https:\/\/www.eliassen.nl\/?product=leinwandbild-80-x-80-cm-feder"},"modified":"2026-01-07T13:20:42","modified_gmt":"2026-01-07T12:20:42","slug":"leinwandbild-80-x-80-cm-feder","status":"publish","type":"product","link":"https:\/\/www.eliassen.nl\/de\/leinwandbild-80-x-80-cm-feder\/","title":{"rendered":"Leinwand Gem\u00e4lde 80 x 80 cm Feder"},"content":{"rendered":"<p>M\u00f6chten Sie ein \u00d6lgem\u00e4lde auf Leinwand, das auf altmodische Art und Weise und von den besten Kunsthandwerkern gemalt wurde? Dann ist diese Serie von Wanddekorationen genau das Richtige f\u00fcr Sie. Dieses gro\u00dfe Gem\u00e4lde, das eine Landschaft darstellt, wurde sorgf\u00e4ltig mit den feinsten Farbkompositionen und mit gro\u00dfer Aufmerksamkeit f\u00fcr den letzten Schliff angefertigt!<br \/>Da es von Menschenhand gemacht ist, kann das Foto leicht von der Realit\u00e4t abweichen.<\/p>\n<p><strong>Wir haben auch fast die gesamte Kollektion dieser Serie in unserem Gesch\u00e4ft, was in den Niederlanden einzigartig ist.<\/strong><br \/><strong>Nirgendwo finden Sie eine so gro\u00dfe Sammlung. Sie sind herzlich willkommen.<\/strong><\/p>\n<ul>\n<li>  Gr\u00f6\u00dfe 80 x 80 cm<\/li>\n<li>  Dicker 5cm Holzrahmen<\/li>\n<li>  Auch die Seiten bemalt<\/li>\n<li>  Dickes und robustes echtes Segeltuch<\/li>\n<li>  Einfach mit 2 Schrauben aufzuh\u00e4ngen<\/li>\n<li> Schnelle Lieferung<\/li>\n<li><strong>  Gr\u00f6\u00dfte Gem\u00e4ldesammlung in den Benelux-L\u00e4ndern, die auch live besichtigt werden kann.<\/strong><\/li>\n<li>1 Jahr Garantie<\/li>\n<\/ul>\n","protected":false},"excerpt":{"rendered":"<p>M\u00f6chten Sie ein \u00d6lgem\u00e4lde auf Leinwand, das auf altmodische Art und Weise und von den besten Kunsthandwerkern gemalt wurde? Dann ist diese Serie von Wanddekorationen genau das Richtige f\u00fcr Sie. Dieses gro\u00dfe Gem\u00e4lde, das eine Landschaft darstellt, wurde sorgf\u00e4ltig mit den feinsten Farbkompositionen und mit gro\u00dfer Aufmerksamkeit f\u00fcr den letzten Schliff angefertigt!Da es von Menschenhand &hellip;<\/p>\n","protected":false},"featured_media":18472,"template":"","meta":{"_acf_changed":false,"_genesis_title":"","_genesis_description":""},"product_brand":[7505],"product_cat":[410,476],"product_tag":[],"class_list":{"0":"post-18475","1":"product","2":"type-product","3":"status-publish","4":"has-post-thumbnail","6":"product_brand-sonstige","7":"product_cat-gemaelde","8":"product_cat-gemaelde-auf-leinwand","10":"first","11":"instock","12":"sale","13":"taxable","14":"shipping-taxable","15":"purchasable","16":"product-type-simple"},"acf":[],"meta_all":{"total_sales":"0","wcml_sync_hash":{"postmeta_fields":"cb600413e49852048396ea6d28dd83fc"},"attr_label_translations":[]},"meta_all_flat":{"total_sales":"0","wcml_sync_hash.postmeta_fields":"cb600413e49852048396ea6d28dd83fc"},"yoast_head":"<!-- This site is optimized with the Yoast SEO Premium plugin v26.2 (Yoast SEO v27.2) - https:\/\/yoast.com\/product\/yoast-seo-premium-wordpress\/ -->\n<title>Leinwand Gem\u00e4lde 80 x 80 cm Feather | Eliassen<\/title>\n<meta name=\"description\" content=\"Kaufen Sie bei Eliassen das Leinwandgem\u00e4lde 80 x 80 cm Feather online oder sehen Sie es sich live im Ausstellungsraum an. Wir haben die sch\u00f6nsten Gem\u00e4lde, Leinwandbilder\" \/>\n<meta name=\"robots\" content=\"index, follow, max-snippet:-1, max-image-preview:large, max-video-preview:-1\" \/>\n<link rel=\"canonical\" href=\"https:\/\/www.eliassen.nl\/de\/leinwandbild-80-x-80-cm-feder\/\" \/>\n<meta property=\"og:locale\" content=\"de_DE\" \/>\n<meta property=\"og:type\" content=\"article\" \/>\n<meta property=\"og:title\" content=\"Sonstige Leinwand Gem\u00e4lde 80 x 80 cm Feder - Eliassen.nl\" \/>\n<meta property=\"og:description\" content=\"Kaufen Sie bei Eliassen das Leinwandgem\u00e4lde 80 x 80 cm Feather online oder sehen Sie es sich live im Ausstellungsraum an. Wir haben die sch\u00f6nsten Gem\u00e4lde, Leinwandbilder\" \/>\n<meta property=\"og:url\" content=\"https:\/\/www.eliassen.nl\/de\/leinwandbild-80-x-80-cm-feder\/\" \/>\n<meta property=\"og:site_name\" content=\"Eliassen.nl\" \/>\n<meta property=\"article:publisher\" content=\"https:\/\/www.facebook.com\/TuincentrumEliassenAmmerzoden\" \/>\n<meta property=\"article:modified_time\" content=\"2026-01-07T12:20:42+00:00\" \/>\n<meta property=\"og:image\" content=\"https:\/\/www.eliassen.nl\/wp-content\/uploads\/2024\/01\/cd1001080x80cm.jpg\" \/>\n\t<meta property=\"og:image:width\" content=\"1000\" \/>\n\t<meta property=\"og:image:height\" content=\"750\" \/>\n\t<meta property=\"og:image:type\" content=\"image\/jpeg\" \/>\n<meta name=\"twitter:card\" content=\"summary_large_image\" \/>\n<script type=\"application\/ld+json\" class=\"yoast-schema-graph\">{\"@context\":\"https:\/\/schema.org\",\"@graph\":[{\"@type\":\"WebPage\",\"@id\":\"https:\/\/www.eliassen.nl\/de\/leinwandbild-80-x-80-cm-feder\/\",\"url\":\"https:\/\/www.eliassen.nl\/de\/leinwandbild-80-x-80-cm-feder\/\",\"name\":\"Leinwand Gem\u00e4lde 80 x 80 cm Feather | Eliassen\",\"isPartOf\":{\"@id\":\"https:\/\/www.eliassen.nl\/de\/#website\"},\"primaryImageOfPage\":{\"@id\":\"https:\/\/www.eliassen.nl\/de\/leinwandbild-80-x-80-cm-feder\/#primaryimage\"},\"image\":{\"@id\":\"https:\/\/www.eliassen.nl\/de\/leinwandbild-80-x-80-cm-feder\/#primaryimage\"},\"thumbnailUrl\":\"https:\/\/www.eliassen.nl\/wp-content\/uploads\/2024\/01\/cd1001080x80cm.jpg\",\"datePublished\":\"2019-10-28T19:07:06+00:00\",\"dateModified\":\"2026-01-07T12:20:42+00:00\",\"description\":\"Kaufen Sie bei Eliassen das Leinwandgem\u00e4lde 80 x 80 cm Feather online oder sehen Sie es sich live im Ausstellungsraum an. Wir haben die sch\u00f6nsten Gem\u00e4lde, Leinwandbilder\",\"breadcrumb\":{\"@id\":\"https:\/\/www.eliassen.nl\/de\/leinwandbild-80-x-80-cm-feder\/#breadcrumb\"},\"inLanguage\":\"de\",\"potentialAction\":[{\"@type\":\"ReadAction\",\"target\":[\"https:\/\/www.eliassen.nl\/de\/leinwandbild-80-x-80-cm-feder\/\"]}]},{\"@type\":\"ImageObject\",\"inLanguage\":\"de\",\"@id\":\"https:\/\/www.eliassen.nl\/de\/leinwandbild-80-x-80-cm-feder\/#primaryimage\",\"url\":\"https:\/\/www.eliassen.nl\/wp-content\/uploads\/2024\/01\/cd1001080x80cm.jpg\",\"contentUrl\":\"https:\/\/www.eliassen.nl\/wp-content\/uploads\/2024\/01\/cd1001080x80cm.jpg\",\"width\":1000,\"height\":750,\"caption\":\"cd10010-80x80-cm\"},{\"@type\":\"BreadcrumbList\",\"@id\":\"https:\/\/www.eliassen.nl\/de\/leinwandbild-80-x-80-cm-feder\/#breadcrumb\",\"itemListElement\":[{\"@type\":\"ListItem\",\"position\":1,\"name\":\"Home\",\"item\":\"https:\/\/www.eliassen.nl\/de\/\"},{\"@type\":\"ListItem\",\"position\":2,\"name\":\"Shop\",\"item\":\"https:\/\/www.eliassen.nl\/de\/shop\/\"},{\"@type\":\"ListItem\",\"position\":3,\"name\":\"Gem\u00e4lde\",\"item\":\"https:\/\/www.eliassen.nl\/de\/gemaelde\/\"},{\"@type\":\"ListItem\",\"position\":4,\"name\":\"Gem\u00e4lde auf Leinwand\",\"item\":\"https:\/\/www.eliassen.nl\/de\/gemaelde\/gemaelde-auf-leinwand\/\"},{\"@type\":\"ListItem\",\"position\":5,\"name\":\"Leinwand Gem\u00e4lde 80 x 80 cm Feder\"}]},{\"@type\":\"WebSite\",\"@id\":\"https:\/\/www.eliassen.nl\/de\/#website\",\"url\":\"https:\/\/www.eliassen.nl\/de\/\",\"name\":\"Eliassen Home & Garden Pleasure\",\"description\":\"\",\"publisher\":{\"@id\":\"https:\/\/www.eliassen.nl\/de\/#organization\"},\"alternateName\":\"Eliassen.nl\",\"potentialAction\":[{\"@type\":\"SearchAction\",\"target\":{\"@type\":\"EntryPoint\",\"urlTemplate\":\"https:\/\/www.eliassen.nl\/de\/?s={search_term_string}\"},\"query-input\":{\"@type\":\"PropertyValueSpecification\",\"valueRequired\":true,\"valueName\":\"search_term_string\"}}],\"inLanguage\":\"de\"},{\"@type\":[\"Organization\",\"Place\"],\"@id\":\"https:\/\/www.eliassen.nl\/de\/#organization\",\"name\":\"Eliassen Home & Garden Pleasure\",\"url\":\"https:\/\/www.eliassen.nl\/de\/\",\"logo\":{\"@id\":\"https:\/\/www.eliassen.nl\/de\/leinwandbild-80-x-80-cm-feder\/#local-main-organization-logo\"},\"image\":{\"@id\":\"https:\/\/www.eliassen.nl\/de\/leinwandbild-80-x-80-cm-feder\/#local-main-organization-logo\"},\"sameAs\":[\"https:\/\/www.facebook.com\/TuincentrumEliassenAmmerzoden\",\"https:\/\/www.instagram.com\/eliassenhomeandgarden\/\",\"https:\/\/nl.pinterest.com\/eliassenhomeandgarden\/\",\"https:\/\/www.youtube.com\/@eliassenhomegardenpleasure4558\"],\"telephone\":[],\"openingHoursSpecification\":[{\"@type\":\"OpeningHoursSpecification\",\"dayOfWeek\":[\"Monday\",\"Tuesday\",\"Wednesday\",\"Thursday\",\"Friday\",\"Saturday\",\"Sunday\"],\"opens\":\"09:00\",\"closes\":\"17:00\"}]},{\"@type\":\"ImageObject\",\"inLanguage\":\"de\",\"@id\":\"https:\/\/www.eliassen.nl\/de\/leinwandbild-80-x-80-cm-feder\/#local-main-organization-logo\",\"url\":\"https:\/\/www.eliassen.nl\/wp-content\/uploads\/2024\/01\/logo_4nd.jpg\",\"contentUrl\":\"https:\/\/www.eliassen.nl\/wp-content\/uploads\/2024\/01\/logo_4nd.jpg\",\"width\":500,\"height\":500,\"caption\":\"Eliassen Home & Garden Pleasure\"}]}<\/script>\n<meta property=\"product:price:amount\" content=\"59.00\" \/>\n<meta property=\"product:price:currency\" content=\"EUR\" \/>\n<meta property=\"og:availability\" content=\"instock\" \/>\n<meta property=\"product:availability\" content=\"instock\" \/>\n<meta property=\"product:retailer_item_id\" content=\"Tcd10010\" \/>\n<meta property=\"product:condition\" content=\"new\" \/>\n<!-- \/ Yoast SEO Premium plugin. -->","yoast_head_json":{"title":"Leinwand Gem\u00e4lde 80 x 80 cm Feather | Eliassen","description":"Kaufen Sie bei Eliassen das Leinwandgem\u00e4lde 80 x 80 cm Feather online oder sehen Sie es sich live im Ausstellungsraum an. Wir haben die sch\u00f6nsten Gem\u00e4lde, Leinwandbilder","robots":{"index":"index","follow":"follow","max-snippet":"max-snippet:-1","max-image-preview":"max-image-preview:large","max-video-preview":"max-video-preview:-1"},"canonical":"https:\/\/www.eliassen.nl\/de\/leinwandbild-80-x-80-cm-feder\/","og_locale":"de_DE","og_type":"article","og_title":"Sonstige Leinwand Gem\u00e4lde 80 x 80 cm Feder - Eliassen.nl","og_description":"Kaufen Sie bei Eliassen das Leinwandgem\u00e4lde 80 x 80 cm Feather online oder sehen Sie es sich live im Ausstellungsraum an. Wir haben die sch\u00f6nsten Gem\u00e4lde, Leinwandbilder","og_url":"https:\/\/www.eliassen.nl\/de\/leinwandbild-80-x-80-cm-feder\/","og_site_name":"Eliassen.nl","article_publisher":"https:\/\/www.facebook.com\/TuincentrumEliassenAmmerzoden","article_modified_time":"2026-01-07T12:20:42+00:00","og_image":[{"width":1000,"height":750,"url":"https:\/\/www.eliassen.nl\/wp-content\/uploads\/2024\/01\/cd1001080x80cm.jpg","type":"image\/jpeg"}],"twitter_card":"summary_large_image","schema":{"@context":"https:\/\/schema.org","@graph":[{"@type":"WebPage","@id":"https:\/\/www.eliassen.nl\/de\/leinwandbild-80-x-80-cm-feder\/","url":"https:\/\/www.eliassen.nl\/de\/leinwandbild-80-x-80-cm-feder\/","name":"Leinwand Gem\u00e4lde 80 x 80 cm Feather | Eliassen","isPartOf":{"@id":"https:\/\/www.eliassen.nl\/de\/#website"},"primaryImageOfPage":{"@id":"https:\/\/www.eliassen.nl\/de\/leinwandbild-80-x-80-cm-feder\/#primaryimage"},"image":{"@id":"https:\/\/www.eliassen.nl\/de\/leinwandbild-80-x-80-cm-feder\/#primaryimage"},"thumbnailUrl":"https:\/\/www.eliassen.nl\/wp-content\/uploads\/2024\/01\/cd1001080x80cm.jpg","datePublished":"2019-10-28T19:07:06+00:00","dateModified":"2026-01-07T12:20:42+00:00","description":"Kaufen Sie bei Eliassen das Leinwandgem\u00e4lde 80 x 80 cm Feather online oder sehen Sie es sich live im Ausstellungsraum an. Wir haben die sch\u00f6nsten Gem\u00e4lde, Leinwandbilder","breadcrumb":{"@id":"https:\/\/www.eliassen.nl\/de\/leinwandbild-80-x-80-cm-feder\/#breadcrumb"},"inLanguage":"de","potentialAction":[{"@type":"ReadAction","target":["https:\/\/www.eliassen.nl\/de\/leinwandbild-80-x-80-cm-feder\/"]}]},{"@type":"ImageObject","inLanguage":"de","@id":"https:\/\/www.eliassen.nl\/de\/leinwandbild-80-x-80-cm-feder\/#primaryimage","url":"https:\/\/www.eliassen.nl\/wp-content\/uploads\/2024\/01\/cd1001080x80cm.jpg","contentUrl":"https:\/\/www.eliassen.nl\/wp-content\/uploads\/2024\/01\/cd1001080x80cm.jpg","width":1000,"height":750,"caption":"cd10010-80x80-cm"},{"@type":"BreadcrumbList","@id":"https:\/\/www.eliassen.nl\/de\/leinwandbild-80-x-80-cm-feder\/#breadcrumb","itemListElement":[{"@type":"ListItem","position":1,"name":"Home","item":"https:\/\/www.eliassen.nl\/de\/"},{"@type":"ListItem","position":2,"name":"Shop","item":"https:\/\/www.eliassen.nl\/de\/shop\/"},{"@type":"ListItem","position":3,"name":"Gem\u00e4lde","item":"https:\/\/www.eliassen.nl\/de\/gemaelde\/"},{"@type":"ListItem","position":4,"name":"Gem\u00e4lde auf Leinwand","item":"https:\/\/www.eliassen.nl\/de\/gemaelde\/gemaelde-auf-leinwand\/"},{"@type":"ListItem","position":5,"name":"Leinwand Gem\u00e4lde 80 x 80 cm Feder"}]},{"@type":"WebSite","@id":"https:\/\/www.eliassen.nl\/de\/#website","url":"https:\/\/www.eliassen.nl\/de\/","name":"Eliassen Home & Garden Pleasure","description":"","publisher":{"@id":"https:\/\/www.eliassen.nl\/de\/#organization"},"alternateName":"Eliassen.nl","potentialAction":[{"@type":"SearchAction","target":{"@type":"EntryPoint","urlTemplate":"https:\/\/www.eliassen.nl\/de\/?s={search_term_string}"},"query-input":{"@type":"PropertyValueSpecification","valueRequired":true,"valueName":"search_term_string"}}],"inLanguage":"de"},{"@type":["Organization","Place"],"@id":"https:\/\/www.eliassen.nl\/de\/#organization","name":"Eliassen Home & Garden Pleasure","url":"https:\/\/www.eliassen.nl\/de\/","logo":{"@id":"https:\/\/www.eliassen.nl\/de\/leinwandbild-80-x-80-cm-feder\/#local-main-organization-logo"},"image":{"@id":"https:\/\/www.eliassen.nl\/de\/leinwandbild-80-x-80-cm-feder\/#local-main-organization-logo"},"sameAs":["https:\/\/www.facebook.com\/TuincentrumEliassenAmmerzoden","https:\/\/www.instagram.com\/eliassenhomeandgarden\/","https:\/\/nl.pinterest.com\/eliassenhomeandgarden\/","https:\/\/www.youtube.com\/@eliassenhomegardenpleasure4558"],"telephone":[],"openingHoursSpecification":[{"@type":"OpeningHoursSpecification","dayOfWeek":["Monday","Tuesday","Wednesday","Thursday","Friday","Saturday","Sunday"],"opens":"09:00","closes":"17:00"}]},{"@type":"ImageObject","inLanguage":"de","@id":"https:\/\/www.eliassen.nl\/de\/leinwandbild-80-x-80-cm-feder\/#local-main-organization-logo","url":"https:\/\/www.eliassen.nl\/wp-content\/uploads\/2024\/01\/logo_4nd.jpg","contentUrl":"https:\/\/www.eliassen.nl\/wp-content\/uploads\/2024\/01\/logo_4nd.jpg","width":500,"height":500,"caption":"Eliassen Home & Garden Pleasure"}]},"product_price_amount":"59.00","product_price_currency":"EUR","og_availability":"instock","product_availability":"instock","product_retailer_item_id":"Tcd10010","product_condition":"new"},"df_price":59,"df_sale_price":59,"df_regular_price":89,"df_image_link":"https:\/\/www.eliassen.nl\/wp-content\/uploads\/2024\/01\/cd1001080x80cm.jpg","image":"https:\/\/www.eliassen.nl\/wp-content\/uploads\/2024\/01\/cd1001080x80cm.jpg","price_search":"<span class=\"woocommerce-Price-amount amount\"><bdi><span class=\"woocommerce-Price-currencySymbol\">&euro;<\/span>&nbsp;59,00<\/bdi><\/span>","category":"Gem\u00e4lde","global_unique_id":"5410807100103","_links":{"self":[{"href":"https:\/\/www.eliassen.nl\/de\/wp-json\/wp\/v2\/product\/18475","targetHints":{"allow":["GET"]}}],"collection":[{"href":"https:\/\/www.eliassen.nl\/de\/wp-json\/wp\/v2\/product"}],"about":[{"href":"https:\/\/www.eliassen.nl\/de\/wp-json\/wp\/v2\/types\/product"}],"wp:featuredmedia":[{"embeddable":true,"href":"https:\/\/www.eliassen.nl\/de\/wp-json\/wp\/v2\/media\/18472"}],"wp:attachment":[{"href":"https:\/\/www.eliassen.nl\/de\/wp-json\/wp\/v2\/media?parent=18475"}],"wp:term":[{"taxonomy":"product_brand","embeddable":true,"href":"https:\/\/www.eliassen.nl\/de\/wp-json\/wp\/v2\/product_brand?post=18475"},{"taxonomy":"product_cat","embeddable":true,"href":"https:\/\/www.eliassen.nl\/de\/wp-json\/wp\/v2\/product_cat?post=18475"},{"taxonomy":"product_tag","embeddable":true,"href":"https:\/\/www.eliassen.nl\/de\/wp-json\/wp\/v2\/product_tag?post=18475"}],"curies":[{"name":"wp","href":"https:\/\/api.w.org\/{rel}","templated":true}]}}