{"id":18463,"date":"2019-10-28T19:06:47","date_gmt":"2019-10-28T19:06:47","guid":{"rendered":"https:\/\/www.eliassen.nl\/?product=rinderhaut-gross-grau-schwarz-copy"},"modified":"2025-11-27T14:50:02","modified_gmt":"2025-11-27T13:50:02","slug":"rinderhaut-gross-cognac","status":"publish","type":"product","link":"https:\/\/www.eliassen.nl\/de\/rinderhaut-gross-cognac\/","title":{"rendered":"Rindsleder gro\u00df Cognac"},"content":{"rendered":"<p>Unsere extragro\u00dfen Kuhh\u00e4ute sind eine wunderbare Erg\u00e4nzung f\u00fcr Ihre Inneneinrichtung. Mit seinen vielen nat\u00fcrlichen Farben gibt es immer eine Farbe, die zu Ihrem Wohnzimmer oder einer anderen Umgebung in Ihrem Zuhause passt. Dieses Kuhfell ist auch ein sch\u00f6ner Wandbelag f\u00fcr gr\u00f6\u00dfere W\u00e4nde.<\/p>\n<ul>\n<li><strong>Gro\u00dfformat<\/strong><\/li>\n<li><strong>Kostenloser Versand in den Niederlanden<\/strong><\/li>\n<li><strong>Garantiert naturfreundlich gegerbt in den Niederlanden, ohne umweltsch\u00e4dliche oder giftige Substanzen, ebenfalls von uns kontrolliert.<\/strong><\/li>\n<li>Sch\u00f6n abgeflacht.<\/li>\n<li>hoch verschlei\u00dffest<\/li>\n<li>Diese Rinderh\u00e4ute k\u00f6nnen Sie auch in unserem Ausstellungsraum kaufen und besichtigen.<\/li>\n<li>Ausschlie\u00dflich aus den Niederlanden, nicht aus obskuren L\u00e4ndern des Ostblocks oder S\u00fcdamerikas, deren Herkunft und Verarbeitung unbekannt ist.<\/li>\n<li>Praktisch geruchlos, praktisch nur die Farbe von Leder.<\/li>\n<li>Diese Kuhh\u00e4ute sind ein Naturprodukt, Farbe und Form sind nur eine Ann\u00e4herung an das Foto, es kann Abweichungen in Markierungen und Farbe von Ihrem erhaltenen Fell geben&#8230;.<\/li>\n<li>Schnelle Lieferung<\/li>\n<li><strong>Die Gr\u00f6\u00dfe betr\u00e4gt ca. 180&#215;180 bis 200x200cm, also fast 4 m2 !!!<\/strong><\/li>\n<\/ul>\n<p><strong>Pflege<\/strong><\/p>\n<ul>\n<li>Saugen Sie regelm\u00e4\u00dfig in Richtung der Haare, fegen Sie auch drau\u00dfen.<\/li>\n<li>Bei einem neu entstandenen Fleck wischen Sie den Fleck mit einem Tuch ab, bei Unterflecken etwas Wasser mit gr\u00fcner Seife, immer mit den Haaren reiben. Lassen Sie die R\u00fcckseite (das Leder) m\u00f6glichst trocken, sonst wird sie hart und steif. Lassen Sie es an der Luft trocknen, also nicht in der N\u00e4he einer W\u00e4rmequelle oder in der prallen Sonne.<\/li>\n<li>Wenn Sie Ihr Rohleder ab und zu mit ein wenig Wasser bespr\u00fchen, bleibt die Haut geschmeidig, aber auch hier gilt: nicht zu nass, sondern das Leder darunter trocken halten.<\/li>\n<\/ul>\n","protected":false},"excerpt":{"rendered":"<p>Unsere extragro\u00dfen Kuhh\u00e4ute sind eine wunderbare Erg\u00e4nzung f\u00fcr Ihre Inneneinrichtung. Mit seinen vielen nat\u00fcrlichen Farben gibt es immer eine Farbe, die zu Ihrem Wohnzimmer oder einer anderen Umgebung in Ihrem Zuhause passt. Dieses Kuhfell ist auch ein sch\u00f6ner Wandbelag f\u00fcr gr\u00f6\u00dfere W\u00e4nde. Gro\u00dfformat Kostenloser Versand in den Niederlanden Garantiert naturfreundlich gegerbt in den Niederlanden, ohne &hellip;<\/p>\n","protected":false},"featured_media":18451,"template":"","meta":{"_acf_changed":false,"_genesis_title":"","_genesis_description":""},"product_brand":[7505],"product_cat":[767,752],"product_tag":[],"class_list":{"0":"post-18463","1":"product","2":"type-product","3":"status-publish","4":"has-post-thumbnail","6":"product_brand-sonstige","7":"product_cat-sonstig","8":"product_cat-weitere-artikel","10":"first","11":"instock","12":"sale","13":"taxable","14":"shipping-taxable","15":"purchasable","16":"product-type-simple"},"acf":[],"meta_all":{"total_sales":"0","wcml_sync_hash":{"postmeta_fields":"52607938bfd0bb25b586b62e94c050d9"},"attr_label_translations":[]},"meta_all_flat":{"total_sales":"0","wcml_sync_hash.postmeta_fields":"52607938bfd0bb25b586b62e94c050d9"},"yoast_head":"<!-- This site is optimized with the Yoast SEO Premium plugin v26.2 (Yoast SEO v27.2) - https:\/\/yoast.com\/product\/yoast-seo-premium-wordpress\/ -->\n<title>Rindsleder gro\u00df Cognac | Eliassen<\/title>\n<meta name=\"description\" content=\"Bei Eliassen k\u00f6nnen Sie Cattleskin Large Cognac online kaufen oder direkt im Showroom anschauen. Wir haben die feinsten Pelze und Felle, H\u00e4ute\" \/>\n<meta name=\"robots\" content=\"index, follow, max-snippet:-1, max-image-preview:large, max-video-preview:-1\" \/>\n<link rel=\"canonical\" href=\"https:\/\/www.eliassen.nl\/de\/rinderhaut-gross-cognac\/\" \/>\n<meta property=\"og:locale\" content=\"de_DE\" \/>\n<meta property=\"og:type\" content=\"article\" \/>\n<meta property=\"og:title\" content=\"Sonstige Rindsleder gro\u00df Cognac - Eliassen.nl\" \/>\n<meta property=\"og:description\" content=\"Bei Eliassen k\u00f6nnen Sie Cattleskin Large Cognac online kaufen oder direkt im Showroom anschauen. Wir haben die feinsten Pelze und Felle, H\u00e4ute\" \/>\n<meta property=\"og:url\" content=\"https:\/\/www.eliassen.nl\/de\/rinderhaut-gross-cognac\/\" \/>\n<meta property=\"og:site_name\" content=\"Eliassen.nl\" \/>\n<meta property=\"article:publisher\" content=\"https:\/\/www.facebook.com\/TuincentrumEliassenAmmerzoden\" \/>\n<meta property=\"article:modified_time\" content=\"2025-11-27T13:50:02+00:00\" \/>\n<meta property=\"og:image\" content=\"https:\/\/www.eliassen.nl\/wp-content\/uploads\/2024\/01\/runderhuidcognac.jpg\" \/>\n\t<meta property=\"og:image:width\" content=\"1024\" \/>\n\t<meta property=\"og:image:height\" content=\"1024\" \/>\n\t<meta property=\"og:image:type\" content=\"image\/jpeg\" \/>\n<meta name=\"twitter:card\" content=\"summary_large_image\" \/>\n<script type=\"application\/ld+json\" class=\"yoast-schema-graph\">{\"@context\":\"https:\/\/schema.org\",\"@graph\":[{\"@type\":\"WebPage\",\"@id\":\"https:\/\/www.eliassen.nl\/de\/rinderhaut-gross-cognac\/\",\"url\":\"https:\/\/www.eliassen.nl\/de\/rinderhaut-gross-cognac\/\",\"name\":\"Rindsleder gro\u00df Cognac | Eliassen\",\"isPartOf\":{\"@id\":\"https:\/\/www.eliassen.nl\/de\/#website\"},\"primaryImageOfPage\":{\"@id\":\"https:\/\/www.eliassen.nl\/de\/rinderhaut-gross-cognac\/#primaryimage\"},\"image\":{\"@id\":\"https:\/\/www.eliassen.nl\/de\/rinderhaut-gross-cognac\/#primaryimage\"},\"thumbnailUrl\":\"https:\/\/www.eliassen.nl\/wp-content\/uploads\/2024\/01\/runderhuidcognac.jpg\",\"datePublished\":\"2019-10-28T19:06:47+00:00\",\"dateModified\":\"2025-11-27T13:50:02+00:00\",\"description\":\"Bei Eliassen k\u00f6nnen Sie Cattleskin Large Cognac online kaufen oder direkt im Showroom anschauen. Wir haben die feinsten Pelze und Felle, H\u00e4ute\",\"breadcrumb\":{\"@id\":\"https:\/\/www.eliassen.nl\/de\/rinderhaut-gross-cognac\/#breadcrumb\"},\"inLanguage\":\"de\",\"potentialAction\":[{\"@type\":\"ReadAction\",\"target\":[\"https:\/\/www.eliassen.nl\/de\/rinderhaut-gross-cognac\/\"]}]},{\"@type\":\"ImageObject\",\"inLanguage\":\"de\",\"@id\":\"https:\/\/www.eliassen.nl\/de\/rinderhaut-gross-cognac\/#primaryimage\",\"url\":\"https:\/\/www.eliassen.nl\/wp-content\/uploads\/2024\/01\/runderhuidcognac.jpg\",\"contentUrl\":\"https:\/\/www.eliassen.nl\/wp-content\/uploads\/2024\/01\/runderhuidcognac.jpg\",\"width\":1024,\"height\":1024,\"caption\":\"Rohleder-Cognac\"},{\"@type\":\"BreadcrumbList\",\"@id\":\"https:\/\/www.eliassen.nl\/de\/rinderhaut-gross-cognac\/#breadcrumb\",\"itemListElement\":[{\"@type\":\"ListItem\",\"position\":1,\"name\":\"Home\",\"item\":\"https:\/\/www.eliassen.nl\/de\/\"},{\"@type\":\"ListItem\",\"position\":2,\"name\":\"Shop\",\"item\":\"https:\/\/www.eliassen.nl\/de\/shop\/\"},{\"@type\":\"ListItem\",\"position\":3,\"name\":\"Weitere Artikel\",\"item\":\"https:\/\/www.eliassen.nl\/de\/weitere-artikel\/\"},{\"@type\":\"ListItem\",\"position\":4,\"name\":\"Sonstig\",\"item\":\"https:\/\/www.eliassen.nl\/de\/garten-andere\/sonstig\/\"},{\"@type\":\"ListItem\",\"position\":5,\"name\":\"Rindsleder gro\u00df Cognac\"}]},{\"@type\":\"WebSite\",\"@id\":\"https:\/\/www.eliassen.nl\/de\/#website\",\"url\":\"https:\/\/www.eliassen.nl\/de\/\",\"name\":\"Eliassen Home & Garden Pleasure\",\"description\":\"\",\"publisher\":{\"@id\":\"https:\/\/www.eliassen.nl\/de\/#organization\"},\"alternateName\":\"Eliassen.nl\",\"potentialAction\":[{\"@type\":\"SearchAction\",\"target\":{\"@type\":\"EntryPoint\",\"urlTemplate\":\"https:\/\/www.eliassen.nl\/de\/?s={search_term_string}\"},\"query-input\":{\"@type\":\"PropertyValueSpecification\",\"valueRequired\":true,\"valueName\":\"search_term_string\"}}],\"inLanguage\":\"de\"},{\"@type\":[\"Organization\",\"Place\"],\"@id\":\"https:\/\/www.eliassen.nl\/de\/#organization\",\"name\":\"Eliassen Home & Garden Pleasure\",\"url\":\"https:\/\/www.eliassen.nl\/de\/\",\"logo\":{\"@id\":\"https:\/\/www.eliassen.nl\/de\/rinderhaut-gross-cognac\/#local-main-organization-logo\"},\"image\":{\"@id\":\"https:\/\/www.eliassen.nl\/de\/rinderhaut-gross-cognac\/#local-main-organization-logo\"},\"sameAs\":[\"https:\/\/www.facebook.com\/TuincentrumEliassenAmmerzoden\",\"https:\/\/www.instagram.com\/eliassenhomeandgarden\/\",\"https:\/\/nl.pinterest.com\/eliassenhomeandgarden\/\",\"https:\/\/www.youtube.com\/@eliassenhomegardenpleasure4558\"],\"telephone\":[],\"openingHoursSpecification\":[{\"@type\":\"OpeningHoursSpecification\",\"dayOfWeek\":[\"Monday\",\"Tuesday\",\"Wednesday\",\"Thursday\",\"Friday\",\"Saturday\",\"Sunday\"],\"opens\":\"09:00\",\"closes\":\"17:00\"}]},{\"@type\":\"ImageObject\",\"inLanguage\":\"de\",\"@id\":\"https:\/\/www.eliassen.nl\/de\/rinderhaut-gross-cognac\/#local-main-organization-logo\",\"url\":\"https:\/\/www.eliassen.nl\/wp-content\/uploads\/2024\/01\/logo_4nd.jpg\",\"contentUrl\":\"https:\/\/www.eliassen.nl\/wp-content\/uploads\/2024\/01\/logo_4nd.jpg\",\"width\":500,\"height\":500,\"caption\":\"Eliassen Home & Garden Pleasure\"}]}<\/script>\n<meta property=\"product:price:amount\" content=\"195.00\" \/>\n<meta property=\"product:price:currency\" content=\"EUR\" \/>\n<meta property=\"og:availability\" content=\"instock\" \/>\n<meta property=\"product:availability\" content=\"instock\" \/>\n<meta property=\"product:retailer_item_id\" content=\"02cn01\" \/>\n<meta property=\"product:condition\" content=\"new\" \/>\n<!-- \/ Yoast SEO Premium plugin. -->","yoast_head_json":{"title":"Rindsleder gro\u00df Cognac | Eliassen","description":"Bei Eliassen k\u00f6nnen Sie Cattleskin Large Cognac online kaufen oder direkt im Showroom anschauen. Wir haben die feinsten Pelze und Felle, H\u00e4ute","robots":{"index":"index","follow":"follow","max-snippet":"max-snippet:-1","max-image-preview":"max-image-preview:large","max-video-preview":"max-video-preview:-1"},"canonical":"https:\/\/www.eliassen.nl\/de\/rinderhaut-gross-cognac\/","og_locale":"de_DE","og_type":"article","og_title":"Sonstige Rindsleder gro\u00df Cognac - Eliassen.nl","og_description":"Bei Eliassen k\u00f6nnen Sie Cattleskin Large Cognac online kaufen oder direkt im Showroom anschauen. Wir haben die feinsten Pelze und Felle, H\u00e4ute","og_url":"https:\/\/www.eliassen.nl\/de\/rinderhaut-gross-cognac\/","og_site_name":"Eliassen.nl","article_publisher":"https:\/\/www.facebook.com\/TuincentrumEliassenAmmerzoden","article_modified_time":"2025-11-27T13:50:02+00:00","og_image":[{"width":1024,"height":1024,"url":"https:\/\/www.eliassen.nl\/wp-content\/uploads\/2024\/01\/runderhuidcognac.jpg","type":"image\/jpeg"}],"twitter_card":"summary_large_image","schema":{"@context":"https:\/\/schema.org","@graph":[{"@type":"WebPage","@id":"https:\/\/www.eliassen.nl\/de\/rinderhaut-gross-cognac\/","url":"https:\/\/www.eliassen.nl\/de\/rinderhaut-gross-cognac\/","name":"Rindsleder gro\u00df Cognac | Eliassen","isPartOf":{"@id":"https:\/\/www.eliassen.nl\/de\/#website"},"primaryImageOfPage":{"@id":"https:\/\/www.eliassen.nl\/de\/rinderhaut-gross-cognac\/#primaryimage"},"image":{"@id":"https:\/\/www.eliassen.nl\/de\/rinderhaut-gross-cognac\/#primaryimage"},"thumbnailUrl":"https:\/\/www.eliassen.nl\/wp-content\/uploads\/2024\/01\/runderhuidcognac.jpg","datePublished":"2019-10-28T19:06:47+00:00","dateModified":"2025-11-27T13:50:02+00:00","description":"Bei Eliassen k\u00f6nnen Sie Cattleskin Large Cognac online kaufen oder direkt im Showroom anschauen. Wir haben die feinsten Pelze und Felle, H\u00e4ute","breadcrumb":{"@id":"https:\/\/www.eliassen.nl\/de\/rinderhaut-gross-cognac\/#breadcrumb"},"inLanguage":"de","potentialAction":[{"@type":"ReadAction","target":["https:\/\/www.eliassen.nl\/de\/rinderhaut-gross-cognac\/"]}]},{"@type":"ImageObject","inLanguage":"de","@id":"https:\/\/www.eliassen.nl\/de\/rinderhaut-gross-cognac\/#primaryimage","url":"https:\/\/www.eliassen.nl\/wp-content\/uploads\/2024\/01\/runderhuidcognac.jpg","contentUrl":"https:\/\/www.eliassen.nl\/wp-content\/uploads\/2024\/01\/runderhuidcognac.jpg","width":1024,"height":1024,"caption":"Rohleder-Cognac"},{"@type":"BreadcrumbList","@id":"https:\/\/www.eliassen.nl\/de\/rinderhaut-gross-cognac\/#breadcrumb","itemListElement":[{"@type":"ListItem","position":1,"name":"Home","item":"https:\/\/www.eliassen.nl\/de\/"},{"@type":"ListItem","position":2,"name":"Shop","item":"https:\/\/www.eliassen.nl\/de\/shop\/"},{"@type":"ListItem","position":3,"name":"Weitere Artikel","item":"https:\/\/www.eliassen.nl\/de\/weitere-artikel\/"},{"@type":"ListItem","position":4,"name":"Sonstig","item":"https:\/\/www.eliassen.nl\/de\/garten-andere\/sonstig\/"},{"@type":"ListItem","position":5,"name":"Rindsleder gro\u00df Cognac"}]},{"@type":"WebSite","@id":"https:\/\/www.eliassen.nl\/de\/#website","url":"https:\/\/www.eliassen.nl\/de\/","name":"Eliassen Home & Garden Pleasure","description":"","publisher":{"@id":"https:\/\/www.eliassen.nl\/de\/#organization"},"alternateName":"Eliassen.nl","potentialAction":[{"@type":"SearchAction","target":{"@type":"EntryPoint","urlTemplate":"https:\/\/www.eliassen.nl\/de\/?s={search_term_string}"},"query-input":{"@type":"PropertyValueSpecification","valueRequired":true,"valueName":"search_term_string"}}],"inLanguage":"de"},{"@type":["Organization","Place"],"@id":"https:\/\/www.eliassen.nl\/de\/#organization","name":"Eliassen Home & Garden Pleasure","url":"https:\/\/www.eliassen.nl\/de\/","logo":{"@id":"https:\/\/www.eliassen.nl\/de\/rinderhaut-gross-cognac\/#local-main-organization-logo"},"image":{"@id":"https:\/\/www.eliassen.nl\/de\/rinderhaut-gross-cognac\/#local-main-organization-logo"},"sameAs":["https:\/\/www.facebook.com\/TuincentrumEliassenAmmerzoden","https:\/\/www.instagram.com\/eliassenhomeandgarden\/","https:\/\/nl.pinterest.com\/eliassenhomeandgarden\/","https:\/\/www.youtube.com\/@eliassenhomegardenpleasure4558"],"telephone":[],"openingHoursSpecification":[{"@type":"OpeningHoursSpecification","dayOfWeek":["Monday","Tuesday","Wednesday","Thursday","Friday","Saturday","Sunday"],"opens":"09:00","closes":"17:00"}]},{"@type":"ImageObject","inLanguage":"de","@id":"https:\/\/www.eliassen.nl\/de\/rinderhaut-gross-cognac\/#local-main-organization-logo","url":"https:\/\/www.eliassen.nl\/wp-content\/uploads\/2024\/01\/logo_4nd.jpg","contentUrl":"https:\/\/www.eliassen.nl\/wp-content\/uploads\/2024\/01\/logo_4nd.jpg","width":500,"height":500,"caption":"Eliassen Home & Garden Pleasure"}]},"product_price_amount":"195.00","product_price_currency":"EUR","og_availability":"instock","product_availability":"instock","product_retailer_item_id":"02cn01","product_condition":"new"},"df_price":195,"df_sale_price":195,"df_regular_price":275,"df_image_link":"https:\/\/www.eliassen.nl\/wp-content\/uploads\/2024\/01\/runderhuidcognac.jpg","image":"https:\/\/www.eliassen.nl\/wp-content\/uploads\/2024\/01\/runderhuidcognac.jpg","price_search":"<span class=\"woocommerce-Price-amount amount\"><bdi><span class=\"woocommerce-Price-currencySymbol\">&euro;<\/span>&nbsp;195,00<\/bdi><\/span>","category":"Sonstig","global_unique_id":"7438235660684","_links":{"self":[{"href":"https:\/\/www.eliassen.nl\/de\/wp-json\/wp\/v2\/product\/18463","targetHints":{"allow":["GET"]}}],"collection":[{"href":"https:\/\/www.eliassen.nl\/de\/wp-json\/wp\/v2\/product"}],"about":[{"href":"https:\/\/www.eliassen.nl\/de\/wp-json\/wp\/v2\/types\/product"}],"wp:featuredmedia":[{"embeddable":true,"href":"https:\/\/www.eliassen.nl\/de\/wp-json\/wp\/v2\/media\/18451"}],"wp:attachment":[{"href":"https:\/\/www.eliassen.nl\/de\/wp-json\/wp\/v2\/media?parent=18463"}],"wp:term":[{"taxonomy":"product_brand","embeddable":true,"href":"https:\/\/www.eliassen.nl\/de\/wp-json\/wp\/v2\/product_brand?post=18463"},{"taxonomy":"product_cat","embeddable":true,"href":"https:\/\/www.eliassen.nl\/de\/wp-json\/wp\/v2\/product_cat?post=18463"},{"taxonomy":"product_tag","embeddable":true,"href":"https:\/\/www.eliassen.nl\/de\/wp-json\/wp\/v2\/product_tag?post=18463"}],"curies":[{"name":"wp","href":"https:\/\/api.w.org\/{rel}","templated":true}]}}