{"id":184193,"date":"2025-04-18T15:42:56","date_gmt":"2025-04-18T13:42:56","guid":{"rendered":"https:\/\/www.eliassen.nl\/product\/gartenstab-rostfigur-mit-glasblumen-150cm-in-3-farbvarianten\/"},"modified":"2026-02-23T09:23:08","modified_gmt":"2026-02-23T08:23:08","slug":"gartenstab-rostfigur-mit-glasblumen-150cm-in-3-farbvarianten","status":"publish","type":"product","link":"https:\/\/www.eliassen.nl\/de\/gartenstab-rostfigur-mit-glasblumen-150cm-in-3-farbvarianten\/","title":{"rendered":"Gartenstab Rostfigur mit Glasblumen 150cm in 3 Farbvarianten"},"content":{"rendered":"<p>Eine sch\u00f6ne Erg\u00e4nzung f\u00fcr Ihren Garten! Ein Gartenstab mit einer abstrakten Figur auf dem Stift aus mundgeblasenem Glas.<br \/>\nMit seinen einzigartigen und farbenfrohen, stimmungsvollen Farben ist er ein echter Blickfang in Ihrem Garten!<\/p>\n<p><strong>Wir haben viele dieser Serien auch live in unserem Showroom ausgestellt!<\/strong><\/p>\n<ul>\n<li>Inklusive Stange von 150cm<\/li>\n<li>Handgefertigt und mundgeblasen<\/li>\n<li>Farben k\u00f6nnen vom Foto abweichen<\/li>\n<li>Hergestellt aus Glas<\/li>\n<li>Nicht geeignet f\u00fcr die Aufstellung bei starkem Wind, und bei Frost nicht im Freien aufstellen.<\/li>\n<\/ul>\n","protected":false},"excerpt":{"rendered":"<p>\u2713 Handgefertigt \u2713 Glas<\/p>\n","protected":false},"featured_media":182766,"template":"","meta":{"_acf_changed":false,"_genesis_title":"","_genesis_description":""},"product_brand":[7505],"product_cat":[851,836],"product_tag":[],"class_list":{"0":"post-184193","1":"product","2":"type-product","3":"status-publish","4":"has-post-thumbnail","6":"product_brand-sonstige","7":"product_cat-gartenpfaehle-aus-still","8":"product_cat-gartenstecker","10":"first","11":"instock","12":"sale","13":"taxable","14":"shipping-taxable","15":"purchasable","16":"product-type-variable"},"acf":[],"meta_all":{"total_sales":"3","cor_restricted_countries":[]},"meta_all_flat":{"total_sales":"3"},"yoast_head":"<!-- This site is optimized with the Yoast SEO Premium plugin v26.2 (Yoast SEO v27.2) - https:\/\/yoast.com\/product\/yoast-seo-premium-wordpress\/ -->\n<title>Sonstige Gartenstab Rostfigur mit Glasblumen 150cm in 3 Farbvarianten - Eliassen.nl<\/title>\n<meta name=\"description\" content=\"Sind Sie auf der Suche nach einer einzigartigen und hochwertigen Gartenkirsche, um Ihren Garten zu versch\u00f6nern? Dieses Modell mit fr\u00f6hlichen Farben ist ein echter Blickfang!\" \/>\n<meta name=\"robots\" content=\"index, follow, max-snippet:-1, max-image-preview:large, max-video-preview:-1\" \/>\n<link rel=\"canonical\" href=\"https:\/\/www.eliassen.nl\/de\/gartenstab-rostfigur-mit-glasblumen-150cm-in-3-farbvarianten\/\" \/>\n<meta property=\"og:locale\" content=\"de_DE\" \/>\n<meta property=\"og:type\" content=\"article\" \/>\n<meta property=\"og:title\" content=\"Sonstige Gartenstab Rostfigur mit Glasblumen 150cm in 3 Farbvarianten - Eliassen.nl\" \/>\n<meta property=\"og:description\" content=\"Sind Sie auf der Suche nach einer einzigartigen und hochwertigen Gartenkirsche, um Ihren Garten zu versch\u00f6nern? Dieses Modell mit fr\u00f6hlichen Farben ist ein echter Blickfang!\" \/>\n<meta property=\"og:url\" content=\"https:\/\/www.eliassen.nl\/de\/gartenstab-rostfigur-mit-glasblumen-150cm-in-3-farbvarianten\/\" \/>\n<meta property=\"og:site_name\" content=\"Eliassen.nl\" \/>\n<meta property=\"article:publisher\" content=\"https:\/\/www.facebook.com\/TuincentrumEliassenAmmerzoden\" \/>\n<meta property=\"article:modified_time\" content=\"2026-02-23T08:23:08+00:00\" \/>\n<meta property=\"og:image\" content=\"https:\/\/www.eliassen.nl\/wp-content\/uploads\/2025\/04\/Tuinsteker-roest-figuur-met-glasbloemen-150cm-in-3-kleurvarianten-eliassen.nl_.jpg\" \/>\n\t<meta property=\"og:image:width\" content=\"564\" \/>\n\t<meta property=\"og:image:height\" content=\"864\" \/>\n\t<meta property=\"og:image:type\" content=\"image\/jpeg\" \/>\n<meta name=\"twitter:card\" content=\"summary_large_image\" \/>\n<script type=\"application\/ld+json\" class=\"yoast-schema-graph\">{\"@context\":\"https:\/\/schema.org\",\"@graph\":[{\"@type\":\"WebPage\",\"@id\":\"https:\/\/www.eliassen.nl\/de\/gartenstab-rostfigur-mit-glasblumen-150cm-in-3-farbvarianten\/\",\"url\":\"https:\/\/www.eliassen.nl\/de\/gartenstab-rostfigur-mit-glasblumen-150cm-in-3-farbvarianten\/\",\"name\":\"Sonstige Gartenstab Rostfigur mit Glasblumen 150cm in 3 Farbvarianten - Eliassen.nl\",\"isPartOf\":{\"@id\":\"https:\/\/www.eliassen.nl\/de\/#website\"},\"primaryImageOfPage\":{\"@id\":\"https:\/\/www.eliassen.nl\/de\/gartenstab-rostfigur-mit-glasblumen-150cm-in-3-farbvarianten\/#primaryimage\"},\"image\":{\"@id\":\"https:\/\/www.eliassen.nl\/de\/gartenstab-rostfigur-mit-glasblumen-150cm-in-3-farbvarianten\/#primaryimage\"},\"thumbnailUrl\":\"https:\/\/www.eliassen.nl\/wp-content\/uploads\/2025\/04\/Tuinsteker-roest-figuur-met-glasbloemen-150cm-in-3-kleurvarianten-eliassen.nl_.jpg\",\"datePublished\":\"2025-04-18T13:42:56+00:00\",\"dateModified\":\"2026-02-23T08:23:08+00:00\",\"description\":\"Sind Sie auf der Suche nach einer einzigartigen und hochwertigen Gartenkirsche, um Ihren Garten zu versch\u00f6nern? Dieses Modell mit fr\u00f6hlichen Farben ist ein echter Blickfang!\",\"breadcrumb\":{\"@id\":\"https:\/\/www.eliassen.nl\/de\/gartenstab-rostfigur-mit-glasblumen-150cm-in-3-farbvarianten\/#breadcrumb\"},\"inLanguage\":\"de\",\"potentialAction\":[{\"@type\":\"ReadAction\",\"target\":[\"https:\/\/www.eliassen.nl\/de\/gartenstab-rostfigur-mit-glasblumen-150cm-in-3-farbvarianten\/\"]}]},{\"@type\":\"ImageObject\",\"inLanguage\":\"de\",\"@id\":\"https:\/\/www.eliassen.nl\/de\/gartenstab-rostfigur-mit-glasblumen-150cm-in-3-farbvarianten\/#primaryimage\",\"url\":\"https:\/\/www.eliassen.nl\/wp-content\/uploads\/2025\/04\/Tuinsteker-roest-figuur-met-glasbloemen-150cm-in-3-kleurvarianten-eliassen.nl_.jpg\",\"contentUrl\":\"https:\/\/www.eliassen.nl\/wp-content\/uploads\/2025\/04\/Tuinsteker-roest-figuur-met-glasbloemen-150cm-in-3-kleurvarianten-eliassen.nl_.jpg\",\"width\":564,\"height\":864,\"caption\":\"Gartenstab Rostfigur mit Glasblumen 150cm in 3 Farbvarianten eliassen.nl\"},{\"@type\":\"BreadcrumbList\",\"@id\":\"https:\/\/www.eliassen.nl\/de\/gartenstab-rostfigur-mit-glasblumen-150cm-in-3-farbvarianten\/#breadcrumb\",\"itemListElement\":[{\"@type\":\"ListItem\",\"position\":1,\"name\":\"Home\",\"item\":\"https:\/\/www.eliassen.nl\/de\/\"},{\"@type\":\"ListItem\",\"position\":2,\"name\":\"Shop\",\"item\":\"https:\/\/www.eliassen.nl\/de\/shop\/\"},{\"@type\":\"ListItem\",\"position\":3,\"name\":\"Gartenstecker\",\"item\":\"https:\/\/www.eliassen.nl\/de\/gartenstecker\/\"},{\"@type\":\"ListItem\",\"position\":4,\"name\":\"Gartenstab Rostfigur mit Glasblumen 150cm in 3 Farbvarianten\"}]},{\"@type\":\"WebSite\",\"@id\":\"https:\/\/www.eliassen.nl\/de\/#website\",\"url\":\"https:\/\/www.eliassen.nl\/de\/\",\"name\":\"Eliassen Home & Garden Pleasure\",\"description\":\"\",\"publisher\":{\"@id\":\"https:\/\/www.eliassen.nl\/de\/#organization\"},\"alternateName\":\"Eliassen.nl\",\"potentialAction\":[{\"@type\":\"SearchAction\",\"target\":{\"@type\":\"EntryPoint\",\"urlTemplate\":\"https:\/\/www.eliassen.nl\/de\/?s={search_term_string}\"},\"query-input\":{\"@type\":\"PropertyValueSpecification\",\"valueRequired\":true,\"valueName\":\"search_term_string\"}}],\"inLanguage\":\"de\"},{\"@type\":[\"Organization\",\"Place\"],\"@id\":\"https:\/\/www.eliassen.nl\/de\/#organization\",\"name\":\"Eliassen Home & Garden Pleasure\",\"url\":\"https:\/\/www.eliassen.nl\/de\/\",\"logo\":{\"@id\":\"https:\/\/www.eliassen.nl\/de\/gartenstab-rostfigur-mit-glasblumen-150cm-in-3-farbvarianten\/#local-main-organization-logo\"},\"image\":{\"@id\":\"https:\/\/www.eliassen.nl\/de\/gartenstab-rostfigur-mit-glasblumen-150cm-in-3-farbvarianten\/#local-main-organization-logo\"},\"sameAs\":[\"https:\/\/www.facebook.com\/TuincentrumEliassenAmmerzoden\",\"https:\/\/www.instagram.com\/eliassenhomeandgarden\/\",\"https:\/\/nl.pinterest.com\/eliassenhomeandgarden\/\",\"https:\/\/www.youtube.com\/@eliassenhomegardenpleasure4558\"],\"telephone\":[],\"openingHoursSpecification\":[{\"@type\":\"OpeningHoursSpecification\",\"dayOfWeek\":[\"Monday\",\"Tuesday\",\"Wednesday\",\"Thursday\",\"Friday\",\"Saturday\",\"Sunday\"],\"opens\":\"09:00\",\"closes\":\"17:00\"}]},{\"@type\":\"ImageObject\",\"inLanguage\":\"de\",\"@id\":\"https:\/\/www.eliassen.nl\/de\/gartenstab-rostfigur-mit-glasblumen-150cm-in-3-farbvarianten\/#local-main-organization-logo\",\"url\":\"https:\/\/www.eliassen.nl\/wp-content\/uploads\/2024\/01\/logo_4nd.jpg\",\"contentUrl\":\"https:\/\/www.eliassen.nl\/wp-content\/uploads\/2024\/01\/logo_4nd.jpg\",\"width\":500,\"height\":500,\"caption\":\"Eliassen Home & Garden Pleasure\"}]}<\/script>\n<meta property=\"og:availability\" content=\"instock\" \/>\n<meta property=\"product:availability\" content=\"instock\" \/>\n<meta property=\"product:retailer_item_id\" content=\"410002026\" \/>\n<meta property=\"product:condition\" content=\"new\" \/>\n<!-- \/ Yoast SEO Premium plugin. -->","yoast_head_json":{"title":"Sonstige Gartenstab Rostfigur mit Glasblumen 150cm in 3 Farbvarianten - Eliassen.nl","description":"Sind Sie auf der Suche nach einer einzigartigen und hochwertigen Gartenkirsche, um Ihren Garten zu versch\u00f6nern? Dieses Modell mit fr\u00f6hlichen Farben ist ein echter Blickfang!","robots":{"index":"index","follow":"follow","max-snippet":"max-snippet:-1","max-image-preview":"max-image-preview:large","max-video-preview":"max-video-preview:-1"},"canonical":"https:\/\/www.eliassen.nl\/de\/gartenstab-rostfigur-mit-glasblumen-150cm-in-3-farbvarianten\/","og_locale":"de_DE","og_type":"article","og_title":"Sonstige Gartenstab Rostfigur mit Glasblumen 150cm in 3 Farbvarianten - Eliassen.nl","og_description":"Sind Sie auf der Suche nach einer einzigartigen und hochwertigen Gartenkirsche, um Ihren Garten zu versch\u00f6nern? Dieses Modell mit fr\u00f6hlichen Farben ist ein echter Blickfang!","og_url":"https:\/\/www.eliassen.nl\/de\/gartenstab-rostfigur-mit-glasblumen-150cm-in-3-farbvarianten\/","og_site_name":"Eliassen.nl","article_publisher":"https:\/\/www.facebook.com\/TuincentrumEliassenAmmerzoden","article_modified_time":"2026-02-23T08:23:08+00:00","og_image":[{"width":564,"height":864,"url":"https:\/\/www.eliassen.nl\/wp-content\/uploads\/2025\/04\/Tuinsteker-roest-figuur-met-glasbloemen-150cm-in-3-kleurvarianten-eliassen.nl_.jpg","type":"image\/jpeg"}],"twitter_card":"summary_large_image","schema":{"@context":"https:\/\/schema.org","@graph":[{"@type":"WebPage","@id":"https:\/\/www.eliassen.nl\/de\/gartenstab-rostfigur-mit-glasblumen-150cm-in-3-farbvarianten\/","url":"https:\/\/www.eliassen.nl\/de\/gartenstab-rostfigur-mit-glasblumen-150cm-in-3-farbvarianten\/","name":"Sonstige Gartenstab Rostfigur mit Glasblumen 150cm in 3 Farbvarianten - Eliassen.nl","isPartOf":{"@id":"https:\/\/www.eliassen.nl\/de\/#website"},"primaryImageOfPage":{"@id":"https:\/\/www.eliassen.nl\/de\/gartenstab-rostfigur-mit-glasblumen-150cm-in-3-farbvarianten\/#primaryimage"},"image":{"@id":"https:\/\/www.eliassen.nl\/de\/gartenstab-rostfigur-mit-glasblumen-150cm-in-3-farbvarianten\/#primaryimage"},"thumbnailUrl":"https:\/\/www.eliassen.nl\/wp-content\/uploads\/2025\/04\/Tuinsteker-roest-figuur-met-glasbloemen-150cm-in-3-kleurvarianten-eliassen.nl_.jpg","datePublished":"2025-04-18T13:42:56+00:00","dateModified":"2026-02-23T08:23:08+00:00","description":"Sind Sie auf der Suche nach einer einzigartigen und hochwertigen Gartenkirsche, um Ihren Garten zu versch\u00f6nern? Dieses Modell mit fr\u00f6hlichen Farben ist ein echter Blickfang!","breadcrumb":{"@id":"https:\/\/www.eliassen.nl\/de\/gartenstab-rostfigur-mit-glasblumen-150cm-in-3-farbvarianten\/#breadcrumb"},"inLanguage":"de","potentialAction":[{"@type":"ReadAction","target":["https:\/\/www.eliassen.nl\/de\/gartenstab-rostfigur-mit-glasblumen-150cm-in-3-farbvarianten\/"]}]},{"@type":"ImageObject","inLanguage":"de","@id":"https:\/\/www.eliassen.nl\/de\/gartenstab-rostfigur-mit-glasblumen-150cm-in-3-farbvarianten\/#primaryimage","url":"https:\/\/www.eliassen.nl\/wp-content\/uploads\/2025\/04\/Tuinsteker-roest-figuur-met-glasbloemen-150cm-in-3-kleurvarianten-eliassen.nl_.jpg","contentUrl":"https:\/\/www.eliassen.nl\/wp-content\/uploads\/2025\/04\/Tuinsteker-roest-figuur-met-glasbloemen-150cm-in-3-kleurvarianten-eliassen.nl_.jpg","width":564,"height":864,"caption":"Gartenstab Rostfigur mit Glasblumen 150cm in 3 Farbvarianten eliassen.nl"},{"@type":"BreadcrumbList","@id":"https:\/\/www.eliassen.nl\/de\/gartenstab-rostfigur-mit-glasblumen-150cm-in-3-farbvarianten\/#breadcrumb","itemListElement":[{"@type":"ListItem","position":1,"name":"Home","item":"https:\/\/www.eliassen.nl\/de\/"},{"@type":"ListItem","position":2,"name":"Shop","item":"https:\/\/www.eliassen.nl\/de\/shop\/"},{"@type":"ListItem","position":3,"name":"Gartenstecker","item":"https:\/\/www.eliassen.nl\/de\/gartenstecker\/"},{"@type":"ListItem","position":4,"name":"Gartenstab Rostfigur mit Glasblumen 150cm in 3 Farbvarianten"}]},{"@type":"WebSite","@id":"https:\/\/www.eliassen.nl\/de\/#website","url":"https:\/\/www.eliassen.nl\/de\/","name":"Eliassen Home & Garden Pleasure","description":"","publisher":{"@id":"https:\/\/www.eliassen.nl\/de\/#organization"},"alternateName":"Eliassen.nl","potentialAction":[{"@type":"SearchAction","target":{"@type":"EntryPoint","urlTemplate":"https:\/\/www.eliassen.nl\/de\/?s={search_term_string}"},"query-input":{"@type":"PropertyValueSpecification","valueRequired":true,"valueName":"search_term_string"}}],"inLanguage":"de"},{"@type":["Organization","Place"],"@id":"https:\/\/www.eliassen.nl\/de\/#organization","name":"Eliassen Home & Garden Pleasure","url":"https:\/\/www.eliassen.nl\/de\/","logo":{"@id":"https:\/\/www.eliassen.nl\/de\/gartenstab-rostfigur-mit-glasblumen-150cm-in-3-farbvarianten\/#local-main-organization-logo"},"image":{"@id":"https:\/\/www.eliassen.nl\/de\/gartenstab-rostfigur-mit-glasblumen-150cm-in-3-farbvarianten\/#local-main-organization-logo"},"sameAs":["https:\/\/www.facebook.com\/TuincentrumEliassenAmmerzoden","https:\/\/www.instagram.com\/eliassenhomeandgarden\/","https:\/\/nl.pinterest.com\/eliassenhomeandgarden\/","https:\/\/www.youtube.com\/@eliassenhomegardenpleasure4558"],"telephone":[],"openingHoursSpecification":[{"@type":"OpeningHoursSpecification","dayOfWeek":["Monday","Tuesday","Wednesday","Thursday","Friday","Saturday","Sunday"],"opens":"09:00","closes":"17:00"}]},{"@type":"ImageObject","inLanguage":"de","@id":"https:\/\/www.eliassen.nl\/de\/gartenstab-rostfigur-mit-glasblumen-150cm-in-3-farbvarianten\/#local-main-organization-logo","url":"https:\/\/www.eliassen.nl\/wp-content\/uploads\/2024\/01\/logo_4nd.jpg","contentUrl":"https:\/\/www.eliassen.nl\/wp-content\/uploads\/2024\/01\/logo_4nd.jpg","width":500,"height":500,"caption":"Eliassen Home & Garden Pleasure"}]},"og_availability":"instock","product_availability":"instock","product_retailer_item_id":"410002026","product_condition":"new"},"df_price":117.5,"df_sale_price":"","df_regular_price":117.5,"df_image_link":"https:\/\/www.eliassen.nl\/wp-content\/uploads\/2025\/04\/Tuinsteker-roest-figuur-met-glasbloemen-150cm-in-3-kleurvarianten-eliassen.nl_-196x300.jpg","image":"https:\/\/www.eliassen.nl\/wp-content\/uploads\/2025\/04\/Tuinsteker-roest-figuur-met-glasbloemen-150cm-in-3-kleurvarianten-eliassen.nl_-150x150.jpg","price_search":"<span class=\"woocommerce-Price-amount amount\"><bdi><span class=\"woocommerce-Price-currencySymbol\">&euro;<\/span>&nbsp;117,50<\/bdi><\/span>","category":"Gartenpf\u00e4hle aus still","global_unique_id":"6096528644622","_links":{"self":[{"href":"https:\/\/www.eliassen.nl\/de\/wp-json\/wp\/v2\/product\/184193","targetHints":{"allow":["GET"]}}],"collection":[{"href":"https:\/\/www.eliassen.nl\/de\/wp-json\/wp\/v2\/product"}],"about":[{"href":"https:\/\/www.eliassen.nl\/de\/wp-json\/wp\/v2\/types\/product"}],"wp:featuredmedia":[{"embeddable":true,"href":"https:\/\/www.eliassen.nl\/de\/wp-json\/wp\/v2\/media\/182766"}],"wp:attachment":[{"href":"https:\/\/www.eliassen.nl\/de\/wp-json\/wp\/v2\/media?parent=184193"}],"wp:term":[{"taxonomy":"product_brand","embeddable":true,"href":"https:\/\/www.eliassen.nl\/de\/wp-json\/wp\/v2\/product_brand?post=184193"},{"taxonomy":"product_cat","embeddable":true,"href":"https:\/\/www.eliassen.nl\/de\/wp-json\/wp\/v2\/product_cat?post=184193"},{"taxonomy":"product_tag","embeddable":true,"href":"https:\/\/www.eliassen.nl\/de\/wp-json\/wp\/v2\/product_tag?post=184193"}],"curies":[{"name":"wp","href":"https:\/\/api.w.org\/{rel}","templated":true}]}}