{"id":184064,"date":"2025-06-06T15:37:21","date_gmt":"2025-06-06T13:37:21","guid":{"rendered":"https:\/\/www.eliassen.nl\/product\/wetterfahne-gross-metall-hexe-215cm\/"},"modified":"2026-01-16T16:06:06","modified_gmt":"2026-01-16T15:06:06","slug":"wetterfahne-gross-metall-hexe-215cm","status":"publish","type":"product","link":"https:\/\/www.eliassen.nl\/de\/wetterfahne-gross-metall-hexe-215cm\/","title":{"rendered":"Wetterfahne gro\u00df Metall Hexe 215cm"},"content":{"rendered":"<p>Diese braune Wetterfahne mit einer gro\u00dfen fliegenden Hexe auf einem Besenstiel ist in jedem Garten eine fr\u00f6hliche Erg\u00e4nzung.<br \/>\nDieses 215 cm gro\u00dfe Modell dreht sich schon bei leichtem Wind, da die rotierenden Teile mit Kugellagern ausgestattet sind.<br \/>\nDiese fr\u00f6hliche Windm\u00fchle macht Spa\u00df beim Verschenken oder Beschenken.<br \/>\nDie M\u00fchle ist mit einem stabilen Stift ausgestattet, so dass sie in jeder Art von Boden sicher steht.<br \/>\nWird als Bausatz geliefert.<\/p>\n<p>Diese Wetterfahne ist standardm\u00e4\u00dfig ein Gartenpfahl f\u00fcr den Boden, kann aber auch an einer Wand oder auf dem Dach befestigt werden. Hierf\u00fcr ben\u00f6tigen Sie die Artikelnummer MD13008 (Dachhalterung) oder die Artikelnummer MD13009 (Wandhalterung) als Zubeh\u00f6r.<\/p>\n<p>Die Idee ist, dass sich diese Wetterfahne leise dreht. Bei starkem Wind oder Sturm sollte es also im Windschatten liegen.<\/p>\n<p>Gr\u00f6\u00dfe: 60x30x215cm hoch.<\/p>\n<ul>\n<li>Farbe: Braun<\/li>\n<li>Material: Metall, die Wetterfahne ist doppelt beschichtet und zwei Kugeln aus Edelstahl.<\/li>\n<li>Schnelle Lieferung<\/li>\n<li>Eigene Aktie<\/li>\n<li>Hinweis: Dies ist kein Spielzeug!<\/li>\n<\/ul>\n","protected":false},"excerpt":{"rendered":"<p>\u2714 Ist standardm\u00e4\u00dfig ein Gartenpfahl, kann aber in Kombination mit einer Wand- oder Dachhalterung auch an einer Wand oder auf einem Dach montiert werden.<\/p>\n","protected":false},"featured_media":183863,"template":"","meta":{"_acf_changed":false,"_genesis_title":"","_genesis_description":""},"product_brand":[7505],"product_cat":[836,845],"product_tag":[],"class_list":{"0":"post-184064","1":"product","2":"type-product","3":"status-publish","4":"has-post-thumbnail","6":"product_brand-sonstige","7":"product_cat-gartenstecker","8":"product_cat-windmuehlen","10":"first","11":"instock","12":"taxable","13":"shipping-taxable","14":"purchasable","15":"product-type-simple"},"acf":[],"meta_all":{"total_sales":"0","cor_restricted_countries":[]},"meta_all_flat":{"total_sales":"0"},"yoast_head":"<!-- This site is optimized with the Yoast SEO Premium plugin v26.2 (Yoast SEO v27.2) - https:\/\/yoast.com\/product\/yoast-seo-premium-wordpress\/ -->\n<title>Sonstige Wetterfahne gro\u00df Metall Hexe 215cm - Eliassen.nl<\/title>\n<meta name=\"description\" content=\"Eine sch\u00f6ne, gro\u00dfformatige Wetterfahne, die Sie als Gartenstab, Wandanh\u00e4nger oder auf dem Dach verwenden k\u00f6nnen. Eine sch\u00f6ne Hexe auf einem Besenstiel, 215 cm gro\u00df. Schnelle Lieferung.\" \/>\n<meta name=\"robots\" content=\"index, follow, max-snippet:-1, max-image-preview:large, max-video-preview:-1\" \/>\n<link rel=\"canonical\" href=\"https:\/\/www.eliassen.nl\/de\/wetterfahne-gross-metall-hexe-215cm\/\" \/>\n<meta property=\"og:locale\" content=\"de_DE\" \/>\n<meta property=\"og:type\" content=\"article\" \/>\n<meta property=\"og:title\" content=\"Sonstige Wetterfahne gro\u00df Metall Hexe 215cm - Eliassen.nl\" \/>\n<meta property=\"og:description\" content=\"Eine sch\u00f6ne, gro\u00dfformatige Wetterfahne, die Sie als Gartenstab, Wandanh\u00e4nger oder auf dem Dach verwenden k\u00f6nnen. Eine sch\u00f6ne Hexe auf einem Besenstiel, 215 cm gro\u00df. Schnelle Lieferung.\" \/>\n<meta property=\"og:url\" content=\"https:\/\/www.eliassen.nl\/de\/wetterfahne-gross-metall-hexe-215cm\/\" \/>\n<meta property=\"og:site_name\" content=\"Eliassen.nl\" \/>\n<meta property=\"article:publisher\" content=\"https:\/\/www.facebook.com\/TuincentrumEliassenAmmerzoden\" \/>\n<meta property=\"article:modified_time\" content=\"2026-01-16T15:06:06+00:00\" \/>\n<meta property=\"og:image\" content=\"https:\/\/www.eliassen.nl\/wp-content\/uploads\/2025\/06\/Windwijzer-Heks-Eliassen.nl-MD13005.jpg\" \/>\n\t<meta property=\"og:image:width\" content=\"1200\" \/>\n\t<meta property=\"og:image:height\" content=\"900\" \/>\n\t<meta property=\"og:image:type\" content=\"image\/jpeg\" \/>\n<meta name=\"twitter:card\" content=\"summary_large_image\" \/>\n<script type=\"application\/ld+json\" class=\"yoast-schema-graph\">{\"@context\":\"https:\/\/schema.org\",\"@graph\":[{\"@type\":\"WebPage\",\"@id\":\"https:\/\/www.eliassen.nl\/de\/wetterfahne-gross-metall-hexe-215cm\/\",\"url\":\"https:\/\/www.eliassen.nl\/de\/wetterfahne-gross-metall-hexe-215cm\/\",\"name\":\"Sonstige Wetterfahne gro\u00df Metall Hexe 215cm - Eliassen.nl\",\"isPartOf\":{\"@id\":\"https:\/\/www.eliassen.nl\/de\/#website\"},\"primaryImageOfPage\":{\"@id\":\"https:\/\/www.eliassen.nl\/de\/wetterfahne-gross-metall-hexe-215cm\/#primaryimage\"},\"image\":{\"@id\":\"https:\/\/www.eliassen.nl\/de\/wetterfahne-gross-metall-hexe-215cm\/#primaryimage\"},\"thumbnailUrl\":\"https:\/\/www.eliassen.nl\/wp-content\/uploads\/2025\/06\/Windwijzer-Heks-Eliassen.nl-MD13005.jpg\",\"datePublished\":\"2025-06-06T13:37:21+00:00\",\"dateModified\":\"2026-01-16T15:06:06+00:00\",\"description\":\"Eine sch\u00f6ne, gro\u00dfformatige Wetterfahne, die Sie als Gartenstab, Wandanh\u00e4nger oder auf dem Dach verwenden k\u00f6nnen. Eine sch\u00f6ne Hexe auf einem Besenstiel, 215 cm gro\u00df. Schnelle Lieferung.\",\"breadcrumb\":{\"@id\":\"https:\/\/www.eliassen.nl\/de\/wetterfahne-gross-metall-hexe-215cm\/#breadcrumb\"},\"inLanguage\":\"de\",\"potentialAction\":[{\"@type\":\"ReadAction\",\"target\":[\"https:\/\/www.eliassen.nl\/de\/wetterfahne-gross-metall-hexe-215cm\/\"]}]},{\"@type\":\"ImageObject\",\"inLanguage\":\"de\",\"@id\":\"https:\/\/www.eliassen.nl\/de\/wetterfahne-gross-metall-hexe-215cm\/#primaryimage\",\"url\":\"https:\/\/www.eliassen.nl\/wp-content\/uploads\/2025\/06\/Windwijzer-Heks-Eliassen.nl-MD13005.jpg\",\"contentUrl\":\"https:\/\/www.eliassen.nl\/wp-content\/uploads\/2025\/06\/Windwijzer-Heks-Eliassen.nl-MD13005.jpg\",\"width\":1200,\"height\":900},{\"@type\":\"BreadcrumbList\",\"@id\":\"https:\/\/www.eliassen.nl\/de\/wetterfahne-gross-metall-hexe-215cm\/#breadcrumb\",\"itemListElement\":[{\"@type\":\"ListItem\",\"position\":1,\"name\":\"Home\",\"item\":\"https:\/\/www.eliassen.nl\/de\/\"},{\"@type\":\"ListItem\",\"position\":2,\"name\":\"Shop\",\"item\":\"https:\/\/www.eliassen.nl\/de\/shop\/\"},{\"@type\":\"ListItem\",\"position\":3,\"name\":\"Gartenstecker\",\"item\":\"https:\/\/www.eliassen.nl\/de\/gartenstecker\/\"},{\"@type\":\"ListItem\",\"position\":4,\"name\":\"Windm\u00fchlen\",\"item\":\"https:\/\/www.eliassen.nl\/de\/gartenstecker\/windmuehlen\/\"},{\"@type\":\"ListItem\",\"position\":5,\"name\":\"Wetterfahne gro\u00df Metall Hexe 215cm\"}]},{\"@type\":\"WebSite\",\"@id\":\"https:\/\/www.eliassen.nl\/de\/#website\",\"url\":\"https:\/\/www.eliassen.nl\/de\/\",\"name\":\"Eliassen Home & Garden Pleasure\",\"description\":\"\",\"publisher\":{\"@id\":\"https:\/\/www.eliassen.nl\/de\/#organization\"},\"alternateName\":\"Eliassen.nl\",\"potentialAction\":[{\"@type\":\"SearchAction\",\"target\":{\"@type\":\"EntryPoint\",\"urlTemplate\":\"https:\/\/www.eliassen.nl\/de\/?s={search_term_string}\"},\"query-input\":{\"@type\":\"PropertyValueSpecification\",\"valueRequired\":true,\"valueName\":\"search_term_string\"}}],\"inLanguage\":\"de\"},{\"@type\":[\"Organization\",\"Place\"],\"@id\":\"https:\/\/www.eliassen.nl\/de\/#organization\",\"name\":\"Eliassen Home & Garden Pleasure\",\"url\":\"https:\/\/www.eliassen.nl\/de\/\",\"logo\":{\"@id\":\"https:\/\/www.eliassen.nl\/de\/wetterfahne-gross-metall-hexe-215cm\/#local-main-organization-logo\"},\"image\":{\"@id\":\"https:\/\/www.eliassen.nl\/de\/wetterfahne-gross-metall-hexe-215cm\/#local-main-organization-logo\"},\"sameAs\":[\"https:\/\/www.facebook.com\/TuincentrumEliassenAmmerzoden\",\"https:\/\/www.instagram.com\/eliassenhomeandgarden\/\",\"https:\/\/nl.pinterest.com\/eliassenhomeandgarden\/\",\"https:\/\/www.youtube.com\/@eliassenhomegardenpleasure4558\"],\"telephone\":[],\"openingHoursSpecification\":[{\"@type\":\"OpeningHoursSpecification\",\"dayOfWeek\":[\"Monday\",\"Tuesday\",\"Wednesday\",\"Thursday\",\"Friday\",\"Saturday\",\"Sunday\"],\"opens\":\"09:00\",\"closes\":\"17:00\"}]},{\"@type\":\"ImageObject\",\"inLanguage\":\"de\",\"@id\":\"https:\/\/www.eliassen.nl\/de\/wetterfahne-gross-metall-hexe-215cm\/#local-main-organization-logo\",\"url\":\"https:\/\/www.eliassen.nl\/wp-content\/uploads\/2024\/01\/logo_4nd.jpg\",\"contentUrl\":\"https:\/\/www.eliassen.nl\/wp-content\/uploads\/2024\/01\/logo_4nd.jpg\",\"width\":500,\"height\":500,\"caption\":\"Eliassen Home & Garden Pleasure\"}]}<\/script>\n<meta property=\"product:price:amount\" content=\"165.00\" \/>\n<meta property=\"product:price:currency\" content=\"EUR\" \/>\n<meta property=\"og:availability\" content=\"instock\" \/>\n<meta property=\"product:availability\" content=\"instock\" \/>\n<meta property=\"product:retailer_item_id\" content=\"md13005\" \/>\n<meta property=\"product:condition\" content=\"new\" \/>\n<!-- \/ Yoast SEO Premium plugin. -->","yoast_head_json":{"title":"Sonstige Wetterfahne gro\u00df Metall Hexe 215cm - Eliassen.nl","description":"Eine sch\u00f6ne, gro\u00dfformatige Wetterfahne, die Sie als Gartenstab, Wandanh\u00e4nger oder auf dem Dach verwenden k\u00f6nnen. Eine sch\u00f6ne Hexe auf einem Besenstiel, 215 cm gro\u00df. Schnelle Lieferung.","robots":{"index":"index","follow":"follow","max-snippet":"max-snippet:-1","max-image-preview":"max-image-preview:large","max-video-preview":"max-video-preview:-1"},"canonical":"https:\/\/www.eliassen.nl\/de\/wetterfahne-gross-metall-hexe-215cm\/","og_locale":"de_DE","og_type":"article","og_title":"Sonstige Wetterfahne gro\u00df Metall Hexe 215cm - Eliassen.nl","og_description":"Eine sch\u00f6ne, gro\u00dfformatige Wetterfahne, die Sie als Gartenstab, Wandanh\u00e4nger oder auf dem Dach verwenden k\u00f6nnen. Eine sch\u00f6ne Hexe auf einem Besenstiel, 215 cm gro\u00df. Schnelle Lieferung.","og_url":"https:\/\/www.eliassen.nl\/de\/wetterfahne-gross-metall-hexe-215cm\/","og_site_name":"Eliassen.nl","article_publisher":"https:\/\/www.facebook.com\/TuincentrumEliassenAmmerzoden","article_modified_time":"2026-01-16T15:06:06+00:00","og_image":[{"width":1200,"height":900,"url":"https:\/\/www.eliassen.nl\/wp-content\/uploads\/2025\/06\/Windwijzer-Heks-Eliassen.nl-MD13005.jpg","type":"image\/jpeg"}],"twitter_card":"summary_large_image","schema":{"@context":"https:\/\/schema.org","@graph":[{"@type":"WebPage","@id":"https:\/\/www.eliassen.nl\/de\/wetterfahne-gross-metall-hexe-215cm\/","url":"https:\/\/www.eliassen.nl\/de\/wetterfahne-gross-metall-hexe-215cm\/","name":"Sonstige Wetterfahne gro\u00df Metall Hexe 215cm - Eliassen.nl","isPartOf":{"@id":"https:\/\/www.eliassen.nl\/de\/#website"},"primaryImageOfPage":{"@id":"https:\/\/www.eliassen.nl\/de\/wetterfahne-gross-metall-hexe-215cm\/#primaryimage"},"image":{"@id":"https:\/\/www.eliassen.nl\/de\/wetterfahne-gross-metall-hexe-215cm\/#primaryimage"},"thumbnailUrl":"https:\/\/www.eliassen.nl\/wp-content\/uploads\/2025\/06\/Windwijzer-Heks-Eliassen.nl-MD13005.jpg","datePublished":"2025-06-06T13:37:21+00:00","dateModified":"2026-01-16T15:06:06+00:00","description":"Eine sch\u00f6ne, gro\u00dfformatige Wetterfahne, die Sie als Gartenstab, Wandanh\u00e4nger oder auf dem Dach verwenden k\u00f6nnen. Eine sch\u00f6ne Hexe auf einem Besenstiel, 215 cm gro\u00df. Schnelle Lieferung.","breadcrumb":{"@id":"https:\/\/www.eliassen.nl\/de\/wetterfahne-gross-metall-hexe-215cm\/#breadcrumb"},"inLanguage":"de","potentialAction":[{"@type":"ReadAction","target":["https:\/\/www.eliassen.nl\/de\/wetterfahne-gross-metall-hexe-215cm\/"]}]},{"@type":"ImageObject","inLanguage":"de","@id":"https:\/\/www.eliassen.nl\/de\/wetterfahne-gross-metall-hexe-215cm\/#primaryimage","url":"https:\/\/www.eliassen.nl\/wp-content\/uploads\/2025\/06\/Windwijzer-Heks-Eliassen.nl-MD13005.jpg","contentUrl":"https:\/\/www.eliassen.nl\/wp-content\/uploads\/2025\/06\/Windwijzer-Heks-Eliassen.nl-MD13005.jpg","width":1200,"height":900},{"@type":"BreadcrumbList","@id":"https:\/\/www.eliassen.nl\/de\/wetterfahne-gross-metall-hexe-215cm\/#breadcrumb","itemListElement":[{"@type":"ListItem","position":1,"name":"Home","item":"https:\/\/www.eliassen.nl\/de\/"},{"@type":"ListItem","position":2,"name":"Shop","item":"https:\/\/www.eliassen.nl\/de\/shop\/"},{"@type":"ListItem","position":3,"name":"Gartenstecker","item":"https:\/\/www.eliassen.nl\/de\/gartenstecker\/"},{"@type":"ListItem","position":4,"name":"Windm\u00fchlen","item":"https:\/\/www.eliassen.nl\/de\/gartenstecker\/windmuehlen\/"},{"@type":"ListItem","position":5,"name":"Wetterfahne gro\u00df Metall Hexe 215cm"}]},{"@type":"WebSite","@id":"https:\/\/www.eliassen.nl\/de\/#website","url":"https:\/\/www.eliassen.nl\/de\/","name":"Eliassen Home & Garden Pleasure","description":"","publisher":{"@id":"https:\/\/www.eliassen.nl\/de\/#organization"},"alternateName":"Eliassen.nl","potentialAction":[{"@type":"SearchAction","target":{"@type":"EntryPoint","urlTemplate":"https:\/\/www.eliassen.nl\/de\/?s={search_term_string}"},"query-input":{"@type":"PropertyValueSpecification","valueRequired":true,"valueName":"search_term_string"}}],"inLanguage":"de"},{"@type":["Organization","Place"],"@id":"https:\/\/www.eliassen.nl\/de\/#organization","name":"Eliassen Home & Garden Pleasure","url":"https:\/\/www.eliassen.nl\/de\/","logo":{"@id":"https:\/\/www.eliassen.nl\/de\/wetterfahne-gross-metall-hexe-215cm\/#local-main-organization-logo"},"image":{"@id":"https:\/\/www.eliassen.nl\/de\/wetterfahne-gross-metall-hexe-215cm\/#local-main-organization-logo"},"sameAs":["https:\/\/www.facebook.com\/TuincentrumEliassenAmmerzoden","https:\/\/www.instagram.com\/eliassenhomeandgarden\/","https:\/\/nl.pinterest.com\/eliassenhomeandgarden\/","https:\/\/www.youtube.com\/@eliassenhomegardenpleasure4558"],"telephone":[],"openingHoursSpecification":[{"@type":"OpeningHoursSpecification","dayOfWeek":["Monday","Tuesday","Wednesday","Thursday","Friday","Saturday","Sunday"],"opens":"09:00","closes":"17:00"}]},{"@type":"ImageObject","inLanguage":"de","@id":"https:\/\/www.eliassen.nl\/de\/wetterfahne-gross-metall-hexe-215cm\/#local-main-organization-logo","url":"https:\/\/www.eliassen.nl\/wp-content\/uploads\/2024\/01\/logo_4nd.jpg","contentUrl":"https:\/\/www.eliassen.nl\/wp-content\/uploads\/2024\/01\/logo_4nd.jpg","width":500,"height":500,"caption":"Eliassen Home & Garden Pleasure"}]},"product_price_amount":"165.00","product_price_currency":"EUR","og_availability":"instock","product_availability":"instock","product_retailer_item_id":"md13005","product_condition":"new"},"df_price":165,"df_sale_price":"","df_regular_price":165,"df_image_link":"https:\/\/www.eliassen.nl\/wp-content\/uploads\/2025\/06\/Windwijzer-Heks-Eliassen.nl-MD13005-300x225.jpg","image":"https:\/\/www.eliassen.nl\/wp-content\/uploads\/2025\/06\/Windwijzer-Heks-Eliassen.nl-MD13005-150x150.jpg","price_search":"<span class=\"woocommerce-Price-amount amount\"><bdi><span class=\"woocommerce-Price-currencySymbol\">&euro;<\/span>&nbsp;165,00<\/bdi><\/span>","category":"Gartenstecker","global_unique_id":"5410807130056","_links":{"self":[{"href":"https:\/\/www.eliassen.nl\/de\/wp-json\/wp\/v2\/product\/184064","targetHints":{"allow":["GET"]}}],"collection":[{"href":"https:\/\/www.eliassen.nl\/de\/wp-json\/wp\/v2\/product"}],"about":[{"href":"https:\/\/www.eliassen.nl\/de\/wp-json\/wp\/v2\/types\/product"}],"wp:featuredmedia":[{"embeddable":true,"href":"https:\/\/www.eliassen.nl\/de\/wp-json\/wp\/v2\/media\/183863"}],"wp:attachment":[{"href":"https:\/\/www.eliassen.nl\/de\/wp-json\/wp\/v2\/media?parent=184064"}],"wp:term":[{"taxonomy":"product_brand","embeddable":true,"href":"https:\/\/www.eliassen.nl\/de\/wp-json\/wp\/v2\/product_brand?post=184064"},{"taxonomy":"product_cat","embeddable":true,"href":"https:\/\/www.eliassen.nl\/de\/wp-json\/wp\/v2\/product_cat?post=184064"},{"taxonomy":"product_tag","embeddable":true,"href":"https:\/\/www.eliassen.nl\/de\/wp-json\/wp\/v2\/product_tag?post=184064"}],"curies":[{"name":"wp","href":"https:\/\/api.w.org\/{rel}","templated":true}]}}