{"id":184028,"date":"2025-03-20T09:57:34","date_gmt":"2025-03-20T08:57:34","guid":{"rendered":"https:\/\/www.eliassen.nl\/product\/blumentopf-rund-ecostone-grau-53cm\/"},"modified":"2026-01-16T16:01:57","modified_gmt":"2026-01-16T15:01:57","slug":"blumentopf-rund-ecostone-grau-53cm","status":"publish","type":"product","link":"https:\/\/www.eliassen.nl\/de\/blumentopf-rund-ecostone-grau-53cm\/","title":{"rendered":"Blumentopf rund Ecostone grau 53cm"},"content":{"rendered":"<p><span style=\"letter-spacing: 0.015em;\">Dieser sehr robuste, runde Blumentopf aus nahtlosem, recyceltem Kunststoff ist eine langlebige und umweltfreundliche Anschaffung.<\/span><\/p>\n<p>Alle T\u00f6pfe und Pflanzgef\u00e4\u00dfe dieser Ecostone-Serie haben ein nat\u00fcrliches Aussehen und eine einzigartige matte Farbgebung, um die Sie sich nicht k\u00fcmmern m\u00fcssen.<br \/>\nDiese T\u00f6pfe und Pflanzgef\u00e4\u00dfe sind relativ leicht, sehr stabil und sowohl UV- als auch frostbest\u00e4ndig.<\/p>\n<p>Alle Modelle dieser Ecostone-Serie sind wasserdicht und daher f\u00fcr den Gebrauch in Innenr\u00e4umen geeignet. F\u00fcr die Verwendung im Freien sollten an den angegebenen Stellen im Boden L\u00f6cher gebohrt werden. Au\u00dferdem befindet sich im Boden ein Stopfen.<\/p>\n<ul>\n<li>100% Recycelter Kunststoff f\u00fcr den Innen- und Au\u00dfenbereich<\/li>\n<li>Frost-, wasser- und sto\u00dffest<\/li>\n<li>Dieses Produkt ist eine \u00f6kologisch verantwortungsvolle Wahl!<\/li>\n<\/ul>\n<p>Spezifikationen:<\/p>\n<p>Produktma\u00dfe: 53 cm Durchmesser oben x 40 cm hoch.<br \/>\nMaterial: recycelter Kunststoff.<br \/>\nFarbe: grau.<br \/>\n3 Jahre Garantie.<\/p>\n<p>Dieses Produkt kann auch in unseren Gesch\u00e4ftsr\u00e4umen abgeholt werden !!!<\/p>\n","protected":false},"excerpt":{"rendered":"<p>\u2714 \u00d6kologisch verantwortungsvolle Wahl \u2714 F\u00fcr drinnen und drau\u00dfen<\/p>\n","protected":false},"featured_media":174237,"template":"","meta":{"_acf_changed":false,"_genesis_title":"","_genesis_description":""},"product_brand":[7505],"product_cat":[722,740],"product_tag":[],"class_list":{"0":"post-184028","1":"product","2":"type-product","3":"status-publish","4":"has-post-thumbnail","6":"product_brand-sonstige","7":"product_cat-blumentoepfe-und-pflanzgefaesse","8":"product_cat-pflanzkuebel-fuer-den-aussenbereich-gross-leicht","10":"first","11":"instock","12":"sale","13":"taxable","14":"shipping-taxable","15":"purchasable","16":"product-type-simple"},"acf":[],"meta_all":{"total_sales":"0","cor_restricted_countries":[]},"meta_all_flat":{"total_sales":"0"},"yoast_head":"<!-- This site is optimized with the Yoast SEO Premium plugin v26.2 (Yoast SEO v27.2) - https:\/\/yoast.com\/product\/yoast-seo-premium-wordpress\/ -->\n<title>Sonstige Blumentopf rund Ecostone grau 53cm - Eliassen.nl<\/title>\n<meta name=\"description\" content=\"Ein sch\u00f6ner, runder, hochwertiger Blumentopf aus Ecostone. \u00d6kologisch unbedenklich und farbecht. Gr\u00f6\u00dfe 53x40cm hoch. Schnelle Lieferung.\" \/>\n<meta name=\"robots\" content=\"index, follow, max-snippet:-1, max-image-preview:large, max-video-preview:-1\" \/>\n<link rel=\"canonical\" href=\"https:\/\/www.eliassen.nl\/de\/blumentopf-rund-ecostone-grau-53cm\/\" \/>\n<meta property=\"og:locale\" content=\"de_DE\" \/>\n<meta property=\"og:type\" content=\"article\" \/>\n<meta property=\"og:title\" content=\"Sonstige Blumentopf rund Ecostone grau 53cm - Eliassen.nl\" \/>\n<meta property=\"og:description\" content=\"Ein sch\u00f6ner, runder, hochwertiger Blumentopf aus Ecostone. \u00d6kologisch unbedenklich und farbecht. Gr\u00f6\u00dfe 53x40cm hoch. Schnelle Lieferung.\" \/>\n<meta property=\"og:url\" content=\"https:\/\/www.eliassen.nl\/de\/blumentopf-rund-ecostone-grau-53cm\/\" \/>\n<meta property=\"og:site_name\" content=\"Eliassen.nl\" \/>\n<meta property=\"article:publisher\" content=\"https:\/\/www.facebook.com\/TuincentrumEliassenAmmerzoden\" \/>\n<meta property=\"article:modified_time\" content=\"2026-01-16T15:01:57+00:00\" \/>\n<meta property=\"og:image\" content=\"https:\/\/www.eliassen.nl\/wp-content\/uploads\/2025\/02\/Bloempot-rond-grijs-Ecostone-53cm-Eliassen.nl-130739-scaled.jpg\" \/>\n\t<meta property=\"og:image:width\" content=\"2560\" \/>\n\t<meta property=\"og:image:height\" content=\"2448\" \/>\n\t<meta property=\"og:image:type\" content=\"image\/jpeg\" \/>\n<meta name=\"twitter:card\" content=\"summary_large_image\" \/>\n<script type=\"application\/ld+json\" class=\"yoast-schema-graph\">{\"@context\":\"https:\/\/schema.org\",\"@graph\":[{\"@type\":\"WebPage\",\"@id\":\"https:\/\/www.eliassen.nl\/de\/blumentopf-rund-ecostone-grau-53cm\/\",\"url\":\"https:\/\/www.eliassen.nl\/de\/blumentopf-rund-ecostone-grau-53cm\/\",\"name\":\"Sonstige Blumentopf rund Ecostone grau 53cm - Eliassen.nl\",\"isPartOf\":{\"@id\":\"https:\/\/www.eliassen.nl\/de\/#website\"},\"primaryImageOfPage\":{\"@id\":\"https:\/\/www.eliassen.nl\/de\/blumentopf-rund-ecostone-grau-53cm\/#primaryimage\"},\"image\":{\"@id\":\"https:\/\/www.eliassen.nl\/de\/blumentopf-rund-ecostone-grau-53cm\/#primaryimage\"},\"thumbnailUrl\":\"https:\/\/www.eliassen.nl\/wp-content\/uploads\/2025\/02\/Bloempot-rond-grijs-Ecostone-53cm-Eliassen.nl-130739-scaled.jpg\",\"datePublished\":\"2025-03-20T08:57:34+00:00\",\"dateModified\":\"2026-01-16T15:01:57+00:00\",\"description\":\"Ein sch\u00f6ner, runder, hochwertiger Blumentopf aus Ecostone. \u00d6kologisch unbedenklich und farbecht. Gr\u00f6\u00dfe 53x40cm hoch. Schnelle Lieferung.\",\"breadcrumb\":{\"@id\":\"https:\/\/www.eliassen.nl\/de\/blumentopf-rund-ecostone-grau-53cm\/#breadcrumb\"},\"inLanguage\":\"de\",\"potentialAction\":[{\"@type\":\"ReadAction\",\"target\":[\"https:\/\/www.eliassen.nl\/de\/blumentopf-rund-ecostone-grau-53cm\/\"]}]},{\"@type\":\"ImageObject\",\"inLanguage\":\"de\",\"@id\":\"https:\/\/www.eliassen.nl\/de\/blumentopf-rund-ecostone-grau-53cm\/#primaryimage\",\"url\":\"https:\/\/www.eliassen.nl\/wp-content\/uploads\/2025\/02\/Bloempot-rond-grijs-Ecostone-53cm-Eliassen.nl-130739-scaled.jpg\",\"contentUrl\":\"https:\/\/www.eliassen.nl\/wp-content\/uploads\/2025\/02\/Bloempot-rond-grijs-Ecostone-53cm-Eliassen.nl-130739-scaled.jpg\",\"width\":2560,\"height\":2448},{\"@type\":\"BreadcrumbList\",\"@id\":\"https:\/\/www.eliassen.nl\/de\/blumentopf-rund-ecostone-grau-53cm\/#breadcrumb\",\"itemListElement\":[{\"@type\":\"ListItem\",\"position\":1,\"name\":\"Home\",\"item\":\"https:\/\/www.eliassen.nl\/de\/\"},{\"@type\":\"ListItem\",\"position\":2,\"name\":\"Shop\",\"item\":\"https:\/\/www.eliassen.nl\/de\/shop\/\"},{\"@type\":\"ListItem\",\"position\":3,\"name\":\"Blument\u00f6pfe und Pflanzgef\u00e4\u00dfe\",\"item\":\"https:\/\/www.eliassen.nl\/de\/blumentoepfe-und-pflanzgefaesse\/\"},{\"@type\":\"ListItem\",\"position\":4,\"name\":\"Blumentopf rund Ecostone grau 53cm\"}]},{\"@type\":\"WebSite\",\"@id\":\"https:\/\/www.eliassen.nl\/de\/#website\",\"url\":\"https:\/\/www.eliassen.nl\/de\/\",\"name\":\"Eliassen Home & Garden Pleasure\",\"description\":\"\",\"publisher\":{\"@id\":\"https:\/\/www.eliassen.nl\/de\/#organization\"},\"alternateName\":\"Eliassen.nl\",\"potentialAction\":[{\"@type\":\"SearchAction\",\"target\":{\"@type\":\"EntryPoint\",\"urlTemplate\":\"https:\/\/www.eliassen.nl\/de\/?s={search_term_string}\"},\"query-input\":{\"@type\":\"PropertyValueSpecification\",\"valueRequired\":true,\"valueName\":\"search_term_string\"}}],\"inLanguage\":\"de\"},{\"@type\":[\"Organization\",\"Place\"],\"@id\":\"https:\/\/www.eliassen.nl\/de\/#organization\",\"name\":\"Eliassen Home & Garden Pleasure\",\"url\":\"https:\/\/www.eliassen.nl\/de\/\",\"logo\":{\"@id\":\"https:\/\/www.eliassen.nl\/de\/blumentopf-rund-ecostone-grau-53cm\/#local-main-organization-logo\"},\"image\":{\"@id\":\"https:\/\/www.eliassen.nl\/de\/blumentopf-rund-ecostone-grau-53cm\/#local-main-organization-logo\"},\"sameAs\":[\"https:\/\/www.facebook.com\/TuincentrumEliassenAmmerzoden\",\"https:\/\/www.instagram.com\/eliassenhomeandgarden\/\",\"https:\/\/nl.pinterest.com\/eliassenhomeandgarden\/\",\"https:\/\/www.youtube.com\/@eliassenhomegardenpleasure4558\"],\"telephone\":[],\"openingHoursSpecification\":[{\"@type\":\"OpeningHoursSpecification\",\"dayOfWeek\":[\"Monday\",\"Tuesday\",\"Wednesday\",\"Thursday\",\"Friday\",\"Saturday\",\"Sunday\"],\"opens\":\"09:00\",\"closes\":\"17:00\"}]},{\"@type\":\"ImageObject\",\"inLanguage\":\"de\",\"@id\":\"https:\/\/www.eliassen.nl\/de\/blumentopf-rund-ecostone-grau-53cm\/#local-main-organization-logo\",\"url\":\"https:\/\/www.eliassen.nl\/wp-content\/uploads\/2024\/01\/logo_4nd.jpg\",\"contentUrl\":\"https:\/\/www.eliassen.nl\/wp-content\/uploads\/2024\/01\/logo_4nd.jpg\",\"width\":500,\"height\":500,\"caption\":\"Eliassen Home & Garden Pleasure\"}]}<\/script>\n<meta property=\"product:price:amount\" content=\"32.50\" \/>\n<meta property=\"product:price:currency\" content=\"EUR\" \/>\n<meta property=\"og:availability\" content=\"instock\" \/>\n<meta property=\"product:availability\" content=\"instock\" \/>\n<meta property=\"product:retailer_item_id\" content=\"130739  aktie\" \/>\n<meta property=\"product:condition\" content=\"new\" \/>\n<!-- \/ Yoast SEO Premium plugin. -->","yoast_head_json":{"title":"Sonstige Blumentopf rund Ecostone grau 53cm - Eliassen.nl","description":"Ein sch\u00f6ner, runder, hochwertiger Blumentopf aus Ecostone. \u00d6kologisch unbedenklich und farbecht. Gr\u00f6\u00dfe 53x40cm hoch. Schnelle Lieferung.","robots":{"index":"index","follow":"follow","max-snippet":"max-snippet:-1","max-image-preview":"max-image-preview:large","max-video-preview":"max-video-preview:-1"},"canonical":"https:\/\/www.eliassen.nl\/de\/blumentopf-rund-ecostone-grau-53cm\/","og_locale":"de_DE","og_type":"article","og_title":"Sonstige Blumentopf rund Ecostone grau 53cm - Eliassen.nl","og_description":"Ein sch\u00f6ner, runder, hochwertiger Blumentopf aus Ecostone. \u00d6kologisch unbedenklich und farbecht. Gr\u00f6\u00dfe 53x40cm hoch. Schnelle Lieferung.","og_url":"https:\/\/www.eliassen.nl\/de\/blumentopf-rund-ecostone-grau-53cm\/","og_site_name":"Eliassen.nl","article_publisher":"https:\/\/www.facebook.com\/TuincentrumEliassenAmmerzoden","article_modified_time":"2026-01-16T15:01:57+00:00","og_image":[{"width":2560,"height":2448,"url":"https:\/\/www.eliassen.nl\/wp-content\/uploads\/2025\/02\/Bloempot-rond-grijs-Ecostone-53cm-Eliassen.nl-130739-scaled.jpg","type":"image\/jpeg"}],"twitter_card":"summary_large_image","schema":{"@context":"https:\/\/schema.org","@graph":[{"@type":"WebPage","@id":"https:\/\/www.eliassen.nl\/de\/blumentopf-rund-ecostone-grau-53cm\/","url":"https:\/\/www.eliassen.nl\/de\/blumentopf-rund-ecostone-grau-53cm\/","name":"Sonstige Blumentopf rund Ecostone grau 53cm - Eliassen.nl","isPartOf":{"@id":"https:\/\/www.eliassen.nl\/de\/#website"},"primaryImageOfPage":{"@id":"https:\/\/www.eliassen.nl\/de\/blumentopf-rund-ecostone-grau-53cm\/#primaryimage"},"image":{"@id":"https:\/\/www.eliassen.nl\/de\/blumentopf-rund-ecostone-grau-53cm\/#primaryimage"},"thumbnailUrl":"https:\/\/www.eliassen.nl\/wp-content\/uploads\/2025\/02\/Bloempot-rond-grijs-Ecostone-53cm-Eliassen.nl-130739-scaled.jpg","datePublished":"2025-03-20T08:57:34+00:00","dateModified":"2026-01-16T15:01:57+00:00","description":"Ein sch\u00f6ner, runder, hochwertiger Blumentopf aus Ecostone. \u00d6kologisch unbedenklich und farbecht. Gr\u00f6\u00dfe 53x40cm hoch. Schnelle Lieferung.","breadcrumb":{"@id":"https:\/\/www.eliassen.nl\/de\/blumentopf-rund-ecostone-grau-53cm\/#breadcrumb"},"inLanguage":"de","potentialAction":[{"@type":"ReadAction","target":["https:\/\/www.eliassen.nl\/de\/blumentopf-rund-ecostone-grau-53cm\/"]}]},{"@type":"ImageObject","inLanguage":"de","@id":"https:\/\/www.eliassen.nl\/de\/blumentopf-rund-ecostone-grau-53cm\/#primaryimage","url":"https:\/\/www.eliassen.nl\/wp-content\/uploads\/2025\/02\/Bloempot-rond-grijs-Ecostone-53cm-Eliassen.nl-130739-scaled.jpg","contentUrl":"https:\/\/www.eliassen.nl\/wp-content\/uploads\/2025\/02\/Bloempot-rond-grijs-Ecostone-53cm-Eliassen.nl-130739-scaled.jpg","width":2560,"height":2448},{"@type":"BreadcrumbList","@id":"https:\/\/www.eliassen.nl\/de\/blumentopf-rund-ecostone-grau-53cm\/#breadcrumb","itemListElement":[{"@type":"ListItem","position":1,"name":"Home","item":"https:\/\/www.eliassen.nl\/de\/"},{"@type":"ListItem","position":2,"name":"Shop","item":"https:\/\/www.eliassen.nl\/de\/shop\/"},{"@type":"ListItem","position":3,"name":"Blument\u00f6pfe und Pflanzgef\u00e4\u00dfe","item":"https:\/\/www.eliassen.nl\/de\/blumentoepfe-und-pflanzgefaesse\/"},{"@type":"ListItem","position":4,"name":"Blumentopf rund Ecostone grau 53cm"}]},{"@type":"WebSite","@id":"https:\/\/www.eliassen.nl\/de\/#website","url":"https:\/\/www.eliassen.nl\/de\/","name":"Eliassen Home & Garden Pleasure","description":"","publisher":{"@id":"https:\/\/www.eliassen.nl\/de\/#organization"},"alternateName":"Eliassen.nl","potentialAction":[{"@type":"SearchAction","target":{"@type":"EntryPoint","urlTemplate":"https:\/\/www.eliassen.nl\/de\/?s={search_term_string}"},"query-input":{"@type":"PropertyValueSpecification","valueRequired":true,"valueName":"search_term_string"}}],"inLanguage":"de"},{"@type":["Organization","Place"],"@id":"https:\/\/www.eliassen.nl\/de\/#organization","name":"Eliassen Home & Garden Pleasure","url":"https:\/\/www.eliassen.nl\/de\/","logo":{"@id":"https:\/\/www.eliassen.nl\/de\/blumentopf-rund-ecostone-grau-53cm\/#local-main-organization-logo"},"image":{"@id":"https:\/\/www.eliassen.nl\/de\/blumentopf-rund-ecostone-grau-53cm\/#local-main-organization-logo"},"sameAs":["https:\/\/www.facebook.com\/TuincentrumEliassenAmmerzoden","https:\/\/www.instagram.com\/eliassenhomeandgarden\/","https:\/\/nl.pinterest.com\/eliassenhomeandgarden\/","https:\/\/www.youtube.com\/@eliassenhomegardenpleasure4558"],"telephone":[],"openingHoursSpecification":[{"@type":"OpeningHoursSpecification","dayOfWeek":["Monday","Tuesday","Wednesday","Thursday","Friday","Saturday","Sunday"],"opens":"09:00","closes":"17:00"}]},{"@type":"ImageObject","inLanguage":"de","@id":"https:\/\/www.eliassen.nl\/de\/blumentopf-rund-ecostone-grau-53cm\/#local-main-organization-logo","url":"https:\/\/www.eliassen.nl\/wp-content\/uploads\/2024\/01\/logo_4nd.jpg","contentUrl":"https:\/\/www.eliassen.nl\/wp-content\/uploads\/2024\/01\/logo_4nd.jpg","width":500,"height":500,"caption":"Eliassen Home & Garden Pleasure"}]},"product_price_amount":"32.50","product_price_currency":"EUR","og_availability":"instock","product_availability":"instock","product_retailer_item_id":"130739  aktie","product_condition":"new"},"df_price":32.5,"df_sale_price":32.5,"df_regular_price":37.5,"df_image_link":"https:\/\/www.eliassen.nl\/wp-content\/uploads\/2025\/02\/Bloempot-rond-grijs-Ecostone-53cm-Eliassen.nl-130739-300x287.jpg","image":"https:\/\/www.eliassen.nl\/wp-content\/uploads\/2025\/02\/Bloempot-rond-grijs-Ecostone-53cm-Eliassen.nl-130739-150x150.jpg","price_search":"<span class=\"woocommerce-Price-amount amount\"><bdi><span class=\"woocommerce-Price-currencySymbol\">&euro;<\/span>&nbsp;32,50<\/bdi><\/span>","category":"Blument\u00f6pfe und Pflanzgef\u00e4\u00dfe","global_unique_id":"8714075303387","_links":{"self":[{"href":"https:\/\/www.eliassen.nl\/de\/wp-json\/wp\/v2\/product\/184028","targetHints":{"allow":["GET"]}}],"collection":[{"href":"https:\/\/www.eliassen.nl\/de\/wp-json\/wp\/v2\/product"}],"about":[{"href":"https:\/\/www.eliassen.nl\/de\/wp-json\/wp\/v2\/types\/product"}],"wp:featuredmedia":[{"embeddable":true,"href":"https:\/\/www.eliassen.nl\/de\/wp-json\/wp\/v2\/media\/174237"}],"wp:attachment":[{"href":"https:\/\/www.eliassen.nl\/de\/wp-json\/wp\/v2\/media?parent=184028"}],"wp:term":[{"taxonomy":"product_brand","embeddable":true,"href":"https:\/\/www.eliassen.nl\/de\/wp-json\/wp\/v2\/product_brand?post=184028"},{"taxonomy":"product_cat","embeddable":true,"href":"https:\/\/www.eliassen.nl\/de\/wp-json\/wp\/v2\/product_cat?post=184028"},{"taxonomy":"product_tag","embeddable":true,"href":"https:\/\/www.eliassen.nl\/de\/wp-json\/wp\/v2\/product_tag?post=184028"}],"curies":[{"name":"wp","href":"https:\/\/api.w.org\/{rel}","templated":true}]}}