{"id":183931,"date":"2025-01-31T16:21:26","date_gmt":"2025-01-31T15:21:26","guid":{"rendered":"https:\/\/www.eliassen.nl\/product\/windspiel-mars-bronze-43cm\/"},"modified":"2026-01-16T15:46:51","modified_gmt":"2026-01-16T14:46:51","slug":"windspiel-mars-bronze-43cm","status":"publish","type":"product","link":"https:\/\/www.eliassen.nl\/de\/windspiel-mars-bronze-43cm\/","title":{"rendered":"Windspiel Mars Bronze 43cm"},"content":{"rendered":"<audio class=\"wp-audio-shortcode\" id=\"audio-183931-1\" preload=\"none\" style=\"width: 100%;\" controls=\"controls\"><source type=\"audio\/mpeg\" src=\"https:\/\/www.eliassen.nl\/wp-content\/uploads\/2025\/01\/Windgong-Mars-bronskleur-43cm-eliassen.nl-DCB17.mp3?_=1\" \/><a href=\"https:\/\/www.eliassen.nl\/wp-content\/uploads\/2025\/01\/Windgong-Mars-bronskleur-43cm-eliassen.nl-DCB17.mp3\">https:\/\/www.eliassen.nl\/wp-content\/uploads\/2025\/01\/Windgong-Mars-bronskleur-43cm-eliassen.nl-DCB17.mp3<\/a><\/audio>\n<p><span style=\"font-weight: 400;\">Haben Sie die obige Audioaufnahme geh\u00f6rt? Dieses Windspiel schafft mit hellen Kl\u00e4ngen und tanzenden Bewegungen eine gem\u00fctliche Atmosph\u00e4re in Ihrem Garten!<\/span><span style=\"font-weight: 400;\"><br \/>\n<\/span><span style=\"font-weight: 400;\">Auf diese Weise schaffen Sie eine wirklich gem\u00fctliche und lebendige Gartenumgebung mit dem Komfort Ihres eigenen Gartens.<\/span><\/p>\n<p><span style=\"font-weight: 400;\">Diese Serie von Windspielen der amerikanischen Marke Woodstock Chimes ist von sch\u00f6ner Qualit\u00e4t. Dieser weltbekannte Hersteller von Percussion-Instrumenten und Dong-Bins hat sein ganzes Wissen und seine Erfahrung eingesetzt, um die sch\u00f6nsten Windspiele zu entwickeln. Das Ergebnis ist diese einzigartige und hochwertige Kollektion.<\/span><span style=\"font-weight: 400;\"><br \/>\n<\/span><span style=\"font-weight: 400;\">Bei den meisten Modellen dieser Windspielserie verlaufen die Schn\u00fcre durch isolierte L\u00f6cher in den Rohren, wie auf dem Bild zu sehen. Das ist sehr einzigartig und hat eine Reihe von n\u00fctzlichen Vorteilen. Es gew\u00e4hrleistet die Reinheit des Klangs, der aus den R\u00f6hren kommt. Es verhindert auch die Abnutzung der Schn\u00fcre.  <\/span><span style=\"font-weight: 400;\"><br \/>\n<\/span><span style=\"font-weight: 400;\">Das Wissen und K\u00f6nnen sowie die pr\u00e4zisen Arbeitsmethoden dieses Herstellers sorgen daf\u00fcr, dass der Klang dieser Serie von Windspielen sehr klar ist und die Verarbeitung sch\u00f6n gestaltet ist.  <\/span><\/p>\n<p><span style=\"font-weight: 400;\">Dieses Modell in Bronzefarben mit dem Thema Mars ist eine wunderbare Erg\u00e4nzung f\u00fcr Ihren Garten, wenn Sie einen Windong mit universellem Charakter suchen. Die Stangen sind aus Aluminium gefertigt.<\/span><\/p>\n<p><b>BITTE BEACHTEN SIE; Diese Serie von Windspielen ist so umfangreich, dass wir nicht die gesamte Serie in unserem Ausstellungsraum vorr\u00e4tig haben. Wenn Sie wegen eines bestimmten Modells kommen, rufen Sie bitte im Voraus an, um sich zu erkundigen, ob das betreffende Modell verf\u00fcgbar ist.<\/b><\/p>\n","protected":false},"excerpt":{"rendered":"<p>\u2713<span style=\"font-weight: 400;\">Von der US-Marke Woodstock Chimes<\/span><\/p>\n","protected":false},"featured_media":173067,"template":"","meta":{"_acf_changed":false,"_genesis_title":"","_genesis_description":""},"product_brand":[7281],"product_cat":[752,7205],"product_tag":[],"class_list":{"0":"post-183931","1":"product","2":"type-product","3":"status-publish","4":"has-post-thumbnail","6":"product_brand-woodstock-glockenspiel","7":"product_cat-weitere-artikel","8":"product_cat-windspiele-de","10":"first","11":"instock","12":"taxable","13":"shipping-taxable","14":"purchasable","15":"product-type-simple"},"acf":[],"meta_all":{"total_sales":"1","cor_restricted_countries":[]},"meta_all_flat":{"total_sales":"1"},"yoast_head":"<!-- This site is optimized with the Yoast SEO Premium plugin v26.2 (Yoast SEO v27.2) - https:\/\/yoast.com\/product\/yoast-seo-premium-wordpress\/ -->\n<title>Woodstock Glockenspiel Windspiel Mars Bronze 43cm - Eliassen.nl<\/title>\n<meta name=\"description\" content=\"Dieses Windspiel \u00fcber den Planeten Mars ist ein echtes Bild. Dieses ist von der bekannten Qualit\u00e4tsmarke Woodstock Chimes hergestellt.\" \/>\n<meta name=\"robots\" content=\"index, follow, max-snippet:-1, max-image-preview:large, max-video-preview:-1\" \/>\n<link rel=\"canonical\" href=\"https:\/\/www.eliassen.nl\/de\/windspiel-mars-bronze-43cm\/\" \/>\n<meta property=\"og:locale\" content=\"de_DE\" \/>\n<meta property=\"og:type\" content=\"article\" \/>\n<meta property=\"og:title\" content=\"Woodstock Glockenspiel Windspiel Mars Bronze 43cm - Eliassen.nl\" \/>\n<meta property=\"og:description\" content=\"Dieses Windspiel \u00fcber den Planeten Mars ist ein echtes Bild. Dieses ist von der bekannten Qualit\u00e4tsmarke Woodstock Chimes hergestellt.\" \/>\n<meta property=\"og:url\" content=\"https:\/\/www.eliassen.nl\/de\/windspiel-mars-bronze-43cm\/\" \/>\n<meta property=\"og:site_name\" content=\"Eliassen.nl\" \/>\n<meta property=\"article:publisher\" content=\"https:\/\/www.facebook.com\/TuincentrumEliassenAmmerzoden\" \/>\n<meta property=\"article:modified_time\" content=\"2026-01-16T14:46:51+00:00\" \/>\n<meta property=\"og:image\" content=\"https:\/\/www.eliassen.nl\/wp-content\/uploads\/2025\/01\/Windgong-Mars-bronskleur-43cm-eliassen.nl-DCB17.jpg\" \/>\n\t<meta property=\"og:image:width\" content=\"2048\" \/>\n\t<meta property=\"og:image:height\" content=\"2048\" \/>\n\t<meta property=\"og:image:type\" content=\"image\/jpeg\" \/>\n<meta name=\"twitter:card\" content=\"summary_large_image\" \/>\n<script type=\"application\/ld+json\" class=\"yoast-schema-graph\">{\"@context\":\"https:\/\/schema.org\",\"@graph\":[{\"@type\":\"WebPage\",\"@id\":\"https:\/\/www.eliassen.nl\/de\/windspiel-mars-bronze-43cm\/\",\"url\":\"https:\/\/www.eliassen.nl\/de\/windspiel-mars-bronze-43cm\/\",\"name\":\"Woodstock Glockenspiel Windspiel Mars Bronze 43cm - Eliassen.nl\",\"isPartOf\":{\"@id\":\"https:\/\/www.eliassen.nl\/de\/#website\"},\"primaryImageOfPage\":{\"@id\":\"https:\/\/www.eliassen.nl\/de\/windspiel-mars-bronze-43cm\/#primaryimage\"},\"image\":{\"@id\":\"https:\/\/www.eliassen.nl\/de\/windspiel-mars-bronze-43cm\/#primaryimage\"},\"thumbnailUrl\":\"https:\/\/www.eliassen.nl\/wp-content\/uploads\/2025\/01\/Windgong-Mars-bronskleur-43cm-eliassen.nl-DCB17.jpg\",\"datePublished\":\"2025-01-31T15:21:26+00:00\",\"dateModified\":\"2026-01-16T14:46:51+00:00\",\"description\":\"Dieses Windspiel \u00fcber den Planeten Mars ist ein echtes Bild. Dieses ist von der bekannten Qualit\u00e4tsmarke Woodstock Chimes hergestellt.\",\"breadcrumb\":{\"@id\":\"https:\/\/www.eliassen.nl\/de\/windspiel-mars-bronze-43cm\/#breadcrumb\"},\"inLanguage\":\"de\",\"potentialAction\":[{\"@type\":\"ReadAction\",\"target\":[\"https:\/\/www.eliassen.nl\/de\/windspiel-mars-bronze-43cm\/\"]}]},{\"@type\":\"ImageObject\",\"inLanguage\":\"de\",\"@id\":\"https:\/\/www.eliassen.nl\/de\/windspiel-mars-bronze-43cm\/#primaryimage\",\"url\":\"https:\/\/www.eliassen.nl\/wp-content\/uploads\/2025\/01\/Windgong-Mars-bronskleur-43cm-eliassen.nl-DCB17.jpg\",\"contentUrl\":\"https:\/\/www.eliassen.nl\/wp-content\/uploads\/2025\/01\/Windgong-Mars-bronskleur-43cm-eliassen.nl-DCB17.jpg\",\"width\":2048,\"height\":2048,\"caption\":\"Windspiel Mars bronzefarben 43cm eliassen.nl DCB17\"},{\"@type\":\"BreadcrumbList\",\"@id\":\"https:\/\/www.eliassen.nl\/de\/windspiel-mars-bronze-43cm\/#breadcrumb\",\"itemListElement\":[{\"@type\":\"ListItem\",\"position\":1,\"name\":\"Home\",\"item\":\"https:\/\/www.eliassen.nl\/de\/\"},{\"@type\":\"ListItem\",\"position\":2,\"name\":\"Shop\",\"item\":\"https:\/\/www.eliassen.nl\/de\/shop\/\"},{\"@type\":\"ListItem\",\"position\":3,\"name\":\"Weitere Artikel\",\"item\":\"https:\/\/www.eliassen.nl\/de\/weitere-artikel\/\"},{\"@type\":\"ListItem\",\"position\":4,\"name\":\"Windspiel Mars Bronze 43cm\"}]},{\"@type\":\"WebSite\",\"@id\":\"https:\/\/www.eliassen.nl\/de\/#website\",\"url\":\"https:\/\/www.eliassen.nl\/de\/\",\"name\":\"Eliassen Home & Garden Pleasure\",\"description\":\"\",\"publisher\":{\"@id\":\"https:\/\/www.eliassen.nl\/de\/#organization\"},\"alternateName\":\"Eliassen.nl\",\"potentialAction\":[{\"@type\":\"SearchAction\",\"target\":{\"@type\":\"EntryPoint\",\"urlTemplate\":\"https:\/\/www.eliassen.nl\/de\/?s={search_term_string}\"},\"query-input\":{\"@type\":\"PropertyValueSpecification\",\"valueRequired\":true,\"valueName\":\"search_term_string\"}}],\"inLanguage\":\"de\"},{\"@type\":[\"Organization\",\"Place\"],\"@id\":\"https:\/\/www.eliassen.nl\/de\/#organization\",\"name\":\"Eliassen Home & Garden Pleasure\",\"url\":\"https:\/\/www.eliassen.nl\/de\/\",\"logo\":{\"@id\":\"https:\/\/www.eliassen.nl\/de\/windspiel-mars-bronze-43cm\/#local-main-organization-logo\"},\"image\":{\"@id\":\"https:\/\/www.eliassen.nl\/de\/windspiel-mars-bronze-43cm\/#local-main-organization-logo\"},\"sameAs\":[\"https:\/\/www.facebook.com\/TuincentrumEliassenAmmerzoden\",\"https:\/\/www.instagram.com\/eliassenhomeandgarden\/\",\"https:\/\/nl.pinterest.com\/eliassenhomeandgarden\/\",\"https:\/\/www.youtube.com\/@eliassenhomegardenpleasure4558\"],\"telephone\":[],\"openingHoursSpecification\":[{\"@type\":\"OpeningHoursSpecification\",\"dayOfWeek\":[\"Monday\",\"Tuesday\",\"Wednesday\",\"Thursday\",\"Friday\",\"Saturday\",\"Sunday\"],\"opens\":\"09:00\",\"closes\":\"17:00\"}]},{\"@type\":\"ImageObject\",\"inLanguage\":\"de\",\"@id\":\"https:\/\/www.eliassen.nl\/de\/windspiel-mars-bronze-43cm\/#local-main-organization-logo\",\"url\":\"https:\/\/www.eliassen.nl\/wp-content\/uploads\/2024\/01\/logo_4nd.jpg\",\"contentUrl\":\"https:\/\/www.eliassen.nl\/wp-content\/uploads\/2024\/01\/logo_4nd.jpg\",\"width\":500,\"height\":500,\"caption\":\"Eliassen Home & Garden Pleasure\"}]}<\/script>\n<meta property=\"product:price:amount\" content=\"27.50\" \/>\n<meta property=\"product:price:currency\" content=\"EUR\" \/>\n<meta property=\"og:availability\" content=\"instock\" \/>\n<meta property=\"product:availability\" content=\"instock\" \/>\n<meta property=\"product:retailer_item_id\" content=\"Dcb17\" \/>\n<meta property=\"product:condition\" content=\"new\" \/>\n<!-- \/ Yoast SEO Premium plugin. -->","yoast_head_json":{"title":"Woodstock Glockenspiel Windspiel Mars Bronze 43cm - Eliassen.nl","description":"Dieses Windspiel \u00fcber den Planeten Mars ist ein echtes Bild. Dieses ist von der bekannten Qualit\u00e4tsmarke Woodstock Chimes hergestellt.","robots":{"index":"index","follow":"follow","max-snippet":"max-snippet:-1","max-image-preview":"max-image-preview:large","max-video-preview":"max-video-preview:-1"},"canonical":"https:\/\/www.eliassen.nl\/de\/windspiel-mars-bronze-43cm\/","og_locale":"de_DE","og_type":"article","og_title":"Woodstock Glockenspiel Windspiel Mars Bronze 43cm - Eliassen.nl","og_description":"Dieses Windspiel \u00fcber den Planeten Mars ist ein echtes Bild. Dieses ist von der bekannten Qualit\u00e4tsmarke Woodstock Chimes hergestellt.","og_url":"https:\/\/www.eliassen.nl\/de\/windspiel-mars-bronze-43cm\/","og_site_name":"Eliassen.nl","article_publisher":"https:\/\/www.facebook.com\/TuincentrumEliassenAmmerzoden","article_modified_time":"2026-01-16T14:46:51+00:00","og_image":[{"width":2048,"height":2048,"url":"https:\/\/www.eliassen.nl\/wp-content\/uploads\/2025\/01\/Windgong-Mars-bronskleur-43cm-eliassen.nl-DCB17.jpg","type":"image\/jpeg"}],"twitter_card":"summary_large_image","schema":{"@context":"https:\/\/schema.org","@graph":[{"@type":"WebPage","@id":"https:\/\/www.eliassen.nl\/de\/windspiel-mars-bronze-43cm\/","url":"https:\/\/www.eliassen.nl\/de\/windspiel-mars-bronze-43cm\/","name":"Woodstock Glockenspiel Windspiel Mars Bronze 43cm - Eliassen.nl","isPartOf":{"@id":"https:\/\/www.eliassen.nl\/de\/#website"},"primaryImageOfPage":{"@id":"https:\/\/www.eliassen.nl\/de\/windspiel-mars-bronze-43cm\/#primaryimage"},"image":{"@id":"https:\/\/www.eliassen.nl\/de\/windspiel-mars-bronze-43cm\/#primaryimage"},"thumbnailUrl":"https:\/\/www.eliassen.nl\/wp-content\/uploads\/2025\/01\/Windgong-Mars-bronskleur-43cm-eliassen.nl-DCB17.jpg","datePublished":"2025-01-31T15:21:26+00:00","dateModified":"2026-01-16T14:46:51+00:00","description":"Dieses Windspiel \u00fcber den Planeten Mars ist ein echtes Bild. Dieses ist von der bekannten Qualit\u00e4tsmarke Woodstock Chimes hergestellt.","breadcrumb":{"@id":"https:\/\/www.eliassen.nl\/de\/windspiel-mars-bronze-43cm\/#breadcrumb"},"inLanguage":"de","potentialAction":[{"@type":"ReadAction","target":["https:\/\/www.eliassen.nl\/de\/windspiel-mars-bronze-43cm\/"]}]},{"@type":"ImageObject","inLanguage":"de","@id":"https:\/\/www.eliassen.nl\/de\/windspiel-mars-bronze-43cm\/#primaryimage","url":"https:\/\/www.eliassen.nl\/wp-content\/uploads\/2025\/01\/Windgong-Mars-bronskleur-43cm-eliassen.nl-DCB17.jpg","contentUrl":"https:\/\/www.eliassen.nl\/wp-content\/uploads\/2025\/01\/Windgong-Mars-bronskleur-43cm-eliassen.nl-DCB17.jpg","width":2048,"height":2048,"caption":"Windspiel Mars bronzefarben 43cm eliassen.nl DCB17"},{"@type":"BreadcrumbList","@id":"https:\/\/www.eliassen.nl\/de\/windspiel-mars-bronze-43cm\/#breadcrumb","itemListElement":[{"@type":"ListItem","position":1,"name":"Home","item":"https:\/\/www.eliassen.nl\/de\/"},{"@type":"ListItem","position":2,"name":"Shop","item":"https:\/\/www.eliassen.nl\/de\/shop\/"},{"@type":"ListItem","position":3,"name":"Weitere Artikel","item":"https:\/\/www.eliassen.nl\/de\/weitere-artikel\/"},{"@type":"ListItem","position":4,"name":"Windspiel Mars Bronze 43cm"}]},{"@type":"WebSite","@id":"https:\/\/www.eliassen.nl\/de\/#website","url":"https:\/\/www.eliassen.nl\/de\/","name":"Eliassen Home & Garden Pleasure","description":"","publisher":{"@id":"https:\/\/www.eliassen.nl\/de\/#organization"},"alternateName":"Eliassen.nl","potentialAction":[{"@type":"SearchAction","target":{"@type":"EntryPoint","urlTemplate":"https:\/\/www.eliassen.nl\/de\/?s={search_term_string}"},"query-input":{"@type":"PropertyValueSpecification","valueRequired":true,"valueName":"search_term_string"}}],"inLanguage":"de"},{"@type":["Organization","Place"],"@id":"https:\/\/www.eliassen.nl\/de\/#organization","name":"Eliassen Home & Garden Pleasure","url":"https:\/\/www.eliassen.nl\/de\/","logo":{"@id":"https:\/\/www.eliassen.nl\/de\/windspiel-mars-bronze-43cm\/#local-main-organization-logo"},"image":{"@id":"https:\/\/www.eliassen.nl\/de\/windspiel-mars-bronze-43cm\/#local-main-organization-logo"},"sameAs":["https:\/\/www.facebook.com\/TuincentrumEliassenAmmerzoden","https:\/\/www.instagram.com\/eliassenhomeandgarden\/","https:\/\/nl.pinterest.com\/eliassenhomeandgarden\/","https:\/\/www.youtube.com\/@eliassenhomegardenpleasure4558"],"telephone":[],"openingHoursSpecification":[{"@type":"OpeningHoursSpecification","dayOfWeek":["Monday","Tuesday","Wednesday","Thursday","Friday","Saturday","Sunday"],"opens":"09:00","closes":"17:00"}]},{"@type":"ImageObject","inLanguage":"de","@id":"https:\/\/www.eliassen.nl\/de\/windspiel-mars-bronze-43cm\/#local-main-organization-logo","url":"https:\/\/www.eliassen.nl\/wp-content\/uploads\/2024\/01\/logo_4nd.jpg","contentUrl":"https:\/\/www.eliassen.nl\/wp-content\/uploads\/2024\/01\/logo_4nd.jpg","width":500,"height":500,"caption":"Eliassen Home & Garden Pleasure"}]},"product_price_amount":"27.50","product_price_currency":"EUR","og_availability":"instock","product_availability":"instock","product_retailer_item_id":"Dcb17","product_condition":"new"},"df_price":27.5,"df_sale_price":"","df_regular_price":27.5,"df_image_link":"https:\/\/www.eliassen.nl\/wp-content\/uploads\/2025\/01\/Windgong-Mars-bronskleur-43cm-eliassen.nl-DCB17-300x300.jpg","image":"https:\/\/www.eliassen.nl\/wp-content\/uploads\/2025\/01\/Windgong-Mars-bronskleur-43cm-eliassen.nl-DCB17-150x150.jpg","price_search":"<span class=\"woocommerce-Price-amount amount\"><bdi><span class=\"woocommerce-Price-currencySymbol\">&euro;<\/span>&nbsp;27,50<\/bdi><\/span>","category":"Weitere Artikel","global_unique_id":"0028375063314","_links":{"self":[{"href":"https:\/\/www.eliassen.nl\/de\/wp-json\/wp\/v2\/product\/183931","targetHints":{"allow":["GET"]}}],"collection":[{"href":"https:\/\/www.eliassen.nl\/de\/wp-json\/wp\/v2\/product"}],"about":[{"href":"https:\/\/www.eliassen.nl\/de\/wp-json\/wp\/v2\/types\/product"}],"wp:featuredmedia":[{"embeddable":true,"href":"https:\/\/www.eliassen.nl\/de\/wp-json\/wp\/v2\/media\/173067"}],"wp:attachment":[{"href":"https:\/\/www.eliassen.nl\/de\/wp-json\/wp\/v2\/media?parent=183931"}],"wp:term":[{"taxonomy":"product_brand","embeddable":true,"href":"https:\/\/www.eliassen.nl\/de\/wp-json\/wp\/v2\/product_brand?post=183931"},{"taxonomy":"product_cat","embeddable":true,"href":"https:\/\/www.eliassen.nl\/de\/wp-json\/wp\/v2\/product_cat?post=183931"},{"taxonomy":"product_tag","embeddable":true,"href":"https:\/\/www.eliassen.nl\/de\/wp-json\/wp\/v2\/product_tag?post=183931"}],"curies":[{"name":"wp","href":"https:\/\/api.w.org\/{rel}","templated":true}]}}