{"id":18145,"date":"2019-10-28T19:00:48","date_gmt":"2019-10-28T19:00:48","guid":{"rendered":"https:\/\/www.eliassen.nl\/?product=dragonstone-schlafender-engel"},"modified":"2026-01-16T13:40:38","modified_gmt":"2026-01-16T12:40:38","slug":"gartenskulptur-schlafender-engel","status":"publish","type":"product","link":"https:\/\/www.eliassen.nl\/de\/product\/gartenskulptur-schlafender-engel\/","title":{"rendered":"Garten Statue Schlafender Engel 55cm"},"content":{"rendered":"<p>Dies ist eine original englische Skulptur eines schlafenden Engels der Marke DragonStone.<br \/>\nHochwertiger Kunststein sorgt daf\u00fcr, dass Sie jahrelang Freude an diesem Gegenstand haben werden.<\/p>\n<ul>\n<li>Original englische Qualit\u00e4t und Farbe<\/li>\n<li>Hochwertiger Kunststein<\/li>\n<li>Gr\u00f6\u00dfe: 55 cm x 30 cm.<\/li>\n<li>Gewicht: 18kg<\/li>\n<li>Sch\u00f6n detailliert<\/li>\n<li>Schnelle Lieferung<\/li>\n<li>1 Jahr Garantie<\/li>\n<li><strong>Fast die gesamte Kollektion im Gesch\u00e4ft ausgestellt<\/strong><\/li>\n<\/ul>\n","protected":false},"excerpt":{"rendered":"<p>Dies ist eine original englische Skulptur eines schlafenden Engels der Marke DragonStone. Hochwertiger Kunststein sorgt daf\u00fcr, dass Sie jahrelang Freude an diesem Gegenstand haben werden. Original englische Qualit\u00e4t und Farbe Hochwertiger Kunststein Gr\u00f6\u00dfe: 55 cm x 30 cm. Gewicht: 18kg Sch\u00f6n detailliert Schnelle Lieferung 1 Jahr Garantie Fast die gesamte Kollektion im Gesch\u00e4ft ausgestellt<\/p>\n","protected":false},"featured_media":18136,"template":"","meta":{"_acf_changed":false,"_genesis_title":"","_genesis_description":""},"product_brand":[6922],"product_cat":[677,695,7239],"product_tag":[],"class_list":{"0":"post-18145","1":"product","2":"type-product","3":"status-publish","4":"has-post-thumbnail","6":"product_brand-dragonstone-de","7":"product_cat-betonstatuen","8":"product_cat-engels-und-marienstatuen","9":"product_cat-bilder","11":"first","12":"instock","13":"taxable","14":"shipping-taxable","15":"purchasable","16":"product-type-simple"},"acf":[],"meta_all":{"total_sales":"3","wcml_sync_hash":{"postmeta_fields":"ee5ebed08ea9e98cedf628f83c983944"},"attr_label_translations":[],"cor_restricted_countries":[]},"meta_all_flat":{"total_sales":"3","wcml_sync_hash.postmeta_fields":"ee5ebed08ea9e98cedf628f83c983944"},"yoast_head":"<!-- This site is optimized with the Yoast SEO Premium plugin v26.2 (Yoast SEO v27.2) - https:\/\/yoast.com\/product\/yoast-seo-premium-wordpress\/ -->\n<title>Gartenstatue f\u00fcr Garten | Schlafender Engel | Eliassen.nl<\/title>\n<meta name=\"description\" content=\"Eine sch\u00f6ne schlafende Engelsstatue kaufen? Dieser Engel der Marke Dragonstone ist aus hochwertigem Kunststein gefertigt. Original englische Qualit\u00e4t!\" \/>\n<meta name=\"robots\" content=\"index, follow, max-snippet:-1, max-image-preview:large, max-video-preview:-1\" \/>\n<link rel=\"canonical\" href=\"https:\/\/www.eliassen.nl\/de\/product\/gartenskulptur-schlafender-engel\/\" \/>\n<meta property=\"og:locale\" content=\"de_DE\" \/>\n<meta property=\"og:type\" content=\"article\" \/>\n<meta property=\"og:title\" content=\"Dragonstone Garten Statue Schlafender Engel 55cm - Eliassen.nl\" \/>\n<meta property=\"og:description\" content=\"Eine sch\u00f6ne schlafende Engelsstatue kaufen? Dieser Engel der Marke Dragonstone ist aus hochwertigem Kunststein gefertigt. Original englische Qualit\u00e4t!\" \/>\n<meta property=\"og:url\" content=\"https:\/\/www.eliassen.nl\/de\/product\/gartenskulptur-schlafender-engel\/\" \/>\n<meta property=\"og:site_name\" content=\"Eliassen.nl\" \/>\n<meta property=\"article:publisher\" content=\"https:\/\/www.facebook.com\/TuincentrumEliassenAmmerzoden\" \/>\n<meta property=\"article:modified_time\" content=\"2026-01-16T12:40:38+00:00\" \/>\n<meta property=\"og:image\" content=\"https:\/\/www.eliassen.nl\/wp-content\/uploads\/2024\/01\/tuinbeeldslapendeengeleliassennl.jpg\" \/>\n\t<meta property=\"og:image:width\" content=\"709\" \/>\n\t<meta property=\"og:image:height\" content=\"728\" \/>\n\t<meta property=\"og:image:type\" content=\"image\/jpeg\" \/>\n<meta name=\"twitter:card\" content=\"summary_large_image\" \/>\n<script type=\"application\/ld+json\" class=\"yoast-schema-graph\">{\"@context\":\"https:\/\/schema.org\",\"@graph\":[{\"@type\":\"WebPage\",\"@id\":\"https:\/\/www.eliassen.nl\/de\/product\/gartenskulptur-schlafender-engel\/\",\"url\":\"https:\/\/www.eliassen.nl\/de\/product\/gartenskulptur-schlafender-engel\/\",\"name\":\"Gartenstatue f\u00fcr Garten | Schlafender Engel | Eliassen.nl\",\"isPartOf\":{\"@id\":\"https:\/\/www.eliassen.nl\/de\/#website\"},\"primaryImageOfPage\":{\"@id\":\"https:\/\/www.eliassen.nl\/de\/product\/gartenskulptur-schlafender-engel\/#primaryimage\"},\"image\":{\"@id\":\"https:\/\/www.eliassen.nl\/de\/product\/gartenskulptur-schlafender-engel\/#primaryimage\"},\"thumbnailUrl\":\"https:\/\/www.eliassen.nl\/wp-content\/uploads\/2024\/01\/tuinbeeldslapendeengeleliassennl.jpg\",\"datePublished\":\"2019-10-28T19:00:48+00:00\",\"dateModified\":\"2026-01-16T12:40:38+00:00\",\"description\":\"Eine sch\u00f6ne schlafende Engelsstatue kaufen? Dieser Engel der Marke Dragonstone ist aus hochwertigem Kunststein gefertigt. Original englische Qualit\u00e4t!\",\"breadcrumb\":{\"@id\":\"https:\/\/www.eliassen.nl\/de\/product\/gartenskulptur-schlafender-engel\/#breadcrumb\"},\"inLanguage\":\"de\",\"potentialAction\":[{\"@type\":\"ReadAction\",\"target\":[\"https:\/\/www.eliassen.nl\/de\/product\/gartenskulptur-schlafender-engel\/\"]}]},{\"@type\":\"ImageObject\",\"inLanguage\":\"de\",\"@id\":\"https:\/\/www.eliassen.nl\/de\/product\/gartenskulptur-schlafender-engel\/#primaryimage\",\"url\":\"https:\/\/www.eliassen.nl\/wp-content\/uploads\/2024\/01\/tuinbeeldslapendeengeleliassennl.jpg\",\"contentUrl\":\"https:\/\/www.eliassen.nl\/wp-content\/uploads\/2024\/01\/tuinbeeldslapendeengeleliassennl.jpg\",\"width\":709,\"height\":728,\"caption\":\"Gartenskulptur Schlafender Engel - Eliassen.nl\"},{\"@type\":\"BreadcrumbList\",\"@id\":\"https:\/\/www.eliassen.nl\/de\/product\/gartenskulptur-schlafender-engel\/#breadcrumb\",\"itemListElement\":[{\"@type\":\"ListItem\",\"position\":1,\"name\":\"Home\",\"item\":\"https:\/\/www.eliassen.nl\/de\/\"},{\"@type\":\"ListItem\",\"position\":2,\"name\":\"Shop\",\"item\":\"https:\/\/www.eliassen.nl\/de\/shop\/\"},{\"@type\":\"ListItem\",\"position\":3,\"name\":\"Bilder\",\"item\":\"https:\/\/www.eliassen.nl\/de\/bilder\/\"},{\"@type\":\"ListItem\",\"position\":4,\"name\":\"Betonstatuen\",\"item\":\"https:\/\/www.eliassen.nl\/de\/bilder\/betonstatuen\/\"},{\"@type\":\"ListItem\",\"position\":5,\"name\":\"Engels- und Marienstatuen\",\"item\":\"https:\/\/www.eliassen.nl\/de\/bilder\/betonstatuen\/engels-und-marienstatuen\/\"},{\"@type\":\"ListItem\",\"position\":6,\"name\":\"Garten Statue Schlafender Engel 55cm\"}]},{\"@type\":\"WebSite\",\"@id\":\"https:\/\/www.eliassen.nl\/de\/#website\",\"url\":\"https:\/\/www.eliassen.nl\/de\/\",\"name\":\"Eliassen Home & Garden Pleasure\",\"description\":\"\",\"publisher\":{\"@id\":\"https:\/\/www.eliassen.nl\/de\/#organization\"},\"alternateName\":\"Eliassen.nl\",\"potentialAction\":[{\"@type\":\"SearchAction\",\"target\":{\"@type\":\"EntryPoint\",\"urlTemplate\":\"https:\/\/www.eliassen.nl\/de\/?s={search_term_string}\"},\"query-input\":{\"@type\":\"PropertyValueSpecification\",\"valueRequired\":true,\"valueName\":\"search_term_string\"}}],\"inLanguage\":\"de\"},{\"@type\":[\"Organization\",\"Place\"],\"@id\":\"https:\/\/www.eliassen.nl\/de\/#organization\",\"name\":\"Eliassen Home & Garden Pleasure\",\"url\":\"https:\/\/www.eliassen.nl\/de\/\",\"logo\":{\"@id\":\"https:\/\/www.eliassen.nl\/de\/product\/gartenskulptur-schlafender-engel\/#local-main-organization-logo\"},\"image\":{\"@id\":\"https:\/\/www.eliassen.nl\/de\/product\/gartenskulptur-schlafender-engel\/#local-main-organization-logo\"},\"sameAs\":[\"https:\/\/www.facebook.com\/TuincentrumEliassenAmmerzoden\",\"https:\/\/www.instagram.com\/eliassenhomeandgarden\/\",\"https:\/\/nl.pinterest.com\/eliassenhomeandgarden\/\",\"https:\/\/www.youtube.com\/@eliassenhomegardenpleasure4558\"],\"telephone\":[],\"openingHoursSpecification\":[{\"@type\":\"OpeningHoursSpecification\",\"dayOfWeek\":[\"Monday\",\"Tuesday\",\"Wednesday\",\"Thursday\",\"Friday\",\"Saturday\",\"Sunday\"],\"opens\":\"09:00\",\"closes\":\"17:00\"}]},{\"@type\":\"ImageObject\",\"inLanguage\":\"de\",\"@id\":\"https:\/\/www.eliassen.nl\/de\/product\/gartenskulptur-schlafender-engel\/#local-main-organization-logo\",\"url\":\"https:\/\/www.eliassen.nl\/wp-content\/uploads\/2024\/01\/logo_4nd.jpg\",\"contentUrl\":\"https:\/\/www.eliassen.nl\/wp-content\/uploads\/2024\/01\/logo_4nd.jpg\",\"width\":500,\"height\":500,\"caption\":\"Eliassen Home & Garden Pleasure\"}]}<\/script>\n<meta property=\"product:price:amount\" content=\"59.00\" \/>\n<meta property=\"product:price:currency\" content=\"EUR\" \/>\n<meta property=\"og:availability\" content=\"instock\" \/>\n<meta property=\"product:availability\" content=\"instock\" \/>\n<meta property=\"product:retailer_item_id\" content=\"St103\" \/>\n<meta property=\"product:condition\" content=\"new\" \/>\n<!-- \/ Yoast SEO Premium plugin. -->","yoast_head_json":{"title":"Gartenstatue f\u00fcr Garten | Schlafender Engel | Eliassen.nl","description":"Eine sch\u00f6ne schlafende Engelsstatue kaufen? Dieser Engel der Marke Dragonstone ist aus hochwertigem Kunststein gefertigt. Original englische Qualit\u00e4t!","robots":{"index":"index","follow":"follow","max-snippet":"max-snippet:-1","max-image-preview":"max-image-preview:large","max-video-preview":"max-video-preview:-1"},"canonical":"https:\/\/www.eliassen.nl\/de\/product\/gartenskulptur-schlafender-engel\/","og_locale":"de_DE","og_type":"article","og_title":"Dragonstone Garten Statue Schlafender Engel 55cm - Eliassen.nl","og_description":"Eine sch\u00f6ne schlafende Engelsstatue kaufen? Dieser Engel der Marke Dragonstone ist aus hochwertigem Kunststein gefertigt. Original englische Qualit\u00e4t!","og_url":"https:\/\/www.eliassen.nl\/de\/product\/gartenskulptur-schlafender-engel\/","og_site_name":"Eliassen.nl","article_publisher":"https:\/\/www.facebook.com\/TuincentrumEliassenAmmerzoden","article_modified_time":"2026-01-16T12:40:38+00:00","og_image":[{"width":709,"height":728,"url":"https:\/\/www.eliassen.nl\/wp-content\/uploads\/2024\/01\/tuinbeeldslapendeengeleliassennl.jpg","type":"image\/jpeg"}],"twitter_card":"summary_large_image","schema":{"@context":"https:\/\/schema.org","@graph":[{"@type":"WebPage","@id":"https:\/\/www.eliassen.nl\/de\/product\/gartenskulptur-schlafender-engel\/","url":"https:\/\/www.eliassen.nl\/de\/product\/gartenskulptur-schlafender-engel\/","name":"Gartenstatue f\u00fcr Garten | Schlafender Engel | Eliassen.nl","isPartOf":{"@id":"https:\/\/www.eliassen.nl\/de\/#website"},"primaryImageOfPage":{"@id":"https:\/\/www.eliassen.nl\/de\/product\/gartenskulptur-schlafender-engel\/#primaryimage"},"image":{"@id":"https:\/\/www.eliassen.nl\/de\/product\/gartenskulptur-schlafender-engel\/#primaryimage"},"thumbnailUrl":"https:\/\/www.eliassen.nl\/wp-content\/uploads\/2024\/01\/tuinbeeldslapendeengeleliassennl.jpg","datePublished":"2019-10-28T19:00:48+00:00","dateModified":"2026-01-16T12:40:38+00:00","description":"Eine sch\u00f6ne schlafende Engelsstatue kaufen? Dieser Engel der Marke Dragonstone ist aus hochwertigem Kunststein gefertigt. Original englische Qualit\u00e4t!","breadcrumb":{"@id":"https:\/\/www.eliassen.nl\/de\/product\/gartenskulptur-schlafender-engel\/#breadcrumb"},"inLanguage":"de","potentialAction":[{"@type":"ReadAction","target":["https:\/\/www.eliassen.nl\/de\/product\/gartenskulptur-schlafender-engel\/"]}]},{"@type":"ImageObject","inLanguage":"de","@id":"https:\/\/www.eliassen.nl\/de\/product\/gartenskulptur-schlafender-engel\/#primaryimage","url":"https:\/\/www.eliassen.nl\/wp-content\/uploads\/2024\/01\/tuinbeeldslapendeengeleliassennl.jpg","contentUrl":"https:\/\/www.eliassen.nl\/wp-content\/uploads\/2024\/01\/tuinbeeldslapendeengeleliassennl.jpg","width":709,"height":728,"caption":"Gartenskulptur Schlafender Engel - Eliassen.nl"},{"@type":"BreadcrumbList","@id":"https:\/\/www.eliassen.nl\/de\/product\/gartenskulptur-schlafender-engel\/#breadcrumb","itemListElement":[{"@type":"ListItem","position":1,"name":"Home","item":"https:\/\/www.eliassen.nl\/de\/"},{"@type":"ListItem","position":2,"name":"Shop","item":"https:\/\/www.eliassen.nl\/de\/shop\/"},{"@type":"ListItem","position":3,"name":"Bilder","item":"https:\/\/www.eliassen.nl\/de\/bilder\/"},{"@type":"ListItem","position":4,"name":"Betonstatuen","item":"https:\/\/www.eliassen.nl\/de\/bilder\/betonstatuen\/"},{"@type":"ListItem","position":5,"name":"Engels- und Marienstatuen","item":"https:\/\/www.eliassen.nl\/de\/bilder\/betonstatuen\/engels-und-marienstatuen\/"},{"@type":"ListItem","position":6,"name":"Garten Statue Schlafender Engel 55cm"}]},{"@type":"WebSite","@id":"https:\/\/www.eliassen.nl\/de\/#website","url":"https:\/\/www.eliassen.nl\/de\/","name":"Eliassen Home & Garden Pleasure","description":"","publisher":{"@id":"https:\/\/www.eliassen.nl\/de\/#organization"},"alternateName":"Eliassen.nl","potentialAction":[{"@type":"SearchAction","target":{"@type":"EntryPoint","urlTemplate":"https:\/\/www.eliassen.nl\/de\/?s={search_term_string}"},"query-input":{"@type":"PropertyValueSpecification","valueRequired":true,"valueName":"search_term_string"}}],"inLanguage":"de"},{"@type":["Organization","Place"],"@id":"https:\/\/www.eliassen.nl\/de\/#organization","name":"Eliassen Home & Garden Pleasure","url":"https:\/\/www.eliassen.nl\/de\/","logo":{"@id":"https:\/\/www.eliassen.nl\/de\/product\/gartenskulptur-schlafender-engel\/#local-main-organization-logo"},"image":{"@id":"https:\/\/www.eliassen.nl\/de\/product\/gartenskulptur-schlafender-engel\/#local-main-organization-logo"},"sameAs":["https:\/\/www.facebook.com\/TuincentrumEliassenAmmerzoden","https:\/\/www.instagram.com\/eliassenhomeandgarden\/","https:\/\/nl.pinterest.com\/eliassenhomeandgarden\/","https:\/\/www.youtube.com\/@eliassenhomegardenpleasure4558"],"telephone":[],"openingHoursSpecification":[{"@type":"OpeningHoursSpecification","dayOfWeek":["Monday","Tuesday","Wednesday","Thursday","Friday","Saturday","Sunday"],"opens":"09:00","closes":"17:00"}]},{"@type":"ImageObject","inLanguage":"de","@id":"https:\/\/www.eliassen.nl\/de\/product\/gartenskulptur-schlafender-engel\/#local-main-organization-logo","url":"https:\/\/www.eliassen.nl\/wp-content\/uploads\/2024\/01\/logo_4nd.jpg","contentUrl":"https:\/\/www.eliassen.nl\/wp-content\/uploads\/2024\/01\/logo_4nd.jpg","width":500,"height":500,"caption":"Eliassen Home & Garden Pleasure"}]},"product_price_amount":"59.00","product_price_currency":"EUR","og_availability":"instock","product_availability":"instock","product_retailer_item_id":"St103","product_condition":"new"},"df_price":59,"df_sale_price":"","df_regular_price":59,"df_image_link":"https:\/\/www.eliassen.nl\/wp-content\/uploads\/2024\/01\/tuinbeeldslapendeengeleliassennl.jpg","image":"https:\/\/www.eliassen.nl\/wp-content\/uploads\/2024\/01\/tuinbeeldslapendeengeleliassennl.jpg","price_search":"<span class=\"woocommerce-Price-amount amount\"><bdi><span class=\"woocommerce-Price-currencySymbol\">&euro;<\/span>&nbsp;59,00<\/bdi><\/span>","category":"Betonstatuen","global_unique_id":"5023507025852","_links":{"self":[{"href":"https:\/\/www.eliassen.nl\/de\/wp-json\/wp\/v2\/product\/18145","targetHints":{"allow":["GET"]}}],"collection":[{"href":"https:\/\/www.eliassen.nl\/de\/wp-json\/wp\/v2\/product"}],"about":[{"href":"https:\/\/www.eliassen.nl\/de\/wp-json\/wp\/v2\/types\/product"}],"wp:featuredmedia":[{"embeddable":true,"href":"https:\/\/www.eliassen.nl\/de\/wp-json\/wp\/v2\/media\/18136"}],"wp:attachment":[{"href":"https:\/\/www.eliassen.nl\/de\/wp-json\/wp\/v2\/media?parent=18145"}],"wp:term":[{"taxonomy":"product_brand","embeddable":true,"href":"https:\/\/www.eliassen.nl\/de\/wp-json\/wp\/v2\/product_brand?post=18145"},{"taxonomy":"product_cat","embeddable":true,"href":"https:\/\/www.eliassen.nl\/de\/wp-json\/wp\/v2\/product_cat?post=18145"},{"taxonomy":"product_tag","embeddable":true,"href":"https:\/\/www.eliassen.nl\/de\/wp-json\/wp\/v2\/product_tag?post=18145"}],"curies":[{"name":"wp","href":"https:\/\/api.w.org\/{rel}","templated":true}]}}