{"id":18022,"date":"2019-10-28T18:58:18","date_gmt":"2019-10-28T17:58:18","guid":{"rendered":"https:\/\/www.eliassen.nl\/?product=nachtschwaermer-glasmalerei-100x150cm"},"modified":"2026-01-07T13:20:57","modified_gmt":"2026-01-07T12:20:57","slug":"glasmalerei-nachtwache-150x100cm","status":"publish","type":"product","link":"https:\/\/www.eliassen.nl\/de\/glasmalerei-nachtwache-150x100cm\/","title":{"rendered":"Glasgem\u00e4lde Nachtwache 150x100cm"},"content":{"rendered":"<p>Wundersch\u00f6n in sch\u00f6nen, eleganten Innenr\u00e4umen, aber nat\u00fcrlich auch geschmackvoll f\u00fcr das Zuhause oder das B\u00fcro. Eine wundersch\u00f6ne gro\u00dfe Glasplatte mit einer superscharfen Abbildung der Nachtwache des weltber\u00fchmten Malers Rembrandt, die auf der R\u00fcckseite eingebrannt ist. Da sich das Foto auf der R\u00fcckseite befindet, sorgt das Glas auf der Vorderseite f\u00fcr einen atemberaubenden Effekt.<\/p>\n<p><strong>Wir haben fast die gesamte Kollektion dieser Gem\u00e4ldesammlung in unserem Gesch\u00e4ft vorr\u00e4tig, was in den Niederlanden sehr einzigartig ist!<\/strong><\/p>\n<ul>\n<li>  Gr\u00f6\u00dfe 150x100cm hoch<\/li>\n<li> Schnelle Lieferung<\/li>\n<li> Praktisch unzerbrechlich<\/li>\n<li> Superscharfes Bild<\/li>\n<li> 4 mm dickes geh\u00e4rtetes Glas<\/li>\n<li> Praktisch unempfindlich gegen Kratzer<\/li>\n<li> Einfaches Aufh\u00e4ngen mit 2 Haken<\/li>\n<\/ul>\n","protected":false},"excerpt":{"rendered":"<p>Wundersch\u00f6n in sch\u00f6nen, eleganten Innenr\u00e4umen, aber nat\u00fcrlich auch geschmackvoll f\u00fcr das Zuhause oder das B\u00fcro. Eine wundersch\u00f6ne gro\u00dfe Glasplatte mit einer superscharfen Abbildung der Nachtwache des weltber\u00fchmten Malers Rembrandt, die auf der R\u00fcckseite eingebrannt ist. Da sich das Foto auf der R\u00fcckseite befindet, sorgt das Glas auf der Vorderseite f\u00fcr einen atemberaubenden Effekt. Wir haben &hellip;<\/p>\n","protected":false},"featured_media":18019,"template":"","meta":{"_acf_changed":false,"_genesis_title":"","_genesis_description":""},"product_brand":[7505],"product_cat":[470,410,443],"product_tag":[],"class_list":{"0":"post-18022","1":"product","2":"type-product","3":"status-publish","4":"has-post-thumbnail","6":"product_brand-sonstige","7":"product_cat-andere-groessen-von-glasgemaelden","8":"product_cat-gemaelde","9":"product_cat-glasmalereien","11":"first","12":"instock","13":"taxable","14":"shipping-taxable","15":"purchasable","16":"product-type-simple"},"acf":[],"meta_all":{"total_sales":"1","wcml_sync_hash":{"postmeta_fields":"089c9d252d35af9fd7809bb40bc350df"},"attr_label_translations":[],"cor_restricted_countries":[]},"meta_all_flat":{"total_sales":"1","wcml_sync_hash.postmeta_fields":"089c9d252d35af9fd7809bb40bc350df"},"yoast_head":"<!-- This site is optimized with the Yoast SEO Premium plugin v26.2 (Yoast SEO v27.2) - https:\/\/yoast.com\/product\/yoast-seo-premium-wordpress\/ -->\n<title>Glasmalerei Night Watch |150x100cm | Eliassen.nl<\/title>\n<meta name=\"description\" content=\"Glasgem\u00e4lde Nachtwache des ber\u00fchmten Malers Rembrandt f\u00fcr Ihr Wohnzimmer oder Ihre B\u00fcrowand. Sehen Sie mehr Gem\u00e4lde von ber\u00fchmten Malern LIVE!\" \/>\n<meta name=\"robots\" content=\"index, follow, max-snippet:-1, max-image-preview:large, max-video-preview:-1\" \/>\n<link rel=\"canonical\" href=\"https:\/\/www.eliassen.nl\/de\/glasmalerei-nachtwache-150x100cm\/\" \/>\n<meta property=\"og:locale\" content=\"de_DE\" \/>\n<meta property=\"og:type\" content=\"article\" \/>\n<meta property=\"og:title\" content=\"Sonstige Glasgem\u00e4lde Nachtwache 150x100cm - Eliassen.nl\" \/>\n<meta property=\"og:description\" content=\"Glasgem\u00e4lde Nachtwache des ber\u00fchmten Malers Rembrandt f\u00fcr Ihr Wohnzimmer oder Ihre B\u00fcrowand. Sehen Sie mehr Gem\u00e4lde von ber\u00fchmten Malern LIVE!\" \/>\n<meta property=\"og:url\" content=\"https:\/\/www.eliassen.nl\/de\/glasmalerei-nachtwache-150x100cm\/\" \/>\n<meta property=\"og:site_name\" content=\"Eliassen.nl\" \/>\n<meta property=\"article:publisher\" content=\"https:\/\/www.facebook.com\/TuincentrumEliassenAmmerzoden\" \/>\n<meta property=\"article:modified_time\" content=\"2026-01-07T12:20:57+00:00\" \/>\n<meta property=\"og:image\" content=\"https:\/\/www.eliassen.nl\/wp-content\/uploads\/2024\/01\/glasschilderijnachtwacht150x100cmeliassennl.jpg\" \/>\n\t<meta property=\"og:image:width\" content=\"1024\" \/>\n\t<meta property=\"og:image:height\" content=\"682\" \/>\n\t<meta property=\"og:image:type\" content=\"image\/jpeg\" \/>\n<meta name=\"twitter:card\" content=\"summary_large_image\" \/>\n<script type=\"application\/ld+json\" class=\"yoast-schema-graph\">{\"@context\":\"https:\/\/schema.org\",\"@graph\":[{\"@type\":\"WebPage\",\"@id\":\"https:\/\/www.eliassen.nl\/de\/glasmalerei-nachtwache-150x100cm\/\",\"url\":\"https:\/\/www.eliassen.nl\/de\/glasmalerei-nachtwache-150x100cm\/\",\"name\":\"Glasmalerei Night Watch |150x100cm | Eliassen.nl\",\"isPartOf\":{\"@id\":\"https:\/\/www.eliassen.nl\/de\/#website\"},\"primaryImageOfPage\":{\"@id\":\"https:\/\/www.eliassen.nl\/de\/glasmalerei-nachtwache-150x100cm\/#primaryimage\"},\"image\":{\"@id\":\"https:\/\/www.eliassen.nl\/de\/glasmalerei-nachtwache-150x100cm\/#primaryimage\"},\"thumbnailUrl\":\"https:\/\/www.eliassen.nl\/wp-content\/uploads\/2024\/01\/glasschilderijnachtwacht150x100cmeliassennl.jpg\",\"datePublished\":\"2019-10-28T17:58:18+00:00\",\"dateModified\":\"2026-01-07T12:20:57+00:00\",\"description\":\"Glasgem\u00e4lde Nachtwache des ber\u00fchmten Malers Rembrandt f\u00fcr Ihr Wohnzimmer oder Ihre B\u00fcrowand. Sehen Sie mehr Gem\u00e4lde von ber\u00fchmten Malern LIVE!\",\"breadcrumb\":{\"@id\":\"https:\/\/www.eliassen.nl\/de\/glasmalerei-nachtwache-150x100cm\/#breadcrumb\"},\"inLanguage\":\"de\",\"potentialAction\":[{\"@type\":\"ReadAction\",\"target\":[\"https:\/\/www.eliassen.nl\/de\/glasmalerei-nachtwache-150x100cm\/\"]}]},{\"@type\":\"ImageObject\",\"inLanguage\":\"de\",\"@id\":\"https:\/\/www.eliassen.nl\/de\/glasmalerei-nachtwache-150x100cm\/#primaryimage\",\"url\":\"https:\/\/www.eliassen.nl\/wp-content\/uploads\/2024\/01\/glasschilderijnachtwacht150x100cmeliassennl.jpg\",\"contentUrl\":\"https:\/\/www.eliassen.nl\/wp-content\/uploads\/2024\/01\/glasschilderijnachtwacht150x100cmeliassennl.jpg\",\"width\":1024,\"height\":682,\"caption\":\"Glasgem\u00e4lde Nachtwache 150x100cm | Eliassen.nl\"},{\"@type\":\"BreadcrumbList\",\"@id\":\"https:\/\/www.eliassen.nl\/de\/glasmalerei-nachtwache-150x100cm\/#breadcrumb\",\"itemListElement\":[{\"@type\":\"ListItem\",\"position\":1,\"name\":\"Home\",\"item\":\"https:\/\/www.eliassen.nl\/de\/\"},{\"@type\":\"ListItem\",\"position\":2,\"name\":\"Shop\",\"item\":\"https:\/\/www.eliassen.nl\/de\/shop\/\"},{\"@type\":\"ListItem\",\"position\":3,\"name\":\"Glasmalereien\",\"item\":\"https:\/\/www.eliassen.nl\/de\/gemaelde\/glasmalereien\/\"},{\"@type\":\"ListItem\",\"position\":4,\"name\":\"Andere Gr\u00f6\u00dfen von Glasgem\u00e4lden\",\"item\":\"https:\/\/www.eliassen.nl\/de\/gemaelde\/glasmalereien\/andere-groessen-von-glasgemaelden\/\"},{\"@type\":\"ListItem\",\"position\":5,\"name\":\"Glasgem\u00e4lde Nachtwache 150x100cm\"}]},{\"@type\":\"WebSite\",\"@id\":\"https:\/\/www.eliassen.nl\/de\/#website\",\"url\":\"https:\/\/www.eliassen.nl\/de\/\",\"name\":\"Eliassen Home & Garden Pleasure\",\"description\":\"\",\"publisher\":{\"@id\":\"https:\/\/www.eliassen.nl\/de\/#organization\"},\"alternateName\":\"Eliassen.nl\",\"potentialAction\":[{\"@type\":\"SearchAction\",\"target\":{\"@type\":\"EntryPoint\",\"urlTemplate\":\"https:\/\/www.eliassen.nl\/de\/?s={search_term_string}\"},\"query-input\":{\"@type\":\"PropertyValueSpecification\",\"valueRequired\":true,\"valueName\":\"search_term_string\"}}],\"inLanguage\":\"de\"},{\"@type\":[\"Organization\",\"Place\"],\"@id\":\"https:\/\/www.eliassen.nl\/de\/#organization\",\"name\":\"Eliassen Home & Garden Pleasure\",\"url\":\"https:\/\/www.eliassen.nl\/de\/\",\"logo\":{\"@id\":\"https:\/\/www.eliassen.nl\/de\/glasmalerei-nachtwache-150x100cm\/#local-main-organization-logo\"},\"image\":{\"@id\":\"https:\/\/www.eliassen.nl\/de\/glasmalerei-nachtwache-150x100cm\/#local-main-organization-logo\"},\"sameAs\":[\"https:\/\/www.facebook.com\/TuincentrumEliassenAmmerzoden\",\"https:\/\/www.instagram.com\/eliassenhomeandgarden\/\",\"https:\/\/nl.pinterest.com\/eliassenhomeandgarden\/\",\"https:\/\/www.youtube.com\/@eliassenhomegardenpleasure4558\"],\"telephone\":[],\"openingHoursSpecification\":[{\"@type\":\"OpeningHoursSpecification\",\"dayOfWeek\":[\"Monday\",\"Tuesday\",\"Wednesday\",\"Thursday\",\"Friday\",\"Saturday\",\"Sunday\"],\"opens\":\"09:00\",\"closes\":\"17:00\"}]},{\"@type\":\"ImageObject\",\"inLanguage\":\"de\",\"@id\":\"https:\/\/www.eliassen.nl\/de\/glasmalerei-nachtwache-150x100cm\/#local-main-organization-logo\",\"url\":\"https:\/\/www.eliassen.nl\/wp-content\/uploads\/2024\/01\/logo_4nd.jpg\",\"contentUrl\":\"https:\/\/www.eliassen.nl\/wp-content\/uploads\/2024\/01\/logo_4nd.jpg\",\"width\":500,\"height\":500,\"caption\":\"Eliassen Home & Garden Pleasure\"}]}<\/script>\n<meta property=\"product:price:amount\" content=\"249.00\" \/>\n<meta property=\"product:price:currency\" content=\"EUR\" \/>\n<meta property=\"og:availability\" content=\"instock\" \/>\n<meta property=\"product:availability\" content=\"instock\" \/>\n<meta property=\"product:retailer_item_id\" content=\"S901\" \/>\n<meta property=\"product:condition\" content=\"new\" \/>\n<!-- \/ Yoast SEO Premium plugin. -->","yoast_head_json":{"title":"Glasmalerei Night Watch |150x100cm | Eliassen.nl","description":"Glasgem\u00e4lde Nachtwache des ber\u00fchmten Malers Rembrandt f\u00fcr Ihr Wohnzimmer oder Ihre B\u00fcrowand. Sehen Sie mehr Gem\u00e4lde von ber\u00fchmten Malern LIVE!","robots":{"index":"index","follow":"follow","max-snippet":"max-snippet:-1","max-image-preview":"max-image-preview:large","max-video-preview":"max-video-preview:-1"},"canonical":"https:\/\/www.eliassen.nl\/de\/glasmalerei-nachtwache-150x100cm\/","og_locale":"de_DE","og_type":"article","og_title":"Sonstige Glasgem\u00e4lde Nachtwache 150x100cm - Eliassen.nl","og_description":"Glasgem\u00e4lde Nachtwache des ber\u00fchmten Malers Rembrandt f\u00fcr Ihr Wohnzimmer oder Ihre B\u00fcrowand. Sehen Sie mehr Gem\u00e4lde von ber\u00fchmten Malern LIVE!","og_url":"https:\/\/www.eliassen.nl\/de\/glasmalerei-nachtwache-150x100cm\/","og_site_name":"Eliassen.nl","article_publisher":"https:\/\/www.facebook.com\/TuincentrumEliassenAmmerzoden","article_modified_time":"2026-01-07T12:20:57+00:00","og_image":[{"width":1024,"height":682,"url":"https:\/\/www.eliassen.nl\/wp-content\/uploads\/2024\/01\/glasschilderijnachtwacht150x100cmeliassennl.jpg","type":"image\/jpeg"}],"twitter_card":"summary_large_image","schema":{"@context":"https:\/\/schema.org","@graph":[{"@type":"WebPage","@id":"https:\/\/www.eliassen.nl\/de\/glasmalerei-nachtwache-150x100cm\/","url":"https:\/\/www.eliassen.nl\/de\/glasmalerei-nachtwache-150x100cm\/","name":"Glasmalerei Night Watch |150x100cm | Eliassen.nl","isPartOf":{"@id":"https:\/\/www.eliassen.nl\/de\/#website"},"primaryImageOfPage":{"@id":"https:\/\/www.eliassen.nl\/de\/glasmalerei-nachtwache-150x100cm\/#primaryimage"},"image":{"@id":"https:\/\/www.eliassen.nl\/de\/glasmalerei-nachtwache-150x100cm\/#primaryimage"},"thumbnailUrl":"https:\/\/www.eliassen.nl\/wp-content\/uploads\/2024\/01\/glasschilderijnachtwacht150x100cmeliassennl.jpg","datePublished":"2019-10-28T17:58:18+00:00","dateModified":"2026-01-07T12:20:57+00:00","description":"Glasgem\u00e4lde Nachtwache des ber\u00fchmten Malers Rembrandt f\u00fcr Ihr Wohnzimmer oder Ihre B\u00fcrowand. Sehen Sie mehr Gem\u00e4lde von ber\u00fchmten Malern LIVE!","breadcrumb":{"@id":"https:\/\/www.eliassen.nl\/de\/glasmalerei-nachtwache-150x100cm\/#breadcrumb"},"inLanguage":"de","potentialAction":[{"@type":"ReadAction","target":["https:\/\/www.eliassen.nl\/de\/glasmalerei-nachtwache-150x100cm\/"]}]},{"@type":"ImageObject","inLanguage":"de","@id":"https:\/\/www.eliassen.nl\/de\/glasmalerei-nachtwache-150x100cm\/#primaryimage","url":"https:\/\/www.eliassen.nl\/wp-content\/uploads\/2024\/01\/glasschilderijnachtwacht150x100cmeliassennl.jpg","contentUrl":"https:\/\/www.eliassen.nl\/wp-content\/uploads\/2024\/01\/glasschilderijnachtwacht150x100cmeliassennl.jpg","width":1024,"height":682,"caption":"Glasgem\u00e4lde Nachtwache 150x100cm | Eliassen.nl"},{"@type":"BreadcrumbList","@id":"https:\/\/www.eliassen.nl\/de\/glasmalerei-nachtwache-150x100cm\/#breadcrumb","itemListElement":[{"@type":"ListItem","position":1,"name":"Home","item":"https:\/\/www.eliassen.nl\/de\/"},{"@type":"ListItem","position":2,"name":"Shop","item":"https:\/\/www.eliassen.nl\/de\/shop\/"},{"@type":"ListItem","position":3,"name":"Glasmalereien","item":"https:\/\/www.eliassen.nl\/de\/gemaelde\/glasmalereien\/"},{"@type":"ListItem","position":4,"name":"Andere Gr\u00f6\u00dfen von Glasgem\u00e4lden","item":"https:\/\/www.eliassen.nl\/de\/gemaelde\/glasmalereien\/andere-groessen-von-glasgemaelden\/"},{"@type":"ListItem","position":5,"name":"Glasgem\u00e4lde Nachtwache 150x100cm"}]},{"@type":"WebSite","@id":"https:\/\/www.eliassen.nl\/de\/#website","url":"https:\/\/www.eliassen.nl\/de\/","name":"Eliassen Home & Garden Pleasure","description":"","publisher":{"@id":"https:\/\/www.eliassen.nl\/de\/#organization"},"alternateName":"Eliassen.nl","potentialAction":[{"@type":"SearchAction","target":{"@type":"EntryPoint","urlTemplate":"https:\/\/www.eliassen.nl\/de\/?s={search_term_string}"},"query-input":{"@type":"PropertyValueSpecification","valueRequired":true,"valueName":"search_term_string"}}],"inLanguage":"de"},{"@type":["Organization","Place"],"@id":"https:\/\/www.eliassen.nl\/de\/#organization","name":"Eliassen Home & Garden Pleasure","url":"https:\/\/www.eliassen.nl\/de\/","logo":{"@id":"https:\/\/www.eliassen.nl\/de\/glasmalerei-nachtwache-150x100cm\/#local-main-organization-logo"},"image":{"@id":"https:\/\/www.eliassen.nl\/de\/glasmalerei-nachtwache-150x100cm\/#local-main-organization-logo"},"sameAs":["https:\/\/www.facebook.com\/TuincentrumEliassenAmmerzoden","https:\/\/www.instagram.com\/eliassenhomeandgarden\/","https:\/\/nl.pinterest.com\/eliassenhomeandgarden\/","https:\/\/www.youtube.com\/@eliassenhomegardenpleasure4558"],"telephone":[],"openingHoursSpecification":[{"@type":"OpeningHoursSpecification","dayOfWeek":["Monday","Tuesday","Wednesday","Thursday","Friday","Saturday","Sunday"],"opens":"09:00","closes":"17:00"}]},{"@type":"ImageObject","inLanguage":"de","@id":"https:\/\/www.eliassen.nl\/de\/glasmalerei-nachtwache-150x100cm\/#local-main-organization-logo","url":"https:\/\/www.eliassen.nl\/wp-content\/uploads\/2024\/01\/logo_4nd.jpg","contentUrl":"https:\/\/www.eliassen.nl\/wp-content\/uploads\/2024\/01\/logo_4nd.jpg","width":500,"height":500,"caption":"Eliassen Home & Garden Pleasure"}]},"product_price_amount":"249.00","product_price_currency":"EUR","og_availability":"instock","product_availability":"instock","product_retailer_item_id":"S901","product_condition":"new"},"df_price":249,"df_sale_price":"","df_regular_price":249,"df_image_link":"https:\/\/www.eliassen.nl\/wp-content\/uploads\/2024\/01\/glasschilderijnachtwacht150x100cmeliassennl.jpg","image":"https:\/\/www.eliassen.nl\/wp-content\/uploads\/2024\/01\/glasschilderijnachtwacht150x100cmeliassennl.jpg","price_search":"<span class=\"woocommerce-Price-amount amount\"><bdi><span class=\"woocommerce-Price-currencySymbol\">&euro;<\/span>&nbsp;249,00<\/bdi><\/span>","category":"Andere Gr\u00f6\u00dfen von Glasgem\u00e4lden","global_unique_id":"7438245811892","_links":{"self":[{"href":"https:\/\/www.eliassen.nl\/de\/wp-json\/wp\/v2\/product\/18022","targetHints":{"allow":["GET"]}}],"collection":[{"href":"https:\/\/www.eliassen.nl\/de\/wp-json\/wp\/v2\/product"}],"about":[{"href":"https:\/\/www.eliassen.nl\/de\/wp-json\/wp\/v2\/types\/product"}],"wp:featuredmedia":[{"embeddable":true,"href":"https:\/\/www.eliassen.nl\/de\/wp-json\/wp\/v2\/media\/18019"}],"wp:attachment":[{"href":"https:\/\/www.eliassen.nl\/de\/wp-json\/wp\/v2\/media?parent=18022"}],"wp:term":[{"taxonomy":"product_brand","embeddable":true,"href":"https:\/\/www.eliassen.nl\/de\/wp-json\/wp\/v2\/product_brand?post=18022"},{"taxonomy":"product_cat","embeddable":true,"href":"https:\/\/www.eliassen.nl\/de\/wp-json\/wp\/v2\/product_cat?post=18022"},{"taxonomy":"product_tag","embeddable":true,"href":"https:\/\/www.eliassen.nl\/de\/wp-json\/wp\/v2\/product_tag?post=18022"}],"curies":[{"name":"wp","href":"https:\/\/api.w.org\/{rel}","templated":true}]}}