{"id":177739,"date":"2025-03-26T16:22:05","date_gmt":"2025-03-26T15:22:05","guid":{"rendered":"https:\/\/www.eliassen.nl\/?post_type=product&#038;p=177739"},"modified":"2026-01-16T15:58:17","modified_gmt":"2026-01-16T14:58:17","slug":"garten-skulptur-metall-eco-rost-rose-auf-fuss-gross-105cm","status":"publish","type":"product","link":"https:\/\/www.eliassen.nl\/de\/garten-skulptur-metall-eco-rost-rose-auf-fuss-gross-105cm\/","title":{"rendered":"Garten Skulptur Metall Eco-Rost Rose auf Fu\u00df gro\u00df 105cm"},"content":{"rendered":"<p><span style=\"font-weight: 400;\">Sind Sie auf der Suche nach einem modernen Blickfang f\u00fcr Ihren Garten? Dann bringen Sie Ihren Au\u00dfenbereich auf die n\u00e4chste Stufe und entscheiden Sie sich f\u00fcr eine moderne, rostfarbene Gartenstatue in Ihrem Garten!<\/span><span style=\"font-weight: 400;\"><br \/>\n<\/span><span style=\"font-weight: 400;\">F\u00fcr diese Serie von Gartenstatuen m\u00fcssen Sie keine Stecknadel in den Boden stecken. An der Unterseite befindet sich eine Platte, die Sie stabil auf den Boden, den Rasen oder die Fliese stellen k\u00f6nnen.<\/span><\/p>\n<p><b>Warum eine Gartenstatue mit gro\u00dfer Rosenbl\u00fcte ?<\/b><\/p>\n<p><span style=\"font-weight: 400;\">Diese Gartenstatue ist von absoluter Spitzenqualit\u00e4t! Es ist handgefertigt und enth\u00e4lt daher viele Details. Die robuste Metallkonstruktion sorgt daf\u00fcr, dass die Gartenstatue fest steht und \u00fcber Jahre hinweg sch\u00f6n bleibt. Dieses Modell in der Version mit einer gro\u00dfen Rosenbl\u00fcte ist rostfarben. Mit diesen Dekorationen erhalten Sie einen echten Blickfang in Ihrem Garten!<\/span><\/p>\n<p><b>Wir haben fast alles aus dieser Serie auf Lager, kommen Sie und schauen Sie sich um!<\/b><\/p>\n<ul>\n<li style=\"font-weight: 400;\"><span style=\"font-weight: 400;\">Farben: rostfarben<\/span><\/li>\n<li>Ma\u00dfe: 33 x 45 x 105 cm<\/li>\n<li style=\"font-weight: 400;\"><span style=\"font-weight: 400;\">Schnelle Lieferung.<\/span><\/li>\n<li style=\"font-weight: 400;\"><span style=\"font-weight: 400;\">Kein Spielzeug.<\/span><\/li>\n<li style=\"font-weight: 400;\"><span style=\"font-weight: 400;\">100% handgefertigt.<\/span><\/li>\n<li style=\"font-weight: 400;\"><span style=\"font-weight: 400;\">Die Farben k\u00f6nnen variieren.<\/span><\/li>\n<li style=\"font-weight: 400;\"><span style=\"font-weight: 400;\">1 Jahr Garantie.<\/span><\/li>\n<li style=\"font-weight: 400;\"><span style=\"font-weight: 400;\">Nicht f\u00fcr die Platzierung bei starkem Wind geeignet<\/span><\/li>\n<\/ul>\n","protected":false},"excerpt":{"rendered":"<p>\u2714 Moderne Gartenstatue in Rostfarbe \u2714 auch sch\u00f6n als Geschenk<\/p>\n","protected":false},"featured_media":176347,"template":"","meta":{"_acf_changed":false,"_genesis_title":"","_genesis_description":""},"product_brand":[7505],"product_cat":[665,659,662,767],"product_tag":[],"class_list":{"0":"post-177739","1":"product","2":"type-product","3":"status-publish","4":"has-post-thumbnail","6":"product_brand-sonstige","7":"product_cat-dekofiguren-aus-metall","8":"product_cat-dekoration-aus-metall","9":"product_cat-gartenstatuen-aus-metall","10":"product_cat-sonstig","12":"first","13":"instock","14":"taxable","15":"shipping-taxable","16":"purchasable","17":"product-type-simple"},"acf":[],"meta_all":{"total_sales":"1","wcml_sync_hash":{"postmeta_fields":"f85785f84c7abbb56ac5ed06d1e5c879"},"attr_label_translations":[],"searchwp_related":"tuinsteker kleurrijke haan","cor_restricted_countries":[],"cor_product_price_text_product_level":"","cor_add_text":"","cor_hide_r_add_cart_product_level":"1","cor_product_price_cart_btn_product_level":"","cor_replace_add_to_cart_custom_btn_product_level":"","enbility_product_level_disability":" ","enbility_product_level_exclude_visibility_rules":" "},"meta_all_flat":{"total_sales":"1","wcml_sync_hash.postmeta_fields":"f85785f84c7abbb56ac5ed06d1e5c879","searchwp_related":"tuinsteker kleurrijke haan","cor_product_price_text_product_level":"","cor_add_text":"","cor_hide_r_add_cart_product_level":"1","cor_product_price_cart_btn_product_level":"","cor_replace_add_to_cart_custom_btn_product_level":"","enbility_product_level_disability":" ","enbility_product_level_exclude_visibility_rules":" "},"yoast_head":"<!-- This site is optimized with the Yoast SEO Premium plugin v26.2 (Yoast SEO v27.2) - https:\/\/yoast.com\/product\/yoast-seo-premium-wordpress\/ -->\n<title>Gartenstecker bunter Hahn<\/title>\n<meta name=\"description\" content=\"Eine sehr h\u00fcbsche, rostfarbene Gartenstatue mit einer H\u00f6he von 170 cm. Dekorativ f\u00fcr den Garten und lustig zum Verschenken. Schnelle Lieferung.\" \/>\n<meta name=\"robots\" content=\"index, follow, max-snippet:-1, max-image-preview:large, max-video-preview:-1\" \/>\n<link rel=\"canonical\" href=\"https:\/\/www.eliassen.nl\/de\/garten-skulptur-metall-eco-rost-rose-auf-fuss-gross-105cm\/\" \/>\n<meta property=\"og:locale\" content=\"de_DE\" \/>\n<meta property=\"og:type\" content=\"article\" \/>\n<meta property=\"og:title\" content=\"Sonstige Garten Skulptur Metall Eco-Rost Rose auf Fu\u00df gro\u00df 105cm - Eliassen.nl\" \/>\n<meta property=\"og:description\" content=\"Eine sehr h\u00fcbsche, rostfarbene Gartenstatue mit einer H\u00f6he von 170 cm. Dekorativ f\u00fcr den Garten und lustig zum Verschenken. Schnelle Lieferung.\" \/>\n<meta property=\"og:url\" content=\"https:\/\/www.eliassen.nl\/de\/garten-skulptur-metall-eco-rost-rose-auf-fuss-gross-105cm\/\" \/>\n<meta property=\"og:site_name\" content=\"Eliassen.nl\" \/>\n<meta property=\"article:publisher\" content=\"https:\/\/www.facebook.com\/TuincentrumEliassenAmmerzoden\" \/>\n<meta property=\"article:modified_time\" content=\"2026-01-16T14:58:17+00:00\" \/>\n<meta property=\"og:image\" content=\"https:\/\/www.eliassen.nl\/wp-content\/uploads\/2025\/03\/Tuinbeeld-metaal-Eco-roest-Roos-op-staander-middel-eliassen.nl_.jpg\" \/>\n\t<meta property=\"og:image:width\" content=\"223\" \/>\n\t<meta property=\"og:image:height\" content=\"765\" \/>\n\t<meta property=\"og:image:type\" content=\"image\/jpeg\" \/>\n<meta name=\"twitter:card\" content=\"summary_large_image\" \/>\n<script type=\"application\/ld+json\" class=\"yoast-schema-graph\">{\"@context\":\"https:\/\/schema.org\",\"@graph\":[{\"@type\":\"WebPage\",\"@id\":\"https:\/\/www.eliassen.nl\/de\/garten-skulptur-metall-eco-rost-rose-auf-fuss-gross-105cm\/\",\"url\":\"https:\/\/www.eliassen.nl\/de\/garten-skulptur-metall-eco-rost-rose-auf-fuss-gross-105cm\/\",\"name\":\"Gartenstecker bunter Hahn\",\"isPartOf\":{\"@id\":\"https:\/\/www.eliassen.nl\/de\/#website\"},\"primaryImageOfPage\":{\"@id\":\"https:\/\/www.eliassen.nl\/de\/garten-skulptur-metall-eco-rost-rose-auf-fuss-gross-105cm\/#primaryimage\"},\"image\":{\"@id\":\"https:\/\/www.eliassen.nl\/de\/garten-skulptur-metall-eco-rost-rose-auf-fuss-gross-105cm\/#primaryimage\"},\"thumbnailUrl\":\"https:\/\/www.eliassen.nl\/wp-content\/uploads\/2025\/03\/Tuinbeeld-metaal-Eco-roest-Roos-op-staander-middel-eliassen.nl_.jpg\",\"datePublished\":\"2025-03-26T15:22:05+00:00\",\"dateModified\":\"2026-01-16T14:58:17+00:00\",\"description\":\"Eine sehr h\u00fcbsche, rostfarbene Gartenstatue mit einer H\u00f6he von 170 cm. Dekorativ f\u00fcr den Garten und lustig zum Verschenken. Schnelle Lieferung.\",\"breadcrumb\":{\"@id\":\"https:\/\/www.eliassen.nl\/de\/garten-skulptur-metall-eco-rost-rose-auf-fuss-gross-105cm\/#breadcrumb\"},\"inLanguage\":\"de\",\"potentialAction\":[{\"@type\":\"ReadAction\",\"target\":[\"https:\/\/www.eliassen.nl\/de\/garten-skulptur-metall-eco-rost-rose-auf-fuss-gross-105cm\/\"]}]},{\"@type\":\"ImageObject\",\"inLanguage\":\"de\",\"@id\":\"https:\/\/www.eliassen.nl\/de\/garten-skulptur-metall-eco-rost-rose-auf-fuss-gross-105cm\/#primaryimage\",\"url\":\"https:\/\/www.eliassen.nl\/wp-content\/uploads\/2025\/03\/Tuinbeeld-metaal-Eco-roest-Roos-op-staander-middel-eliassen.nl_.jpg\",\"contentUrl\":\"https:\/\/www.eliassen.nl\/wp-content\/uploads\/2025\/03\/Tuinbeeld-metaal-Eco-roest-Roos-op-staander-middel-eliassen.nl_.jpg\",\"width\":223,\"height\":765,\"caption\":\"Gartenstatue-Metall-Eco-Rost-Roos-auf-St\u00e4nder-medium-eliassen.nl_\"},{\"@type\":\"BreadcrumbList\",\"@id\":\"https:\/\/www.eliassen.nl\/de\/garten-skulptur-metall-eco-rost-rose-auf-fuss-gross-105cm\/#breadcrumb\",\"itemListElement\":[{\"@type\":\"ListItem\",\"position\":1,\"name\":\"Home\",\"item\":\"https:\/\/www.eliassen.nl\/de\/\"},{\"@type\":\"ListItem\",\"position\":2,\"name\":\"Shop\",\"item\":\"https:\/\/www.eliassen.nl\/de\/shop\/\"},{\"@type\":\"ListItem\",\"position\":3,\"name\":\"Dekoration aus Metall\",\"item\":\"https:\/\/www.eliassen.nl\/de\/dekoration-aus-metall\/\"},{\"@type\":\"ListItem\",\"position\":4,\"name\":\"Dekofiguren aus Metall\",\"item\":\"https:\/\/www.eliassen.nl\/de\/dekoration-aus-metall\/dekofiguren-aus-metall\/\"},{\"@type\":\"ListItem\",\"position\":5,\"name\":\"Garten Skulptur Metall Eco-Rost Rose auf Fu\u00df gro\u00df 105cm\"}]},{\"@type\":\"WebSite\",\"@id\":\"https:\/\/www.eliassen.nl\/de\/#website\",\"url\":\"https:\/\/www.eliassen.nl\/de\/\",\"name\":\"Eliassen Home & Garden Pleasure\",\"description\":\"\",\"publisher\":{\"@id\":\"https:\/\/www.eliassen.nl\/de\/#organization\"},\"alternateName\":\"Eliassen.nl\",\"potentialAction\":[{\"@type\":\"SearchAction\",\"target\":{\"@type\":\"EntryPoint\",\"urlTemplate\":\"https:\/\/www.eliassen.nl\/de\/?s={search_term_string}\"},\"query-input\":{\"@type\":\"PropertyValueSpecification\",\"valueRequired\":true,\"valueName\":\"search_term_string\"}}],\"inLanguage\":\"de\"},{\"@type\":[\"Organization\",\"Place\"],\"@id\":\"https:\/\/www.eliassen.nl\/de\/#organization\",\"name\":\"Eliassen Home & Garden Pleasure\",\"url\":\"https:\/\/www.eliassen.nl\/de\/\",\"logo\":{\"@id\":\"https:\/\/www.eliassen.nl\/de\/garten-skulptur-metall-eco-rost-rose-auf-fuss-gross-105cm\/#local-main-organization-logo\"},\"image\":{\"@id\":\"https:\/\/www.eliassen.nl\/de\/garten-skulptur-metall-eco-rost-rose-auf-fuss-gross-105cm\/#local-main-organization-logo\"},\"sameAs\":[\"https:\/\/www.facebook.com\/TuincentrumEliassenAmmerzoden\",\"https:\/\/www.instagram.com\/eliassenhomeandgarden\/\",\"https:\/\/nl.pinterest.com\/eliassenhomeandgarden\/\",\"https:\/\/www.youtube.com\/@eliassenhomegardenpleasure4558\"],\"telephone\":[],\"openingHoursSpecification\":[{\"@type\":\"OpeningHoursSpecification\",\"dayOfWeek\":[\"Monday\",\"Tuesday\",\"Wednesday\",\"Thursday\",\"Friday\",\"Saturday\",\"Sunday\"],\"opens\":\"09:00\",\"closes\":\"17:00\"}]},{\"@type\":\"ImageObject\",\"inLanguage\":\"de\",\"@id\":\"https:\/\/www.eliassen.nl\/de\/garten-skulptur-metall-eco-rost-rose-auf-fuss-gross-105cm\/#local-main-organization-logo\",\"url\":\"https:\/\/www.eliassen.nl\/wp-content\/uploads\/2024\/01\/logo_4nd.jpg\",\"contentUrl\":\"https:\/\/www.eliassen.nl\/wp-content\/uploads\/2024\/01\/logo_4nd.jpg\",\"width\":500,\"height\":500,\"caption\":\"Eliassen Home & Garden Pleasure\"}]}<\/script>\n<meta property=\"product:price:amount\" content=\"76.50\" \/>\n<meta property=\"product:price:currency\" content=\"EUR\" \/>\n<meta property=\"og:availability\" content=\"instock\" \/>\n<meta property=\"product:availability\" content=\"instock\" \/>\n<meta property=\"product:retailer_item_id\" content=\"Md70004\" \/>\n<meta property=\"product:condition\" content=\"new\" \/>\n<!-- \/ Yoast SEO Premium plugin. -->","yoast_head_json":{"title":"Gartenstecker bunter Hahn","description":"Eine sehr h\u00fcbsche, rostfarbene Gartenstatue mit einer H\u00f6he von 170 cm. Dekorativ f\u00fcr den Garten und lustig zum Verschenken. Schnelle Lieferung.","robots":{"index":"index","follow":"follow","max-snippet":"max-snippet:-1","max-image-preview":"max-image-preview:large","max-video-preview":"max-video-preview:-1"},"canonical":"https:\/\/www.eliassen.nl\/de\/garten-skulptur-metall-eco-rost-rose-auf-fuss-gross-105cm\/","og_locale":"de_DE","og_type":"article","og_title":"Sonstige Garten Skulptur Metall Eco-Rost Rose auf Fu\u00df gro\u00df 105cm - Eliassen.nl","og_description":"Eine sehr h\u00fcbsche, rostfarbene Gartenstatue mit einer H\u00f6he von 170 cm. Dekorativ f\u00fcr den Garten und lustig zum Verschenken. Schnelle Lieferung.","og_url":"https:\/\/www.eliassen.nl\/de\/garten-skulptur-metall-eco-rost-rose-auf-fuss-gross-105cm\/","og_site_name":"Eliassen.nl","article_publisher":"https:\/\/www.facebook.com\/TuincentrumEliassenAmmerzoden","article_modified_time":"2026-01-16T14:58:17+00:00","og_image":[{"width":223,"height":765,"url":"https:\/\/www.eliassen.nl\/wp-content\/uploads\/2025\/03\/Tuinbeeld-metaal-Eco-roest-Roos-op-staander-middel-eliassen.nl_.jpg","type":"image\/jpeg"}],"twitter_card":"summary_large_image","schema":{"@context":"https:\/\/schema.org","@graph":[{"@type":"WebPage","@id":"https:\/\/www.eliassen.nl\/de\/garten-skulptur-metall-eco-rost-rose-auf-fuss-gross-105cm\/","url":"https:\/\/www.eliassen.nl\/de\/garten-skulptur-metall-eco-rost-rose-auf-fuss-gross-105cm\/","name":"Gartenstecker bunter Hahn","isPartOf":{"@id":"https:\/\/www.eliassen.nl\/de\/#website"},"primaryImageOfPage":{"@id":"https:\/\/www.eliassen.nl\/de\/garten-skulptur-metall-eco-rost-rose-auf-fuss-gross-105cm\/#primaryimage"},"image":{"@id":"https:\/\/www.eliassen.nl\/de\/garten-skulptur-metall-eco-rost-rose-auf-fuss-gross-105cm\/#primaryimage"},"thumbnailUrl":"https:\/\/www.eliassen.nl\/wp-content\/uploads\/2025\/03\/Tuinbeeld-metaal-Eco-roest-Roos-op-staander-middel-eliassen.nl_.jpg","datePublished":"2025-03-26T15:22:05+00:00","dateModified":"2026-01-16T14:58:17+00:00","description":"Eine sehr h\u00fcbsche, rostfarbene Gartenstatue mit einer H\u00f6he von 170 cm. Dekorativ f\u00fcr den Garten und lustig zum Verschenken. Schnelle Lieferung.","breadcrumb":{"@id":"https:\/\/www.eliassen.nl\/de\/garten-skulptur-metall-eco-rost-rose-auf-fuss-gross-105cm\/#breadcrumb"},"inLanguage":"de","potentialAction":[{"@type":"ReadAction","target":["https:\/\/www.eliassen.nl\/de\/garten-skulptur-metall-eco-rost-rose-auf-fuss-gross-105cm\/"]}]},{"@type":"ImageObject","inLanguage":"de","@id":"https:\/\/www.eliassen.nl\/de\/garten-skulptur-metall-eco-rost-rose-auf-fuss-gross-105cm\/#primaryimage","url":"https:\/\/www.eliassen.nl\/wp-content\/uploads\/2025\/03\/Tuinbeeld-metaal-Eco-roest-Roos-op-staander-middel-eliassen.nl_.jpg","contentUrl":"https:\/\/www.eliassen.nl\/wp-content\/uploads\/2025\/03\/Tuinbeeld-metaal-Eco-roest-Roos-op-staander-middel-eliassen.nl_.jpg","width":223,"height":765,"caption":"Gartenstatue-Metall-Eco-Rost-Roos-auf-St\u00e4nder-medium-eliassen.nl_"},{"@type":"BreadcrumbList","@id":"https:\/\/www.eliassen.nl\/de\/garten-skulptur-metall-eco-rost-rose-auf-fuss-gross-105cm\/#breadcrumb","itemListElement":[{"@type":"ListItem","position":1,"name":"Home","item":"https:\/\/www.eliassen.nl\/de\/"},{"@type":"ListItem","position":2,"name":"Shop","item":"https:\/\/www.eliassen.nl\/de\/shop\/"},{"@type":"ListItem","position":3,"name":"Dekoration aus Metall","item":"https:\/\/www.eliassen.nl\/de\/dekoration-aus-metall\/"},{"@type":"ListItem","position":4,"name":"Dekofiguren aus Metall","item":"https:\/\/www.eliassen.nl\/de\/dekoration-aus-metall\/dekofiguren-aus-metall\/"},{"@type":"ListItem","position":5,"name":"Garten Skulptur Metall Eco-Rost Rose auf Fu\u00df gro\u00df 105cm"}]},{"@type":"WebSite","@id":"https:\/\/www.eliassen.nl\/de\/#website","url":"https:\/\/www.eliassen.nl\/de\/","name":"Eliassen Home & Garden Pleasure","description":"","publisher":{"@id":"https:\/\/www.eliassen.nl\/de\/#organization"},"alternateName":"Eliassen.nl","potentialAction":[{"@type":"SearchAction","target":{"@type":"EntryPoint","urlTemplate":"https:\/\/www.eliassen.nl\/de\/?s={search_term_string}"},"query-input":{"@type":"PropertyValueSpecification","valueRequired":true,"valueName":"search_term_string"}}],"inLanguage":"de"},{"@type":["Organization","Place"],"@id":"https:\/\/www.eliassen.nl\/de\/#organization","name":"Eliassen Home & Garden Pleasure","url":"https:\/\/www.eliassen.nl\/de\/","logo":{"@id":"https:\/\/www.eliassen.nl\/de\/garten-skulptur-metall-eco-rost-rose-auf-fuss-gross-105cm\/#local-main-organization-logo"},"image":{"@id":"https:\/\/www.eliassen.nl\/de\/garten-skulptur-metall-eco-rost-rose-auf-fuss-gross-105cm\/#local-main-organization-logo"},"sameAs":["https:\/\/www.facebook.com\/TuincentrumEliassenAmmerzoden","https:\/\/www.instagram.com\/eliassenhomeandgarden\/","https:\/\/nl.pinterest.com\/eliassenhomeandgarden\/","https:\/\/www.youtube.com\/@eliassenhomegardenpleasure4558"],"telephone":[],"openingHoursSpecification":[{"@type":"OpeningHoursSpecification","dayOfWeek":["Monday","Tuesday","Wednesday","Thursday","Friday","Saturday","Sunday"],"opens":"09:00","closes":"17:00"}]},{"@type":"ImageObject","inLanguage":"de","@id":"https:\/\/www.eliassen.nl\/de\/garten-skulptur-metall-eco-rost-rose-auf-fuss-gross-105cm\/#local-main-organization-logo","url":"https:\/\/www.eliassen.nl\/wp-content\/uploads\/2024\/01\/logo_4nd.jpg","contentUrl":"https:\/\/www.eliassen.nl\/wp-content\/uploads\/2024\/01\/logo_4nd.jpg","width":500,"height":500,"caption":"Eliassen Home & Garden Pleasure"}]},"product_price_amount":"76.50","product_price_currency":"EUR","og_availability":"instock","product_availability":"instock","product_retailer_item_id":"Md70004","product_condition":"new"},"df_price":76.5,"df_sale_price":"","df_regular_price":76.5,"df_image_link":"https:\/\/www.eliassen.nl\/wp-content\/uploads\/2025\/03\/Tuinbeeld-metaal-Eco-roest-Roos-op-staander-middel-eliassen.nl_-87x300.jpg","image":"https:\/\/www.eliassen.nl\/wp-content\/uploads\/2025\/03\/Tuinbeeld-metaal-Eco-roest-Roos-op-staander-middel-eliassen.nl_-150x150.jpg","price_search":"<span class=\"woocommerce-Price-amount amount\"><bdi><span class=\"woocommerce-Price-currencySymbol\">&euro;<\/span>&nbsp;76,50<\/bdi><\/span>","category":"Dekofiguren aus Metall","global_unique_id":"5410807700044","_links":{"self":[{"href":"https:\/\/www.eliassen.nl\/de\/wp-json\/wp\/v2\/product\/177739","targetHints":{"allow":["GET"]}}],"collection":[{"href":"https:\/\/www.eliassen.nl\/de\/wp-json\/wp\/v2\/product"}],"about":[{"href":"https:\/\/www.eliassen.nl\/de\/wp-json\/wp\/v2\/types\/product"}],"wp:featuredmedia":[{"embeddable":true,"href":"https:\/\/www.eliassen.nl\/de\/wp-json\/wp\/v2\/media\/176347"}],"wp:attachment":[{"href":"https:\/\/www.eliassen.nl\/de\/wp-json\/wp\/v2\/media?parent=177739"}],"wp:term":[{"taxonomy":"product_brand","embeddable":true,"href":"https:\/\/www.eliassen.nl\/de\/wp-json\/wp\/v2\/product_brand?post=177739"},{"taxonomy":"product_cat","embeddable":true,"href":"https:\/\/www.eliassen.nl\/de\/wp-json\/wp\/v2\/product_cat?post=177739"},{"taxonomy":"product_tag","embeddable":true,"href":"https:\/\/www.eliassen.nl\/de\/wp-json\/wp\/v2\/product_tag?post=177739"}],"curies":[{"name":"wp","href":"https:\/\/api.w.org\/{rel}","templated":true}]}}