{"id":17680,"date":"2019-10-28T18:51:28","date_gmt":"2019-10-28T18:51:28","guid":{"rendered":"https:\/\/www.eliassen.nl\/?product=oellampe-edelstahl-sommerlicht"},"modified":"2025-11-27T16:11:07","modified_gmt":"2025-11-27T15:11:07","slug":"ollampe-edelstahl-sommerlicht","status":"publish","type":"product","link":"https:\/\/www.eliassen.nl\/de\/ollampe-edelstahl-sommerlicht\/","title":{"rendered":"\u00d6llampe aus Edelstahl Sommerleuchte"},"content":{"rendered":"<p>\u00d6llampe, komplett aus Edelstahl. Stabiler Stand, mit einer Lebensdauer unter normalen Bedingungen. Ganz aus rostfreiem Stahl handgefertigt. Da es sich um ein handgefertigtes Exemplar handelt, wird es bei jedem Exemplar leichte Unterschiede zum Foto geben. Dies kann nicht als Reklamation gewertet werden.<\/p>\n<ul>\n<li>  Gr\u00f6\u00dfe 150 x 25cm.<\/li>\n<li>  Rostfreier Stahl Klasse 304.<\/li>\n<li>  Praktisch wartungsfrei.<\/li>\n<li>  Exklusive Ausf\u00fchrung.<\/li>\n<li>  Schnelle Lieferung.<\/li>\n<li><strong>  Fast alle dieser Serien sind in unserem Shop ausgestellt<\/strong><\/li>\n<\/ul>\n","protected":false},"excerpt":{"rendered":"<p>\u00d6llampe, komplett aus Edelstahl. Stabiler Stand, mit einer Lebensdauer unter normalen Bedingungen. Ganz aus rostfreiem Stahl handgefertigt. Da es sich um ein handgefertigtes Exemplar handelt, wird es bei jedem Exemplar leichte Unterschiede zum Foto geben. Dies kann nicht als Reklamation gewertet werden. Gr\u00f6\u00dfe 150 x 25cm. Rostfreier Stahl Klasse 304. Praktisch wartungsfrei. Exklusive Ausf\u00fchrung. Schnelle &hellip;<\/p>\n","protected":false},"featured_media":17677,"template":"","meta":{"_acf_changed":false,"_genesis_title":"","_genesis_description":""},"product_brand":[7505],"product_cat":[659,851,836,671],"product_tag":[],"class_list":{"0":"post-17680","1":"product","2":"type-product","3":"status-publish","4":"has-post-thumbnail","6":"product_brand-sonstige","7":"product_cat-dekoration-aus-metall","8":"product_cat-gartenpfaehle-aus-still","9":"product_cat-gartenstecker","10":"product_cat-voegel-aus-edelstahl","12":"first","13":"instock","14":"taxable","15":"shipping-taxable","16":"purchasable","17":"product-type-simple"},"acf":[],"meta_all":{"total_sales":"0","wcml_sync_hash":{"postmeta_fields":"17ff54f00c68419e17e4b53348d7276c"},"attr_label_translations":[]},"meta_all_flat":{"total_sales":"0","wcml_sync_hash.postmeta_fields":"17ff54f00c68419e17e4b53348d7276c"},"yoast_head":"<!-- This site is optimized with the Yoast SEO Premium plugin v26.2 (Yoast SEO v27.2) - https:\/\/yoast.com\/product\/yoast-seo-premium-wordpress\/ -->\n<title>\u00d6llampe aus Edelstahl Sommerlicht | Eliassen<\/title>\n<meta name=\"description\" content=\"Bei Eliassen k\u00f6nnen Sie die \u00d6llampe Edelstahl Sommerleuchte online kaufen oder live im Ausstellungsraum betrachten. Wir haben die feinste Metalldekoration, Figuren aus rostfreiem Stahl\" \/>\n<meta name=\"robots\" content=\"index, follow, max-snippet:-1, max-image-preview:large, max-video-preview:-1\" \/>\n<link rel=\"canonical\" href=\"https:\/\/www.eliassen.nl\/de\/ollampe-edelstahl-sommerlicht\/\" \/>\n<meta property=\"og:locale\" content=\"de_DE\" \/>\n<meta property=\"og:type\" content=\"article\" \/>\n<meta property=\"og:title\" content=\"Sonstige \u00d6llampe aus Edelstahl Sommerleuchte - Eliassen.nl\" \/>\n<meta property=\"og:description\" content=\"Bei Eliassen k\u00f6nnen Sie die \u00d6llampe Edelstahl Sommerleuchte online kaufen oder live im Ausstellungsraum betrachten. Wir haben die feinste Metalldekoration, Figuren aus rostfreiem Stahl\" \/>\n<meta property=\"og:url\" content=\"https:\/\/www.eliassen.nl\/de\/ollampe-edelstahl-sommerlicht\/\" \/>\n<meta property=\"og:site_name\" content=\"Eliassen.nl\" \/>\n<meta property=\"article:publisher\" content=\"https:\/\/www.facebook.com\/TuincentrumEliassenAmmerzoden\" \/>\n<meta property=\"article:modified_time\" content=\"2025-11-27T15:11:07+00:00\" \/>\n<meta property=\"og:image\" content=\"https:\/\/www.eliassen.nl\/wp-content\/uploads\/2024\/01\/olielamprvszomerlicht.jpg\" \/>\n\t<meta property=\"og:image:width\" content=\"723\" \/>\n\t<meta property=\"og:image:height\" content=\"1024\" \/>\n\t<meta property=\"og:image:type\" content=\"image\/jpeg\" \/>\n<meta name=\"twitter:card\" content=\"summary_large_image\" \/>\n<script type=\"application\/ld+json\" class=\"yoast-schema-graph\">{\"@context\":\"https:\/\/schema.org\",\"@graph\":[{\"@type\":\"WebPage\",\"@id\":\"https:\/\/www.eliassen.nl\/de\/ollampe-edelstahl-sommerlicht\/\",\"url\":\"https:\/\/www.eliassen.nl\/de\/ollampe-edelstahl-sommerlicht\/\",\"name\":\"\u00d6llampe aus Edelstahl Sommerlicht | Eliassen\",\"isPartOf\":{\"@id\":\"https:\/\/www.eliassen.nl\/de\/#website\"},\"primaryImageOfPage\":{\"@id\":\"https:\/\/www.eliassen.nl\/de\/ollampe-edelstahl-sommerlicht\/#primaryimage\"},\"image\":{\"@id\":\"https:\/\/www.eliassen.nl\/de\/ollampe-edelstahl-sommerlicht\/#primaryimage\"},\"thumbnailUrl\":\"https:\/\/www.eliassen.nl\/wp-content\/uploads\/2024\/01\/olielamprvszomerlicht.jpg\",\"datePublished\":\"2019-10-28T18:51:28+00:00\",\"dateModified\":\"2025-11-27T15:11:07+00:00\",\"description\":\"Bei Eliassen k\u00f6nnen Sie die \u00d6llampe Edelstahl Sommerleuchte online kaufen oder live im Ausstellungsraum betrachten. Wir haben die feinste Metalldekoration, Figuren aus rostfreiem Stahl\",\"breadcrumb\":{\"@id\":\"https:\/\/www.eliassen.nl\/de\/ollampe-edelstahl-sommerlicht\/#breadcrumb\"},\"inLanguage\":\"de\",\"potentialAction\":[{\"@type\":\"ReadAction\",\"target\":[\"https:\/\/www.eliassen.nl\/de\/ollampe-edelstahl-sommerlicht\/\"]}]},{\"@type\":\"ImageObject\",\"inLanguage\":\"de\",\"@id\":\"https:\/\/www.eliassen.nl\/de\/ollampe-edelstahl-sommerlicht\/#primaryimage\",\"url\":\"https:\/\/www.eliassen.nl\/wp-content\/uploads\/2024\/01\/olielamprvszomerlicht.jpg\",\"contentUrl\":\"https:\/\/www.eliassen.nl\/wp-content\/uploads\/2024\/01\/olielamprvszomerlicht.jpg\",\"width\":723,\"height\":1024,\"caption\":\"\u00d6llampe-RV-Sommerlicht\"},{\"@type\":\"BreadcrumbList\",\"@id\":\"https:\/\/www.eliassen.nl\/de\/ollampe-edelstahl-sommerlicht\/#breadcrumb\",\"itemListElement\":[{\"@type\":\"ListItem\",\"position\":1,\"name\":\"Home\",\"item\":\"https:\/\/www.eliassen.nl\/de\/\"},{\"@type\":\"ListItem\",\"position\":2,\"name\":\"Shop\",\"item\":\"https:\/\/www.eliassen.nl\/de\/shop\/\"},{\"@type\":\"ListItem\",\"position\":3,\"name\":\"Gartenstecker\",\"item\":\"https:\/\/www.eliassen.nl\/de\/gartenstecker\/\"},{\"@type\":\"ListItem\",\"position\":4,\"name\":\"Gartenpf\u00e4hle aus still\",\"item\":\"https:\/\/www.eliassen.nl\/de\/gartenstecker\/gartenpfaehle-aus-still\/\"},{\"@type\":\"ListItem\",\"position\":5,\"name\":\"\u00d6llampe aus Edelstahl Sommerleuchte\"}]},{\"@type\":\"WebSite\",\"@id\":\"https:\/\/www.eliassen.nl\/de\/#website\",\"url\":\"https:\/\/www.eliassen.nl\/de\/\",\"name\":\"Eliassen Home & Garden Pleasure\",\"description\":\"\",\"publisher\":{\"@id\":\"https:\/\/www.eliassen.nl\/de\/#organization\"},\"alternateName\":\"Eliassen.nl\",\"potentialAction\":[{\"@type\":\"SearchAction\",\"target\":{\"@type\":\"EntryPoint\",\"urlTemplate\":\"https:\/\/www.eliassen.nl\/de\/?s={search_term_string}\"},\"query-input\":{\"@type\":\"PropertyValueSpecification\",\"valueRequired\":true,\"valueName\":\"search_term_string\"}}],\"inLanguage\":\"de\"},{\"@type\":[\"Organization\",\"Place\"],\"@id\":\"https:\/\/www.eliassen.nl\/de\/#organization\",\"name\":\"Eliassen Home & Garden Pleasure\",\"url\":\"https:\/\/www.eliassen.nl\/de\/\",\"logo\":{\"@id\":\"https:\/\/www.eliassen.nl\/de\/ollampe-edelstahl-sommerlicht\/#local-main-organization-logo\"},\"image\":{\"@id\":\"https:\/\/www.eliassen.nl\/de\/ollampe-edelstahl-sommerlicht\/#local-main-organization-logo\"},\"sameAs\":[\"https:\/\/www.facebook.com\/TuincentrumEliassenAmmerzoden\",\"https:\/\/www.instagram.com\/eliassenhomeandgarden\/\",\"https:\/\/nl.pinterest.com\/eliassenhomeandgarden\/\",\"https:\/\/www.youtube.com\/@eliassenhomegardenpleasure4558\"],\"telephone\":[],\"openingHoursSpecification\":[{\"@type\":\"OpeningHoursSpecification\",\"dayOfWeek\":[\"Monday\",\"Tuesday\",\"Wednesday\",\"Thursday\",\"Friday\",\"Saturday\",\"Sunday\"],\"opens\":\"09:00\",\"closes\":\"17:00\"}]},{\"@type\":\"ImageObject\",\"inLanguage\":\"de\",\"@id\":\"https:\/\/www.eliassen.nl\/de\/ollampe-edelstahl-sommerlicht\/#local-main-organization-logo\",\"url\":\"https:\/\/www.eliassen.nl\/wp-content\/uploads\/2024\/01\/logo_4nd.jpg\",\"contentUrl\":\"https:\/\/www.eliassen.nl\/wp-content\/uploads\/2024\/01\/logo_4nd.jpg\",\"width\":500,\"height\":500,\"caption\":\"Eliassen Home & Garden Pleasure\"}]}<\/script>\n<meta property=\"product:price:amount\" content=\"49.50\" \/>\n<meta property=\"product:price:currency\" content=\"EUR\" \/>\n<meta property=\"og:availability\" content=\"instock\" \/>\n<meta property=\"product:availability\" content=\"instock\" \/>\n<meta property=\"product:retailer_item_id\" content=\"1605\" \/>\n<meta property=\"product:condition\" content=\"new\" \/>\n<!-- \/ Yoast SEO Premium plugin. -->","yoast_head_json":{"title":"\u00d6llampe aus Edelstahl Sommerlicht | Eliassen","description":"Bei Eliassen k\u00f6nnen Sie die \u00d6llampe Edelstahl Sommerleuchte online kaufen oder live im Ausstellungsraum betrachten. Wir haben die feinste Metalldekoration, Figuren aus rostfreiem Stahl","robots":{"index":"index","follow":"follow","max-snippet":"max-snippet:-1","max-image-preview":"max-image-preview:large","max-video-preview":"max-video-preview:-1"},"canonical":"https:\/\/www.eliassen.nl\/de\/ollampe-edelstahl-sommerlicht\/","og_locale":"de_DE","og_type":"article","og_title":"Sonstige \u00d6llampe aus Edelstahl Sommerleuchte - Eliassen.nl","og_description":"Bei Eliassen k\u00f6nnen Sie die \u00d6llampe Edelstahl Sommerleuchte online kaufen oder live im Ausstellungsraum betrachten. Wir haben die feinste Metalldekoration, Figuren aus rostfreiem Stahl","og_url":"https:\/\/www.eliassen.nl\/de\/ollampe-edelstahl-sommerlicht\/","og_site_name":"Eliassen.nl","article_publisher":"https:\/\/www.facebook.com\/TuincentrumEliassenAmmerzoden","article_modified_time":"2025-11-27T15:11:07+00:00","og_image":[{"width":723,"height":1024,"url":"https:\/\/www.eliassen.nl\/wp-content\/uploads\/2024\/01\/olielamprvszomerlicht.jpg","type":"image\/jpeg"}],"twitter_card":"summary_large_image","schema":{"@context":"https:\/\/schema.org","@graph":[{"@type":"WebPage","@id":"https:\/\/www.eliassen.nl\/de\/ollampe-edelstahl-sommerlicht\/","url":"https:\/\/www.eliassen.nl\/de\/ollampe-edelstahl-sommerlicht\/","name":"\u00d6llampe aus Edelstahl Sommerlicht | Eliassen","isPartOf":{"@id":"https:\/\/www.eliassen.nl\/de\/#website"},"primaryImageOfPage":{"@id":"https:\/\/www.eliassen.nl\/de\/ollampe-edelstahl-sommerlicht\/#primaryimage"},"image":{"@id":"https:\/\/www.eliassen.nl\/de\/ollampe-edelstahl-sommerlicht\/#primaryimage"},"thumbnailUrl":"https:\/\/www.eliassen.nl\/wp-content\/uploads\/2024\/01\/olielamprvszomerlicht.jpg","datePublished":"2019-10-28T18:51:28+00:00","dateModified":"2025-11-27T15:11:07+00:00","description":"Bei Eliassen k\u00f6nnen Sie die \u00d6llampe Edelstahl Sommerleuchte online kaufen oder live im Ausstellungsraum betrachten. Wir haben die feinste Metalldekoration, Figuren aus rostfreiem Stahl","breadcrumb":{"@id":"https:\/\/www.eliassen.nl\/de\/ollampe-edelstahl-sommerlicht\/#breadcrumb"},"inLanguage":"de","potentialAction":[{"@type":"ReadAction","target":["https:\/\/www.eliassen.nl\/de\/ollampe-edelstahl-sommerlicht\/"]}]},{"@type":"ImageObject","inLanguage":"de","@id":"https:\/\/www.eliassen.nl\/de\/ollampe-edelstahl-sommerlicht\/#primaryimage","url":"https:\/\/www.eliassen.nl\/wp-content\/uploads\/2024\/01\/olielamprvszomerlicht.jpg","contentUrl":"https:\/\/www.eliassen.nl\/wp-content\/uploads\/2024\/01\/olielamprvszomerlicht.jpg","width":723,"height":1024,"caption":"\u00d6llampe-RV-Sommerlicht"},{"@type":"BreadcrumbList","@id":"https:\/\/www.eliassen.nl\/de\/ollampe-edelstahl-sommerlicht\/#breadcrumb","itemListElement":[{"@type":"ListItem","position":1,"name":"Home","item":"https:\/\/www.eliassen.nl\/de\/"},{"@type":"ListItem","position":2,"name":"Shop","item":"https:\/\/www.eliassen.nl\/de\/shop\/"},{"@type":"ListItem","position":3,"name":"Gartenstecker","item":"https:\/\/www.eliassen.nl\/de\/gartenstecker\/"},{"@type":"ListItem","position":4,"name":"Gartenpf\u00e4hle aus still","item":"https:\/\/www.eliassen.nl\/de\/gartenstecker\/gartenpfaehle-aus-still\/"},{"@type":"ListItem","position":5,"name":"\u00d6llampe aus Edelstahl Sommerleuchte"}]},{"@type":"WebSite","@id":"https:\/\/www.eliassen.nl\/de\/#website","url":"https:\/\/www.eliassen.nl\/de\/","name":"Eliassen Home & Garden Pleasure","description":"","publisher":{"@id":"https:\/\/www.eliassen.nl\/de\/#organization"},"alternateName":"Eliassen.nl","potentialAction":[{"@type":"SearchAction","target":{"@type":"EntryPoint","urlTemplate":"https:\/\/www.eliassen.nl\/de\/?s={search_term_string}"},"query-input":{"@type":"PropertyValueSpecification","valueRequired":true,"valueName":"search_term_string"}}],"inLanguage":"de"},{"@type":["Organization","Place"],"@id":"https:\/\/www.eliassen.nl\/de\/#organization","name":"Eliassen Home & Garden Pleasure","url":"https:\/\/www.eliassen.nl\/de\/","logo":{"@id":"https:\/\/www.eliassen.nl\/de\/ollampe-edelstahl-sommerlicht\/#local-main-organization-logo"},"image":{"@id":"https:\/\/www.eliassen.nl\/de\/ollampe-edelstahl-sommerlicht\/#local-main-organization-logo"},"sameAs":["https:\/\/www.facebook.com\/TuincentrumEliassenAmmerzoden","https:\/\/www.instagram.com\/eliassenhomeandgarden\/","https:\/\/nl.pinterest.com\/eliassenhomeandgarden\/","https:\/\/www.youtube.com\/@eliassenhomegardenpleasure4558"],"telephone":[],"openingHoursSpecification":[{"@type":"OpeningHoursSpecification","dayOfWeek":["Monday","Tuesday","Wednesday","Thursday","Friday","Saturday","Sunday"],"opens":"09:00","closes":"17:00"}]},{"@type":"ImageObject","inLanguage":"de","@id":"https:\/\/www.eliassen.nl\/de\/ollampe-edelstahl-sommerlicht\/#local-main-organization-logo","url":"https:\/\/www.eliassen.nl\/wp-content\/uploads\/2024\/01\/logo_4nd.jpg","contentUrl":"https:\/\/www.eliassen.nl\/wp-content\/uploads\/2024\/01\/logo_4nd.jpg","width":500,"height":500,"caption":"Eliassen Home & Garden Pleasure"}]},"product_price_amount":"49.50","product_price_currency":"EUR","og_availability":"instock","product_availability":"instock","product_retailer_item_id":"1605","product_condition":"new"},"df_price":49.5,"df_sale_price":"","df_regular_price":49.5,"df_image_link":"https:\/\/www.eliassen.nl\/wp-content\/uploads\/2024\/01\/olielamprvszomerlicht.jpg","image":"https:\/\/www.eliassen.nl\/wp-content\/uploads\/2024\/01\/olielamprvszomerlicht.jpg","price_search":"<span class=\"woocommerce-Price-amount amount\"><bdi><span class=\"woocommerce-Price-currencySymbol\">&euro;<\/span>&nbsp;49,50<\/bdi><\/span>","category":"Dekoration aus Metall","global_unique_id":"784089064442","_links":{"self":[{"href":"https:\/\/www.eliassen.nl\/de\/wp-json\/wp\/v2\/product\/17680","targetHints":{"allow":["GET"]}}],"collection":[{"href":"https:\/\/www.eliassen.nl\/de\/wp-json\/wp\/v2\/product"}],"about":[{"href":"https:\/\/www.eliassen.nl\/de\/wp-json\/wp\/v2\/types\/product"}],"wp:featuredmedia":[{"embeddable":true,"href":"https:\/\/www.eliassen.nl\/de\/wp-json\/wp\/v2\/media\/17677"}],"wp:attachment":[{"href":"https:\/\/www.eliassen.nl\/de\/wp-json\/wp\/v2\/media?parent=17680"}],"wp:term":[{"taxonomy":"product_brand","embeddable":true,"href":"https:\/\/www.eliassen.nl\/de\/wp-json\/wp\/v2\/product_brand?post=17680"},{"taxonomy":"product_cat","embeddable":true,"href":"https:\/\/www.eliassen.nl\/de\/wp-json\/wp\/v2\/product_cat?post=17680"},{"taxonomy":"product_tag","embeddable":true,"href":"https:\/\/www.eliassen.nl\/de\/wp-json\/wp\/v2\/product_tag?post=17680"}],"curies":[{"name":"wp","href":"https:\/\/api.w.org\/{rel}","templated":true}]}}