{"id":176376,"date":"2025-03-11T17:25:50","date_gmt":"2025-03-11T16:25:50","guid":{"rendered":"https:\/\/www.eliassen.nl\/?post_type=product&#038;p=176376"},"modified":"2026-01-16T15:58:27","modified_gmt":"2026-01-16T14:58:27","slug":"saeule-metall-rost-mit-licht-lebensbaum-100cm","status":"publish","type":"product","link":"https:\/\/www.eliassen.nl\/de\/saeule-metall-rost-mit-licht-lebensbaum-100cm\/","title":{"rendered":"S\u00e4ule Metall Rost mit Licht Lebensbaum 100cm"},"content":{"rendered":"<p>Einen unverwechselbaren Stimmungsmacher in Ihrem Garten nennen Sie sicher diese beleuchtete S\u00e4ule. In diesem Sockel mit einem Baum an der Ecke, durch den warmes, wei\u00dfes Licht in der Dunkelheit leuchtet. Diese S\u00e4ule ist aus 2 mm dickem, unbehandeltem Eisen gefertigt, was ihr eine sch\u00f6ne und zeitlose (rost)braune Farbe verleiht.<\/p>\n<p>Dieser Sockel enth\u00e4lt eine kleine LED-Leuchte, die von einem Regal gehalten wird. Sie stellen die LED-Leuchte ab, legen den Sockel dar\u00fcber und sind fertig.<\/p>\n<p>Sie werden erstaunt sein \u00fcber die m\u00e4rchenhafte Atmosph\u00e4re, die diese Kolumne erzeugt.<\/p>\n<p>Dieser Sockel kann \u00fcberall im Garten aufgestellt werden, mit einem Topf, einer Statue oder einer Sonnenuhr darauf.<\/p>\n<ul>\n<li>Gr\u00f6\u00dfe: 33x33cmx100cm<\/li>\n<li>Inklusive LED-Lampe 1 Watt, mit einer Kabell\u00e4nge von 7,5 Metern<\/li>\n<li>Material: unbehandeltes Metall 2 mm dick<\/li>\n<li>2 Jahre Garantie<\/li>\n<li>Achten Sie auf Rostflecken auf Zierpflastern<\/li>\n<\/ul>\n","protected":false},"excerpt":{"rendered":"<p>\u2713Hochgradig dekorativ \u2713Als S\u00e4ule oder als Stimmungsbeleuchtung<\/p>\n","protected":false},"featured_media":176380,"template":"","meta":{"_acf_changed":false,"_genesis_title":"","_genesis_description":""},"product_brand":[7505],"product_cat":[899,797,782,746],"product_tag":[],"class_list":{"0":"post-176376","1":"product","2":"type-product","3":"status-publish","4":"has-post-thumbnail","6":"product_brand-sonstige","7":"product_cat-ambientebeleuchtung-aussen","8":"product_cat-metallsockel","9":"product_cat-sockel","10":"product_cat-stimmungsvolle-beleuchtung","12":"first","13":"instock","14":"taxable","15":"shipping-taxable","16":"purchasable","17":"product-type-simple"},"acf":[],"meta_all":{"total_sales":"4","wcml_sync_hash":{"postmeta_fields":"787b908b7d52fbbbcbb31f46983736ef"},"attr_label_translations":[],"searchwp_related":"zuil ovaal roest bamboe 22x42x100cm licht bamboe 22x42x100cm","cor_restricted_countries":[],"cor_product_price_text_product_level":"","cor_add_text":"","cor_hide_r_add_cart_product_level":"1","cor_product_price_cart_btn_product_level":"","cor_replace_add_to_cart_custom_btn_product_level":"","enbility_product_level_disability":" ","enbility_product_level_exclude_visibility_rules":" "},"meta_all_flat":{"total_sales":"4","wcml_sync_hash.postmeta_fields":"787b908b7d52fbbbcbb31f46983736ef","searchwp_related":"zuil ovaal roest bamboe 22x42x100cm licht bamboe 22x42x100cm","cor_product_price_text_product_level":"","cor_add_text":"","cor_hide_r_add_cart_product_level":"1","cor_product_price_cart_btn_product_level":"","cor_replace_add_to_cart_custom_btn_product_level":"","enbility_product_level_disability":" ","enbility_product_level_exclude_visibility_rules":" "},"yoast_head":"<!-- This site is optimized with the Yoast SEO Premium plugin v26.2 (Yoast SEO v27.2) - https:\/\/yoast.com\/product\/yoast-seo-premium-wordpress\/ -->\n<title>Ovale S\u00e4ule aus rostigem Bambus 30x50x100cm mit Licht - Eliassen.nl<\/title>\n<meta name=\"description\" content=\"Sch\u00f6ne rostfarbene S\u00e4ule mit Baum. Auch als Stimmungslicht verwendbar. Sch\u00f6n, dekorativ in Ihrem Garten Schnelle Lieferung.\" \/>\n<meta name=\"robots\" content=\"index, follow, max-snippet:-1, max-image-preview:large, max-video-preview:-1\" \/>\n<link rel=\"canonical\" href=\"https:\/\/www.eliassen.nl\/de\/saeule-metall-rost-mit-licht-lebensbaum-100cm\/\" \/>\n<meta property=\"og:locale\" content=\"de_DE\" \/>\n<meta property=\"og:type\" content=\"article\" \/>\n<meta property=\"og:title\" content=\"Sonstige S\u00e4ule Metall Rost mit Licht Lebensbaum 100cm - Eliassen.nl\" \/>\n<meta property=\"og:description\" content=\"Sch\u00f6ne rostfarbene S\u00e4ule mit Baum. Auch als Stimmungslicht verwendbar. Sch\u00f6n, dekorativ in Ihrem Garten Schnelle Lieferung.\" \/>\n<meta property=\"og:url\" content=\"https:\/\/www.eliassen.nl\/de\/saeule-metall-rost-mit-licht-lebensbaum-100cm\/\" \/>\n<meta property=\"og:site_name\" content=\"Eliassen.nl\" \/>\n<meta property=\"article:publisher\" content=\"https:\/\/www.facebook.com\/TuincentrumEliassenAmmerzoden\" \/>\n<meta property=\"article:modified_time\" content=\"2026-01-16T14:58:27+00:00\" \/>\n<meta property=\"og:image\" content=\"https:\/\/www.eliassen.nl\/wp-content\/uploads\/2025\/03\/Zuil-metaal-roest-met-licht-Levensboom-100cm-eliassen.nl_.jpg\" \/>\n\t<meta property=\"og:image:width\" content=\"1200\" \/>\n\t<meta property=\"og:image:height\" content=\"900\" \/>\n\t<meta property=\"og:image:type\" content=\"image\/jpeg\" \/>\n<meta name=\"twitter:card\" content=\"summary_large_image\" \/>\n<script type=\"application\/ld+json\" class=\"yoast-schema-graph\">{\"@context\":\"https:\/\/schema.org\",\"@graph\":[{\"@type\":\"WebPage\",\"@id\":\"https:\/\/www.eliassen.nl\/de\/saeule-metall-rost-mit-licht-lebensbaum-100cm\/\",\"url\":\"https:\/\/www.eliassen.nl\/de\/saeule-metall-rost-mit-licht-lebensbaum-100cm\/\",\"name\":\"Ovale S\u00e4ule aus rostigem Bambus 30x50x100cm mit Licht - Eliassen.nl\",\"isPartOf\":{\"@id\":\"https:\/\/www.eliassen.nl\/de\/#website\"},\"primaryImageOfPage\":{\"@id\":\"https:\/\/www.eliassen.nl\/de\/saeule-metall-rost-mit-licht-lebensbaum-100cm\/#primaryimage\"},\"image\":{\"@id\":\"https:\/\/www.eliassen.nl\/de\/saeule-metall-rost-mit-licht-lebensbaum-100cm\/#primaryimage\"},\"thumbnailUrl\":\"https:\/\/www.eliassen.nl\/wp-content\/uploads\/2025\/03\/Zuil-metaal-roest-met-licht-Levensboom-100cm-eliassen.nl_.jpg\",\"datePublished\":\"2025-03-11T16:25:50+00:00\",\"dateModified\":\"2026-01-16T14:58:27+00:00\",\"description\":\"Sch\u00f6ne rostfarbene S\u00e4ule mit Baum. Auch als Stimmungslicht verwendbar. Sch\u00f6n, dekorativ in Ihrem Garten Schnelle Lieferung.\",\"breadcrumb\":{\"@id\":\"https:\/\/www.eliassen.nl\/de\/saeule-metall-rost-mit-licht-lebensbaum-100cm\/#breadcrumb\"},\"inLanguage\":\"de\",\"potentialAction\":[{\"@type\":\"ReadAction\",\"target\":[\"https:\/\/www.eliassen.nl\/de\/saeule-metall-rost-mit-licht-lebensbaum-100cm\/\"]}]},{\"@type\":\"ImageObject\",\"inLanguage\":\"de\",\"@id\":\"https:\/\/www.eliassen.nl\/de\/saeule-metall-rost-mit-licht-lebensbaum-100cm\/#primaryimage\",\"url\":\"https:\/\/www.eliassen.nl\/wp-content\/uploads\/2025\/03\/Zuil-metaal-roest-met-licht-Levensboom-100cm-eliassen.nl_.jpg\",\"contentUrl\":\"https:\/\/www.eliassen.nl\/wp-content\/uploads\/2025\/03\/Zuil-metaal-roest-met-licht-Levensboom-100cm-eliassen.nl_.jpg\",\"width\":1200,\"height\":900,\"caption\":\"S\u00e4ule Metall Rost mit Licht Baum des Lebens 100cm eliassen.nl\"},{\"@type\":\"BreadcrumbList\",\"@id\":\"https:\/\/www.eliassen.nl\/de\/saeule-metall-rost-mit-licht-lebensbaum-100cm\/#breadcrumb\",\"itemListElement\":[{\"@type\":\"ListItem\",\"position\":1,\"name\":\"Home\",\"item\":\"https:\/\/www.eliassen.nl\/de\/\"},{\"@type\":\"ListItem\",\"position\":2,\"name\":\"Shop\",\"item\":\"https:\/\/www.eliassen.nl\/de\/shop\/\"},{\"@type\":\"ListItem\",\"position\":3,\"name\":\"Stimmungsvolle Beleuchtung\",\"item\":\"https:\/\/www.eliassen.nl\/de\/stimmungsvolle-beleuchtung\/\"},{\"@type\":\"ListItem\",\"position\":4,\"name\":\"Ambientebeleuchtung au\u00dfen\",\"item\":\"https:\/\/www.eliassen.nl\/de\/stimmungsvolle-beleuchtung\/ambientebeleuchtung-aussen\/\"},{\"@type\":\"ListItem\",\"position\":5,\"name\":\"S\u00e4ule Metall Rost mit Licht Lebensbaum 100cm\"}]},{\"@type\":\"WebSite\",\"@id\":\"https:\/\/www.eliassen.nl\/de\/#website\",\"url\":\"https:\/\/www.eliassen.nl\/de\/\",\"name\":\"Eliassen Home & Garden Pleasure\",\"description\":\"\",\"publisher\":{\"@id\":\"https:\/\/www.eliassen.nl\/de\/#organization\"},\"alternateName\":\"Eliassen.nl\",\"potentialAction\":[{\"@type\":\"SearchAction\",\"target\":{\"@type\":\"EntryPoint\",\"urlTemplate\":\"https:\/\/www.eliassen.nl\/de\/?s={search_term_string}\"},\"query-input\":{\"@type\":\"PropertyValueSpecification\",\"valueRequired\":true,\"valueName\":\"search_term_string\"}}],\"inLanguage\":\"de\"},{\"@type\":[\"Organization\",\"Place\"],\"@id\":\"https:\/\/www.eliassen.nl\/de\/#organization\",\"name\":\"Eliassen Home & Garden Pleasure\",\"url\":\"https:\/\/www.eliassen.nl\/de\/\",\"logo\":{\"@id\":\"https:\/\/www.eliassen.nl\/de\/saeule-metall-rost-mit-licht-lebensbaum-100cm\/#local-main-organization-logo\"},\"image\":{\"@id\":\"https:\/\/www.eliassen.nl\/de\/saeule-metall-rost-mit-licht-lebensbaum-100cm\/#local-main-organization-logo\"},\"sameAs\":[\"https:\/\/www.facebook.com\/TuincentrumEliassenAmmerzoden\",\"https:\/\/www.instagram.com\/eliassenhomeandgarden\/\",\"https:\/\/nl.pinterest.com\/eliassenhomeandgarden\/\",\"https:\/\/www.youtube.com\/@eliassenhomegardenpleasure4558\"],\"telephone\":[],\"openingHoursSpecification\":[{\"@type\":\"OpeningHoursSpecification\",\"dayOfWeek\":[\"Monday\",\"Tuesday\",\"Wednesday\",\"Thursday\",\"Friday\",\"Saturday\",\"Sunday\"],\"opens\":\"09:00\",\"closes\":\"17:00\"}]},{\"@type\":\"ImageObject\",\"inLanguage\":\"de\",\"@id\":\"https:\/\/www.eliassen.nl\/de\/saeule-metall-rost-mit-licht-lebensbaum-100cm\/#local-main-organization-logo\",\"url\":\"https:\/\/www.eliassen.nl\/wp-content\/uploads\/2024\/01\/logo_4nd.jpg\",\"contentUrl\":\"https:\/\/www.eliassen.nl\/wp-content\/uploads\/2024\/01\/logo_4nd.jpg\",\"width\":500,\"height\":500,\"caption\":\"Eliassen Home & Garden Pleasure\"}]}<\/script>\n<meta property=\"product:price:amount\" content=\"159.00\" \/>\n<meta property=\"product:price:currency\" content=\"EUR\" \/>\n<meta property=\"og:availability\" content=\"instock\" \/>\n<meta property=\"product:availability\" content=\"instock\" \/>\n<meta property=\"product:retailer_item_id\" content=\"Md70065\" \/>\n<meta property=\"product:condition\" content=\"new\" \/>\n<!-- \/ Yoast SEO Premium plugin. -->","yoast_head_json":{"title":"Ovale S\u00e4ule aus rostigem Bambus 30x50x100cm mit Licht - Eliassen.nl","description":"Sch\u00f6ne rostfarbene S\u00e4ule mit Baum. Auch als Stimmungslicht verwendbar. Sch\u00f6n, dekorativ in Ihrem Garten Schnelle Lieferung.","robots":{"index":"index","follow":"follow","max-snippet":"max-snippet:-1","max-image-preview":"max-image-preview:large","max-video-preview":"max-video-preview:-1"},"canonical":"https:\/\/www.eliassen.nl\/de\/saeule-metall-rost-mit-licht-lebensbaum-100cm\/","og_locale":"de_DE","og_type":"article","og_title":"Sonstige S\u00e4ule Metall Rost mit Licht Lebensbaum 100cm - Eliassen.nl","og_description":"Sch\u00f6ne rostfarbene S\u00e4ule mit Baum. Auch als Stimmungslicht verwendbar. Sch\u00f6n, dekorativ in Ihrem Garten Schnelle Lieferung.","og_url":"https:\/\/www.eliassen.nl\/de\/saeule-metall-rost-mit-licht-lebensbaum-100cm\/","og_site_name":"Eliassen.nl","article_publisher":"https:\/\/www.facebook.com\/TuincentrumEliassenAmmerzoden","article_modified_time":"2026-01-16T14:58:27+00:00","og_image":[{"width":1200,"height":900,"url":"https:\/\/www.eliassen.nl\/wp-content\/uploads\/2025\/03\/Zuil-metaal-roest-met-licht-Levensboom-100cm-eliassen.nl_.jpg","type":"image\/jpeg"}],"twitter_card":"summary_large_image","schema":{"@context":"https:\/\/schema.org","@graph":[{"@type":"WebPage","@id":"https:\/\/www.eliassen.nl\/de\/saeule-metall-rost-mit-licht-lebensbaum-100cm\/","url":"https:\/\/www.eliassen.nl\/de\/saeule-metall-rost-mit-licht-lebensbaum-100cm\/","name":"Ovale S\u00e4ule aus rostigem Bambus 30x50x100cm mit Licht - Eliassen.nl","isPartOf":{"@id":"https:\/\/www.eliassen.nl\/de\/#website"},"primaryImageOfPage":{"@id":"https:\/\/www.eliassen.nl\/de\/saeule-metall-rost-mit-licht-lebensbaum-100cm\/#primaryimage"},"image":{"@id":"https:\/\/www.eliassen.nl\/de\/saeule-metall-rost-mit-licht-lebensbaum-100cm\/#primaryimage"},"thumbnailUrl":"https:\/\/www.eliassen.nl\/wp-content\/uploads\/2025\/03\/Zuil-metaal-roest-met-licht-Levensboom-100cm-eliassen.nl_.jpg","datePublished":"2025-03-11T16:25:50+00:00","dateModified":"2026-01-16T14:58:27+00:00","description":"Sch\u00f6ne rostfarbene S\u00e4ule mit Baum. Auch als Stimmungslicht verwendbar. Sch\u00f6n, dekorativ in Ihrem Garten Schnelle Lieferung.","breadcrumb":{"@id":"https:\/\/www.eliassen.nl\/de\/saeule-metall-rost-mit-licht-lebensbaum-100cm\/#breadcrumb"},"inLanguage":"de","potentialAction":[{"@type":"ReadAction","target":["https:\/\/www.eliassen.nl\/de\/saeule-metall-rost-mit-licht-lebensbaum-100cm\/"]}]},{"@type":"ImageObject","inLanguage":"de","@id":"https:\/\/www.eliassen.nl\/de\/saeule-metall-rost-mit-licht-lebensbaum-100cm\/#primaryimage","url":"https:\/\/www.eliassen.nl\/wp-content\/uploads\/2025\/03\/Zuil-metaal-roest-met-licht-Levensboom-100cm-eliassen.nl_.jpg","contentUrl":"https:\/\/www.eliassen.nl\/wp-content\/uploads\/2025\/03\/Zuil-metaal-roest-met-licht-Levensboom-100cm-eliassen.nl_.jpg","width":1200,"height":900,"caption":"S\u00e4ule Metall Rost mit Licht Baum des Lebens 100cm eliassen.nl"},{"@type":"BreadcrumbList","@id":"https:\/\/www.eliassen.nl\/de\/saeule-metall-rost-mit-licht-lebensbaum-100cm\/#breadcrumb","itemListElement":[{"@type":"ListItem","position":1,"name":"Home","item":"https:\/\/www.eliassen.nl\/de\/"},{"@type":"ListItem","position":2,"name":"Shop","item":"https:\/\/www.eliassen.nl\/de\/shop\/"},{"@type":"ListItem","position":3,"name":"Stimmungsvolle Beleuchtung","item":"https:\/\/www.eliassen.nl\/de\/stimmungsvolle-beleuchtung\/"},{"@type":"ListItem","position":4,"name":"Ambientebeleuchtung au\u00dfen","item":"https:\/\/www.eliassen.nl\/de\/stimmungsvolle-beleuchtung\/ambientebeleuchtung-aussen\/"},{"@type":"ListItem","position":5,"name":"S\u00e4ule Metall Rost mit Licht Lebensbaum 100cm"}]},{"@type":"WebSite","@id":"https:\/\/www.eliassen.nl\/de\/#website","url":"https:\/\/www.eliassen.nl\/de\/","name":"Eliassen Home & Garden Pleasure","description":"","publisher":{"@id":"https:\/\/www.eliassen.nl\/de\/#organization"},"alternateName":"Eliassen.nl","potentialAction":[{"@type":"SearchAction","target":{"@type":"EntryPoint","urlTemplate":"https:\/\/www.eliassen.nl\/de\/?s={search_term_string}"},"query-input":{"@type":"PropertyValueSpecification","valueRequired":true,"valueName":"search_term_string"}}],"inLanguage":"de"},{"@type":["Organization","Place"],"@id":"https:\/\/www.eliassen.nl\/de\/#organization","name":"Eliassen Home & Garden Pleasure","url":"https:\/\/www.eliassen.nl\/de\/","logo":{"@id":"https:\/\/www.eliassen.nl\/de\/saeule-metall-rost-mit-licht-lebensbaum-100cm\/#local-main-organization-logo"},"image":{"@id":"https:\/\/www.eliassen.nl\/de\/saeule-metall-rost-mit-licht-lebensbaum-100cm\/#local-main-organization-logo"},"sameAs":["https:\/\/www.facebook.com\/TuincentrumEliassenAmmerzoden","https:\/\/www.instagram.com\/eliassenhomeandgarden\/","https:\/\/nl.pinterest.com\/eliassenhomeandgarden\/","https:\/\/www.youtube.com\/@eliassenhomegardenpleasure4558"],"telephone":[],"openingHoursSpecification":[{"@type":"OpeningHoursSpecification","dayOfWeek":["Monday","Tuesday","Wednesday","Thursday","Friday","Saturday","Sunday"],"opens":"09:00","closes":"17:00"}]},{"@type":"ImageObject","inLanguage":"de","@id":"https:\/\/www.eliassen.nl\/de\/saeule-metall-rost-mit-licht-lebensbaum-100cm\/#local-main-organization-logo","url":"https:\/\/www.eliassen.nl\/wp-content\/uploads\/2024\/01\/logo_4nd.jpg","contentUrl":"https:\/\/www.eliassen.nl\/wp-content\/uploads\/2024\/01\/logo_4nd.jpg","width":500,"height":500,"caption":"Eliassen Home & Garden Pleasure"}]},"product_price_amount":"159.00","product_price_currency":"EUR","og_availability":"instock","product_availability":"instock","product_retailer_item_id":"Md70065","product_condition":"new"},"df_price":159,"df_sale_price":"","df_regular_price":159,"df_image_link":"https:\/\/www.eliassen.nl\/wp-content\/uploads\/2025\/03\/Zuil-metaal-roest-met-licht-Levensboom-100cm-eliassen.nl_-300x225.jpg","image":"https:\/\/www.eliassen.nl\/wp-content\/uploads\/2025\/03\/Zuil-metaal-roest-met-licht-Levensboom-100cm-eliassen.nl_-150x150.jpg","price_search":"<span class=\"woocommerce-Price-amount amount\"><bdi><span class=\"woocommerce-Price-currencySymbol\">&euro;<\/span>&nbsp;159,00<\/bdi><\/span>","category":"Ambientebeleuchtung au\u00dfen","global_unique_id":"5410807700655","_links":{"self":[{"href":"https:\/\/www.eliassen.nl\/de\/wp-json\/wp\/v2\/product\/176376","targetHints":{"allow":["GET"]}}],"collection":[{"href":"https:\/\/www.eliassen.nl\/de\/wp-json\/wp\/v2\/product"}],"about":[{"href":"https:\/\/www.eliassen.nl\/de\/wp-json\/wp\/v2\/types\/product"}],"wp:featuredmedia":[{"embeddable":true,"href":"https:\/\/www.eliassen.nl\/de\/wp-json\/wp\/v2\/media\/176380"}],"wp:attachment":[{"href":"https:\/\/www.eliassen.nl\/de\/wp-json\/wp\/v2\/media?parent=176376"}],"wp:term":[{"taxonomy":"product_brand","embeddable":true,"href":"https:\/\/www.eliassen.nl\/de\/wp-json\/wp\/v2\/product_brand?post=176376"},{"taxonomy":"product_cat","embeddable":true,"href":"https:\/\/www.eliassen.nl\/de\/wp-json\/wp\/v2\/product_cat?post=176376"},{"taxonomy":"product_tag","embeddable":true,"href":"https:\/\/www.eliassen.nl\/de\/wp-json\/wp\/v2\/product_tag?post=176376"}],"curies":[{"name":"wp","href":"https:\/\/api.w.org\/{rel}","templated":true}]}}