{"id":176239,"date":"2025-03-11T15:49:32","date_gmt":"2025-03-11T14:49:32","guid":{"rendered":"https:\/\/www.eliassen.nl\/?post_type=product&#038;p=176239"},"modified":"2026-01-16T15:58:41","modified_gmt":"2026-01-16T14:58:41","slug":"gartenstab-metall-eco-rost-2-ginkgo-blumen-170cm","status":"publish","type":"product","link":"https:\/\/www.eliassen.nl\/de\/gartenstab-metall-eco-rost-2-ginkgo-blumen-170cm\/","title":{"rendered":"Gartenstab Metall Eco-Rost 2 Ginkgo Blumen 170cm"},"content":{"rendered":"<p><span style=\"font-weight: 400\">Sind Sie auf der Suche nach einem modernen Blickfang f\u00fcr Ihren Garten? Dann bringen Sie Ihren Au\u00dfenbereich auf die n\u00e4chste Stufe und entscheiden Sie sich f\u00fcr einen modernen, rostfarbenen Gartenhocker in Ihrem Garten!<\/span><span style=\"font-weight: 400\"><br \/>\n<\/span><span style=\"font-weight: 400\">  Sie stechen einfach einen Gartenpfahl in den Boden Ihres Rasens oder zwischen Ihre Pflanzen im Garten. Sogar auf Ihrem Balkon oder auf einer Terrasse sehen unsere Gartenpf\u00e4hle toll aus. Wir haben f\u00fcr jeden Gartentyp ein passendes Modell!<\/span><\/p>\n<p><span style=\"font-weight: 400\">Es gibt Balance-Versionen, Windm\u00fchlen auf einem Stecker, aber auch Gartenstecker, die station\u00e4r sind. Die station\u00e4ren Gartenaufkleber sorgen f\u00fcr einen farbenfrohen Effekt in Ihrem Garten und versch\u00f6nern die Umgebung mit ihrem fr\u00f6hlichen Aussehen.<\/span><\/p>\n<p><b>Warum sollten Sie sich f\u00fcr Ginkgo-Blumen aus der Gartenkirsche entscheiden?<\/b><\/p>\n<p><span style=\"font-weight: 400\">Diese Gartenkirsche ist von absoluter Spitzenqualit\u00e4t! Es ist handgefertigt und enth\u00e4lt daher viele Details. Die robuste Metallkonstruktion sorgt daf\u00fcr, dass der Gartenhocker jahrelang sch\u00f6n und stabil bleibt. Dieses Modell in der Version mit Ginkgobl\u00fcten ist rostfarben. Mit diesen Dekorationen erhalten Sie einen echten Blickfang in Ihrem Garten!<\/span><\/p>\n<p><b>Wir haben fast alles aus dieser Serie auf Lager, kommen Sie und schauen Sie sich um!<\/b><\/p>\n<ul>\n<li style=\"font-weight: 400\"><span style=\"font-weight: 400\">Gr\u00f6\u00dfe: 76x3x170cm.<\/span><\/li>\n<li style=\"font-weight: 400\"><span style=\"font-weight: 400\">Farben: rostfarben<\/span><\/li>\n<li style=\"font-weight: 400\"><span style=\"font-weight: 400\">Schnelle Lieferung.<\/span><\/li>\n<li style=\"font-weight: 400\"><span style=\"font-weight: 400\">Kein Spielzeug.<\/span><\/li>\n<li style=\"font-weight: 400\"><span style=\"font-weight: 400\">100% handgefertigt.<\/span><\/li>\n<li style=\"font-weight: 400\"><span style=\"font-weight: 400\">Die Farben k\u00f6nnen variieren.<\/span><\/li>\n<li style=\"font-weight: 400\"><span style=\"font-weight: 400\">1 Jahr Garantie.<\/span><\/li>\n<li style=\"font-weight: 400\"><span style=\"font-weight: 400\">Nicht f\u00fcr die Platzierung bei starkem Wind geeignet<\/span><\/li>\n<\/ul>\n","protected":false},"excerpt":{"rendered":"<p>\u2714 Moderner Gartenhocker in Rostfarbe \u2714 auch sch\u00f6n als Geschenk<\/p>\n","protected":false},"featured_media":176250,"template":"","meta":{"_acf_changed":false,"_genesis_title":"","_genesis_description":""},"product_brand":[7505],"product_cat":[851,836],"product_tag":[],"class_list":{"0":"post-176239","1":"product","2":"type-product","3":"status-publish","4":"has-post-thumbnail","6":"product_brand-sonstige","7":"product_cat-gartenpfaehle-aus-still","8":"product_cat-gartenstecker","10":"first","11":"instock","12":"taxable","13":"shipping-taxable","14":"purchasable","15":"product-type-simple"},"acf":[],"meta_all":{"total_sales":"13","wcml_sync_hash":{"postmeta_fields":"086780dca1e47cf141a2dcca02a86a74"},"attr_label_translations":[],"searchwp_related":"tuinsteker kleurrijke haan","cor_restricted_countries":[],"cor_product_price_text_product_level":"","cor_add_text":"","cor_hide_r_add_cart_product_level":"1","cor_product_price_cart_btn_product_level":"","cor_replace_add_to_cart_custom_btn_product_level":"","enbility_product_level_disability":" ","enbility_product_level_exclude_visibility_rules":" "},"meta_all_flat":{"total_sales":"13","wcml_sync_hash.postmeta_fields":"086780dca1e47cf141a2dcca02a86a74","searchwp_related":"tuinsteker kleurrijke haan","cor_product_price_text_product_level":"","cor_add_text":"","cor_hide_r_add_cart_product_level":"1","cor_product_price_cart_btn_product_level":"","cor_replace_add_to_cart_custom_btn_product_level":"","enbility_product_level_disability":" ","enbility_product_level_exclude_visibility_rules":" "},"yoast_head":"<!-- This site is optimized with the Yoast SEO Premium plugin v26.2 (Yoast SEO v27.2) - https:\/\/yoast.com\/product\/yoast-seo-premium-wordpress\/ -->\n<title>Gartenstecker bunter Hahn<\/title>\n<meta name=\"description\" content=\"Ein sehr h\u00fcbscher, rostfarbener Gartenst\u00e4ngel mit einer H\u00f6he von 170 cm. Dekorativ f\u00fcr den Garten und lustig zum Verschenken. Schnelle Lieferung.\" \/>\n<meta name=\"robots\" content=\"index, follow, max-snippet:-1, max-image-preview:large, max-video-preview:-1\" \/>\n<link rel=\"canonical\" href=\"https:\/\/www.eliassen.nl\/de\/gartenstab-metall-eco-rost-2-ginkgo-blumen-170cm\/\" \/>\n<meta property=\"og:locale\" content=\"de_DE\" \/>\n<meta property=\"og:type\" content=\"article\" \/>\n<meta property=\"og:title\" content=\"Sonstige Gartenstab Metall Eco-Rost 2 Ginkgo Blumen 170cm - Eliassen.nl\" \/>\n<meta property=\"og:description\" content=\"Ein sehr h\u00fcbscher, rostfarbener Gartenst\u00e4ngel mit einer H\u00f6he von 170 cm. Dekorativ f\u00fcr den Garten und lustig zum Verschenken. Schnelle Lieferung.\" \/>\n<meta property=\"og:url\" content=\"https:\/\/www.eliassen.nl\/de\/gartenstab-metall-eco-rost-2-ginkgo-blumen-170cm\/\" \/>\n<meta property=\"og:site_name\" content=\"Eliassen.nl\" \/>\n<meta property=\"article:publisher\" content=\"https:\/\/www.facebook.com\/TuincentrumEliassenAmmerzoden\" \/>\n<meta property=\"article:modified_time\" content=\"2026-01-16T14:58:41+00:00\" \/>\n<meta property=\"og:image\" content=\"https:\/\/www.eliassen.nl\/wp-content\/uploads\/2025\/03\/Tuinsteker-metaal-Eco-roest-2-Ginkgo-bloemen-170cm-eliassen.nl-1.jpg\" \/>\n\t<meta property=\"og:image:width\" content=\"1800\" \/>\n\t<meta property=\"og:image:height\" content=\"1198\" \/>\n\t<meta property=\"og:image:type\" content=\"image\/jpeg\" \/>\n<meta name=\"twitter:card\" content=\"summary_large_image\" \/>\n<script type=\"application\/ld+json\" class=\"yoast-schema-graph\">{\"@context\":\"https:\/\/schema.org\",\"@graph\":[{\"@type\":\"WebPage\",\"@id\":\"https:\/\/www.eliassen.nl\/de\/gartenstab-metall-eco-rost-2-ginkgo-blumen-170cm\/\",\"url\":\"https:\/\/www.eliassen.nl\/de\/gartenstab-metall-eco-rost-2-ginkgo-blumen-170cm\/\",\"name\":\"Gartenstecker bunter Hahn\",\"isPartOf\":{\"@id\":\"https:\/\/www.eliassen.nl\/de\/#website\"},\"primaryImageOfPage\":{\"@id\":\"https:\/\/www.eliassen.nl\/de\/gartenstab-metall-eco-rost-2-ginkgo-blumen-170cm\/#primaryimage\"},\"image\":{\"@id\":\"https:\/\/www.eliassen.nl\/de\/gartenstab-metall-eco-rost-2-ginkgo-blumen-170cm\/#primaryimage\"},\"thumbnailUrl\":\"https:\/\/www.eliassen.nl\/wp-content\/uploads\/2025\/03\/Tuinsteker-metaal-Eco-roest-2-Ginkgo-bloemen-170cm-eliassen.nl-1.jpg\",\"datePublished\":\"2025-03-11T14:49:32+00:00\",\"dateModified\":\"2026-01-16T14:58:41+00:00\",\"description\":\"Ein sehr h\u00fcbscher, rostfarbener Gartenst\u00e4ngel mit einer H\u00f6he von 170 cm. Dekorativ f\u00fcr den Garten und lustig zum Verschenken. Schnelle Lieferung.\",\"breadcrumb\":{\"@id\":\"https:\/\/www.eliassen.nl\/de\/gartenstab-metall-eco-rost-2-ginkgo-blumen-170cm\/#breadcrumb\"},\"inLanguage\":\"de\",\"potentialAction\":[{\"@type\":\"ReadAction\",\"target\":[\"https:\/\/www.eliassen.nl\/de\/gartenstab-metall-eco-rost-2-ginkgo-blumen-170cm\/\"]}]},{\"@type\":\"ImageObject\",\"inLanguage\":\"de\",\"@id\":\"https:\/\/www.eliassen.nl\/de\/gartenstab-metall-eco-rost-2-ginkgo-blumen-170cm\/#primaryimage\",\"url\":\"https:\/\/www.eliassen.nl\/wp-content\/uploads\/2025\/03\/Tuinsteker-metaal-Eco-roest-2-Ginkgo-bloemen-170cm-eliassen.nl-1.jpg\",\"contentUrl\":\"https:\/\/www.eliassen.nl\/wp-content\/uploads\/2025\/03\/Tuinsteker-metaal-Eco-roest-2-Ginkgo-bloemen-170cm-eliassen.nl-1.jpg\",\"width\":1800,\"height\":1198,\"caption\":\"Gartenstab Metall \u00d6ko-Rost 2 Ginkgo-Bl\u00fcten 170cm eliassen.co.uk 1\"},{\"@type\":\"BreadcrumbList\",\"@id\":\"https:\/\/www.eliassen.nl\/de\/gartenstab-metall-eco-rost-2-ginkgo-blumen-170cm\/#breadcrumb\",\"itemListElement\":[{\"@type\":\"ListItem\",\"position\":1,\"name\":\"Home\",\"item\":\"https:\/\/www.eliassen.nl\/de\/\"},{\"@type\":\"ListItem\",\"position\":2,\"name\":\"Shop\",\"item\":\"https:\/\/www.eliassen.nl\/de\/shop\/\"},{\"@type\":\"ListItem\",\"position\":3,\"name\":\"Gartenstecker\",\"item\":\"https:\/\/www.eliassen.nl\/de\/gartenstecker\/\"},{\"@type\":\"ListItem\",\"position\":4,\"name\":\"Gartenpf\u00e4hle aus still\",\"item\":\"https:\/\/www.eliassen.nl\/de\/gartenstecker\/gartenpfaehle-aus-still\/\"},{\"@type\":\"ListItem\",\"position\":5,\"name\":\"Gartenstab Metall Eco-Rost 2 Ginkgo Blumen 170cm\"}]},{\"@type\":\"WebSite\",\"@id\":\"https:\/\/www.eliassen.nl\/de\/#website\",\"url\":\"https:\/\/www.eliassen.nl\/de\/\",\"name\":\"Eliassen Home & Garden Pleasure\",\"description\":\"\",\"publisher\":{\"@id\":\"https:\/\/www.eliassen.nl\/de\/#organization\"},\"alternateName\":\"Eliassen.nl\",\"potentialAction\":[{\"@type\":\"SearchAction\",\"target\":{\"@type\":\"EntryPoint\",\"urlTemplate\":\"https:\/\/www.eliassen.nl\/de\/?s={search_term_string}\"},\"query-input\":{\"@type\":\"PropertyValueSpecification\",\"valueRequired\":true,\"valueName\":\"search_term_string\"}}],\"inLanguage\":\"de\"},{\"@type\":[\"Organization\",\"Place\"],\"@id\":\"https:\/\/www.eliassen.nl\/de\/#organization\",\"name\":\"Eliassen Home & Garden Pleasure\",\"url\":\"https:\/\/www.eliassen.nl\/de\/\",\"logo\":{\"@id\":\"https:\/\/www.eliassen.nl\/de\/gartenstab-metall-eco-rost-2-ginkgo-blumen-170cm\/#local-main-organization-logo\"},\"image\":{\"@id\":\"https:\/\/www.eliassen.nl\/de\/gartenstab-metall-eco-rost-2-ginkgo-blumen-170cm\/#local-main-organization-logo\"},\"sameAs\":[\"https:\/\/www.facebook.com\/TuincentrumEliassenAmmerzoden\",\"https:\/\/www.instagram.com\/eliassenhomeandgarden\/\",\"https:\/\/nl.pinterest.com\/eliassenhomeandgarden\/\",\"https:\/\/www.youtube.com\/@eliassenhomegardenpleasure4558\"],\"telephone\":[],\"openingHoursSpecification\":[{\"@type\":\"OpeningHoursSpecification\",\"dayOfWeek\":[\"Monday\",\"Tuesday\",\"Wednesday\",\"Thursday\",\"Friday\",\"Saturday\",\"Sunday\"],\"opens\":\"09:00\",\"closes\":\"17:00\"}]},{\"@type\":\"ImageObject\",\"inLanguage\":\"de\",\"@id\":\"https:\/\/www.eliassen.nl\/de\/gartenstab-metall-eco-rost-2-ginkgo-blumen-170cm\/#local-main-organization-logo\",\"url\":\"https:\/\/www.eliassen.nl\/wp-content\/uploads\/2024\/01\/logo_4nd.jpg\",\"contentUrl\":\"https:\/\/www.eliassen.nl\/wp-content\/uploads\/2024\/01\/logo_4nd.jpg\",\"width\":500,\"height\":500,\"caption\":\"Eliassen Home & Garden Pleasure\"}]}<\/script>\n<meta property=\"product:price:amount\" content=\"49.50\" \/>\n<meta property=\"product:price:currency\" content=\"EUR\" \/>\n<meta property=\"og:availability\" content=\"instock\" \/>\n<meta property=\"product:availability\" content=\"instock\" \/>\n<meta property=\"product:retailer_item_id\" content=\"Md14013\" \/>\n<meta property=\"product:condition\" content=\"new\" \/>\n<!-- \/ Yoast SEO Premium plugin. -->","yoast_head_json":{"title":"Gartenstecker bunter Hahn","description":"Ein sehr h\u00fcbscher, rostfarbener Gartenst\u00e4ngel mit einer H\u00f6he von 170 cm. Dekorativ f\u00fcr den Garten und lustig zum Verschenken. Schnelle Lieferung.","robots":{"index":"index","follow":"follow","max-snippet":"max-snippet:-1","max-image-preview":"max-image-preview:large","max-video-preview":"max-video-preview:-1"},"canonical":"https:\/\/www.eliassen.nl\/de\/gartenstab-metall-eco-rost-2-ginkgo-blumen-170cm\/","og_locale":"de_DE","og_type":"article","og_title":"Sonstige Gartenstab Metall Eco-Rost 2 Ginkgo Blumen 170cm - Eliassen.nl","og_description":"Ein sehr h\u00fcbscher, rostfarbener Gartenst\u00e4ngel mit einer H\u00f6he von 170 cm. Dekorativ f\u00fcr den Garten und lustig zum Verschenken. Schnelle Lieferung.","og_url":"https:\/\/www.eliassen.nl\/de\/gartenstab-metall-eco-rost-2-ginkgo-blumen-170cm\/","og_site_name":"Eliassen.nl","article_publisher":"https:\/\/www.facebook.com\/TuincentrumEliassenAmmerzoden","article_modified_time":"2026-01-16T14:58:41+00:00","og_image":[{"width":1800,"height":1198,"url":"https:\/\/www.eliassen.nl\/wp-content\/uploads\/2025\/03\/Tuinsteker-metaal-Eco-roest-2-Ginkgo-bloemen-170cm-eliassen.nl-1.jpg","type":"image\/jpeg"}],"twitter_card":"summary_large_image","schema":{"@context":"https:\/\/schema.org","@graph":[{"@type":"WebPage","@id":"https:\/\/www.eliassen.nl\/de\/gartenstab-metall-eco-rost-2-ginkgo-blumen-170cm\/","url":"https:\/\/www.eliassen.nl\/de\/gartenstab-metall-eco-rost-2-ginkgo-blumen-170cm\/","name":"Gartenstecker bunter Hahn","isPartOf":{"@id":"https:\/\/www.eliassen.nl\/de\/#website"},"primaryImageOfPage":{"@id":"https:\/\/www.eliassen.nl\/de\/gartenstab-metall-eco-rost-2-ginkgo-blumen-170cm\/#primaryimage"},"image":{"@id":"https:\/\/www.eliassen.nl\/de\/gartenstab-metall-eco-rost-2-ginkgo-blumen-170cm\/#primaryimage"},"thumbnailUrl":"https:\/\/www.eliassen.nl\/wp-content\/uploads\/2025\/03\/Tuinsteker-metaal-Eco-roest-2-Ginkgo-bloemen-170cm-eliassen.nl-1.jpg","datePublished":"2025-03-11T14:49:32+00:00","dateModified":"2026-01-16T14:58:41+00:00","description":"Ein sehr h\u00fcbscher, rostfarbener Gartenst\u00e4ngel mit einer H\u00f6he von 170 cm. Dekorativ f\u00fcr den Garten und lustig zum Verschenken. Schnelle Lieferung.","breadcrumb":{"@id":"https:\/\/www.eliassen.nl\/de\/gartenstab-metall-eco-rost-2-ginkgo-blumen-170cm\/#breadcrumb"},"inLanguage":"de","potentialAction":[{"@type":"ReadAction","target":["https:\/\/www.eliassen.nl\/de\/gartenstab-metall-eco-rost-2-ginkgo-blumen-170cm\/"]}]},{"@type":"ImageObject","inLanguage":"de","@id":"https:\/\/www.eliassen.nl\/de\/gartenstab-metall-eco-rost-2-ginkgo-blumen-170cm\/#primaryimage","url":"https:\/\/www.eliassen.nl\/wp-content\/uploads\/2025\/03\/Tuinsteker-metaal-Eco-roest-2-Ginkgo-bloemen-170cm-eliassen.nl-1.jpg","contentUrl":"https:\/\/www.eliassen.nl\/wp-content\/uploads\/2025\/03\/Tuinsteker-metaal-Eco-roest-2-Ginkgo-bloemen-170cm-eliassen.nl-1.jpg","width":1800,"height":1198,"caption":"Gartenstab Metall \u00d6ko-Rost 2 Ginkgo-Bl\u00fcten 170cm eliassen.co.uk 1"},{"@type":"BreadcrumbList","@id":"https:\/\/www.eliassen.nl\/de\/gartenstab-metall-eco-rost-2-ginkgo-blumen-170cm\/#breadcrumb","itemListElement":[{"@type":"ListItem","position":1,"name":"Home","item":"https:\/\/www.eliassen.nl\/de\/"},{"@type":"ListItem","position":2,"name":"Shop","item":"https:\/\/www.eliassen.nl\/de\/shop\/"},{"@type":"ListItem","position":3,"name":"Gartenstecker","item":"https:\/\/www.eliassen.nl\/de\/gartenstecker\/"},{"@type":"ListItem","position":4,"name":"Gartenpf\u00e4hle aus still","item":"https:\/\/www.eliassen.nl\/de\/gartenstecker\/gartenpfaehle-aus-still\/"},{"@type":"ListItem","position":5,"name":"Gartenstab Metall Eco-Rost 2 Ginkgo Blumen 170cm"}]},{"@type":"WebSite","@id":"https:\/\/www.eliassen.nl\/de\/#website","url":"https:\/\/www.eliassen.nl\/de\/","name":"Eliassen Home & Garden Pleasure","description":"","publisher":{"@id":"https:\/\/www.eliassen.nl\/de\/#organization"},"alternateName":"Eliassen.nl","potentialAction":[{"@type":"SearchAction","target":{"@type":"EntryPoint","urlTemplate":"https:\/\/www.eliassen.nl\/de\/?s={search_term_string}"},"query-input":{"@type":"PropertyValueSpecification","valueRequired":true,"valueName":"search_term_string"}}],"inLanguage":"de"},{"@type":["Organization","Place"],"@id":"https:\/\/www.eliassen.nl\/de\/#organization","name":"Eliassen Home & Garden Pleasure","url":"https:\/\/www.eliassen.nl\/de\/","logo":{"@id":"https:\/\/www.eliassen.nl\/de\/gartenstab-metall-eco-rost-2-ginkgo-blumen-170cm\/#local-main-organization-logo"},"image":{"@id":"https:\/\/www.eliassen.nl\/de\/gartenstab-metall-eco-rost-2-ginkgo-blumen-170cm\/#local-main-organization-logo"},"sameAs":["https:\/\/www.facebook.com\/TuincentrumEliassenAmmerzoden","https:\/\/www.instagram.com\/eliassenhomeandgarden\/","https:\/\/nl.pinterest.com\/eliassenhomeandgarden\/","https:\/\/www.youtube.com\/@eliassenhomegardenpleasure4558"],"telephone":[],"openingHoursSpecification":[{"@type":"OpeningHoursSpecification","dayOfWeek":["Monday","Tuesday","Wednesday","Thursday","Friday","Saturday","Sunday"],"opens":"09:00","closes":"17:00"}]},{"@type":"ImageObject","inLanguage":"de","@id":"https:\/\/www.eliassen.nl\/de\/gartenstab-metall-eco-rost-2-ginkgo-blumen-170cm\/#local-main-organization-logo","url":"https:\/\/www.eliassen.nl\/wp-content\/uploads\/2024\/01\/logo_4nd.jpg","contentUrl":"https:\/\/www.eliassen.nl\/wp-content\/uploads\/2024\/01\/logo_4nd.jpg","width":500,"height":500,"caption":"Eliassen Home & Garden Pleasure"}]},"product_price_amount":"49.50","product_price_currency":"EUR","og_availability":"instock","product_availability":"instock","product_retailer_item_id":"Md14013","product_condition":"new"},"df_price":49.5,"df_sale_price":"","df_regular_price":49.5,"df_image_link":"https:\/\/www.eliassen.nl\/wp-content\/uploads\/2025\/03\/Tuinsteker-metaal-Eco-roest-2-Ginkgo-bloemen-170cm-eliassen.nl-1-300x200.jpg","image":"https:\/\/www.eliassen.nl\/wp-content\/uploads\/2025\/03\/Tuinsteker-metaal-Eco-roest-2-Ginkgo-bloemen-170cm-eliassen.nl-1-150x150.jpg","price_search":"<span class=\"woocommerce-Price-amount amount\"><bdi><span class=\"woocommerce-Price-currencySymbol\">&euro;<\/span>&nbsp;49,50<\/bdi><\/span>","category":"Gartenpf\u00e4hle aus still","global_unique_id":"5410807140130","_links":{"self":[{"href":"https:\/\/www.eliassen.nl\/de\/wp-json\/wp\/v2\/product\/176239","targetHints":{"allow":["GET"]}}],"collection":[{"href":"https:\/\/www.eliassen.nl\/de\/wp-json\/wp\/v2\/product"}],"about":[{"href":"https:\/\/www.eliassen.nl\/de\/wp-json\/wp\/v2\/types\/product"}],"wp:featuredmedia":[{"embeddable":true,"href":"https:\/\/www.eliassen.nl\/de\/wp-json\/wp\/v2\/media\/176250"}],"wp:attachment":[{"href":"https:\/\/www.eliassen.nl\/de\/wp-json\/wp\/v2\/media?parent=176239"}],"wp:term":[{"taxonomy":"product_brand","embeddable":true,"href":"https:\/\/www.eliassen.nl\/de\/wp-json\/wp\/v2\/product_brand?post=176239"},{"taxonomy":"product_cat","embeddable":true,"href":"https:\/\/www.eliassen.nl\/de\/wp-json\/wp\/v2\/product_cat?post=176239"},{"taxonomy":"product_tag","embeddable":true,"href":"https:\/\/www.eliassen.nl\/de\/wp-json\/wp\/v2\/product_tag?post=176239"}],"curies":[{"name":"wp","href":"https:\/\/api.w.org\/{rel}","templated":true}]}}