{"id":17455,"date":"2019-10-28T18:47:57","date_gmt":"2019-10-28T18:47:57","guid":{"rendered":"https:\/\/www.eliassen.nl\/?product=bronze-katze-moderne"},"modified":"2026-01-16T13:38:31","modified_gmt":"2026-01-16T12:38:31","slug":"bronzekatze-modern","status":"publish","type":"product","link":"https:\/\/www.eliassen.nl\/de\/bronzekatze-modern\/","title":{"rendered":"Bronze Katze modern 31cm"},"content":{"rendered":"<p>Ein Gewinn in Ihrem Garten, aber nat\u00fcrlich auch im Haus oder in Ihrem Gesch\u00e4ft. Diese atemberaubend sch\u00f6n gestaltete, gro\u00dfe Bronzestatue einer modernen Katze ist komplett aus Bronze gefertigt. Die f\u00fcr diese Skulptur verwendete Bronze hat einen Mindestkupfergehalt von 75%, wodurch Oxidation oder andere seltsame Flecken vermieden werden. Ausgestattet mit einem M8-Gewinde an der Unterseite zum Anschrauben dieses Bronzeobjekts.<\/p>\n<ul>\n<li>Gr\u00f6\u00dfe: 31 x 10 x 18 cm<\/li>\n<li>Wird mit Zertifikat geliefert.<\/li>\n<li>Schnelle Lieferung.<\/li>\n<li>30 Jahre Garantie.<\/li>\n<li>Sehr viele aus dieser Serie von Bronzeskulpturen sind auch live in unserem Shop zu sehen.<\/li>\n<\/ul>\n","protected":false},"excerpt":{"rendered":"<p>Ein Gewinn in Ihrem Garten, aber nat\u00fcrlich auch im Haus oder in Ihrem Gesch\u00e4ft. Diese atemberaubend sch\u00f6n gestaltete, gro\u00dfe Bronzestatue einer modernen Katze ist komplett aus Bronze gefertigt. Die f\u00fcr diese Skulptur verwendete Bronze hat einen Mindestkupfergehalt von 75%, wodurch Oxidation oder andere seltsame Flecken vermieden werden. Ausgestattet mit einem M8-Gewinde an der Unterseite zum &hellip;<\/p>\n","protected":false},"featured_media":17443,"template":"","meta":{"_acf_changed":false,"_genesis_title":"","_genesis_description":""},"product_brand":[7505],"product_cat":[613,635,7239],"product_tag":[],"class_list":{"0":"post-17455","1":"product","2":"type-product","3":"status-publish","4":"has-post-thumbnail","6":"product_brand-sonstige","7":"product_cat-bronzestatuen","8":"product_cat-tierstatuen-aus-bronze","9":"product_cat-bilder","11":"first","12":"instock","13":"taxable","14":"shipping-taxable","15":"purchasable","16":"product-type-simple"},"acf":[],"meta_all":{"total_sales":"4","wcml_sync_hash":{"postmeta_fields":"388787903a4bec59dbf31ca488095050"},"attr_label_translations":[],"cor_restricted_countries":[]},"meta_all_flat":{"total_sales":"4","wcml_sync_hash.postmeta_fields":"388787903a4bec59dbf31ca488095050"},"yoast_head":"<!-- This site is optimized with the Yoast SEO Premium plugin v26.2 (Yoast SEO v27.2) - https:\/\/yoast.com\/product\/yoast-seo-premium-wordpress\/ -->\n<title>Bronze Katze modern | Eliassen<\/title>\n<meta name=\"description\" content=\"Bei Eliassen k\u00f6nnen Sie Bronze cat modern online kaufen oder live im Ausstellungsraum betrachten. Wir haben die sch\u00f6nsten Bronzestatuen, Tierstatuen aus Bronze\" \/>\n<meta name=\"robots\" content=\"index, follow, max-snippet:-1, max-image-preview:large, max-video-preview:-1\" \/>\n<link rel=\"canonical\" href=\"https:\/\/www.eliassen.nl\/de\/bronzekatze-modern\/\" \/>\n<meta property=\"og:locale\" content=\"de_DE\" \/>\n<meta property=\"og:type\" content=\"article\" \/>\n<meta property=\"og:title\" content=\"Sonstige Bronze Katze modern 31cm - Eliassen.nl\" \/>\n<meta property=\"og:description\" content=\"Bei Eliassen k\u00f6nnen Sie Bronze cat modern online kaufen oder live im Ausstellungsraum betrachten. Wir haben die sch\u00f6nsten Bronzestatuen, Tierstatuen aus Bronze\" \/>\n<meta property=\"og:url\" content=\"https:\/\/www.eliassen.nl\/de\/bronzekatze-modern\/\" \/>\n<meta property=\"og:site_name\" content=\"Eliassen.nl\" \/>\n<meta property=\"article:publisher\" content=\"https:\/\/www.facebook.com\/TuincentrumEliassenAmmerzoden\" \/>\n<meta property=\"article:modified_time\" content=\"2026-01-16T12:38:31+00:00\" \/>\n<meta property=\"og:image\" content=\"https:\/\/www.eliassen.nl\/wp-content\/uploads\/2024\/01\/an1666brwvijpg.jpg\" \/>\n\t<meta property=\"og:image:width\" content=\"692\" \/>\n\t<meta property=\"og:image:height\" content=\"922\" \/>\n\t<meta property=\"og:image:type\" content=\"image\/jpeg\" \/>\n<meta name=\"twitter:card\" content=\"summary_large_image\" \/>\n<script type=\"application\/ld+json\" class=\"yoast-schema-graph\">{\"@context\":\"https:\/\/schema.org\",\"@graph\":[{\"@type\":\"WebPage\",\"@id\":\"https:\/\/www.eliassen.nl\/de\/bronzekatze-modern\/\",\"url\":\"https:\/\/www.eliassen.nl\/de\/bronzekatze-modern\/\",\"name\":\"Bronze Katze modern | Eliassen\",\"isPartOf\":{\"@id\":\"https:\/\/www.eliassen.nl\/de\/#website\"},\"primaryImageOfPage\":{\"@id\":\"https:\/\/www.eliassen.nl\/de\/bronzekatze-modern\/#primaryimage\"},\"image\":{\"@id\":\"https:\/\/www.eliassen.nl\/de\/bronzekatze-modern\/#primaryimage\"},\"thumbnailUrl\":\"https:\/\/www.eliassen.nl\/wp-content\/uploads\/2024\/01\/an1666brwvijpg.jpg\",\"datePublished\":\"2019-10-28T18:47:57+00:00\",\"dateModified\":\"2026-01-16T12:38:31+00:00\",\"description\":\"Bei Eliassen k\u00f6nnen Sie Bronze cat modern online kaufen oder live im Ausstellungsraum betrachten. Wir haben die sch\u00f6nsten Bronzestatuen, Tierstatuen aus Bronze\",\"breadcrumb\":{\"@id\":\"https:\/\/www.eliassen.nl\/de\/bronzekatze-modern\/#breadcrumb\"},\"inLanguage\":\"de\",\"potentialAction\":[{\"@type\":\"ReadAction\",\"target\":[\"https:\/\/www.eliassen.nl\/de\/bronzekatze-modern\/\"]}]},{\"@type\":\"ImageObject\",\"inLanguage\":\"de\",\"@id\":\"https:\/\/www.eliassen.nl\/de\/bronzekatze-modern\/#primaryimage\",\"url\":\"https:\/\/www.eliassen.nl\/wp-content\/uploads\/2024\/01\/an1666brwvijpg.jpg\",\"contentUrl\":\"https:\/\/www.eliassen.nl\/wp-content\/uploads\/2024\/01\/an1666brwvijpg.jpg\",\"width\":692,\"height\":922,\"caption\":\"an1666brw-vijpg\"},{\"@type\":\"BreadcrumbList\",\"@id\":\"https:\/\/www.eliassen.nl\/de\/bronzekatze-modern\/#breadcrumb\",\"itemListElement\":[{\"@type\":\"ListItem\",\"position\":1,\"name\":\"Home\",\"item\":\"https:\/\/www.eliassen.nl\/de\/\"},{\"@type\":\"ListItem\",\"position\":2,\"name\":\"Shop\",\"item\":\"https:\/\/www.eliassen.nl\/de\/shop\/\"},{\"@type\":\"ListItem\",\"position\":3,\"name\":\"Bronzestatuen\",\"item\":\"https:\/\/www.eliassen.nl\/de\/bronzestatuen\/\"},{\"@type\":\"ListItem\",\"position\":4,\"name\":\"Tierstatuen aus Bronze\",\"item\":\"https:\/\/www.eliassen.nl\/de\/bilder\/bronzestatuen\/tierstatuen-aus-bronze\/\"},{\"@type\":\"ListItem\",\"position\":5,\"name\":\"Bronze Katze modern 31cm\"}]},{\"@type\":\"WebSite\",\"@id\":\"https:\/\/www.eliassen.nl\/de\/#website\",\"url\":\"https:\/\/www.eliassen.nl\/de\/\",\"name\":\"Eliassen Home & Garden Pleasure\",\"description\":\"\",\"publisher\":{\"@id\":\"https:\/\/www.eliassen.nl\/de\/#organization\"},\"alternateName\":\"Eliassen.nl\",\"potentialAction\":[{\"@type\":\"SearchAction\",\"target\":{\"@type\":\"EntryPoint\",\"urlTemplate\":\"https:\/\/www.eliassen.nl\/de\/?s={search_term_string}\"},\"query-input\":{\"@type\":\"PropertyValueSpecification\",\"valueRequired\":true,\"valueName\":\"search_term_string\"}}],\"inLanguage\":\"de\"},{\"@type\":[\"Organization\",\"Place\"],\"@id\":\"https:\/\/www.eliassen.nl\/de\/#organization\",\"name\":\"Eliassen Home & Garden Pleasure\",\"url\":\"https:\/\/www.eliassen.nl\/de\/\",\"logo\":{\"@id\":\"https:\/\/www.eliassen.nl\/de\/bronzekatze-modern\/#local-main-organization-logo\"},\"image\":{\"@id\":\"https:\/\/www.eliassen.nl\/de\/bronzekatze-modern\/#local-main-organization-logo\"},\"sameAs\":[\"https:\/\/www.facebook.com\/TuincentrumEliassenAmmerzoden\",\"https:\/\/www.instagram.com\/eliassenhomeandgarden\/\",\"https:\/\/nl.pinterest.com\/eliassenhomeandgarden\/\",\"https:\/\/www.youtube.com\/@eliassenhomegardenpleasure4558\"],\"telephone\":[],\"openingHoursSpecification\":[{\"@type\":\"OpeningHoursSpecification\",\"dayOfWeek\":[\"Monday\",\"Tuesday\",\"Wednesday\",\"Thursday\",\"Friday\",\"Saturday\",\"Sunday\"],\"opens\":\"09:00\",\"closes\":\"17:00\"}]},{\"@type\":\"ImageObject\",\"inLanguage\":\"de\",\"@id\":\"https:\/\/www.eliassen.nl\/de\/bronzekatze-modern\/#local-main-organization-logo\",\"url\":\"https:\/\/www.eliassen.nl\/wp-content\/uploads\/2024\/01\/logo_4nd.jpg\",\"contentUrl\":\"https:\/\/www.eliassen.nl\/wp-content\/uploads\/2024\/01\/logo_4nd.jpg\",\"width\":500,\"height\":500,\"caption\":\"Eliassen Home & Garden Pleasure\"}]}<\/script>\n<meta property=\"product:price:amount\" content=\"239.00\" \/>\n<meta property=\"product:price:currency\" content=\"EUR\" \/>\n<meta property=\"og:availability\" content=\"instock\" \/>\n<meta property=\"product:availability\" content=\"instock\" \/>\n<meta property=\"product:retailer_item_id\" content=\"An1666\" \/>\n<meta property=\"product:condition\" content=\"new\" \/>\n<!-- \/ Yoast SEO Premium plugin. -->","yoast_head_json":{"title":"Bronze Katze modern | Eliassen","description":"Bei Eliassen k\u00f6nnen Sie Bronze cat modern online kaufen oder live im Ausstellungsraum betrachten. Wir haben die sch\u00f6nsten Bronzestatuen, Tierstatuen aus Bronze","robots":{"index":"index","follow":"follow","max-snippet":"max-snippet:-1","max-image-preview":"max-image-preview:large","max-video-preview":"max-video-preview:-1"},"canonical":"https:\/\/www.eliassen.nl\/de\/bronzekatze-modern\/","og_locale":"de_DE","og_type":"article","og_title":"Sonstige Bronze Katze modern 31cm - Eliassen.nl","og_description":"Bei Eliassen k\u00f6nnen Sie Bronze cat modern online kaufen oder live im Ausstellungsraum betrachten. Wir haben die sch\u00f6nsten Bronzestatuen, Tierstatuen aus Bronze","og_url":"https:\/\/www.eliassen.nl\/de\/bronzekatze-modern\/","og_site_name":"Eliassen.nl","article_publisher":"https:\/\/www.facebook.com\/TuincentrumEliassenAmmerzoden","article_modified_time":"2026-01-16T12:38:31+00:00","og_image":[{"width":692,"height":922,"url":"https:\/\/www.eliassen.nl\/wp-content\/uploads\/2024\/01\/an1666brwvijpg.jpg","type":"image\/jpeg"}],"twitter_card":"summary_large_image","schema":{"@context":"https:\/\/schema.org","@graph":[{"@type":"WebPage","@id":"https:\/\/www.eliassen.nl\/de\/bronzekatze-modern\/","url":"https:\/\/www.eliassen.nl\/de\/bronzekatze-modern\/","name":"Bronze Katze modern | Eliassen","isPartOf":{"@id":"https:\/\/www.eliassen.nl\/de\/#website"},"primaryImageOfPage":{"@id":"https:\/\/www.eliassen.nl\/de\/bronzekatze-modern\/#primaryimage"},"image":{"@id":"https:\/\/www.eliassen.nl\/de\/bronzekatze-modern\/#primaryimage"},"thumbnailUrl":"https:\/\/www.eliassen.nl\/wp-content\/uploads\/2024\/01\/an1666brwvijpg.jpg","datePublished":"2019-10-28T18:47:57+00:00","dateModified":"2026-01-16T12:38:31+00:00","description":"Bei Eliassen k\u00f6nnen Sie Bronze cat modern online kaufen oder live im Ausstellungsraum betrachten. Wir haben die sch\u00f6nsten Bronzestatuen, Tierstatuen aus Bronze","breadcrumb":{"@id":"https:\/\/www.eliassen.nl\/de\/bronzekatze-modern\/#breadcrumb"},"inLanguage":"de","potentialAction":[{"@type":"ReadAction","target":["https:\/\/www.eliassen.nl\/de\/bronzekatze-modern\/"]}]},{"@type":"ImageObject","inLanguage":"de","@id":"https:\/\/www.eliassen.nl\/de\/bronzekatze-modern\/#primaryimage","url":"https:\/\/www.eliassen.nl\/wp-content\/uploads\/2024\/01\/an1666brwvijpg.jpg","contentUrl":"https:\/\/www.eliassen.nl\/wp-content\/uploads\/2024\/01\/an1666brwvijpg.jpg","width":692,"height":922,"caption":"an1666brw-vijpg"},{"@type":"BreadcrumbList","@id":"https:\/\/www.eliassen.nl\/de\/bronzekatze-modern\/#breadcrumb","itemListElement":[{"@type":"ListItem","position":1,"name":"Home","item":"https:\/\/www.eliassen.nl\/de\/"},{"@type":"ListItem","position":2,"name":"Shop","item":"https:\/\/www.eliassen.nl\/de\/shop\/"},{"@type":"ListItem","position":3,"name":"Bronzestatuen","item":"https:\/\/www.eliassen.nl\/de\/bronzestatuen\/"},{"@type":"ListItem","position":4,"name":"Tierstatuen aus Bronze","item":"https:\/\/www.eliassen.nl\/de\/bilder\/bronzestatuen\/tierstatuen-aus-bronze\/"},{"@type":"ListItem","position":5,"name":"Bronze Katze modern 31cm"}]},{"@type":"WebSite","@id":"https:\/\/www.eliassen.nl\/de\/#website","url":"https:\/\/www.eliassen.nl\/de\/","name":"Eliassen Home & Garden Pleasure","description":"","publisher":{"@id":"https:\/\/www.eliassen.nl\/de\/#organization"},"alternateName":"Eliassen.nl","potentialAction":[{"@type":"SearchAction","target":{"@type":"EntryPoint","urlTemplate":"https:\/\/www.eliassen.nl\/de\/?s={search_term_string}"},"query-input":{"@type":"PropertyValueSpecification","valueRequired":true,"valueName":"search_term_string"}}],"inLanguage":"de"},{"@type":["Organization","Place"],"@id":"https:\/\/www.eliassen.nl\/de\/#organization","name":"Eliassen Home & Garden Pleasure","url":"https:\/\/www.eliassen.nl\/de\/","logo":{"@id":"https:\/\/www.eliassen.nl\/de\/bronzekatze-modern\/#local-main-organization-logo"},"image":{"@id":"https:\/\/www.eliassen.nl\/de\/bronzekatze-modern\/#local-main-organization-logo"},"sameAs":["https:\/\/www.facebook.com\/TuincentrumEliassenAmmerzoden","https:\/\/www.instagram.com\/eliassenhomeandgarden\/","https:\/\/nl.pinterest.com\/eliassenhomeandgarden\/","https:\/\/www.youtube.com\/@eliassenhomegardenpleasure4558"],"telephone":[],"openingHoursSpecification":[{"@type":"OpeningHoursSpecification","dayOfWeek":["Monday","Tuesday","Wednesday","Thursday","Friday","Saturday","Sunday"],"opens":"09:00","closes":"17:00"}]},{"@type":"ImageObject","inLanguage":"de","@id":"https:\/\/www.eliassen.nl\/de\/bronzekatze-modern\/#local-main-organization-logo","url":"https:\/\/www.eliassen.nl\/wp-content\/uploads\/2024\/01\/logo_4nd.jpg","contentUrl":"https:\/\/www.eliassen.nl\/wp-content\/uploads\/2024\/01\/logo_4nd.jpg","width":500,"height":500,"caption":"Eliassen Home & Garden Pleasure"}]},"product_price_amount":"239.00","product_price_currency":"EUR","og_availability":"instock","product_availability":"instock","product_retailer_item_id":"An1666","product_condition":"new"},"df_price":239,"df_sale_price":"","df_regular_price":239,"df_image_link":"https:\/\/www.eliassen.nl\/wp-content\/uploads\/2024\/01\/an1666brwvijpg.jpg","image":"https:\/\/www.eliassen.nl\/wp-content\/uploads\/2024\/01\/an1666brwvijpg.jpg","price_search":"<span class=\"woocommerce-Price-amount amount\"><bdi><span class=\"woocommerce-Price-currencySymbol\">&euro;<\/span>&nbsp;239,00<\/bdi><\/span>","category":"Bronzestatuen","global_unique_id":"5410807016664","_links":{"self":[{"href":"https:\/\/www.eliassen.nl\/de\/wp-json\/wp\/v2\/product\/17455","targetHints":{"allow":["GET"]}}],"collection":[{"href":"https:\/\/www.eliassen.nl\/de\/wp-json\/wp\/v2\/product"}],"about":[{"href":"https:\/\/www.eliassen.nl\/de\/wp-json\/wp\/v2\/types\/product"}],"wp:featuredmedia":[{"embeddable":true,"href":"https:\/\/www.eliassen.nl\/de\/wp-json\/wp\/v2\/media\/17443"}],"wp:attachment":[{"href":"https:\/\/www.eliassen.nl\/de\/wp-json\/wp\/v2\/media?parent=17455"}],"wp:term":[{"taxonomy":"product_brand","embeddable":true,"href":"https:\/\/www.eliassen.nl\/de\/wp-json\/wp\/v2\/product_brand?post=17455"},{"taxonomy":"product_cat","embeddable":true,"href":"https:\/\/www.eliassen.nl\/de\/wp-json\/wp\/v2\/product_cat?post=17455"},{"taxonomy":"product_tag","embeddable":true,"href":"https:\/\/www.eliassen.nl\/de\/wp-json\/wp\/v2\/product_tag?post=17455"}],"curies":[{"name":"wp","href":"https:\/\/api.w.org\/{rel}","templated":true}]}}