{"id":17386,"date":"2019-10-28T18:47:39","date_gmt":"2019-10-28T18:47:39","guid":{"rendered":"https:\/\/www.eliassen.nl\/?product=wanddekoration-blocks"},"modified":"2026-01-16T13:36:34","modified_gmt":"2026-01-16T12:36:34","slug":"wanddekoration-metallwandgestaltungsblocke","status":"publish","type":"product","link":"https:\/\/www.eliassen.nl\/de\/wanddekoration-metallwandgestaltungsblocke\/","title":{"rendered":"Wanddekoration Metall Wandgestaltung Bl\u00f6cke 146cm"},"content":{"rendered":"<p><span style=\"font-weight: 400;\">Sind Sie auf der Suche nach einem Kunstwerk mit einem exotischen Look und einem unverwechselbaren Design? Dann werfen Sie einen Blick auf unsere farbenfrohe Wanddekoration aus sehr bunten Bl\u00f6cken. Dieses dreidimensionale Metallkunstwerk ist komplett handgefertigt und farbig. Das Modell besteht aus quadratischen, konvexen Formen und ist mit exotischen Farben koloriert, die einen sch\u00f6nen Kontrast bilden. Dieses Kunstwerk ist Teil einer umfangreichen Kunstsammlung, der gr\u00f6\u00dften in den Benelux-L\u00e4ndern, die Sie in unserem Ausstellungsraum besichtigen k\u00f6nnen. Wenn Sie das Werk also zuerst sehen m\u00f6chten, bevor Sie es kaufen, sind Sie herzlich willkommen!  <\/span><\/p>\n<p>Diese 3-dimensionale Wanddekoration aus Metall mit quadratischen Formen versch\u00f6nert jedes moderne Interieur oder jeden Arbeitsplatz. Diese stimmungsvolle und zeitlose Wanddekoration wird ein echter Blickfang sein. Vollst\u00e4ndig handgefertigt mit polierten Teilen, die ein ausgepr\u00e4gtes Lichtspiel erzeugen.<br \/>\nDa es von Menschenhand gemacht ist, kann das Foto leicht von der Realit\u00e4t abweichen.<\/p>\n<p><strong>Wir haben auch fast die gesamte Kollektion dieser Serie in unserem Gesch\u00e4ft, was in den Niederlanden einzigartig ist.  <\/strong><strong>Nirgendwo finden Sie eine so gro\u00dfe Sammlung. Sie sind herzlich willkommen.<\/strong><\/p>\n<ul>\n<li>  Gr\u00f6\u00dfe: 77 x 146 cm<\/li>\n<li>  Material: Metall<\/li>\n<li>  Farbe: Verschiedene<\/li>\n<li>  Einfach mit 2 Schrauben aufzuh\u00e4ngen<\/li>\n<li> Schnelle Lieferung<\/li>\n<li>  Gr\u00f6\u00dfte Sammlung in den Benelux-L\u00e4ndern, auch f\u00fcr Live-Viewing verf\u00fcgbar<\/li>\n<li>1 Jahr Garantie<\/li>\n<\/ul>\n","protected":false},"excerpt":{"rendered":"<p><strong>Verwendung im Freien unter Schutz nach Behandlung mit Klarlack m\u00f6glich.<\/strong><\/p>\n","protected":false},"featured_media":17383,"template":"","meta":{"_acf_changed":false,"_genesis_title":"","_genesis_description":""},"product_brand":[7505],"product_cat":[512,509],"product_tag":[],"class_list":{"0":"post-17386","1":"product","2":"type-product","3":"status-publish","4":"has-post-thumbnail","6":"product_brand-sonstige","7":"product_cat-3d-wanddekoration-ohne-rahmen","8":"product_cat-wanddekoration","10":"first","11":"instock","12":"sale","13":"taxable","14":"shipping-taxable","15":"purchasable","16":"product-type-simple"},"acf":[],"meta_all":{"total_sales":"16","wcml_sync_hash":{"postmeta_fields":"4b4c4ae76918391007b4e9b3bd3854c2"},"attr_label_translations":[],"cor_restricted_countries":[]},"meta_all_flat":{"total_sales":"16","wcml_sync_hash.postmeta_fields":"4b4c4ae76918391007b4e9b3bd3854c2"},"yoast_head":"<!-- This site is optimized with the Yoast SEO Premium plugin v26.2 (Yoast SEO v27.2) - https:\/\/yoast.com\/product\/yoast-seo-premium-wordpress\/ -->\n<title>Farbenfrohe Wanddekoration Metall Wandgestaltung Bl\u00f6cke - Eliassen.de<\/title>\n<meta name=\"description\" content=\"Bunte Metallwanddekoration aus verschiedenen Bl\u00f6cken. Diese Wandgestaltung aus Metall ist ein echter Blickfang f\u00fcr jede Art von Interieur. \u221a 1 Jahr Garantie\" \/>\n<meta name=\"robots\" content=\"index, follow, max-snippet:-1, max-image-preview:large, max-video-preview:-1\" \/>\n<link rel=\"canonical\" href=\"https:\/\/www.eliassen.nl\/de\/wanddekoration-metallwandgestaltungsblocke\/\" \/>\n<meta property=\"og:locale\" content=\"de_DE\" \/>\n<meta property=\"og:type\" content=\"article\" \/>\n<meta property=\"og:title\" content=\"Sonstige Wanddekoration Metall Wandgestaltung Bl\u00f6cke 146cm - Eliassen.nl\" \/>\n<meta property=\"og:description\" content=\"Bunte Metallwanddekoration aus verschiedenen Bl\u00f6cken. Diese Wandgestaltung aus Metall ist ein echter Blickfang f\u00fcr jede Art von Interieur. \u221a 1 Jahr Garantie\" \/>\n<meta property=\"og:url\" content=\"https:\/\/www.eliassen.nl\/de\/wanddekoration-metallwandgestaltungsblocke\/\" \/>\n<meta property=\"og:site_name\" content=\"Eliassen.nl\" \/>\n<meta property=\"article:publisher\" content=\"https:\/\/www.facebook.com\/TuincentrumEliassenAmmerzoden\" \/>\n<meta property=\"article:modified_time\" content=\"2026-01-16T12:36:34+00:00\" \/>\n<meta property=\"og:image\" content=\"https:\/\/www.eliassen.nl\/wp-content\/uploads\/2024\/01\/wandversieringmetalenwanddesignblokken_2nd.jpg\" \/>\n\t<meta property=\"og:image:width\" content=\"877\" \/>\n\t<meta property=\"og:image:height\" content=\"475\" \/>\n\t<meta property=\"og:image:type\" content=\"image\/jpeg\" \/>\n<meta name=\"twitter:card\" content=\"summary_large_image\" \/>\n<script type=\"application\/ld+json\" class=\"yoast-schema-graph\">{\"@context\":\"https:\/\/schema.org\",\"@graph\":[{\"@type\":\"WebPage\",\"@id\":\"https:\/\/www.eliassen.nl\/de\/wanddekoration-metallwandgestaltungsblocke\/\",\"url\":\"https:\/\/www.eliassen.nl\/de\/wanddekoration-metallwandgestaltungsblocke\/\",\"name\":\"Farbenfrohe Wanddekoration Metall Wandgestaltung Bl\u00f6cke - Eliassen.de\",\"isPartOf\":{\"@id\":\"https:\/\/www.eliassen.nl\/de\/#website\"},\"primaryImageOfPage\":{\"@id\":\"https:\/\/www.eliassen.nl\/de\/wanddekoration-metallwandgestaltungsblocke\/#primaryimage\"},\"image\":{\"@id\":\"https:\/\/www.eliassen.nl\/de\/wanddekoration-metallwandgestaltungsblocke\/#primaryimage\"},\"thumbnailUrl\":\"https:\/\/www.eliassen.nl\/wp-content\/uploads\/2024\/01\/wandversieringmetalenwanddesignblokken_2nd.jpg\",\"datePublished\":\"2019-10-28T18:47:39+00:00\",\"dateModified\":\"2026-01-16T12:36:34+00:00\",\"description\":\"Bunte Metallwanddekoration aus verschiedenen Bl\u00f6cken. Diese Wandgestaltung aus Metall ist ein echter Blickfang f\u00fcr jede Art von Interieur. \u221a 1 Jahr Garantie\",\"breadcrumb\":{\"@id\":\"https:\/\/www.eliassen.nl\/de\/wanddekoration-metallwandgestaltungsblocke\/#breadcrumb\"},\"inLanguage\":\"de\",\"potentialAction\":[{\"@type\":\"ReadAction\",\"target\":[\"https:\/\/www.eliassen.nl\/de\/wanddekoration-metallwandgestaltungsblocke\/\"]}]},{\"@type\":\"ImageObject\",\"inLanguage\":\"de\",\"@id\":\"https:\/\/www.eliassen.nl\/de\/wanddekoration-metallwandgestaltungsblocke\/#primaryimage\",\"url\":\"https:\/\/www.eliassen.nl\/wp-content\/uploads\/2024\/01\/wandversieringmetalenwanddesignblokken_2nd.jpg\",\"contentUrl\":\"https:\/\/www.eliassen.nl\/wp-content\/uploads\/2024\/01\/wandversieringmetalenwanddesignblokken_2nd.jpg\",\"width\":877,\"height\":475,\"caption\":\"Wanddekoration Metallwand Designbl\u00f6cke\"},{\"@type\":\"BreadcrumbList\",\"@id\":\"https:\/\/www.eliassen.nl\/de\/wanddekoration-metallwandgestaltungsblocke\/#breadcrumb\",\"itemListElement\":[{\"@type\":\"ListItem\",\"position\":1,\"name\":\"Home\",\"item\":\"https:\/\/www.eliassen.nl\/de\/\"},{\"@type\":\"ListItem\",\"position\":2,\"name\":\"Shop\",\"item\":\"https:\/\/www.eliassen.nl\/de\/shop\/\"},{\"@type\":\"ListItem\",\"position\":3,\"name\":\"Wanddekoration\",\"item\":\"https:\/\/www.eliassen.nl\/de\/wanddekoration\/\"},{\"@type\":\"ListItem\",\"position\":4,\"name\":\"3D-Wanddekoration ohne Rahmen\",\"item\":\"https:\/\/www.eliassen.nl\/de\/wanddekoration\/3d-wanddekoration-ohne-rahmen\/\"},{\"@type\":\"ListItem\",\"position\":5,\"name\":\"Wanddekoration Metall Wandgestaltung Bl\u00f6cke 146cm\"}]},{\"@type\":\"WebSite\",\"@id\":\"https:\/\/www.eliassen.nl\/de\/#website\",\"url\":\"https:\/\/www.eliassen.nl\/de\/\",\"name\":\"Eliassen Home & Garden Pleasure\",\"description\":\"\",\"publisher\":{\"@id\":\"https:\/\/www.eliassen.nl\/de\/#organization\"},\"alternateName\":\"Eliassen.nl\",\"potentialAction\":[{\"@type\":\"SearchAction\",\"target\":{\"@type\":\"EntryPoint\",\"urlTemplate\":\"https:\/\/www.eliassen.nl\/de\/?s={search_term_string}\"},\"query-input\":{\"@type\":\"PropertyValueSpecification\",\"valueRequired\":true,\"valueName\":\"search_term_string\"}}],\"inLanguage\":\"de\"},{\"@type\":[\"Organization\",\"Place\"],\"@id\":\"https:\/\/www.eliassen.nl\/de\/#organization\",\"name\":\"Eliassen Home & Garden Pleasure\",\"url\":\"https:\/\/www.eliassen.nl\/de\/\",\"logo\":{\"@id\":\"https:\/\/www.eliassen.nl\/de\/wanddekoration-metallwandgestaltungsblocke\/#local-main-organization-logo\"},\"image\":{\"@id\":\"https:\/\/www.eliassen.nl\/de\/wanddekoration-metallwandgestaltungsblocke\/#local-main-organization-logo\"},\"sameAs\":[\"https:\/\/www.facebook.com\/TuincentrumEliassenAmmerzoden\",\"https:\/\/www.instagram.com\/eliassenhomeandgarden\/\",\"https:\/\/nl.pinterest.com\/eliassenhomeandgarden\/\",\"https:\/\/www.youtube.com\/@eliassenhomegardenpleasure4558\"],\"telephone\":[],\"openingHoursSpecification\":[{\"@type\":\"OpeningHoursSpecification\",\"dayOfWeek\":[\"Monday\",\"Tuesday\",\"Wednesday\",\"Thursday\",\"Friday\",\"Saturday\",\"Sunday\"],\"opens\":\"09:00\",\"closes\":\"17:00\"}]},{\"@type\":\"ImageObject\",\"inLanguage\":\"de\",\"@id\":\"https:\/\/www.eliassen.nl\/de\/wanddekoration-metallwandgestaltungsblocke\/#local-main-organization-logo\",\"url\":\"https:\/\/www.eliassen.nl\/wp-content\/uploads\/2024\/01\/logo_4nd.jpg\",\"contentUrl\":\"https:\/\/www.eliassen.nl\/wp-content\/uploads\/2024\/01\/logo_4nd.jpg\",\"width\":500,\"height\":500,\"caption\":\"Eliassen Home & Garden Pleasure\"}]}<\/script>\n<meta property=\"product:price:amount\" content=\"89.00\" \/>\n<meta property=\"product:price:currency\" content=\"EUR\" \/>\n<meta property=\"og:availability\" content=\"instock\" \/>\n<meta property=\"product:availability\" content=\"instock\" \/>\n<meta property=\"product:retailer_item_id\" content=\"A51\" \/>\n<meta property=\"product:condition\" content=\"new\" \/>\n<!-- \/ Yoast SEO Premium plugin. -->","yoast_head_json":{"title":"Farbenfrohe Wanddekoration Metall Wandgestaltung Bl\u00f6cke - Eliassen.de","description":"Bunte Metallwanddekoration aus verschiedenen Bl\u00f6cken. Diese Wandgestaltung aus Metall ist ein echter Blickfang f\u00fcr jede Art von Interieur. \u221a 1 Jahr Garantie","robots":{"index":"index","follow":"follow","max-snippet":"max-snippet:-1","max-image-preview":"max-image-preview:large","max-video-preview":"max-video-preview:-1"},"canonical":"https:\/\/www.eliassen.nl\/de\/wanddekoration-metallwandgestaltungsblocke\/","og_locale":"de_DE","og_type":"article","og_title":"Sonstige Wanddekoration Metall Wandgestaltung Bl\u00f6cke 146cm - Eliassen.nl","og_description":"Bunte Metallwanddekoration aus verschiedenen Bl\u00f6cken. Diese Wandgestaltung aus Metall ist ein echter Blickfang f\u00fcr jede Art von Interieur. \u221a 1 Jahr Garantie","og_url":"https:\/\/www.eliassen.nl\/de\/wanddekoration-metallwandgestaltungsblocke\/","og_site_name":"Eliassen.nl","article_publisher":"https:\/\/www.facebook.com\/TuincentrumEliassenAmmerzoden","article_modified_time":"2026-01-16T12:36:34+00:00","og_image":[{"width":877,"height":475,"url":"https:\/\/www.eliassen.nl\/wp-content\/uploads\/2024\/01\/wandversieringmetalenwanddesignblokken_2nd.jpg","type":"image\/jpeg"}],"twitter_card":"summary_large_image","schema":{"@context":"https:\/\/schema.org","@graph":[{"@type":"WebPage","@id":"https:\/\/www.eliassen.nl\/de\/wanddekoration-metallwandgestaltungsblocke\/","url":"https:\/\/www.eliassen.nl\/de\/wanddekoration-metallwandgestaltungsblocke\/","name":"Farbenfrohe Wanddekoration Metall Wandgestaltung Bl\u00f6cke - Eliassen.de","isPartOf":{"@id":"https:\/\/www.eliassen.nl\/de\/#website"},"primaryImageOfPage":{"@id":"https:\/\/www.eliassen.nl\/de\/wanddekoration-metallwandgestaltungsblocke\/#primaryimage"},"image":{"@id":"https:\/\/www.eliassen.nl\/de\/wanddekoration-metallwandgestaltungsblocke\/#primaryimage"},"thumbnailUrl":"https:\/\/www.eliassen.nl\/wp-content\/uploads\/2024\/01\/wandversieringmetalenwanddesignblokken_2nd.jpg","datePublished":"2019-10-28T18:47:39+00:00","dateModified":"2026-01-16T12:36:34+00:00","description":"Bunte Metallwanddekoration aus verschiedenen Bl\u00f6cken. Diese Wandgestaltung aus Metall ist ein echter Blickfang f\u00fcr jede Art von Interieur. \u221a 1 Jahr Garantie","breadcrumb":{"@id":"https:\/\/www.eliassen.nl\/de\/wanddekoration-metallwandgestaltungsblocke\/#breadcrumb"},"inLanguage":"de","potentialAction":[{"@type":"ReadAction","target":["https:\/\/www.eliassen.nl\/de\/wanddekoration-metallwandgestaltungsblocke\/"]}]},{"@type":"ImageObject","inLanguage":"de","@id":"https:\/\/www.eliassen.nl\/de\/wanddekoration-metallwandgestaltungsblocke\/#primaryimage","url":"https:\/\/www.eliassen.nl\/wp-content\/uploads\/2024\/01\/wandversieringmetalenwanddesignblokken_2nd.jpg","contentUrl":"https:\/\/www.eliassen.nl\/wp-content\/uploads\/2024\/01\/wandversieringmetalenwanddesignblokken_2nd.jpg","width":877,"height":475,"caption":"Wanddekoration Metallwand Designbl\u00f6cke"},{"@type":"BreadcrumbList","@id":"https:\/\/www.eliassen.nl\/de\/wanddekoration-metallwandgestaltungsblocke\/#breadcrumb","itemListElement":[{"@type":"ListItem","position":1,"name":"Home","item":"https:\/\/www.eliassen.nl\/de\/"},{"@type":"ListItem","position":2,"name":"Shop","item":"https:\/\/www.eliassen.nl\/de\/shop\/"},{"@type":"ListItem","position":3,"name":"Wanddekoration","item":"https:\/\/www.eliassen.nl\/de\/wanddekoration\/"},{"@type":"ListItem","position":4,"name":"3D-Wanddekoration ohne Rahmen","item":"https:\/\/www.eliassen.nl\/de\/wanddekoration\/3d-wanddekoration-ohne-rahmen\/"},{"@type":"ListItem","position":5,"name":"Wanddekoration Metall Wandgestaltung Bl\u00f6cke 146cm"}]},{"@type":"WebSite","@id":"https:\/\/www.eliassen.nl\/de\/#website","url":"https:\/\/www.eliassen.nl\/de\/","name":"Eliassen Home & Garden Pleasure","description":"","publisher":{"@id":"https:\/\/www.eliassen.nl\/de\/#organization"},"alternateName":"Eliassen.nl","potentialAction":[{"@type":"SearchAction","target":{"@type":"EntryPoint","urlTemplate":"https:\/\/www.eliassen.nl\/de\/?s={search_term_string}"},"query-input":{"@type":"PropertyValueSpecification","valueRequired":true,"valueName":"search_term_string"}}],"inLanguage":"de"},{"@type":["Organization","Place"],"@id":"https:\/\/www.eliassen.nl\/de\/#organization","name":"Eliassen Home & Garden Pleasure","url":"https:\/\/www.eliassen.nl\/de\/","logo":{"@id":"https:\/\/www.eliassen.nl\/de\/wanddekoration-metallwandgestaltungsblocke\/#local-main-organization-logo"},"image":{"@id":"https:\/\/www.eliassen.nl\/de\/wanddekoration-metallwandgestaltungsblocke\/#local-main-organization-logo"},"sameAs":["https:\/\/www.facebook.com\/TuincentrumEliassenAmmerzoden","https:\/\/www.instagram.com\/eliassenhomeandgarden\/","https:\/\/nl.pinterest.com\/eliassenhomeandgarden\/","https:\/\/www.youtube.com\/@eliassenhomegardenpleasure4558"],"telephone":[],"openingHoursSpecification":[{"@type":"OpeningHoursSpecification","dayOfWeek":["Monday","Tuesday","Wednesday","Thursday","Friday","Saturday","Sunday"],"opens":"09:00","closes":"17:00"}]},{"@type":"ImageObject","inLanguage":"de","@id":"https:\/\/www.eliassen.nl\/de\/wanddekoration-metallwandgestaltungsblocke\/#local-main-organization-logo","url":"https:\/\/www.eliassen.nl\/wp-content\/uploads\/2024\/01\/logo_4nd.jpg","contentUrl":"https:\/\/www.eliassen.nl\/wp-content\/uploads\/2024\/01\/logo_4nd.jpg","width":500,"height":500,"caption":"Eliassen Home & Garden Pleasure"}]},"product_price_amount":"89.00","product_price_currency":"EUR","og_availability":"instock","product_availability":"instock","product_retailer_item_id":"A51","product_condition":"new"},"df_price":89,"df_sale_price":89,"df_regular_price":139,"df_image_link":"https:\/\/www.eliassen.nl\/wp-content\/uploads\/2024\/01\/wandversieringmetalenwanddesignblokken_2nd.jpg","image":"https:\/\/www.eliassen.nl\/wp-content\/uploads\/2024\/01\/wandversieringmetalenwanddesignblokken_2nd.jpg","price_search":"<span class=\"woocommerce-Price-amount amount\"><bdi><span class=\"woocommerce-Price-currencySymbol\">&euro;<\/span>&nbsp;89,00<\/bdi><\/span>","category":"3D-Wanddekoration ohne Rahmen","global_unique_id":"7438245798759","_links":{"self":[{"href":"https:\/\/www.eliassen.nl\/de\/wp-json\/wp\/v2\/product\/17386","targetHints":{"allow":["GET"]}}],"collection":[{"href":"https:\/\/www.eliassen.nl\/de\/wp-json\/wp\/v2\/product"}],"about":[{"href":"https:\/\/www.eliassen.nl\/de\/wp-json\/wp\/v2\/types\/product"}],"wp:featuredmedia":[{"embeddable":true,"href":"https:\/\/www.eliassen.nl\/de\/wp-json\/wp\/v2\/media\/17383"}],"wp:attachment":[{"href":"https:\/\/www.eliassen.nl\/de\/wp-json\/wp\/v2\/media?parent=17386"}],"wp:term":[{"taxonomy":"product_brand","embeddable":true,"href":"https:\/\/www.eliassen.nl\/de\/wp-json\/wp\/v2\/product_brand?post=17386"},{"taxonomy":"product_cat","embeddable":true,"href":"https:\/\/www.eliassen.nl\/de\/wp-json\/wp\/v2\/product_cat?post=17386"},{"taxonomy":"product_tag","embeddable":true,"href":"https:\/\/www.eliassen.nl\/de\/wp-json\/wp\/v2\/product_tag?post=17386"}],"curies":[{"name":"wp","href":"https:\/\/api.w.org\/{rel}","templated":true}]}}