{"id":172898,"date":"2025-02-05T13:44:57","date_gmt":"2025-02-05T12:44:57","guid":{"rendered":"https:\/\/www.eliassen.nl\/?post_type=product&#038;p=172898"},"modified":"2025-02-05T13:45:39","modified_gmt":"2025-02-05T12:45:39","slug":"topf-terrakotta-toskanischen-doppio-bordo-liscio-80cm-kopie","status":"publish","type":"product","link":"https:\/\/www.eliassen.nl\/de\/topf-terrakotta-toskanischen-doppio-bordo-liscio-80cm-kopie\/","title":{"rendered":"Topf terrakotta toskanischen doppio bordo liscio 80cm (kopie)"},"content":{"rendered":"<\/p>\n<p>Dieser dicke und solide handgedrehte Terrakotta-Topf hat einen bekannten klassischen Look. Der Mittelmeerraum bestimmt das Erscheinungsbild dieses runden Topfes. Dieser Terrakotta-Blumentopf wird in der italienischen Region Toskana hergestellt, die f\u00fcr ihre einzigartige gr\u00fcn-braune Tonfarbe und sehr hohe Qualit\u00e4t bekannt ist. Dieser Ton verf\u00e4rbt sich, nachdem er im Ofen war. Dies, zusammen mit der Tatsache, dass diese Topfserie bei einer sehr hohen Temperatur von 1150 Grad C gebacken wird, macht diese T\u00f6pfe geeignet, um viele Jahre im Freien zu bleiben. Die Linie Doppio bordo liscio zeichnet sich durch ihren glatten, doppelten Topfrand aus.<\/p>\n<ul>\n<li>Gr\u00f6\u00dfe: Durchmesser \u00fcber 80 cm, H\u00f6he 64 cm<\/li>\n<li>Gewicht: 63 kg<\/li>\n<li>Manuell hergestellt<\/li>\n<li>Herkunftsland: Italien, Toskana<\/li>\n<li>Garantie: 5 Jahre, vorbehaltlich \u00e4u\u00dferer Besch\u00e4digung und bestimmungsgem\u00e4\u00dfer Verwendung<\/li>\n<li>Auch diese Topfserie ist bei uns live zu sehen<\/li>\n<\/ul>\n<p>Wenn Sie Terrakottat\u00f6pfe besitzen und keine Ahnung haben, wie Sie sie sauber und in einwandfreiem Zustand halten sollen, empfehlen wir Ihnen, unsere hilfreichen Tipps zu befolgen, um eine lange Lebensdauer Ihrer Terrakottat\u00f6pfe zu gew\u00e4hrleisten.<\/p>\n<p>Reinigung mit Wasser, Zitrone und B\u00fcrste:<\/p>\n<p>Wenn Sie am Ende der Saison gr\u00fcne Flecken auf den Terrakottat\u00f6pfen und eine matte Farbe finden, f\u00fcllen Sie einen Eimer mit kaltem Wasser, f\u00fcgen Sie den Saft einer Zitrone hinzu und waschen Sie den befleckten Teil vorsichtig mit dieser L\u00f6sung.<\/p>\n<p>Sie m\u00fcssen die Oberfl\u00e4chen kr\u00e4ftig mit einer steifen Borstenb\u00fcrste reiben.<\/p>\n","protected":false},"excerpt":{"rendered":"<p>Sehr solider Terrakottatopf aus Italien. 80 x 64 cm hoch.<\/p>\n","protected":false},"featured_media":172896,"template":"","meta":{"_acf_changed":false,"_genesis_title":"","_genesis_description":""},"product_brand":[],"product_cat":[722,1430],"product_tag":[],"class_list":{"0":"post-172898","1":"product","2":"type-product","3":"status-publish","4":"has-post-thumbnail","6":"product_cat-blumentoepfe-und-pflanzgefaesse","7":"product_cat-terrakotta-toepfe-und-glaeser","9":"first","10":"outofstock","11":"taxable","12":"shipping-taxable","13":"purchasable","14":"product-type-simple"},"acf":[],"meta_all":{"total_sales":"0","wcml_sync_hash":{"postmeta_fields":"ca2f725ea53539bee62f94e089ddb392"},"attr_label_translations":[],"no_of_subscribers":"1","searchwp_related":"pot terracotta toscaans doppio bordo liscio 80cm liscio 80cm"},"meta_all_flat":{"total_sales":"0","wcml_sync_hash.postmeta_fields":"ca2f725ea53539bee62f94e089ddb392","no_of_subscribers":"1","searchwp_related":"pot terracotta toscaans doppio bordo liscio 80cm liscio 80cm"},"yoast_head":"<!-- This site is optimized with the Yoast SEO Premium plugin v26.2 (Yoast SEO v27.2) - https:\/\/yoast.com\/product\/yoast-seo-premium-wordpress\/ -->\n<title>Topf Terrakotta toskanischer doppio bordo liscio 80cm - Eliassen H&amp;G<\/title>\n<meta name=\"description\" content=\"Entdecken Sie unsere gro\u00dfe Kollektion an gro\u00dfen Blument\u00f6pfen aus verschiedenen Materialien. Kaufen Sie jetzt online mit 5 Jahren Garantie oder besuchen Sie u...\" \/>\n<meta name=\"robots\" content=\"index, follow, max-snippet:-1, max-image-preview:large, max-video-preview:-1\" \/>\n<link rel=\"canonical\" href=\"https:\/\/www.eliassen.nl\/de\/topf-terrakotta-toskanischen-doppio-bordo-liscio-80cm-kopie\/\" \/>\n<meta property=\"og:locale\" content=\"de_DE\" \/>\n<meta property=\"og:type\" content=\"article\" \/>\n<meta property=\"og:title\" content=\"Topf terrakotta toskanischen doppio bordo liscio 80cm (kopie) - Eliassen.nl\" \/>\n<meta property=\"og:description\" content=\"Entdecken Sie unsere gro\u00dfe Kollektion an gro\u00dfen Blument\u00f6pfen aus verschiedenen Materialien. Kaufen Sie jetzt online mit 5 Jahren Garantie oder besuchen Sie u...\" \/>\n<meta property=\"og:url\" content=\"https:\/\/www.eliassen.nl\/de\/topf-terrakotta-toskanischen-doppio-bordo-liscio-80cm-kopie\/\" \/>\n<meta property=\"og:site_name\" content=\"Eliassen.nl\" \/>\n<meta property=\"article:publisher\" content=\"https:\/\/www.facebook.com\/TuincentrumEliassenAmmerzoden\" \/>\n<meta property=\"article:modified_time\" content=\"2025-02-05T12:45:39+00:00\" \/>\n<meta property=\"og:image\" content=\"https:\/\/www.eliassen.nl\/wp-content\/uploads\/2023\/04\/Pot-terracotta-Toscaans-Doppio-bordo-liscio-Eliassen.nl_.jpg\" \/>\n\t<meta property=\"og:image:width\" content=\"667\" \/>\n\t<meta property=\"og:image:height\" content=\"587\" \/>\n\t<meta property=\"og:image:type\" content=\"image\/jpeg\" \/>\n<meta name=\"twitter:card\" content=\"summary_large_image\" \/>\n<script type=\"application\/ld+json\" class=\"yoast-schema-graph\">{\"@context\":\"https:\/\/schema.org\",\"@graph\":[{\"@type\":\"WebPage\",\"@id\":\"https:\/\/www.eliassen.nl\/de\/topf-terrakotta-toskanischen-doppio-bordo-liscio-80cm-kopie\/\",\"url\":\"https:\/\/www.eliassen.nl\/de\/topf-terrakotta-toskanischen-doppio-bordo-liscio-80cm-kopie\/\",\"name\":\"Topf Terrakotta toskanischer doppio bordo liscio 80cm - Eliassen H&G\",\"isPartOf\":{\"@id\":\"https:\/\/www.eliassen.nl\/de\/#website\"},\"primaryImageOfPage\":{\"@id\":\"https:\/\/www.eliassen.nl\/de\/topf-terrakotta-toskanischen-doppio-bordo-liscio-80cm-kopie\/#primaryimage\"},\"image\":{\"@id\":\"https:\/\/www.eliassen.nl\/de\/topf-terrakotta-toskanischen-doppio-bordo-liscio-80cm-kopie\/#primaryimage\"},\"thumbnailUrl\":\"https:\/\/www.eliassen.nl\/wp-content\/uploads\/2023\/04\/Pot-terracotta-Toscaans-Doppio-bordo-liscio-Eliassen.nl_.jpg\",\"datePublished\":\"2025-02-05T12:44:57+00:00\",\"dateModified\":\"2025-02-05T12:45:39+00:00\",\"description\":\"Entdecken Sie unsere gro\u00dfe Kollektion an gro\u00dfen Blument\u00f6pfen aus verschiedenen Materialien. Kaufen Sie jetzt online mit 5 Jahren Garantie oder besuchen Sie u...\",\"breadcrumb\":{\"@id\":\"https:\/\/www.eliassen.nl\/de\/topf-terrakotta-toskanischen-doppio-bordo-liscio-80cm-kopie\/#breadcrumb\"},\"inLanguage\":\"de\",\"potentialAction\":[{\"@type\":\"ReadAction\",\"target\":[\"https:\/\/www.eliassen.nl\/de\/topf-terrakotta-toskanischen-doppio-bordo-liscio-80cm-kopie\/\"]}]},{\"@type\":\"ImageObject\",\"inLanguage\":\"de\",\"@id\":\"https:\/\/www.eliassen.nl\/de\/topf-terrakotta-toskanischen-doppio-bordo-liscio-80cm-kopie\/#primaryimage\",\"url\":\"https:\/\/www.eliassen.nl\/wp-content\/uploads\/2023\/04\/Pot-terracotta-Toscaans-Doppio-bordo-liscio-Eliassen.nl_.jpg\",\"contentUrl\":\"https:\/\/www.eliassen.nl\/wp-content\/uploads\/2023\/04\/Pot-terracotta-Toscaans-Doppio-bordo-liscio-Eliassen.nl_.jpg\",\"width\":667,\"height\":587},{\"@type\":\"BreadcrumbList\",\"@id\":\"https:\/\/www.eliassen.nl\/de\/topf-terrakotta-toskanischen-doppio-bordo-liscio-80cm-kopie\/#breadcrumb\",\"itemListElement\":[{\"@type\":\"ListItem\",\"position\":1,\"name\":\"Home\",\"item\":\"https:\/\/www.eliassen.nl\/de\/\"},{\"@type\":\"ListItem\",\"position\":2,\"name\":\"Shop\",\"item\":\"https:\/\/www.eliassen.nl\/de\/shop\/\"},{\"@type\":\"ListItem\",\"position\":3,\"name\":\"Blument\u00f6pfe und Pflanzgef\u00e4\u00dfe\",\"item\":\"https:\/\/www.eliassen.nl\/de\/blumentoepfe-und-pflanzgefaesse\/\"},{\"@type\":\"ListItem\",\"position\":4,\"name\":\"Terrakotta-T\u00f6pfe und -Gl\u00e4ser\",\"item\":\"https:\/\/www.eliassen.nl\/de\/blumentoepfe-und-pflanzgefaesse\/terrakotta-toepfe-und-glaeser\/\"},{\"@type\":\"ListItem\",\"position\":5,\"name\":\"Topf terrakotta toskanischen doppio bordo liscio 80cm (kopie)\"}]},{\"@type\":\"WebSite\",\"@id\":\"https:\/\/www.eliassen.nl\/de\/#website\",\"url\":\"https:\/\/www.eliassen.nl\/de\/\",\"name\":\"Eliassen Home & Garden Pleasure\",\"description\":\"\",\"publisher\":{\"@id\":\"https:\/\/www.eliassen.nl\/de\/#organization\"},\"alternateName\":\"Eliassen.nl\",\"potentialAction\":[{\"@type\":\"SearchAction\",\"target\":{\"@type\":\"EntryPoint\",\"urlTemplate\":\"https:\/\/www.eliassen.nl\/de\/?s={search_term_string}\"},\"query-input\":{\"@type\":\"PropertyValueSpecification\",\"valueRequired\":true,\"valueName\":\"search_term_string\"}}],\"inLanguage\":\"de\"},{\"@type\":[\"Organization\",\"Place\"],\"@id\":\"https:\/\/www.eliassen.nl\/de\/#organization\",\"name\":\"Eliassen Home & Garden Pleasure\",\"url\":\"https:\/\/www.eliassen.nl\/de\/\",\"logo\":{\"@id\":\"https:\/\/www.eliassen.nl\/de\/topf-terrakotta-toskanischen-doppio-bordo-liscio-80cm-kopie\/#local-main-organization-logo\"},\"image\":{\"@id\":\"https:\/\/www.eliassen.nl\/de\/topf-terrakotta-toskanischen-doppio-bordo-liscio-80cm-kopie\/#local-main-organization-logo\"},\"sameAs\":[\"https:\/\/www.facebook.com\/TuincentrumEliassenAmmerzoden\",\"https:\/\/www.instagram.com\/eliassenhomeandgarden\/\",\"https:\/\/nl.pinterest.com\/eliassenhomeandgarden\/\",\"https:\/\/www.youtube.com\/@eliassenhomegardenpleasure4558\"],\"telephone\":[],\"openingHoursSpecification\":[{\"@type\":\"OpeningHoursSpecification\",\"dayOfWeek\":[\"Monday\",\"Tuesday\",\"Wednesday\",\"Thursday\",\"Friday\",\"Saturday\",\"Sunday\"],\"opens\":\"09:00\",\"closes\":\"17:00\"}]},{\"@type\":\"ImageObject\",\"inLanguage\":\"de\",\"@id\":\"https:\/\/www.eliassen.nl\/de\/topf-terrakotta-toskanischen-doppio-bordo-liscio-80cm-kopie\/#local-main-organization-logo\",\"url\":\"https:\/\/www.eliassen.nl\/wp-content\/uploads\/2024\/01\/logo_4nd.jpg\",\"contentUrl\":\"https:\/\/www.eliassen.nl\/wp-content\/uploads\/2024\/01\/logo_4nd.jpg\",\"width\":500,\"height\":500,\"caption\":\"Eliassen Home & Garden Pleasure\"}]}<\/script>\n<meta property=\"product:price:amount\" content=\"289.00\" \/>\n<meta property=\"product:price:currency\" content=\"EUR\" \/>\n<meta property=\"og:availability\" content=\"out of stock\" \/>\n<meta property=\"product:availability\" content=\"out of stock\" \/>\n<meta property=\"product:retailer_item_id\" content=\"298800-1\" \/>\n<meta property=\"product:condition\" content=\"new\" \/>\n<!-- \/ Yoast SEO Premium plugin. -->","yoast_head_json":{"title":"Topf Terrakotta toskanischer doppio bordo liscio 80cm - Eliassen H&G","description":"Entdecken Sie unsere gro\u00dfe Kollektion an gro\u00dfen Blument\u00f6pfen aus verschiedenen Materialien. Kaufen Sie jetzt online mit 5 Jahren Garantie oder besuchen Sie u...","robots":{"index":"index","follow":"follow","max-snippet":"max-snippet:-1","max-image-preview":"max-image-preview:large","max-video-preview":"max-video-preview:-1"},"canonical":"https:\/\/www.eliassen.nl\/de\/topf-terrakotta-toskanischen-doppio-bordo-liscio-80cm-kopie\/","og_locale":"de_DE","og_type":"article","og_title":"Topf terrakotta toskanischen doppio bordo liscio 80cm (kopie) - Eliassen.nl","og_description":"Entdecken Sie unsere gro\u00dfe Kollektion an gro\u00dfen Blument\u00f6pfen aus verschiedenen Materialien. Kaufen Sie jetzt online mit 5 Jahren Garantie oder besuchen Sie u...","og_url":"https:\/\/www.eliassen.nl\/de\/topf-terrakotta-toskanischen-doppio-bordo-liscio-80cm-kopie\/","og_site_name":"Eliassen.nl","article_publisher":"https:\/\/www.facebook.com\/TuincentrumEliassenAmmerzoden","article_modified_time":"2025-02-05T12:45:39+00:00","og_image":[{"width":667,"height":587,"url":"https:\/\/www.eliassen.nl\/wp-content\/uploads\/2023\/04\/Pot-terracotta-Toscaans-Doppio-bordo-liscio-Eliassen.nl_.jpg","type":"image\/jpeg"}],"twitter_card":"summary_large_image","schema":{"@context":"https:\/\/schema.org","@graph":[{"@type":"WebPage","@id":"https:\/\/www.eliassen.nl\/de\/topf-terrakotta-toskanischen-doppio-bordo-liscio-80cm-kopie\/","url":"https:\/\/www.eliassen.nl\/de\/topf-terrakotta-toskanischen-doppio-bordo-liscio-80cm-kopie\/","name":"Topf Terrakotta toskanischer doppio bordo liscio 80cm - Eliassen H&G","isPartOf":{"@id":"https:\/\/www.eliassen.nl\/de\/#website"},"primaryImageOfPage":{"@id":"https:\/\/www.eliassen.nl\/de\/topf-terrakotta-toskanischen-doppio-bordo-liscio-80cm-kopie\/#primaryimage"},"image":{"@id":"https:\/\/www.eliassen.nl\/de\/topf-terrakotta-toskanischen-doppio-bordo-liscio-80cm-kopie\/#primaryimage"},"thumbnailUrl":"https:\/\/www.eliassen.nl\/wp-content\/uploads\/2023\/04\/Pot-terracotta-Toscaans-Doppio-bordo-liscio-Eliassen.nl_.jpg","datePublished":"2025-02-05T12:44:57+00:00","dateModified":"2025-02-05T12:45:39+00:00","description":"Entdecken Sie unsere gro\u00dfe Kollektion an gro\u00dfen Blument\u00f6pfen aus verschiedenen Materialien. Kaufen Sie jetzt online mit 5 Jahren Garantie oder besuchen Sie u...","breadcrumb":{"@id":"https:\/\/www.eliassen.nl\/de\/topf-terrakotta-toskanischen-doppio-bordo-liscio-80cm-kopie\/#breadcrumb"},"inLanguage":"de","potentialAction":[{"@type":"ReadAction","target":["https:\/\/www.eliassen.nl\/de\/topf-terrakotta-toskanischen-doppio-bordo-liscio-80cm-kopie\/"]}]},{"@type":"ImageObject","inLanguage":"de","@id":"https:\/\/www.eliassen.nl\/de\/topf-terrakotta-toskanischen-doppio-bordo-liscio-80cm-kopie\/#primaryimage","url":"https:\/\/www.eliassen.nl\/wp-content\/uploads\/2023\/04\/Pot-terracotta-Toscaans-Doppio-bordo-liscio-Eliassen.nl_.jpg","contentUrl":"https:\/\/www.eliassen.nl\/wp-content\/uploads\/2023\/04\/Pot-terracotta-Toscaans-Doppio-bordo-liscio-Eliassen.nl_.jpg","width":667,"height":587},{"@type":"BreadcrumbList","@id":"https:\/\/www.eliassen.nl\/de\/topf-terrakotta-toskanischen-doppio-bordo-liscio-80cm-kopie\/#breadcrumb","itemListElement":[{"@type":"ListItem","position":1,"name":"Home","item":"https:\/\/www.eliassen.nl\/de\/"},{"@type":"ListItem","position":2,"name":"Shop","item":"https:\/\/www.eliassen.nl\/de\/shop\/"},{"@type":"ListItem","position":3,"name":"Blument\u00f6pfe und Pflanzgef\u00e4\u00dfe","item":"https:\/\/www.eliassen.nl\/de\/blumentoepfe-und-pflanzgefaesse\/"},{"@type":"ListItem","position":4,"name":"Terrakotta-T\u00f6pfe und -Gl\u00e4ser","item":"https:\/\/www.eliassen.nl\/de\/blumentoepfe-und-pflanzgefaesse\/terrakotta-toepfe-und-glaeser\/"},{"@type":"ListItem","position":5,"name":"Topf terrakotta toskanischen doppio bordo liscio 80cm (kopie)"}]},{"@type":"WebSite","@id":"https:\/\/www.eliassen.nl\/de\/#website","url":"https:\/\/www.eliassen.nl\/de\/","name":"Eliassen Home & Garden Pleasure","description":"","publisher":{"@id":"https:\/\/www.eliassen.nl\/de\/#organization"},"alternateName":"Eliassen.nl","potentialAction":[{"@type":"SearchAction","target":{"@type":"EntryPoint","urlTemplate":"https:\/\/www.eliassen.nl\/de\/?s={search_term_string}"},"query-input":{"@type":"PropertyValueSpecification","valueRequired":true,"valueName":"search_term_string"}}],"inLanguage":"de"},{"@type":["Organization","Place"],"@id":"https:\/\/www.eliassen.nl\/de\/#organization","name":"Eliassen Home & Garden Pleasure","url":"https:\/\/www.eliassen.nl\/de\/","logo":{"@id":"https:\/\/www.eliassen.nl\/de\/topf-terrakotta-toskanischen-doppio-bordo-liscio-80cm-kopie\/#local-main-organization-logo"},"image":{"@id":"https:\/\/www.eliassen.nl\/de\/topf-terrakotta-toskanischen-doppio-bordo-liscio-80cm-kopie\/#local-main-organization-logo"},"sameAs":["https:\/\/www.facebook.com\/TuincentrumEliassenAmmerzoden","https:\/\/www.instagram.com\/eliassenhomeandgarden\/","https:\/\/nl.pinterest.com\/eliassenhomeandgarden\/","https:\/\/www.youtube.com\/@eliassenhomegardenpleasure4558"],"telephone":[],"openingHoursSpecification":[{"@type":"OpeningHoursSpecification","dayOfWeek":["Monday","Tuesday","Wednesday","Thursday","Friday","Saturday","Sunday"],"opens":"09:00","closes":"17:00"}]},{"@type":"ImageObject","inLanguage":"de","@id":"https:\/\/www.eliassen.nl\/de\/topf-terrakotta-toskanischen-doppio-bordo-liscio-80cm-kopie\/#local-main-organization-logo","url":"https:\/\/www.eliassen.nl\/wp-content\/uploads\/2024\/01\/logo_4nd.jpg","contentUrl":"https:\/\/www.eliassen.nl\/wp-content\/uploads\/2024\/01\/logo_4nd.jpg","width":500,"height":500,"caption":"Eliassen Home & Garden Pleasure"}]},"product_price_amount":"289.00","product_price_currency":"EUR","og_availability":"out of stock","product_availability":"out of stock","product_retailer_item_id":"298800-1","product_condition":"new"},"df_price":289,"df_sale_price":"","df_regular_price":289,"df_image_link":"https:\/\/www.eliassen.nl\/wp-content\/uploads\/2023\/04\/Pot-terracotta-Toscaans-Doppio-bordo-liscio-Eliassen.nl_-300x264.jpg","image":"https:\/\/www.eliassen.nl\/wp-content\/uploads\/2023\/04\/Pot-terracotta-Toscaans-Doppio-bordo-liscio-Eliassen.nl_-150x150.jpg","price_search":"<span class=\"woocommerce-Price-amount amount\"><bdi><span class=\"woocommerce-Price-currencySymbol\">&euro;<\/span>&nbsp;289,00<\/bdi><\/span>","category":"Blument\u00f6pfe und Pflanzgef\u00e4\u00dfe","global_unique_id":"","_links":{"self":[{"href":"https:\/\/www.eliassen.nl\/de\/wp-json\/wp\/v2\/product\/172898","targetHints":{"allow":["GET"]}}],"collection":[{"href":"https:\/\/www.eliassen.nl\/de\/wp-json\/wp\/v2\/product"}],"about":[{"href":"https:\/\/www.eliassen.nl\/de\/wp-json\/wp\/v2\/types\/product"}],"wp:featuredmedia":[{"embeddable":true,"href":"https:\/\/www.eliassen.nl\/de\/wp-json\/wp\/v2\/media\/172896"}],"wp:attachment":[{"href":"https:\/\/www.eliassen.nl\/de\/wp-json\/wp\/v2\/media?parent=172898"}],"wp:term":[{"taxonomy":"product_brand","embeddable":true,"href":"https:\/\/www.eliassen.nl\/de\/wp-json\/wp\/v2\/product_brand?post=172898"},{"taxonomy":"product_cat","embeddable":true,"href":"https:\/\/www.eliassen.nl\/de\/wp-json\/wp\/v2\/product_cat?post=172898"},{"taxonomy":"product_tag","embeddable":true,"href":"https:\/\/www.eliassen.nl\/de\/wp-json\/wp\/v2\/product_tag?post=172898"}],"curies":[{"name":"wp","href":"https:\/\/api.w.org\/{rel}","templated":true}]}}