{"id":17215,"date":"2019-10-28T18:45:06","date_gmt":"2019-10-28T18:45:06","guid":{"rendered":"https:\/\/www.eliassen.nl\/?product=malerei-metall-3d-80x120cm-hindernis"},"modified":"2026-01-07T13:21:37","modified_gmt":"2026-01-07T12:21:37","slug":"malerei-metall-3d-80x120cm-hindernis","status":"publish","type":"product","link":"https:\/\/www.eliassen.nl\/de\/malerei-metall-3d-80x120cm-hindernis\/","title":{"rendered":"Gem\u00e4lde Metall 3d 80x120cm Hindernis"},"content":{"rendered":"<p>Ihr Haus, Ihr Gesch\u00e4ft oder Ihre Veranda (unter einem Vordach) wird mit dieser Wanddekoration wundersch\u00f6n aussehen. Dieses Modellgem\u00e4lde, das ein springendes Pferd darstellt, ist vollst\u00e4ndig von Hand gefertigt. Alles an dieser Wanddekoration ist aus Metall gefertigt, sowohl der Hintergrund als auch die Figur. Da es handbemalt und hergestellt ist, kann die Farbe leicht vom Foto abweichen, sie sind nie genau gleich. Bei diesen leicht rauen Gem\u00e4lden kann es immer zu weiteren geringf\u00fcgigen Abweichungen kommen, manchmal wird dies sogar absichtlich gemacht, um die raue Atmosph\u00e4re zu erreichen.<br \/>\n<strong>Wir haben auch fast die gesamte Kollektion dieser Serie in unserem Gesch\u00e4ft, was in den Niederlanden einzigartig ist.<\/strong><br \/>\n<strong>Nirgendwo finden Sie eine so gro\u00dfe Sammlung. Sie sind herzlich willkommen.<\/strong><\/p>\n<ul>\n<li>  Gr\u00f6\u00dfe 80 x 120 cm.<\/li>\n<li>  Einfach mit 2 Schrauben aufzuh\u00e4ngen.<\/li>\n<li>  Schnelle Lieferung.<\/li>\n<li>  Die gr\u00f6\u00dfte Sammlung in den Benelux-L\u00e4ndern, die Sie auch live sehen k\u00f6nnen.<\/li>\n<\/ul>\n<div><\/div>\n","protected":false},"excerpt":{"rendered":"<p>Ihr Haus, Ihr Gesch\u00e4ft oder Ihre Veranda (unter einem Vordach) wird mit dieser Wanddekoration wundersch\u00f6n aussehen. Dieses Modellgem\u00e4lde, das ein springendes Pferd darstellt, ist vollst\u00e4ndig von Hand gefertigt. Alles an dieser Wanddekoration ist aus Metall gefertigt, sowohl der Hintergrund als auch die Figur. Da es handbemalt und hergestellt ist, kann die Farbe leicht vom Foto &hellip;<\/p>\n","protected":false},"featured_media":17212,"template":"","meta":{"_acf_changed":false,"_genesis_title":"","_genesis_description":""},"product_brand":[7505],"product_cat":[419,434,410],"product_tag":[],"class_list":{"0":"post-17215","1":"product","2":"type-product","3":"status-publish","4":"has-post-thumbnail","6":"product_brand-sonstige","7":"product_cat-3d-gemaelde-aus-metall","8":"product_cat-3d-gemaelde-aus-metall-im-format-80x120cm","9":"product_cat-gemaelde","11":"first","12":"instock","13":"sale","14":"taxable","15":"shipping-taxable","16":"purchasable","17":"product-type-simple"},"acf":[],"meta_all":{"total_sales":"0","wcml_sync_hash":{"postmeta_fields":"327bef360acf23190e4b038ac3c38d65"},"attr_label_translations":[],"cor_restricted_countries":[]},"meta_all_flat":{"total_sales":"0","wcml_sync_hash.postmeta_fields":"327bef360acf23190e4b038ac3c38d65"},"yoast_head":"<!-- This site is optimized with the Yoast SEO Premium plugin v26.2 (Yoast SEO v27.2) - https:\/\/yoast.com\/product\/yoast-seo-premium-wordpress\/ -->\n<title>Gem\u00e4lde Metall 3d 80x120cm Hindernis | Eliassen<\/title>\n<meta name=\"description\" content=\"Kaufen Sie bei Eliassen das Gem\u00e4lde Metall 3d 80x120cm Hindernis online oder sehen Sie es sich live im Ausstellungsraum an. Bestellen Sie direkt online.\" \/>\n<meta name=\"robots\" content=\"index, follow, max-snippet:-1, max-image-preview:large, max-video-preview:-1\" \/>\n<link rel=\"canonical\" href=\"https:\/\/www.eliassen.nl\/de\/malerei-metall-3d-80x120cm-hindernis\/\" \/>\n<meta property=\"og:locale\" content=\"de_DE\" \/>\n<meta property=\"og:type\" content=\"article\" \/>\n<meta property=\"og:title\" content=\"Sonstige Gem\u00e4lde Metall 3d 80x120cm Hindernis - Eliassen.nl\" \/>\n<meta property=\"og:description\" content=\"Kaufen Sie bei Eliassen das Gem\u00e4lde Metall 3d 80x120cm Hindernis online oder sehen Sie es sich live im Ausstellungsraum an. Bestellen Sie direkt online.\" \/>\n<meta property=\"og:url\" content=\"https:\/\/www.eliassen.nl\/de\/malerei-metall-3d-80x120cm-hindernis\/\" \/>\n<meta property=\"og:site_name\" content=\"Eliassen.nl\" \/>\n<meta property=\"article:publisher\" content=\"https:\/\/www.facebook.com\/TuincentrumEliassenAmmerzoden\" \/>\n<meta property=\"article:modified_time\" content=\"2026-01-07T12:21:37+00:00\" \/>\n<meta property=\"og:image\" content=\"https:\/\/www.eliassen.nl\/wp-content\/uploads\/2024\/01\/61280x120cm.jpg\" \/>\n\t<meta property=\"og:image:width\" content=\"1024\" \/>\n\t<meta property=\"og:image:height\" content=\"667\" \/>\n\t<meta property=\"og:image:type\" content=\"image\/jpeg\" \/>\n<meta name=\"twitter:card\" content=\"summary_large_image\" \/>\n<script type=\"application\/ld+json\" class=\"yoast-schema-graph\">{\"@context\":\"https:\/\/schema.org\",\"@graph\":[{\"@type\":\"WebPage\",\"@id\":\"https:\/\/www.eliassen.nl\/de\/malerei-metall-3d-80x120cm-hindernis\/\",\"url\":\"https:\/\/www.eliassen.nl\/de\/malerei-metall-3d-80x120cm-hindernis\/\",\"name\":\"Gem\u00e4lde Metall 3d 80x120cm Hindernis | Eliassen\",\"isPartOf\":{\"@id\":\"https:\/\/www.eliassen.nl\/de\/#website\"},\"primaryImageOfPage\":{\"@id\":\"https:\/\/www.eliassen.nl\/de\/malerei-metall-3d-80x120cm-hindernis\/#primaryimage\"},\"image\":{\"@id\":\"https:\/\/www.eliassen.nl\/de\/malerei-metall-3d-80x120cm-hindernis\/#primaryimage\"},\"thumbnailUrl\":\"https:\/\/www.eliassen.nl\/wp-content\/uploads\/2024\/01\/61280x120cm.jpg\",\"datePublished\":\"2019-10-28T18:45:06+00:00\",\"dateModified\":\"2026-01-07T12:21:37+00:00\",\"description\":\"Kaufen Sie bei Eliassen das Gem\u00e4lde Metall 3d 80x120cm Hindernis online oder sehen Sie es sich live im Ausstellungsraum an. Bestellen Sie direkt online.\",\"breadcrumb\":{\"@id\":\"https:\/\/www.eliassen.nl\/de\/malerei-metall-3d-80x120cm-hindernis\/#breadcrumb\"},\"inLanguage\":\"de\",\"potentialAction\":[{\"@type\":\"ReadAction\",\"target\":[\"https:\/\/www.eliassen.nl\/de\/malerei-metall-3d-80x120cm-hindernis\/\"]}]},{\"@type\":\"ImageObject\",\"inLanguage\":\"de\",\"@id\":\"https:\/\/www.eliassen.nl\/de\/malerei-metall-3d-80x120cm-hindernis\/#primaryimage\",\"url\":\"https:\/\/www.eliassen.nl\/wp-content\/uploads\/2024\/01\/61280x120cm.jpg\",\"contentUrl\":\"https:\/\/www.eliassen.nl\/wp-content\/uploads\/2024\/01\/61280x120cm.jpg\",\"width\":1024,\"height\":667,\"caption\":\"612-80x120-cm\"},{\"@type\":\"BreadcrumbList\",\"@id\":\"https:\/\/www.eliassen.nl\/de\/malerei-metall-3d-80x120cm-hindernis\/#breadcrumb\",\"itemListElement\":[{\"@type\":\"ListItem\",\"position\":1,\"name\":\"Home\",\"item\":\"https:\/\/www.eliassen.nl\/de\/\"},{\"@type\":\"ListItem\",\"position\":2,\"name\":\"Shop\",\"item\":\"https:\/\/www.eliassen.nl\/de\/shop\/\"},{\"@type\":\"ListItem\",\"position\":3,\"name\":\"Gem\u00e4lde\",\"item\":\"https:\/\/www.eliassen.nl\/de\/gemaelde\/\"},{\"@type\":\"ListItem\",\"position\":4,\"name\":\"3D Gem\u00e4lde aus Metall\",\"item\":\"https:\/\/www.eliassen.nl\/de\/gemaelde\/3d-gemaelde-aus-metall\/\"},{\"@type\":\"ListItem\",\"position\":5,\"name\":\"3D Gem\u00e4lde aus Metall 80x120 cm\",\"item\":\"https:\/\/www.eliassen.nl\/de\/gemaelde\/3d-gemaelde-aus-metall\/3d-gemaelde-aus-metall-im-format-80x120cm\/\"},{\"@type\":\"ListItem\",\"position\":6,\"name\":\"Gem\u00e4lde Metall 3d 80x120cm Hindernis\"}]},{\"@type\":\"WebSite\",\"@id\":\"https:\/\/www.eliassen.nl\/de\/#website\",\"url\":\"https:\/\/www.eliassen.nl\/de\/\",\"name\":\"Eliassen Home & Garden Pleasure\",\"description\":\"\",\"publisher\":{\"@id\":\"https:\/\/www.eliassen.nl\/de\/#organization\"},\"alternateName\":\"Eliassen.nl\",\"potentialAction\":[{\"@type\":\"SearchAction\",\"target\":{\"@type\":\"EntryPoint\",\"urlTemplate\":\"https:\/\/www.eliassen.nl\/de\/?s={search_term_string}\"},\"query-input\":{\"@type\":\"PropertyValueSpecification\",\"valueRequired\":true,\"valueName\":\"search_term_string\"}}],\"inLanguage\":\"de\"},{\"@type\":[\"Organization\",\"Place\"],\"@id\":\"https:\/\/www.eliassen.nl\/de\/#organization\",\"name\":\"Eliassen Home & Garden Pleasure\",\"url\":\"https:\/\/www.eliassen.nl\/de\/\",\"logo\":{\"@id\":\"https:\/\/www.eliassen.nl\/de\/malerei-metall-3d-80x120cm-hindernis\/#local-main-organization-logo\"},\"image\":{\"@id\":\"https:\/\/www.eliassen.nl\/de\/malerei-metall-3d-80x120cm-hindernis\/#local-main-organization-logo\"},\"sameAs\":[\"https:\/\/www.facebook.com\/TuincentrumEliassenAmmerzoden\",\"https:\/\/www.instagram.com\/eliassenhomeandgarden\/\",\"https:\/\/nl.pinterest.com\/eliassenhomeandgarden\/\",\"https:\/\/www.youtube.com\/@eliassenhomegardenpleasure4558\"],\"telephone\":[],\"openingHoursSpecification\":[{\"@type\":\"OpeningHoursSpecification\",\"dayOfWeek\":[\"Monday\",\"Tuesday\",\"Wednesday\",\"Thursday\",\"Friday\",\"Saturday\",\"Sunday\"],\"opens\":\"09:00\",\"closes\":\"17:00\"}]},{\"@type\":\"ImageObject\",\"inLanguage\":\"de\",\"@id\":\"https:\/\/www.eliassen.nl\/de\/malerei-metall-3d-80x120cm-hindernis\/#local-main-organization-logo\",\"url\":\"https:\/\/www.eliassen.nl\/wp-content\/uploads\/2024\/01\/logo_4nd.jpg\",\"contentUrl\":\"https:\/\/www.eliassen.nl\/wp-content\/uploads\/2024\/01\/logo_4nd.jpg\",\"width\":500,\"height\":500,\"caption\":\"Eliassen Home & Garden Pleasure\"}]}<\/script>\n<meta property=\"product:price:amount\" content=\"125.00\" \/>\n<meta property=\"product:price:currency\" content=\"EUR\" \/>\n<meta property=\"og:availability\" content=\"instock\" \/>\n<meta property=\"product:availability\" content=\"instock\" \/>\n<meta property=\"product:retailer_item_id\" content=\"612 geu\" \/>\n<meta property=\"product:condition\" content=\"new\" \/>\n<!-- \/ Yoast SEO Premium plugin. -->","yoast_head_json":{"title":"Gem\u00e4lde Metall 3d 80x120cm Hindernis | Eliassen","description":"Kaufen Sie bei Eliassen das Gem\u00e4lde Metall 3d 80x120cm Hindernis online oder sehen Sie es sich live im Ausstellungsraum an. Bestellen Sie direkt online.","robots":{"index":"index","follow":"follow","max-snippet":"max-snippet:-1","max-image-preview":"max-image-preview:large","max-video-preview":"max-video-preview:-1"},"canonical":"https:\/\/www.eliassen.nl\/de\/malerei-metall-3d-80x120cm-hindernis\/","og_locale":"de_DE","og_type":"article","og_title":"Sonstige Gem\u00e4lde Metall 3d 80x120cm Hindernis - Eliassen.nl","og_description":"Kaufen Sie bei Eliassen das Gem\u00e4lde Metall 3d 80x120cm Hindernis online oder sehen Sie es sich live im Ausstellungsraum an. Bestellen Sie direkt online.","og_url":"https:\/\/www.eliassen.nl\/de\/malerei-metall-3d-80x120cm-hindernis\/","og_site_name":"Eliassen.nl","article_publisher":"https:\/\/www.facebook.com\/TuincentrumEliassenAmmerzoden","article_modified_time":"2026-01-07T12:21:37+00:00","og_image":[{"width":1024,"height":667,"url":"https:\/\/www.eliassen.nl\/wp-content\/uploads\/2024\/01\/61280x120cm.jpg","type":"image\/jpeg"}],"twitter_card":"summary_large_image","schema":{"@context":"https:\/\/schema.org","@graph":[{"@type":"WebPage","@id":"https:\/\/www.eliassen.nl\/de\/malerei-metall-3d-80x120cm-hindernis\/","url":"https:\/\/www.eliassen.nl\/de\/malerei-metall-3d-80x120cm-hindernis\/","name":"Gem\u00e4lde Metall 3d 80x120cm Hindernis | Eliassen","isPartOf":{"@id":"https:\/\/www.eliassen.nl\/de\/#website"},"primaryImageOfPage":{"@id":"https:\/\/www.eliassen.nl\/de\/malerei-metall-3d-80x120cm-hindernis\/#primaryimage"},"image":{"@id":"https:\/\/www.eliassen.nl\/de\/malerei-metall-3d-80x120cm-hindernis\/#primaryimage"},"thumbnailUrl":"https:\/\/www.eliassen.nl\/wp-content\/uploads\/2024\/01\/61280x120cm.jpg","datePublished":"2019-10-28T18:45:06+00:00","dateModified":"2026-01-07T12:21:37+00:00","description":"Kaufen Sie bei Eliassen das Gem\u00e4lde Metall 3d 80x120cm Hindernis online oder sehen Sie es sich live im Ausstellungsraum an. Bestellen Sie direkt online.","breadcrumb":{"@id":"https:\/\/www.eliassen.nl\/de\/malerei-metall-3d-80x120cm-hindernis\/#breadcrumb"},"inLanguage":"de","potentialAction":[{"@type":"ReadAction","target":["https:\/\/www.eliassen.nl\/de\/malerei-metall-3d-80x120cm-hindernis\/"]}]},{"@type":"ImageObject","inLanguage":"de","@id":"https:\/\/www.eliassen.nl\/de\/malerei-metall-3d-80x120cm-hindernis\/#primaryimage","url":"https:\/\/www.eliassen.nl\/wp-content\/uploads\/2024\/01\/61280x120cm.jpg","contentUrl":"https:\/\/www.eliassen.nl\/wp-content\/uploads\/2024\/01\/61280x120cm.jpg","width":1024,"height":667,"caption":"612-80x120-cm"},{"@type":"BreadcrumbList","@id":"https:\/\/www.eliassen.nl\/de\/malerei-metall-3d-80x120cm-hindernis\/#breadcrumb","itemListElement":[{"@type":"ListItem","position":1,"name":"Home","item":"https:\/\/www.eliassen.nl\/de\/"},{"@type":"ListItem","position":2,"name":"Shop","item":"https:\/\/www.eliassen.nl\/de\/shop\/"},{"@type":"ListItem","position":3,"name":"Gem\u00e4lde","item":"https:\/\/www.eliassen.nl\/de\/gemaelde\/"},{"@type":"ListItem","position":4,"name":"3D Gem\u00e4lde aus Metall","item":"https:\/\/www.eliassen.nl\/de\/gemaelde\/3d-gemaelde-aus-metall\/"},{"@type":"ListItem","position":5,"name":"3D Gem\u00e4lde aus Metall 80x120 cm","item":"https:\/\/www.eliassen.nl\/de\/gemaelde\/3d-gemaelde-aus-metall\/3d-gemaelde-aus-metall-im-format-80x120cm\/"},{"@type":"ListItem","position":6,"name":"Gem\u00e4lde Metall 3d 80x120cm Hindernis"}]},{"@type":"WebSite","@id":"https:\/\/www.eliassen.nl\/de\/#website","url":"https:\/\/www.eliassen.nl\/de\/","name":"Eliassen Home & Garden Pleasure","description":"","publisher":{"@id":"https:\/\/www.eliassen.nl\/de\/#organization"},"alternateName":"Eliassen.nl","potentialAction":[{"@type":"SearchAction","target":{"@type":"EntryPoint","urlTemplate":"https:\/\/www.eliassen.nl\/de\/?s={search_term_string}"},"query-input":{"@type":"PropertyValueSpecification","valueRequired":true,"valueName":"search_term_string"}}],"inLanguage":"de"},{"@type":["Organization","Place"],"@id":"https:\/\/www.eliassen.nl\/de\/#organization","name":"Eliassen Home & Garden Pleasure","url":"https:\/\/www.eliassen.nl\/de\/","logo":{"@id":"https:\/\/www.eliassen.nl\/de\/malerei-metall-3d-80x120cm-hindernis\/#local-main-organization-logo"},"image":{"@id":"https:\/\/www.eliassen.nl\/de\/malerei-metall-3d-80x120cm-hindernis\/#local-main-organization-logo"},"sameAs":["https:\/\/www.facebook.com\/TuincentrumEliassenAmmerzoden","https:\/\/www.instagram.com\/eliassenhomeandgarden\/","https:\/\/nl.pinterest.com\/eliassenhomeandgarden\/","https:\/\/www.youtube.com\/@eliassenhomegardenpleasure4558"],"telephone":[],"openingHoursSpecification":[{"@type":"OpeningHoursSpecification","dayOfWeek":["Monday","Tuesday","Wednesday","Thursday","Friday","Saturday","Sunday"],"opens":"09:00","closes":"17:00"}]},{"@type":"ImageObject","inLanguage":"de","@id":"https:\/\/www.eliassen.nl\/de\/malerei-metall-3d-80x120cm-hindernis\/#local-main-organization-logo","url":"https:\/\/www.eliassen.nl\/wp-content\/uploads\/2024\/01\/logo_4nd.jpg","contentUrl":"https:\/\/www.eliassen.nl\/wp-content\/uploads\/2024\/01\/logo_4nd.jpg","width":500,"height":500,"caption":"Eliassen Home & Garden Pleasure"}]},"product_price_amount":"125.00","product_price_currency":"EUR","og_availability":"instock","product_availability":"instock","product_retailer_item_id":"612 geu","product_condition":"new"},"df_price":125,"df_sale_price":125,"df_regular_price":209,"df_image_link":"https:\/\/www.eliassen.nl\/wp-content\/uploads\/2024\/01\/61280x120cm.jpg","image":"https:\/\/www.eliassen.nl\/wp-content\/uploads\/2024\/01\/61280x120cm.jpg","price_search":"<span class=\"woocommerce-Price-amount amount\"><bdi><span class=\"woocommerce-Price-currencySymbol\">&euro;<\/span>&nbsp;125,00<\/bdi><\/span>","category":"3D Gem\u00e4lde aus Metall","global_unique_id":"7438235652634","_links":{"self":[{"href":"https:\/\/www.eliassen.nl\/de\/wp-json\/wp\/v2\/product\/17215","targetHints":{"allow":["GET"]}}],"collection":[{"href":"https:\/\/www.eliassen.nl\/de\/wp-json\/wp\/v2\/product"}],"about":[{"href":"https:\/\/www.eliassen.nl\/de\/wp-json\/wp\/v2\/types\/product"}],"wp:featuredmedia":[{"embeddable":true,"href":"https:\/\/www.eliassen.nl\/de\/wp-json\/wp\/v2\/media\/17212"}],"wp:attachment":[{"href":"https:\/\/www.eliassen.nl\/de\/wp-json\/wp\/v2\/media?parent=17215"}],"wp:term":[{"taxonomy":"product_brand","embeddable":true,"href":"https:\/\/www.eliassen.nl\/de\/wp-json\/wp\/v2\/product_brand?post=17215"},{"taxonomy":"product_cat","embeddable":true,"href":"https:\/\/www.eliassen.nl\/de\/wp-json\/wp\/v2\/product_cat?post=17215"},{"taxonomy":"product_tag","embeddable":true,"href":"https:\/\/www.eliassen.nl\/de\/wp-json\/wp\/v2\/product_tag?post=17215"}],"curies":[{"name":"wp","href":"https:\/\/api.w.org\/{rel}","templated":true}]}}