{"id":169852,"date":"2025-01-08T16:34:41","date_gmt":"2025-01-08T15:34:41","guid":{"rendered":"https:\/\/www.eliassen.nl\/?post_type=product&#038;p=169852"},"modified":"2026-02-02T16:49:30","modified_gmt":"2026-02-02T15:49:30","slug":"metall-3d-malerei-geige-60x60cm","status":"publish","type":"product","link":"https:\/\/www.eliassen.nl\/de\/metall-3d-malerei-geige-60x60cm\/","title":{"rendered":"Metall 3d Malerei Geige 60x60cm"},"content":{"rendered":"<p data-path-to-node=\"2\">Verleihen Sie Ihrem Interieur eine musikalische und k\u00fcnstlerische Note mit diesem sch\u00f6nen 3D-Metallbild einer Geige mit Bogen. Mit einer kompakten quadratischen Gr\u00f6\u00dfe von 60 x 60 cm ist dieses Kunstwerk ein idealer Blickfang f\u00fcr kleinere W\u00e4nde oder als Teil einer gr\u00f6\u00dferen Komposition. Das Objekt ist vollst\u00e4ndig von Hand aus Metall gefertigt. Sowohl die Geige als auch der Hintergrund sind aus Eisen gefertigt, was f\u00fcr einen robusten und charaktervollen Look sorgt.<\/p>\n<p data-path-to-node=\"3\">Das Besondere an diesem Wandobjekt ist sein ausgepr\u00e4gter 3D-Effekt: Die verschiedenen Teile des Instruments sind manuell zusammengeschwei\u00dft und vor dem Hintergrund platziert. Dadurch entsteht eine faszinierende Tiefe, die die Geige wirklich zum Leben erweckt. Da jedes St\u00fcck komplett handgefertigt und bemalt ist, holen Sie sich ein exklusives St\u00fcck nach Hause. Die blauen und braunen Farbt\u00f6ne und die Gesamtausf\u00fchrung k\u00f6nnen daher leicht vom Foto abweichen. Dieses Gem\u00e4lde ist eine gro\u00dfartige Erg\u00e4nzung f\u00fcr Ihr Wohnzimmer, Musikzimmer oder B\u00fcro, kann aber dank seiner haltbaren Materialien auch drau\u00dfen unter einer Veranda oder einem Unterstand aufgeh\u00e4ngt werden. M\u00f6chten Sie die Tiefe und die Handwerkskunst dieses Modells lieber erst einmal selbst bewundern? Sie sind herzlich eingeladen, unseren Ausstellungsraum in Ammerzoden zu besuchen, wo wir die gr\u00f6\u00dfte Kollektion von 3D-Metallbildern in den Benelux-L\u00e4ndern pr\u00e4sentieren.<\/p>\n","protected":false},"excerpt":{"rendered":"<p>Dieses handgefertigte 3D-Wandbild aus Metall (60&#215;60 cm) zeigt eine klassische Geige mit Bogen mit einer einzigartigen Tiefenwirkung. Das robuste Kunstwerk aus Eisen zeichnet sich durch einen musikalischen Look und gekonnte Details aus, ideal f\u00fcr eine stimmungsvolle Dekoration Ihres Wohnzimmers oder B\u00fcros.<\/p>\n","protected":false},"featured_media":169856,"template":"","meta":{"_acf_changed":false,"_genesis_title":"","_genesis_description":""},"product_brand":[7505],"product_cat":[419,422,410],"product_tag":[],"class_list":{"0":"post-169852","1":"product","2":"type-product","3":"status-publish","4":"has-post-thumbnail","6":"product_brand-sonstige","7":"product_cat-3d-gemaelde-aus-metall","8":"product_cat-3d-gemaelde-aus-metall-im-format-60x60cm","9":"product_cat-gemaelde","11":"first","12":"instock","13":"taxable","14":"shipping-taxable","15":"purchasable","16":"product-type-simple"},"acf":[],"meta_all":{"total_sales":"0","wcml_sync_hash":{"postmeta_fields":"edbbd295079653557ae6daf29c9a7fb1"},"attr_label_translations":[],"cor_restricted_countries":[],"cor_product_price_text_product_level":"","cor_add_text":"","cor_hide_r_add_cart_product_level":"1","cor_product_price_cart_btn_product_level":"","cor_replace_add_to_cart_custom_btn_product_level":"","enbility_product_level_disability":" ","enbility_product_level_exclude_visibility_rules":" "},"meta_all_flat":{"total_sales":"0","wcml_sync_hash.postmeta_fields":"edbbd295079653557ae6daf29c9a7fb1","cor_product_price_text_product_level":"","cor_add_text":"","cor_hide_r_add_cart_product_level":"1","cor_product_price_cart_btn_product_level":"","cor_replace_add_to_cart_custom_btn_product_level":"","enbility_product_level_disability":" ","enbility_product_level_exclude_visibility_rules":" "},"yoast_head":"<!-- This site is optimized with the Yoast SEO Premium plugin v26.2 (Yoast SEO v27.2) - https:\/\/yoast.com\/product\/yoast-seo-premium-wordpress\/ -->\n<title>Metall 3D-Gem\u00e4lde Citro\u00ebn f\u00fcr Caf\u00e9 80x120cm. - Eliassen.nl<\/title>\n<meta name=\"description\" content=\"Kaufen Sie das einzigartige 3D-Metallbild &#039;Violine&#039; (60x60cm) von Eliassen. Musikalische Handarbeit mit 3D-Effekt. Sehen Sie sich die gr\u00f6\u00dfte Kollektion im Ausstellungsraum an!\" \/>\n<meta name=\"robots\" content=\"index, follow, max-snippet:-1, max-image-preview:large, max-video-preview:-1\" \/>\n<link rel=\"canonical\" href=\"https:\/\/www.eliassen.nl\/de\/metall-3d-malerei-geige-60x60cm\/\" \/>\n<meta property=\"og:locale\" content=\"de_DE\" \/>\n<meta property=\"og:type\" content=\"article\" \/>\n<meta property=\"og:title\" content=\"Sonstige Metall 3d Malerei Geige 60x60cm - Eliassen.nl\" \/>\n<meta property=\"og:description\" content=\"Kaufen Sie das einzigartige 3D-Metallbild &#039;Violine&#039; (60x60cm) von Eliassen. Musikalische Handarbeit mit 3D-Effekt. Sehen Sie sich die gr\u00f6\u00dfte Kollektion im Ausstellungsraum an!\" \/>\n<meta property=\"og:url\" content=\"https:\/\/www.eliassen.nl\/de\/metall-3d-malerei-geige-60x60cm\/\" \/>\n<meta property=\"og:site_name\" content=\"Eliassen.nl\" \/>\n<meta property=\"article:publisher\" content=\"https:\/\/www.facebook.com\/TuincentrumEliassenAmmerzoden\" \/>\n<meta property=\"article:modified_time\" content=\"2026-02-02T15:49:30+00:00\" \/>\n<meta property=\"og:image\" content=\"https:\/\/www.eliassen.nl\/wp-content\/uploads\/2025\/01\/MD002346-Metalen-3d-schilderij-viool-60x60cm-eliassen.nl_.jpg\" \/>\n\t<meta property=\"og:image:width\" content=\"1200\" \/>\n\t<meta property=\"og:image:height\" content=\"1194\" \/>\n\t<meta property=\"og:image:type\" content=\"image\/jpeg\" \/>\n<meta name=\"twitter:card\" content=\"summary_large_image\" \/>\n<script type=\"application\/ld+json\" class=\"yoast-schema-graph\">{\"@context\":\"https:\/\/schema.org\",\"@graph\":[{\"@type\":\"WebPage\",\"@id\":\"https:\/\/www.eliassen.nl\/de\/metall-3d-malerei-geige-60x60cm\/\",\"url\":\"https:\/\/www.eliassen.nl\/de\/metall-3d-malerei-geige-60x60cm\/\",\"name\":\"Metall 3D-Gem\u00e4lde Citro\u00ebn f\u00fcr Caf\u00e9 80x120cm. - Eliassen.nl\",\"isPartOf\":{\"@id\":\"https:\/\/www.eliassen.nl\/de\/#website\"},\"primaryImageOfPage\":{\"@id\":\"https:\/\/www.eliassen.nl\/de\/metall-3d-malerei-geige-60x60cm\/#primaryimage\"},\"image\":{\"@id\":\"https:\/\/www.eliassen.nl\/de\/metall-3d-malerei-geige-60x60cm\/#primaryimage\"},\"thumbnailUrl\":\"https:\/\/www.eliassen.nl\/wp-content\/uploads\/2025\/01\/MD002346-Metalen-3d-schilderij-viool-60x60cm-eliassen.nl_.jpg\",\"datePublished\":\"2025-01-08T15:34:41+00:00\",\"dateModified\":\"2026-02-02T15:49:30+00:00\",\"description\":\"Kaufen Sie das einzigartige 3D-Metallbild 'Violine' (60x60cm) von Eliassen. Musikalische Handarbeit mit 3D-Effekt. Sehen Sie sich die gr\u00f6\u00dfte Kollektion im Ausstellungsraum an!\",\"breadcrumb\":{\"@id\":\"https:\/\/www.eliassen.nl\/de\/metall-3d-malerei-geige-60x60cm\/#breadcrumb\"},\"inLanguage\":\"de\",\"potentialAction\":[{\"@type\":\"ReadAction\",\"target\":[\"https:\/\/www.eliassen.nl\/de\/metall-3d-malerei-geige-60x60cm\/\"]}]},{\"@type\":\"ImageObject\",\"inLanguage\":\"de\",\"@id\":\"https:\/\/www.eliassen.nl\/de\/metall-3d-malerei-geige-60x60cm\/#primaryimage\",\"url\":\"https:\/\/www.eliassen.nl\/wp-content\/uploads\/2025\/01\/MD002346-Metalen-3d-schilderij-viool-60x60cm-eliassen.nl_.jpg\",\"contentUrl\":\"https:\/\/www.eliassen.nl\/wp-content\/uploads\/2025\/01\/MD002346-Metalen-3d-schilderij-viool-60x60cm-eliassen.nl_.jpg\",\"width\":1200,\"height\":1194,\"caption\":\"MD002346 Metall 3d Gem\u00e4lde Geige 60x60cm eliassen.nl\"},{\"@type\":\"BreadcrumbList\",\"@id\":\"https:\/\/www.eliassen.nl\/de\/metall-3d-malerei-geige-60x60cm\/#breadcrumb\",\"itemListElement\":[{\"@type\":\"ListItem\",\"position\":1,\"name\":\"Home\",\"item\":\"https:\/\/www.eliassen.nl\/de\/\"},{\"@type\":\"ListItem\",\"position\":2,\"name\":\"Shop\",\"item\":\"https:\/\/www.eliassen.nl\/de\/shop\/\"},{\"@type\":\"ListItem\",\"position\":3,\"name\":\"Gem\u00e4lde\",\"item\":\"https:\/\/www.eliassen.nl\/de\/gemaelde\/\"},{\"@type\":\"ListItem\",\"position\":4,\"name\":\"Metall 3d Malerei Geige 60x60cm\"}]},{\"@type\":\"WebSite\",\"@id\":\"https:\/\/www.eliassen.nl\/de\/#website\",\"url\":\"https:\/\/www.eliassen.nl\/de\/\",\"name\":\"Eliassen Home & Garden Pleasure\",\"description\":\"\",\"publisher\":{\"@id\":\"https:\/\/www.eliassen.nl\/de\/#organization\"},\"alternateName\":\"Eliassen.nl\",\"potentialAction\":[{\"@type\":\"SearchAction\",\"target\":{\"@type\":\"EntryPoint\",\"urlTemplate\":\"https:\/\/www.eliassen.nl\/de\/?s={search_term_string}\"},\"query-input\":{\"@type\":\"PropertyValueSpecification\",\"valueRequired\":true,\"valueName\":\"search_term_string\"}}],\"inLanguage\":\"de\"},{\"@type\":[\"Organization\",\"Place\"],\"@id\":\"https:\/\/www.eliassen.nl\/de\/#organization\",\"name\":\"Eliassen Home & Garden Pleasure\",\"url\":\"https:\/\/www.eliassen.nl\/de\/\",\"logo\":{\"@id\":\"https:\/\/www.eliassen.nl\/de\/metall-3d-malerei-geige-60x60cm\/#local-main-organization-logo\"},\"image\":{\"@id\":\"https:\/\/www.eliassen.nl\/de\/metall-3d-malerei-geige-60x60cm\/#local-main-organization-logo\"},\"sameAs\":[\"https:\/\/www.facebook.com\/TuincentrumEliassenAmmerzoden\",\"https:\/\/www.instagram.com\/eliassenhomeandgarden\/\",\"https:\/\/nl.pinterest.com\/eliassenhomeandgarden\/\",\"https:\/\/www.youtube.com\/@eliassenhomegardenpleasure4558\"],\"telephone\":[],\"openingHoursSpecification\":[{\"@type\":\"OpeningHoursSpecification\",\"dayOfWeek\":[\"Monday\",\"Tuesday\",\"Wednesday\",\"Thursday\",\"Friday\",\"Saturday\",\"Sunday\"],\"opens\":\"09:00\",\"closes\":\"17:00\"}]},{\"@type\":\"ImageObject\",\"inLanguage\":\"de\",\"@id\":\"https:\/\/www.eliassen.nl\/de\/metall-3d-malerei-geige-60x60cm\/#local-main-organization-logo\",\"url\":\"https:\/\/www.eliassen.nl\/wp-content\/uploads\/2024\/01\/logo_4nd.jpg\",\"contentUrl\":\"https:\/\/www.eliassen.nl\/wp-content\/uploads\/2024\/01\/logo_4nd.jpg\",\"width\":500,\"height\":500,\"caption\":\"Eliassen Home & Garden Pleasure\"}]}<\/script>\n<meta property=\"product:price:amount\" content=\"139.00\" \/>\n<meta property=\"product:price:currency\" content=\"EUR\" \/>\n<meta property=\"og:availability\" content=\"instock\" \/>\n<meta property=\"product:availability\" content=\"instock\" \/>\n<meta property=\"product:retailer_item_id\" content=\"T2346\" \/>\n<meta property=\"product:condition\" content=\"new\" \/>\n<!-- \/ Yoast SEO Premium plugin. -->","yoast_head_json":{"title":"Metall 3D-Gem\u00e4lde Citro\u00ebn f\u00fcr Caf\u00e9 80x120cm. - Eliassen.nl","description":"Kaufen Sie das einzigartige 3D-Metallbild 'Violine' (60x60cm) von Eliassen. Musikalische Handarbeit mit 3D-Effekt. Sehen Sie sich die gr\u00f6\u00dfte Kollektion im Ausstellungsraum an!","robots":{"index":"index","follow":"follow","max-snippet":"max-snippet:-1","max-image-preview":"max-image-preview:large","max-video-preview":"max-video-preview:-1"},"canonical":"https:\/\/www.eliassen.nl\/de\/metall-3d-malerei-geige-60x60cm\/","og_locale":"de_DE","og_type":"article","og_title":"Sonstige Metall 3d Malerei Geige 60x60cm - Eliassen.nl","og_description":"Kaufen Sie das einzigartige 3D-Metallbild 'Violine' (60x60cm) von Eliassen. Musikalische Handarbeit mit 3D-Effekt. Sehen Sie sich die gr\u00f6\u00dfte Kollektion im Ausstellungsraum an!","og_url":"https:\/\/www.eliassen.nl\/de\/metall-3d-malerei-geige-60x60cm\/","og_site_name":"Eliassen.nl","article_publisher":"https:\/\/www.facebook.com\/TuincentrumEliassenAmmerzoden","article_modified_time":"2026-02-02T15:49:30+00:00","og_image":[{"width":1200,"height":1194,"url":"https:\/\/www.eliassen.nl\/wp-content\/uploads\/2025\/01\/MD002346-Metalen-3d-schilderij-viool-60x60cm-eliassen.nl_.jpg","type":"image\/jpeg"}],"twitter_card":"summary_large_image","schema":{"@context":"https:\/\/schema.org","@graph":[{"@type":"WebPage","@id":"https:\/\/www.eliassen.nl\/de\/metall-3d-malerei-geige-60x60cm\/","url":"https:\/\/www.eliassen.nl\/de\/metall-3d-malerei-geige-60x60cm\/","name":"Metall 3D-Gem\u00e4lde Citro\u00ebn f\u00fcr Caf\u00e9 80x120cm. - Eliassen.nl","isPartOf":{"@id":"https:\/\/www.eliassen.nl\/de\/#website"},"primaryImageOfPage":{"@id":"https:\/\/www.eliassen.nl\/de\/metall-3d-malerei-geige-60x60cm\/#primaryimage"},"image":{"@id":"https:\/\/www.eliassen.nl\/de\/metall-3d-malerei-geige-60x60cm\/#primaryimage"},"thumbnailUrl":"https:\/\/www.eliassen.nl\/wp-content\/uploads\/2025\/01\/MD002346-Metalen-3d-schilderij-viool-60x60cm-eliassen.nl_.jpg","datePublished":"2025-01-08T15:34:41+00:00","dateModified":"2026-02-02T15:49:30+00:00","description":"Kaufen Sie das einzigartige 3D-Metallbild 'Violine' (60x60cm) von Eliassen. Musikalische Handarbeit mit 3D-Effekt. Sehen Sie sich die gr\u00f6\u00dfte Kollektion im Ausstellungsraum an!","breadcrumb":{"@id":"https:\/\/www.eliassen.nl\/de\/metall-3d-malerei-geige-60x60cm\/#breadcrumb"},"inLanguage":"de","potentialAction":[{"@type":"ReadAction","target":["https:\/\/www.eliassen.nl\/de\/metall-3d-malerei-geige-60x60cm\/"]}]},{"@type":"ImageObject","inLanguage":"de","@id":"https:\/\/www.eliassen.nl\/de\/metall-3d-malerei-geige-60x60cm\/#primaryimage","url":"https:\/\/www.eliassen.nl\/wp-content\/uploads\/2025\/01\/MD002346-Metalen-3d-schilderij-viool-60x60cm-eliassen.nl_.jpg","contentUrl":"https:\/\/www.eliassen.nl\/wp-content\/uploads\/2025\/01\/MD002346-Metalen-3d-schilderij-viool-60x60cm-eliassen.nl_.jpg","width":1200,"height":1194,"caption":"MD002346 Metall 3d Gem\u00e4lde Geige 60x60cm eliassen.nl"},{"@type":"BreadcrumbList","@id":"https:\/\/www.eliassen.nl\/de\/metall-3d-malerei-geige-60x60cm\/#breadcrumb","itemListElement":[{"@type":"ListItem","position":1,"name":"Home","item":"https:\/\/www.eliassen.nl\/de\/"},{"@type":"ListItem","position":2,"name":"Shop","item":"https:\/\/www.eliassen.nl\/de\/shop\/"},{"@type":"ListItem","position":3,"name":"Gem\u00e4lde","item":"https:\/\/www.eliassen.nl\/de\/gemaelde\/"},{"@type":"ListItem","position":4,"name":"Metall 3d Malerei Geige 60x60cm"}]},{"@type":"WebSite","@id":"https:\/\/www.eliassen.nl\/de\/#website","url":"https:\/\/www.eliassen.nl\/de\/","name":"Eliassen Home & Garden Pleasure","description":"","publisher":{"@id":"https:\/\/www.eliassen.nl\/de\/#organization"},"alternateName":"Eliassen.nl","potentialAction":[{"@type":"SearchAction","target":{"@type":"EntryPoint","urlTemplate":"https:\/\/www.eliassen.nl\/de\/?s={search_term_string}"},"query-input":{"@type":"PropertyValueSpecification","valueRequired":true,"valueName":"search_term_string"}}],"inLanguage":"de"},{"@type":["Organization","Place"],"@id":"https:\/\/www.eliassen.nl\/de\/#organization","name":"Eliassen Home & Garden Pleasure","url":"https:\/\/www.eliassen.nl\/de\/","logo":{"@id":"https:\/\/www.eliassen.nl\/de\/metall-3d-malerei-geige-60x60cm\/#local-main-organization-logo"},"image":{"@id":"https:\/\/www.eliassen.nl\/de\/metall-3d-malerei-geige-60x60cm\/#local-main-organization-logo"},"sameAs":["https:\/\/www.facebook.com\/TuincentrumEliassenAmmerzoden","https:\/\/www.instagram.com\/eliassenhomeandgarden\/","https:\/\/nl.pinterest.com\/eliassenhomeandgarden\/","https:\/\/www.youtube.com\/@eliassenhomegardenpleasure4558"],"telephone":[],"openingHoursSpecification":[{"@type":"OpeningHoursSpecification","dayOfWeek":["Monday","Tuesday","Wednesday","Thursday","Friday","Saturday","Sunday"],"opens":"09:00","closes":"17:00"}]},{"@type":"ImageObject","inLanguage":"de","@id":"https:\/\/www.eliassen.nl\/de\/metall-3d-malerei-geige-60x60cm\/#local-main-organization-logo","url":"https:\/\/www.eliassen.nl\/wp-content\/uploads\/2024\/01\/logo_4nd.jpg","contentUrl":"https:\/\/www.eliassen.nl\/wp-content\/uploads\/2024\/01\/logo_4nd.jpg","width":500,"height":500,"caption":"Eliassen Home & Garden Pleasure"}]},"product_price_amount":"139.00","product_price_currency":"EUR","og_availability":"instock","product_availability":"instock","product_retailer_item_id":"T2346","product_condition":"new"},"df_price":139,"df_sale_price":"","df_regular_price":139,"df_image_link":"https:\/\/www.eliassen.nl\/wp-content\/uploads\/2025\/01\/MD002346-Metalen-3d-schilderij-viool-60x60cm-eliassen.nl_-300x300.jpg","image":"https:\/\/www.eliassen.nl\/wp-content\/uploads\/2025\/01\/MD002346-Metalen-3d-schilderij-viool-60x60cm-eliassen.nl_-150x150.jpg","price_search":"<span class=\"woocommerce-Price-amount amount\"><bdi><span class=\"woocommerce-Price-currencySymbol\">&euro;<\/span>&nbsp;139,00<\/bdi><\/span>","category":"3D Gem\u00e4lde aus Metall","global_unique_id":"5410807023464","_links":{"self":[{"href":"https:\/\/www.eliassen.nl\/de\/wp-json\/wp\/v2\/product\/169852","targetHints":{"allow":["GET"]}}],"collection":[{"href":"https:\/\/www.eliassen.nl\/de\/wp-json\/wp\/v2\/product"}],"about":[{"href":"https:\/\/www.eliassen.nl\/de\/wp-json\/wp\/v2\/types\/product"}],"wp:featuredmedia":[{"embeddable":true,"href":"https:\/\/www.eliassen.nl\/de\/wp-json\/wp\/v2\/media\/169856"}],"wp:attachment":[{"href":"https:\/\/www.eliassen.nl\/de\/wp-json\/wp\/v2\/media?parent=169852"}],"wp:term":[{"taxonomy":"product_brand","embeddable":true,"href":"https:\/\/www.eliassen.nl\/de\/wp-json\/wp\/v2\/product_brand?post=169852"},{"taxonomy":"product_cat","embeddable":true,"href":"https:\/\/www.eliassen.nl\/de\/wp-json\/wp\/v2\/product_cat?post=169852"},{"taxonomy":"product_tag","embeddable":true,"href":"https:\/\/www.eliassen.nl\/de\/wp-json\/wp\/v2\/product_tag?post=169852"}],"curies":[{"name":"wp","href":"https:\/\/api.w.org\/{rel}","templated":true}]}}