{"id":169846,"date":"2025-01-08T16:32:41","date_gmt":"2025-01-08T15:32:41","guid":{"rendered":"https:\/\/www.eliassen.nl\/?post_type=product&#038;p=169846"},"modified":"2026-01-07T13:37:38","modified_gmt":"2026-01-07T12:37:38","slug":"metall-3d-gemaelde-citroen-fuer-cafe-80x120cm","status":"publish","type":"product","link":"https:\/\/www.eliassen.nl\/de\/metall-3d-gemaelde-citroen-fuer-cafe-80x120cm\/","title":{"rendered":"3d Metallbild 4 K\u00fche im Stall 120x80cm"},"content":{"rendered":"<p>Versch\u00f6nern Sie Ihr Interieur mit diesem 3D-Gem\u00e4lde. Sie k\u00f6nnen dieses 3D-Metallgem\u00e4lde, das vier K\u00fche zeigt, die \u00fcber den Rand des Stalls schauen, zum Beispiel in Ihrem Wohnzimmer, Wohn- oder Schlafzimmer aufh\u00e4ngen, um die Umgebung zu versch\u00f6nern.<\/p>\n<p>Dieses Metallbild hat einen 3D-Effekt. Dieser Effekt wurde mit der auf dem Gem\u00e4lde abgebildeten Figur erzielt. Das liegt daran, dass es weiter vom Hintergrund entfernt ist. Dadurch ragen die Bildelemente weiter nach vorne, wodurch das Bild lebendiger wird und ein 3D-Effekt entsteht.<\/p>\n<p>Unsere gesamte Kollektion von 3D-Gem\u00e4lden ist handgemacht! Aus diesem Grund k\u00f6nnen die Bilder jedes Mal etwas anders aussehen.<\/p>\n<p><strong>Wir haben eine gro\u00dfe Sammlung von 3D-Gem\u00e4lden! Sie k\u00f6nnen sich die gesamte Serie in unserem Gesch\u00e4ft ansehen. In der Tat haben wir fast unsere gesamte Kollektion auf Lager. Das ist einzigartig in den Niederlanden!<\/strong><\/p>\n<ul>\n<li>Gr\u00f6\u00dfe: 120x80cm<\/li>\n<li>Einfach mit 2 Schrauben aufzuh\u00e4ngen<\/li>\n<li>Schnelle Lieferzeiten<\/li>\n<li>Gr\u00f6\u00dfte Sammlung in den Benelux-L\u00e4ndern, auch f\u00fcr Live-Viewing verf\u00fcgbar<\/li>\n<\/ul>\n","protected":false},"excerpt":{"rendered":"<p>Ein gem\u00fctliches, metallisches 3D-Gem\u00e4lde.<\/p>\n","protected":false},"featured_media":169850,"template":"","meta":{"_acf_changed":false,"_genesis_title":"","_genesis_description":""},"product_brand":[7505],"product_cat":[419,434,410],"product_tag":[],"class_list":{"0":"post-169846","1":"product","2":"type-product","3":"status-publish","4":"has-post-thumbnail","6":"product_brand-sonstige","7":"product_cat-3d-gemaelde-aus-metall","8":"product_cat-3d-gemaelde-aus-metall-im-format-80x120cm","9":"product_cat-gemaelde","11":"first","12":"instock","13":"taxable","14":"shipping-taxable","15":"purchasable","16":"product-type-simple"},"acf":[],"meta_all":{"total_sales":"0","wcml_sync_hash":{"postmeta_fields":"0313bbe42b7855909fa88b41bada1e69"},"attr_label_translations":[],"searchwp_related":"metall gem\u00e4lde citro\u00ebn f\u00fcr caf\u00e9 80x120cm kopie kopie kopie kopie kopie kopie gemalde citroen fur cafe 3d-gem\u00e4lde metall 3d","cor_restricted_countries":[],"cor_product_price_text_product_level":"","cor_add_text":"","cor_hide_r_add_cart_product_level":"1","cor_product_price_cart_btn_product_level":"","cor_replace_add_to_cart_custom_btn_product_level":"","enbility_product_level_disability":" ","enbility_product_level_exclude_visibility_rules":" "},"meta_all_flat":{"total_sales":"0","wcml_sync_hash.postmeta_fields":"0313bbe42b7855909fa88b41bada1e69","searchwp_related":"metall gem\u00e4lde citro\u00ebn f\u00fcr caf\u00e9 80x120cm kopie kopie kopie kopie kopie kopie gemalde citroen fur cafe 3d-gem\u00e4lde metall 3d","cor_product_price_text_product_level":"","cor_add_text":"","cor_hide_r_add_cart_product_level":"1","cor_product_price_cart_btn_product_level":"","cor_replace_add_to_cart_custom_btn_product_level":"","enbility_product_level_disability":" ","enbility_product_level_exclude_visibility_rules":" "},"yoast_head":"<!-- This site is optimized with the Yoast SEO Premium plugin v26.2 (Yoast SEO v27.2) - https:\/\/yoast.com\/product\/yoast-seo-premium-wordpress\/ -->\n<title>Metall 3D-Gem\u00e4lde Citro\u00ebn f\u00fcr Caf\u00e9 80x120cm. - Eliassen.nl<\/title>\n<meta name=\"description\" content=\"Ein gem\u00fctliches 3D-Gem\u00e4lde aus Metall f\u00fcr Ihr Wohnzimmer oder B\u00fcro. Ein fr\u00f6hlicher Blick. Gr\u00f6\u00dfe 120x80cm.\" \/>\n<meta name=\"robots\" content=\"index, follow, max-snippet:-1, max-image-preview:large, max-video-preview:-1\" \/>\n<link rel=\"canonical\" href=\"https:\/\/www.eliassen.nl\/de\/metall-3d-gemaelde-citroen-fuer-cafe-80x120cm\/\" \/>\n<meta property=\"og:locale\" content=\"de_DE\" \/>\n<meta property=\"og:type\" content=\"article\" \/>\n<meta property=\"og:title\" content=\"Sonstige 3d Metallbild 4 K\u00fche im Stall 120x80cm - Eliassen.nl\" \/>\n<meta property=\"og:description\" content=\"Ein gem\u00fctliches 3D-Gem\u00e4lde aus Metall f\u00fcr Ihr Wohnzimmer oder B\u00fcro. Ein fr\u00f6hlicher Blick. Gr\u00f6\u00dfe 120x80cm.\" \/>\n<meta property=\"og:url\" content=\"https:\/\/www.eliassen.nl\/de\/metall-3d-gemaelde-citroen-fuer-cafe-80x120cm\/\" \/>\n<meta property=\"og:site_name\" content=\"Eliassen.nl\" \/>\n<meta property=\"article:publisher\" content=\"https:\/\/www.facebook.com\/TuincentrumEliassenAmmerzoden\" \/>\n<meta property=\"article:modified_time\" content=\"2026-01-07T12:37:38+00:00\" \/>\n<meta property=\"og:image\" content=\"https:\/\/www.eliassen.nl\/wp-content\/uploads\/2025\/01\/MD002348-Metalen-3d-schilderij-4-koeien-in-stal-120x80cm-eliassen.nl_.jpg\" \/>\n\t<meta property=\"og:image:width\" content=\"1200\" \/>\n\t<meta property=\"og:image:height\" content=\"774\" \/>\n\t<meta property=\"og:image:type\" content=\"image\/jpeg\" \/>\n<meta name=\"twitter:card\" content=\"summary_large_image\" \/>\n<script type=\"application\/ld+json\" class=\"yoast-schema-graph\">{\"@context\":\"https:\/\/schema.org\",\"@graph\":[{\"@type\":\"WebPage\",\"@id\":\"https:\/\/www.eliassen.nl\/de\/metall-3d-gemaelde-citroen-fuer-cafe-80x120cm\/\",\"url\":\"https:\/\/www.eliassen.nl\/de\/metall-3d-gemaelde-citroen-fuer-cafe-80x120cm\/\",\"name\":\"Metall 3D-Gem\u00e4lde Citro\u00ebn f\u00fcr Caf\u00e9 80x120cm. - Eliassen.nl\",\"isPartOf\":{\"@id\":\"https:\/\/www.eliassen.nl\/de\/#website\"},\"primaryImageOfPage\":{\"@id\":\"https:\/\/www.eliassen.nl\/de\/metall-3d-gemaelde-citroen-fuer-cafe-80x120cm\/#primaryimage\"},\"image\":{\"@id\":\"https:\/\/www.eliassen.nl\/de\/metall-3d-gemaelde-citroen-fuer-cafe-80x120cm\/#primaryimage\"},\"thumbnailUrl\":\"https:\/\/www.eliassen.nl\/wp-content\/uploads\/2025\/01\/MD002348-Metalen-3d-schilderij-4-koeien-in-stal-120x80cm-eliassen.nl_.jpg\",\"datePublished\":\"2025-01-08T15:32:41+00:00\",\"dateModified\":\"2026-01-07T12:37:38+00:00\",\"description\":\"Ein gem\u00fctliches 3D-Gem\u00e4lde aus Metall f\u00fcr Ihr Wohnzimmer oder B\u00fcro. Ein fr\u00f6hlicher Blick. Gr\u00f6\u00dfe 120x80cm.\",\"breadcrumb\":{\"@id\":\"https:\/\/www.eliassen.nl\/de\/metall-3d-gemaelde-citroen-fuer-cafe-80x120cm\/#breadcrumb\"},\"inLanguage\":\"de\",\"potentialAction\":[{\"@type\":\"ReadAction\",\"target\":[\"https:\/\/www.eliassen.nl\/de\/metall-3d-gemaelde-citroen-fuer-cafe-80x120cm\/\"]}]},{\"@type\":\"ImageObject\",\"inLanguage\":\"de\",\"@id\":\"https:\/\/www.eliassen.nl\/de\/metall-3d-gemaelde-citroen-fuer-cafe-80x120cm\/#primaryimage\",\"url\":\"https:\/\/www.eliassen.nl\/wp-content\/uploads\/2025\/01\/MD002348-Metalen-3d-schilderij-4-koeien-in-stal-120x80cm-eliassen.nl_.jpg\",\"contentUrl\":\"https:\/\/www.eliassen.nl\/wp-content\/uploads\/2025\/01\/MD002348-Metalen-3d-schilderij-4-koeien-in-stal-120x80cm-eliassen.nl_.jpg\",\"width\":1200,\"height\":774,\"caption\":\"MD002348 Metall 3d Gem\u00e4lde 4 K\u00fche im Stall 120x80cm eliassen.nl\"},{\"@type\":\"BreadcrumbList\",\"@id\":\"https:\/\/www.eliassen.nl\/de\/metall-3d-gemaelde-citroen-fuer-cafe-80x120cm\/#breadcrumb\",\"itemListElement\":[{\"@type\":\"ListItem\",\"position\":1,\"name\":\"Home\",\"item\":\"https:\/\/www.eliassen.nl\/de\/\"},{\"@type\":\"ListItem\",\"position\":2,\"name\":\"Shop\",\"item\":\"https:\/\/www.eliassen.nl\/de\/shop\/\"},{\"@type\":\"ListItem\",\"position\":3,\"name\":\"Gem\u00e4lde\",\"item\":\"https:\/\/www.eliassen.nl\/de\/gemaelde\/\"},{\"@type\":\"ListItem\",\"position\":4,\"name\":\"3D Gem\u00e4lde aus Metall\",\"item\":\"https:\/\/www.eliassen.nl\/de\/gemaelde\/3d-gemaelde-aus-metall\/\"},{\"@type\":\"ListItem\",\"position\":5,\"name\":\"3D Gem\u00e4lde aus Metall 80x120 cm\",\"item\":\"https:\/\/www.eliassen.nl\/de\/gemaelde\/3d-gemaelde-aus-metall\/3d-gemaelde-aus-metall-im-format-80x120cm\/\"},{\"@type\":\"ListItem\",\"position\":6,\"name\":\"3d Metallbild 4 K\u00fche im Stall 120x80cm\"}]},{\"@type\":\"WebSite\",\"@id\":\"https:\/\/www.eliassen.nl\/de\/#website\",\"url\":\"https:\/\/www.eliassen.nl\/de\/\",\"name\":\"Eliassen Home & Garden Pleasure\",\"description\":\"\",\"publisher\":{\"@id\":\"https:\/\/www.eliassen.nl\/de\/#organization\"},\"alternateName\":\"Eliassen.nl\",\"potentialAction\":[{\"@type\":\"SearchAction\",\"target\":{\"@type\":\"EntryPoint\",\"urlTemplate\":\"https:\/\/www.eliassen.nl\/de\/?s={search_term_string}\"},\"query-input\":{\"@type\":\"PropertyValueSpecification\",\"valueRequired\":true,\"valueName\":\"search_term_string\"}}],\"inLanguage\":\"de\"},{\"@type\":[\"Organization\",\"Place\"],\"@id\":\"https:\/\/www.eliassen.nl\/de\/#organization\",\"name\":\"Eliassen Home & Garden Pleasure\",\"url\":\"https:\/\/www.eliassen.nl\/de\/\",\"logo\":{\"@id\":\"https:\/\/www.eliassen.nl\/de\/metall-3d-gemaelde-citroen-fuer-cafe-80x120cm\/#local-main-organization-logo\"},\"image\":{\"@id\":\"https:\/\/www.eliassen.nl\/de\/metall-3d-gemaelde-citroen-fuer-cafe-80x120cm\/#local-main-organization-logo\"},\"sameAs\":[\"https:\/\/www.facebook.com\/TuincentrumEliassenAmmerzoden\",\"https:\/\/www.instagram.com\/eliassenhomeandgarden\/\",\"https:\/\/nl.pinterest.com\/eliassenhomeandgarden\/\",\"https:\/\/www.youtube.com\/@eliassenhomegardenpleasure4558\"],\"telephone\":[],\"openingHoursSpecification\":[{\"@type\":\"OpeningHoursSpecification\",\"dayOfWeek\":[\"Monday\",\"Tuesday\",\"Wednesday\",\"Thursday\",\"Friday\",\"Saturday\",\"Sunday\"],\"opens\":\"09:00\",\"closes\":\"17:00\"}]},{\"@type\":\"ImageObject\",\"inLanguage\":\"de\",\"@id\":\"https:\/\/www.eliassen.nl\/de\/metall-3d-gemaelde-citroen-fuer-cafe-80x120cm\/#local-main-organization-logo\",\"url\":\"https:\/\/www.eliassen.nl\/wp-content\/uploads\/2024\/01\/logo_4nd.jpg\",\"contentUrl\":\"https:\/\/www.eliassen.nl\/wp-content\/uploads\/2024\/01\/logo_4nd.jpg\",\"width\":500,\"height\":500,\"caption\":\"Eliassen Home & Garden Pleasure\"}]}<\/script>\n<meta property=\"product:price:amount\" content=\"209.00\" \/>\n<meta property=\"product:price:currency\" content=\"EUR\" \/>\n<meta property=\"og:availability\" content=\"instock\" \/>\n<meta property=\"product:availability\" content=\"instock\" \/>\n<meta property=\"product:retailer_item_id\" content=\"T2348\" \/>\n<meta property=\"product:condition\" content=\"new\" \/>\n<!-- \/ Yoast SEO Premium plugin. -->","yoast_head_json":{"title":"Metall 3D-Gem\u00e4lde Citro\u00ebn f\u00fcr Caf\u00e9 80x120cm. - Eliassen.nl","description":"Ein gem\u00fctliches 3D-Gem\u00e4lde aus Metall f\u00fcr Ihr Wohnzimmer oder B\u00fcro. Ein fr\u00f6hlicher Blick. Gr\u00f6\u00dfe 120x80cm.","robots":{"index":"index","follow":"follow","max-snippet":"max-snippet:-1","max-image-preview":"max-image-preview:large","max-video-preview":"max-video-preview:-1"},"canonical":"https:\/\/www.eliassen.nl\/de\/metall-3d-gemaelde-citroen-fuer-cafe-80x120cm\/","og_locale":"de_DE","og_type":"article","og_title":"Sonstige 3d Metallbild 4 K\u00fche im Stall 120x80cm - Eliassen.nl","og_description":"Ein gem\u00fctliches 3D-Gem\u00e4lde aus Metall f\u00fcr Ihr Wohnzimmer oder B\u00fcro. Ein fr\u00f6hlicher Blick. Gr\u00f6\u00dfe 120x80cm.","og_url":"https:\/\/www.eliassen.nl\/de\/metall-3d-gemaelde-citroen-fuer-cafe-80x120cm\/","og_site_name":"Eliassen.nl","article_publisher":"https:\/\/www.facebook.com\/TuincentrumEliassenAmmerzoden","article_modified_time":"2026-01-07T12:37:38+00:00","og_image":[{"width":1200,"height":774,"url":"https:\/\/www.eliassen.nl\/wp-content\/uploads\/2025\/01\/MD002348-Metalen-3d-schilderij-4-koeien-in-stal-120x80cm-eliassen.nl_.jpg","type":"image\/jpeg"}],"twitter_card":"summary_large_image","schema":{"@context":"https:\/\/schema.org","@graph":[{"@type":"WebPage","@id":"https:\/\/www.eliassen.nl\/de\/metall-3d-gemaelde-citroen-fuer-cafe-80x120cm\/","url":"https:\/\/www.eliassen.nl\/de\/metall-3d-gemaelde-citroen-fuer-cafe-80x120cm\/","name":"Metall 3D-Gem\u00e4lde Citro\u00ebn f\u00fcr Caf\u00e9 80x120cm. - Eliassen.nl","isPartOf":{"@id":"https:\/\/www.eliassen.nl\/de\/#website"},"primaryImageOfPage":{"@id":"https:\/\/www.eliassen.nl\/de\/metall-3d-gemaelde-citroen-fuer-cafe-80x120cm\/#primaryimage"},"image":{"@id":"https:\/\/www.eliassen.nl\/de\/metall-3d-gemaelde-citroen-fuer-cafe-80x120cm\/#primaryimage"},"thumbnailUrl":"https:\/\/www.eliassen.nl\/wp-content\/uploads\/2025\/01\/MD002348-Metalen-3d-schilderij-4-koeien-in-stal-120x80cm-eliassen.nl_.jpg","datePublished":"2025-01-08T15:32:41+00:00","dateModified":"2026-01-07T12:37:38+00:00","description":"Ein gem\u00fctliches 3D-Gem\u00e4lde aus Metall f\u00fcr Ihr Wohnzimmer oder B\u00fcro. Ein fr\u00f6hlicher Blick. Gr\u00f6\u00dfe 120x80cm.","breadcrumb":{"@id":"https:\/\/www.eliassen.nl\/de\/metall-3d-gemaelde-citroen-fuer-cafe-80x120cm\/#breadcrumb"},"inLanguage":"de","potentialAction":[{"@type":"ReadAction","target":["https:\/\/www.eliassen.nl\/de\/metall-3d-gemaelde-citroen-fuer-cafe-80x120cm\/"]}]},{"@type":"ImageObject","inLanguage":"de","@id":"https:\/\/www.eliassen.nl\/de\/metall-3d-gemaelde-citroen-fuer-cafe-80x120cm\/#primaryimage","url":"https:\/\/www.eliassen.nl\/wp-content\/uploads\/2025\/01\/MD002348-Metalen-3d-schilderij-4-koeien-in-stal-120x80cm-eliassen.nl_.jpg","contentUrl":"https:\/\/www.eliassen.nl\/wp-content\/uploads\/2025\/01\/MD002348-Metalen-3d-schilderij-4-koeien-in-stal-120x80cm-eliassen.nl_.jpg","width":1200,"height":774,"caption":"MD002348 Metall 3d Gem\u00e4lde 4 K\u00fche im Stall 120x80cm eliassen.nl"},{"@type":"BreadcrumbList","@id":"https:\/\/www.eliassen.nl\/de\/metall-3d-gemaelde-citroen-fuer-cafe-80x120cm\/#breadcrumb","itemListElement":[{"@type":"ListItem","position":1,"name":"Home","item":"https:\/\/www.eliassen.nl\/de\/"},{"@type":"ListItem","position":2,"name":"Shop","item":"https:\/\/www.eliassen.nl\/de\/shop\/"},{"@type":"ListItem","position":3,"name":"Gem\u00e4lde","item":"https:\/\/www.eliassen.nl\/de\/gemaelde\/"},{"@type":"ListItem","position":4,"name":"3D Gem\u00e4lde aus Metall","item":"https:\/\/www.eliassen.nl\/de\/gemaelde\/3d-gemaelde-aus-metall\/"},{"@type":"ListItem","position":5,"name":"3D Gem\u00e4lde aus Metall 80x120 cm","item":"https:\/\/www.eliassen.nl\/de\/gemaelde\/3d-gemaelde-aus-metall\/3d-gemaelde-aus-metall-im-format-80x120cm\/"},{"@type":"ListItem","position":6,"name":"3d Metallbild 4 K\u00fche im Stall 120x80cm"}]},{"@type":"WebSite","@id":"https:\/\/www.eliassen.nl\/de\/#website","url":"https:\/\/www.eliassen.nl\/de\/","name":"Eliassen Home & Garden Pleasure","description":"","publisher":{"@id":"https:\/\/www.eliassen.nl\/de\/#organization"},"alternateName":"Eliassen.nl","potentialAction":[{"@type":"SearchAction","target":{"@type":"EntryPoint","urlTemplate":"https:\/\/www.eliassen.nl\/de\/?s={search_term_string}"},"query-input":{"@type":"PropertyValueSpecification","valueRequired":true,"valueName":"search_term_string"}}],"inLanguage":"de"},{"@type":["Organization","Place"],"@id":"https:\/\/www.eliassen.nl\/de\/#organization","name":"Eliassen Home & Garden Pleasure","url":"https:\/\/www.eliassen.nl\/de\/","logo":{"@id":"https:\/\/www.eliassen.nl\/de\/metall-3d-gemaelde-citroen-fuer-cafe-80x120cm\/#local-main-organization-logo"},"image":{"@id":"https:\/\/www.eliassen.nl\/de\/metall-3d-gemaelde-citroen-fuer-cafe-80x120cm\/#local-main-organization-logo"},"sameAs":["https:\/\/www.facebook.com\/TuincentrumEliassenAmmerzoden","https:\/\/www.instagram.com\/eliassenhomeandgarden\/","https:\/\/nl.pinterest.com\/eliassenhomeandgarden\/","https:\/\/www.youtube.com\/@eliassenhomegardenpleasure4558"],"telephone":[],"openingHoursSpecification":[{"@type":"OpeningHoursSpecification","dayOfWeek":["Monday","Tuesday","Wednesday","Thursday","Friday","Saturday","Sunday"],"opens":"09:00","closes":"17:00"}]},{"@type":"ImageObject","inLanguage":"de","@id":"https:\/\/www.eliassen.nl\/de\/metall-3d-gemaelde-citroen-fuer-cafe-80x120cm\/#local-main-organization-logo","url":"https:\/\/www.eliassen.nl\/wp-content\/uploads\/2024\/01\/logo_4nd.jpg","contentUrl":"https:\/\/www.eliassen.nl\/wp-content\/uploads\/2024\/01\/logo_4nd.jpg","width":500,"height":500,"caption":"Eliassen Home & Garden Pleasure"}]},"product_price_amount":"209.00","product_price_currency":"EUR","og_availability":"instock","product_availability":"instock","product_retailer_item_id":"T2348","product_condition":"new"},"df_price":209,"df_sale_price":"","df_regular_price":209,"df_image_link":"https:\/\/www.eliassen.nl\/wp-content\/uploads\/2025\/01\/MD002348-Metalen-3d-schilderij-4-koeien-in-stal-120x80cm-eliassen.nl_-300x194.jpg","image":"https:\/\/www.eliassen.nl\/wp-content\/uploads\/2025\/01\/MD002348-Metalen-3d-schilderij-4-koeien-in-stal-120x80cm-eliassen.nl_-150x150.jpg","price_search":"<span class=\"woocommerce-Price-amount amount\"><bdi><span class=\"woocommerce-Price-currencySymbol\">&euro;<\/span>&nbsp;209,00<\/bdi><\/span>","category":"3D Gem\u00e4lde aus Metall","global_unique_id":"5410807023488","_links":{"self":[{"href":"https:\/\/www.eliassen.nl\/de\/wp-json\/wp\/v2\/product\/169846","targetHints":{"allow":["GET"]}}],"collection":[{"href":"https:\/\/www.eliassen.nl\/de\/wp-json\/wp\/v2\/product"}],"about":[{"href":"https:\/\/www.eliassen.nl\/de\/wp-json\/wp\/v2\/types\/product"}],"wp:featuredmedia":[{"embeddable":true,"href":"https:\/\/www.eliassen.nl\/de\/wp-json\/wp\/v2\/media\/169850"}],"wp:attachment":[{"href":"https:\/\/www.eliassen.nl\/de\/wp-json\/wp\/v2\/media?parent=169846"}],"wp:term":[{"taxonomy":"product_brand","embeddable":true,"href":"https:\/\/www.eliassen.nl\/de\/wp-json\/wp\/v2\/product_brand?post=169846"},{"taxonomy":"product_cat","embeddable":true,"href":"https:\/\/www.eliassen.nl\/de\/wp-json\/wp\/v2\/product_cat?post=169846"},{"taxonomy":"product_tag","embeddable":true,"href":"https:\/\/www.eliassen.nl\/de\/wp-json\/wp\/v2\/product_tag?post=169846"}],"curies":[{"name":"wp","href":"https:\/\/api.w.org\/{rel}","templated":true}]}}