{"id":169614,"date":"2024-12-13T09:25:27","date_gmt":"2024-12-13T08:25:27","guid":{"rendered":"https:\/\/www.eliassen.nl\/product\/glasmalerei-louie-vuiton-schmetterling-120x80cm\/"},"modified":"2026-02-03T10:41:51","modified_gmt":"2026-02-03T09:41:51","slug":"glasmalerei-louie-vuiton-schmetterling-120x80cm","status":"publish","type":"product","link":"https:\/\/www.eliassen.nl\/de\/glasmalerei-louie-vuiton-schmetterling-120x80cm\/","title":{"rendered":"Glasmalerei Louie Vuiton Schmetterling 120x80cm"},"content":{"rendered":"<p data-path-to-node=\"2\">Verleihen Sie Ihrer Einrichtung einen luxuri\u00f6sen und modischen Look mit diesem einzigartigen Glasgem\u00e4lde Louie Vuiton Schmetterling. Mit einer Gr\u00f6\u00dfe von 120&#215;80 cm ist diese Wanddekoration des Designers Shounak Tewarie ein beeindruckendes Objekt f\u00fcr Ihr Wohnzimmer, B\u00fcro oder Gesch\u00e4ft. Das Bild zeigt einen wundersch\u00f6n gestalteten Schmetterling im unverkennbaren Louie Vuiton-Stil, ausgef\u00fchrt in eleganten Blau- und Oranget\u00f6nen. Da das gestochen scharfe Foto auf die R\u00fcckseite einer 4 mm dicken Platte aus geh\u00e4rtetem Glas gebrannt wird, entsteht ein tiefer Glanz, der die Details des Designs auf einzigartige Weise hervorhebt.<\/p>\n<p data-path-to-node=\"3\">Dieses moderne Kunstwerk von Ter Halle ist nicht nur eine Augenweide, sondern auch sehr nachhaltig produziert. Das geh\u00e4rtete Glas ist praktisch unzerbrechlich und \u00e4u\u00dferst widerstandsf\u00e4hig gegen Kratzer, so dass Sie jahrelang makellose Qualit\u00e4t genie\u00dfen k\u00f6nnen. Das schlanke, rahmenlose Design passt perfekt in ein modernes oder industrielles Interieur. Dank der beiden mitgelieferten Haken l\u00e4sst sich die Glasplatte leicht an der Wand befestigen. Bei Eliassen haben wir fast die gesamte Kollektion an Glasmalereien direkt auf Lager, was uns in den Niederlanden einzigartig macht. Nat\u00fcrlich k\u00f6nnen Sie dieses stimmungsvolle Objekt und viele andere Varianten auch live in unserem Showroom in Ammerzoden bewundern.<\/p>\n","protected":false},"excerpt":{"rendered":"<p>Dieses luxuri\u00f6se 120&#215;80 cm gro\u00dfe Glasgem\u00e4lde zeigt einen stilvollen Schmetterling im Stil von Louie Vuiton auf 4 mm dickem, geh\u00e4rtetem Glas, das einen brillanten Glanz- und Tiefeneffekt erzeugt. Das von Shounak Tewarie entworfene Kunstwerk ist praktisch unzerbrechlich und kratzfest, was es zu einem dauerhaften und modischen Blickfang f\u00fcr jedes elegante Interieur oder B\u00fcro macht. Ein einzigartiges Wandobjekt in Blau- und Oranget\u00f6nen, das Sie mit den mitgelieferten Haken ganz einfach an Ihrer Wand befestigen k\u00f6nnen.<\/p>\n","protected":false},"featured_media":166488,"template":"","meta":{"_acf_changed":false,"_genesis_title":"","_genesis_description":""},"product_brand":[6940],"product_cat":[410,455,443],"product_tag":[],"class_list":{"0":"post-169614","1":"product","2":"type-product","3":"status-publish","4":"has-post-thumbnail","6":"product_brand-ter-halle-de","7":"product_cat-gemaelde","8":"product_cat-glasmalerei-im-format-80x120cm","9":"product_cat-glasmalereien","11":"first","12":"outofstock","13":"taxable","14":"shipping-taxable","15":"purchasable","16":"product-type-simple"},"acf":[],"meta_all":{"total_sales":"3","wcml_sync_hash":{"postmeta_fields":"28e6e8a5178521d4c67b438f2cab820c"},"attr_label_translations":[],"cor_restricted_countries":[]},"meta_all_flat":{"total_sales":"3","wcml_sync_hash.postmeta_fields":"28e6e8a5178521d4c67b438f2cab820c"},"yoast_head":"<!-- This site is optimized with the Yoast SEO Premium plugin v26.2 (Yoast SEO v27.2) - https:\/\/yoast.com\/product\/yoast-seo-premium-wordpress\/ -->\n<title>Ter Halle Glasmalerei Louie Vuiton Schmetterling 120x80cm - Eliassen.nl<\/title>\n<meta name=\"description\" content=\"Dekorieren Sie Ihre Wand mit diesem Glasgem\u00e4lde eines Schmetterlings von Louie Vuiton (120x80cm). Luxuri\u00f6ser Druck auf geh\u00e4rtetem Glas mit tiefem Glanz. Jetzt erh\u00e4ltlich bei Eliassen!\" \/>\n<meta name=\"robots\" content=\"index, follow, max-snippet:-1, max-image-preview:large, max-video-preview:-1\" \/>\n<link rel=\"canonical\" href=\"https:\/\/www.eliassen.nl\/de\/glasmalerei-louie-vuiton-schmetterling-120x80cm\/\" \/>\n<meta property=\"og:locale\" content=\"de_DE\" \/>\n<meta property=\"og:type\" content=\"article\" \/>\n<meta property=\"og:title\" content=\"Ter Halle Glasmalerei Louie Vuiton Schmetterling 120x80cm - Eliassen.nl\" \/>\n<meta property=\"og:description\" content=\"Dekorieren Sie Ihre Wand mit diesem Glasgem\u00e4lde eines Schmetterlings von Louie Vuiton (120x80cm). Luxuri\u00f6ser Druck auf geh\u00e4rtetem Glas mit tiefem Glanz. Jetzt erh\u00e4ltlich bei Eliassen!\" \/>\n<meta property=\"og:url\" content=\"https:\/\/www.eliassen.nl\/de\/glasmalerei-louie-vuiton-schmetterling-120x80cm\/\" \/>\n<meta property=\"og:site_name\" content=\"Eliassen.nl\" \/>\n<meta property=\"article:publisher\" content=\"https:\/\/www.facebook.com\/TuincentrumEliassenAmmerzoden\" \/>\n<meta property=\"article:modified_time\" content=\"2026-02-03T09:41:51+00:00\" \/>\n<meta property=\"og:image\" content=\"https:\/\/www.eliassen.nl\/wp-content\/uploads\/2024\/11\/Glasschilderij-Louie-Vuiton-vlinder-Eliassen.nl_-1024x683.png\" \/>\n\t<meta property=\"og:image:width\" content=\"1024\" \/>\n\t<meta property=\"og:image:height\" content=\"683\" \/>\n\t<meta property=\"og:image:type\" content=\"image\/png\" \/>\n<meta name=\"twitter:card\" content=\"summary_large_image\" \/>\n<script type=\"application\/ld+json\" class=\"yoast-schema-graph\">{\"@context\":\"https:\/\/schema.org\",\"@graph\":[{\"@type\":\"WebPage\",\"@id\":\"https:\/\/www.eliassen.nl\/de\/glasmalerei-louie-vuiton-schmetterling-120x80cm\/\",\"url\":\"https:\/\/www.eliassen.nl\/de\/glasmalerei-louie-vuiton-schmetterling-120x80cm\/\",\"name\":\"Ter Halle Glasmalerei Louie Vuiton Schmetterling 120x80cm - Eliassen.nl\",\"isPartOf\":{\"@id\":\"https:\/\/www.eliassen.nl\/de\/#website\"},\"primaryImageOfPage\":{\"@id\":\"https:\/\/www.eliassen.nl\/de\/glasmalerei-louie-vuiton-schmetterling-120x80cm\/#primaryimage\"},\"image\":{\"@id\":\"https:\/\/www.eliassen.nl\/de\/glasmalerei-louie-vuiton-schmetterling-120x80cm\/#primaryimage\"},\"thumbnailUrl\":\"https:\/\/www.eliassen.nl\/wp-content\/uploads\/2024\/11\/Glasschilderij-Louie-Vuiton-vlinder-Eliassen.nl_.png\",\"datePublished\":\"2024-12-13T08:25:27+00:00\",\"dateModified\":\"2026-02-03T09:41:51+00:00\",\"description\":\"Dekorieren Sie Ihre Wand mit diesem Glasgem\u00e4lde eines Schmetterlings von Louie Vuiton (120x80cm). Luxuri\u00f6ser Druck auf geh\u00e4rtetem Glas mit tiefem Glanz. Jetzt erh\u00e4ltlich bei Eliassen!\",\"breadcrumb\":{\"@id\":\"https:\/\/www.eliassen.nl\/de\/glasmalerei-louie-vuiton-schmetterling-120x80cm\/#breadcrumb\"},\"inLanguage\":\"de\",\"potentialAction\":[{\"@type\":\"ReadAction\",\"target\":[\"https:\/\/www.eliassen.nl\/de\/glasmalerei-louie-vuiton-schmetterling-120x80cm\/\"]}]},{\"@type\":\"ImageObject\",\"inLanguage\":\"de\",\"@id\":\"https:\/\/www.eliassen.nl\/de\/glasmalerei-louie-vuiton-schmetterling-120x80cm\/#primaryimage\",\"url\":\"https:\/\/www.eliassen.nl\/wp-content\/uploads\/2024\/11\/Glasschilderij-Louie-Vuiton-vlinder-Eliassen.nl_.png\",\"contentUrl\":\"https:\/\/www.eliassen.nl\/wp-content\/uploads\/2024\/11\/Glasschilderij-Louie-Vuiton-vlinder-Eliassen.nl_.png\",\"width\":1344,\"height\":896},{\"@type\":\"BreadcrumbList\",\"@id\":\"https:\/\/www.eliassen.nl\/de\/glasmalerei-louie-vuiton-schmetterling-120x80cm\/#breadcrumb\",\"itemListElement\":[{\"@type\":\"ListItem\",\"position\":1,\"name\":\"Home\",\"item\":\"https:\/\/www.eliassen.nl\/de\/\"},{\"@type\":\"ListItem\",\"position\":2,\"name\":\"Shop\",\"item\":\"https:\/\/www.eliassen.nl\/de\/shop\/\"},{\"@type\":\"ListItem\",\"position\":3,\"name\":\"Glasmalereien\",\"item\":\"https:\/\/www.eliassen.nl\/de\/gemaelde\/glasmalereien\/\"},{\"@type\":\"ListItem\",\"position\":4,\"name\":\"Glasmalerei im Format 80x120cm\",\"item\":\"https:\/\/www.eliassen.nl\/de\/gemaelde\/glasmalereien\/glasmalerei-im-format-80x120cm\/\"},{\"@type\":\"ListItem\",\"position\":5,\"name\":\"Glasmalerei Louie Vuiton Schmetterling 120x80cm\"}]},{\"@type\":\"WebSite\",\"@id\":\"https:\/\/www.eliassen.nl\/de\/#website\",\"url\":\"https:\/\/www.eliassen.nl\/de\/\",\"name\":\"Eliassen Home & Garden Pleasure\",\"description\":\"\",\"publisher\":{\"@id\":\"https:\/\/www.eliassen.nl\/de\/#organization\"},\"alternateName\":\"Eliassen.nl\",\"potentialAction\":[{\"@type\":\"SearchAction\",\"target\":{\"@type\":\"EntryPoint\",\"urlTemplate\":\"https:\/\/www.eliassen.nl\/de\/?s={search_term_string}\"},\"query-input\":{\"@type\":\"PropertyValueSpecification\",\"valueRequired\":true,\"valueName\":\"search_term_string\"}}],\"inLanguage\":\"de\"},{\"@type\":[\"Organization\",\"Place\"],\"@id\":\"https:\/\/www.eliassen.nl\/de\/#organization\",\"name\":\"Eliassen Home & Garden Pleasure\",\"url\":\"https:\/\/www.eliassen.nl\/de\/\",\"logo\":{\"@id\":\"https:\/\/www.eliassen.nl\/de\/glasmalerei-louie-vuiton-schmetterling-120x80cm\/#local-main-organization-logo\"},\"image\":{\"@id\":\"https:\/\/www.eliassen.nl\/de\/glasmalerei-louie-vuiton-schmetterling-120x80cm\/#local-main-organization-logo\"},\"sameAs\":[\"https:\/\/www.facebook.com\/TuincentrumEliassenAmmerzoden\",\"https:\/\/www.instagram.com\/eliassenhomeandgarden\/\",\"https:\/\/nl.pinterest.com\/eliassenhomeandgarden\/\",\"https:\/\/www.youtube.com\/@eliassenhomegardenpleasure4558\"],\"telephone\":[],\"openingHoursSpecification\":[{\"@type\":\"OpeningHoursSpecification\",\"dayOfWeek\":[\"Monday\",\"Tuesday\",\"Wednesday\",\"Thursday\",\"Friday\",\"Saturday\",\"Sunday\"],\"opens\":\"09:00\",\"closes\":\"17:00\"}]},{\"@type\":\"ImageObject\",\"inLanguage\":\"de\",\"@id\":\"https:\/\/www.eliassen.nl\/de\/glasmalerei-louie-vuiton-schmetterling-120x80cm\/#local-main-organization-logo\",\"url\":\"https:\/\/www.eliassen.nl\/wp-content\/uploads\/2024\/01\/logo_4nd.jpg\",\"contentUrl\":\"https:\/\/www.eliassen.nl\/wp-content\/uploads\/2024\/01\/logo_4nd.jpg\",\"width\":500,\"height\":500,\"caption\":\"Eliassen Home & Garden Pleasure\"}]}<\/script>\n<meta property=\"product:price:amount\" content=\"169.00\" \/>\n<meta property=\"product:price:currency\" content=\"EUR\" \/>\n<meta property=\"og:availability\" content=\"out of stock\" \/>\n<meta property=\"product:availability\" content=\"out of stock\" \/>\n<meta property=\"product:retailer_item_id\" content=\"Glas080120bs-658\" \/>\n<meta property=\"product:condition\" content=\"new\" \/>\n<!-- \/ Yoast SEO Premium plugin. -->","yoast_head_json":{"title":"Ter Halle Glasmalerei Louie Vuiton Schmetterling 120x80cm - Eliassen.nl","description":"Dekorieren Sie Ihre Wand mit diesem Glasgem\u00e4lde eines Schmetterlings von Louie Vuiton (120x80cm). Luxuri\u00f6ser Druck auf geh\u00e4rtetem Glas mit tiefem Glanz. Jetzt erh\u00e4ltlich bei Eliassen!","robots":{"index":"index","follow":"follow","max-snippet":"max-snippet:-1","max-image-preview":"max-image-preview:large","max-video-preview":"max-video-preview:-1"},"canonical":"https:\/\/www.eliassen.nl\/de\/glasmalerei-louie-vuiton-schmetterling-120x80cm\/","og_locale":"de_DE","og_type":"article","og_title":"Ter Halle Glasmalerei Louie Vuiton Schmetterling 120x80cm - Eliassen.nl","og_description":"Dekorieren Sie Ihre Wand mit diesem Glasgem\u00e4lde eines Schmetterlings von Louie Vuiton (120x80cm). Luxuri\u00f6ser Druck auf geh\u00e4rtetem Glas mit tiefem Glanz. Jetzt erh\u00e4ltlich bei Eliassen!","og_url":"https:\/\/www.eliassen.nl\/de\/glasmalerei-louie-vuiton-schmetterling-120x80cm\/","og_site_name":"Eliassen.nl","article_publisher":"https:\/\/www.facebook.com\/TuincentrumEliassenAmmerzoden","article_modified_time":"2026-02-03T09:41:51+00:00","og_image":[{"width":1024,"height":683,"url":"https:\/\/www.eliassen.nl\/wp-content\/uploads\/2024\/11\/Glasschilderij-Louie-Vuiton-vlinder-Eliassen.nl_-1024x683.png","type":"image\/png"}],"twitter_card":"summary_large_image","schema":{"@context":"https:\/\/schema.org","@graph":[{"@type":"WebPage","@id":"https:\/\/www.eliassen.nl\/de\/glasmalerei-louie-vuiton-schmetterling-120x80cm\/","url":"https:\/\/www.eliassen.nl\/de\/glasmalerei-louie-vuiton-schmetterling-120x80cm\/","name":"Ter Halle Glasmalerei Louie Vuiton Schmetterling 120x80cm - Eliassen.nl","isPartOf":{"@id":"https:\/\/www.eliassen.nl\/de\/#website"},"primaryImageOfPage":{"@id":"https:\/\/www.eliassen.nl\/de\/glasmalerei-louie-vuiton-schmetterling-120x80cm\/#primaryimage"},"image":{"@id":"https:\/\/www.eliassen.nl\/de\/glasmalerei-louie-vuiton-schmetterling-120x80cm\/#primaryimage"},"thumbnailUrl":"https:\/\/www.eliassen.nl\/wp-content\/uploads\/2024\/11\/Glasschilderij-Louie-Vuiton-vlinder-Eliassen.nl_.png","datePublished":"2024-12-13T08:25:27+00:00","dateModified":"2026-02-03T09:41:51+00:00","description":"Dekorieren Sie Ihre Wand mit diesem Glasgem\u00e4lde eines Schmetterlings von Louie Vuiton (120x80cm). Luxuri\u00f6ser Druck auf geh\u00e4rtetem Glas mit tiefem Glanz. Jetzt erh\u00e4ltlich bei Eliassen!","breadcrumb":{"@id":"https:\/\/www.eliassen.nl\/de\/glasmalerei-louie-vuiton-schmetterling-120x80cm\/#breadcrumb"},"inLanguage":"de","potentialAction":[{"@type":"ReadAction","target":["https:\/\/www.eliassen.nl\/de\/glasmalerei-louie-vuiton-schmetterling-120x80cm\/"]}]},{"@type":"ImageObject","inLanguage":"de","@id":"https:\/\/www.eliassen.nl\/de\/glasmalerei-louie-vuiton-schmetterling-120x80cm\/#primaryimage","url":"https:\/\/www.eliassen.nl\/wp-content\/uploads\/2024\/11\/Glasschilderij-Louie-Vuiton-vlinder-Eliassen.nl_.png","contentUrl":"https:\/\/www.eliassen.nl\/wp-content\/uploads\/2024\/11\/Glasschilderij-Louie-Vuiton-vlinder-Eliassen.nl_.png","width":1344,"height":896},{"@type":"BreadcrumbList","@id":"https:\/\/www.eliassen.nl\/de\/glasmalerei-louie-vuiton-schmetterling-120x80cm\/#breadcrumb","itemListElement":[{"@type":"ListItem","position":1,"name":"Home","item":"https:\/\/www.eliassen.nl\/de\/"},{"@type":"ListItem","position":2,"name":"Shop","item":"https:\/\/www.eliassen.nl\/de\/shop\/"},{"@type":"ListItem","position":3,"name":"Glasmalereien","item":"https:\/\/www.eliassen.nl\/de\/gemaelde\/glasmalereien\/"},{"@type":"ListItem","position":4,"name":"Glasmalerei im Format 80x120cm","item":"https:\/\/www.eliassen.nl\/de\/gemaelde\/glasmalereien\/glasmalerei-im-format-80x120cm\/"},{"@type":"ListItem","position":5,"name":"Glasmalerei Louie Vuiton Schmetterling 120x80cm"}]},{"@type":"WebSite","@id":"https:\/\/www.eliassen.nl\/de\/#website","url":"https:\/\/www.eliassen.nl\/de\/","name":"Eliassen Home & Garden Pleasure","description":"","publisher":{"@id":"https:\/\/www.eliassen.nl\/de\/#organization"},"alternateName":"Eliassen.nl","potentialAction":[{"@type":"SearchAction","target":{"@type":"EntryPoint","urlTemplate":"https:\/\/www.eliassen.nl\/de\/?s={search_term_string}"},"query-input":{"@type":"PropertyValueSpecification","valueRequired":true,"valueName":"search_term_string"}}],"inLanguage":"de"},{"@type":["Organization","Place"],"@id":"https:\/\/www.eliassen.nl\/de\/#organization","name":"Eliassen Home & Garden Pleasure","url":"https:\/\/www.eliassen.nl\/de\/","logo":{"@id":"https:\/\/www.eliassen.nl\/de\/glasmalerei-louie-vuiton-schmetterling-120x80cm\/#local-main-organization-logo"},"image":{"@id":"https:\/\/www.eliassen.nl\/de\/glasmalerei-louie-vuiton-schmetterling-120x80cm\/#local-main-organization-logo"},"sameAs":["https:\/\/www.facebook.com\/TuincentrumEliassenAmmerzoden","https:\/\/www.instagram.com\/eliassenhomeandgarden\/","https:\/\/nl.pinterest.com\/eliassenhomeandgarden\/","https:\/\/www.youtube.com\/@eliassenhomegardenpleasure4558"],"telephone":[],"openingHoursSpecification":[{"@type":"OpeningHoursSpecification","dayOfWeek":["Monday","Tuesday","Wednesday","Thursday","Friday","Saturday","Sunday"],"opens":"09:00","closes":"17:00"}]},{"@type":"ImageObject","inLanguage":"de","@id":"https:\/\/www.eliassen.nl\/de\/glasmalerei-louie-vuiton-schmetterling-120x80cm\/#local-main-organization-logo","url":"https:\/\/www.eliassen.nl\/wp-content\/uploads\/2024\/01\/logo_4nd.jpg","contentUrl":"https:\/\/www.eliassen.nl\/wp-content\/uploads\/2024\/01\/logo_4nd.jpg","width":500,"height":500,"caption":"Eliassen Home & Garden Pleasure"}]},"product_price_amount":"169.00","product_price_currency":"EUR","og_availability":"out of stock","product_availability":"out of stock","product_retailer_item_id":"Glas080120bs-658","product_condition":"new"},"df_price":169,"df_sale_price":"","df_regular_price":169,"df_image_link":"https:\/\/www.eliassen.nl\/wp-content\/uploads\/2024\/11\/Glasschilderij-Louie-Vuiton-vlinder-Eliassen.nl_-300x200.png","image":"https:\/\/www.eliassen.nl\/wp-content\/uploads\/2024\/11\/Glasschilderij-Louie-Vuiton-vlinder-Eliassen.nl_-150x150.png","price_search":"<span class=\"woocommerce-Price-amount amount\"><bdi><span class=\"woocommerce-Price-currencySymbol\">&euro;<\/span>&nbsp;169,00<\/bdi><\/span>","category":"Gem\u00e4lde","global_unique_id":"8714688615990","_links":{"self":[{"href":"https:\/\/www.eliassen.nl\/de\/wp-json\/wp\/v2\/product\/169614","targetHints":{"allow":["GET"]}}],"collection":[{"href":"https:\/\/www.eliassen.nl\/de\/wp-json\/wp\/v2\/product"}],"about":[{"href":"https:\/\/www.eliassen.nl\/de\/wp-json\/wp\/v2\/types\/product"}],"wp:featuredmedia":[{"embeddable":true,"href":"https:\/\/www.eliassen.nl\/de\/wp-json\/wp\/v2\/media\/166488"}],"wp:attachment":[{"href":"https:\/\/www.eliassen.nl\/de\/wp-json\/wp\/v2\/media?parent=169614"}],"wp:term":[{"taxonomy":"product_brand","embeddable":true,"href":"https:\/\/www.eliassen.nl\/de\/wp-json\/wp\/v2\/product_brand?post=169614"},{"taxonomy":"product_cat","embeddable":true,"href":"https:\/\/www.eliassen.nl\/de\/wp-json\/wp\/v2\/product_cat?post=169614"},{"taxonomy":"product_tag","embeddable":true,"href":"https:\/\/www.eliassen.nl\/de\/wp-json\/wp\/v2\/product_tag?post=169614"}],"curies":[{"name":"wp","href":"https:\/\/api.w.org\/{rel}","templated":true}]}}