{"id":16852,"date":"2019-10-28T18:38:22","date_gmt":"2019-10-28T18:38:22","guid":{"rendered":"https:\/\/www.eliassen.nl\/?product=adler-koenig"},"modified":"2026-01-16T13:34:54","modified_gmt":"2026-01-16T12:34:54","slug":"gartenstatue-adler-super-gross","status":"publish","type":"product","link":"https:\/\/www.eliassen.nl\/de\/gartenstatue-adler-super-gross\/","title":{"rendered":"Garten Skulptur Adler super gro\u00df"},"content":{"rendered":"<p>Ein \u00fcberdimensionaler Adler mit ausgebreiteten Fl\u00fcgeln, der abhebt. Hergestellt aus wei\u00dfem Beton, der grau eingewaschen ist. Der Adler ist stolze 175 cm gro\u00df und wiegt 210 kg.<br \/>Sie k\u00f6nnen diesen Adler m\u00f6glicherweise mit dem Sockel 738 kombinieren.<\/p>\n","protected":false},"excerpt":{"rendered":"<p>Ein \u00fcberdimensionaler Adler mit ausgebreiteten Fl\u00fcgeln, der abhebt. Hergestellt aus wei\u00dfem Beton, der grau eingewaschen ist. Der Adler ist stolze 175 cm gro\u00df und wiegt 210 kg.Sie k\u00f6nnen diesen Adler m\u00f6glicherweise mit dem Sockel 738 kombinieren.<\/p>\n","protected":false},"featured_media":16849,"template":"","meta":{"_acf_changed":false,"_genesis_title":"","_genesis_description":""},"product_brand":[7505],"product_cat":[677,698,7239],"product_tag":[],"class_list":{"0":"post-16852","1":"product","2":"type-product","3":"status-publish","4":"has-post-thumbnail","6":"product_brand-sonstige","7":"product_cat-betonstatuen","8":"product_cat-tierbilder","9":"product_cat-bilder","11":"first","12":"outofstock","13":"taxable","14":"shipping-taxable","15":"purchasable","16":"product-type-simple"},"acf":[],"meta_all":{"total_sales":"0","wcml_sync_hash":{"postmeta_fields":"f38177fe596e1636d475d8a8661ed098"},"attr_label_translations":[]},"meta_all_flat":{"total_sales":"0","wcml_sync_hash.postmeta_fields":"f38177fe596e1636d475d8a8661ed098"},"yoast_head":"<!-- This site is optimized with the Yoast SEO Premium plugin v26.2 (Yoast SEO v27.2) - https:\/\/yoast.com\/product\/yoast-seo-premium-wordpress\/ -->\n<title>Garten Skulptur Adler super gro\u00df | Eliassen<\/title>\n<meta name=\"description\" content=\"Bei Eliassen k\u00f6nnen Sie die Gartenstatue Eagle supergro\u00df online kaufen oder live im Ausstellungsraum betrachten. Wir haben die sch\u00f6nsten Steinstatuen, Tierstatuen\" \/>\n<meta name=\"robots\" content=\"index, follow, max-snippet:-1, max-image-preview:large, max-video-preview:-1\" \/>\n<link rel=\"canonical\" href=\"https:\/\/www.eliassen.nl\/de\/gartenstatue-adler-super-gross\/\" \/>\n<meta property=\"og:locale\" content=\"de_DE\" \/>\n<meta property=\"og:type\" content=\"article\" \/>\n<meta property=\"og:title\" content=\"Sonstige Garten Skulptur Adler super gro\u00df - Eliassen.nl\" \/>\n<meta property=\"og:description\" content=\"Bei Eliassen k\u00f6nnen Sie die Gartenstatue Eagle supergro\u00df online kaufen oder live im Ausstellungsraum betrachten. Wir haben die sch\u00f6nsten Steinstatuen, Tierstatuen\" \/>\n<meta property=\"og:url\" content=\"https:\/\/www.eliassen.nl\/de\/gartenstatue-adler-super-gross\/\" \/>\n<meta property=\"og:site_name\" content=\"Eliassen.nl\" \/>\n<meta property=\"article:publisher\" content=\"https:\/\/www.facebook.com\/TuincentrumEliassenAmmerzoden\" \/>\n<meta property=\"article:modified_time\" content=\"2026-01-16T12:34:54+00:00\" \/>\n<meta property=\"og:image\" content=\"https:\/\/www.eliassen.nl\/wp-content\/uploads\/2024\/01\/p2061.jpg\" \/>\n\t<meta property=\"og:image:width\" content=\"349\" \/>\n\t<meta property=\"og:image:height\" content=\"592\" \/>\n\t<meta property=\"og:image:type\" content=\"image\/jpeg\" \/>\n<meta name=\"twitter:card\" content=\"summary_large_image\" \/>\n<script type=\"application\/ld+json\" class=\"yoast-schema-graph\">{\"@context\":\"https:\/\/schema.org\",\"@graph\":[{\"@type\":\"WebPage\",\"@id\":\"https:\/\/www.eliassen.nl\/de\/gartenstatue-adler-super-gross\/\",\"url\":\"https:\/\/www.eliassen.nl\/de\/gartenstatue-adler-super-gross\/\",\"name\":\"Garten Skulptur Adler super gro\u00df | Eliassen\",\"isPartOf\":{\"@id\":\"https:\/\/www.eliassen.nl\/de\/#website\"},\"primaryImageOfPage\":{\"@id\":\"https:\/\/www.eliassen.nl\/de\/gartenstatue-adler-super-gross\/#primaryimage\"},\"image\":{\"@id\":\"https:\/\/www.eliassen.nl\/de\/gartenstatue-adler-super-gross\/#primaryimage\"},\"thumbnailUrl\":\"https:\/\/www.eliassen.nl\/wp-content\/uploads\/2024\/01\/p2061.jpg\",\"datePublished\":\"2019-10-28T18:38:22+00:00\",\"dateModified\":\"2026-01-16T12:34:54+00:00\",\"description\":\"Bei Eliassen k\u00f6nnen Sie die Gartenstatue Eagle supergro\u00df online kaufen oder live im Ausstellungsraum betrachten. Wir haben die sch\u00f6nsten Steinstatuen, Tierstatuen\",\"breadcrumb\":{\"@id\":\"https:\/\/www.eliassen.nl\/de\/gartenstatue-adler-super-gross\/#breadcrumb\"},\"inLanguage\":\"de\",\"potentialAction\":[{\"@type\":\"ReadAction\",\"target\":[\"https:\/\/www.eliassen.nl\/de\/gartenstatue-adler-super-gross\/\"]}]},{\"@type\":\"ImageObject\",\"inLanguage\":\"de\",\"@id\":\"https:\/\/www.eliassen.nl\/de\/gartenstatue-adler-super-gross\/#primaryimage\",\"url\":\"https:\/\/www.eliassen.nl\/wp-content\/uploads\/2024\/01\/p2061.jpg\",\"contentUrl\":\"https:\/\/www.eliassen.nl\/wp-content\/uploads\/2024\/01\/p2061.jpg\",\"width\":349,\"height\":592,\"caption\":\"p2061\"},{\"@type\":\"BreadcrumbList\",\"@id\":\"https:\/\/www.eliassen.nl\/de\/gartenstatue-adler-super-gross\/#breadcrumb\",\"itemListElement\":[{\"@type\":\"ListItem\",\"position\":1,\"name\":\"Home\",\"item\":\"https:\/\/www.eliassen.nl\/de\/\"},{\"@type\":\"ListItem\",\"position\":2,\"name\":\"Shop\",\"item\":\"https:\/\/www.eliassen.nl\/de\/shop\/\"},{\"@type\":\"ListItem\",\"position\":3,\"name\":\"Bilder\",\"item\":\"https:\/\/www.eliassen.nl\/de\/bilder\/\"},{\"@type\":\"ListItem\",\"position\":4,\"name\":\"Betonstatuen\",\"item\":\"https:\/\/www.eliassen.nl\/de\/bilder\/betonstatuen\/\"},{\"@type\":\"ListItem\",\"position\":5,\"name\":\"Tierstatuen aus Beton\",\"item\":\"https:\/\/www.eliassen.nl\/de\/bilder\/betonstatuen\/tierbilder\/\"},{\"@type\":\"ListItem\",\"position\":6,\"name\":\"Garten Skulptur Adler super gro\u00df\"}]},{\"@type\":\"WebSite\",\"@id\":\"https:\/\/www.eliassen.nl\/de\/#website\",\"url\":\"https:\/\/www.eliassen.nl\/de\/\",\"name\":\"Eliassen Home & Garden Pleasure\",\"description\":\"\",\"publisher\":{\"@id\":\"https:\/\/www.eliassen.nl\/de\/#organization\"},\"alternateName\":\"Eliassen.nl\",\"potentialAction\":[{\"@type\":\"SearchAction\",\"target\":{\"@type\":\"EntryPoint\",\"urlTemplate\":\"https:\/\/www.eliassen.nl\/de\/?s={search_term_string}\"},\"query-input\":{\"@type\":\"PropertyValueSpecification\",\"valueRequired\":true,\"valueName\":\"search_term_string\"}}],\"inLanguage\":\"de\"},{\"@type\":[\"Organization\",\"Place\"],\"@id\":\"https:\/\/www.eliassen.nl\/de\/#organization\",\"name\":\"Eliassen Home & Garden Pleasure\",\"url\":\"https:\/\/www.eliassen.nl\/de\/\",\"logo\":{\"@id\":\"https:\/\/www.eliassen.nl\/de\/gartenstatue-adler-super-gross\/#local-main-organization-logo\"},\"image\":{\"@id\":\"https:\/\/www.eliassen.nl\/de\/gartenstatue-adler-super-gross\/#local-main-organization-logo\"},\"sameAs\":[\"https:\/\/www.facebook.com\/TuincentrumEliassenAmmerzoden\",\"https:\/\/www.instagram.com\/eliassenhomeandgarden\/\",\"https:\/\/nl.pinterest.com\/eliassenhomeandgarden\/\",\"https:\/\/www.youtube.com\/@eliassenhomegardenpleasure4558\"],\"telephone\":[],\"openingHoursSpecification\":[{\"@type\":\"OpeningHoursSpecification\",\"dayOfWeek\":[\"Monday\",\"Tuesday\",\"Wednesday\",\"Thursday\",\"Friday\",\"Saturday\",\"Sunday\"],\"opens\":\"09:00\",\"closes\":\"17:00\"}]},{\"@type\":\"ImageObject\",\"inLanguage\":\"de\",\"@id\":\"https:\/\/www.eliassen.nl\/de\/gartenstatue-adler-super-gross\/#local-main-organization-logo\",\"url\":\"https:\/\/www.eliassen.nl\/wp-content\/uploads\/2024\/01\/logo_4nd.jpg\",\"contentUrl\":\"https:\/\/www.eliassen.nl\/wp-content\/uploads\/2024\/01\/logo_4nd.jpg\",\"width\":500,\"height\":500,\"caption\":\"Eliassen Home & Garden Pleasure\"}]}<\/script>\n<meta property=\"product:price:amount\" content=\"475.00\" \/>\n<meta property=\"product:price:currency\" content=\"EUR\" \/>\n<meta property=\"og:availability\" content=\"out of stock\" \/>\n<meta property=\"product:availability\" content=\"out of stock\" \/>\n<meta property=\"product:retailer_item_id\" content=\"2061\" \/>\n<meta property=\"product:condition\" content=\"new\" \/>\n<!-- \/ Yoast SEO Premium plugin. -->","yoast_head_json":{"title":"Garten Skulptur Adler super gro\u00df | Eliassen","description":"Bei Eliassen k\u00f6nnen Sie die Gartenstatue Eagle supergro\u00df online kaufen oder live im Ausstellungsraum betrachten. Wir haben die sch\u00f6nsten Steinstatuen, Tierstatuen","robots":{"index":"index","follow":"follow","max-snippet":"max-snippet:-1","max-image-preview":"max-image-preview:large","max-video-preview":"max-video-preview:-1"},"canonical":"https:\/\/www.eliassen.nl\/de\/gartenstatue-adler-super-gross\/","og_locale":"de_DE","og_type":"article","og_title":"Sonstige Garten Skulptur Adler super gro\u00df - Eliassen.nl","og_description":"Bei Eliassen k\u00f6nnen Sie die Gartenstatue Eagle supergro\u00df online kaufen oder live im Ausstellungsraum betrachten. Wir haben die sch\u00f6nsten Steinstatuen, Tierstatuen","og_url":"https:\/\/www.eliassen.nl\/de\/gartenstatue-adler-super-gross\/","og_site_name":"Eliassen.nl","article_publisher":"https:\/\/www.facebook.com\/TuincentrumEliassenAmmerzoden","article_modified_time":"2026-01-16T12:34:54+00:00","og_image":[{"width":349,"height":592,"url":"https:\/\/www.eliassen.nl\/wp-content\/uploads\/2024\/01\/p2061.jpg","type":"image\/jpeg"}],"twitter_card":"summary_large_image","schema":{"@context":"https:\/\/schema.org","@graph":[{"@type":"WebPage","@id":"https:\/\/www.eliassen.nl\/de\/gartenstatue-adler-super-gross\/","url":"https:\/\/www.eliassen.nl\/de\/gartenstatue-adler-super-gross\/","name":"Garten Skulptur Adler super gro\u00df | Eliassen","isPartOf":{"@id":"https:\/\/www.eliassen.nl\/de\/#website"},"primaryImageOfPage":{"@id":"https:\/\/www.eliassen.nl\/de\/gartenstatue-adler-super-gross\/#primaryimage"},"image":{"@id":"https:\/\/www.eliassen.nl\/de\/gartenstatue-adler-super-gross\/#primaryimage"},"thumbnailUrl":"https:\/\/www.eliassen.nl\/wp-content\/uploads\/2024\/01\/p2061.jpg","datePublished":"2019-10-28T18:38:22+00:00","dateModified":"2026-01-16T12:34:54+00:00","description":"Bei Eliassen k\u00f6nnen Sie die Gartenstatue Eagle supergro\u00df online kaufen oder live im Ausstellungsraum betrachten. Wir haben die sch\u00f6nsten Steinstatuen, Tierstatuen","breadcrumb":{"@id":"https:\/\/www.eliassen.nl\/de\/gartenstatue-adler-super-gross\/#breadcrumb"},"inLanguage":"de","potentialAction":[{"@type":"ReadAction","target":["https:\/\/www.eliassen.nl\/de\/gartenstatue-adler-super-gross\/"]}]},{"@type":"ImageObject","inLanguage":"de","@id":"https:\/\/www.eliassen.nl\/de\/gartenstatue-adler-super-gross\/#primaryimage","url":"https:\/\/www.eliassen.nl\/wp-content\/uploads\/2024\/01\/p2061.jpg","contentUrl":"https:\/\/www.eliassen.nl\/wp-content\/uploads\/2024\/01\/p2061.jpg","width":349,"height":592,"caption":"p2061"},{"@type":"BreadcrumbList","@id":"https:\/\/www.eliassen.nl\/de\/gartenstatue-adler-super-gross\/#breadcrumb","itemListElement":[{"@type":"ListItem","position":1,"name":"Home","item":"https:\/\/www.eliassen.nl\/de\/"},{"@type":"ListItem","position":2,"name":"Shop","item":"https:\/\/www.eliassen.nl\/de\/shop\/"},{"@type":"ListItem","position":3,"name":"Bilder","item":"https:\/\/www.eliassen.nl\/de\/bilder\/"},{"@type":"ListItem","position":4,"name":"Betonstatuen","item":"https:\/\/www.eliassen.nl\/de\/bilder\/betonstatuen\/"},{"@type":"ListItem","position":5,"name":"Tierstatuen aus Beton","item":"https:\/\/www.eliassen.nl\/de\/bilder\/betonstatuen\/tierbilder\/"},{"@type":"ListItem","position":6,"name":"Garten Skulptur Adler super gro\u00df"}]},{"@type":"WebSite","@id":"https:\/\/www.eliassen.nl\/de\/#website","url":"https:\/\/www.eliassen.nl\/de\/","name":"Eliassen Home & Garden Pleasure","description":"","publisher":{"@id":"https:\/\/www.eliassen.nl\/de\/#organization"},"alternateName":"Eliassen.nl","potentialAction":[{"@type":"SearchAction","target":{"@type":"EntryPoint","urlTemplate":"https:\/\/www.eliassen.nl\/de\/?s={search_term_string}"},"query-input":{"@type":"PropertyValueSpecification","valueRequired":true,"valueName":"search_term_string"}}],"inLanguage":"de"},{"@type":["Organization","Place"],"@id":"https:\/\/www.eliassen.nl\/de\/#organization","name":"Eliassen Home & Garden Pleasure","url":"https:\/\/www.eliassen.nl\/de\/","logo":{"@id":"https:\/\/www.eliassen.nl\/de\/gartenstatue-adler-super-gross\/#local-main-organization-logo"},"image":{"@id":"https:\/\/www.eliassen.nl\/de\/gartenstatue-adler-super-gross\/#local-main-organization-logo"},"sameAs":["https:\/\/www.facebook.com\/TuincentrumEliassenAmmerzoden","https:\/\/www.instagram.com\/eliassenhomeandgarden\/","https:\/\/nl.pinterest.com\/eliassenhomeandgarden\/","https:\/\/www.youtube.com\/@eliassenhomegardenpleasure4558"],"telephone":[],"openingHoursSpecification":[{"@type":"OpeningHoursSpecification","dayOfWeek":["Monday","Tuesday","Wednesday","Thursday","Friday","Saturday","Sunday"],"opens":"09:00","closes":"17:00"}]},{"@type":"ImageObject","inLanguage":"de","@id":"https:\/\/www.eliassen.nl\/de\/gartenstatue-adler-super-gross\/#local-main-organization-logo","url":"https:\/\/www.eliassen.nl\/wp-content\/uploads\/2024\/01\/logo_4nd.jpg","contentUrl":"https:\/\/www.eliassen.nl\/wp-content\/uploads\/2024\/01\/logo_4nd.jpg","width":500,"height":500,"caption":"Eliassen Home & Garden Pleasure"}]},"product_price_amount":"475.00","product_price_currency":"EUR","og_availability":"out of stock","product_availability":"out of stock","product_retailer_item_id":"2061","product_condition":"new"},"df_price":475,"df_sale_price":"","df_regular_price":475,"df_image_link":"https:\/\/www.eliassen.nl\/wp-content\/uploads\/2024\/01\/p2061.jpg","image":"https:\/\/www.eliassen.nl\/wp-content\/uploads\/2024\/01\/p2061.jpg","price_search":"<span class=\"woocommerce-Price-amount amount\"><bdi><span class=\"woocommerce-Price-currencySymbol\">&euro;<\/span>&nbsp;475,00<\/bdi><\/span>","category":"Betonstatuen","global_unique_id":"7438235693699","_links":{"self":[{"href":"https:\/\/www.eliassen.nl\/de\/wp-json\/wp\/v2\/product\/16852","targetHints":{"allow":["GET"]}}],"collection":[{"href":"https:\/\/www.eliassen.nl\/de\/wp-json\/wp\/v2\/product"}],"about":[{"href":"https:\/\/www.eliassen.nl\/de\/wp-json\/wp\/v2\/types\/product"}],"wp:featuredmedia":[{"embeddable":true,"href":"https:\/\/www.eliassen.nl\/de\/wp-json\/wp\/v2\/media\/16849"}],"wp:attachment":[{"href":"https:\/\/www.eliassen.nl\/de\/wp-json\/wp\/v2\/media?parent=16852"}],"wp:term":[{"taxonomy":"product_brand","embeddable":true,"href":"https:\/\/www.eliassen.nl\/de\/wp-json\/wp\/v2\/product_brand?post=16852"},{"taxonomy":"product_cat","embeddable":true,"href":"https:\/\/www.eliassen.nl\/de\/wp-json\/wp\/v2\/product_cat?post=16852"},{"taxonomy":"product_tag","embeddable":true,"href":"https:\/\/www.eliassen.nl\/de\/wp-json\/wp\/v2\/product_tag?post=16852"}],"curies":[{"name":"wp","href":"https:\/\/api.w.org\/{rel}","templated":true}]}}