{"id":16828,"date":"2019-10-28T18:38:07","date_gmt":"2019-10-28T18:38:07","guid":{"rendered":"https:\/\/www.eliassen.nl\/?product=oase-kabeleinfuehrung"},"modified":"2025-12-08T16:43:35","modified_gmt":"2025-12-08T15:43:35","slug":"kabeleinfuhrung","status":"publish","type":"product","link":"https:\/\/www.eliassen.nl\/de\/kabeleinfuhrung\/","title":{"rendered":"Kabeldurchf\u00fchrungst\u00fclle"},"content":{"rendered":"<p>Kabeldurchf\u00fchrungst\u00fclle von oase, wenn Sie ein Kabel von einer Halogenlampe oder einer L\u00fcnette, die durch den Wasserschlauch l\u00e4uft, nach au\u00dfen f\u00fchren m\u00f6chten. Sehr praktisch in der Anwendung, da diese T\u00fclle in 2 Teile zerlegt werden kann.<br \/>\nGeeignet f\u00fcr Schl\u00e4uche der Gr\u00f6\u00dfe 3\/4 und 1 Zoll (20 und 25 mm Schlauch)<\/p>\n","protected":false},"excerpt":{"rendered":"<p>Oase Kabeleinf\u00fchrung<\/p>\n","protected":false},"featured_media":16822,"template":"","meta":{"_acf_changed":false,"_genesis_title":"","_genesis_description":""},"product_brand":[6932],"product_cat":[545,536],"product_tag":[],"class_list":{"0":"post-16828","1":"product","2":"type-product","3":"status-publish","4":"has-post-thumbnail","6":"product_brand-oase-de","7":"product_cat-teile-wasserspiele","8":"product_cat-wassereigenschaften","10":"first","11":"instock","12":"taxable","13":"shipping-taxable","14":"purchasable","15":"product-type-simple"},"acf":[],"meta_all":{"total_sales":"4","wcml_sync_hash":{"postmeta_fields":"5c2d67bec0f2da166c9576ec87b3327d"},"attr_label_translations":[],"cor_restricted_countries":[]},"meta_all_flat":{"total_sales":"4","wcml_sync_hash.postmeta_fields":"5c2d67bec0f2da166c9576ec87b3327d"},"yoast_head":"<!-- This site is optimized with the Yoast SEO Premium plugin v26.2 (Yoast SEO v27.2) - https:\/\/yoast.com\/product\/yoast-seo-premium-wordpress\/ -->\n<title>Kabeleingang | Eliassen<\/title>\n<meta name=\"description\" content=\"Bei Eliassen k\u00f6nnen Sie Cable Transit online kaufen oder live im Ausstellungsraum betrachten. Wir haben die sch\u00f6nsten Wasserornamente, Teile Wasserornamente\" \/>\n<meta name=\"robots\" content=\"index, follow, max-snippet:-1, max-image-preview:large, max-video-preview:-1\" \/>\n<link rel=\"canonical\" href=\"https:\/\/www.eliassen.nl\/de\/kabeleinfuhrung\/\" \/>\n<meta property=\"og:locale\" content=\"de_DE\" \/>\n<meta property=\"og:type\" content=\"article\" \/>\n<meta property=\"og:title\" content=\"Oase Kabeldurchf\u00fchrungst\u00fclle - Eliassen.nl\" \/>\n<meta property=\"og:description\" content=\"Bei Eliassen k\u00f6nnen Sie Cable Transit online kaufen oder live im Ausstellungsraum betrachten. Wir haben die sch\u00f6nsten Wasserornamente, Teile Wasserornamente\" \/>\n<meta property=\"og:url\" content=\"https:\/\/www.eliassen.nl\/de\/kabeleinfuhrung\/\" \/>\n<meta property=\"og:site_name\" content=\"Eliassen.nl\" \/>\n<meta property=\"article:publisher\" content=\"https:\/\/www.facebook.com\/TuincentrumEliassenAmmerzoden\" \/>\n<meta property=\"article:modified_time\" content=\"2025-12-08T15:43:35+00:00\" \/>\n<meta property=\"og:image\" content=\"https:\/\/www.eliassen.nl\/wp-content\/uploads\/2024\/01\/150114pflunaled6sanschluss002e_2nd.jpg\" \/>\n\t<meta property=\"og:image:width\" content=\"500\" \/>\n\t<meta property=\"og:image:height\" content=\"301\" \/>\n\t<meta property=\"og:image:type\" content=\"image\/jpeg\" \/>\n<meta name=\"twitter:card\" content=\"summary_large_image\" \/>\n<script type=\"application\/ld+json\" class=\"yoast-schema-graph\">{\"@context\":\"https:\/\/schema.org\",\"@graph\":[{\"@type\":\"WebPage\",\"@id\":\"https:\/\/www.eliassen.nl\/de\/kabeleinfuhrung\/\",\"url\":\"https:\/\/www.eliassen.nl\/de\/kabeleinfuhrung\/\",\"name\":\"Kabeleingang | Eliassen\",\"isPartOf\":{\"@id\":\"https:\/\/www.eliassen.nl\/de\/#website\"},\"primaryImageOfPage\":{\"@id\":\"https:\/\/www.eliassen.nl\/de\/kabeleinfuhrung\/#primaryimage\"},\"image\":{\"@id\":\"https:\/\/www.eliassen.nl\/de\/kabeleinfuhrung\/#primaryimage\"},\"thumbnailUrl\":\"https:\/\/www.eliassen.nl\/wp-content\/uploads\/2024\/01\/150114pflunaled6sanschluss002e_2nd.jpg\",\"datePublished\":\"2019-10-28T18:38:07+00:00\",\"dateModified\":\"2025-12-08T15:43:35+00:00\",\"description\":\"Bei Eliassen k\u00f6nnen Sie Cable Transit online kaufen oder live im Ausstellungsraum betrachten. Wir haben die sch\u00f6nsten Wasserornamente, Teile Wasserornamente\",\"breadcrumb\":{\"@id\":\"https:\/\/www.eliassen.nl\/de\/kabeleinfuhrung\/#breadcrumb\"},\"inLanguage\":\"de\",\"potentialAction\":[{\"@type\":\"ReadAction\",\"target\":[\"https:\/\/www.eliassen.nl\/de\/kabeleinfuhrung\/\"]}]},{\"@type\":\"ImageObject\",\"inLanguage\":\"de\",\"@id\":\"https:\/\/www.eliassen.nl\/de\/kabeleinfuhrung\/#primaryimage\",\"url\":\"https:\/\/www.eliassen.nl\/wp-content\/uploads\/2024\/01\/150114pflunaled6sanschluss002e_2nd.jpg\",\"contentUrl\":\"https:\/\/www.eliassen.nl\/wp-content\/uploads\/2024\/01\/150114pflunaled6sanschluss002e_2nd.jpg\",\"width\":500,\"height\":301,\"caption\":\"1-50114-pf-lunaled6s-anschluss-002-e\"},{\"@type\":\"BreadcrumbList\",\"@id\":\"https:\/\/www.eliassen.nl\/de\/kabeleinfuhrung\/#breadcrumb\",\"itemListElement\":[{\"@type\":\"ListItem\",\"position\":1,\"name\":\"Home\",\"item\":\"https:\/\/www.eliassen.nl\/de\/\"},{\"@type\":\"ListItem\",\"position\":2,\"name\":\"Shop\",\"item\":\"https:\/\/www.eliassen.nl\/de\/shop\/\"},{\"@type\":\"ListItem\",\"position\":3,\"name\":\"Wasserspiele\",\"item\":\"https:\/\/www.eliassen.nl\/de\/wassereigenschaften\/\"},{\"@type\":\"ListItem\",\"position\":4,\"name\":\"Teile Wasserspiele\",\"item\":\"https:\/\/www.eliassen.nl\/de\/wassereigenschaften\/teile-wasserspiele\/\"},{\"@type\":\"ListItem\",\"position\":5,\"name\":\"Kabeldurchf\u00fchrungst\u00fclle\"}]},{\"@type\":\"WebSite\",\"@id\":\"https:\/\/www.eliassen.nl\/de\/#website\",\"url\":\"https:\/\/www.eliassen.nl\/de\/\",\"name\":\"Eliassen Home & Garden Pleasure\",\"description\":\"\",\"publisher\":{\"@id\":\"https:\/\/www.eliassen.nl\/de\/#organization\"},\"alternateName\":\"Eliassen.nl\",\"potentialAction\":[{\"@type\":\"SearchAction\",\"target\":{\"@type\":\"EntryPoint\",\"urlTemplate\":\"https:\/\/www.eliassen.nl\/de\/?s={search_term_string}\"},\"query-input\":{\"@type\":\"PropertyValueSpecification\",\"valueRequired\":true,\"valueName\":\"search_term_string\"}}],\"inLanguage\":\"de\"},{\"@type\":[\"Organization\",\"Place\"],\"@id\":\"https:\/\/www.eliassen.nl\/de\/#organization\",\"name\":\"Eliassen Home & Garden Pleasure\",\"url\":\"https:\/\/www.eliassen.nl\/de\/\",\"logo\":{\"@id\":\"https:\/\/www.eliassen.nl\/de\/kabeleinfuhrung\/#local-main-organization-logo\"},\"image\":{\"@id\":\"https:\/\/www.eliassen.nl\/de\/kabeleinfuhrung\/#local-main-organization-logo\"},\"sameAs\":[\"https:\/\/www.facebook.com\/TuincentrumEliassenAmmerzoden\",\"https:\/\/www.instagram.com\/eliassenhomeandgarden\/\",\"https:\/\/nl.pinterest.com\/eliassenhomeandgarden\/\",\"https:\/\/www.youtube.com\/@eliassenhomegardenpleasure4558\"],\"telephone\":[],\"openingHoursSpecification\":[{\"@type\":\"OpeningHoursSpecification\",\"dayOfWeek\":[\"Monday\",\"Tuesday\",\"Wednesday\",\"Thursday\",\"Friday\",\"Saturday\",\"Sunday\"],\"opens\":\"09:00\",\"closes\":\"17:00\"}]},{\"@type\":\"ImageObject\",\"inLanguage\":\"de\",\"@id\":\"https:\/\/www.eliassen.nl\/de\/kabeleinfuhrung\/#local-main-organization-logo\",\"url\":\"https:\/\/www.eliassen.nl\/wp-content\/uploads\/2024\/01\/logo_4nd.jpg\",\"contentUrl\":\"https:\/\/www.eliassen.nl\/wp-content\/uploads\/2024\/01\/logo_4nd.jpg\",\"width\":500,\"height\":500,\"caption\":\"Eliassen Home & Garden Pleasure\"}]}<\/script>\n<meta property=\"product:price:amount\" content=\"5.95\" \/>\n<meta property=\"product:price:currency\" content=\"EUR\" \/>\n<meta property=\"og:availability\" content=\"instock\" \/>\n<meta property=\"product:availability\" content=\"instock\" \/>\n<meta property=\"product:retailer_item_id\" content=\"11908\" \/>\n<meta property=\"product:condition\" content=\"new\" \/>\n<!-- \/ Yoast SEO Premium plugin. -->","yoast_head_json":{"title":"Kabeleingang | Eliassen","description":"Bei Eliassen k\u00f6nnen Sie Cable Transit online kaufen oder live im Ausstellungsraum betrachten. Wir haben die sch\u00f6nsten Wasserornamente, Teile Wasserornamente","robots":{"index":"index","follow":"follow","max-snippet":"max-snippet:-1","max-image-preview":"max-image-preview:large","max-video-preview":"max-video-preview:-1"},"canonical":"https:\/\/www.eliassen.nl\/de\/kabeleinfuhrung\/","og_locale":"de_DE","og_type":"article","og_title":"Oase Kabeldurchf\u00fchrungst\u00fclle - Eliassen.nl","og_description":"Bei Eliassen k\u00f6nnen Sie Cable Transit online kaufen oder live im Ausstellungsraum betrachten. Wir haben die sch\u00f6nsten Wasserornamente, Teile Wasserornamente","og_url":"https:\/\/www.eliassen.nl\/de\/kabeleinfuhrung\/","og_site_name":"Eliassen.nl","article_publisher":"https:\/\/www.facebook.com\/TuincentrumEliassenAmmerzoden","article_modified_time":"2025-12-08T15:43:35+00:00","og_image":[{"width":500,"height":301,"url":"https:\/\/www.eliassen.nl\/wp-content\/uploads\/2024\/01\/150114pflunaled6sanschluss002e_2nd.jpg","type":"image\/jpeg"}],"twitter_card":"summary_large_image","schema":{"@context":"https:\/\/schema.org","@graph":[{"@type":"WebPage","@id":"https:\/\/www.eliassen.nl\/de\/kabeleinfuhrung\/","url":"https:\/\/www.eliassen.nl\/de\/kabeleinfuhrung\/","name":"Kabeleingang | Eliassen","isPartOf":{"@id":"https:\/\/www.eliassen.nl\/de\/#website"},"primaryImageOfPage":{"@id":"https:\/\/www.eliassen.nl\/de\/kabeleinfuhrung\/#primaryimage"},"image":{"@id":"https:\/\/www.eliassen.nl\/de\/kabeleinfuhrung\/#primaryimage"},"thumbnailUrl":"https:\/\/www.eliassen.nl\/wp-content\/uploads\/2024\/01\/150114pflunaled6sanschluss002e_2nd.jpg","datePublished":"2019-10-28T18:38:07+00:00","dateModified":"2025-12-08T15:43:35+00:00","description":"Bei Eliassen k\u00f6nnen Sie Cable Transit online kaufen oder live im Ausstellungsraum betrachten. Wir haben die sch\u00f6nsten Wasserornamente, Teile Wasserornamente","breadcrumb":{"@id":"https:\/\/www.eliassen.nl\/de\/kabeleinfuhrung\/#breadcrumb"},"inLanguage":"de","potentialAction":[{"@type":"ReadAction","target":["https:\/\/www.eliassen.nl\/de\/kabeleinfuhrung\/"]}]},{"@type":"ImageObject","inLanguage":"de","@id":"https:\/\/www.eliassen.nl\/de\/kabeleinfuhrung\/#primaryimage","url":"https:\/\/www.eliassen.nl\/wp-content\/uploads\/2024\/01\/150114pflunaled6sanschluss002e_2nd.jpg","contentUrl":"https:\/\/www.eliassen.nl\/wp-content\/uploads\/2024\/01\/150114pflunaled6sanschluss002e_2nd.jpg","width":500,"height":301,"caption":"1-50114-pf-lunaled6s-anschluss-002-e"},{"@type":"BreadcrumbList","@id":"https:\/\/www.eliassen.nl\/de\/kabeleinfuhrung\/#breadcrumb","itemListElement":[{"@type":"ListItem","position":1,"name":"Home","item":"https:\/\/www.eliassen.nl\/de\/"},{"@type":"ListItem","position":2,"name":"Shop","item":"https:\/\/www.eliassen.nl\/de\/shop\/"},{"@type":"ListItem","position":3,"name":"Wasserspiele","item":"https:\/\/www.eliassen.nl\/de\/wassereigenschaften\/"},{"@type":"ListItem","position":4,"name":"Teile Wasserspiele","item":"https:\/\/www.eliassen.nl\/de\/wassereigenschaften\/teile-wasserspiele\/"},{"@type":"ListItem","position":5,"name":"Kabeldurchf\u00fchrungst\u00fclle"}]},{"@type":"WebSite","@id":"https:\/\/www.eliassen.nl\/de\/#website","url":"https:\/\/www.eliassen.nl\/de\/","name":"Eliassen Home & Garden Pleasure","description":"","publisher":{"@id":"https:\/\/www.eliassen.nl\/de\/#organization"},"alternateName":"Eliassen.nl","potentialAction":[{"@type":"SearchAction","target":{"@type":"EntryPoint","urlTemplate":"https:\/\/www.eliassen.nl\/de\/?s={search_term_string}"},"query-input":{"@type":"PropertyValueSpecification","valueRequired":true,"valueName":"search_term_string"}}],"inLanguage":"de"},{"@type":["Organization","Place"],"@id":"https:\/\/www.eliassen.nl\/de\/#organization","name":"Eliassen Home & Garden Pleasure","url":"https:\/\/www.eliassen.nl\/de\/","logo":{"@id":"https:\/\/www.eliassen.nl\/de\/kabeleinfuhrung\/#local-main-organization-logo"},"image":{"@id":"https:\/\/www.eliassen.nl\/de\/kabeleinfuhrung\/#local-main-organization-logo"},"sameAs":["https:\/\/www.facebook.com\/TuincentrumEliassenAmmerzoden","https:\/\/www.instagram.com\/eliassenhomeandgarden\/","https:\/\/nl.pinterest.com\/eliassenhomeandgarden\/","https:\/\/www.youtube.com\/@eliassenhomegardenpleasure4558"],"telephone":[],"openingHoursSpecification":[{"@type":"OpeningHoursSpecification","dayOfWeek":["Monday","Tuesday","Wednesday","Thursday","Friday","Saturday","Sunday"],"opens":"09:00","closes":"17:00"}]},{"@type":"ImageObject","inLanguage":"de","@id":"https:\/\/www.eliassen.nl\/de\/kabeleinfuhrung\/#local-main-organization-logo","url":"https:\/\/www.eliassen.nl\/wp-content\/uploads\/2024\/01\/logo_4nd.jpg","contentUrl":"https:\/\/www.eliassen.nl\/wp-content\/uploads\/2024\/01\/logo_4nd.jpg","width":500,"height":500,"caption":"Eliassen Home & Garden Pleasure"}]},"product_price_amount":"5.95","product_price_currency":"EUR","og_availability":"instock","product_availability":"instock","product_retailer_item_id":"11908","product_condition":"new"},"df_price":5.95,"df_sale_price":"","df_regular_price":5.95,"df_image_link":"https:\/\/www.eliassen.nl\/wp-content\/uploads\/2024\/01\/150114pflunaled6sanschluss002e_2nd.jpg","image":"https:\/\/www.eliassen.nl\/wp-content\/uploads\/2024\/01\/150114pflunaled6sanschluss002e_2nd.jpg","price_search":"<span class=\"woocommerce-Price-amount amount\"><bdi><span class=\"woocommerce-Price-currencySymbol\">&euro;<\/span>&nbsp;5,95<\/bdi><\/span>","category":"Teile Wasserspiele","global_unique_id":"7438245699681","_links":{"self":[{"href":"https:\/\/www.eliassen.nl\/de\/wp-json\/wp\/v2\/product\/16828","targetHints":{"allow":["GET"]}}],"collection":[{"href":"https:\/\/www.eliassen.nl\/de\/wp-json\/wp\/v2\/product"}],"about":[{"href":"https:\/\/www.eliassen.nl\/de\/wp-json\/wp\/v2\/types\/product"}],"wp:featuredmedia":[{"embeddable":true,"href":"https:\/\/www.eliassen.nl\/de\/wp-json\/wp\/v2\/media\/16822"}],"wp:attachment":[{"href":"https:\/\/www.eliassen.nl\/de\/wp-json\/wp\/v2\/media?parent=16828"}],"wp:term":[{"taxonomy":"product_brand","embeddable":true,"href":"https:\/\/www.eliassen.nl\/de\/wp-json\/wp\/v2\/product_brand?post=16828"},{"taxonomy":"product_cat","embeddable":true,"href":"https:\/\/www.eliassen.nl\/de\/wp-json\/wp\/v2\/product_cat?post=16828"},{"taxonomy":"product_tag","embeddable":true,"href":"https:\/\/www.eliassen.nl\/de\/wp-json\/wp\/v2\/product_tag?post=16828"}],"curies":[{"name":"wp","href":"https:\/\/api.w.org\/{rel}","templated":true}]}}