{"id":16732,"date":"2019-10-28T18:37:52","date_gmt":"2019-10-28T18:37:52","guid":{"rendered":"https:\/\/www.eliassen.nl\/?product=eliassen-wall-of-blumen-wasserwand"},"modified":"2026-01-16T13:34:43","modified_gmt":"2026-01-16T12:34:43","slug":"wasserwand-blumen-blumenwand","status":"publish","type":"product","link":"https:\/\/www.eliassen.nl\/de\/wasserwand-blumen-blumenwand\/","title":{"rendered":"Wasserwand Wand der Blumen"},"content":{"rendered":"<p><strong>Es handelt sich um ein loses Ornament. Erkundigen Sie sich nach den anderen ben\u00f6tigten Teilen.<\/strong><\/p>\n<p>Die Wasserwand wurde im eigenen Haus entwickelt und hergestellt und steht nirgendwo anders zum Verkauf.<\/p>\n<ul>\n<li>Hergestellt aus einem Basaltfelsen<\/li>\n<li>Vollst\u00e4ndig von Hand gefertigt<\/li>\n<li>Ca. 100 cm hoch<\/li>\n<li>Ein seltenes St\u00fcck mit einer sehr kleinen Auflage<\/li>\n<li>Sieht auch sehr sch\u00f6n aus, wenn Sie es in den Teich legen. Das Wasser tritt auf subtile Weise aus dem obersten Blatt aus und l\u00e4uft so \u00fcber die anderen Bl\u00e4tter nach unten.<\/li>\n<\/ul>\n<p><strong>Besuchen Sie unseren Ausstellungsraum, um viele Modelle live zu bewundern!<\/strong><\/p>\n<ul>\n<li>Nirgendwo sonst zu verkaufen<\/li>\n<li>Ideal f\u00fcr ein Wandarrangement<\/li>\n<li>Nat\u00fcrliches Aussehen<\/li>\n<li>Kopie kann vom Foto abweichen<\/li>\n<li>Haben Sie Fragen zu diesem Artikel oder ben\u00f6tigen Sie Ratschl\u00e4ge, um dieses Modell mit allen anderen wesentlichen Bestandteilen zu vervollst\u00e4ndigen? Dann kontaktieren Sie uns per Telefon.<\/li>\n<li><strong>Tipp<\/strong>: Mit einem darauf gerichteten LED-Strahler schaffen Sie einen sch\u00f6nen Blickfang f\u00fcr Ihren Garten.<\/li>\n<\/ul>\n","protected":false},"excerpt":{"rendered":"<p>Es handelt sich um ein loses Ornament. Erkundigen Sie sich nach den anderen ben\u00f6tigten Teilen.<\/p>\n","protected":false},"featured_media":16726,"template":"","meta":{"_acf_changed":false,"_genesis_title":"","_genesis_description":""},"product_brand":[6916],"product_cat":[539,551,572,536],"product_tag":[],"class_list":{"0":"post-16732","1":"product","2":"type-product","3":"status-publish","4":"has-post-thumbnail","6":"product_brand-eliassen-de","7":"product_cat-einzigartige-eigene-modelle-von-losen-wasserspiele","8":"product_cat-lose-wasserspiele","9":"product_cat-wandbrunnen","10":"product_cat-wassereigenschaften","12":"first","13":"instock","14":"sale","15":"taxable","16":"shipping-taxable","17":"purchasable","18":"product-type-simple"},"acf":[],"meta_all":{"total_sales":"1","wcml_sync_hash":{"postmeta_fields":"9b46a9820f7a6e8b365b942b86231d85"},"attr_label_translations":[],"cor_restricted_countries":[]},"meta_all_flat":{"total_sales":"1","wcml_sync_hash.postmeta_fields":"9b46a9820f7a6e8b365b942b86231d85"},"yoast_head":"<!-- This site is optimized with the Yoast SEO Premium plugin v26.2 (Yoast SEO v27.2) - https:\/\/yoast.com\/product\/yoast-seo-premium-wordpress\/ -->\n<title>Wasserwand Blumen | EINZIGARTIGES MODELL! | Eliassen.co.uk<\/title>\n<meta name=\"description\" content=\"Sch\u00f6ne Wasserwand mit einem Blumenmotiv. Nirgendwo sonst zu verkaufen! Vollst\u00e4ndig von Hand gefertigt. Au\u00dferdem sind \u00fcber 300 Wasserornamente LIVE ausgestellt!\" \/>\n<meta name=\"robots\" content=\"index, follow, max-snippet:-1, max-image-preview:large, max-video-preview:-1\" \/>\n<link rel=\"canonical\" href=\"https:\/\/www.eliassen.nl\/de\/wasserwand-blumen-blumenwand\/\" \/>\n<meta property=\"og:locale\" content=\"de_DE\" \/>\n<meta property=\"og:type\" content=\"article\" \/>\n<meta property=\"og:title\" content=\"Eliassen Wasserwand Wand der Blumen - Eliassen.nl\" \/>\n<meta property=\"og:description\" content=\"Sch\u00f6ne Wasserwand mit einem Blumenmotiv. Nirgendwo sonst zu verkaufen! Vollst\u00e4ndig von Hand gefertigt. Au\u00dferdem sind \u00fcber 300 Wasserornamente LIVE ausgestellt!\" \/>\n<meta property=\"og:url\" content=\"https:\/\/www.eliassen.nl\/de\/wasserwand-blumen-blumenwand\/\" \/>\n<meta property=\"og:site_name\" content=\"Eliassen.nl\" \/>\n<meta property=\"article:publisher\" content=\"https:\/\/www.facebook.com\/TuincentrumEliassenAmmerzoden\" \/>\n<meta property=\"article:modified_time\" content=\"2026-01-16T12:34:43+00:00\" \/>\n<meta property=\"og:image\" content=\"https:\/\/www.eliassen.nl\/wp-content\/uploads\/2024\/01\/watermuurbloemeneliassennl.jpg\" \/>\n\t<meta property=\"og:image:width\" content=\"575\" \/>\n\t<meta property=\"og:image:height\" content=\"1024\" \/>\n\t<meta property=\"og:image:type\" content=\"image\/jpeg\" \/>\n<meta name=\"twitter:card\" content=\"summary_large_image\" \/>\n<script type=\"application\/ld+json\" class=\"yoast-schema-graph\">{\"@context\":\"https:\/\/schema.org\",\"@graph\":[{\"@type\":\"WebPage\",\"@id\":\"https:\/\/www.eliassen.nl\/de\/wasserwand-blumen-blumenwand\/\",\"url\":\"https:\/\/www.eliassen.nl\/de\/wasserwand-blumen-blumenwand\/\",\"name\":\"Wasserwand Blumen | EINZIGARTIGES MODELL! | Eliassen.co.uk\",\"isPartOf\":{\"@id\":\"https:\/\/www.eliassen.nl\/de\/#website\"},\"primaryImageOfPage\":{\"@id\":\"https:\/\/www.eliassen.nl\/de\/wasserwand-blumen-blumenwand\/#primaryimage\"},\"image\":{\"@id\":\"https:\/\/www.eliassen.nl\/de\/wasserwand-blumen-blumenwand\/#primaryimage\"},\"thumbnailUrl\":\"https:\/\/www.eliassen.nl\/wp-content\/uploads\/2024\/01\/watermuurbloemeneliassennl.jpg\",\"datePublished\":\"2019-10-28T18:37:52+00:00\",\"dateModified\":\"2026-01-16T12:34:43+00:00\",\"description\":\"Sch\u00f6ne Wasserwand mit einem Blumenmotiv. Nirgendwo sonst zu verkaufen! Vollst\u00e4ndig von Hand gefertigt. Au\u00dferdem sind \u00fcber 300 Wasserornamente LIVE ausgestellt!\",\"breadcrumb\":{\"@id\":\"https:\/\/www.eliassen.nl\/de\/wasserwand-blumen-blumenwand\/#breadcrumb\"},\"inLanguage\":\"de\",\"potentialAction\":[{\"@type\":\"ReadAction\",\"target\":[\"https:\/\/www.eliassen.nl\/de\/wasserwand-blumen-blumenwand\/\"]}]},{\"@type\":\"ImageObject\",\"inLanguage\":\"de\",\"@id\":\"https:\/\/www.eliassen.nl\/de\/wasserwand-blumen-blumenwand\/#primaryimage\",\"url\":\"https:\/\/www.eliassen.nl\/wp-content\/uploads\/2024\/01\/watermuurbloemeneliassennl.jpg\",\"contentUrl\":\"https:\/\/www.eliassen.nl\/wp-content\/uploads\/2024\/01\/watermuurbloemeneliassennl.jpg\",\"width\":575,\"height\":1024,\"caption\":\"Wasserwand Blumen - Eliassen.nl\"},{\"@type\":\"BreadcrumbList\",\"@id\":\"https:\/\/www.eliassen.nl\/de\/wasserwand-blumen-blumenwand\/#breadcrumb\",\"itemListElement\":[{\"@type\":\"ListItem\",\"position\":1,\"name\":\"Home\",\"item\":\"https:\/\/www.eliassen.nl\/de\/\"},{\"@type\":\"ListItem\",\"position\":2,\"name\":\"Shop\",\"item\":\"https:\/\/www.eliassen.nl\/de\/shop\/\"},{\"@type\":\"ListItem\",\"position\":3,\"name\":\"Wasserspiele\",\"item\":\"https:\/\/www.eliassen.nl\/de\/wassereigenschaften\/\"},{\"@type\":\"ListItem\",\"position\":4,\"name\":\"Einzigartige eigene Modelle von losen Wasserspielen\",\"item\":\"https:\/\/www.eliassen.nl\/de\/wassereigenschaften\/einzigartige-eigene-modelle-von-losen-wasserspiele\/\"},{\"@type\":\"ListItem\",\"position\":5,\"name\":\"Wasserwand Wand der Blumen\"}]},{\"@type\":\"WebSite\",\"@id\":\"https:\/\/www.eliassen.nl\/de\/#website\",\"url\":\"https:\/\/www.eliassen.nl\/de\/\",\"name\":\"Eliassen Home & Garden Pleasure\",\"description\":\"\",\"publisher\":{\"@id\":\"https:\/\/www.eliassen.nl\/de\/#organization\"},\"alternateName\":\"Eliassen.nl\",\"potentialAction\":[{\"@type\":\"SearchAction\",\"target\":{\"@type\":\"EntryPoint\",\"urlTemplate\":\"https:\/\/www.eliassen.nl\/de\/?s={search_term_string}\"},\"query-input\":{\"@type\":\"PropertyValueSpecification\",\"valueRequired\":true,\"valueName\":\"search_term_string\"}}],\"inLanguage\":\"de\"},{\"@type\":[\"Organization\",\"Place\"],\"@id\":\"https:\/\/www.eliassen.nl\/de\/#organization\",\"name\":\"Eliassen Home & Garden Pleasure\",\"url\":\"https:\/\/www.eliassen.nl\/de\/\",\"logo\":{\"@id\":\"https:\/\/www.eliassen.nl\/de\/wasserwand-blumen-blumenwand\/#local-main-organization-logo\"},\"image\":{\"@id\":\"https:\/\/www.eliassen.nl\/de\/wasserwand-blumen-blumenwand\/#local-main-organization-logo\"},\"sameAs\":[\"https:\/\/www.facebook.com\/TuincentrumEliassenAmmerzoden\",\"https:\/\/www.instagram.com\/eliassenhomeandgarden\/\",\"https:\/\/nl.pinterest.com\/eliassenhomeandgarden\/\",\"https:\/\/www.youtube.com\/@eliassenhomegardenpleasure4558\"],\"telephone\":[],\"openingHoursSpecification\":[{\"@type\":\"OpeningHoursSpecification\",\"dayOfWeek\":[\"Monday\",\"Tuesday\",\"Wednesday\",\"Thursday\",\"Friday\",\"Saturday\",\"Sunday\"],\"opens\":\"09:00\",\"closes\":\"17:00\"}]},{\"@type\":\"ImageObject\",\"inLanguage\":\"de\",\"@id\":\"https:\/\/www.eliassen.nl\/de\/wasserwand-blumen-blumenwand\/#local-main-organization-logo\",\"url\":\"https:\/\/www.eliassen.nl\/wp-content\/uploads\/2024\/01\/logo_4nd.jpg\",\"contentUrl\":\"https:\/\/www.eliassen.nl\/wp-content\/uploads\/2024\/01\/logo_4nd.jpg\",\"width\":500,\"height\":500,\"caption\":\"Eliassen Home & Garden Pleasure\"}]}<\/script>\n<meta property=\"product:price:amount\" content=\"295.00\" \/>\n<meta property=\"product:price:currency\" content=\"EUR\" \/>\n<meta property=\"og:availability\" content=\"instock\" \/>\n<meta property=\"product:availability\" content=\"instock\" \/>\n<meta property=\"product:retailer_item_id\" content=\"Wallofflowers\" \/>\n<meta property=\"product:condition\" content=\"new\" \/>\n<!-- \/ Yoast SEO Premium plugin. -->","yoast_head_json":{"title":"Wasserwand Blumen | EINZIGARTIGES MODELL! | Eliassen.co.uk","description":"Sch\u00f6ne Wasserwand mit einem Blumenmotiv. Nirgendwo sonst zu verkaufen! Vollst\u00e4ndig von Hand gefertigt. Au\u00dferdem sind \u00fcber 300 Wasserornamente LIVE ausgestellt!","robots":{"index":"index","follow":"follow","max-snippet":"max-snippet:-1","max-image-preview":"max-image-preview:large","max-video-preview":"max-video-preview:-1"},"canonical":"https:\/\/www.eliassen.nl\/de\/wasserwand-blumen-blumenwand\/","og_locale":"de_DE","og_type":"article","og_title":"Eliassen Wasserwand Wand der Blumen - Eliassen.nl","og_description":"Sch\u00f6ne Wasserwand mit einem Blumenmotiv. Nirgendwo sonst zu verkaufen! Vollst\u00e4ndig von Hand gefertigt. Au\u00dferdem sind \u00fcber 300 Wasserornamente LIVE ausgestellt!","og_url":"https:\/\/www.eliassen.nl\/de\/wasserwand-blumen-blumenwand\/","og_site_name":"Eliassen.nl","article_publisher":"https:\/\/www.facebook.com\/TuincentrumEliassenAmmerzoden","article_modified_time":"2026-01-16T12:34:43+00:00","og_image":[{"width":575,"height":1024,"url":"https:\/\/www.eliassen.nl\/wp-content\/uploads\/2024\/01\/watermuurbloemeneliassennl.jpg","type":"image\/jpeg"}],"twitter_card":"summary_large_image","schema":{"@context":"https:\/\/schema.org","@graph":[{"@type":"WebPage","@id":"https:\/\/www.eliassen.nl\/de\/wasserwand-blumen-blumenwand\/","url":"https:\/\/www.eliassen.nl\/de\/wasserwand-blumen-blumenwand\/","name":"Wasserwand Blumen | EINZIGARTIGES MODELL! | Eliassen.co.uk","isPartOf":{"@id":"https:\/\/www.eliassen.nl\/de\/#website"},"primaryImageOfPage":{"@id":"https:\/\/www.eliassen.nl\/de\/wasserwand-blumen-blumenwand\/#primaryimage"},"image":{"@id":"https:\/\/www.eliassen.nl\/de\/wasserwand-blumen-blumenwand\/#primaryimage"},"thumbnailUrl":"https:\/\/www.eliassen.nl\/wp-content\/uploads\/2024\/01\/watermuurbloemeneliassennl.jpg","datePublished":"2019-10-28T18:37:52+00:00","dateModified":"2026-01-16T12:34:43+00:00","description":"Sch\u00f6ne Wasserwand mit einem Blumenmotiv. Nirgendwo sonst zu verkaufen! Vollst\u00e4ndig von Hand gefertigt. Au\u00dferdem sind \u00fcber 300 Wasserornamente LIVE ausgestellt!","breadcrumb":{"@id":"https:\/\/www.eliassen.nl\/de\/wasserwand-blumen-blumenwand\/#breadcrumb"},"inLanguage":"de","potentialAction":[{"@type":"ReadAction","target":["https:\/\/www.eliassen.nl\/de\/wasserwand-blumen-blumenwand\/"]}]},{"@type":"ImageObject","inLanguage":"de","@id":"https:\/\/www.eliassen.nl\/de\/wasserwand-blumen-blumenwand\/#primaryimage","url":"https:\/\/www.eliassen.nl\/wp-content\/uploads\/2024\/01\/watermuurbloemeneliassennl.jpg","contentUrl":"https:\/\/www.eliassen.nl\/wp-content\/uploads\/2024\/01\/watermuurbloemeneliassennl.jpg","width":575,"height":1024,"caption":"Wasserwand Blumen - Eliassen.nl"},{"@type":"BreadcrumbList","@id":"https:\/\/www.eliassen.nl\/de\/wasserwand-blumen-blumenwand\/#breadcrumb","itemListElement":[{"@type":"ListItem","position":1,"name":"Home","item":"https:\/\/www.eliassen.nl\/de\/"},{"@type":"ListItem","position":2,"name":"Shop","item":"https:\/\/www.eliassen.nl\/de\/shop\/"},{"@type":"ListItem","position":3,"name":"Wasserspiele","item":"https:\/\/www.eliassen.nl\/de\/wassereigenschaften\/"},{"@type":"ListItem","position":4,"name":"Einzigartige eigene Modelle von losen Wasserspielen","item":"https:\/\/www.eliassen.nl\/de\/wassereigenschaften\/einzigartige-eigene-modelle-von-losen-wasserspiele\/"},{"@type":"ListItem","position":5,"name":"Wasserwand Wand der Blumen"}]},{"@type":"WebSite","@id":"https:\/\/www.eliassen.nl\/de\/#website","url":"https:\/\/www.eliassen.nl\/de\/","name":"Eliassen Home & Garden Pleasure","description":"","publisher":{"@id":"https:\/\/www.eliassen.nl\/de\/#organization"},"alternateName":"Eliassen.nl","potentialAction":[{"@type":"SearchAction","target":{"@type":"EntryPoint","urlTemplate":"https:\/\/www.eliassen.nl\/de\/?s={search_term_string}"},"query-input":{"@type":"PropertyValueSpecification","valueRequired":true,"valueName":"search_term_string"}}],"inLanguage":"de"},{"@type":["Organization","Place"],"@id":"https:\/\/www.eliassen.nl\/de\/#organization","name":"Eliassen Home & Garden Pleasure","url":"https:\/\/www.eliassen.nl\/de\/","logo":{"@id":"https:\/\/www.eliassen.nl\/de\/wasserwand-blumen-blumenwand\/#local-main-organization-logo"},"image":{"@id":"https:\/\/www.eliassen.nl\/de\/wasserwand-blumen-blumenwand\/#local-main-organization-logo"},"sameAs":["https:\/\/www.facebook.com\/TuincentrumEliassenAmmerzoden","https:\/\/www.instagram.com\/eliassenhomeandgarden\/","https:\/\/nl.pinterest.com\/eliassenhomeandgarden\/","https:\/\/www.youtube.com\/@eliassenhomegardenpleasure4558"],"telephone":[],"openingHoursSpecification":[{"@type":"OpeningHoursSpecification","dayOfWeek":["Monday","Tuesday","Wednesday","Thursday","Friday","Saturday","Sunday"],"opens":"09:00","closes":"17:00"}]},{"@type":"ImageObject","inLanguage":"de","@id":"https:\/\/www.eliassen.nl\/de\/wasserwand-blumen-blumenwand\/#local-main-organization-logo","url":"https:\/\/www.eliassen.nl\/wp-content\/uploads\/2024\/01\/logo_4nd.jpg","contentUrl":"https:\/\/www.eliassen.nl\/wp-content\/uploads\/2024\/01\/logo_4nd.jpg","width":500,"height":500,"caption":"Eliassen Home & Garden Pleasure"}]},"product_price_amount":"295.00","product_price_currency":"EUR","og_availability":"instock","product_availability":"instock","product_retailer_item_id":"Wallofflowers","product_condition":"new"},"df_price":295,"df_sale_price":295,"df_regular_price":595,"df_image_link":"https:\/\/www.eliassen.nl\/wp-content\/uploads\/2024\/01\/watermuurbloemeneliassennl.jpg","image":"https:\/\/www.eliassen.nl\/wp-content\/uploads\/2024\/01\/watermuurbloemeneliassennl.jpg","price_search":"<span class=\"woocommerce-Price-amount amount\"><bdi><span class=\"woocommerce-Price-currencySymbol\">&euro;<\/span>&nbsp;295,00<\/bdi><\/span>","category":"Einzigartige eigene Modelle von losen Wasserspielen","global_unique_id":"7438235638690","_links":{"self":[{"href":"https:\/\/www.eliassen.nl\/de\/wp-json\/wp\/v2\/product\/16732","targetHints":{"allow":["GET"]}}],"collection":[{"href":"https:\/\/www.eliassen.nl\/de\/wp-json\/wp\/v2\/product"}],"about":[{"href":"https:\/\/www.eliassen.nl\/de\/wp-json\/wp\/v2\/types\/product"}],"wp:featuredmedia":[{"embeddable":true,"href":"https:\/\/www.eliassen.nl\/de\/wp-json\/wp\/v2\/media\/16726"}],"wp:attachment":[{"href":"https:\/\/www.eliassen.nl\/de\/wp-json\/wp\/v2\/media?parent=16732"}],"wp:term":[{"taxonomy":"product_brand","embeddable":true,"href":"https:\/\/www.eliassen.nl\/de\/wp-json\/wp\/v2\/product_brand?post=16732"},{"taxonomy":"product_cat","embeddable":true,"href":"https:\/\/www.eliassen.nl\/de\/wp-json\/wp\/v2\/product_cat?post=16732"},{"taxonomy":"product_tag","embeddable":true,"href":"https:\/\/www.eliassen.nl\/de\/wp-json\/wp\/v2\/product_tag?post=16732"}],"curies":[{"name":"wp","href":"https:\/\/api.w.org\/{rel}","templated":true}]}}