{"id":16723,"date":"2019-10-28T18:37:49","date_gmt":"2019-10-28T18:37:49","guid":{"rendered":"https:\/\/www.eliassen.nl\/?product=eliassen-wassersaeulen-gesetzt-edelstahl-xxl"},"modified":"2026-01-16T13:34:40","modified_gmt":"2026-01-16T12:34:40","slug":"wassersaulen-edelstahl-set-xxl","status":"publish","type":"product","link":"https:\/\/www.eliassen.nl\/de\/wassersaulen-edelstahl-set-xxl\/","title":{"rendered":"Wassers\u00e4ulen Edelstahl-Set XXL"},"content":{"rendered":"<p><strong>Es handelt sich um ein loses Ornament. Erkundigen Sie sich nach den anderen ben\u00f6tigten Teilen.<\/strong><\/p>\n<p>3-teiliges rundes S\u00e4ulenset aus poliertem Edelstahl, Klasse 304. Ein sch\u00f6nes Element in Ihrem modernen Garten.<br \/>\nDie S\u00e4ulen sind 76 mm dick, die H\u00f6he der S\u00e4ulen betr\u00e4gt 200-160-120 cm !!!<\/p>\n<p><strong>Besuchen Sie unseren Ausstellungsraum, um viele Modelle live zu bewundern! !<\/strong><br \/>\nUnsere eigenen schwarzen, rund geschliffenen Felsbl\u00f6cke in 3 Gr\u00f6\u00dfen passen wunderbar dazu.<\/p>\n<ul>\n<li>Material: Geb\u00fcrsteter Edelstahl 314<\/li>\n<li>Gr\u00f6\u00dfe: 120x160x200cm, S\u00e4ulenst\u00e4rke 76mm<\/li>\n<li>10 Jahre Garantie<\/li>\n<li>Mit LED: nein, mit LED-Strahler viel sch\u00f6nere Wirkung<\/li>\n<li>Schnelle Lieferung<\/li>\n<li>Nirgendwo sonst zu verkaufen<\/li>\n<li>Haben Sie eine Frage zu diesem Produkt oder m\u00f6chten Sie wissen, was sonst noch ben\u00f6tigt wird, um ein Set zu vervollst\u00e4ndigen? Dann klicken Sie <a href=\"mailto:info@eliassen.nl\"><span style=\"color: #ff0000;\"><strong>HIER<\/strong><\/span><\/a> und stellen Sie Ihre Frage.<\/li>\n<\/ul>\n","protected":false},"excerpt":{"rendered":"<p>Es handelt sich um ein loses Ornament. Erkundigen Sie sich nach den anderen ben\u00f6tigten Teilen.<\/p>\n","protected":false},"featured_media":16714,"template":"","meta":{"_acf_changed":false,"_genesis_title":"","_genesis_description":""},"product_brand":[6916],"product_cat":[551,536,566],"product_tag":[],"class_list":{"0":"post-16723","1":"product","2":"type-product","3":"status-publish","4":"has-post-thumbnail","6":"product_brand-eliassen-de","7":"product_cat-lose-wasserspiele","8":"product_cat-wassereigenschaften","9":"product_cat-wasserspiele-aus-edelstahl","11":"first","12":"instock","13":"taxable","14":"shipping-taxable","15":"purchasable","16":"product-type-simple"},"acf":[],"meta_all":{"total_sales":"0","wcml_sync_hash":{"postmeta_fields":"08944021a2f12f1a87e3e2858e587e49"},"attr_label_translations":[],"cor_restricted_countries":[]},"meta_all_flat":{"total_sales":"0","wcml_sync_hash.postmeta_fields":"08944021a2f12f1a87e3e2858e587e49"},"yoast_head":"<!-- This site is optimized with the Yoast SEO Premium plugin v26.2 (Yoast SEO v27.2) - https:\/\/yoast.com\/product\/yoast-seo-premium-wordpress\/ -->\n<title>Wassers\u00e4ulen Edelstahl-Set XXL | Eliassen<\/title>\n<meta name=\"description\" content=\"Kaufen Sie bei Eliassen das Wassers\u00e4ulen-Set XXL aus Edelstahl online oder sehen Sie es sich live im Ausstellungsraum an. Wir haben die sch\u00f6nsten Wasserornamente, Wasserornamente aus Edelstahl\" \/>\n<meta name=\"robots\" content=\"index, follow, max-snippet:-1, max-image-preview:large, max-video-preview:-1\" \/>\n<link rel=\"canonical\" href=\"https:\/\/www.eliassen.nl\/de\/wassersaulen-edelstahl-set-xxl\/\" \/>\n<meta property=\"og:locale\" content=\"de_DE\" \/>\n<meta property=\"og:type\" content=\"article\" \/>\n<meta property=\"og:title\" content=\"Eliassen Wassers\u00e4ulen Edelstahl-Set XXL - Eliassen.nl\" \/>\n<meta property=\"og:description\" content=\"Kaufen Sie bei Eliassen das Wassers\u00e4ulen-Set XXL aus Edelstahl online oder sehen Sie es sich live im Ausstellungsraum an. Wir haben die sch\u00f6nsten Wasserornamente, Wasserornamente aus Edelstahl\" \/>\n<meta property=\"og:url\" content=\"https:\/\/www.eliassen.nl\/de\/wassersaulen-edelstahl-set-xxl\/\" \/>\n<meta property=\"og:site_name\" content=\"Eliassen.nl\" \/>\n<meta property=\"article:publisher\" content=\"https:\/\/www.facebook.com\/TuincentrumEliassenAmmerzoden\" \/>\n<meta property=\"article:modified_time\" content=\"2026-01-16T12:34:40+00:00\" \/>\n<meta property=\"og:image\" content=\"https:\/\/www.eliassen.nl\/wp-content\/uploads\/2024\/01\/0599.jpg\" \/>\n\t<meta property=\"og:image:width\" content=\"332\" \/>\n\t<meta property=\"og:image:height\" content=\"783\" \/>\n\t<meta property=\"og:image:type\" content=\"image\/jpeg\" \/>\n<meta name=\"twitter:card\" content=\"summary_large_image\" \/>\n<script type=\"application\/ld+json\" class=\"yoast-schema-graph\">{\"@context\":\"https:\/\/schema.org\",\"@graph\":[{\"@type\":\"WebPage\",\"@id\":\"https:\/\/www.eliassen.nl\/de\/wassersaulen-edelstahl-set-xxl\/\",\"url\":\"https:\/\/www.eliassen.nl\/de\/wassersaulen-edelstahl-set-xxl\/\",\"name\":\"Wassers\u00e4ulen Edelstahl-Set XXL | Eliassen\",\"isPartOf\":{\"@id\":\"https:\/\/www.eliassen.nl\/de\/#website\"},\"primaryImageOfPage\":{\"@id\":\"https:\/\/www.eliassen.nl\/de\/wassersaulen-edelstahl-set-xxl\/#primaryimage\"},\"image\":{\"@id\":\"https:\/\/www.eliassen.nl\/de\/wassersaulen-edelstahl-set-xxl\/#primaryimage\"},\"thumbnailUrl\":\"https:\/\/www.eliassen.nl\/wp-content\/uploads\/2024\/01\/0599.jpg\",\"datePublished\":\"2019-10-28T18:37:49+00:00\",\"dateModified\":\"2026-01-16T12:34:40+00:00\",\"description\":\"Kaufen Sie bei Eliassen das Wassers\u00e4ulen-Set XXL aus Edelstahl online oder sehen Sie es sich live im Ausstellungsraum an. Wir haben die sch\u00f6nsten Wasserornamente, Wasserornamente aus Edelstahl\",\"breadcrumb\":{\"@id\":\"https:\/\/www.eliassen.nl\/de\/wassersaulen-edelstahl-set-xxl\/#breadcrumb\"},\"inLanguage\":\"de\",\"potentialAction\":[{\"@type\":\"ReadAction\",\"target\":[\"https:\/\/www.eliassen.nl\/de\/wassersaulen-edelstahl-set-xxl\/\"]}]},{\"@type\":\"ImageObject\",\"inLanguage\":\"de\",\"@id\":\"https:\/\/www.eliassen.nl\/de\/wassersaulen-edelstahl-set-xxl\/#primaryimage\",\"url\":\"https:\/\/www.eliassen.nl\/wp-content\/uploads\/2024\/01\/0599.jpg\",\"contentUrl\":\"https:\/\/www.eliassen.nl\/wp-content\/uploads\/2024\/01\/0599.jpg\",\"width\":332,\"height\":783,\"caption\":\"0599\"},{\"@type\":\"BreadcrumbList\",\"@id\":\"https:\/\/www.eliassen.nl\/de\/wassersaulen-edelstahl-set-xxl\/#breadcrumb\",\"itemListElement\":[{\"@type\":\"ListItem\",\"position\":1,\"name\":\"Home\",\"item\":\"https:\/\/www.eliassen.nl\/de\/\"},{\"@type\":\"ListItem\",\"position\":2,\"name\":\"Shop\",\"item\":\"https:\/\/www.eliassen.nl\/de\/shop\/\"},{\"@type\":\"ListItem\",\"position\":3,\"name\":\"Wasserspiele\",\"item\":\"https:\/\/www.eliassen.nl\/de\/wassereigenschaften\/\"},{\"@type\":\"ListItem\",\"position\":4,\"name\":\"Lose Wasserspiele\",\"item\":\"https:\/\/www.eliassen.nl\/de\/wassereigenschaften\/lose-wasserspiele\/\"},{\"@type\":\"ListItem\",\"position\":5,\"name\":\"Wassers\u00e4ulen Edelstahl-Set XXL\"}]},{\"@type\":\"WebSite\",\"@id\":\"https:\/\/www.eliassen.nl\/de\/#website\",\"url\":\"https:\/\/www.eliassen.nl\/de\/\",\"name\":\"Eliassen Home & Garden Pleasure\",\"description\":\"\",\"publisher\":{\"@id\":\"https:\/\/www.eliassen.nl\/de\/#organization\"},\"alternateName\":\"Eliassen.nl\",\"potentialAction\":[{\"@type\":\"SearchAction\",\"target\":{\"@type\":\"EntryPoint\",\"urlTemplate\":\"https:\/\/www.eliassen.nl\/de\/?s={search_term_string}\"},\"query-input\":{\"@type\":\"PropertyValueSpecification\",\"valueRequired\":true,\"valueName\":\"search_term_string\"}}],\"inLanguage\":\"de\"},{\"@type\":[\"Organization\",\"Place\"],\"@id\":\"https:\/\/www.eliassen.nl\/de\/#organization\",\"name\":\"Eliassen Home & Garden Pleasure\",\"url\":\"https:\/\/www.eliassen.nl\/de\/\",\"logo\":{\"@id\":\"https:\/\/www.eliassen.nl\/de\/wassersaulen-edelstahl-set-xxl\/#local-main-organization-logo\"},\"image\":{\"@id\":\"https:\/\/www.eliassen.nl\/de\/wassersaulen-edelstahl-set-xxl\/#local-main-organization-logo\"},\"sameAs\":[\"https:\/\/www.facebook.com\/TuincentrumEliassenAmmerzoden\",\"https:\/\/www.instagram.com\/eliassenhomeandgarden\/\",\"https:\/\/nl.pinterest.com\/eliassenhomeandgarden\/\",\"https:\/\/www.youtube.com\/@eliassenhomegardenpleasure4558\"],\"telephone\":[],\"openingHoursSpecification\":[{\"@type\":\"OpeningHoursSpecification\",\"dayOfWeek\":[\"Monday\",\"Tuesday\",\"Wednesday\",\"Thursday\",\"Friday\",\"Saturday\",\"Sunday\"],\"opens\":\"09:00\",\"closes\":\"17:00\"}]},{\"@type\":\"ImageObject\",\"inLanguage\":\"de\",\"@id\":\"https:\/\/www.eliassen.nl\/de\/wassersaulen-edelstahl-set-xxl\/#local-main-organization-logo\",\"url\":\"https:\/\/www.eliassen.nl\/wp-content\/uploads\/2024\/01\/logo_4nd.jpg\",\"contentUrl\":\"https:\/\/www.eliassen.nl\/wp-content\/uploads\/2024\/01\/logo_4nd.jpg\",\"width\":500,\"height\":500,\"caption\":\"Eliassen Home & Garden Pleasure\"}]}<\/script>\n<meta property=\"product:price:amount\" content=\"495.00\" \/>\n<meta property=\"product:price:currency\" content=\"EUR\" \/>\n<meta property=\"og:availability\" content=\"instock\" \/>\n<meta property=\"product:availability\" content=\"instock\" \/>\n<meta property=\"product:retailer_item_id\" content=\"Seg0599\" \/>\n<meta property=\"product:condition\" content=\"new\" \/>\n<!-- \/ Yoast SEO Premium plugin. -->","yoast_head_json":{"title":"Wassers\u00e4ulen Edelstahl-Set XXL | Eliassen","description":"Kaufen Sie bei Eliassen das Wassers\u00e4ulen-Set XXL aus Edelstahl online oder sehen Sie es sich live im Ausstellungsraum an. Wir haben die sch\u00f6nsten Wasserornamente, Wasserornamente aus Edelstahl","robots":{"index":"index","follow":"follow","max-snippet":"max-snippet:-1","max-image-preview":"max-image-preview:large","max-video-preview":"max-video-preview:-1"},"canonical":"https:\/\/www.eliassen.nl\/de\/wassersaulen-edelstahl-set-xxl\/","og_locale":"de_DE","og_type":"article","og_title":"Eliassen Wassers\u00e4ulen Edelstahl-Set XXL - Eliassen.nl","og_description":"Kaufen Sie bei Eliassen das Wassers\u00e4ulen-Set XXL aus Edelstahl online oder sehen Sie es sich live im Ausstellungsraum an. Wir haben die sch\u00f6nsten Wasserornamente, Wasserornamente aus Edelstahl","og_url":"https:\/\/www.eliassen.nl\/de\/wassersaulen-edelstahl-set-xxl\/","og_site_name":"Eliassen.nl","article_publisher":"https:\/\/www.facebook.com\/TuincentrumEliassenAmmerzoden","article_modified_time":"2026-01-16T12:34:40+00:00","og_image":[{"width":332,"height":783,"url":"https:\/\/www.eliassen.nl\/wp-content\/uploads\/2024\/01\/0599.jpg","type":"image\/jpeg"}],"twitter_card":"summary_large_image","schema":{"@context":"https:\/\/schema.org","@graph":[{"@type":"WebPage","@id":"https:\/\/www.eliassen.nl\/de\/wassersaulen-edelstahl-set-xxl\/","url":"https:\/\/www.eliassen.nl\/de\/wassersaulen-edelstahl-set-xxl\/","name":"Wassers\u00e4ulen Edelstahl-Set XXL | Eliassen","isPartOf":{"@id":"https:\/\/www.eliassen.nl\/de\/#website"},"primaryImageOfPage":{"@id":"https:\/\/www.eliassen.nl\/de\/wassersaulen-edelstahl-set-xxl\/#primaryimage"},"image":{"@id":"https:\/\/www.eliassen.nl\/de\/wassersaulen-edelstahl-set-xxl\/#primaryimage"},"thumbnailUrl":"https:\/\/www.eliassen.nl\/wp-content\/uploads\/2024\/01\/0599.jpg","datePublished":"2019-10-28T18:37:49+00:00","dateModified":"2026-01-16T12:34:40+00:00","description":"Kaufen Sie bei Eliassen das Wassers\u00e4ulen-Set XXL aus Edelstahl online oder sehen Sie es sich live im Ausstellungsraum an. Wir haben die sch\u00f6nsten Wasserornamente, Wasserornamente aus Edelstahl","breadcrumb":{"@id":"https:\/\/www.eliassen.nl\/de\/wassersaulen-edelstahl-set-xxl\/#breadcrumb"},"inLanguage":"de","potentialAction":[{"@type":"ReadAction","target":["https:\/\/www.eliassen.nl\/de\/wassersaulen-edelstahl-set-xxl\/"]}]},{"@type":"ImageObject","inLanguage":"de","@id":"https:\/\/www.eliassen.nl\/de\/wassersaulen-edelstahl-set-xxl\/#primaryimage","url":"https:\/\/www.eliassen.nl\/wp-content\/uploads\/2024\/01\/0599.jpg","contentUrl":"https:\/\/www.eliassen.nl\/wp-content\/uploads\/2024\/01\/0599.jpg","width":332,"height":783,"caption":"0599"},{"@type":"BreadcrumbList","@id":"https:\/\/www.eliassen.nl\/de\/wassersaulen-edelstahl-set-xxl\/#breadcrumb","itemListElement":[{"@type":"ListItem","position":1,"name":"Home","item":"https:\/\/www.eliassen.nl\/de\/"},{"@type":"ListItem","position":2,"name":"Shop","item":"https:\/\/www.eliassen.nl\/de\/shop\/"},{"@type":"ListItem","position":3,"name":"Wasserspiele","item":"https:\/\/www.eliassen.nl\/de\/wassereigenschaften\/"},{"@type":"ListItem","position":4,"name":"Lose Wasserspiele","item":"https:\/\/www.eliassen.nl\/de\/wassereigenschaften\/lose-wasserspiele\/"},{"@type":"ListItem","position":5,"name":"Wassers\u00e4ulen Edelstahl-Set XXL"}]},{"@type":"WebSite","@id":"https:\/\/www.eliassen.nl\/de\/#website","url":"https:\/\/www.eliassen.nl\/de\/","name":"Eliassen Home & Garden Pleasure","description":"","publisher":{"@id":"https:\/\/www.eliassen.nl\/de\/#organization"},"alternateName":"Eliassen.nl","potentialAction":[{"@type":"SearchAction","target":{"@type":"EntryPoint","urlTemplate":"https:\/\/www.eliassen.nl\/de\/?s={search_term_string}"},"query-input":{"@type":"PropertyValueSpecification","valueRequired":true,"valueName":"search_term_string"}}],"inLanguage":"de"},{"@type":["Organization","Place"],"@id":"https:\/\/www.eliassen.nl\/de\/#organization","name":"Eliassen Home & Garden Pleasure","url":"https:\/\/www.eliassen.nl\/de\/","logo":{"@id":"https:\/\/www.eliassen.nl\/de\/wassersaulen-edelstahl-set-xxl\/#local-main-organization-logo"},"image":{"@id":"https:\/\/www.eliassen.nl\/de\/wassersaulen-edelstahl-set-xxl\/#local-main-organization-logo"},"sameAs":["https:\/\/www.facebook.com\/TuincentrumEliassenAmmerzoden","https:\/\/www.instagram.com\/eliassenhomeandgarden\/","https:\/\/nl.pinterest.com\/eliassenhomeandgarden\/","https:\/\/www.youtube.com\/@eliassenhomegardenpleasure4558"],"telephone":[],"openingHoursSpecification":[{"@type":"OpeningHoursSpecification","dayOfWeek":["Monday","Tuesday","Wednesday","Thursday","Friday","Saturday","Sunday"],"opens":"09:00","closes":"17:00"}]},{"@type":"ImageObject","inLanguage":"de","@id":"https:\/\/www.eliassen.nl\/de\/wassersaulen-edelstahl-set-xxl\/#local-main-organization-logo","url":"https:\/\/www.eliassen.nl\/wp-content\/uploads\/2024\/01\/logo_4nd.jpg","contentUrl":"https:\/\/www.eliassen.nl\/wp-content\/uploads\/2024\/01\/logo_4nd.jpg","width":500,"height":500,"caption":"Eliassen Home & Garden Pleasure"}]},"product_price_amount":"495.00","product_price_currency":"EUR","og_availability":"instock","product_availability":"instock","product_retailer_item_id":"Seg0599","product_condition":"new"},"df_price":495,"df_sale_price":"","df_regular_price":495,"df_image_link":"https:\/\/www.eliassen.nl\/wp-content\/uploads\/2024\/01\/0599.jpg","image":"https:\/\/www.eliassen.nl\/wp-content\/uploads\/2024\/01\/0599.jpg","price_search":"<span class=\"woocommerce-Price-amount amount\"><bdi><span class=\"woocommerce-Price-currencySymbol\">&euro;<\/span>&nbsp;495,00<\/bdi><\/span>","category":"Lose Wasserspiele","global_unique_id":"7438245698622","_links":{"self":[{"href":"https:\/\/www.eliassen.nl\/de\/wp-json\/wp\/v2\/product\/16723","targetHints":{"allow":["GET"]}}],"collection":[{"href":"https:\/\/www.eliassen.nl\/de\/wp-json\/wp\/v2\/product"}],"about":[{"href":"https:\/\/www.eliassen.nl\/de\/wp-json\/wp\/v2\/types\/product"}],"wp:featuredmedia":[{"embeddable":true,"href":"https:\/\/www.eliassen.nl\/de\/wp-json\/wp\/v2\/media\/16714"}],"wp:attachment":[{"href":"https:\/\/www.eliassen.nl\/de\/wp-json\/wp\/v2\/media?parent=16723"}],"wp:term":[{"taxonomy":"product_brand","embeddable":true,"href":"https:\/\/www.eliassen.nl\/de\/wp-json\/wp\/v2\/product_brand?post=16723"},{"taxonomy":"product_cat","embeddable":true,"href":"https:\/\/www.eliassen.nl\/de\/wp-json\/wp\/v2\/product_cat?post=16723"},{"taxonomy":"product_tag","embeddable":true,"href":"https:\/\/www.eliassen.nl\/de\/wp-json\/wp\/v2\/product_tag?post=16723"}],"curies":[{"name":"wp","href":"https:\/\/api.w.org\/{rel}","templated":true}]}}