{"id":16687,"date":"2019-10-28T18:37:23","date_gmt":"2019-10-28T18:37:23","guid":{"rendered":"https:\/\/www.eliassen.nl\/?product=ausserhalb-uhr-auf-spalte"},"modified":"2026-01-16T13:34:36","modified_gmt":"2026-01-16T12:34:36","slug":"aussenuhr-auf-saule","status":"publish","type":"product","link":"https:\/\/www.eliassen.nl\/de\/aussenuhr-auf-saule\/","title":{"rendered":"Au\u00dfenuhr auf S\u00e4ule"},"content":{"rendered":"<p>Diese s\u00e4ulenf\u00f6rmige Gartenuhr verleiht Ihrem Garten ein sch\u00f6nes, aber auch n\u00fctzliches St\u00fcck Gartendekoration. Wo auch immer Sie diese Uhr platzieren, sie wird immer eine sch\u00f6ne Gartendekoration sein.<br \/>Mit r\u00f6mischen Ziffern, Kompassstrichen und klaren Zeigern.<\/p>\n<p><strong>Wir haben auch die gesamte Palette dieser Outdoor-Uhren in unserem Gesch\u00e4ft. Kommen Sie vorbei und sehen Sie sie sich an!!!<\/strong><\/p>\n<p><strong>H\u00e4ngen Sie diese Uhr im Freien nur unter einem Vordach auf, nicht bei starkem Regen oder Wind!<\/strong><\/p>\n<ul>\n<li>Material: strapazierf\u00e4higer Kunststoff<\/li>\n<li>Abmessungen: Durchmesser 36x28x28cm<\/li>\n<li>Farbe: Bronze<\/li>\n<li>Garantie 1 Jahr<\/li>\n<li>Schnelle Lieferung ab Lager<\/li>\n<li>Funktioniert mit 1 AA-Batterie<\/li>\n<\/ul>\n","protected":false},"excerpt":{"rendered":"<p>Diese s\u00e4ulenf\u00f6rmige Gartenuhr verleiht Ihrem Garten ein sch\u00f6nes, aber auch n\u00fctzliches St\u00fcck Gartendekoration. Wo auch immer Sie diese Uhr platzieren, sie wird immer eine sch\u00f6ne Gartendekoration sein.Mit r\u00f6mischen Ziffern, Kompassstrichen und klaren Zeigern. Wir haben auch die gesamte Palette dieser Outdoor-Uhren in unserem Gesch\u00e4ft. Kommen Sie vorbei und sehen Sie sie sich an!!! H\u00e4ngen Sie &hellip;<\/p>\n","protected":false},"featured_media":16684,"template":"","meta":{"_acf_changed":false,"_genesis_title":"","_genesis_description":""},"product_brand":[7505],"product_cat":[524,509],"product_tag":[],"class_list":{"0":"post-16687","1":"product","2":"type-product","3":"status-publish","4":"has-post-thumbnail","6":"product_brand-sonstige","7":"product_cat-outdoor-uhren","8":"product_cat-wanddekoration","10":"first","11":"instock","12":"sale","13":"taxable","14":"shipping-taxable","15":"purchasable","16":"product-type-simple"},"acf":[],"meta_all":{"total_sales":"0","wcml_sync_hash":{"postmeta_fields":"7f0c46cbbb91c4ccd74f617f05e06e3d"},"attr_label_translations":[]},"meta_all_flat":{"total_sales":"0","wcml_sync_hash.postmeta_fields":"7f0c46cbbb91c4ccd74f617f05e06e3d"},"yoast_head":"<!-- This site is optimized with the Yoast SEO Premium plugin v26.2 (Yoast SEO v27.2) - https:\/\/yoast.com\/product\/yoast-seo-premium-wordpress\/ -->\n<title>Au\u00dfenuhr auf S\u00e4ule | Eliassen<\/title>\n<meta name=\"description\" content=\"Bei Eliassen k\u00f6nnen Sie die Outdoor-Uhr auf der S\u00e4ule online kaufen oder live im Ausstellungsraum betrachten. Wir haben die sch\u00f6nsten Wanddekorationen, Outdoor-Uhren\" \/>\n<meta name=\"robots\" content=\"index, follow, max-snippet:-1, max-image-preview:large, max-video-preview:-1\" \/>\n<link rel=\"canonical\" href=\"https:\/\/www.eliassen.nl\/de\/aussenuhr-auf-saule\/\" \/>\n<meta property=\"og:locale\" content=\"de_DE\" \/>\n<meta property=\"og:type\" content=\"article\" \/>\n<meta property=\"og:title\" content=\"Sonstige Au\u00dfenuhr auf S\u00e4ule - Eliassen.nl\" \/>\n<meta property=\"og:description\" content=\"Bei Eliassen k\u00f6nnen Sie die Outdoor-Uhr auf der S\u00e4ule online kaufen oder live im Ausstellungsraum betrachten. Wir haben die sch\u00f6nsten Wanddekorationen, Outdoor-Uhren\" \/>\n<meta property=\"og:url\" content=\"https:\/\/www.eliassen.nl\/de\/aussenuhr-auf-saule\/\" \/>\n<meta property=\"og:site_name\" content=\"Eliassen.nl\" \/>\n<meta property=\"article:publisher\" content=\"https:\/\/www.facebook.com\/TuincentrumEliassenAmmerzoden\" \/>\n<meta property=\"article:modified_time\" content=\"2026-01-16T12:34:36+00:00\" \/>\n<meta property=\"og:image\" content=\"https:\/\/www.eliassen.nl\/wp-content\/uploads\/2024\/01\/5018036911073.jpg\" \/>\n\t<meta property=\"og:image:width\" content=\"1000\" \/>\n\t<meta property=\"og:image:height\" content=\"1000\" \/>\n\t<meta property=\"og:image:type\" content=\"image\/jpeg\" \/>\n<meta name=\"twitter:card\" content=\"summary_large_image\" \/>\n<script type=\"application\/ld+json\" class=\"yoast-schema-graph\">{\"@context\":\"https:\/\/schema.org\",\"@graph\":[{\"@type\":\"WebPage\",\"@id\":\"https:\/\/www.eliassen.nl\/de\/aussenuhr-auf-saule\/\",\"url\":\"https:\/\/www.eliassen.nl\/de\/aussenuhr-auf-saule\/\",\"name\":\"Au\u00dfenuhr auf S\u00e4ule | Eliassen\",\"isPartOf\":{\"@id\":\"https:\/\/www.eliassen.nl\/de\/#website\"},\"primaryImageOfPage\":{\"@id\":\"https:\/\/www.eliassen.nl\/de\/aussenuhr-auf-saule\/#primaryimage\"},\"image\":{\"@id\":\"https:\/\/www.eliassen.nl\/de\/aussenuhr-auf-saule\/#primaryimage\"},\"thumbnailUrl\":\"https:\/\/www.eliassen.nl\/wp-content\/uploads\/2024\/01\/5018036911073.jpg\",\"datePublished\":\"2019-10-28T18:37:23+00:00\",\"dateModified\":\"2026-01-16T12:34:36+00:00\",\"description\":\"Bei Eliassen k\u00f6nnen Sie die Outdoor-Uhr auf der S\u00e4ule online kaufen oder live im Ausstellungsraum betrachten. Wir haben die sch\u00f6nsten Wanddekorationen, Outdoor-Uhren\",\"breadcrumb\":{\"@id\":\"https:\/\/www.eliassen.nl\/de\/aussenuhr-auf-saule\/#breadcrumb\"},\"inLanguage\":\"de\",\"potentialAction\":[{\"@type\":\"ReadAction\",\"target\":[\"https:\/\/www.eliassen.nl\/de\/aussenuhr-auf-saule\/\"]}]},{\"@type\":\"ImageObject\",\"inLanguage\":\"de\",\"@id\":\"https:\/\/www.eliassen.nl\/de\/aussenuhr-auf-saule\/#primaryimage\",\"url\":\"https:\/\/www.eliassen.nl\/wp-content\/uploads\/2024\/01\/5018036911073.jpg\",\"contentUrl\":\"https:\/\/www.eliassen.nl\/wp-content\/uploads\/2024\/01\/5018036911073.jpg\",\"width\":1000,\"height\":1000,\"caption\":\"5018036911073\"},{\"@type\":\"BreadcrumbList\",\"@id\":\"https:\/\/www.eliassen.nl\/de\/aussenuhr-auf-saule\/#breadcrumb\",\"itemListElement\":[{\"@type\":\"ListItem\",\"position\":1,\"name\":\"Home\",\"item\":\"https:\/\/www.eliassen.nl\/de\/\"},{\"@type\":\"ListItem\",\"position\":2,\"name\":\"Shop\",\"item\":\"https:\/\/www.eliassen.nl\/de\/shop\/\"},{\"@type\":\"ListItem\",\"position\":3,\"name\":\"Wanddekoration\",\"item\":\"https:\/\/www.eliassen.nl\/de\/wanddekoration\/\"},{\"@type\":\"ListItem\",\"position\":4,\"name\":\"Outdoor-Uhren\",\"item\":\"https:\/\/www.eliassen.nl\/de\/wanddekoration\/outdoor-uhren\/\"},{\"@type\":\"ListItem\",\"position\":5,\"name\":\"Au\u00dfenuhr auf S\u00e4ule\"}]},{\"@type\":\"WebSite\",\"@id\":\"https:\/\/www.eliassen.nl\/de\/#website\",\"url\":\"https:\/\/www.eliassen.nl\/de\/\",\"name\":\"Eliassen Home & Garden Pleasure\",\"description\":\"\",\"publisher\":{\"@id\":\"https:\/\/www.eliassen.nl\/de\/#organization\"},\"alternateName\":\"Eliassen.nl\",\"potentialAction\":[{\"@type\":\"SearchAction\",\"target\":{\"@type\":\"EntryPoint\",\"urlTemplate\":\"https:\/\/www.eliassen.nl\/de\/?s={search_term_string}\"},\"query-input\":{\"@type\":\"PropertyValueSpecification\",\"valueRequired\":true,\"valueName\":\"search_term_string\"}}],\"inLanguage\":\"de\"},{\"@type\":[\"Organization\",\"Place\"],\"@id\":\"https:\/\/www.eliassen.nl\/de\/#organization\",\"name\":\"Eliassen Home & Garden Pleasure\",\"url\":\"https:\/\/www.eliassen.nl\/de\/\",\"logo\":{\"@id\":\"https:\/\/www.eliassen.nl\/de\/aussenuhr-auf-saule\/#local-main-organization-logo\"},\"image\":{\"@id\":\"https:\/\/www.eliassen.nl\/de\/aussenuhr-auf-saule\/#local-main-organization-logo\"},\"sameAs\":[\"https:\/\/www.facebook.com\/TuincentrumEliassenAmmerzoden\",\"https:\/\/www.instagram.com\/eliassenhomeandgarden\/\",\"https:\/\/nl.pinterest.com\/eliassenhomeandgarden\/\",\"https:\/\/www.youtube.com\/@eliassenhomegardenpleasure4558\"],\"telephone\":[],\"openingHoursSpecification\":[{\"@type\":\"OpeningHoursSpecification\",\"dayOfWeek\":[\"Monday\",\"Tuesday\",\"Wednesday\",\"Thursday\",\"Friday\",\"Saturday\",\"Sunday\"],\"opens\":\"09:00\",\"closes\":\"17:00\"}]},{\"@type\":\"ImageObject\",\"inLanguage\":\"de\",\"@id\":\"https:\/\/www.eliassen.nl\/de\/aussenuhr-auf-saule\/#local-main-organization-logo\",\"url\":\"https:\/\/www.eliassen.nl\/wp-content\/uploads\/2024\/01\/logo_4nd.jpg\",\"contentUrl\":\"https:\/\/www.eliassen.nl\/wp-content\/uploads\/2024\/01\/logo_4nd.jpg\",\"width\":500,\"height\":500,\"caption\":\"Eliassen Home & Garden Pleasure\"}]}<\/script>\n<meta property=\"product:price:amount\" content=\"49.00\" \/>\n<meta property=\"product:price:currency\" content=\"EUR\" \/>\n<meta property=\"og:availability\" content=\"instock\" \/>\n<meta property=\"product:availability\" content=\"instock\" \/>\n<meta property=\"product:retailer_item_id\" content=\"571107actie\" \/>\n<meta property=\"product:condition\" content=\"new\" \/>\n<!-- \/ Yoast SEO Premium plugin. -->","yoast_head_json":{"title":"Au\u00dfenuhr auf S\u00e4ule | Eliassen","description":"Bei Eliassen k\u00f6nnen Sie die Outdoor-Uhr auf der S\u00e4ule online kaufen oder live im Ausstellungsraum betrachten. Wir haben die sch\u00f6nsten Wanddekorationen, Outdoor-Uhren","robots":{"index":"index","follow":"follow","max-snippet":"max-snippet:-1","max-image-preview":"max-image-preview:large","max-video-preview":"max-video-preview:-1"},"canonical":"https:\/\/www.eliassen.nl\/de\/aussenuhr-auf-saule\/","og_locale":"de_DE","og_type":"article","og_title":"Sonstige Au\u00dfenuhr auf S\u00e4ule - Eliassen.nl","og_description":"Bei Eliassen k\u00f6nnen Sie die Outdoor-Uhr auf der S\u00e4ule online kaufen oder live im Ausstellungsraum betrachten. Wir haben die sch\u00f6nsten Wanddekorationen, Outdoor-Uhren","og_url":"https:\/\/www.eliassen.nl\/de\/aussenuhr-auf-saule\/","og_site_name":"Eliassen.nl","article_publisher":"https:\/\/www.facebook.com\/TuincentrumEliassenAmmerzoden","article_modified_time":"2026-01-16T12:34:36+00:00","og_image":[{"width":1000,"height":1000,"url":"https:\/\/www.eliassen.nl\/wp-content\/uploads\/2024\/01\/5018036911073.jpg","type":"image\/jpeg"}],"twitter_card":"summary_large_image","schema":{"@context":"https:\/\/schema.org","@graph":[{"@type":"WebPage","@id":"https:\/\/www.eliassen.nl\/de\/aussenuhr-auf-saule\/","url":"https:\/\/www.eliassen.nl\/de\/aussenuhr-auf-saule\/","name":"Au\u00dfenuhr auf S\u00e4ule | Eliassen","isPartOf":{"@id":"https:\/\/www.eliassen.nl\/de\/#website"},"primaryImageOfPage":{"@id":"https:\/\/www.eliassen.nl\/de\/aussenuhr-auf-saule\/#primaryimage"},"image":{"@id":"https:\/\/www.eliassen.nl\/de\/aussenuhr-auf-saule\/#primaryimage"},"thumbnailUrl":"https:\/\/www.eliassen.nl\/wp-content\/uploads\/2024\/01\/5018036911073.jpg","datePublished":"2019-10-28T18:37:23+00:00","dateModified":"2026-01-16T12:34:36+00:00","description":"Bei Eliassen k\u00f6nnen Sie die Outdoor-Uhr auf der S\u00e4ule online kaufen oder live im Ausstellungsraum betrachten. Wir haben die sch\u00f6nsten Wanddekorationen, Outdoor-Uhren","breadcrumb":{"@id":"https:\/\/www.eliassen.nl\/de\/aussenuhr-auf-saule\/#breadcrumb"},"inLanguage":"de","potentialAction":[{"@type":"ReadAction","target":["https:\/\/www.eliassen.nl\/de\/aussenuhr-auf-saule\/"]}]},{"@type":"ImageObject","inLanguage":"de","@id":"https:\/\/www.eliassen.nl\/de\/aussenuhr-auf-saule\/#primaryimage","url":"https:\/\/www.eliassen.nl\/wp-content\/uploads\/2024\/01\/5018036911073.jpg","contentUrl":"https:\/\/www.eliassen.nl\/wp-content\/uploads\/2024\/01\/5018036911073.jpg","width":1000,"height":1000,"caption":"5018036911073"},{"@type":"BreadcrumbList","@id":"https:\/\/www.eliassen.nl\/de\/aussenuhr-auf-saule\/#breadcrumb","itemListElement":[{"@type":"ListItem","position":1,"name":"Home","item":"https:\/\/www.eliassen.nl\/de\/"},{"@type":"ListItem","position":2,"name":"Shop","item":"https:\/\/www.eliassen.nl\/de\/shop\/"},{"@type":"ListItem","position":3,"name":"Wanddekoration","item":"https:\/\/www.eliassen.nl\/de\/wanddekoration\/"},{"@type":"ListItem","position":4,"name":"Outdoor-Uhren","item":"https:\/\/www.eliassen.nl\/de\/wanddekoration\/outdoor-uhren\/"},{"@type":"ListItem","position":5,"name":"Au\u00dfenuhr auf S\u00e4ule"}]},{"@type":"WebSite","@id":"https:\/\/www.eliassen.nl\/de\/#website","url":"https:\/\/www.eliassen.nl\/de\/","name":"Eliassen Home & Garden Pleasure","description":"","publisher":{"@id":"https:\/\/www.eliassen.nl\/de\/#organization"},"alternateName":"Eliassen.nl","potentialAction":[{"@type":"SearchAction","target":{"@type":"EntryPoint","urlTemplate":"https:\/\/www.eliassen.nl\/de\/?s={search_term_string}"},"query-input":{"@type":"PropertyValueSpecification","valueRequired":true,"valueName":"search_term_string"}}],"inLanguage":"de"},{"@type":["Organization","Place"],"@id":"https:\/\/www.eliassen.nl\/de\/#organization","name":"Eliassen Home & Garden Pleasure","url":"https:\/\/www.eliassen.nl\/de\/","logo":{"@id":"https:\/\/www.eliassen.nl\/de\/aussenuhr-auf-saule\/#local-main-organization-logo"},"image":{"@id":"https:\/\/www.eliassen.nl\/de\/aussenuhr-auf-saule\/#local-main-organization-logo"},"sameAs":["https:\/\/www.facebook.com\/TuincentrumEliassenAmmerzoden","https:\/\/www.instagram.com\/eliassenhomeandgarden\/","https:\/\/nl.pinterest.com\/eliassenhomeandgarden\/","https:\/\/www.youtube.com\/@eliassenhomegardenpleasure4558"],"telephone":[],"openingHoursSpecification":[{"@type":"OpeningHoursSpecification","dayOfWeek":["Monday","Tuesday","Wednesday","Thursday","Friday","Saturday","Sunday"],"opens":"09:00","closes":"17:00"}]},{"@type":"ImageObject","inLanguage":"de","@id":"https:\/\/www.eliassen.nl\/de\/aussenuhr-auf-saule\/#local-main-organization-logo","url":"https:\/\/www.eliassen.nl\/wp-content\/uploads\/2024\/01\/logo_4nd.jpg","contentUrl":"https:\/\/www.eliassen.nl\/wp-content\/uploads\/2024\/01\/logo_4nd.jpg","width":500,"height":500,"caption":"Eliassen Home & Garden Pleasure"}]},"product_price_amount":"49.00","product_price_currency":"EUR","og_availability":"instock","product_availability":"instock","product_retailer_item_id":"571107actie","product_condition":"new"},"df_price":49,"df_sale_price":49,"df_regular_price":89,"df_image_link":"https:\/\/www.eliassen.nl\/wp-content\/uploads\/2024\/01\/5018036911073.jpg","image":"https:\/\/www.eliassen.nl\/wp-content\/uploads\/2024\/01\/5018036911073.jpg","price_search":"<span class=\"woocommerce-Price-amount amount\"><bdi><span class=\"woocommerce-Price-currencySymbol\">&euro;<\/span>&nbsp;49,00<\/bdi><\/span>","category":"Outdoor-Uhren","global_unique_id":"7438245793785","_links":{"self":[{"href":"https:\/\/www.eliassen.nl\/de\/wp-json\/wp\/v2\/product\/16687","targetHints":{"allow":["GET"]}}],"collection":[{"href":"https:\/\/www.eliassen.nl\/de\/wp-json\/wp\/v2\/product"}],"about":[{"href":"https:\/\/www.eliassen.nl\/de\/wp-json\/wp\/v2\/types\/product"}],"wp:featuredmedia":[{"embeddable":true,"href":"https:\/\/www.eliassen.nl\/de\/wp-json\/wp\/v2\/media\/16684"}],"wp:attachment":[{"href":"https:\/\/www.eliassen.nl\/de\/wp-json\/wp\/v2\/media?parent=16687"}],"wp:term":[{"taxonomy":"product_brand","embeddable":true,"href":"https:\/\/www.eliassen.nl\/de\/wp-json\/wp\/v2\/product_brand?post=16687"},{"taxonomy":"product_cat","embeddable":true,"href":"https:\/\/www.eliassen.nl\/de\/wp-json\/wp\/v2\/product_cat?post=16687"},{"taxonomy":"product_tag","embeddable":true,"href":"https:\/\/www.eliassen.nl\/de\/wp-json\/wp\/v2\/product_tag?post=16687"}],"curies":[{"name":"wp","href":"https:\/\/api.w.org\/{rel}","templated":true}]}}