{"id":166211,"date":"2024-11-22T11:54:10","date_gmt":"2024-11-22T10:54:10","guid":{"rendered":"https:\/\/www.eliassen.nl\/?post_type=product&#038;p=166211"},"modified":"2025-09-15T13:55:17","modified_gmt":"2025-09-15T11:55:17","slug":"wanddekoration-metallwandgestaltungsbloecke-kopie","status":"publish","type":"product","link":"https:\/\/www.eliassen.nl\/de\/wanddekoration-metallwandgestaltungsblocke-kopie\/","title":{"rendered":"Wanddekoration Metallwandgestaltungsbl\u00f6cke (kopie)"},"content":{"rendered":"<p><span style=\"font-weight: 400;\">Suchen Sie ein Kunstwerk mit exotischem Aussehen und einzigartigem Design? Dann werfen Sie einen Blick auf unsere farbenfrohe Wanddekoration aus sehr bunten Bl\u00f6cken. Dieses dreidimensionale Kunstwerk aus Metall ist komplett handgefertigt und koloriert. Das Modell besteht aus quadratischen, konvexen Formen und ist in exotischen Farben gef\u00e4rbt, die einen sch\u00f6nen Kontrast bilden. Dieses Kunstwerk ist Teil einer umfangreichen Kunstsammlung, der gr\u00f6\u00dften in den Benelux-L\u00e4ndern, die in unserem Showroom besichtigt werden kann. Wenn Sie also die Arbeit sehen m\u00f6chten, bevor Sie sie kaufen, sind Sie herzlich willkommen!<\/span><\/p>\n<p>Diese dreidimensionale Wanddekoration aus Metall mit quadratischen Formen wird jedes moderne Interieur oder jeden Arbeitsplatz wundersch\u00f6n schm\u00fccken. Diese stimmungsvolle und zeitlose Wanddekoration wird ein echter Hingucker sein: Komplett handgefertigt mit polierten Teilen, die ein besonderes Lichtspiel erzeugen.<br \/>Da es sich um menschliche Arbeit handelt, kann das Foto leicht von der Realit\u00e4t abweichen.<\/p>\n<p><strong>Wir haben auch fast die gesamte Kollektion dieser Serie in unserem Gesch\u00e4ft, das in den Niederlanden einzigartig ist.<\/strong> <strong>Nirgendwo sonst finden Sie eine so gro\u00dfe Sammlung. Gern geschehen.<\/strong><\/p>\n<ul>\n<li>Gr\u00f6\u00dfe: 77 x 146 cm<\/li>\n<li>Material: Metall<\/li>\n<li>Farbe: Verschiedene<\/li>\n<li>Einfach mit 2 Schrauben aufzuh\u00e4ngen<\/li>\n<li>Schnell geliefert<\/li>\n<li>Gr\u00f6\u00dfte Sammlung in den Benelux-L\u00e4ndern, die auch live betrachtet werden kann<\/li>\n<li>1 Jahr Garantie<\/li>\n<\/ul>\n","protected":false},"excerpt":{"rendered":"<p>Suchen Sie ein Kunstwerk mit exotischem Aussehen und einzigartigem Design? Dann werfen Sie einen Blick auf unsere farbenfrohe Wanddekoration aus sehr bunten Bl\u00f6cken. Dieses dreidimensionale Kunstwerk aus Metall ist komplett handgefertigt und koloriert. Das Modell besteht aus quadratischen, konvexen Formen und ist in exotischen Farben gef\u00e4rbt, die einen sch\u00f6nen Kontrast bilden. Dieses Kunstwerk ist Teil &hellip;<\/p>\n","protected":false},"featured_media":166216,"template":"","meta":{"_acf_changed":false,"_genesis_title":"","_genesis_description":""},"product_brand":[],"product_cat":[512,509],"product_tag":[],"class_list":{"0":"post-166211","1":"product","2":"type-product","3":"status-publish","4":"has-post-thumbnail","6":"product_cat-3d-wanddekoration-ohne-rahmen","7":"product_cat-wanddekoration","9":"first","10":"outofstock","11":"taxable","12":"shipping-taxable","13":"purchasable","14":"product-type-simple"},"acf":[],"meta_all":{"total_sales":"0","wcml_sync_hash":{"postmeta_fields":"566daa734a060d9a3a495b68c1bfe651"},"attr_label_translations":[],"no_of_subscribers":"1"},"meta_all_flat":{"total_sales":"0","wcml_sync_hash.postmeta_fields":"566daa734a060d9a3a495b68c1bfe651","no_of_subscribers":"1"},"yoast_head":"<!-- This site is optimized with the Yoast SEO Premium plugin v26.2 (Yoast SEO v27.2) - https:\/\/yoast.com\/product\/yoast-seo-premium-wordpress\/ -->\n<title>Bunte Wanddekoration Metallwanddesignbl\u00f6cke - Eliassen.nl<\/title>\n<meta name=\"description\" content=\"Bunte Wanddekoration aus Metall aus verschiedenen Bl\u00f6cken. Diese Wandgestaltung aus Metall ist ein echter Hingucker f\u00fcr jede Art von Einrichtung. \u221a 1 Jahr Ga...\" \/>\n<meta name=\"robots\" content=\"index, follow, max-snippet:-1, max-image-preview:large, max-video-preview:-1\" \/>\n<link rel=\"canonical\" href=\"https:\/\/www.eliassen.nl\/de\/wanddekoration-metallwandgestaltungsblocke-kopie\/\" \/>\n<meta property=\"og:locale\" content=\"de_DE\" \/>\n<meta property=\"og:type\" content=\"article\" \/>\n<meta property=\"og:title\" content=\"Wanddekoration Metallwandgestaltungsbl\u00f6cke (kopie) - Eliassen.nl\" \/>\n<meta property=\"og:description\" content=\"Bunte Wanddekoration aus Metall aus verschiedenen Bl\u00f6cken. Diese Wandgestaltung aus Metall ist ein echter Hingucker f\u00fcr jede Art von Einrichtung. \u221a 1 Jahr Ga...\" \/>\n<meta property=\"og:url\" content=\"https:\/\/www.eliassen.nl\/de\/wanddekoration-metallwandgestaltungsblocke-kopie\/\" \/>\n<meta property=\"og:site_name\" content=\"Eliassen.nl\" \/>\n<meta property=\"article:publisher\" content=\"https:\/\/www.facebook.com\/TuincentrumEliassenAmmerzoden\" \/>\n<meta property=\"article:modified_time\" content=\"2025-09-15T11:55:17+00:00\" \/>\n<meta property=\"og:image\" content=\"https:\/\/www.eliassen.nl\/wp-content\/uploads\/2024\/11\/Muurdecoratie-3d-5-Bloemen-56x125cm-eliassen.nl_.jpg\" \/>\n\t<meta property=\"og:image:width\" content=\"2048\" \/>\n\t<meta property=\"og:image:height\" content=\"1009\" \/>\n\t<meta property=\"og:image:type\" content=\"image\/jpeg\" \/>\n<meta name=\"twitter:card\" content=\"summary_large_image\" \/>\n<script type=\"application\/ld+json\" class=\"yoast-schema-graph\">{\"@context\":\"https:\/\/schema.org\",\"@graph\":[{\"@type\":\"WebPage\",\"@id\":\"https:\/\/www.eliassen.nl\/de\/wanddekoration-metallwandgestaltungsblocke-kopie\/\",\"url\":\"https:\/\/www.eliassen.nl\/de\/wanddekoration-metallwandgestaltungsblocke-kopie\/\",\"name\":\"Bunte Wanddekoration Metallwanddesignbl\u00f6cke - Eliassen.nl\",\"isPartOf\":{\"@id\":\"https:\/\/www.eliassen.nl\/de\/#website\"},\"primaryImageOfPage\":{\"@id\":\"https:\/\/www.eliassen.nl\/de\/wanddekoration-metallwandgestaltungsblocke-kopie\/#primaryimage\"},\"image\":{\"@id\":\"https:\/\/www.eliassen.nl\/de\/wanddekoration-metallwandgestaltungsblocke-kopie\/#primaryimage\"},\"thumbnailUrl\":\"https:\/\/www.eliassen.nl\/wp-content\/uploads\/2024\/11\/Muurdecoratie-3d-5-Bloemen-56x125cm-eliassen.nl_.jpg\",\"datePublished\":\"2024-11-22T10:54:10+00:00\",\"dateModified\":\"2025-09-15T11:55:17+00:00\",\"description\":\"Bunte Wanddekoration aus Metall aus verschiedenen Bl\u00f6cken. Diese Wandgestaltung aus Metall ist ein echter Hingucker f\u00fcr jede Art von Einrichtung. \u221a 1 Jahr Ga...\",\"breadcrumb\":{\"@id\":\"https:\/\/www.eliassen.nl\/de\/wanddekoration-metallwandgestaltungsblocke-kopie\/#breadcrumb\"},\"inLanguage\":\"de\",\"potentialAction\":[{\"@type\":\"ReadAction\",\"target\":[\"https:\/\/www.eliassen.nl\/de\/wanddekoration-metallwandgestaltungsblocke-kopie\/\"]}]},{\"@type\":\"ImageObject\",\"inLanguage\":\"de\",\"@id\":\"https:\/\/www.eliassen.nl\/de\/wanddekoration-metallwandgestaltungsblocke-kopie\/#primaryimage\",\"url\":\"https:\/\/www.eliassen.nl\/wp-content\/uploads\/2024\/11\/Muurdecoratie-3d-5-Bloemen-56x125cm-eliassen.nl_.jpg\",\"contentUrl\":\"https:\/\/www.eliassen.nl\/wp-content\/uploads\/2024\/11\/Muurdecoratie-3d-5-Bloemen-56x125cm-eliassen.nl_.jpg\",\"width\":2048,\"height\":1009,\"caption\":\"Muurdecoratie 3d 5 Bloemen 56x125cm eliassen.nl\"},{\"@type\":\"BreadcrumbList\",\"@id\":\"https:\/\/www.eliassen.nl\/de\/wanddekoration-metallwandgestaltungsblocke-kopie\/#breadcrumb\",\"itemListElement\":[{\"@type\":\"ListItem\",\"position\":1,\"name\":\"Home\",\"item\":\"https:\/\/www.eliassen.nl\/de\/\"},{\"@type\":\"ListItem\",\"position\":2,\"name\":\"Shop\",\"item\":\"https:\/\/www.eliassen.nl\/de\/shop\/\"},{\"@type\":\"ListItem\",\"position\":3,\"name\":\"Wanddekoration\",\"item\":\"https:\/\/www.eliassen.nl\/de\/wanddekoration\/\"},{\"@type\":\"ListItem\",\"position\":4,\"name\":\"3D-Wanddekoration ohne Rahmen\",\"item\":\"https:\/\/www.eliassen.nl\/de\/wanddekoration\/3d-wanddekoration-ohne-rahmen\/\"},{\"@type\":\"ListItem\",\"position\":5,\"name\":\"Wanddekoration Metallwandgestaltungsbl\u00f6cke (kopie)\"}]},{\"@type\":\"WebSite\",\"@id\":\"https:\/\/www.eliassen.nl\/de\/#website\",\"url\":\"https:\/\/www.eliassen.nl\/de\/\",\"name\":\"Eliassen Home & Garden Pleasure\",\"description\":\"\",\"publisher\":{\"@id\":\"https:\/\/www.eliassen.nl\/de\/#organization\"},\"alternateName\":\"Eliassen.nl\",\"potentialAction\":[{\"@type\":\"SearchAction\",\"target\":{\"@type\":\"EntryPoint\",\"urlTemplate\":\"https:\/\/www.eliassen.nl\/de\/?s={search_term_string}\"},\"query-input\":{\"@type\":\"PropertyValueSpecification\",\"valueRequired\":true,\"valueName\":\"search_term_string\"}}],\"inLanguage\":\"de\"},{\"@type\":[\"Organization\",\"Place\"],\"@id\":\"https:\/\/www.eliassen.nl\/de\/#organization\",\"name\":\"Eliassen Home & Garden Pleasure\",\"url\":\"https:\/\/www.eliassen.nl\/de\/\",\"logo\":{\"@id\":\"https:\/\/www.eliassen.nl\/de\/wanddekoration-metallwandgestaltungsblocke-kopie\/#local-main-organization-logo\"},\"image\":{\"@id\":\"https:\/\/www.eliassen.nl\/de\/wanddekoration-metallwandgestaltungsblocke-kopie\/#local-main-organization-logo\"},\"sameAs\":[\"https:\/\/www.facebook.com\/TuincentrumEliassenAmmerzoden\",\"https:\/\/www.instagram.com\/eliassenhomeandgarden\/\",\"https:\/\/nl.pinterest.com\/eliassenhomeandgarden\/\",\"https:\/\/www.youtube.com\/@eliassenhomegardenpleasure4558\"],\"telephone\":[],\"openingHoursSpecification\":[{\"@type\":\"OpeningHoursSpecification\",\"dayOfWeek\":[\"Monday\",\"Tuesday\",\"Wednesday\",\"Thursday\",\"Friday\",\"Saturday\",\"Sunday\"],\"opens\":\"09:00\",\"closes\":\"17:00\"}]},{\"@type\":\"ImageObject\",\"inLanguage\":\"de\",\"@id\":\"https:\/\/www.eliassen.nl\/de\/wanddekoration-metallwandgestaltungsblocke-kopie\/#local-main-organization-logo\",\"url\":\"https:\/\/www.eliassen.nl\/wp-content\/uploads\/2024\/01\/logo_4nd.jpg\",\"contentUrl\":\"https:\/\/www.eliassen.nl\/wp-content\/uploads\/2024\/01\/logo_4nd.jpg\",\"width\":500,\"height\":500,\"caption\":\"Eliassen Home & Garden Pleasure\"}]}<\/script>\n<meta property=\"product:price:amount\" content=\"149.00\" \/>\n<meta property=\"product:price:currency\" content=\"EUR\" \/>\n<meta property=\"og:availability\" content=\"out of stock\" \/>\n<meta property=\"product:availability\" content=\"out of stock\" \/>\n<meta property=\"product:retailer_item_id\" content=\"A51-1\" \/>\n<meta property=\"product:condition\" content=\"new\" \/>\n<!-- \/ Yoast SEO Premium plugin. -->","yoast_head_json":{"title":"Bunte Wanddekoration Metallwanddesignbl\u00f6cke - Eliassen.nl","description":"Bunte Wanddekoration aus Metall aus verschiedenen Bl\u00f6cken. Diese Wandgestaltung aus Metall ist ein echter Hingucker f\u00fcr jede Art von Einrichtung. \u221a 1 Jahr Ga...","robots":{"index":"index","follow":"follow","max-snippet":"max-snippet:-1","max-image-preview":"max-image-preview:large","max-video-preview":"max-video-preview:-1"},"canonical":"https:\/\/www.eliassen.nl\/de\/wanddekoration-metallwandgestaltungsblocke-kopie\/","og_locale":"de_DE","og_type":"article","og_title":"Wanddekoration Metallwandgestaltungsbl\u00f6cke (kopie) - Eliassen.nl","og_description":"Bunte Wanddekoration aus Metall aus verschiedenen Bl\u00f6cken. Diese Wandgestaltung aus Metall ist ein echter Hingucker f\u00fcr jede Art von Einrichtung. \u221a 1 Jahr Ga...","og_url":"https:\/\/www.eliassen.nl\/de\/wanddekoration-metallwandgestaltungsblocke-kopie\/","og_site_name":"Eliassen.nl","article_publisher":"https:\/\/www.facebook.com\/TuincentrumEliassenAmmerzoden","article_modified_time":"2025-09-15T11:55:17+00:00","og_image":[{"width":2048,"height":1009,"url":"https:\/\/www.eliassen.nl\/wp-content\/uploads\/2024\/11\/Muurdecoratie-3d-5-Bloemen-56x125cm-eliassen.nl_.jpg","type":"image\/jpeg"}],"twitter_card":"summary_large_image","schema":{"@context":"https:\/\/schema.org","@graph":[{"@type":"WebPage","@id":"https:\/\/www.eliassen.nl\/de\/wanddekoration-metallwandgestaltungsblocke-kopie\/","url":"https:\/\/www.eliassen.nl\/de\/wanddekoration-metallwandgestaltungsblocke-kopie\/","name":"Bunte Wanddekoration Metallwanddesignbl\u00f6cke - Eliassen.nl","isPartOf":{"@id":"https:\/\/www.eliassen.nl\/de\/#website"},"primaryImageOfPage":{"@id":"https:\/\/www.eliassen.nl\/de\/wanddekoration-metallwandgestaltungsblocke-kopie\/#primaryimage"},"image":{"@id":"https:\/\/www.eliassen.nl\/de\/wanddekoration-metallwandgestaltungsblocke-kopie\/#primaryimage"},"thumbnailUrl":"https:\/\/www.eliassen.nl\/wp-content\/uploads\/2024\/11\/Muurdecoratie-3d-5-Bloemen-56x125cm-eliassen.nl_.jpg","datePublished":"2024-11-22T10:54:10+00:00","dateModified":"2025-09-15T11:55:17+00:00","description":"Bunte Wanddekoration aus Metall aus verschiedenen Bl\u00f6cken. Diese Wandgestaltung aus Metall ist ein echter Hingucker f\u00fcr jede Art von Einrichtung. \u221a 1 Jahr Ga...","breadcrumb":{"@id":"https:\/\/www.eliassen.nl\/de\/wanddekoration-metallwandgestaltungsblocke-kopie\/#breadcrumb"},"inLanguage":"de","potentialAction":[{"@type":"ReadAction","target":["https:\/\/www.eliassen.nl\/de\/wanddekoration-metallwandgestaltungsblocke-kopie\/"]}]},{"@type":"ImageObject","inLanguage":"de","@id":"https:\/\/www.eliassen.nl\/de\/wanddekoration-metallwandgestaltungsblocke-kopie\/#primaryimage","url":"https:\/\/www.eliassen.nl\/wp-content\/uploads\/2024\/11\/Muurdecoratie-3d-5-Bloemen-56x125cm-eliassen.nl_.jpg","contentUrl":"https:\/\/www.eliassen.nl\/wp-content\/uploads\/2024\/11\/Muurdecoratie-3d-5-Bloemen-56x125cm-eliassen.nl_.jpg","width":2048,"height":1009,"caption":"Muurdecoratie 3d 5 Bloemen 56x125cm eliassen.nl"},{"@type":"BreadcrumbList","@id":"https:\/\/www.eliassen.nl\/de\/wanddekoration-metallwandgestaltungsblocke-kopie\/#breadcrumb","itemListElement":[{"@type":"ListItem","position":1,"name":"Home","item":"https:\/\/www.eliassen.nl\/de\/"},{"@type":"ListItem","position":2,"name":"Shop","item":"https:\/\/www.eliassen.nl\/de\/shop\/"},{"@type":"ListItem","position":3,"name":"Wanddekoration","item":"https:\/\/www.eliassen.nl\/de\/wanddekoration\/"},{"@type":"ListItem","position":4,"name":"3D-Wanddekoration ohne Rahmen","item":"https:\/\/www.eliassen.nl\/de\/wanddekoration\/3d-wanddekoration-ohne-rahmen\/"},{"@type":"ListItem","position":5,"name":"Wanddekoration Metallwandgestaltungsbl\u00f6cke (kopie)"}]},{"@type":"WebSite","@id":"https:\/\/www.eliassen.nl\/de\/#website","url":"https:\/\/www.eliassen.nl\/de\/","name":"Eliassen Home & Garden Pleasure","description":"","publisher":{"@id":"https:\/\/www.eliassen.nl\/de\/#organization"},"alternateName":"Eliassen.nl","potentialAction":[{"@type":"SearchAction","target":{"@type":"EntryPoint","urlTemplate":"https:\/\/www.eliassen.nl\/de\/?s={search_term_string}"},"query-input":{"@type":"PropertyValueSpecification","valueRequired":true,"valueName":"search_term_string"}}],"inLanguage":"de"},{"@type":["Organization","Place"],"@id":"https:\/\/www.eliassen.nl\/de\/#organization","name":"Eliassen Home & Garden Pleasure","url":"https:\/\/www.eliassen.nl\/de\/","logo":{"@id":"https:\/\/www.eliassen.nl\/de\/wanddekoration-metallwandgestaltungsblocke-kopie\/#local-main-organization-logo"},"image":{"@id":"https:\/\/www.eliassen.nl\/de\/wanddekoration-metallwandgestaltungsblocke-kopie\/#local-main-organization-logo"},"sameAs":["https:\/\/www.facebook.com\/TuincentrumEliassenAmmerzoden","https:\/\/www.instagram.com\/eliassenhomeandgarden\/","https:\/\/nl.pinterest.com\/eliassenhomeandgarden\/","https:\/\/www.youtube.com\/@eliassenhomegardenpleasure4558"],"telephone":[],"openingHoursSpecification":[{"@type":"OpeningHoursSpecification","dayOfWeek":["Monday","Tuesday","Wednesday","Thursday","Friday","Saturday","Sunday"],"opens":"09:00","closes":"17:00"}]},{"@type":"ImageObject","inLanguage":"de","@id":"https:\/\/www.eliassen.nl\/de\/wanddekoration-metallwandgestaltungsblocke-kopie\/#local-main-organization-logo","url":"https:\/\/www.eliassen.nl\/wp-content\/uploads\/2024\/01\/logo_4nd.jpg","contentUrl":"https:\/\/www.eliassen.nl\/wp-content\/uploads\/2024\/01\/logo_4nd.jpg","width":500,"height":500,"caption":"Eliassen Home & Garden Pleasure"}]},"product_price_amount":"149.00","product_price_currency":"EUR","og_availability":"out of stock","product_availability":"out of stock","product_retailer_item_id":"A51-1","product_condition":"new"},"df_price":149,"df_sale_price":"","df_regular_price":149,"df_image_link":"https:\/\/www.eliassen.nl\/wp-content\/uploads\/2024\/11\/Muurdecoratie-3d-5-Bloemen-56x125cm-eliassen.nl_-300x148.jpg","image":"https:\/\/www.eliassen.nl\/wp-content\/uploads\/2024\/11\/Muurdecoratie-3d-5-Bloemen-56x125cm-eliassen.nl_-150x150.jpg","price_search":"<span class=\"woocommerce-Price-amount amount\"><bdi><span class=\"woocommerce-Price-currencySymbol\">&euro;<\/span>&nbsp;149,00<\/bdi><\/span>","category":"3D-Wanddekoration ohne Rahmen","global_unique_id":"","_links":{"self":[{"href":"https:\/\/www.eliassen.nl\/de\/wp-json\/wp\/v2\/product\/166211","targetHints":{"allow":["GET"]}}],"collection":[{"href":"https:\/\/www.eliassen.nl\/de\/wp-json\/wp\/v2\/product"}],"about":[{"href":"https:\/\/www.eliassen.nl\/de\/wp-json\/wp\/v2\/types\/product"}],"wp:featuredmedia":[{"embeddable":true,"href":"https:\/\/www.eliassen.nl\/de\/wp-json\/wp\/v2\/media\/166216"}],"wp:attachment":[{"href":"https:\/\/www.eliassen.nl\/de\/wp-json\/wp\/v2\/media?parent=166211"}],"wp:term":[{"taxonomy":"product_brand","embeddable":true,"href":"https:\/\/www.eliassen.nl\/de\/wp-json\/wp\/v2\/product_brand?post=166211"},{"taxonomy":"product_cat","embeddable":true,"href":"https:\/\/www.eliassen.nl\/de\/wp-json\/wp\/v2\/product_cat?post=166211"},{"taxonomy":"product_tag","embeddable":true,"href":"https:\/\/www.eliassen.nl\/de\/wp-json\/wp\/v2\/product_tag?post=166211"}],"curies":[{"name":"wp","href":"https:\/\/api.w.org\/{rel}","templated":true}]}}