{"id":165543,"date":"2024-10-04T09:59:38","date_gmt":"2024-10-04T09:59:38","guid":{"rendered":"https:\/\/www.eliassen.nl\/?product=schilderij-mooie-met-citroenen-rechts-70x105cm"},"modified":"2026-01-07T13:39:02","modified_gmt":"2026-01-07T12:39:02","slug":"gemalde-schone-frau-mit-zitronen-rechts-70x105cm","status":"publish","type":"product","link":"https:\/\/www.eliassen.nl\/de\/gemalde-schone-frau-mit-zitronen-rechts-70x105cm\/","title":{"rendered":"Gem\u00e4lde Sch\u00f6ne Frau mit Zitronen rechts 70x105cm"},"content":{"rendered":"<p>Sind Sie auf der Suche nach einem sch\u00f6nen Leinwandbild, das mit Acrylfarbe bearbeitet wurde? Dann ist diese Serie von Wanddekorationen genau das Richtige f\u00fcr Sie. Dieses gro\u00dfe Gem\u00e4lde, das eine sch\u00f6ne Frau mit einem Korb voller Zitronen auf einem hellen Hintergrund zeigt, wurde sorgf\u00e4ltig mit den feinsten Farbkompositionen und mit gro\u00dfer Aufmerksamkeit f\u00fcr den letzten Schliff angefertigt!<br \/>\nDas Gem\u00e4lde besteht teilweise aus einem Druck auf Leinwand und teilweise aus darauf aufgetragener Acrylfarbe.<br \/>\nDa es von Menschenhand gemacht ist, kann das Foto leicht von der Realit\u00e4t abweichen.<\/p>\n<p>Die Leinwand ist mit einem 5 cm dicken Rahmen versehen.<\/p>\n<p>Wir haben auch fast die gesamte Kollektion dieser Serie in unserem Gesch\u00e4ft, was in den Niederlanden einzigartig ist.<br \/>\nNirgendwo finden Sie eine so gro\u00dfe Sammlung. Sie sind herzlich willkommen.<\/p>\n<ul>\n<li>  Gr\u00f6\u00dfe 70x105cm<\/li>\n<li>  Dickes und robustes Segeltuch<\/li>\n<li>  Einfach mit 1 oder 2 Schrauben aufzuh\u00e4ngen<\/li>\n<li> Schnelle Lieferung<\/li>\n<li><strong>  Die gr\u00f6\u00dfte Sammlung in den Benelux-L\u00e4ndern, die Sie auch live sehen k\u00f6nnen.<\/strong><\/li>\n<li>1 Jahr Garantie<\/li>\n<\/ul>\n","protected":false},"excerpt":{"rendered":"<p>Sch\u00f6nes Gem\u00e4lde auf Leinwand, bearbeitet mit Acrylfarbe. Gr\u00f6\u00dfe 70x105cm.<\/p>\n","protected":false},"featured_media":165528,"template":"","meta":{"_acf_changed":false,"_genesis_title":"","_genesis_description":""},"product_brand":[6948],"product_cat":[410,476],"product_tag":[],"class_list":{"0":"post-165543","1":"product","2":"type-product","3":"status-publish","4":"has-post-thumbnail","6":"product_brand-homebound-de","7":"product_cat-gemaelde","8":"product_cat-gemaelde-auf-leinwand","10":"first","11":"instock","12":"taxable","13":"shipping-taxable","14":"purchasable","15":"product-type-simple"},"acf":[],"meta_all":{"total_sales":"1","wcml_sync_hash":{"postmeta_fields":"5dedda356702270c6363799d80d0657a"},"attr_label_translations":[],"cor_restricted_countries":[]},"meta_all_flat":{"total_sales":"1","wcml_sync_hash.postmeta_fields":"5dedda356702270c6363799d80d0657a"},"yoast_head":"<!-- This site is optimized with the Yoast SEO Premium plugin v26.2 (Yoast SEO v27.2) - https:\/\/yoast.com\/product\/yoast-seo-premium-wordpress\/ -->\n<title>Gem\u00e4lde Sch\u00f6n mit Zitronen rechts 70x105cm - Eliassen.nl<\/title>\n<meta name=\"description\" content=\"Sehr dekoratives Leinwandgem\u00e4lde mit einer sch\u00f6nen Frau mit Zitronen auf hellem Hintergrund. Gr\u00f6\u00dfe 70x105cm. Ruhige Leinwandmalerei.\" \/>\n<meta name=\"robots\" content=\"index, follow, max-snippet:-1, max-image-preview:large, max-video-preview:-1\" \/>\n<link rel=\"canonical\" href=\"https:\/\/www.eliassen.nl\/de\/gemalde-schone-frau-mit-zitronen-rechts-70x105cm\/\" \/>\n<meta property=\"og:locale\" content=\"de_DE\" \/>\n<meta property=\"og:type\" content=\"article\" \/>\n<meta property=\"og:title\" content=\"Homebound Gem\u00e4lde Sch\u00f6ne Frau mit Zitronen rechts 70x105cm - Eliassen.nl\" \/>\n<meta property=\"og:description\" content=\"Sehr dekoratives Leinwandgem\u00e4lde mit einer sch\u00f6nen Frau mit Zitronen auf hellem Hintergrund. Gr\u00f6\u00dfe 70x105cm. Ruhige Leinwandmalerei.\" \/>\n<meta property=\"og:url\" content=\"https:\/\/www.eliassen.nl\/de\/gemalde-schone-frau-mit-zitronen-rechts-70x105cm\/\" \/>\n<meta property=\"og:site_name\" content=\"Eliassen.nl\" \/>\n<meta property=\"article:publisher\" content=\"https:\/\/www.facebook.com\/TuincentrumEliassenAmmerzoden\" \/>\n<meta property=\"article:modified_time\" content=\"2026-01-07T12:39:02+00:00\" \/>\n<meta property=\"og:image\" content=\"https:\/\/www.eliassen.nl\/wp-content\/uploads\/2024\/11\/schilderijvrouwmetcitroenenrechtseliassennlf.jpg\" \/>\n\t<meta property=\"og:image:width\" content=\"667\" \/>\n\t<meta property=\"og:image:height\" content=\"1000\" \/>\n\t<meta property=\"og:image:type\" content=\"image\/jpeg\" \/>\n<meta name=\"twitter:card\" content=\"summary_large_image\" \/>\n<script type=\"application\/ld+json\" class=\"yoast-schema-graph\">{\"@context\":\"https:\/\/schema.org\",\"@graph\":[{\"@type\":\"WebPage\",\"@id\":\"https:\/\/www.eliassen.nl\/de\/gemalde-schone-frau-mit-zitronen-rechts-70x105cm\/\",\"url\":\"https:\/\/www.eliassen.nl\/de\/gemalde-schone-frau-mit-zitronen-rechts-70x105cm\/\",\"name\":\"Gem\u00e4lde Sch\u00f6n mit Zitronen rechts 70x105cm - Eliassen.nl\",\"isPartOf\":{\"@id\":\"https:\/\/www.eliassen.nl\/de\/#website\"},\"primaryImageOfPage\":{\"@id\":\"https:\/\/www.eliassen.nl\/de\/gemalde-schone-frau-mit-zitronen-rechts-70x105cm\/#primaryimage\"},\"image\":{\"@id\":\"https:\/\/www.eliassen.nl\/de\/gemalde-schone-frau-mit-zitronen-rechts-70x105cm\/#primaryimage\"},\"thumbnailUrl\":\"https:\/\/www.eliassen.nl\/wp-content\/uploads\/2024\/11\/schilderijvrouwmetcitroenenrechtseliassennlf.jpg\",\"datePublished\":\"2024-10-04T09:59:38+00:00\",\"dateModified\":\"2026-01-07T12:39:02+00:00\",\"description\":\"Sehr dekoratives Leinwandgem\u00e4lde mit einer sch\u00f6nen Frau mit Zitronen auf hellem Hintergrund. Gr\u00f6\u00dfe 70x105cm. Ruhige Leinwandmalerei.\",\"breadcrumb\":{\"@id\":\"https:\/\/www.eliassen.nl\/de\/gemalde-schone-frau-mit-zitronen-rechts-70x105cm\/#breadcrumb\"},\"inLanguage\":\"de\",\"potentialAction\":[{\"@type\":\"ReadAction\",\"target\":[\"https:\/\/www.eliassen.nl\/de\/gemalde-schone-frau-mit-zitronen-rechts-70x105cm\/\"]}]},{\"@type\":\"ImageObject\",\"inLanguage\":\"de\",\"@id\":\"https:\/\/www.eliassen.nl\/de\/gemalde-schone-frau-mit-zitronen-rechts-70x105cm\/#primaryimage\",\"url\":\"https:\/\/www.eliassen.nl\/wp-content\/uploads\/2024\/11\/schilderijvrouwmetcitroenenrechtseliassennlf.jpg\",\"contentUrl\":\"https:\/\/www.eliassen.nl\/wp-content\/uploads\/2024\/11\/schilderijvrouwmetcitroenenrechtseliassennlf.jpg\",\"width\":667,\"height\":1000,\"caption\":\"Gem\u00e4lde Frau mit Zitronen rechts Eliassen.nl fk9036\"},{\"@type\":\"BreadcrumbList\",\"@id\":\"https:\/\/www.eliassen.nl\/de\/gemalde-schone-frau-mit-zitronen-rechts-70x105cm\/#breadcrumb\",\"itemListElement\":[{\"@type\":\"ListItem\",\"position\":1,\"name\":\"Home\",\"item\":\"https:\/\/www.eliassen.nl\/de\/\"},{\"@type\":\"ListItem\",\"position\":2,\"name\":\"Shop\",\"item\":\"https:\/\/www.eliassen.nl\/de\/shop\/\"},{\"@type\":\"ListItem\",\"position\":3,\"name\":\"Gem\u00e4lde\",\"item\":\"https:\/\/www.eliassen.nl\/de\/gemaelde\/\"},{\"@type\":\"ListItem\",\"position\":4,\"name\":\"Gem\u00e4lde auf Leinwand\",\"item\":\"https:\/\/www.eliassen.nl\/de\/gemaelde\/gemaelde-auf-leinwand\/\"},{\"@type\":\"ListItem\",\"position\":5,\"name\":\"Gem\u00e4lde Sch\u00f6ne Frau mit Zitronen rechts 70x105cm\"}]},{\"@type\":\"WebSite\",\"@id\":\"https:\/\/www.eliassen.nl\/de\/#website\",\"url\":\"https:\/\/www.eliassen.nl\/de\/\",\"name\":\"Eliassen Home & Garden Pleasure\",\"description\":\"\",\"publisher\":{\"@id\":\"https:\/\/www.eliassen.nl\/de\/#organization\"},\"alternateName\":\"Eliassen.nl\",\"potentialAction\":[{\"@type\":\"SearchAction\",\"target\":{\"@type\":\"EntryPoint\",\"urlTemplate\":\"https:\/\/www.eliassen.nl\/de\/?s={search_term_string}\"},\"query-input\":{\"@type\":\"PropertyValueSpecification\",\"valueRequired\":true,\"valueName\":\"search_term_string\"}}],\"inLanguage\":\"de\"},{\"@type\":[\"Organization\",\"Place\"],\"@id\":\"https:\/\/www.eliassen.nl\/de\/#organization\",\"name\":\"Eliassen Home & Garden Pleasure\",\"url\":\"https:\/\/www.eliassen.nl\/de\/\",\"logo\":{\"@id\":\"https:\/\/www.eliassen.nl\/de\/gemalde-schone-frau-mit-zitronen-rechts-70x105cm\/#local-main-organization-logo\"},\"image\":{\"@id\":\"https:\/\/www.eliassen.nl\/de\/gemalde-schone-frau-mit-zitronen-rechts-70x105cm\/#local-main-organization-logo\"},\"sameAs\":[\"https:\/\/www.facebook.com\/TuincentrumEliassenAmmerzoden\",\"https:\/\/www.instagram.com\/eliassenhomeandgarden\/\",\"https:\/\/nl.pinterest.com\/eliassenhomeandgarden\/\",\"https:\/\/www.youtube.com\/@eliassenhomegardenpleasure4558\"],\"telephone\":[],\"openingHoursSpecification\":[{\"@type\":\"OpeningHoursSpecification\",\"dayOfWeek\":[\"Monday\",\"Tuesday\",\"Wednesday\",\"Thursday\",\"Friday\",\"Saturday\",\"Sunday\"],\"opens\":\"09:00\",\"closes\":\"17:00\"}]},{\"@type\":\"ImageObject\",\"inLanguage\":\"de\",\"@id\":\"https:\/\/www.eliassen.nl\/de\/gemalde-schone-frau-mit-zitronen-rechts-70x105cm\/#local-main-organization-logo\",\"url\":\"https:\/\/www.eliassen.nl\/wp-content\/uploads\/2024\/01\/logo_4nd.jpg\",\"contentUrl\":\"https:\/\/www.eliassen.nl\/wp-content\/uploads\/2024\/01\/logo_4nd.jpg\",\"width\":500,\"height\":500,\"caption\":\"Eliassen Home & Garden Pleasure\"}]}<\/script>\n<meta property=\"product:price:amount\" content=\"139.00\" \/>\n<meta property=\"product:price:currency\" content=\"EUR\" \/>\n<meta property=\"og:availability\" content=\"instock\" \/>\n<meta property=\"product:availability\" content=\"instock\" \/>\n<meta property=\"product:retailer_item_id\" content=\"fk9036\" \/>\n<meta property=\"product:condition\" content=\"new\" \/>\n<!-- \/ Yoast SEO Premium plugin. -->","yoast_head_json":{"title":"Gem\u00e4lde Sch\u00f6n mit Zitronen rechts 70x105cm - Eliassen.nl","description":"Sehr dekoratives Leinwandgem\u00e4lde mit einer sch\u00f6nen Frau mit Zitronen auf hellem Hintergrund. Gr\u00f6\u00dfe 70x105cm. Ruhige Leinwandmalerei.","robots":{"index":"index","follow":"follow","max-snippet":"max-snippet:-1","max-image-preview":"max-image-preview:large","max-video-preview":"max-video-preview:-1"},"canonical":"https:\/\/www.eliassen.nl\/de\/gemalde-schone-frau-mit-zitronen-rechts-70x105cm\/","og_locale":"de_DE","og_type":"article","og_title":"Homebound Gem\u00e4lde Sch\u00f6ne Frau mit Zitronen rechts 70x105cm - Eliassen.nl","og_description":"Sehr dekoratives Leinwandgem\u00e4lde mit einer sch\u00f6nen Frau mit Zitronen auf hellem Hintergrund. Gr\u00f6\u00dfe 70x105cm. Ruhige Leinwandmalerei.","og_url":"https:\/\/www.eliassen.nl\/de\/gemalde-schone-frau-mit-zitronen-rechts-70x105cm\/","og_site_name":"Eliassen.nl","article_publisher":"https:\/\/www.facebook.com\/TuincentrumEliassenAmmerzoden","article_modified_time":"2026-01-07T12:39:02+00:00","og_image":[{"width":667,"height":1000,"url":"https:\/\/www.eliassen.nl\/wp-content\/uploads\/2024\/11\/schilderijvrouwmetcitroenenrechtseliassennlf.jpg","type":"image\/jpeg"}],"twitter_card":"summary_large_image","schema":{"@context":"https:\/\/schema.org","@graph":[{"@type":"WebPage","@id":"https:\/\/www.eliassen.nl\/de\/gemalde-schone-frau-mit-zitronen-rechts-70x105cm\/","url":"https:\/\/www.eliassen.nl\/de\/gemalde-schone-frau-mit-zitronen-rechts-70x105cm\/","name":"Gem\u00e4lde Sch\u00f6n mit Zitronen rechts 70x105cm - Eliassen.nl","isPartOf":{"@id":"https:\/\/www.eliassen.nl\/de\/#website"},"primaryImageOfPage":{"@id":"https:\/\/www.eliassen.nl\/de\/gemalde-schone-frau-mit-zitronen-rechts-70x105cm\/#primaryimage"},"image":{"@id":"https:\/\/www.eliassen.nl\/de\/gemalde-schone-frau-mit-zitronen-rechts-70x105cm\/#primaryimage"},"thumbnailUrl":"https:\/\/www.eliassen.nl\/wp-content\/uploads\/2024\/11\/schilderijvrouwmetcitroenenrechtseliassennlf.jpg","datePublished":"2024-10-04T09:59:38+00:00","dateModified":"2026-01-07T12:39:02+00:00","description":"Sehr dekoratives Leinwandgem\u00e4lde mit einer sch\u00f6nen Frau mit Zitronen auf hellem Hintergrund. Gr\u00f6\u00dfe 70x105cm. Ruhige Leinwandmalerei.","breadcrumb":{"@id":"https:\/\/www.eliassen.nl\/de\/gemalde-schone-frau-mit-zitronen-rechts-70x105cm\/#breadcrumb"},"inLanguage":"de","potentialAction":[{"@type":"ReadAction","target":["https:\/\/www.eliassen.nl\/de\/gemalde-schone-frau-mit-zitronen-rechts-70x105cm\/"]}]},{"@type":"ImageObject","inLanguage":"de","@id":"https:\/\/www.eliassen.nl\/de\/gemalde-schone-frau-mit-zitronen-rechts-70x105cm\/#primaryimage","url":"https:\/\/www.eliassen.nl\/wp-content\/uploads\/2024\/11\/schilderijvrouwmetcitroenenrechtseliassennlf.jpg","contentUrl":"https:\/\/www.eliassen.nl\/wp-content\/uploads\/2024\/11\/schilderijvrouwmetcitroenenrechtseliassennlf.jpg","width":667,"height":1000,"caption":"Gem\u00e4lde Frau mit Zitronen rechts Eliassen.nl fk9036"},{"@type":"BreadcrumbList","@id":"https:\/\/www.eliassen.nl\/de\/gemalde-schone-frau-mit-zitronen-rechts-70x105cm\/#breadcrumb","itemListElement":[{"@type":"ListItem","position":1,"name":"Home","item":"https:\/\/www.eliassen.nl\/de\/"},{"@type":"ListItem","position":2,"name":"Shop","item":"https:\/\/www.eliassen.nl\/de\/shop\/"},{"@type":"ListItem","position":3,"name":"Gem\u00e4lde","item":"https:\/\/www.eliassen.nl\/de\/gemaelde\/"},{"@type":"ListItem","position":4,"name":"Gem\u00e4lde auf Leinwand","item":"https:\/\/www.eliassen.nl\/de\/gemaelde\/gemaelde-auf-leinwand\/"},{"@type":"ListItem","position":5,"name":"Gem\u00e4lde Sch\u00f6ne Frau mit Zitronen rechts 70x105cm"}]},{"@type":"WebSite","@id":"https:\/\/www.eliassen.nl\/de\/#website","url":"https:\/\/www.eliassen.nl\/de\/","name":"Eliassen Home & Garden Pleasure","description":"","publisher":{"@id":"https:\/\/www.eliassen.nl\/de\/#organization"},"alternateName":"Eliassen.nl","potentialAction":[{"@type":"SearchAction","target":{"@type":"EntryPoint","urlTemplate":"https:\/\/www.eliassen.nl\/de\/?s={search_term_string}"},"query-input":{"@type":"PropertyValueSpecification","valueRequired":true,"valueName":"search_term_string"}}],"inLanguage":"de"},{"@type":["Organization","Place"],"@id":"https:\/\/www.eliassen.nl\/de\/#organization","name":"Eliassen Home & Garden Pleasure","url":"https:\/\/www.eliassen.nl\/de\/","logo":{"@id":"https:\/\/www.eliassen.nl\/de\/gemalde-schone-frau-mit-zitronen-rechts-70x105cm\/#local-main-organization-logo"},"image":{"@id":"https:\/\/www.eliassen.nl\/de\/gemalde-schone-frau-mit-zitronen-rechts-70x105cm\/#local-main-organization-logo"},"sameAs":["https:\/\/www.facebook.com\/TuincentrumEliassenAmmerzoden","https:\/\/www.instagram.com\/eliassenhomeandgarden\/","https:\/\/nl.pinterest.com\/eliassenhomeandgarden\/","https:\/\/www.youtube.com\/@eliassenhomegardenpleasure4558"],"telephone":[],"openingHoursSpecification":[{"@type":"OpeningHoursSpecification","dayOfWeek":["Monday","Tuesday","Wednesday","Thursday","Friday","Saturday","Sunday"],"opens":"09:00","closes":"17:00"}]},{"@type":"ImageObject","inLanguage":"de","@id":"https:\/\/www.eliassen.nl\/de\/gemalde-schone-frau-mit-zitronen-rechts-70x105cm\/#local-main-organization-logo","url":"https:\/\/www.eliassen.nl\/wp-content\/uploads\/2024\/01\/logo_4nd.jpg","contentUrl":"https:\/\/www.eliassen.nl\/wp-content\/uploads\/2024\/01\/logo_4nd.jpg","width":500,"height":500,"caption":"Eliassen Home & Garden Pleasure"}]},"product_price_amount":"139.00","product_price_currency":"EUR","og_availability":"instock","product_availability":"instock","product_retailer_item_id":"fk9036","product_condition":"new"},"df_price":139,"df_sale_price":"","df_regular_price":139,"df_image_link":"https:\/\/www.eliassen.nl\/wp-content\/uploads\/2024\/11\/schilderijvrouwmetcitroenenrechtseliassennlf.jpg","image":"https:\/\/www.eliassen.nl\/wp-content\/uploads\/2024\/11\/schilderijvrouwmetcitroenenrechtseliassennlf.jpg","price_search":"<span class=\"woocommerce-Price-amount amount\"><bdi><span class=\"woocommerce-Price-currencySymbol\">&euro;<\/span>&nbsp;139,00<\/bdi><\/span>","category":"Gem\u00e4lde","global_unique_id":"8719097103854","_links":{"self":[{"href":"https:\/\/www.eliassen.nl\/de\/wp-json\/wp\/v2\/product\/165543","targetHints":{"allow":["GET"]}}],"collection":[{"href":"https:\/\/www.eliassen.nl\/de\/wp-json\/wp\/v2\/product"}],"about":[{"href":"https:\/\/www.eliassen.nl\/de\/wp-json\/wp\/v2\/types\/product"}],"wp:featuredmedia":[{"embeddable":true,"href":"https:\/\/www.eliassen.nl\/de\/wp-json\/wp\/v2\/media\/165528"}],"wp:attachment":[{"href":"https:\/\/www.eliassen.nl\/de\/wp-json\/wp\/v2\/media?parent=165543"}],"wp:term":[{"taxonomy":"product_brand","embeddable":true,"href":"https:\/\/www.eliassen.nl\/de\/wp-json\/wp\/v2\/product_brand?post=165543"},{"taxonomy":"product_cat","embeddable":true,"href":"https:\/\/www.eliassen.nl\/de\/wp-json\/wp\/v2\/product_cat?post=165543"},{"taxonomy":"product_tag","embeddable":true,"href":"https:\/\/www.eliassen.nl\/de\/wp-json\/wp\/v2\/product_tag?post=165543"}],"curies":[{"name":"wp","href":"https:\/\/api.w.org\/{rel}","templated":true}]}}