{"id":165349,"date":"2024-10-04T19:13:26","date_gmt":"2024-10-04T19:13:26","guid":{"rendered":"https:\/\/www.eliassen.nl\/?product=tandwielklok-rond-zwart-60cm-seberia"},"modified":"2026-02-05T09:46:39","modified_gmt":"2026-02-05T08:46:39","slug":"ganguhr-rund-schwarz-60cm-seberia","status":"publish","type":"product","link":"https:\/\/www.eliassen.nl\/de\/ganguhr-rund-schwarz-60cm-seberia\/","title":{"rendered":"Zahnraduhr rund schwarz 60cm Seberia"},"content":{"rendered":"<p>Mit dieser sch\u00f6nen runden schwarzen Wanduhr mit beweglichen Teilen wird es ein Vergn\u00fcgen sein, zu sehen, wie sp\u00e4t es jetzt ist. Diese sehr h\u00fcbsche Uhr hat einen anthrazitfarbenen Stahlrahmen mit dezenten Ziffern.<\/p>\n<p>Diese Art von Wanduhr passt zu allen Interieurs, sowohl zu l\u00e4ndlichen als auch zu industriellen.<\/p>\n<p>Das Besondere an dieser Uhr ist, dass sich in der Mitte eine Reihe von Zahnr\u00e4dern befindet, die mit 2 AA-Stiftlampen eine sehr lange Zeit laufen.<\/p>\n<p>Die Zahnr\u00e4der werden von einem hochwertigen, neuartigen Elektromotor angetrieben, so dass die Motorger\u00e4usche vernachl\u00e4ssigbar sind.<\/p>\n<ul>\n<li>Gr\u00f6\u00dfe: Durchmesser 60cm cm, <strong>Dicke 8cm<\/strong>.<\/li>\n<li>Material: Metall und Glas.<\/li>\n<li>Farbe: Anthrazit\/Schwarz.<\/li>\n<li>robustes Eisengeh\u00e4use.<\/li>\n<li>Ausgestattet mit einem Quarzwerk.<\/li>\n<li>Industrie-Look.<\/li>\n<li>ab Lager lieferbar.<\/li>\n<li>1 Jahr Garantie.<\/li>\n<\/ul>\n","protected":false},"excerpt":{"rendered":"<p>Gro\u00dfe Uhr mit Glas<\/p>\n","protected":false},"featured_media":165346,"template":"","meta":{"_acf_changed":false,"_genesis_title":"","_genesis_description":""},"product_brand":[7481],"product_cat":[509,521],"product_tag":[7429],"class_list":{"0":"post-165349","1":"product","2":"type-product","3":"status-publish","4":"has-post-thumbnail","6":"product_brand-waren","7":"product_cat-wanddekoration","8":"product_cat-wanduhren","9":"product_tag-uhr-gros","11":"first","12":"instock","13":"taxable","14":"shipping-taxable","15":"purchasable","16":"product-type-simple"},"acf":[],"meta_all":{"total_sales":"4","wcml_sync_hash":{"postmeta_fields":"47a6f2106585543ee780e0e01d447e68"},"attr_label_translations":[],"cor_restricted_countries":["DE"],"cor_product_add":"ja"},"meta_all_flat":{"total_sales":"4","wcml_sync_hash.postmeta_fields":"47a6f2106585543ee780e0e01d447e68","cor_restricted_countries.0":"DE","cor_product_add":"ja"},"yoast_head":"<!-- This site is optimized with the Yoast SEO Premium plugin v26.2 (Yoast SEO v27.2) - https:\/\/yoast.com\/product\/yoast-seo-premium-wordpress\/ -->\n<title>Zahnraduhr rund schwarz 60cm Seberia<\/title>\n<meta name=\"description\" content=\"Zahnrad-Uhren? Kommen Sie vorbei und sehen Sie sich unsere gesamte Kollektion live an !!!\" \/>\n<meta name=\"robots\" content=\"index, follow, max-snippet:-1, max-image-preview:large, max-video-preview:-1\" \/>\n<link rel=\"canonical\" href=\"https:\/\/www.eliassen.nl\/de\/ganguhr-rund-schwarz-60cm-seberia\/\" \/>\n<meta property=\"og:locale\" content=\"de_DE\" \/>\n<meta property=\"og:type\" content=\"article\" \/>\n<meta property=\"og:title\" content=\"Waren Zahnraduhr rund schwarz 60cm Seberia - Eliassen.nl\" \/>\n<meta property=\"og:description\" content=\"Zahnrad-Uhren? Kommen Sie vorbei und sehen Sie sich unsere gesamte Kollektion live an !!!\" \/>\n<meta property=\"og:url\" content=\"https:\/\/www.eliassen.nl\/de\/ganguhr-rund-schwarz-60cm-seberia\/\" \/>\n<meta property=\"og:site_name\" content=\"Eliassen.nl\" \/>\n<meta property=\"article:publisher\" content=\"https:\/\/www.facebook.com\/TuincentrumEliassenAmmerzoden\" \/>\n<meta property=\"article:modified_time\" content=\"2026-02-05T08:46:39+00:00\" \/>\n<meta property=\"og:image\" content=\"https:\/\/www.eliassen.nl\/wp-content\/uploads\/2024\/11\/tandwielklokseberiaeliassennlg6188989.jpg\" \/>\n\t<meta property=\"og:image:width\" content=\"640\" \/>\n\t<meta property=\"og:image:height\" content=\"640\" \/>\n\t<meta property=\"og:image:type\" content=\"image\/jpeg\" \/>\n<meta name=\"twitter:card\" content=\"summary_large_image\" \/>\n<script type=\"application\/ld+json\" class=\"yoast-schema-graph\">{\"@context\":\"https:\/\/schema.org\",\"@graph\":[{\"@type\":\"WebPage\",\"@id\":\"https:\/\/www.eliassen.nl\/de\/ganguhr-rund-schwarz-60cm-seberia\/\",\"url\":\"https:\/\/www.eliassen.nl\/de\/ganguhr-rund-schwarz-60cm-seberia\/\",\"name\":\"Zahnraduhr rund schwarz 60cm Seberia\",\"isPartOf\":{\"@id\":\"https:\/\/www.eliassen.nl\/de\/#website\"},\"primaryImageOfPage\":{\"@id\":\"https:\/\/www.eliassen.nl\/de\/ganguhr-rund-schwarz-60cm-seberia\/#primaryimage\"},\"image\":{\"@id\":\"https:\/\/www.eliassen.nl\/de\/ganguhr-rund-schwarz-60cm-seberia\/#primaryimage\"},\"thumbnailUrl\":\"https:\/\/www.eliassen.nl\/wp-content\/uploads\/2024\/11\/tandwielklokseberiaeliassennlg6188989.jpg\",\"datePublished\":\"2024-10-04T19:13:26+00:00\",\"dateModified\":\"2026-02-05T08:46:39+00:00\",\"description\":\"Zahnrad-Uhren? Kommen Sie vorbei und sehen Sie sich unsere gesamte Kollektion live an !!!\",\"breadcrumb\":{\"@id\":\"https:\/\/www.eliassen.nl\/de\/ganguhr-rund-schwarz-60cm-seberia\/#breadcrumb\"},\"inLanguage\":\"de\",\"potentialAction\":[{\"@type\":\"ReadAction\",\"target\":[\"https:\/\/www.eliassen.nl\/de\/ganguhr-rund-schwarz-60cm-seberia\/\"]}]},{\"@type\":\"ImageObject\",\"inLanguage\":\"de\",\"@id\":\"https:\/\/www.eliassen.nl\/de\/ganguhr-rund-schwarz-60cm-seberia\/#primaryimage\",\"url\":\"https:\/\/www.eliassen.nl\/wp-content\/uploads\/2024\/11\/tandwielklokseberiaeliassennlg6188989.jpg\",\"contentUrl\":\"https:\/\/www.eliassen.nl\/wp-content\/uploads\/2024\/11\/tandwielklokseberiaeliassennlg6188989.jpg\",\"width\":640,\"height\":640,\"caption\":\"Zahnraduhr Seberia Eliassen.de G6188989\"},{\"@type\":\"BreadcrumbList\",\"@id\":\"https:\/\/www.eliassen.nl\/de\/ganguhr-rund-schwarz-60cm-seberia\/#breadcrumb\",\"itemListElement\":[{\"@type\":\"ListItem\",\"position\":1,\"name\":\"Home\",\"item\":\"https:\/\/www.eliassen.nl\/de\/\"},{\"@type\":\"ListItem\",\"position\":2,\"name\":\"Shop\",\"item\":\"https:\/\/www.eliassen.nl\/de\/shop\/\"},{\"@type\":\"ListItem\",\"position\":3,\"name\":\"Wanddekoration\",\"item\":\"https:\/\/www.eliassen.nl\/de\/wanddekoration\/\"},{\"@type\":\"ListItem\",\"position\":4,\"name\":\"Wanduhren\",\"item\":\"https:\/\/www.eliassen.nl\/de\/wanddekoration\/wanduhren\/\"},{\"@type\":\"ListItem\",\"position\":5,\"name\":\"Zahnraduhr rund schwarz 60cm Seberia\"}]},{\"@type\":\"WebSite\",\"@id\":\"https:\/\/www.eliassen.nl\/de\/#website\",\"url\":\"https:\/\/www.eliassen.nl\/de\/\",\"name\":\"Eliassen Home & Garden Pleasure\",\"description\":\"\",\"publisher\":{\"@id\":\"https:\/\/www.eliassen.nl\/de\/#organization\"},\"alternateName\":\"Eliassen.nl\",\"potentialAction\":[{\"@type\":\"SearchAction\",\"target\":{\"@type\":\"EntryPoint\",\"urlTemplate\":\"https:\/\/www.eliassen.nl\/de\/?s={search_term_string}\"},\"query-input\":{\"@type\":\"PropertyValueSpecification\",\"valueRequired\":true,\"valueName\":\"search_term_string\"}}],\"inLanguage\":\"de\"},{\"@type\":[\"Organization\",\"Place\"],\"@id\":\"https:\/\/www.eliassen.nl\/de\/#organization\",\"name\":\"Eliassen Home & Garden Pleasure\",\"url\":\"https:\/\/www.eliassen.nl\/de\/\",\"logo\":{\"@id\":\"https:\/\/www.eliassen.nl\/de\/ganguhr-rund-schwarz-60cm-seberia\/#local-main-organization-logo\"},\"image\":{\"@id\":\"https:\/\/www.eliassen.nl\/de\/ganguhr-rund-schwarz-60cm-seberia\/#local-main-organization-logo\"},\"sameAs\":[\"https:\/\/www.facebook.com\/TuincentrumEliassenAmmerzoden\",\"https:\/\/www.instagram.com\/eliassenhomeandgarden\/\",\"https:\/\/nl.pinterest.com\/eliassenhomeandgarden\/\",\"https:\/\/www.youtube.com\/@eliassenhomegardenpleasure4558\"],\"telephone\":[],\"openingHoursSpecification\":[{\"@type\":\"OpeningHoursSpecification\",\"dayOfWeek\":[\"Monday\",\"Tuesday\",\"Wednesday\",\"Thursday\",\"Friday\",\"Saturday\",\"Sunday\"],\"opens\":\"09:00\",\"closes\":\"17:00\"}]},{\"@type\":\"ImageObject\",\"inLanguage\":\"de\",\"@id\":\"https:\/\/www.eliassen.nl\/de\/ganguhr-rund-schwarz-60cm-seberia\/#local-main-organization-logo\",\"url\":\"https:\/\/www.eliassen.nl\/wp-content\/uploads\/2024\/01\/logo_4nd.jpg\",\"contentUrl\":\"https:\/\/www.eliassen.nl\/wp-content\/uploads\/2024\/01\/logo_4nd.jpg\",\"width\":500,\"height\":500,\"caption\":\"Eliassen Home & Garden Pleasure\"}]}<\/script>\n<meta property=\"product:price:amount\" content=\"109.00\" \/>\n<meta property=\"product:price:currency\" content=\"EUR\" \/>\n<meta property=\"og:availability\" content=\"instock\" \/>\n<meta property=\"product:availability\" content=\"instock\" \/>\n<meta property=\"product:retailer_item_id\" content=\"g6188989\" \/>\n<meta property=\"product:condition\" content=\"new\" \/>\n<!-- \/ Yoast SEO Premium plugin. -->","yoast_head_json":{"title":"Zahnraduhr rund schwarz 60cm Seberia","description":"Zahnrad-Uhren? Kommen Sie vorbei und sehen Sie sich unsere gesamte Kollektion live an !!!","robots":{"index":"index","follow":"follow","max-snippet":"max-snippet:-1","max-image-preview":"max-image-preview:large","max-video-preview":"max-video-preview:-1"},"canonical":"https:\/\/www.eliassen.nl\/de\/ganguhr-rund-schwarz-60cm-seberia\/","og_locale":"de_DE","og_type":"article","og_title":"Waren Zahnraduhr rund schwarz 60cm Seberia - Eliassen.nl","og_description":"Zahnrad-Uhren? Kommen Sie vorbei und sehen Sie sich unsere gesamte Kollektion live an !!!","og_url":"https:\/\/www.eliassen.nl\/de\/ganguhr-rund-schwarz-60cm-seberia\/","og_site_name":"Eliassen.nl","article_publisher":"https:\/\/www.facebook.com\/TuincentrumEliassenAmmerzoden","article_modified_time":"2026-02-05T08:46:39+00:00","og_image":[{"width":640,"height":640,"url":"https:\/\/www.eliassen.nl\/wp-content\/uploads\/2024\/11\/tandwielklokseberiaeliassennlg6188989.jpg","type":"image\/jpeg"}],"twitter_card":"summary_large_image","schema":{"@context":"https:\/\/schema.org","@graph":[{"@type":"WebPage","@id":"https:\/\/www.eliassen.nl\/de\/ganguhr-rund-schwarz-60cm-seberia\/","url":"https:\/\/www.eliassen.nl\/de\/ganguhr-rund-schwarz-60cm-seberia\/","name":"Zahnraduhr rund schwarz 60cm Seberia","isPartOf":{"@id":"https:\/\/www.eliassen.nl\/de\/#website"},"primaryImageOfPage":{"@id":"https:\/\/www.eliassen.nl\/de\/ganguhr-rund-schwarz-60cm-seberia\/#primaryimage"},"image":{"@id":"https:\/\/www.eliassen.nl\/de\/ganguhr-rund-schwarz-60cm-seberia\/#primaryimage"},"thumbnailUrl":"https:\/\/www.eliassen.nl\/wp-content\/uploads\/2024\/11\/tandwielklokseberiaeliassennlg6188989.jpg","datePublished":"2024-10-04T19:13:26+00:00","dateModified":"2026-02-05T08:46:39+00:00","description":"Zahnrad-Uhren? Kommen Sie vorbei und sehen Sie sich unsere gesamte Kollektion live an !!!","breadcrumb":{"@id":"https:\/\/www.eliassen.nl\/de\/ganguhr-rund-schwarz-60cm-seberia\/#breadcrumb"},"inLanguage":"de","potentialAction":[{"@type":"ReadAction","target":["https:\/\/www.eliassen.nl\/de\/ganguhr-rund-schwarz-60cm-seberia\/"]}]},{"@type":"ImageObject","inLanguage":"de","@id":"https:\/\/www.eliassen.nl\/de\/ganguhr-rund-schwarz-60cm-seberia\/#primaryimage","url":"https:\/\/www.eliassen.nl\/wp-content\/uploads\/2024\/11\/tandwielklokseberiaeliassennlg6188989.jpg","contentUrl":"https:\/\/www.eliassen.nl\/wp-content\/uploads\/2024\/11\/tandwielklokseberiaeliassennlg6188989.jpg","width":640,"height":640,"caption":"Zahnraduhr Seberia Eliassen.de G6188989"},{"@type":"BreadcrumbList","@id":"https:\/\/www.eliassen.nl\/de\/ganguhr-rund-schwarz-60cm-seberia\/#breadcrumb","itemListElement":[{"@type":"ListItem","position":1,"name":"Home","item":"https:\/\/www.eliassen.nl\/de\/"},{"@type":"ListItem","position":2,"name":"Shop","item":"https:\/\/www.eliassen.nl\/de\/shop\/"},{"@type":"ListItem","position":3,"name":"Wanddekoration","item":"https:\/\/www.eliassen.nl\/de\/wanddekoration\/"},{"@type":"ListItem","position":4,"name":"Wanduhren","item":"https:\/\/www.eliassen.nl\/de\/wanddekoration\/wanduhren\/"},{"@type":"ListItem","position":5,"name":"Zahnraduhr rund schwarz 60cm Seberia"}]},{"@type":"WebSite","@id":"https:\/\/www.eliassen.nl\/de\/#website","url":"https:\/\/www.eliassen.nl\/de\/","name":"Eliassen Home & Garden Pleasure","description":"","publisher":{"@id":"https:\/\/www.eliassen.nl\/de\/#organization"},"alternateName":"Eliassen.nl","potentialAction":[{"@type":"SearchAction","target":{"@type":"EntryPoint","urlTemplate":"https:\/\/www.eliassen.nl\/de\/?s={search_term_string}"},"query-input":{"@type":"PropertyValueSpecification","valueRequired":true,"valueName":"search_term_string"}}],"inLanguage":"de"},{"@type":["Organization","Place"],"@id":"https:\/\/www.eliassen.nl\/de\/#organization","name":"Eliassen Home & Garden Pleasure","url":"https:\/\/www.eliassen.nl\/de\/","logo":{"@id":"https:\/\/www.eliassen.nl\/de\/ganguhr-rund-schwarz-60cm-seberia\/#local-main-organization-logo"},"image":{"@id":"https:\/\/www.eliassen.nl\/de\/ganguhr-rund-schwarz-60cm-seberia\/#local-main-organization-logo"},"sameAs":["https:\/\/www.facebook.com\/TuincentrumEliassenAmmerzoden","https:\/\/www.instagram.com\/eliassenhomeandgarden\/","https:\/\/nl.pinterest.com\/eliassenhomeandgarden\/","https:\/\/www.youtube.com\/@eliassenhomegardenpleasure4558"],"telephone":[],"openingHoursSpecification":[{"@type":"OpeningHoursSpecification","dayOfWeek":["Monday","Tuesday","Wednesday","Thursday","Friday","Saturday","Sunday"],"opens":"09:00","closes":"17:00"}]},{"@type":"ImageObject","inLanguage":"de","@id":"https:\/\/www.eliassen.nl\/de\/ganguhr-rund-schwarz-60cm-seberia\/#local-main-organization-logo","url":"https:\/\/www.eliassen.nl\/wp-content\/uploads\/2024\/01\/logo_4nd.jpg","contentUrl":"https:\/\/www.eliassen.nl\/wp-content\/uploads\/2024\/01\/logo_4nd.jpg","width":500,"height":500,"caption":"Eliassen Home & Garden Pleasure"}]},"product_price_amount":"109.00","product_price_currency":"EUR","og_availability":"instock","product_availability":"instock","product_retailer_item_id":"g6188989","product_condition":"new"},"df_price":109,"df_sale_price":"","df_regular_price":109,"df_image_link":"https:\/\/www.eliassen.nl\/wp-content\/uploads\/2024\/11\/tandwielklokseberiaeliassennlg6188989.jpg","image":"https:\/\/www.eliassen.nl\/wp-content\/uploads\/2024\/11\/tandwielklokseberiaeliassennlg6188989.jpg","price_search":"<span class=\"woocommerce-Price-amount amount\"><bdi><span class=\"woocommerce-Price-currencySymbol\">&euro;<\/span>&nbsp;109,00<\/bdi><\/span>","category":"Wanddekoration","global_unique_id":"8719716188989","_links":{"self":[{"href":"https:\/\/www.eliassen.nl\/de\/wp-json\/wp\/v2\/product\/165349","targetHints":{"allow":["GET"]}}],"collection":[{"href":"https:\/\/www.eliassen.nl\/de\/wp-json\/wp\/v2\/product"}],"about":[{"href":"https:\/\/www.eliassen.nl\/de\/wp-json\/wp\/v2\/types\/product"}],"wp:featuredmedia":[{"embeddable":true,"href":"https:\/\/www.eliassen.nl\/de\/wp-json\/wp\/v2\/media\/165346"}],"wp:attachment":[{"href":"https:\/\/www.eliassen.nl\/de\/wp-json\/wp\/v2\/media?parent=165349"}],"wp:term":[{"taxonomy":"product_brand","embeddable":true,"href":"https:\/\/www.eliassen.nl\/de\/wp-json\/wp\/v2\/product_brand?post=165349"},{"taxonomy":"product_cat","embeddable":true,"href":"https:\/\/www.eliassen.nl\/de\/wp-json\/wp\/v2\/product_cat?post=165349"},{"taxonomy":"product_tag","embeddable":true,"href":"https:\/\/www.eliassen.nl\/de\/wp-json\/wp\/v2\/product_tag?post=165349"}],"curies":[{"name":"wp","href":"https:\/\/api.w.org\/{rel}","templated":true}]}}