{"id":165343,"date":"2024-10-04T19:15:35","date_gmt":"2024-10-04T19:15:35","guid":{"rendered":"https:\/\/www.eliassen.nl\/?product=tandwielklok-rond-koperkleur-46cm-orbio"},"modified":"2025-10-21T16:24:05","modified_gmt":"2025-10-21T14:24:05","slug":"zahnraduhr-rund-kupferfarben-46cm-orbio","status":"publish","type":"product","link":"https:\/\/www.eliassen.nl\/de\/zahnraduhr-rund-kupferfarben-46cm-orbio\/","title":{"rendered":"Zahnraduhr rund kupferfarben 46cm Orbio"},"content":{"rendered":"<p>Es wird ein Vergn\u00fcgen sein, zu sehen, wie sp\u00e4t es jetzt ist, mit dieser sch\u00f6nen, offenen, runden, bronzefarbenen Wanduhr mit beweglichen Teilen. Diese sehr h\u00fcbsche Uhr hat einen braunen Stahlrahmen mit dezenten Ziffern.<\/p>\n<p>Diese Art von Wanduhr passt zu allen Interieurs, sowohl zu l\u00e4ndlichen als auch zu industriellen.<\/p>\n<p>Das Besondere an dieser Uhr ist, dass sich in der Mitte eine Reihe von Zahnr\u00e4dern befindet, die mit 2 AA-Stiftlampen eine sehr lange Zeit laufen.<\/p>\n<p>Die Zahnr\u00e4der werden von einem hochwertigen, neuartigen Elektromotor angetrieben, so dass die Motorger\u00e4usche vernachl\u00e4ssigbar sind.<\/p>\n<p>Die Abholung dieser Uhr ist auch nach Vereinbarung m\u00f6glich<\/p>\n<ul>\n<li>Gr\u00f6\u00dfe: Durchmesser 46cm cm, <strong>Dicke 8cm<\/strong>.<\/li>\n<li>Material: Metall und Glas.<\/li>\n<li>Farbe: alte braun-goldene Farbe.<\/li>\n<li>robustes Eisengeh\u00e4use.<\/li>\n<li>Ausgestattet mit einem Quarzwerk.<\/li>\n<li>Industrie-Look.<\/li>\n<li>ab Lager lieferbar.<\/li>\n<li>1 Jahr Garantie.<\/li>\n<\/ul>\n","protected":false},"excerpt":{"rendered":"<p>Gro\u00dfstellige Uhr<\/p>\n","protected":false},"featured_media":165340,"template":"","meta":{"_acf_changed":false,"_genesis_title":"","_genesis_description":""},"product_brand":[7481],"product_cat":[509,521],"product_tag":[],"class_list":{"0":"post-165343","1":"product","2":"type-product","3":"status-publish","4":"has-post-thumbnail","6":"product_brand-waren","7":"product_cat-wanddekoration","8":"product_cat-wanduhren","10":"first","11":"instock","12":"taxable","13":"shipping-taxable","14":"purchasable","15":"product-type-simple"},"acf":[],"meta_all":{"total_sales":"8","wcml_sync_hash":{"postmeta_fields":"b09dd1ad666d9b2b8328cba42fbc21e6"},"attr_label_translations":[],"cor_restricted_countries":["DIE"],"cor_product_add":"ja"},"meta_all_flat":{"total_sales":"8","wcml_sync_hash.postmeta_fields":"b09dd1ad666d9b2b8328cba42fbc21e6","cor_restricted_countries.0":"DIE","cor_product_add":"ja"},"yoast_head":"<!-- This site is optimized with the Yoast SEO Premium plugin v26.2 (Yoast SEO v27.2) - https:\/\/yoast.com\/product\/yoast-seo-premium-wordpress\/ -->\n<title>Zahnraduhr rund kupferfarben 46cm Orbio<\/title>\n<meta name=\"description\" content=\"Zahnrad-Uhren? Kommen Sie vorbei und sehen Sie sich unsere gesamte Kollektion live an !!!\" \/>\n<meta name=\"robots\" content=\"index, follow, max-snippet:-1, max-image-preview:large, max-video-preview:-1\" \/>\n<link rel=\"canonical\" href=\"https:\/\/www.eliassen.nl\/de\/zahnraduhr-rund-kupferfarben-46cm-orbio\/\" \/>\n<meta property=\"og:locale\" content=\"de_DE\" \/>\n<meta property=\"og:type\" content=\"article\" \/>\n<meta property=\"og:title\" content=\"Waren Zahnraduhr rund kupferfarben 46cm Orbio - Eliassen.nl\" \/>\n<meta property=\"og:description\" content=\"Zahnrad-Uhren? Kommen Sie vorbei und sehen Sie sich unsere gesamte Kollektion live an !!!\" \/>\n<meta property=\"og:url\" content=\"https:\/\/www.eliassen.nl\/de\/zahnraduhr-rund-kupferfarben-46cm-orbio\/\" \/>\n<meta property=\"og:site_name\" content=\"Eliassen.nl\" \/>\n<meta property=\"article:publisher\" content=\"https:\/\/www.facebook.com\/TuincentrumEliassenAmmerzoden\" \/>\n<meta property=\"article:modified_time\" content=\"2025-10-21T14:24:05+00:00\" \/>\n<meta property=\"og:image\" content=\"https:\/\/www.eliassen.nl\/wp-content\/uploads\/2024\/11\/tandwielklokorbioeliassennlg6188927.jpg\" \/>\n\t<meta property=\"og:image:width\" content=\"480\" \/>\n\t<meta property=\"og:image:height\" content=\"507\" \/>\n\t<meta property=\"og:image:type\" content=\"image\/jpeg\" \/>\n<meta name=\"twitter:card\" content=\"summary_large_image\" \/>\n<script type=\"application\/ld+json\" class=\"yoast-schema-graph\">{\"@context\":\"https:\/\/schema.org\",\"@graph\":[{\"@type\":\"WebPage\",\"@id\":\"https:\/\/www.eliassen.nl\/de\/zahnraduhr-rund-kupferfarben-46cm-orbio\/\",\"url\":\"https:\/\/www.eliassen.nl\/de\/zahnraduhr-rund-kupferfarben-46cm-orbio\/\",\"name\":\"Zahnraduhr rund kupferfarben 46cm Orbio\",\"isPartOf\":{\"@id\":\"https:\/\/www.eliassen.nl\/de\/#website\"},\"primaryImageOfPage\":{\"@id\":\"https:\/\/www.eliassen.nl\/de\/zahnraduhr-rund-kupferfarben-46cm-orbio\/#primaryimage\"},\"image\":{\"@id\":\"https:\/\/www.eliassen.nl\/de\/zahnraduhr-rund-kupferfarben-46cm-orbio\/#primaryimage\"},\"thumbnailUrl\":\"https:\/\/www.eliassen.nl\/wp-content\/uploads\/2024\/11\/tandwielklokorbioeliassennlg6188927.jpg\",\"datePublished\":\"2024-10-04T19:15:35+00:00\",\"dateModified\":\"2025-10-21T14:24:05+00:00\",\"description\":\"Zahnrad-Uhren? Kommen Sie vorbei und sehen Sie sich unsere gesamte Kollektion live an !!!\",\"breadcrumb\":{\"@id\":\"https:\/\/www.eliassen.nl\/de\/zahnraduhr-rund-kupferfarben-46cm-orbio\/#breadcrumb\"},\"inLanguage\":\"de\",\"potentialAction\":[{\"@type\":\"ReadAction\",\"target\":[\"https:\/\/www.eliassen.nl\/de\/zahnraduhr-rund-kupferfarben-46cm-orbio\/\"]}]},{\"@type\":\"ImageObject\",\"inLanguage\":\"de\",\"@id\":\"https:\/\/www.eliassen.nl\/de\/zahnraduhr-rund-kupferfarben-46cm-orbio\/#primaryimage\",\"url\":\"https:\/\/www.eliassen.nl\/wp-content\/uploads\/2024\/11\/tandwielklokorbioeliassennlg6188927.jpg\",\"contentUrl\":\"https:\/\/www.eliassen.nl\/wp-content\/uploads\/2024\/11\/tandwielklokorbioeliassennlg6188927.jpg\",\"width\":480,\"height\":507,\"caption\":\"Zahnraduhr Orbio Eliassen.nl G6188927\"},{\"@type\":\"BreadcrumbList\",\"@id\":\"https:\/\/www.eliassen.nl\/de\/zahnraduhr-rund-kupferfarben-46cm-orbio\/#breadcrumb\",\"itemListElement\":[{\"@type\":\"ListItem\",\"position\":1,\"name\":\"Home\",\"item\":\"https:\/\/www.eliassen.nl\/de\/\"},{\"@type\":\"ListItem\",\"position\":2,\"name\":\"Shop\",\"item\":\"https:\/\/www.eliassen.nl\/de\/shop\/\"},{\"@type\":\"ListItem\",\"position\":3,\"name\":\"Wanddekoration\",\"item\":\"https:\/\/www.eliassen.nl\/de\/wanddekoration\/\"},{\"@type\":\"ListItem\",\"position\":4,\"name\":\"Wanduhren\",\"item\":\"https:\/\/www.eliassen.nl\/de\/wanddekoration\/wanduhren\/\"},{\"@type\":\"ListItem\",\"position\":5,\"name\":\"Zahnraduhr rund kupferfarben 46cm Orbio\"}]},{\"@type\":\"WebSite\",\"@id\":\"https:\/\/www.eliassen.nl\/de\/#website\",\"url\":\"https:\/\/www.eliassen.nl\/de\/\",\"name\":\"Eliassen Home & Garden Pleasure\",\"description\":\"\",\"publisher\":{\"@id\":\"https:\/\/www.eliassen.nl\/de\/#organization\"},\"alternateName\":\"Eliassen.nl\",\"potentialAction\":[{\"@type\":\"SearchAction\",\"target\":{\"@type\":\"EntryPoint\",\"urlTemplate\":\"https:\/\/www.eliassen.nl\/de\/?s={search_term_string}\"},\"query-input\":{\"@type\":\"PropertyValueSpecification\",\"valueRequired\":true,\"valueName\":\"search_term_string\"}}],\"inLanguage\":\"de\"},{\"@type\":[\"Organization\",\"Place\"],\"@id\":\"https:\/\/www.eliassen.nl\/de\/#organization\",\"name\":\"Eliassen Home & Garden Pleasure\",\"url\":\"https:\/\/www.eliassen.nl\/de\/\",\"logo\":{\"@id\":\"https:\/\/www.eliassen.nl\/de\/zahnraduhr-rund-kupferfarben-46cm-orbio\/#local-main-organization-logo\"},\"image\":{\"@id\":\"https:\/\/www.eliassen.nl\/de\/zahnraduhr-rund-kupferfarben-46cm-orbio\/#local-main-organization-logo\"},\"sameAs\":[\"https:\/\/www.facebook.com\/TuincentrumEliassenAmmerzoden\",\"https:\/\/www.instagram.com\/eliassenhomeandgarden\/\",\"https:\/\/nl.pinterest.com\/eliassenhomeandgarden\/\",\"https:\/\/www.youtube.com\/@eliassenhomegardenpleasure4558\"],\"telephone\":[],\"openingHoursSpecification\":[{\"@type\":\"OpeningHoursSpecification\",\"dayOfWeek\":[\"Monday\",\"Tuesday\",\"Wednesday\",\"Thursday\",\"Friday\",\"Saturday\",\"Sunday\"],\"opens\":\"09:00\",\"closes\":\"17:00\"}]},{\"@type\":\"ImageObject\",\"inLanguage\":\"de\",\"@id\":\"https:\/\/www.eliassen.nl\/de\/zahnraduhr-rund-kupferfarben-46cm-orbio\/#local-main-organization-logo\",\"url\":\"https:\/\/www.eliassen.nl\/wp-content\/uploads\/2024\/01\/logo_4nd.jpg\",\"contentUrl\":\"https:\/\/www.eliassen.nl\/wp-content\/uploads\/2024\/01\/logo_4nd.jpg\",\"width\":500,\"height\":500,\"caption\":\"Eliassen Home & Garden Pleasure\"}]}<\/script>\n<meta property=\"product:price:amount\" content=\"79.00\" \/>\n<meta property=\"product:price:currency\" content=\"EUR\" \/>\n<meta property=\"og:availability\" content=\"instock\" \/>\n<meta property=\"product:availability\" content=\"instock\" \/>\n<meta property=\"product:retailer_item_id\" content=\"g6188927\" \/>\n<meta property=\"product:condition\" content=\"new\" \/>\n<!-- \/ Yoast SEO Premium plugin. -->","yoast_head_json":{"title":"Zahnraduhr rund kupferfarben 46cm Orbio","description":"Zahnrad-Uhren? Kommen Sie vorbei und sehen Sie sich unsere gesamte Kollektion live an !!!","robots":{"index":"index","follow":"follow","max-snippet":"max-snippet:-1","max-image-preview":"max-image-preview:large","max-video-preview":"max-video-preview:-1"},"canonical":"https:\/\/www.eliassen.nl\/de\/zahnraduhr-rund-kupferfarben-46cm-orbio\/","og_locale":"de_DE","og_type":"article","og_title":"Waren Zahnraduhr rund kupferfarben 46cm Orbio - Eliassen.nl","og_description":"Zahnrad-Uhren? Kommen Sie vorbei und sehen Sie sich unsere gesamte Kollektion live an !!!","og_url":"https:\/\/www.eliassen.nl\/de\/zahnraduhr-rund-kupferfarben-46cm-orbio\/","og_site_name":"Eliassen.nl","article_publisher":"https:\/\/www.facebook.com\/TuincentrumEliassenAmmerzoden","article_modified_time":"2025-10-21T14:24:05+00:00","og_image":[{"width":480,"height":507,"url":"https:\/\/www.eliassen.nl\/wp-content\/uploads\/2024\/11\/tandwielklokorbioeliassennlg6188927.jpg","type":"image\/jpeg"}],"twitter_card":"summary_large_image","schema":{"@context":"https:\/\/schema.org","@graph":[{"@type":"WebPage","@id":"https:\/\/www.eliassen.nl\/de\/zahnraduhr-rund-kupferfarben-46cm-orbio\/","url":"https:\/\/www.eliassen.nl\/de\/zahnraduhr-rund-kupferfarben-46cm-orbio\/","name":"Zahnraduhr rund kupferfarben 46cm Orbio","isPartOf":{"@id":"https:\/\/www.eliassen.nl\/de\/#website"},"primaryImageOfPage":{"@id":"https:\/\/www.eliassen.nl\/de\/zahnraduhr-rund-kupferfarben-46cm-orbio\/#primaryimage"},"image":{"@id":"https:\/\/www.eliassen.nl\/de\/zahnraduhr-rund-kupferfarben-46cm-orbio\/#primaryimage"},"thumbnailUrl":"https:\/\/www.eliassen.nl\/wp-content\/uploads\/2024\/11\/tandwielklokorbioeliassennlg6188927.jpg","datePublished":"2024-10-04T19:15:35+00:00","dateModified":"2025-10-21T14:24:05+00:00","description":"Zahnrad-Uhren? Kommen Sie vorbei und sehen Sie sich unsere gesamte Kollektion live an !!!","breadcrumb":{"@id":"https:\/\/www.eliassen.nl\/de\/zahnraduhr-rund-kupferfarben-46cm-orbio\/#breadcrumb"},"inLanguage":"de","potentialAction":[{"@type":"ReadAction","target":["https:\/\/www.eliassen.nl\/de\/zahnraduhr-rund-kupferfarben-46cm-orbio\/"]}]},{"@type":"ImageObject","inLanguage":"de","@id":"https:\/\/www.eliassen.nl\/de\/zahnraduhr-rund-kupferfarben-46cm-orbio\/#primaryimage","url":"https:\/\/www.eliassen.nl\/wp-content\/uploads\/2024\/11\/tandwielklokorbioeliassennlg6188927.jpg","contentUrl":"https:\/\/www.eliassen.nl\/wp-content\/uploads\/2024\/11\/tandwielklokorbioeliassennlg6188927.jpg","width":480,"height":507,"caption":"Zahnraduhr Orbio Eliassen.nl G6188927"},{"@type":"BreadcrumbList","@id":"https:\/\/www.eliassen.nl\/de\/zahnraduhr-rund-kupferfarben-46cm-orbio\/#breadcrumb","itemListElement":[{"@type":"ListItem","position":1,"name":"Home","item":"https:\/\/www.eliassen.nl\/de\/"},{"@type":"ListItem","position":2,"name":"Shop","item":"https:\/\/www.eliassen.nl\/de\/shop\/"},{"@type":"ListItem","position":3,"name":"Wanddekoration","item":"https:\/\/www.eliassen.nl\/de\/wanddekoration\/"},{"@type":"ListItem","position":4,"name":"Wanduhren","item":"https:\/\/www.eliassen.nl\/de\/wanddekoration\/wanduhren\/"},{"@type":"ListItem","position":5,"name":"Zahnraduhr rund kupferfarben 46cm Orbio"}]},{"@type":"WebSite","@id":"https:\/\/www.eliassen.nl\/de\/#website","url":"https:\/\/www.eliassen.nl\/de\/","name":"Eliassen Home & Garden Pleasure","description":"","publisher":{"@id":"https:\/\/www.eliassen.nl\/de\/#organization"},"alternateName":"Eliassen.nl","potentialAction":[{"@type":"SearchAction","target":{"@type":"EntryPoint","urlTemplate":"https:\/\/www.eliassen.nl\/de\/?s={search_term_string}"},"query-input":{"@type":"PropertyValueSpecification","valueRequired":true,"valueName":"search_term_string"}}],"inLanguage":"de"},{"@type":["Organization","Place"],"@id":"https:\/\/www.eliassen.nl\/de\/#organization","name":"Eliassen Home & Garden Pleasure","url":"https:\/\/www.eliassen.nl\/de\/","logo":{"@id":"https:\/\/www.eliassen.nl\/de\/zahnraduhr-rund-kupferfarben-46cm-orbio\/#local-main-organization-logo"},"image":{"@id":"https:\/\/www.eliassen.nl\/de\/zahnraduhr-rund-kupferfarben-46cm-orbio\/#local-main-organization-logo"},"sameAs":["https:\/\/www.facebook.com\/TuincentrumEliassenAmmerzoden","https:\/\/www.instagram.com\/eliassenhomeandgarden\/","https:\/\/nl.pinterest.com\/eliassenhomeandgarden\/","https:\/\/www.youtube.com\/@eliassenhomegardenpleasure4558"],"telephone":[],"openingHoursSpecification":[{"@type":"OpeningHoursSpecification","dayOfWeek":["Monday","Tuesday","Wednesday","Thursday","Friday","Saturday","Sunday"],"opens":"09:00","closes":"17:00"}]},{"@type":"ImageObject","inLanguage":"de","@id":"https:\/\/www.eliassen.nl\/de\/zahnraduhr-rund-kupferfarben-46cm-orbio\/#local-main-organization-logo","url":"https:\/\/www.eliassen.nl\/wp-content\/uploads\/2024\/01\/logo_4nd.jpg","contentUrl":"https:\/\/www.eliassen.nl\/wp-content\/uploads\/2024\/01\/logo_4nd.jpg","width":500,"height":500,"caption":"Eliassen Home & Garden Pleasure"}]},"product_price_amount":"79.00","product_price_currency":"EUR","og_availability":"instock","product_availability":"instock","product_retailer_item_id":"g6188927","product_condition":"new"},"df_price":79,"df_sale_price":"","df_regular_price":79,"df_image_link":"https:\/\/www.eliassen.nl\/wp-content\/uploads\/2024\/11\/tandwielklokorbioeliassennlg6188927.jpg","image":"https:\/\/www.eliassen.nl\/wp-content\/uploads\/2024\/11\/tandwielklokorbioeliassennlg6188927.jpg","price_search":"<span class=\"woocommerce-Price-amount amount\"><bdi><span class=\"woocommerce-Price-currencySymbol\">&euro;<\/span>&nbsp;79,00<\/bdi><\/span>","category":"Wanddekoration","global_unique_id":"8719716188927","_links":{"self":[{"href":"https:\/\/www.eliassen.nl\/de\/wp-json\/wp\/v2\/product\/165343","targetHints":{"allow":["GET"]}}],"collection":[{"href":"https:\/\/www.eliassen.nl\/de\/wp-json\/wp\/v2\/product"}],"about":[{"href":"https:\/\/www.eliassen.nl\/de\/wp-json\/wp\/v2\/types\/product"}],"wp:featuredmedia":[{"embeddable":true,"href":"https:\/\/www.eliassen.nl\/de\/wp-json\/wp\/v2\/media\/165340"}],"wp:attachment":[{"href":"https:\/\/www.eliassen.nl\/de\/wp-json\/wp\/v2\/media?parent=165343"}],"wp:term":[{"taxonomy":"product_brand","embeddable":true,"href":"https:\/\/www.eliassen.nl\/de\/wp-json\/wp\/v2\/product_brand?post=165343"},{"taxonomy":"product_cat","embeddable":true,"href":"https:\/\/www.eliassen.nl\/de\/wp-json\/wp\/v2\/product_cat?post=165343"},{"taxonomy":"product_tag","embeddable":true,"href":"https:\/\/www.eliassen.nl\/de\/wp-json\/wp\/v2\/product_tag?post=165343"}],"curies":[{"name":"wp","href":"https:\/\/api.w.org\/{rel}","templated":true}]}}